{"id":939,"date":"2024-12-19T03:39:00","date_gmt":"2024-12-19T03:39:00","guid":{"rendered":"https:\/\/fmp-components.com\/product\/10019-effective-double-acting-stainless-steel-hydraulic-cylinder\/"},"modified":"2024-12-19T09:02:51","modified_gmt":"2024-12-19T09:02:51","slug":"10019-effective-double-acting-stainless-steel-hydraulic-cylinder","status":"publish","type":"product","link":"https:\/\/fmp-components.com\/sl\/product\/10019-effective-double-acting-stainless-steel-hydraulic-cylinder\/","title":{"rendered":"10019 U\u010dinkovit dvostranski hidravli\u010dni cilinder iz nerjave\u010dega jekla"},"content":{"rendered":"<p>Hidravli\u010dni cilinder 10019 z dvojnim delovanjem iz nerjave\u010dega jekla je zasnovan za vrhunsko zmogljivost in vzdr\u017eljivost v zahtevnih okoljih. Ta hidravli\u010dni cilinder zdru\u017euje napredno in\u017eenirstvo z visokokakovostnimi materiali, zaradi \u010desar je bistvena komponenta za razli\u010dne industrijske in kmetijske aplikacije.<\/p>\n<h4>Klju\u010dne lastnosti:<\/h4>\n<ul>\n<li><strong>Dvojno delujo\u010da zasnova:<\/strong><br \/>\nDvostransko delujo\u010di mehanizem omogo\u010da u\u010dinkovito delovanje tako pri iztegovanju kot pri umikanju, kar zagotavlja gladko in nadzorovano gibanje. To pove\u010da natan\u010dnost pri nalogah, kot so dvigovanje, potiskanje in vle\u010denje, zaradi \u010desar je idealen za vrsto aplikacij.<\/li>\n<li><strong>Konstrukcija iz nerjave\u010dega jekla:<\/strong><br \/>\nHidravli\u010dni cilinder 10019 je izdelan iz visokokakovostnega nerjave\u010dega jekla in ponuja izjemno odpornost proti koroziji in obrabi. Ta vzdr\u017eljivost zagotavlja zanesljivo delovanje tudi v te\u017ekih pogojih, zaradi \u010desar je primeren za zunanjo in industrijsko uporabo.<\/li>\n<li><strong>Visoka nosilnost:<\/strong><br \/>\nTa hidravli\u010dni cilinder, zasnovan za prena\u0161anje znatnih bremen, zagotavlja zmogljive dvi\u017ene in potisne zmogljivosti. Njegova visoka nosilnost pove\u010duje produktivnost in u\u010dinkovitost pri razli\u010dnih opravilih, od gradbeni\u0161tva do kmetijskih.<\/li>\n<li><strong>Vsestranske uporabe:<\/strong><br \/>\nHidravli\u010dni cilinder 10019 je primeren za \u0161iroko paleto aplikacij, vklju\u010dno z ravnanjem z materiali, kmetijsko mehanizacijo in industrijsko opremo. Zaradi svoje vsestranskosti je dragoceno orodje za strokovnjake v ve\u010d sektorjih.<\/li>\n<li><strong>Kompakten in lahek:<\/strong><br \/>\nKompaktna zasnova cilindra omogo\u010da enostavno namestitev v tesnih prostorih brez ogro\u017eanja zmogljivosti. Zaradi majhne te\u017ee je okreten in primeren za razli\u010dne nastavitve opreme.<\/li>\n<\/ul>\n<p><img decoding=\"async\" class=\"aligncenter\" src=\"https:\/\/hzpt.com\/wp-content\/uploads\/2023\/12\/random-5.webp\" alt=\"\" title=\"\"><\/p>\n<h4>Tehni\u010dne specifikacije:<\/h4>\n<table style=\"width: 87.8571%; height: 189px;\">\n<thead>\n<tr>\n<th>Specifikacija<\/th>\n<th>Opis<\/th>\n<\/tr>\n<\/thead>\n<tbody>\n<tr>\n<td><strong>Velikost izvrtine<\/strong><\/td>\n<td>Prilagodljivo<\/td>\n<\/tr>\n<tr>\n<td><strong>Dol\u017eina giba<\/strong><\/td>\n<td>Na voljo so razli\u010dne mo\u017enosti<\/td>\n<\/tr>\n<tr>\n<td><strong>Najve\u010dji tlak<\/strong><\/td>\n<td>Do 3000 PSI<\/td>\n<\/tr>\n<tr>\n<td><strong>Material<\/strong><\/td>\n<td>Visokokakovostno nerjave\u010de jeklo<\/td>\n<\/tr>\n<tr>\n<td><strong>Vrsta povezave<\/strong><\/td>\n<td>Prirobni\u010dni ali navojni<\/td>\n<\/tr>\n<\/tbody>\n<\/table>\n<h4>Na\u010delo delovanja:<\/h4>\n<p>Dvosmerno delujo\u010di hidravli\u010dni cilinder iz nerjave\u010dega jekla 10019 deluje na principu tlaka hidravli\u010dne teko\u010dine. Ko se hidravli\u010dna teko\u010dina \u010drpa v valj, deluje na bat in ustvarja linearno gibanje v obe smeri. Ta u\u010dinkovit prenos mo\u010di omogo\u010da natan\u010den nadzor nad razli\u010dnimi nalogami in pove\u010duje operativno u\u010dinkovitost.<\/p>\n<p>Skratka, u\u010dinkoviti dvosmerno delujo\u010di hidravli\u010dni cilinder iz nerjave\u010dega jekla 10019 je zanesljiva in u\u010dinkovita re\u0161itev za zahtevne aplikacije. Zaradi svoje trpe\u017ene konstrukcije, visoke nosilnosti in vsestranskosti je bistveno orodje za strokovnjake, ki \u017eelijo izbolj\u0161ati produktivnost in u\u010dinkovitost pri svojem delu.<\/p>\n<p><img decoding=\"async\" src=\"https:\/\/hzpt.com\/wp-content\/uploads\/2023\/12\/random-1.webp?v=1694163707\" alt=\"\" title=\"\"><\/p>\n<h2>Prednosti varjenega cilindra tipa T<\/h2>\n<ul>\n<li style=\"list-style-type: none;\">\n<ul>\n<li><strong>Pove\u010dana mo\u010d:<\/strong> Varjeni cilindri tipa T so znani po svoji visoki trdnosti, zaradi \u010desar so primerni za aplikacije, ki zahtevajo dvigovanje te\u017ekih bremen. Postopek varjenja, ki se uporablja med izdelavo teh cilindrov, zagotavlja, da je cilinder brez \u0161ibkih to\u010dk in lahko prenese visok tlak in obremenitve.<\/li>\n<\/ul>\n<\/li>\n<\/ul>\n<p>Ko se na valj izvaja pritisk, se ta enakomerno porazdeli po celotni povr\u0161ini, zaradi \u010desar je odporen na deformacije. Ta lastnost zagotavlja, da valj ohrani svojo obliko in strukturno celovitost tudi v ekstremnih pogojih.<\/p>\n<ul>\n<li style=\"list-style-type: none;\">\n<ul>\n<li><strong>Prepre\u010devanje pu\u0161\u010danja:<\/strong> Varjeni cilindri s T-kosom so zasnovani tako, da prepre\u010dujejo pu\u0161\u010danje. Postopek varjenja, ki se uporablja med izdelavo, zagotavlja, da je valj popolnoma zatesnjen in brez morebitnih pu\u0161\u010danj. Zaradi te lastnosti so primerni za uporabo v aplikacijah, kjer bi pu\u0161\u010danje lahko povzro\u010dilo resno \u0161kodo ali po\u0161kodbe.<\/li>\n<\/ul>\n<\/li>\n<\/ul>\n<p>Varjeni spoji so gladki, brez razpok ali utorov, kjer se lahko nabirajo ostanki ali umazanija, kar zmanj\u0161uje tveganje korozije in po\u0161kodb jeklenke.<\/p>\n<ul>\n<li style=\"list-style-type: none;\">\n<ul>\n<li><strong>Prilagodljivo:<\/strong> Varjene cilindre s T-kosom je mogo\u010de prilagoditi specifi\u010dnim aplikacijam. Cilindri so na voljo v razli\u010dnih velikostih in oblikah ter jih je mogo\u010de izdelati tako, da ustrezajo specifi\u010dnim zahtevam aplikacije.<\/li>\n<\/ul>\n<\/li>\n<\/ul>\n<p>Postopek prilagajanja omogo\u010da optimizacijo delovanja cilindra in zagotavlja, da je primeren za predvideno uporabo. Zaradi te lastnosti so varjeni cilindri s T-kosom idealni za uporabo v razli\u010dnih industrijskih aplikacijah, vklju\u010dno z gradbeni\u0161tvom, rudarstvom in ravnanjem z materiali.<\/p>\n<ul>\n<li style=\"list-style-type: none;\">\n<ul>\n<li><strong>Stro\u0161kovno u\u010dinkovito:<\/strong> Varjeni valji tipa T so stro\u0161kovno u\u010dinkovitej\u0161i v primerjavi z drugimi vrstami valjev. Postopek izdelave teh valjev je preprost, zaradi \u010desar so cenej\u0161i od drugih vrst valjev.<\/li>\n<\/ul>\n<\/li>\n<\/ul>\n<p>Poleg tega visoka trdnost in vzdr\u017eljivost varjenih valjev tipa T zmanj\u0161ujeta potrebo po pogostih popravilih in zamenjavah, kar prihrani stro\u0161ke vzdr\u017eevanja. Zaradi te lastnosti so priljubljena izbira za \u0161tevilne panoge, zlasti tiste z omejenim prora\u010dunom.<\/p>\n<ul>\n<li style=\"list-style-type: none;\">\n<ul>\n<li><strong>Pove\u010dana u\u010dinkovitost:<\/strong> Varjeni cilindri tipa T so zelo u\u010dinkoviti in uspe\u0161ni. Zasnova cilindra zagotavlja, da se uporabljena sila prenese neposredno na obremenitev, kar zmanj\u0161a izgubo energije in pove\u010da u\u010dinkovitost.<\/li>\n<\/ul>\n<\/li>\n<\/ul>\n<p>Varjeni spoji so mo\u010dni in togi, kar zmanj\u0161uje upogib in zagotavlja, da valj ohrani svojo obliko in strukturno celovitost tudi v ekstremnih pogojih. Zaradi te lastnosti so varjeni valji tipa T idealni za uporabo v aplikacijah, ki zahtevajo visoko u\u010dinkovitost in zanesljivost.<\/p>\n<p><img loading=\"lazy\" decoding=\"async\" class=\"size-full wp-image-977 aligncenter\" src=\"https:\/\/fmp-components.com\/wp-content\/uploads\/2024\/12\/Welded-Tee-Type-Cylinder3.webp\" alt=\"Varjeni valj tipa T\" width=\"653\" height=\"600\" title=\"\" srcset=\"https:\/\/fmp-components.com\/wp-content\/uploads\/2024\/12\/Welded-Tee-Type-Cylinder3.webp 653w, https:\/\/fmp-components.com\/wp-content\/uploads\/2024\/12\/Welded-Tee-Type-Cylinder3-480x441.webp 480w\" sizes=\"(min-width: 0px) and (max-width: 480px) 480px, (min-width: 481px) 653px, 100vw\" \/><\/p>\n<h2>Uporaba varjenega valja tipa T<\/h2>\n<h3>Uvod<\/h3>\n<p>Varjeni T-cilinder je vrsta hidravli\u010dnega cilindra, ki se pogosto uporablja v industrijskih aplikacijah. Zasnovan je tako, da zagotavlja visoko izhodno silo v kompaktnem in stro\u0161kovno u\u010dinkovitem ohi\u0161ju. Ta tip cilindra je sestavljen iz varjenega T-kosa in batne palice, ki je pritrjena na T-kos. T-kos je povezan z valjem cilindra in vsebuje bat, ki se premika naprej in nazaj znotraj cilindra, da ustvari silo.<\/p>\n<h3>Prednosti varjenega cilindra tipa T<\/h3>\n<p>Uporaba varjenega cilindra tipa T v industrijskih aplikacijah ima ve\u010d prednosti:<\/p>\n<ul>\n<li><b>Kompaktna zasnova:<\/b> Varjeni cilindri s T-kosom so zasnovani tako, da so kompaktni, zaradi \u010desar so idealni za uporabo v aplikacijah z omejenim prostorom.<\/li>\n<li><b>Visoka u\u010dinkovitost:<\/b> Varjeni cilindri s T-priklju\u010dkom so zelo u\u010dinkoviti, kar pomeni, da lahko ustvarijo veliko silo z minimalnim vnosom energije.<\/li>\n<li><b>Trpe\u017eno:<\/b> Varjeni cilindri s T-kosom so zasnovani tako, da so zelo vzdr\u017eljivi, kar pomeni, da lahko prenesejo te\u017eke obratovalne pogoje in trajajo dolgo \u010dasa.<\/li>\n<li><b>Stro\u0161kovno u\u010dinkovito:<\/b> Varjeni cilindri tipa T so stro\u0161kovno u\u010dinkoviti, kar pomeni, da zagotavljajo dobro razmerje med ceno in kakovostjo.<\/li>\n<\/ul>\n<h3>Uporaba varjenega valja tipa T<\/h3>\n<p>Varjeni cilindri tipa T se uporabljajo v \u0161tevilnih panogah, vklju\u010dno z:<\/p>\n<ul>\n<li><b>Proizvodnja:<\/b> Varjeni cilindri tipa T se uporabljajo v proizvodnji za upravljanje strojev, premikanje te\u017ekih bremen in oblikovanje kovinskih delov.<\/li>\n<li><b>Kmetijstvo:<\/b> Varjeni cilindri s T-konektorjem se uporabljajo v kmetijstvu za upravljanje hidravli\u010dnih sistemov na traktorjih, kombajnih in drugi kmetijski opremi.<\/li>\n<li><b>Gradnja:<\/b> Varjeni cilindri s T-kosom se uporabljajo v gradbeni\u0161tvu za upravljanje strojev, kot so \u017eerjavi, bagri in nakladalniki.<\/li>\n<li><b>Rudarstvo:<\/b> Varjeni cilindri s T-kosom se uporabljajo v rudarstvu za upravljanje hidravli\u010dnih sistemov na te\u017eki opremi, kot so buldo\u017eerji, nakladalci in vrtalniki za skale.<\/li>\n<li><b>Prevoz:<\/b> Varjeni cilindri s T-kosom se uporabljajo v transportu za upravljanje hidravli\u010dnih sistemov na tovornjakih, avtobusih in drugih vozilih.<\/li>\n<\/ul>\n<p>Skratka, varjeni cilindri s T-kosom so pomemben sestavni del v \u0161tevilnih industrijskih aplikacijah. Zasnovani so tako, da so kompaktni, u\u010dinkoviti, vzdr\u017eljivi in \u200b\u200bstro\u0161kovno u\u010dinkoviti, zaradi \u010desar so idealna izbira za \u0161irok spekter uporabe. Ne glede na to, ali upravljate stroje v proizvodnem obratu, kmetijsko opremo na kmetiji ali te\u017eko opremo v rudniku, vam lahko varjeni cilindri s T-kosom pomagajo pri u\u010dinkovitem in uspe\u0161nem opravljanju dela.<\/p>\n<p><img loading=\"lazy\" decoding=\"async\" class=\"size-full wp-image-974 aligncenter\" src=\"https:\/\/fmp-components.com\/wp-content\/uploads\/2024\/12\/application-of-Welded-Tee-Type-Cylinder.webp\" alt=\"uporaba varjenega valja s T-kosom\" width=\"760\" height=\"860\" title=\"\" srcset=\"https:\/\/fmp-components.com\/wp-content\/uploads\/2024\/12\/application-of-Welded-Tee-Type-Cylinder.webp 760w, https:\/\/fmp-components.com\/wp-content\/uploads\/2024\/12\/application-of-Welded-Tee-Type-Cylinder-480x543.webp 480w\" sizes=\"(min-width: 0px) and (max-width: 480px) 480px, (min-width: 481px) 760px, 100vw\" \/><\/p>\n<h3>O FMP-ju<\/h3>\n<p>FMP, z ve\u010d kot 30-letno tradicijo v Italiji, je vodilni proizvajalec in dobavitelj hidravli\u010dnih cilindrov. Opremljeni smo z ve\u010d kot 100 naprednimi stroji, vklju\u010dno z avtomatskimi varilnimi stroji v za\u0161\u010ditni plinski atmosferi, stroji za globoko vrtanje in CNC stru\u017enicami, s \u010dimer zagotavljamo natan\u010dnost in u\u010dinkovitost na\u0161ega proizvodnega procesa. Na\u0161a zavezanost kakovosti se odra\u017ea v strogih postopkih obdelave in pregledovanja, kar zagotavlja vrhunske izdelke za na\u0161e cenjene stranke.<\/p>\n<p><strong>1) Storitev oblikovanja:<\/strong> Na\u0161a izku\u0161ena ekipa oblikovalcev je specializirana za na\u010drtovanje in razvoj izdelkov za univerzalne gredi. Ne glede na to, ali potrebujete nove izdelke ali izbolj\u0161ave obstoje\u010dih, smo tukaj, da vam pomagamo.<\/p>\n<p><strong>2) Storitev za izdelke:<\/strong> Od surovin do rezanja, grobe obdelave, testiranja, \u010di\u0161\u010denja, monta\u017ee, pakiranja in transporta nadzorujemo vsak korak, da zagotovimo izpolnjevanje najvi\u0161jih standardov kakovosti.<\/p>\n<p><strong>3) Postopek vzor\u010denja:<\/strong> Ponujamo razvoj vzorcev glede na va\u0161e specifi\u010dne zahteve. Na\u0161a predana ekipa nenehno spreminja vzorce, da ustrezajo va\u0161im potrebam, kar zagotavlja odli\u010dnost izdelkov.<\/p>\n<p><strong>4) Raziskave in razvoj:<\/strong> Medtem ko se trg razvija, ostajamo v ospredju inovacij. Preu\u010dujemo nove tr\u017ene zahteve in razvijamo nove modele, da bi zadostili nenehno spreminjajo\u010dim se potrebam na\u0161ih strank.<\/p>\n<p><strong>5) Prilagoditev:<\/strong> Pri FMP razumemo, da je vsaka stranka edinstvena. Ponujamo hidravli\u010dne cilindre po meri, prilagojene va\u0161im natan\u010dnim specifikacijam, kar zagotavlja optimalno delovanje in zadovoljstvo strank.<\/p>\n<p><img decoding=\"async\" src=\"https:\/\/fmp-components.com\/wp-content\/uploads\/2024\/12\/fmp-factory-4.webp\" alt=\"Tovarna FMP\" width=\"800\" title=\"\"><br \/>\nAvtor: CX<\/p>","protected":false},"excerpt":{"rendered":"<p>The 10019 Effective Double Acting Stainless Steel Hydraulic Cylinder is designed for superior performance and durability in demanding environments. This hydraulic cylinder combines advanced engineering with high-quality materials, making it an essential component for various industrial and agricultural applications. Key Features: Double Acting Design: The double acting mechanism allows for efficient operation in both extension [&hellip;]<\/p>","protected":false},"featured_media":1132,"comment_status":"closed","ping_status":"closed","template":"","meta":{"_et_pb_use_builder":"","_et_pb_old_content":"","_et_gb_content_width":""},"product_brand":[],"product_cat":[31],"product_tag":[34,35],"class_list":{"0":"post-939","1":"product","2":"type-product","3":"status-publish","4":"has-post-thumbnail","6":"product_cat-welded-tee-type-cylinder","7":"product_tag-hydraulic-cylinder","8":"product_tag-welded-tee-type-cylinder","10":"first","11":"instock","12":"product-type-simple"},"_links":{"self":[{"href":"https:\/\/fmp-components.com\/sl\/wp-json\/wp\/v2\/product\/939","targetHints":{"allow":["GET"]}}],"collection":[{"href":"https:\/\/fmp-components.com\/sl\/wp-json\/wp\/v2\/product"}],"about":[{"href":"https:\/\/fmp-components.com\/sl\/wp-json\/wp\/v2\/types\/product"}],"replies":[{"embeddable":true,"href":"https:\/\/fmp-components.com\/sl\/wp-json\/wp\/v2\/comments?post=939"}],"wp:featuredmedia":[{"embeddable":true,"href":"https:\/\/fmp-components.com\/sl\/wp-json\/wp\/v2\/media\/1132"}],"wp:attachment":[{"href":"https:\/\/fmp-components.com\/sl\/wp-json\/wp\/v2\/media?parent=939"}],"wp:term":[{"taxonomy":"product_brand","embeddable":true,"href":"https:\/\/fmp-components.com\/sl\/wp-json\/wp\/v2\/product_brand?post=939"},{"taxonomy":"product_cat","embeddable":true,"href":"https:\/\/fmp-components.com\/sl\/wp-json\/wp\/v2\/product_cat?post=939"},{"taxonomy":"product_tag","embeddable":true,"href":"https:\/\/fmp-components.com\/sl\/wp-json\/wp\/v2\/product_tag?post=939"}],"curies":[{"name":"delovni list","href":"https:\/\/api.w.org\/{rel}","templated":true}]}}