{"id":938,"date":"2024-12-19T03:39:00","date_gmt":"2024-12-19T03:39:00","guid":{"rendered":"https:\/\/fmp-components.com\/product\/10018-professional-20-ton-mini-double-acting-hydraulic-cylinders\/"},"modified":"2024-12-19T09:03:31","modified_gmt":"2024-12-19T09:03:31","slug":"10018-professional-20-ton-mini-double-acting-hydraulic-cylinders","status":"publish","type":"product","link":"https:\/\/fmp-components.com\/sl\/product\/10018-professional-20-ton-mini-double-acting-hydraulic-cylinders\/","title":{"rendered":"10018 Profesionalni 20-tonski mini dvosmerno delujo\u010di hidravli\u010dni cilindri"},"content":{"rendered":"<p>Profesionalni 20-tonski mini dvosmerni hidravli\u010dni cilindri 10018 so zasnovani za visoko zmogljivost in zanesljivost v kompaktni zasnovi. Ti hidravli\u010dni cilindri so idealni za razli\u010dne industrijske in kmetijske aplikacije, saj zagotavljajo zmogljive dvi\u017ene zmogljivosti, hkrati pa ohranjajo prostorsko u\u010dinkovito zasedbo.<\/p>\n<p><img loading=\"lazy\" decoding=\"async\" class=\"size-full wp-image-977 aligncenter\" src=\"https:\/\/fmp-components.com\/wp-content\/uploads\/2024\/12\/Welded-Tee-Type-Cylinder3.webp\" alt=\"Varjeni valj tipa T\" width=\"653\" height=\"600\" title=\"\" srcset=\"https:\/\/fmp-components.com\/wp-content\/uploads\/2024\/12\/Welded-Tee-Type-Cylinder3.webp 653w, https:\/\/fmp-components.com\/wp-content\/uploads\/2024\/12\/Welded-Tee-Type-Cylinder3-480x441.webp 480w\" sizes=\"(min-width: 0px) and (max-width: 480px) 480px, (min-width: 481px) 653px, 100vw\" \/><\/p>\n<h4>Klju\u010dne lastnosti:<\/h4>\n<ul>\n<li><strong>Nosilnost 20 ton:<\/strong><br \/>\nHidravli\u010dni cilindri 10018, zasnovani za obremenitev do 20 ton, zagotavljajo izjemno mo\u010d in zmogljivost, zaradi \u010desar so primerni za te\u017eka opravila v razli\u010dnih okoljih.<\/li>\n<li><strong>Dvojno delujo\u010da zasnova:<\/strong><br \/>\nDvostransko delujo\u010di mehanizem omogo\u010da u\u010dinkovito delovanje tako pri iztegovanju kot pri umikanju, kar zagotavlja gladko in nadzorovano gibanje. Ta lastnost pove\u010duje natan\u010dnost pri aplikacijah, kot so dvigovanje, potiskanje in vle\u010denje.<\/li>\n<li><strong>Kompaktna velikost:<\/strong><br \/>\nZaradi miniaturne zasnove teh hidravli\u010dnih cilindrov se lahko prilegajo v tesne prostore, kjer bi bili ve\u010dji cilindri neprakti\u010dni. Njihova kompaktnost ne vpliva na mo\u010d, zaradi \u010desar so vsestranski za vrsto uporab.<\/li>\n<li><strong>Trpe\u017ena konstrukcija:<\/strong><br \/>\nHidravli\u010dni cilindri 10018 so izdelani iz visokokakovostnih materialov in zasnovani tako, da prenesejo te\u017eke pogoje in so odporni proti obrabi. Njihova robustna konstrukcija zagotavlja dolgo \u017eivljenjsko dobo in zanesljivost tudi pri zahtevnih delovnih obremenitvah.<\/li>\n<li><strong>Vsestranske uporabe:<\/strong><br \/>\nTi hidravli\u010dni cilindri so primerni za razli\u010dne aplikacije, vklju\u010dno z avtomobilskimi popravili, gradbeni\u0161tvom in kmetijsko opremo. Zaradi svoje vsestranskosti so neprecenljivo orodje za strokovnjake v razli\u010dnih panogah.<\/li>\n<\/ul>\n<h4>Tehni\u010dne specifikacije:<\/h4>\n<table style=\"width: 98.7273%; height: 271px;\">\n<thead>\n<tr>\n<th>Specifikacija<\/th>\n<th>Opis<\/th>\n<\/tr>\n<\/thead>\n<tbody>\n<tr>\n<td><strong>Nosilnost<\/strong><\/td>\n<td>20 ton<\/td>\n<\/tr>\n<tr>\n<td><strong>Velikost izvrtine<\/strong><\/td>\n<td>Prilagodljivo<\/td>\n<\/tr>\n<tr>\n<td><strong>Dol\u017eina giba<\/strong><\/td>\n<td>Na voljo so razli\u010dne mo\u017enosti<\/td>\n<\/tr>\n<tr>\n<td><strong>Najve\u010dji tlak<\/strong><\/td>\n<td>Do 3000 PSI<\/td>\n<\/tr>\n<tr>\n<td><strong>Material<\/strong><\/td>\n<td>Visokokakovostno jeklo ali aluminij<\/td>\n<\/tr>\n<tr>\n<td><strong>Vrsta povezave<\/strong><\/td>\n<td>Prirobni\u010dni ali navojni<\/td>\n<\/tr>\n<\/tbody>\n<\/table>\n<h4>Na\u010delo delovanja:<\/h4>\n<p>Dvosmerno delujo\u010di mini hidravli\u010dni cilindri 10018 delujejo na principu tlaka hidravli\u010dne teko\u010dine. Ko se hidravli\u010dna teko\u010dina \u010drpa v valj, deluje na bat in ustvarja linearno gibanje v obe smeri. Ta u\u010dinkovit prenos mo\u010di omogo\u010da natan\u010den nadzor nad razli\u010dnimi nalogami dvigovanja in premikanja.<\/p>\n<p>Skratka, 10018 Professional 20-tonski mini dvosmerni hidravli\u010dni cilindri ponujajo zanesljivo in zmogljivo re\u0161itev za zahtevne aplikacije. Zaradi robustne konstrukcije, kompaktne zasnove in visoke nosilnosti so bistveno orodje za strokovnjake, ki i\u0161\u010dejo u\u010dinkovitost in zmogljivost pri svojih hidravli\u010dnih operacijah.<\/p>\n<p><img loading=\"lazy\" decoding=\"async\" class=\"size-full wp-image-976 aligncenter\" src=\"https:\/\/fmp-components.com\/wp-content\/uploads\/2024\/12\/Welded-Tee-Type-Cylinder2.webp\" alt=\"Varjeni valj tipa T\" width=\"764\" height=\"675\" title=\"\" srcset=\"https:\/\/fmp-components.com\/wp-content\/uploads\/2024\/12\/Welded-Tee-Type-Cylinder2.webp 764w, https:\/\/fmp-components.com\/wp-content\/uploads\/2024\/12\/Welded-Tee-Type-Cylinder2-480x424.webp 480w\" sizes=\"(min-width: 0px) and (max-width: 480px) 480px, (min-width: 481px) 764px, 100vw\" \/><\/p>\n<h2>Prednosti varjenega cilindra tipa T<\/h2>\n<ul>\n<li style=\"list-style-type: none;\">\n<ul>\n<li><strong>Pove\u010dana mo\u010d:<\/strong> Varjeni cilindri tipa T so znani po svoji visoki trdnosti, zaradi \u010desar so primerni za aplikacije, ki zahtevajo dvigovanje te\u017ekih bremen. Postopek varjenja, ki se uporablja med izdelavo teh cilindrov, zagotavlja, da je cilinder brez \u0161ibkih to\u010dk in lahko prenese visok tlak in obremenitve.<\/li>\n<\/ul>\n<\/li>\n<\/ul>\n<p>Ko se na valj izvaja pritisk, se ta enakomerno porazdeli po celotni povr\u0161ini, zaradi \u010desar je odporen na deformacije. Ta lastnost zagotavlja, da valj ohrani svojo obliko in strukturno celovitost tudi v ekstremnih pogojih.<\/p>\n<ul>\n<li style=\"list-style-type: none;\">\n<ul>\n<li><strong>Prepre\u010devanje pu\u0161\u010danja:<\/strong> Varjeni cilindri s T-kosom so zasnovani tako, da prepre\u010dujejo pu\u0161\u010danje. Postopek varjenja, ki se uporablja med izdelavo, zagotavlja, da je valj popolnoma zatesnjen in brez morebitnih pu\u0161\u010danj. Zaradi te lastnosti so primerni za uporabo v aplikacijah, kjer bi pu\u0161\u010danje lahko povzro\u010dilo resno \u0161kodo ali po\u0161kodbe.<\/li>\n<\/ul>\n<\/li>\n<\/ul>\n<p>Varjeni spoji so gladki, brez razpok ali utorov, kjer se lahko nabirajo ostanki ali umazanija, kar zmanj\u0161uje tveganje korozije in po\u0161kodb jeklenke.<\/p>\n<ul>\n<li style=\"list-style-type: none;\">\n<ul>\n<li><strong>Prilagodljivo:<\/strong> Varjene cilindre s T-kosom je mogo\u010de prilagoditi specifi\u010dnim aplikacijam. Cilindri so na voljo v razli\u010dnih velikostih in oblikah ter jih je mogo\u010de izdelati tako, da ustrezajo specifi\u010dnim zahtevam aplikacije.<\/li>\n<\/ul>\n<\/li>\n<\/ul>\n<p>Postopek prilagajanja omogo\u010da optimizacijo delovanja cilindra in zagotavlja, da je primeren za predvideno uporabo. Zaradi te lastnosti so varjeni cilindri s T-kosom idealni za uporabo v razli\u010dnih industrijskih aplikacijah, vklju\u010dno z gradbeni\u0161tvom, rudarstvom in ravnanjem z materiali.<\/p>\n<ul>\n<li style=\"list-style-type: none;\">\n<ul>\n<li><strong>Stro\u0161kovno u\u010dinkovito:<\/strong> Varjeni valji tipa T so stro\u0161kovno u\u010dinkovitej\u0161i v primerjavi z drugimi vrstami valjev. Postopek izdelave teh valjev je preprost, zaradi \u010desar so cenej\u0161i od drugih vrst valjev.<\/li>\n<\/ul>\n<\/li>\n<\/ul>\n<p>Poleg tega visoka trdnost in vzdr\u017eljivost varjenih valjev tipa T zmanj\u0161ujeta potrebo po pogostih popravilih in zamenjavah, kar prihrani stro\u0161ke vzdr\u017eevanja. Zaradi te lastnosti so priljubljena izbira za \u0161tevilne panoge, zlasti tiste z omejenim prora\u010dunom.<\/p>\n<ul>\n<li style=\"list-style-type: none;\">\n<ul>\n<li><strong>Pove\u010dana u\u010dinkovitost:<\/strong> Varjeni cilindri tipa T so zelo u\u010dinkoviti in uspe\u0161ni. Zasnova cilindra zagotavlja, da se uporabljena sila prenese neposredno na obremenitev, kar zmanj\u0161a izgubo energije in pove\u010da u\u010dinkovitost.<\/li>\n<\/ul>\n<\/li>\n<\/ul>\n<p>Varjeni spoji so mo\u010dni in togi, kar zmanj\u0161uje upogib in zagotavlja, da valj ohrani svojo obliko in strukturno celovitost tudi v ekstremnih pogojih. Zaradi te lastnosti so varjeni valji tipa T idealni za uporabo v aplikacijah, ki zahtevajo visoko u\u010dinkovitost in zanesljivost.<\/p>\n<p><img loading=\"lazy\" decoding=\"async\" class=\"size-full wp-image-974 aligncenter\" src=\"https:\/\/fmp-components.com\/wp-content\/uploads\/2024\/12\/application-of-Welded-Tee-Type-Cylinder.webp\" alt=\"uporaba varjenega valja s T-kosom\" width=\"760\" height=\"860\" title=\"\" srcset=\"https:\/\/fmp-components.com\/wp-content\/uploads\/2024\/12\/application-of-Welded-Tee-Type-Cylinder.webp 760w, https:\/\/fmp-components.com\/wp-content\/uploads\/2024\/12\/application-of-Welded-Tee-Type-Cylinder-480x543.webp 480w\" sizes=\"(min-width: 0px) and (max-width: 480px) 480px, (min-width: 481px) 760px, 100vw\" \/><\/p>\n<h2>Uporaba varjenega valja tipa T<\/h2>\n<ul>\n<li>\n<h3>Industrijski stroji in oprema<\/h3>\n<p>Varjeni T-valj se pogosto uporablja v industrijskih strojih in opremi, zlasti v hidravli\u010dnih sistemih. Valj je sestavljen iz bata in cevi valja, ki sta zvarjena skupaj v eno samo enoto. Ta zasnova ponuja ve\u010d prednosti pred drugimi vrstami valjev, kot so izbolj\u0161ana vzdr\u017eljivost, ve\u010dja trdnost in ve\u010dja natan\u010dnost.<\/p>\n<p>Ena najpomembnej\u0161ih uporab varjenih T-valjev v industrijskih strojih je njihova sposobnost zagotavljanja dosledne in natan\u010dne sile. To je bistvenega pomena za \u0161tevilne proizvodne procese, kjer je potreben natan\u010den nadzor za zagotovitev kakovosti kon\u010dnega izdelka. Varjeni T-valji se lahko uporabljajo tudi za regulacijo pretoka teko\u010din v hidravli\u010dnih sistemih, kar omogo\u010da ve\u010djo u\u010dinkovitost in zanesljivost v razli\u010dnih industrijskih aplikacijah.<\/li>\n<li>\n<h3>Kmetijska oprema<\/h3>\n<p>Varjeni T-cilinder se pogosto uporablja tudi v kmetijski opremi, kot so traktorji in \u017eetveni stroji. Ti stroji za u\u010dinkovito delovanje potrebujejo zmogljive in zanesljive hidravli\u010dne sisteme, varjeni T-cilinder pa je idealna izbira za ta namen.<\/p>\n<p>Robustna konstrukcija in visoka trdnost cilindra ga naredita zelo odpornega proti obrabi, tudi v te\u017ekih delovnih pogojih. Zaradi tega je idealna izbira za uporabo v kmetijski opremi, kjer je vzdr\u017eljivost klju\u010dnega pomena. Varjeni T-cilinder se lahko uporablja tudi za zagotavljanje natan\u010dnega nadzora, potrebnega za \u0161tevilne kmetijske procese, kot so sajenje, \u017eetev in namakanje.<\/li>\n<li>\n<h3>Gradbena oprema<\/h3>\n<p>Varjeni T-cilinder se pogosto uporablja tudi v gradbeni opremi, kot so bagri, nakladalniki in buldo\u017eerji. Ti stroji potrebujejo zmogljive in zanesljive hidravli\u010dne sisteme za opravljanje te\u017ekih nalog, kot so kopanje, dvigovanje in potiskanje te\u017ekih bremen.<\/p>\n<p>Zaradi visoke trdnosti in vzdr\u017eljivosti je varjeni T-cilinder idealna izbira za uporabo v gradbeni opremi. Njegova sposobnost zagotavljanja natan\u010dnega nadzora in konstantne sile je bistvenega pomena za \u0161tevilne gradbene procese, kot so izkopavanje, niveliranje in tlakovanje. Varjeni T-cilinder se lahko uporablja tudi za regulacijo pretoka teko\u010din v hidravli\u010dnih sistemih, kar izbolj\u0161a u\u010dinkovitost in zanesljivost gradbene opreme v razli\u010dnih aplikacijah.<\/li>\n<\/ul>\n<h3>O FMP-ju<\/h3>\n<p>FMP, z ve\u010d kot 30-letno tradicijo, je priznan proizvajalec hidravli\u010dnih cilindrov s sede\u017eem v Italiji. Ponosni smo na \u0161iroko paleto izdelkov in dobro opremljen industrijski prostor, v katerem je ve\u010d kot 100 najsodobnej\u0161ih naprav. Na\u0161a linija izdelkov vklju\u010duje avtomatske varilne stroje v za\u0161\u010ditni plinski atmosferi, stroje za globoko vrtanje, CNC stru\u017enice, cilindri\u010dne brusilnike, avtomatske \u010distilne stroje, avtomatske monta\u017ene stroje, avtomatske preskusne mize za delovanje hidravli\u010dnih cilindrov in avtomatske lakirne linije, med drugim.<\/p>\n<p><strong>Hidravli\u010dni cilinder:<\/strong> Na\u0161i hidravli\u010dni cilindri so podvr\u017eeni strogim postopkom obdelave in pregledov, da bi na\u0161im cenjenim strankam zagotovili vrhunsko kakovost. Ponujamo razli\u010dne vrste hidravli\u010dnih cilindrov, vklju\u010dno z:<\/p>\n<ol>\n<li><strong>Uhani Cilinder:<\/strong> Na\u0161i valji za uhane so zasnovani tako, da zagotavljajo stabilno in zanesljivo delovanje v razli\u010dnih aplikacijah.<\/li>\n<li><strong>Dvosmerni avtomatski teleskopski hidravli\u010dni cilinder:<\/strong> Na\u0161i dvosmerni avtomatski teleskopski hidravli\u010dni cilindri ponujajo izjemno trdnost in fleksibilnost, zaradi \u010desar so primerni za zahtevna opravila.<\/li>\n<\/ol>\n<p>Poleg na\u0161e ponudbe izdelkov smo zavezani tudi k zagotavljanju odli\u010dnih storitev za na\u0161e stranke:<\/p>\n<ol>\n<li><strong>Storitev oblikovanja:<\/strong> Na\u0161a izku\u0161ena oblikovalska ekipa vam lahko pomaga pri razvoju novih izdelkov ali izbolj\u0161avah obstoje\u010dih.<\/li>\n<li><strong>Storitev za izdelke:<\/strong> Od surovin do transporta vzdr\u017eujemo strog nadzor kakovosti skozi celoten proizvodni proces, kar zagotavlja zanesljive in trpe\u017ene izdelke.<\/li>\n<li><strong>Vzorec postopka:<\/strong> Ponujamo vam fleksibilnost pri razvoju vzorcev glede na va\u0161e specifi\u010dne zahteve in izvedbi potrebnih sprememb, da zadostimo va\u0161im potrebam.<\/li>\n<li><strong>Raziskave in razvoj:<\/strong> Na\u0161a predana ekipa za raziskave in razvoj nenehno preu\u010duje trg in razvija nove modele, da bi zadostila spreminjajo\u010dim se potrebam strank.<\/li>\n<\/ol>\n<p>V podjetju FMP smo specializirani za proizvodnjo in prilagajanje razli\u010dnih vrst hidravli\u010dnih cilindrov. Z na\u0161imi izjemnimi izdelki in prednostmi podjetja si prizadevamo vzpostaviti uspe\u0161no sodelovanje z na\u0161imi cenjenimi strankami. Za ve\u010d informacij o mo\u017enostih partnerstva s podjetjem FMP za va\u0161e potrebe po hidravli\u010dnih cilindrih nas kontaktirajte.<\/p>\n<p><img decoding=\"async\" src=\"https:\/\/fmp-components.com\/wp-content\/uploads\/2024\/12\/fmp-factory-4.webp\" alt=\"Tovarna FMP\" width=\"800\" title=\"\"><br \/>\nAvtor: CX<\/p>","protected":false},"excerpt":{"rendered":"<p>The 10018 Professional 20 Ton Mini Double Acting Hydraulic Cylinders are engineered for high performance and reliability in a compact design. Ideal for various industrial and agricultural applications, these hydraulic cylinders provide powerful lifting capabilities while maintaining a space-efficient footprint. Key Features: 20 Ton Load Capacity: Designed to handle loads up to 20 tons, the [&hellip;]<\/p>","protected":false},"featured_media":1132,"comment_status":"closed","ping_status":"closed","template":"","meta":{"_et_pb_use_builder":"","_et_pb_old_content":"","_et_gb_content_width":""},"product_brand":[],"product_cat":[31],"product_tag":[34,35],"class_list":{"0":"post-938","1":"product","2":"type-product","3":"status-publish","4":"has-post-thumbnail","6":"product_cat-welded-tee-type-cylinder","7":"product_tag-hydraulic-cylinder","8":"product_tag-welded-tee-type-cylinder","10":"first","11":"instock","12":"product-type-simple"},"_links":{"self":[{"href":"https:\/\/fmp-components.com\/sl\/wp-json\/wp\/v2\/product\/938","targetHints":{"allow":["GET"]}}],"collection":[{"href":"https:\/\/fmp-components.com\/sl\/wp-json\/wp\/v2\/product"}],"about":[{"href":"https:\/\/fmp-components.com\/sl\/wp-json\/wp\/v2\/types\/product"}],"replies":[{"embeddable":true,"href":"https:\/\/fmp-components.com\/sl\/wp-json\/wp\/v2\/comments?post=938"}],"wp:featuredmedia":[{"embeddable":true,"href":"https:\/\/fmp-components.com\/sl\/wp-json\/wp\/v2\/media\/1132"}],"wp:attachment":[{"href":"https:\/\/fmp-components.com\/sl\/wp-json\/wp\/v2\/media?parent=938"}],"wp:term":[{"taxonomy":"product_brand","embeddable":true,"href":"https:\/\/fmp-components.com\/sl\/wp-json\/wp\/v2\/product_brand?post=938"},{"taxonomy":"product_cat","embeddable":true,"href":"https:\/\/fmp-components.com\/sl\/wp-json\/wp\/v2\/product_cat?post=938"},{"taxonomy":"product_tag","embeddable":true,"href":"https:\/\/fmp-components.com\/sl\/wp-json\/wp\/v2\/product_tag?post=938"}],"curies":[{"name":"delovni list","href":"https:\/\/api.w.org\/{rel}","templated":true}]}}