{"id":933,"date":"2024-12-19T03:39:00","date_gmt":"2024-12-19T03:39:00","guid":{"rendered":"https:\/\/fmp-components.com\/product\/10013-customized-small-double-acting-hydraulic-cylinder-trailer-hydraulic-cylinder-for-sale\/"},"modified":"2024-12-19T09:04:40","modified_gmt":"2024-12-19T09:04:40","slug":"10013-customized-small-double-acting-hydraulic-cylinder-trailer-hydraulic-cylinder-for-sale","status":"publish","type":"product","link":"https:\/\/fmp-components.com\/sl\/product\/10013-customized-small-double-acting-hydraulic-cylinder-trailer-hydraulic-cylinder-for-sale\/","title":{"rendered":"10013 Prilagojen majhen dvojno delujo\u010di hidravli\u010dni cilinder za prikolico Hidravli\u010dni cilinder za prodajo"},"content":{"rendered":"<h3>Funkcija in pomen<\/h3>\n<p>Dvosmerno delujo\u010di hidravli\u010dni cilinder je bistvena komponenta hidravli\u010dnih sistemov, ki ima klju\u010dno vlogo pri pretvorbi hidravli\u010dne energije v mehansko energijo. Ta pretvorba je klju\u010dnega pomena za delovanje razli\u010dnih industrijskih strojev in mobilne opreme, saj jim omogo\u010da natan\u010dno in mo\u010dno opravljanje \u0161irokega nabora nalog. Z omogo\u010danjem nadzorovanega gibanja v obe smeri dvosmerna zasnova pove\u010duje vsestranskost in u\u010dinkovitost, zaradi \u010desar je nepogre\u0161ljiva v aplikacijah, kot so gradbeni\u0161tvo, proizvodnja in transport. Njena sposobnost ustvarjanja sile tako pri iztegovanju kot pri vle\u010denju omogo\u010da bolj dinami\u010dno delovanje, kar izbolj\u0161uje produktivnost in u\u010dinkovitost v zahtevnih okoljih.<\/p>\n<p><img loading=\"lazy\" decoding=\"async\" class=\"size-full wp-image-975 aligncenter\" src=\"https:\/\/fmp-components.com\/wp-content\/uploads\/2024\/12\/Welded-Tee-Type-Cylinder1.webp\" alt=\"Varjeni valj tipa T\" width=\"759\" height=\"761\" title=\"\" srcset=\"https:\/\/fmp-components.com\/wp-content\/uploads\/2024\/12\/Welded-Tee-Type-Cylinder1.webp 759w, https:\/\/fmp-components.com\/wp-content\/uploads\/2024\/12\/Welded-Tee-Type-Cylinder1-480x481.webp 480w\" sizes=\"(min-width: 0px) and (max-width: 480px) 480px, (min-width: 481px) 759px, 100vw\" \/><\/p>\n<h3>Edinstvene lastnosti in prednosti<\/h3>\n<ul>\n<li><strong>Var\u010devanje z energijo:<\/strong><br \/>\nZasnova dvosmerno delujo\u010dega hidravli\u010dnega cilindra optimizira porabo energije, zmanj\u0161uje obratovalne stro\u0161ke in hkrati ohranja visoko zmogljivost. Njegova u\u010dinkovita uporaba hidravli\u010dne teko\u010dine zmanj\u0161uje odpadke in pove\u010duje trajnost.<\/li>\n<li><strong>Visoka u\u010dinkovitost:<\/strong><br \/>\nTa hidravli\u010dni cilinder, zasnovan za vrhunsko zmogljivost, zagotavlja hitro in u\u010dinkovito delovanje. Zaradi svoje sposobnosti zagotavljanja enakomerne sile v obe smeri je idealen za razli\u010dne aplikacije, od te\u017ekih strojev do avtomatiziranih sistemov.<\/li>\n<li><strong>Varno in zanesljivo:<\/strong><br \/>\nVarnost je pri zasnovi in \u200b\u200bdelovanju dvosmerno delujo\u010dega hidravli\u010dnega cilindra glavna prednostna naloga. Vklju\u010duje vgrajene varnostne funkcije za prepre\u010devanje pu\u0161\u010danja in okvar, kar zagotavlja zanesljivo delovanje tudi v pogojih visokega tlaka. Ta zanesljivost je klju\u010dnega pomena v okoljih, kjer je varnost najpomembnej\u0161a.<\/li>\n<\/ul>\n<p><img loading=\"lazy\" decoding=\"async\" class=\"size-full wp-image-976 aligncenter\" src=\"https:\/\/fmp-components.com\/wp-content\/uploads\/2024\/12\/Welded-Tee-Type-Cylinder2.webp\" alt=\"Varjeni valj tipa T\" width=\"764\" height=\"675\" title=\"\" srcset=\"https:\/\/fmp-components.com\/wp-content\/uploads\/2024\/12\/Welded-Tee-Type-Cylinder2.webp 764w, https:\/\/fmp-components.com\/wp-content\/uploads\/2024\/12\/Welded-Tee-Type-Cylinder2-480x424.webp 480w\" sizes=\"(min-width: 0px) and (max-width: 480px) 480px, (min-width: 481px) 764px, 100vw\" \/><\/p>\n<h3>Hidravli\u010dni sistem in princip delovanja<\/h3>\n<p>Hidravli\u010dni sistem tega valja deluje na principih mehanike teko\u010din, pri \u010demer za ustvarjanje gibanja uporablja hidravli\u010dno teko\u010dino pod tlakom. Ko se hidravli\u010dna teko\u010dina vnese v valj, pritiska na bat, kar povzro\u010di nastanek sile. Ta sila poganja bat v obe smeri, kar omogo\u010da iztegovanje in umikanje.<\/p>\n<p>V prakti\u010dni uporabi ta mehanizem omogo\u010da natan\u010den nadzor nad stroji in opremo. Na primer, v gradbeni opremi dvosmerno delujo\u010di hidravli\u010dni cilinder omogo\u010da gladko dvigovanje in spu\u0161\u010danje bremen, kar pove\u010duje operativno u\u010dinkovitost. Poleg tega je zaradi sposobnosti delovanja pod razli\u010dnimi tlaki in pogoji primeren za \u0161irok spekter industrijskih aplikacij, od proizvodnje do transporta, kar poudarja njegov pomen v sodobnih hidravli\u010dnih sistemih.<\/p>\n<p><img decoding=\"async\" class=\"aligncenter\" src=\"https:\/\/hzpt.com\/wp-content\/uploads\/2023\/12\/random-3.webp\" alt=\"\" title=\"\"><\/p>\n<h2>Prednosti varjenega cilindra tipa T<\/h2>\n<ul>\n<li style=\"list-style-type: none;\">\n<ul>\n<li><strong>Pove\u010dana mo\u010d:<\/strong> Varjeni cilindri tipa T so znani po svoji visoki trdnosti, zaradi \u010desar so primerni za aplikacije, ki zahtevajo dvigovanje te\u017ekih bremen. Postopek varjenja, ki se uporablja med izdelavo teh cilindrov, zagotavlja, da je cilinder brez \u0161ibkih to\u010dk in lahko prenese visok tlak in obremenitve.<\/li>\n<\/ul>\n<\/li>\n<\/ul>\n<p>Ko se na valj izvaja pritisk, se ta enakomerno porazdeli po celotni povr\u0161ini, zaradi \u010desar je odporen na deformacije. Ta lastnost zagotavlja, da valj ohrani svojo obliko in strukturno celovitost tudi v ekstremnih pogojih.<\/p>\n<ul>\n<li style=\"list-style-type: none;\">\n<ul>\n<li><strong>Prepre\u010devanje pu\u0161\u010danja:<\/strong> Varjeni cilindri s T-kosom so zasnovani tako, da prepre\u010dujejo pu\u0161\u010danje. Postopek varjenja, ki se uporablja med izdelavo, zagotavlja, da je valj popolnoma zatesnjen in brez morebitnih pu\u0161\u010danj. Zaradi te lastnosti so primerni za uporabo v aplikacijah, kjer bi pu\u0161\u010danje lahko povzro\u010dilo resno \u0161kodo ali po\u0161kodbe.<\/li>\n<\/ul>\n<\/li>\n<\/ul>\n<p>Varjeni spoji so gladki, brez razpok ali utorov, kjer se lahko nabirajo ostanki ali umazanija, kar zmanj\u0161uje tveganje korozije in po\u0161kodb jeklenke.<\/p>\n<ul>\n<li style=\"list-style-type: none;\">\n<ul>\n<li><strong>Prilagodljivo:<\/strong> Varjene cilindre s T-kosom je mogo\u010de prilagoditi specifi\u010dnim aplikacijam. Cilindri so na voljo v razli\u010dnih velikostih in oblikah ter jih je mogo\u010de izdelati tako, da ustrezajo specifi\u010dnim zahtevam aplikacije.<\/li>\n<\/ul>\n<\/li>\n<\/ul>\n<p>Postopek prilagajanja omogo\u010da optimizacijo delovanja cilindra in zagotavlja, da je primeren za predvideno uporabo. Zaradi te lastnosti so varjeni cilindri s T-kosom idealni za uporabo v razli\u010dnih industrijskih aplikacijah, vklju\u010dno z gradbeni\u0161tvom, rudarstvom in ravnanjem z materiali.<\/p>\n<ul>\n<li style=\"list-style-type: none;\">\n<ul>\n<li><strong>Stro\u0161kovno u\u010dinkovito:<\/strong> Varjeni valji tipa T so stro\u0161kovno u\u010dinkovitej\u0161i v primerjavi z drugimi vrstami valjev. Postopek izdelave teh valjev je preprost, zaradi \u010desar so cenej\u0161i od drugih vrst valjev.<\/li>\n<\/ul>\n<\/li>\n<\/ul>\n<p>Poleg tega visoka trdnost in vzdr\u017eljivost varjenih valjev tipa T zmanj\u0161ujeta potrebo po pogostih popravilih in zamenjavah, kar prihrani stro\u0161ke vzdr\u017eevanja. Zaradi te lastnosti so priljubljena izbira za \u0161tevilne panoge, zlasti tiste z omejenim prora\u010dunom.<\/p>\n<ul>\n<li style=\"list-style-type: none;\">\n<ul>\n<li><strong>Pove\u010dana u\u010dinkovitost:<\/strong> Varjeni cilindri tipa T so zelo u\u010dinkoviti in uspe\u0161ni. Zasnova cilindra zagotavlja, da se uporabljena sila prenese neposredno na obremenitev, kar zmanj\u0161a izgubo energije in pove\u010da u\u010dinkovitost.<\/li>\n<\/ul>\n<\/li>\n<\/ul>\n<p>Varjeni spoji so mo\u010dni in togi, kar zmanj\u0161uje upogib in zagotavlja, da valj ohrani svojo obliko in strukturno celovitost tudi v ekstremnih pogojih. Zaradi te lastnosti so varjeni valji tipa T idealni za uporabo v aplikacijah, ki zahtevajo visoko u\u010dinkovitost in zanesljivost.<\/p>\n<p><img loading=\"lazy\" decoding=\"async\" class=\"size-full wp-image-977 aligncenter\" src=\"https:\/\/fmp-components.com\/wp-content\/uploads\/2024\/12\/Welded-Tee-Type-Cylinder3.webp\" alt=\"Varjeni valj tipa T\" width=\"653\" height=\"600\" title=\"\" srcset=\"https:\/\/fmp-components.com\/wp-content\/uploads\/2024\/12\/Welded-Tee-Type-Cylinder3.webp 653w, https:\/\/fmp-components.com\/wp-content\/uploads\/2024\/12\/Welded-Tee-Type-Cylinder3-480x441.webp 480w\" sizes=\"(min-width: 0px) and (max-width: 480px) 480px, (min-width: 481px) 653px, 100vw\" \/><\/p>\n<h2>Uporaba varjenega valja tipa T<\/h2>\n<h3>Uvod<\/h3>\n<p>Varjeni T-cilinder je vrsta hidravli\u010dnega cilindra, ki se pogosto uporablja v industrijskih aplikacijah. Zasnovan je tako, da zagotavlja visoko izhodno silo v kompaktnem in stro\u0161kovno u\u010dinkovitem ohi\u0161ju. Ta tip cilindra je sestavljen iz varjenega T-kosa in batne palice, ki je pritrjena na T-kos. T-kos je povezan z valjem cilindra in vsebuje bat, ki se premika naprej in nazaj znotraj cilindra, da ustvari silo.<\/p>\n<h3>Prednosti varjenega cilindra tipa T<\/h3>\n<p>Uporaba varjenega cilindra tipa T v industrijskih aplikacijah ima ve\u010d prednosti:<\/p>\n<ul>\n<li><b>Kompaktna zasnova:<\/b> Varjeni cilindri s T-kosom so zasnovani tako, da so kompaktni, zaradi \u010desar so idealni za uporabo v aplikacijah z omejenim prostorom.<\/li>\n<li><b>Visoka u\u010dinkovitost:<\/b> Varjeni cilindri s T-priklju\u010dkom so zelo u\u010dinkoviti, kar pomeni, da lahko ustvarijo veliko silo z minimalnim vnosom energije.<\/li>\n<li><b>Trpe\u017eno:<\/b> Varjeni cilindri s T-kosom so zasnovani tako, da so zelo vzdr\u017eljivi, kar pomeni, da lahko prenesejo te\u017eke obratovalne pogoje in trajajo dolgo \u010dasa.<\/li>\n<li><b>Stro\u0161kovno u\u010dinkovito:<\/b> Varjeni cilindri tipa T so stro\u0161kovno u\u010dinkoviti, kar pomeni, da zagotavljajo dobro razmerje med ceno in kakovostjo.<\/li>\n<\/ul>\n<h3>Uporaba varjenega valja tipa T<\/h3>\n<p>Varjeni cilindri tipa T se uporabljajo v \u0161tevilnih panogah, vklju\u010dno z:<\/p>\n<ul>\n<li><b>Proizvodnja:<\/b> Varjeni cilindri tipa T se uporabljajo v proizvodnji za upravljanje strojev, premikanje te\u017ekih bremen in oblikovanje kovinskih delov.<\/li>\n<li><b>Kmetijstvo:<\/b> Varjeni cilindri s T-konektorjem se uporabljajo v kmetijstvu za upravljanje hidravli\u010dnih sistemov na traktorjih, kombajnih in drugi kmetijski opremi.<\/li>\n<li><b>Gradnja:<\/b> Varjeni cilindri s T-kosom se uporabljajo v gradbeni\u0161tvu za upravljanje strojev, kot so \u017eerjavi, bagri in nakladalniki.<\/li>\n<li><b>Rudarstvo:<\/b> Varjeni cilindri s T-kosom se uporabljajo v rudarstvu za upravljanje hidravli\u010dnih sistemov na te\u017eki opremi, kot so buldo\u017eerji, nakladalci in vrtalniki za skale.<\/li>\n<li><b>Prevoz:<\/b> Varjeni cilindri s T-kosom se uporabljajo v transportu za upravljanje hidravli\u010dnih sistemov na tovornjakih, avtobusih in drugih vozilih.<\/li>\n<\/ul>\n<p>Skratka, varjeni cilindri s T-kosom so pomemben sestavni del v \u0161tevilnih industrijskih aplikacijah. Zasnovani so tako, da so kompaktni, u\u010dinkoviti, vzdr\u017eljivi in \u200b\u200bstro\u0161kovno u\u010dinkoviti, zaradi \u010desar so idealna izbira za \u0161irok spekter uporabe. Ne glede na to, ali upravljate stroje v proizvodnem obratu, kmetijsko opremo na kmetiji ali te\u017eko opremo v rudniku, vam lahko varjeni cilindri s T-kosom pomagajo pri u\u010dinkovitem in uspe\u0161nem opravljanju dela.<\/p>\n<h3>O FMP-ju<\/h3>\n<p>FMP je vodilni proizvajalec in dobavitelj hidravli\u010dnih cilindrov, specializiran za prilagojene re\u0161itve za zadovoljevanje raznolikih potreb na\u0161ih strank. Z ve\u010d kot 30-letnimi izku\u0161njami v industriji in sede\u017eem v Italiji si je na\u0161e podjetje utrdilo mo\u010dno prisotnost na trgu. Ponosni smo na zagotavljanje visokokakovostnih izdelkov in odli\u010dne storitve za stranke.<\/p>\n<p><img decoding=\"async\" src=\"https:\/\/fmp-components.com\/wp-content\/uploads\/2024\/12\/fmp-factory-4.webp\" alt=\"Tovarna FMP\" width=\"800\" title=\"\"><\/p>\n<h4>1) \u0160iroka paleta opreme<\/h4>\n<p>V podjetju FMP imamo ve\u010d kot 100 najsodobnej\u0161ih naprav, vklju\u010dno z avtomatskimi varilnimi stroji v za\u0161\u010ditni plinski atmosferi, stroji za globoko vrtanje, CNC stru\u017enicami, cilindri\u010dnimi brusilniki, avtomatskimi \u010distilnimi stroji, avtomatskimi monta\u017enimi stroji, avtomatskimi preskusnimi mizami za delovanje hidravli\u010dnih cilindrov in avtomatskimi lakirnimi linijami. Ti napredni stroji nam omogo\u010dajo zagotavljanje natan\u010dnosti in u\u010dinkovitosti v proizvodnem procesu, kar ima za posledico vrhunsko kakovost hidravli\u010dnih cilindrov.<\/p>\n<h4>2) Vrhunski nadzor kakovosti<\/h4>\n<p>Razumemo pomen zagotavljanja zanesljivih in trpe\u017enih izdelkov na\u0161im strankam. Vsak hidravli\u010dni valj je podvr\u017een strogim postopkom obdelave in pregledov, da se zagotovi njegova kakovost. Od zasnove do proizvodnje na\u0161a ekipa zagotavlja, da vsak vidik proizvodnega procesa izpolnjuje najvi\u0161je standarde.<\/p>\n<h4>3) Celovite oblikovalske storitve<\/h4>\n<p>Na\u0161a izku\u0161ena ekipa oblikovalcev je predana zagotavljanju inovativnih re\u0161itev. Ne glede na to, ali potrebujete nove zasnove izdelkov ali izbolj\u0161ave obstoje\u010dih, smo tu, da vam pomagamo. Tesno bomo sodelovali z vami, da bi razumeli va\u0161e specifi\u010dne zahteve in vam dobavili hidravli\u010dne cilindre po meri, prilagojene va\u0161im potrebam.<\/p>\n<h4>4) U\u010dinkovita storitev za izdelke<\/h4>\n<p>Na\u0161a storitev za izdelke zajema razli\u010dne faze, vklju\u010dno z izbiro surovin, rezanjem, grobo obdelavo, testiranjem, \u010di\u0161\u010denjem, monta\u017eo, pakiranjem in transportom. S skrbnim upravljanjem vsakega koraka zagotavljamo, da so izdelki, ki jih prejmete, najvi\u0161je kakovosti in dostavljeni pravo\u010dasno.<\/p>\n<h4>5) Nenehne raziskave in razvoj<\/h4>\n<p>Z razvojem trga se aktivno ukvarjamo z raziskavami in razvojem, da bi ostali korak pred trendi v panogi. S preu\u010devanjem potreb trga in sprejemanjem inovacij nenehno razvijamo nove modele, ki ustrezajo spreminjajo\u010dim se zahtevam na\u0161ih strank. Ta zavezanost raziskavam in razvoju zagotavlja, da na\u0161i hidravli\u010dni cilindri ostajajo v ospredju tehnolo\u0161kega napredka.<\/p>\n<p>Izberite FMP za va\u0161e potrebe po hidravli\u010dnih cilindrih in izkusite na\u0161o zavezanost kakovosti, prilagajanju in zadovoljstvu strank. Kontaktirajte nas \u0161e danes, da se pogovorimo o va\u0161ih zahtevah in razi\u0161\u010demo, kako lahko sodelujemo pri izpolnjevanju va\u0161ih potreb po hidravli\u010dnih cilindrih.<\/p>\n<p>Avtor: CX<\/p>","protected":false},"excerpt":{"rendered":"<p>Function and Importance The Double Acting Hydraulic Cylinder is an essential component of hydraulic systems, serving a critical role in the conversion of hydraulic energy into mechanical energy. This conversion is vital for the operation of various industrial machinery and mobile equipment, enabling them to perform a wide range of tasks with precision and power. [&hellip;]<\/p>","protected":false},"featured_media":1132,"comment_status":"closed","ping_status":"closed","template":"","meta":{"_et_pb_use_builder":"","_et_pb_old_content":"","_et_gb_content_width":""},"product_brand":[],"product_cat":[31],"product_tag":[34,35],"class_list":{"0":"post-933","1":"product","2":"type-product","3":"status-publish","4":"has-post-thumbnail","6":"product_cat-welded-tee-type-cylinder","7":"product_tag-hydraulic-cylinder","8":"product_tag-welded-tee-type-cylinder","10":"first","11":"instock","12":"product-type-simple"},"_links":{"self":[{"href":"https:\/\/fmp-components.com\/sl\/wp-json\/wp\/v2\/product\/933","targetHints":{"allow":["GET"]}}],"collection":[{"href":"https:\/\/fmp-components.com\/sl\/wp-json\/wp\/v2\/product"}],"about":[{"href":"https:\/\/fmp-components.com\/sl\/wp-json\/wp\/v2\/types\/product"}],"replies":[{"embeddable":true,"href":"https:\/\/fmp-components.com\/sl\/wp-json\/wp\/v2\/comments?post=933"}],"wp:featuredmedia":[{"embeddable":true,"href":"https:\/\/fmp-components.com\/sl\/wp-json\/wp\/v2\/media\/1132"}],"wp:attachment":[{"href":"https:\/\/fmp-components.com\/sl\/wp-json\/wp\/v2\/media?parent=933"}],"wp:term":[{"taxonomy":"product_brand","embeddable":true,"href":"https:\/\/fmp-components.com\/sl\/wp-json\/wp\/v2\/product_brand?post=933"},{"taxonomy":"product_cat","embeddable":true,"href":"https:\/\/fmp-components.com\/sl\/wp-json\/wp\/v2\/product_cat?post=933"},{"taxonomy":"product_tag","embeddable":true,"href":"https:\/\/fmp-components.com\/sl\/wp-json\/wp\/v2\/product_tag?post=933"}],"curies":[{"name":"delovni list","href":"https:\/\/api.w.org\/{rel}","templated":true}]}}