{"id":930,"date":"2024-12-19T03:39:00","date_gmt":"2024-12-19T03:39:00","guid":{"rendered":"https:\/\/fmp-components.com\/product\/10010-industrial-double-acting-welded-hydraulic-cylinder-for-sale\/"},"modified":"2024-12-19T09:00:52","modified_gmt":"2024-12-19T09:00:52","slug":"10010-industrial-double-acting-welded-hydraulic-cylinder-for-sale","status":"publish","type":"product","link":"https:\/\/fmp-components.com\/sl\/product\/10010-industrial-double-acting-welded-hydraulic-cylinder-for-sale\/","title":{"rendered":"10010 Industrijski dvostranski varjeni hidravli\u010dni cilinder naprodaj"},"content":{"rendered":"<p>Industrijski dvosmerno delujo\u010di varjeni hidravli\u010dni cilinder 10010 je visokozmogljiva re\u0161itev, zasnovana za zahtevne industrijske aplikacije. Ta hidravli\u010dni cilinder je zasnovan z mislijo na vzdr\u017eljivost in u\u010dinkovitost ter je idealen za razli\u010dne namene, vklju\u010dno z gradbeni\u0161tvom, proizvodnjo in delovanjem te\u017ekih strojev.<\/p>\n<h4>Klju\u010dne lastnosti:<\/h4>\n<ul>\n<li><strong>Dvojno delujo\u010da zasnova:<\/strong><br \/>\nTa hidravli\u010dni cilinder deluje u\u010dinkovito tako pri iztegovanju kot vvla\u010devanju, kar omogo\u010da vsestransko uporabo. Dvostransko delujo\u010di mehanizem zagotavlja gladko in nadzorovano gibanje, zaradi \u010desar je idealen za naloge, ki zahtevajo natan\u010dno pozicioniranje in silo.<\/li>\n<li><strong>Varjena konstrukcija:<\/strong><br \/>\nVarjena zasnova izbolj\u0161a strukturno celovitost cilindra, kar zagotavlja izjemno trdnost in vzdr\u017eljivost. Ta robustna konstrukcija zmanj\u0161uje tveganje pu\u0161\u010danja in okvar ter zagotavlja zanesljivo delovanje v te\u017ekih delovnih pogojih.<\/li>\n<li><strong>Visoka nosilnost:<\/strong><br \/>\nHidravli\u010dni cilinder 10010, izdelan za prena\u0161anje znatnih obremenitev, je sposoben zagotavljati mo\u010dno silo, zaradi \u010desar je primeren za te\u017eka dela. Njegova visoka nosilnost zagotavlja, da lahko izpolni zahteve razli\u010dnih industrijskih nalog, ne da bi pri tem ogrozil varnost ali zmogljivost.<\/li>\n<li><strong>Odpornost proti koroziji:<\/strong><br \/>\nTa hidravli\u010dni cilinder je izdelan iz visokokakovostnih materialov, zato je odporen proti koroziji in obrabi, kar zagotavlja dolgo \u017eivljenjsko dobo tudi v zahtevnih okoljih. Zaradi svoje vzdr\u017eljivosti je idealna izbira za zunanjo uporabo, kjer je izpostavljenost vremenskim vplivom pomembna.<\/li>\n<li><strong>Vsestranske uporabe:<\/strong><br \/>\nIndustrijski dvostranski varjeni hidravli\u010dni cilinder 10010 je idealen za \u0161iroko paleto aplikacij, vklju\u010dno z dvigovanjem, potiskanjem in vle\u010denjem v panogah, kot so gradbeni\u0161tvo, kmetijstvo in proizvodnja.<\/li>\n<\/ul>\n<p><img decoding=\"async\" src=\"https:\/\/hzpt.com\/wp-content\/uploads\/2023\/12\/random-1.webp?v=1694163707\" alt=\"\" title=\"\"><\/p>\n<h4>Tehni\u010dne specifikacije:<\/h4>\n<table style=\"width: 100.094%; height: 251px;\">\n<thead>\n<tr>\n<th>Specifikacija<\/th>\n<th>Opis<\/th>\n<\/tr>\n<\/thead>\n<tbody>\n<tr>\n<td><strong>Velikost izvrtine<\/strong><\/td>\n<td>Prilagodljivo<\/td>\n<\/tr>\n<tr>\n<td><strong>Dol\u017eina giba<\/strong><\/td>\n<td>Na voljo so razli\u010dne mo\u017enosti<\/td>\n<\/tr>\n<tr>\n<td><strong>Najve\u010dji tlak<\/strong><\/td>\n<td>Do 3000 PSI<\/td>\n<\/tr>\n<tr>\n<td><strong>Material<\/strong><\/td>\n<td>Visokotrdno jeklo<\/td>\n<\/tr>\n<tr>\n<td><strong>Vrsta povezave<\/strong><\/td>\n<td>Prirobni\u010dni ali navojni<\/td>\n<\/tr>\n<\/tbody>\n<\/table>\n<h4>Na\u010delo delovanja:<\/h4>\n<p>Industrijski dvosmerno delujo\u010di varjeni hidravli\u010dni cilinder 10010 deluje na principu tlaka hidravli\u010dne teko\u010dine. Ko se hidravli\u010dna teko\u010dina \u010drpa v valj, pritiska na bat in ustvarja linearno silo v obe smeri. To dvosmerno gibanje je bistveno za naloge, ki zahtevajo natan\u010den nadzor in u\u010dinkovitost, zaradi \u010desar je klju\u010dna komponenta v mnogih hidravli\u010dnih sistemih.<\/p>\n<p>Skratka, industrijski dvostransko delujo\u010di varjeni hidravli\u010dni cilinder 10010 je robustna in u\u010dinkovita re\u0161itev za razli\u010dne industrijske aplikacije. Zaradi svojih edinstvenih lastnosti, vklju\u010dno z dvostransko delujo\u010do zasnovo, varjeno konstrukcijo in visoko nosilnostjo, je bistveno orodje za pove\u010danje produktivnosti in zanesljivosti v zahtevnih okoljih.<\/p>\n<p>&nbsp;<\/p>\n<p><img decoding=\"async\" src=\"https:\/\/hzpt.com\/wp-content\/uploads\/2023\/12\/random-2.webp\" alt=\"\" title=\"\"><\/p>\n<h2>Prednosti varjenega cilindra tipa T<\/h2>\n<ul>\n<li style=\"list-style-type: none;\">\n<ul>\n<li><strong>Pove\u010dana mo\u010d:<\/strong> Varjeni cilindri tipa T so znani po svoji visoki trdnosti, zaradi \u010desar so primerni za aplikacije, ki zahtevajo dvigovanje te\u017ekih bremen. Postopek varjenja, ki se uporablja med izdelavo teh cilindrov, zagotavlja, da je cilinder brez \u0161ibkih to\u010dk in lahko prenese visok tlak in obremenitve.<\/li>\n<\/ul>\n<\/li>\n<\/ul>\n<p>Ko se na valj izvaja pritisk, se ta enakomerno porazdeli po celotni povr\u0161ini, zaradi \u010desar je odporen na deformacije. Ta lastnost zagotavlja, da valj ohrani svojo obliko in strukturno celovitost tudi v ekstremnih pogojih.<\/p>\n<ul>\n<li style=\"list-style-type: none;\">\n<ul>\n<li><strong>Prepre\u010devanje pu\u0161\u010danja:<\/strong> Varjeni cilindri s T-kosom so zasnovani tako, da prepre\u010dujejo pu\u0161\u010danje. Postopek varjenja, ki se uporablja med izdelavo, zagotavlja, da je valj popolnoma zatesnjen in brez morebitnih pu\u0161\u010danj. Zaradi te lastnosti so primerni za uporabo v aplikacijah, kjer bi pu\u0161\u010danje lahko povzro\u010dilo resno \u0161kodo ali po\u0161kodbe.<\/li>\n<\/ul>\n<\/li>\n<\/ul>\n<p>Varjeni spoji so gladki, brez razpok ali utorov, kjer se lahko nabirajo ostanki ali umazanija, kar zmanj\u0161uje tveganje korozije in po\u0161kodb jeklenke.<\/p>\n<ul>\n<li style=\"list-style-type: none;\">\n<ul>\n<li><strong>Prilagodljivo:<\/strong> Varjene cilindre s T-kosom je mogo\u010de prilagoditi specifi\u010dnim aplikacijam. Cilindri so na voljo v razli\u010dnih velikostih in oblikah ter jih je mogo\u010de izdelati tako, da ustrezajo specifi\u010dnim zahtevam aplikacije.<\/li>\n<\/ul>\n<\/li>\n<\/ul>\n<p>Postopek prilagajanja omogo\u010da optimizacijo delovanja cilindra in zagotavlja, da je primeren za predvideno uporabo. Zaradi te lastnosti so varjeni cilindri s T-kosom idealni za uporabo v razli\u010dnih industrijskih aplikacijah, vklju\u010dno z gradbeni\u0161tvom, rudarstvom in ravnanjem z materiali.<\/p>\n<ul>\n<li style=\"list-style-type: none;\">\n<ul>\n<li><strong>Stro\u0161kovno u\u010dinkovito:<\/strong> Varjeni valji tipa T so stro\u0161kovno u\u010dinkovitej\u0161i v primerjavi z drugimi vrstami valjev. Postopek izdelave teh valjev je preprost, zaradi \u010desar so cenej\u0161i od drugih vrst valjev.<\/li>\n<\/ul>\n<\/li>\n<\/ul>\n<p>Poleg tega visoka trdnost in vzdr\u017eljivost varjenih valjev tipa T zmanj\u0161ujeta potrebo po pogostih popravilih in zamenjavah, kar prihrani stro\u0161ke vzdr\u017eevanja. Zaradi te lastnosti so priljubljena izbira za \u0161tevilne panoge, zlasti tiste z omejenim prora\u010dunom.<\/p>\n<ul>\n<li style=\"list-style-type: none;\">\n<ul>\n<li><strong>Pove\u010dana u\u010dinkovitost:<\/strong> Varjeni cilindri tipa T so zelo u\u010dinkoviti in uspe\u0161ni. Zasnova cilindra zagotavlja, da se uporabljena sila prenese neposredno na obremenitev, kar zmanj\u0161a izgubo energije in pove\u010da u\u010dinkovitost.<\/li>\n<\/ul>\n<\/li>\n<\/ul>\n<p>Varjeni spoji so mo\u010dni in togi, kar zmanj\u0161uje upogib in zagotavlja, da valj ohrani svojo obliko in strukturno celovitost tudi v ekstremnih pogojih. Zaradi te lastnosti so varjeni valji tipa T idealni za uporabo v aplikacijah, ki zahtevajo visoko u\u010dinkovitost in zanesljivost.<\/p>\n<h2>Uporaba varjenega valja tipa T<\/h2>\n<ol>\n<li>\n<h3>Avtomobilska industrija<\/h3>\n<p>Varjeni cilindri tipa T se pogosto uporabljajo v avtomobilski industriji. Uporabljajo se v avtomobilskih vratih, dvigalih pokrova motorja in prtlja\u017enika, strehah kabrioletov in servo volanskih sistemih. Ti cilindri so priljubljeni zaradi svoje sposobnosti zagotavljanja visoke izhodne sile z majhnimi prostorskimi potrebami. Zasnova cilindra tipa T je zelo primerna za aplikacije, kjer je treba silo prenesti v dve razli\u010dni smeri.<\/p>\n<p>Poleg tega varjena konstrukcija teh valjev omogo\u010da delovanje pri visokih temperaturah in tlakih brez pu\u0161\u010danja. Zaradi tega so primerni za uporabo v motorjih, menjalnikih in zavornih sistemih.<\/li>\n<li>\n<h3>Predelovalna industrija<\/h3>\n<p>Varjeni cilindri s T-kosom se uporabljajo tudi v predelovalni industriji. Uporabljajo se v hidravli\u010dnih stiskalnicah, kova\u0161kih strojih in strojih za rezanje kovin. Zaradi visoke izhodne sile teh cilindrov so idealni za aplikacije, kjer je potrebna velika sila v majhnem prostoru.<\/p>\n<p>Zasnova valja s T-obliko je zelo primerna tudi za aplikacije, kjer je treba silo prenesti v dve razli\u010dni smeri. Na primer, v hidravli\u010dni stiskalnici se lahko valj s T-obliko uporablja za nana\u0161anje sile tako navpi\u010dno kot vodoravno, kar omogo\u010da bolj zapletene proizvodne procese.<\/li>\n<li>\n<h3>Letalska in vesoljska industrija<\/h3>\n<p>Varjeni cilindri s T-kosom se uporabljajo v letalski industriji za razli\u010dne namene. Uporabljajo se v sistemih podvozja, tovornih vratih in sistemih za krmiljenje leta. Zaradi visoke izhodne sile in kompaktne zasnove teh cilindrov so idealni za uporabo v omejenem prostoru, ki je na voljo na letalu.<\/p>\n<p>Varjena konstrukcija teh jeklenk jih naredi odporne tudi na visoke tlake in temperature, ki se pojavljajo med letom. Poleg tega zasnova jeklenk tipa T omogo\u010da prenos sile v dve razli\u010dni smeri, zaradi \u010desar so zelo primerne za aplikacije, kjer je treba silo uporabiti pod kotom.<\/li>\n<li>\n<h3>Gradbena industrija<\/h3>\n<p>Varjeni cilindri s T-kosom se uporabljajo v gradbeni industriji za dvigovanje in premikanje te\u017ekih bremen. Uporabljajo se v \u017eerjavih, bagrih in nakladalnih strojih. Zaradi visoke izhodne sile in kompaktne zasnove teh cilindrov so idealni za uporabo v omejenem prostoru na gradbi\u0161\u010du.<\/p>\n<p>Zasnova cilindra s T-kosom omogo\u010da prenos sile v dve razli\u010dni smeri, zaradi \u010desar je zelo primeren za aplikacije, kjer je treba silo uporabiti pod kotom. Poleg tega varjena konstrukcija teh cilindrov omogo\u010da delovanje pri visokih tlakih in temperaturah brez pu\u0161\u010danja, zaradi \u010desar so primerni za uporabo v zahtevnih zunanjih okoljih.<\/li>\n<li><img decoding=\"async\" src=\"https:\/\/hzpt.com\/wp-content\/uploads\/2023\/12\/random-1.webp?v=1694163707\" alt=\"\" title=\"\"><\/li>\n<\/ol>\n<h3>O FMP-ju<\/h3>\n<p>FMP je vodilni proizvajalec in dobavitelj hidravli\u010dnih cilindrov z ve\u010d kot 30-letnimi izku\u0161njami v panogi. V na\u0161em najsodobnej\u0161em industrijskem obmo\u010dju, ki se nahaja v Italiji, imamo ve\u010d kot 100 naprednih naprav, kar zagotavlja visokokakovostno proizvodnjo. Specializirani smo za razli\u010dne vrste hidravli\u010dnih cilindrov, vklju\u010dno z avtomatskim varilnim strojem v za\u0161\u010ditni plinski atmosferi, strojem za globoko vrtanje, CNC stru\u017enico, cilindri\u010dnim brusilnikom, avtomatskim \u010distilnim strojem, avtomatskim monta\u017enim strojem, avtomatskim preskusnim stolom za delovanje hidravli\u010dnih cilindrov in avtomatsko linijo za barvanje.<\/p>\n<p><img decoding=\"async\" src=\"https:\/\/fmp-components.com\/wp-content\/uploads\/2024\/12\/fmp-factory-4.webp\" alt=\"Tovarna FMP\" width=\"800\" title=\"\"><\/p>\n<p>V podjetju FMP smo ponosni na to, da na\u0161im cenjenim strankam zagotavljamo izdelke izjemne kakovosti. Tukaj je pet razlogov, zakaj bi morali izbrati na\u0161e izdelke in sodelovati z nami:<\/p>\n<ol>\n<li>Stroga obdelava in pregled: Vsak hidravli\u010dni valj je podvr\u017een strogim pregledom in predelavi, da se zagotovijo najvi\u0161ji standardi kakovosti in delovanja. Zadovoljstvo strank nam je na prvem mestu.<\/li>\n<li>Oblikovalske storitve: Na\u0161a izku\u0161ena oblikovalska ekipa vam lahko pomaga pri oblikovanju in razvoju izdelkov. Ne glede na to, ali potrebujete nove izdelke ali izbolj\u0161ave obstoje\u010dih, smo tukaj, da vam pomagamo.<\/li>\n<li>Celovita storitev za izdelke: Od surovin do rezanja, grobe obdelave, testiranja, \u010di\u0161\u010denja, monta\u017ee, pakiranja in transporta nudimo celovite storitve za izdelke. Na nas se lahko zanesete za nemoten proizvodni proces.<\/li>\n<li>Postopek vzor\u010denja: Ponujamo razvoj vzorcev v skladu z va\u0161imi specifi\u010dnimi zahtevami. Na\u0161a ekipa bo vzorce nenehno spreminjala, da bodo ustrezale va\u0161im potrebam in zagotovila popolno zadovoljstvo.<\/li>\n<li>Zmogljivosti raziskav in razvoja: Ko se pojavijo nove potrebe na trgu, ostajamo korak pred drugimi s preu\u010devanjem in razvojem novih modelov. Na\u0161a zavezanost inovacijam zagotavlja, da boste imeli vedno dostop do najnovej\u0161ih in najnaprednej\u0161ih izdelkov hidravli\u010dnih cilindrov.<\/li>\n<\/ol>\n<p>Z na\u0161o predanostjo odli\u010dnosti, \u0161iroko paleto izdelkov in pristopom, osredoto\u010denim na stranke, je FMP va\u0161 idealen partner za vse va\u0161e potrebe po hidravli\u010dnih cilindrih. Za razpravo o va\u0161ih zahtevah in izku\u0161njo vrhunske kakovosti in storitev, ki nas lo\u010di od konkurence, nas kontaktirajte \u0161e danes.<\/p>\n<p>Avtor: CX<\/p>","protected":false},"excerpt":{"rendered":"<p>The 10010 Industrial Double Acting Welded Hydraulic Cylinder is a high-performance solution designed for demanding industrial applications. Engineered with durability and efficiency in mind, this hydraulic cylinder is ideal for a variety of uses, including construction, manufacturing, and heavy machinery operations. Key Features: Double Acting Design: This hydraulic cylinder functions effectively in both extension and [&hellip;]<\/p>","protected":false},"featured_media":1133,"comment_status":"closed","ping_status":"closed","template":"","meta":{"_et_pb_use_builder":"","_et_pb_old_content":"","_et_gb_content_width":""},"product_brand":[],"product_cat":[31],"product_tag":[34,35],"class_list":{"0":"post-930","1":"product","2":"type-product","3":"status-publish","4":"has-post-thumbnail","6":"product_cat-welded-tee-type-cylinder","7":"product_tag-hydraulic-cylinder","8":"product_tag-welded-tee-type-cylinder","10":"first","11":"instock","12":"product-type-simple"},"_links":{"self":[{"href":"https:\/\/fmp-components.com\/sl\/wp-json\/wp\/v2\/product\/930","targetHints":{"allow":["GET"]}}],"collection":[{"href":"https:\/\/fmp-components.com\/sl\/wp-json\/wp\/v2\/product"}],"about":[{"href":"https:\/\/fmp-components.com\/sl\/wp-json\/wp\/v2\/types\/product"}],"replies":[{"embeddable":true,"href":"https:\/\/fmp-components.com\/sl\/wp-json\/wp\/v2\/comments?post=930"}],"wp:featuredmedia":[{"embeddable":true,"href":"https:\/\/fmp-components.com\/sl\/wp-json\/wp\/v2\/media\/1133"}],"wp:attachment":[{"href":"https:\/\/fmp-components.com\/sl\/wp-json\/wp\/v2\/media?parent=930"}],"wp:term":[{"taxonomy":"product_brand","embeddable":true,"href":"https:\/\/fmp-components.com\/sl\/wp-json\/wp\/v2\/product_brand?post=930"},{"taxonomy":"product_cat","embeddable":true,"href":"https:\/\/fmp-components.com\/sl\/wp-json\/wp\/v2\/product_cat?post=930"},{"taxonomy":"product_tag","embeddable":true,"href":"https:\/\/fmp-components.com\/sl\/wp-json\/wp\/v2\/product_tag?post=930"}],"curies":[{"name":"delovni list","href":"https:\/\/api.w.org\/{rel}","templated":true}]}}