{"id":929,"date":"2024-12-19T03:39:00","date_gmt":"2024-12-19T03:39:00","guid":{"rendered":"https:\/\/fmp-components.com\/product\/10009-customized-stainless-steel-hydraulic-cylinders-mini-hydraulic-cylinder\/"},"modified":"2024-12-19T08:59:13","modified_gmt":"2024-12-19T08:59:13","slug":"10009-customized-stainless-steel-hydraulic-cylinders-mini-hydraulic-cylinder","status":"publish","type":"product","link":"https:\/\/fmp-components.com\/sl\/product\/10009-customized-stainless-steel-hydraulic-cylinders-mini-hydraulic-cylinder\/","title":{"rendered":"10009 Prilagojeni hidravli\u010dni cilindri iz nerjave\u010dega jekla Mini hidravli\u010dni cilinder"},"content":{"rendered":"<p>Prilagojeni mini hidravli\u010dni cilinder iz nerjave\u010dega jekla 10009 je kompaktna, a zmogljiva re\u0161itev, zasnovana za aplikacije, ki zahtevajo natan\u010dnost in vzdr\u017eljivost. Ta mini hidravli\u010dni cilinder, izdelan iz visokokakovostnega nerjave\u010dega jekla, je odporen proti koroziji in obrabi, zaradi \u010desar je idealen tako za notranjo kot zunanjo uporabo.<\/p>\n<p><img decoding=\"async\" src=\"https:\/\/hzpt.com\/wp-content\/uploads\/2023\/12\/random-2.webp\" alt=\"\" title=\"\"><\/p>\n<h4>Klju\u010dne lastnosti:<\/h4>\n<ul>\n<li><strong>Prilagodljiva oblika:<\/strong><br \/>\nMini hidravli\u010dni cilinder 10009 je prilagojen specifi\u010dnim operativnim zahtevam in ga je mogo\u010de prilagoditi glede dol\u017eine hoda, velikosti izvrtine in vrst priklju\u010dkov, da ustreza razli\u010dnim aplikacijam.<\/li>\n<li><strong>Kompaktna velikost:<\/strong><br \/>\nNjegova mini zasnova omogo\u010da enostavno namestitev v tesnih prostorih, zaradi \u010desar je idealen za stroje in sisteme z omejenim prostorom, ne da bi pri tem ogrozili zmogljivost.<\/li>\n<li><strong>Konstrukcija iz nerjave\u010dega jekla:<\/strong><br \/>\nTa jeklenka, izdelana iz visokokakovostnega nerjave\u010dega jekla, ponuja izjemno odpornost proti koroziji in ostrim okoljskim pogojem, kar zagotavlja dolgo \u017eivljenjsko dobo in zanesljivost.<\/li>\n<li><strong>Visoka zmogljivost:<\/strong><br \/>\nKljub svoji majhnosti hidravli\u010dni cilinder zagotavlja impresivno silo in u\u010dinkovitost, zaradi \u010desar je primeren za razli\u010dne aplikacije, vklju\u010dno z avtomatizacijo, robotiko in ravnanjem z materiali.<\/li>\n<li><strong>Vsestranske uporabe:<\/strong><br \/>\nMini hidravli\u010dni cilinder 10009 je idealen za uporabo v razli\u010dnih panogah, vklju\u010dno s proizvodnjo, avtomobilsko industrijo in medicinsko opremo, kjer sta natan\u010dnost in zanesljivost najpomembnej\u0161i.<\/li>\n<\/ul>\n<h4>Tehni\u010dne specifikacije:<\/h4>\n<table style=\"width: 91.1077%; height: 188px;\">\n<thead>\n<tr>\n<th>Specifikacija<\/th>\n<th>Opis<\/th>\n<\/tr>\n<\/thead>\n<tbody>\n<tr>\n<td><strong>Velikost izvrtine<\/strong><\/td>\n<td>Prilagodljivo<\/td>\n<\/tr>\n<tr>\n<td><strong>Dol\u017eina giba<\/strong><\/td>\n<td>Prilagodljivo<\/td>\n<\/tr>\n<tr>\n<td><strong>Najve\u010dji tlak<\/strong><\/td>\n<td>Do 3000 PSI<\/td>\n<\/tr>\n<tr>\n<td><strong>Material<\/strong><\/td>\n<td>Visokokakovostno nerjave\u010de jeklo<\/td>\n<\/tr>\n<tr>\n<td><strong>Vrsta povezave<\/strong><\/td>\n<td>Prirobni\u010dni, navojni ali po meri<\/td>\n<\/tr>\n<\/tbody>\n<\/table>\n<h4><\/h4>\n<h4><img loading=\"lazy\" decoding=\"async\" class=\"size-full wp-image-977 aligncenter\" src=\"https:\/\/fmp-components.com\/wp-content\/uploads\/2024\/12\/Welded-Tee-Type-Cylinder3.webp\" alt=\"Varjeni valj tipa T\" width=\"653\" height=\"600\" title=\"\" srcset=\"https:\/\/fmp-components.com\/wp-content\/uploads\/2024\/12\/Welded-Tee-Type-Cylinder3.webp 653w, https:\/\/fmp-components.com\/wp-content\/uploads\/2024\/12\/Welded-Tee-Type-Cylinder3-480x441.webp 480w\" sizes=\"(min-width: 0px) and (max-width: 480px) 480px, (min-width: 481px) 653px, 100vw\" \/>Na\u010delo delovanja:<\/h4>\n<p>Prilagojeni mini hidravli\u010dni cilinder iz nerjave\u010dega jekla 10009 deluje na principu tlaka hidravli\u010dne teko\u010dine. Ko se hidravli\u010dna teko\u010dina \u010drpa v valj, pritiska na bat, kar ustvarja linearno gibanje. Ta mehanizem omogo\u010da natan\u010den nadzor in mo\u010dno delovanje, zaradi \u010desar je bistvenega pomena za aplikacije, ki zahtevajo natan\u010dno in zanesljivo delovanje.<\/p>\n<p>Skratka, prilagojeni mini hidravli\u010dni cilinder iz nerjave\u010dega jekla 10009 je vsestranska in u\u010dinkovita re\u0161itev za razli\u010dne industrijske potrebe. Zaradi prilagodljivih funkcij, trpe\u017ene konstrukcije iz nerjave\u010dega jekla in visoke zmogljivosti je nepogre\u0161ljiv sestavni del za pove\u010danje produktivnosti in operativne u\u010dinkovitosti v razli\u010dnih aplikacijah.<\/p>\n<p><img decoding=\"async\" src=\"https:\/\/hzpt.com\/wp-content\/uploads\/2023\/12\/random-1.webp?v=1694163707\" alt=\"\" title=\"\"><\/p>\n<h3>Edinstvene lastnosti<\/h3>\n<ul>\n<li><strong>Var\u010devanje z energijo:<\/strong><br \/>\nHidravli\u010dni cilinder je zasnovan tako, da med delovanjem porabi minimalno energije, kar s\u010dasoma pomeni znatne prihranke stro\u0161kov. Z optimizacijo porabe energije ta izdelek ne le zmanj\u0161uje stro\u0161ke energije, temve\u010d tudi prispeva k prizadevanjem za trajnost z zmanj\u0161evanjem vpliva na okolje. Zaradi te energetsko u\u010dinkovite zasnove je ekonomi\u010dna izbira za podjetja, ki \u017eelijo izbolj\u0161ati svojo operativno u\u010dinkovitost, ne da bi pri tem ogrozili zmogljivost.<\/li>\n<li><strong>Visoka u\u010dinkovitost:<\/strong><br \/>\nHidravli\u010dni cilinder, zasnovan za maksimalno produktivnost, deluje z izjemno visoko stopnjo u\u010dinkovitosti. Njegova napredna tehnologija zagotavlja dosledno in zanesljivo delovanje, kar omogo\u010da kraj\u0161e \u010dase ciklov in izbolj\u0161ano proizvodnjo. To visoko u\u010dinkovito delovanje je klju\u010dnega pomena v zahtevnih industrijskih okoljih, kjer \u0161teje vsaka sekunda, zato je neprecenljivo sredstvo za izbolj\u0161anje delovnega procesa in doseganje proizvodnih ciljev.<\/li>\n<li><strong>Varnost:<\/strong><br \/>\nVarnost je pri zasnovi tega hidravli\u010dnega cilindra najpomembnej\u0161i dejavnik. Vklju\u010duje ve\u010d varnostnih funkcij, vklju\u010dno z varnostnimi ventili, robustnimi tesnili in varnostnimi mehanizmi, ki zagotavljajo varno delovanje v razli\u010dnih pogojih. Te varnostne izbolj\u0161ave \u0161\u010ditijo tako opremo kot upravljavce ter zmanj\u0161ujejo tveganje za nesre\u010de in izpade. Z dajanjem prednosti varnosti ta izdelek vzbuja zaupanje uporabnikom in jim omogo\u010da brezskrbno upravljanje strojev.<\/li>\n<\/ul>\n<h2>Prednosti varjenega cilindra tipa T<\/h2>\n<ul>\n<li style=\"list-style-type: none;\">\n<ul>\n<li><strong>Pove\u010dana mo\u010d:<\/strong> Varjeni cilindri tipa T so znani po svoji visoki trdnosti, zaradi \u010desar so primerni za aplikacije, ki zahtevajo dvigovanje te\u017ekih bremen. Postopek varjenja, ki se uporablja med izdelavo teh cilindrov, zagotavlja, da je cilinder brez \u0161ibkih to\u010dk in lahko prenese visok tlak in obremenitve.<\/li>\n<\/ul>\n<\/li>\n<\/ul>\n<p>Ko se na valj izvaja pritisk, se ta enakomerno porazdeli po celotni povr\u0161ini, zaradi \u010desar je odporen na deformacije. Ta lastnost zagotavlja, da valj ohrani svojo obliko in strukturno celovitost tudi v ekstremnih pogojih.<\/p>\n<ul>\n<li style=\"list-style-type: none;\">\n<ul>\n<li><strong>Prepre\u010devanje pu\u0161\u010danja:<\/strong> Varjeni cilindri s T-kosom so zasnovani tako, da prepre\u010dujejo pu\u0161\u010danje. Postopek varjenja, ki se uporablja med izdelavo, zagotavlja, da je valj popolnoma zatesnjen in brez morebitnih pu\u0161\u010danj. Zaradi te lastnosti so primerni za uporabo v aplikacijah, kjer bi pu\u0161\u010danje lahko povzro\u010dilo resno \u0161kodo ali po\u0161kodbe.<\/li>\n<\/ul>\n<\/li>\n<\/ul>\n<p>Varjeni spoji so gladki, brez razpok ali utorov, kjer se lahko nabirajo ostanki ali umazanija, kar zmanj\u0161uje tveganje korozije in po\u0161kodb jeklenke.<\/p>\n<ul>\n<li style=\"list-style-type: none;\">\n<ul>\n<li><strong>Prilagodljivo:<\/strong> Varjene cilindre s T-kosom je mogo\u010de prilagoditi specifi\u010dnim aplikacijam. Cilindri so na voljo v razli\u010dnih velikostih in oblikah ter jih je mogo\u010de izdelati tako, da ustrezajo specifi\u010dnim zahtevam aplikacije.<\/li>\n<\/ul>\n<\/li>\n<\/ul>\n<p>Postopek prilagajanja omogo\u010da optimizacijo delovanja cilindra in zagotavlja, da je primeren za predvideno uporabo. Zaradi te lastnosti so varjeni cilindri s T-kosom idealni za uporabo v razli\u010dnih industrijskih aplikacijah, vklju\u010dno z gradbeni\u0161tvom, rudarstvom in ravnanjem z materiali.<\/p>\n<ul>\n<li style=\"list-style-type: none;\">\n<ul>\n<li><strong>Stro\u0161kovno u\u010dinkovito:<\/strong> Varjeni valji tipa T so stro\u0161kovno u\u010dinkovitej\u0161i v primerjavi z drugimi vrstami valjev. Postopek izdelave teh valjev je preprost, zaradi \u010desar so cenej\u0161i od drugih vrst valjev.<\/li>\n<\/ul>\n<\/li>\n<\/ul>\n<p>Poleg tega visoka trdnost in vzdr\u017eljivost varjenih valjev tipa T zmanj\u0161ujeta potrebo po pogostih popravilih in zamenjavah, kar prihrani stro\u0161ke vzdr\u017eevanja. Zaradi te lastnosti so priljubljena izbira za \u0161tevilne panoge, zlasti tiste z omejenim prora\u010dunom.<\/p>\n<ul>\n<li style=\"list-style-type: none;\">\n<ul>\n<li><strong>Pove\u010dana u\u010dinkovitost:<\/strong> Varjeni cilindri tipa T so zelo u\u010dinkoviti in uspe\u0161ni. Zasnova cilindra zagotavlja, da se uporabljena sila prenese neposredno na obremenitev, kar zmanj\u0161a izgubo energije in pove\u010da u\u010dinkovitost.<\/li>\n<\/ul>\n<\/li>\n<\/ul>\n<p>Varjeni spoji so mo\u010dni in togi, kar zmanj\u0161uje upogib in zagotavlja, da valj ohrani svojo obliko in strukturno celovitost tudi v ekstremnih pogojih. Zaradi te lastnosti so varjeni valji tipa T idealni za uporabo v aplikacijah, ki zahtevajo visoko u\u010dinkovitost in zanesljivost.<\/p>\n<p><img loading=\"lazy\" decoding=\"async\" class=\"size-full wp-image-974 aligncenter\" src=\"https:\/\/fmp-components.com\/wp-content\/uploads\/2024\/12\/application-of-Welded-Tee-Type-Cylinder.webp\" alt=\"uporaba varjenega valja s T-kosom\" width=\"760\" height=\"860\" title=\"\" srcset=\"https:\/\/fmp-components.com\/wp-content\/uploads\/2024\/12\/application-of-Welded-Tee-Type-Cylinder.webp 760w, https:\/\/fmp-components.com\/wp-content\/uploads\/2024\/12\/application-of-Welded-Tee-Type-Cylinder-480x543.webp 480w\" sizes=\"(min-width: 0px) and (max-width: 480px) 480px, (min-width: 481px) 760px, 100vw\" \/><\/p>\n<h2>Uporaba varjenega valja tipa T<\/h2>\n<ol>\n<li>\n<h3>Avtomobilska industrija<\/h3>\n<p>Varjeni cilindri tipa T se pogosto uporabljajo v avtomobilski industriji. Uporabljajo se v avtomobilskih vratih, dvigalih pokrova motorja in prtlja\u017enika, strehah kabrioletov in servo volanskih sistemih. Ti cilindri so priljubljeni zaradi svoje sposobnosti zagotavljanja visoke izhodne sile z majhnimi prostorskimi potrebami. Zasnova cilindra tipa T je zelo primerna za aplikacije, kjer je treba silo prenesti v dve razli\u010dni smeri.<\/p>\n<p>Poleg tega varjena konstrukcija teh valjev omogo\u010da delovanje pri visokih temperaturah in tlakih brez pu\u0161\u010danja. Zaradi tega so primerni za uporabo v motorjih, menjalnikih in zavornih sistemih.<\/li>\n<li>\n<h3>Predelovalna industrija<\/h3>\n<p>Varjeni cilindri s T-kosom se uporabljajo tudi v predelovalni industriji. Uporabljajo se v hidravli\u010dnih stiskalnicah, kova\u0161kih strojih in strojih za rezanje kovin. Zaradi visoke izhodne sile teh cilindrov so idealni za aplikacije, kjer je potrebna velika sila v majhnem prostoru.<\/p>\n<p>Zasnova valja s T-obliko je zelo primerna tudi za aplikacije, kjer je treba silo prenesti v dve razli\u010dni smeri. Na primer, v hidravli\u010dni stiskalnici se lahko valj s T-obliko uporablja za nana\u0161anje sile tako navpi\u010dno kot vodoravno, kar omogo\u010da bolj zapletene proizvodne procese.<\/li>\n<li>\n<h3>Letalska in vesoljska industrija<\/h3>\n<p>Varjeni cilindri s T-kosom se uporabljajo v letalski industriji za razli\u010dne namene. Uporabljajo se v sistemih podvozja, tovornih vratih in sistemih za krmiljenje leta. Zaradi visoke izhodne sile in kompaktne zasnove teh cilindrov so idealni za uporabo v omejenem prostoru, ki je na voljo na letalu.<\/p>\n<p>Varjena konstrukcija teh jeklenk jih naredi odporne tudi na visoke tlake in temperature, ki se pojavljajo med letom. Poleg tega zasnova jeklenk tipa T omogo\u010da prenos sile v dve razli\u010dni smeri, zaradi \u010desar so zelo primerne za aplikacije, kjer je treba silo uporabiti pod kotom.<\/li>\n<li>\n<h3>Gradbena industrija<\/h3>\n<p>Varjeni cilindri s T-kosom se uporabljajo v gradbeni industriji za dvigovanje in premikanje te\u017ekih bremen. Uporabljajo se v \u017eerjavih, bagrih in nakladalnih strojih. Zaradi visoke izhodne sile in kompaktne zasnove teh cilindrov so idealni za uporabo v omejenem prostoru na gradbi\u0161\u010du.<\/p>\n<p>Zasnova cilindra s T-kosom omogo\u010da prenos sile v dve razli\u010dni smeri, zaradi \u010desar je zelo primeren za aplikacije, kjer je treba silo uporabiti pod kotom. Poleg tega varjena konstrukcija teh cilindrov omogo\u010da delovanje pri visokih tlakih in temperaturah brez pu\u0161\u010danja, zaradi \u010desar so primerni za uporabo v zahtevnih zunanjih okoljih.<\/li>\n<\/ol>\n<h3>O FMP-ju<\/h3>\n<p>FMP je \u017ee ve\u010d kot 30 let vodilni proizvajalec in dobavitelj hidravli\u010dnih cilindrov. Na\u0161e industrijsko obmo\u010dje se nahaja v Italiji in imamo ve\u010d kot 100 naprav, vklju\u010dno z avtomatskim varilnim strojem v za\u0161\u010ditni plinski atmosferi, strojem za globoko vrtanje, CNC stru\u017enico, cilindri\u010dnim brusilnikom, avtomatskim \u010distilnim strojem, avtomatskim monta\u017enim strojem, avtomatsko preizku\u0161evalno mizo za delovanje hidravli\u010dnih cilindrov, avtomatsko linijo za barvanje in \u0161e ve\u010d.<\/p>\n<p>Na\u0161i hidravli\u010dni cilindri so zasnovani in izdelani pod strogim nadzorom kakovosti, da na\u0161im strankam zagotovimo le najbolj\u0161e. Na\u0161e storitve vklju\u010dujejo:<\/p>\n<ol>\n<li><strong>Storitev oblikovanja:<\/strong> Na\u0161a izku\u0161ena oblikovalska ekipa vam lahko pomaga pri vseh potrebah po novih izdelkih ali izbolj\u0161avah, ki jih morda \u017eelite.<\/li>\n<li><strong>Storitev za izdelke:<\/strong> Zagotavljamo kakovost skozi celoten proces izbire surovin, rezanja, grobe obdelave, testiranja, \u010di\u0161\u010denja, monta\u017ee, pakiranja in transporta.<\/li>\n<li><strong>Vzorec postopka:<\/strong> Vzorce lahko razvijamo in nenehno spreminjamo glede na va\u0161e specifi\u010dne zahteve.<\/li>\n<li><strong>Raziskave in razvoj:<\/strong> Preu\u010dujemo nove potrebe trga in ustrezno razvijamo nove modele.<\/li>\n<li><strong>Prilagoditev:<\/strong> Sprejemamo zahteve za prilagoditev vseh vrst hidravli\u010dnih cilindrov.<\/li>\n<\/ol>\n<p>Na\u0161a zavezanost kakovosti in zadovoljstvu strank nas lo\u010di od drugih proizvajalcev. Prizadevamo si zagotoviti najbolj\u0161e izdelke in storitve, ki ustrezajo va\u0161im potrebam.<\/p>\n<p><img decoding=\"async\" src=\"https:\/\/fmp-components.com\/wp-content\/uploads\/2024\/12\/fmp-factory-4.webp\" alt=\"Tovarna FMP\" width=\"800\" title=\"\"><br \/>\nAvtor: CX<\/p>","protected":false},"excerpt":{"rendered":"<p>The 10009 Customized Stainless Steel Mini Hydraulic Cylinder is a compact yet powerful solution designed for applications requiring precision and durability. Crafted from high-quality stainless steel, this mini hydraulic cylinder is resistant to corrosion and wear, making it ideal for both indoor and outdoor use. Key Features: Customizable Design: Tailored to meet specific operational requirements, [&hellip;]<\/p>","protected":false},"featured_media":1132,"comment_status":"closed","ping_status":"closed","template":"","meta":{"_et_pb_use_builder":"","_et_pb_old_content":"","_et_gb_content_width":""},"product_brand":[],"product_cat":[31],"product_tag":[34,35],"class_list":{"0":"post-929","1":"product","2":"type-product","3":"status-publish","4":"has-post-thumbnail","6":"product_cat-welded-tee-type-cylinder","7":"product_tag-hydraulic-cylinder","8":"product_tag-welded-tee-type-cylinder","10":"first","11":"instock","12":"product-type-simple"},"_links":{"self":[{"href":"https:\/\/fmp-components.com\/sl\/wp-json\/wp\/v2\/product\/929","targetHints":{"allow":["GET"]}}],"collection":[{"href":"https:\/\/fmp-components.com\/sl\/wp-json\/wp\/v2\/product"}],"about":[{"href":"https:\/\/fmp-components.com\/sl\/wp-json\/wp\/v2\/types\/product"}],"replies":[{"embeddable":true,"href":"https:\/\/fmp-components.com\/sl\/wp-json\/wp\/v2\/comments?post=929"}],"wp:featuredmedia":[{"embeddable":true,"href":"https:\/\/fmp-components.com\/sl\/wp-json\/wp\/v2\/media\/1132"}],"wp:attachment":[{"href":"https:\/\/fmp-components.com\/sl\/wp-json\/wp\/v2\/media?parent=929"}],"wp:term":[{"taxonomy":"product_brand","embeddable":true,"href":"https:\/\/fmp-components.com\/sl\/wp-json\/wp\/v2\/product_brand?post=929"},{"taxonomy":"product_cat","embeddable":true,"href":"https:\/\/fmp-components.com\/sl\/wp-json\/wp\/v2\/product_cat?post=929"},{"taxonomy":"product_tag","embeddable":true,"href":"https:\/\/fmp-components.com\/sl\/wp-json\/wp\/v2\/product_tag?post=929"}],"curies":[{"name":"delovni list","href":"https:\/\/api.w.org\/{rel}","templated":true}]}}