{"id":928,"date":"2024-12-19T03:39:00","date_gmt":"2024-12-19T03:39:00","guid":{"rendered":"https:\/\/fmp-components.com\/product\/10008-factory-serving-long-stroke-1200mm-stroke-small-hydraulic-cylinder\/"},"modified":"2024-12-19T09:01:00","modified_gmt":"2024-12-19T09:01:00","slug":"10008-factory-serving-long-stroke-1200mm-stroke-small-hydraulic-cylinder","status":"publish","type":"product","link":"https:\/\/fmp-components.com\/sl\/product\/10008-factory-serving-long-stroke-1200mm-stroke-small-hydraulic-cylinder\/","title":{"rendered":"10008 Tovarni\u0161ko serviran majhen hidravli\u010dni cilinder z dolgim \u200b\u200bhodom 1200 mm"},"content":{"rendered":"<p>Tovarni\u0161ko izdelan majhen hidravli\u010dni cilinder z dolgim \u200b\u200bhodom 10008 je zasnovan za natan\u010dnost in zanesljivost v kompaktni zasnovi. Z impresivno dol\u017eino hoda 1200 mm je ta hidravli\u010dni cilinder idealen za aplikacije, ki zahtevajo dalj\u0161i doseg in mo\u010dno delovanje v omejenih prostorih.<\/p>\n<h4>Klju\u010dne lastnosti:<\/h4>\n<ul>\n<li><strong>Dol\u017eina dolgega hoda:<\/strong><br \/>\nS 1200 mm ta valj zagotavlja znatno linearno gibanje, zaradi \u010desar je primeren za razli\u010dne aplikacije, od industrijskih strojev do avtomobilskih sistemov.<\/li>\n<li><strong>Kompaktna zasnova:<\/strong><br \/>\nKljub dolgemu hodu majhen hidravli\u010dni cilinder ohranja kompaktno povr\u0161ino, kar omogo\u010da namestitev v tesnih prostorih brez \u017ertvovanja zmogljivosti.<\/li>\n<li><strong>Visoka nosilnost:<\/strong><br \/>\nTa hidravli\u010dni cilinder, zasnovan za prena\u0161anje znatnih obremenitev, zagotavlja zanesljivost in u\u010dinkovitost, zaradi \u010desar je popoln za zahtevna opravila v razli\u010dnih panogah.<\/li>\n<li><strong>Trpe\u017ena konstrukcija:<\/strong><br \/>\nCilinder je izdelan iz visokokakovostnih materialov in je zasnovan tako, da prenese te\u017eke delovne pogoje, kar zagotavlja dolgotrajno vzdr\u017eljivost in minimalno vzdr\u017eevanje.<\/li>\n<li><strong>Vsestranske uporabe:<\/strong><br \/>\nTa hidravli\u010dni cilinder je primeren za \u0161iroko paleto aplikacij, vklju\u010dno z gradbeno opremo, proizvodnimi stroji in avtomobilskimi dvigali.<\/li>\n<\/ul>\n<h4>Tehni\u010dne specifikacije:<\/h4>\n<table style=\"width: 95.5485%; height: 162px;\">\n<thead>\n<tr>\n<th>Specifikacija<\/th>\n<th>Opis<\/th>\n<\/tr>\n<\/thead>\n<tbody>\n<tr>\n<td><strong>Dol\u017eina giba<\/strong><\/td>\n<td>1200 mm<\/td>\n<\/tr>\n<tr>\n<td><strong>Velikost izvrtine<\/strong><\/td>\n<td>Prilagodljivo<\/td>\n<\/tr>\n<tr>\n<td><strong>Najve\u010dji tlak<\/strong><\/td>\n<td>Do 2500 PSI<\/td>\n<\/tr>\n<tr>\n<td><strong>Material<\/strong><\/td>\n<td>Visokotrdno jeklo<\/td>\n<\/tr>\n<tr>\n<td><strong>Vrsta povezave<\/strong><\/td>\n<td>Prirobni\u010dni ali navojni<\/td>\n<\/tr>\n<\/tbody>\n<\/table>\n<h4>Na\u010delo delovanja:<\/h4>\n<p>Hidravli\u010dni cilinder z dolgim \u200b\u200bhodom 10008, ki je vgrajen v tovarni, deluje na principu tlaka hidravli\u010dne teko\u010dine. Ko se hidravli\u010dna teko\u010dina vnese v valj, deluje na bat s silo, kar povzro\u010di mo\u010dno linearno gibanje. Ta mehanizem omogo\u010da gladko in nadzorovano delovanje, zaradi \u010desar je idealen za razli\u010dne industrijske aplikacije.<\/p>\n<p>Skratka, tovarni\u0161ko servirni majhen hidravli\u010dni cilinder 10008 z dolgim \u200b\u200bhodom in hodom 1200 mm je robustna in u\u010dinkovita re\u0161itev za panoge, ki zahtevajo zanesljivo hidravli\u010dno delovanje. Zaradi svojih edinstvenih lastnosti, trpe\u017ene konstrukcije in vsestranske uporabe je bistvena komponenta za pove\u010danje produktivnosti in operativne u\u010dinkovitosti.<\/p>\n<p><img decoding=\"async\" src=\"https:\/\/hzpt.com\/wp-content\/uploads\/2023\/12\/random-5.webp\" alt=\"\" title=\"\"><\/p>\n<p><!-- Add more bullets as needed --><\/p>\n<p><!-- Add questions and answers as needed --><\/p>\n<h2>Prednosti varjenega cilindra tipa T<\/h2>\n<ul>\n<li style=\"list-style-type: none;\">\n<ul>\n<li><strong>Pove\u010dana mo\u010d:<\/strong> Varjeni cilindri tipa T so znani po svoji visoki trdnosti, zaradi \u010desar so primerni za aplikacije, ki zahtevajo dvigovanje te\u017ekih bremen. Postopek varjenja, ki se uporablja med izdelavo teh cilindrov, zagotavlja, da je cilinder brez \u0161ibkih to\u010dk in lahko prenese visok tlak in obremenitve.<\/li>\n<\/ul>\n<\/li>\n<\/ul>\n<p>Ko se na valj izvaja pritisk, se ta enakomerno porazdeli po celotni povr\u0161ini, zaradi \u010desar je odporen na deformacije. Ta lastnost zagotavlja, da valj ohrani svojo obliko in strukturno celovitost tudi v ekstremnih pogojih.<\/p>\n<ul>\n<li style=\"list-style-type: none;\">\n<ul>\n<li><strong>Prepre\u010devanje pu\u0161\u010danja:<\/strong> Varjeni cilindri s T-kosom so zasnovani tako, da prepre\u010dujejo pu\u0161\u010danje. Postopek varjenja, ki se uporablja med izdelavo, zagotavlja, da je valj popolnoma zatesnjen in brez morebitnih pu\u0161\u010danj. Zaradi te lastnosti so primerni za uporabo v aplikacijah, kjer bi pu\u0161\u010danje lahko povzro\u010dilo resno \u0161kodo ali po\u0161kodbe.<\/li>\n<\/ul>\n<\/li>\n<\/ul>\n<p>Varjeni spoji so gladki, brez razpok ali utorov, kjer se lahko nabirajo ostanki ali umazanija, kar zmanj\u0161uje tveganje korozije in po\u0161kodb jeklenke.<\/p>\n<ul>\n<li style=\"list-style-type: none;\">\n<ul>\n<li><strong>Prilagodljivo:<\/strong> Varjene cilindre s T-kosom je mogo\u010de prilagoditi specifi\u010dnim aplikacijam. Cilindri so na voljo v razli\u010dnih velikostih in oblikah ter jih je mogo\u010de izdelati tako, da ustrezajo specifi\u010dnim zahtevam aplikacije.<\/li>\n<\/ul>\n<\/li>\n<\/ul>\n<p>Postopek prilagajanja omogo\u010da optimizacijo delovanja cilindra in zagotavlja, da je primeren za predvideno uporabo. Zaradi te lastnosti so varjeni cilindri s T-kosom idealni za uporabo v razli\u010dnih industrijskih aplikacijah, vklju\u010dno z gradbeni\u0161tvom, rudarstvom in ravnanjem z materiali.<\/p>\n<ul>\n<li style=\"list-style-type: none;\">\n<ul>\n<li><strong>Stro\u0161kovno u\u010dinkovito:<\/strong> Varjeni valji tipa T so stro\u0161kovno u\u010dinkovitej\u0161i v primerjavi z drugimi vrstami valjev. Postopek izdelave teh valjev je preprost, zaradi \u010desar so cenej\u0161i od drugih vrst valjev.<\/li>\n<\/ul>\n<\/li>\n<\/ul>\n<p>Poleg tega visoka trdnost in vzdr\u017eljivost varjenih valjev tipa T zmanj\u0161ujeta potrebo po pogostih popravilih in zamenjavah, kar prihrani stro\u0161ke vzdr\u017eevanja. Zaradi te lastnosti so priljubljena izbira za \u0161tevilne panoge, zlasti tiste z omejenim prora\u010dunom.<\/p>\n<ul>\n<li style=\"list-style-type: none;\">\n<ul>\n<li><strong>Pove\u010dana u\u010dinkovitost:<\/strong> Varjeni cilindri tipa T so zelo u\u010dinkoviti in uspe\u0161ni. Zasnova cilindra zagotavlja, da se uporabljena sila prenese neposredno na obremenitev, kar zmanj\u0161a izgubo energije in pove\u010da u\u010dinkovitost.<\/li>\n<\/ul>\n<\/li>\n<\/ul>\n<p>Varjeni spoji so mo\u010dni in togi, kar zmanj\u0161uje upogib in zagotavlja, da valj ohrani svojo obliko in strukturno celovitost tudi v ekstremnih pogojih. Zaradi te lastnosti so varjeni valji tipa T idealni za uporabo v aplikacijah, ki zahtevajo visoko u\u010dinkovitost in zanesljivost.<\/p>\n<h2>Uporaba varjenega valja tipa T<\/h2>\n<ol>\n<li>\n<h3>Avtomobilska industrija<\/h3>\n<p>Varjeni cilindri tipa T se pogosto uporabljajo v avtomobilski industriji. Uporabljajo se v avtomobilskih vratih, dvigalih pokrova motorja in prtlja\u017enika, strehah kabrioletov in servo volanskih sistemih. Ti cilindri so priljubljeni zaradi svoje sposobnosti zagotavljanja visoke izhodne sile z majhnimi prostorskimi potrebami. Zasnova cilindra tipa T je zelo primerna za aplikacije, kjer je treba silo prenesti v dve razli\u010dni smeri.<\/p>\n<p>Poleg tega varjena konstrukcija teh valjev omogo\u010da delovanje pri visokih temperaturah in tlakih brez pu\u0161\u010danja. Zaradi tega so primerni za uporabo v motorjih, menjalnikih in zavornih sistemih.<\/li>\n<li>\n<h3>Predelovalna industrija<\/h3>\n<p>Varjeni cilindri s T-kosom se uporabljajo tudi v predelovalni industriji. Uporabljajo se v hidravli\u010dnih stiskalnicah, kova\u0161kih strojih in strojih za rezanje kovin. Zaradi visoke izhodne sile teh cilindrov so idealni za aplikacije, kjer je potrebna velika sila v majhnem prostoru.<\/p>\n<p>Zasnova valja s T-obliko je zelo primerna tudi za aplikacije, kjer je treba silo prenesti v dve razli\u010dni smeri. Na primer, v hidravli\u010dni stiskalnici se lahko valj s T-obliko uporablja za nana\u0161anje sile tako navpi\u010dno kot vodoravno, kar omogo\u010da bolj zapletene proizvodne procese.<\/li>\n<li>\n<h3>Letalska in vesoljska industrija<\/h3>\n<p>Varjeni cilindri s T-kosom se uporabljajo v letalski industriji za razli\u010dne namene. Uporabljajo se v sistemih podvozja, tovornih vratih in sistemih za krmiljenje leta. Zaradi visoke izhodne sile in kompaktne zasnove teh cilindrov so idealni za uporabo v omejenem prostoru, ki je na voljo na letalu.<\/p>\n<p>Varjena konstrukcija teh jeklenk jih naredi odporne tudi na visoke tlake in temperature, ki se pojavljajo med letom. Poleg tega zasnova jeklenk tipa T omogo\u010da prenos sile v dve razli\u010dni smeri, zaradi \u010desar so zelo primerne za aplikacije, kjer je treba silo uporabiti pod kotom.<\/li>\n<li>\n<h3>Gradbena industrija<\/h3>\n<p>Varjeni cilindri s T-kosom se uporabljajo v gradbeni industriji za dvigovanje in premikanje te\u017ekih bremen. Uporabljajo se v \u017eerjavih, bagrih in nakladalnih strojih. Zaradi visoke izhodne sile in kompaktne zasnove teh cilindrov so idealni za uporabo v omejenem prostoru na gradbi\u0161\u010du.<\/p>\n<p>Zasnova cilindra s T-kosom omogo\u010da prenos sile v dve razli\u010dni smeri, zaradi \u010desar je zelo primeren za aplikacije, kjer je treba silo uporabiti pod kotom. Poleg tega varjena konstrukcija teh cilindrov omogo\u010da delovanje pri visokih tlakih in temperaturah brez pu\u0161\u010danja, zaradi \u010desar so primerni za uporabo v zahtevnih zunanjih okoljih.<\/li>\n<\/ol>\n<h3>O FMP-ju<\/h3>\n<p>FMP je vodilni proizvajalec in dobavitelj hidravli\u010dnih cilindrov z ve\u010d kot 30-letnimi izku\u0161njami v panogi. Na\u0161e najsodobnej\u0161e industrijsko obmo\u010dje se nahaja v Italiji in ima ve\u010d kot 100 naprednih naprav za u\u010dinkovito proizvodnjo. Ponosni smo na to, da zagotavljamo visokokakovostne izdelke, ki zadovoljujejo raznolike potrebe na\u0161ih strank.<\/p>\n<p><img decoding=\"async\" src=\"https:\/\/fmp-components.com\/wp-content\/uploads\/2024\/12\/fmp-factory-4.webp\" alt=\"Tovarna FMP\" width=\"800\" title=\"\"><\/p>\n<p>1) \u0160iroka paleta vrst hidravli\u010dnih cilindrov:<br \/>\nPonujamo \u0161iroko paleto hidravli\u010dnih cilindrov za razli\u010dne aplikacije. Na\u0161a linija izdelkov vklju\u010duje hidravli\u010dne cilindre, hidravli\u010dne cilindre z u\u0161esi in dvosmerne avtomatske teleskopske hidravli\u010dne cilindre. Vsak hidravli\u010dni cilinder je podvr\u017een strogim pregledom in obdelavi, da se zagotovi vrhunska kakovost.<\/p>\n<p>2) Storitev oblikovanja:<br \/>\nNa\u0161a predana ekipa oblikovalcev se pona\u0161a z bogatimi izku\u0161njami na podro\u010dju na\u010drtovanja in razvoja izdelkov za univerzalne gredi. Ne glede na to, ali potrebujete nove izdelke ali izbolj\u0161ave obstoje\u010dih, smo tukaj, da vas podpremo skozi ves proces.<\/p>\n<p>3) Storitve za izdelke:<br \/>\nOd nabave surovin do rezanja, grobe obdelave, testiranja, \u010di\u0161\u010denja, monta\u017ee, pakiranja in transporta, na\u0161a natan\u010dna storitev za izdelke zagotavlja, da je vsak korak izveden natan\u010dno in s pozornostjo do detajlov.<\/p>\n<p>4) Postopek vzor\u010denja:<br \/>\nRazumemo pomen prilagajanja izdelkov. Zato ponujamo razvoj vzorcev glede na va\u0161e specifi\u010dne zahteve. Vzorce nenehno spreminjamo, da ustrezajo va\u0161im potrebam, in tako zagotavljamo, da ste s kon\u010dnim izdelkom popolnoma zadovoljni.<\/p>\n<p>5) Raziskave in razvoj (R&amp;R):<br \/>\nV podjetju FMP ostajamo korak pred tr\u017enimi trendi z aktivnim preu\u010devanjem razvijajo\u010dih se potreb panoge. Na\u0161a predana ekipa za raziskave in razvoj nenehno razvija nove modele, da bi zadostila zahtevam trga in ponudila inovativne re\u0161itve.<\/p>\n<p>Za vse va\u0161e potrebe po hidravli\u010dnih cilindrih izberite FMP. Od drugih nas lo\u010di na\u0161a zavezanost vrhunski kakovosti, \u0161iroka paleta izdelkov, strokovno znanje o oblikovanju, celovita storitev za izdelke in nenehne inovacije. Postanite na\u0161 partner in izkusite odli\u010dnost, ki jo zagotavljamo v vseh vidikih na\u0161ih izdelkov in storitev.<\/p>\n<p>Kontaktirajte nas zdaj, da se pogovorimo o va\u0161ih zahtevah in razi\u0161\u010demo, kako lahko sodelujemo pri izpolnjevanju va\u0161ih potreb glede hidravli\u010dnih cilindrov.<\/p>\n<p><img loading=\"lazy\" decoding=\"async\" class=\"size-full wp-image-974 aligncenter\" src=\"https:\/\/fmp-components.com\/wp-content\/uploads\/2024\/12\/application-of-Welded-Tee-Type-Cylinder.webp\" alt=\"uporaba varjenega valja s T-kosom\" width=\"760\" height=\"860\" title=\"\" srcset=\"https:\/\/fmp-components.com\/wp-content\/uploads\/2024\/12\/application-of-Welded-Tee-Type-Cylinder.webp 760w, https:\/\/fmp-components.com\/wp-content\/uploads\/2024\/12\/application-of-Welded-Tee-Type-Cylinder-480x543.webp 480w\" sizes=\"(min-width: 0px) and (max-width: 480px) 480px, (min-width: 481px) 760px, 100vw\" \/><br \/>\nAvtor: CX<\/p>","protected":false},"excerpt":{"rendered":"<p>The 10008 Factory Serving Long Stroke Small Hydraulic Cylinder is engineered for precision and reliability in a compact design. With an impressive stroke length of 1200mm, this hydraulic cylinder is ideal for applications requiring extended reach and powerful performance in confined spaces. Key Features: Long Stroke Length: At 1200mm, this cylinder provides significant linear movement, [&hellip;]<\/p>","protected":false},"featured_media":1133,"comment_status":"closed","ping_status":"closed","template":"","meta":{"_et_pb_use_builder":"","_et_pb_old_content":"","_et_gb_content_width":""},"product_brand":[],"product_cat":[31],"product_tag":[34,35],"class_list":{"0":"post-928","1":"product","2":"type-product","3":"status-publish","4":"has-post-thumbnail","6":"product_cat-welded-tee-type-cylinder","7":"product_tag-hydraulic-cylinder","8":"product_tag-welded-tee-type-cylinder","10":"first","11":"instock","12":"product-type-simple"},"_links":{"self":[{"href":"https:\/\/fmp-components.com\/sl\/wp-json\/wp\/v2\/product\/928","targetHints":{"allow":["GET"]}}],"collection":[{"href":"https:\/\/fmp-components.com\/sl\/wp-json\/wp\/v2\/product"}],"about":[{"href":"https:\/\/fmp-components.com\/sl\/wp-json\/wp\/v2\/types\/product"}],"replies":[{"embeddable":true,"href":"https:\/\/fmp-components.com\/sl\/wp-json\/wp\/v2\/comments?post=928"}],"wp:featuredmedia":[{"embeddable":true,"href":"https:\/\/fmp-components.com\/sl\/wp-json\/wp\/v2\/media\/1133"}],"wp:attachment":[{"href":"https:\/\/fmp-components.com\/sl\/wp-json\/wp\/v2\/media?parent=928"}],"wp:term":[{"taxonomy":"product_brand","embeddable":true,"href":"https:\/\/fmp-components.com\/sl\/wp-json\/wp\/v2\/product_brand?post=928"},{"taxonomy":"product_cat","embeddable":true,"href":"https:\/\/fmp-components.com\/sl\/wp-json\/wp\/v2\/product_cat?post=928"},{"taxonomy":"product_tag","embeddable":true,"href":"https:\/\/fmp-components.com\/sl\/wp-json\/wp\/v2\/product_tag?post=928"}],"curies":[{"name":"delovni list","href":"https:\/\/api.w.org\/{rel}","templated":true}]}}