{"id":927,"date":"2024-12-19T03:39:00","date_gmt":"2024-12-19T03:39:00","guid":{"rendered":"https:\/\/fmp-components.com\/product\/10007-high-quality-double-acting-hydraulic-ram-cylinder-for-sale\/"},"modified":"2024-12-19T09:01:14","modified_gmt":"2024-12-19T09:01:14","slug":"10007-high-quality-double-acting-hydraulic-ram-cylinder-for-sale","status":"publish","type":"product","link":"https:\/\/fmp-components.com\/sl\/product\/10007-high-quality-double-acting-hydraulic-ram-cylinder-for-sale\/","title":{"rendered":"10007 Visokokakovostni dvosmerni hidravli\u010dni cilinder za prodajo"},"content":{"rendered":"<h3>Odkrijte mo\u010d hidravli\u010dnega cilindra<\/h3>\n<p>Izkusite visoko u\u010dinkovito mo\u010d z vrhunskim dvosmerno delujo\u010dim hidravli\u010dnim cilindrom FMP. Od svoje ustanovitve leta 2006 je FMP v ospredju zagotavljanja vrhunskih hidravli\u010dnih re\u0161itev za industrije po vsem svetu in s tem revolucionarno spreminja na\u010din izkori\u0161\u010danja in uporabe hidravli\u010dne mo\u010di. Z zavezanostjo inovacijam in kakovosti je FMP zasnoval hidravli\u010dni cilindri, ki ustrezajo zahtevnim potrebam sodobnih aplikacij in zagotavljajo, da lahko podjetja delujejo z najve\u010djo zmogljivostjo.<\/p>\n<p><img loading=\"lazy\" decoding=\"async\" class=\"size-full wp-image-976 aligncenter\" src=\"https:\/\/fmp-components.com\/wp-content\/uploads\/2024\/12\/Welded-Tee-Type-Cylinder2.webp\" alt=\"Varjeni valj tipa T\" width=\"764\" height=\"675\" title=\"\" srcset=\"https:\/\/fmp-components.com\/wp-content\/uploads\/2024\/12\/Welded-Tee-Type-Cylinder2.webp 764w, https:\/\/fmp-components.com\/wp-content\/uploads\/2024\/12\/Welded-Tee-Type-Cylinder2-480x424.webp 480w\" sizes=\"(min-width: 0px) and (max-width: 480px) 480px, (min-width: 481px) 764px, 100vw\" \/><\/p>\n<h3>Zna\u010dilnosti in specifikacije<\/h3>\n<h4>Klju\u010dne lastnosti izdelka<\/h4>\n<ul>\n<li><strong>Energetsko u\u010dinkovito:<\/strong><br \/>\nDvosmerno delujo\u010di hidravli\u010dni cilinder je zasnovan za maksimalno energetsko u\u010dinkovitost, kar omogo\u010da u\u010dinkovito delovanje ob hkratni zmanj\u0161ani porabi energije. Ta lastnost ne le zmanj\u0161uje obratovalne stro\u0161ke, temve\u010d prispeva tudi k okoljski trajnosti z zmanj\u0161anjem celotnega energijskega odtisa hidravli\u010dnih operacij.<\/li>\n<li><strong>Visoka operativna u\u010dinkovitost:<\/strong><br \/>\nTa hidravli\u010dni cilinder, zasnovan za optimalno delovanje, zagotavlja izjemno operativno u\u010dinkovitost. Njegova robustna konstrukcija in napredna tehnologija omogo\u010data zanesljivo delovanje pod visokim tlakom in velikimi obremenitvami, zaradi \u010desar je idealen za razli\u010dne zahtevne industrijske aplikacije.<\/li>\n<li><strong>Varno in zanesljivo:<\/strong><br \/>\nVarnost je pri zasnovi hidravli\u010dnega cilindra najpomembnej\u0161i dejavnik. Ta valj, izdelan iz visokokakovostnih materialov in z naprednimi varnostnimi funkcijami, je odporen na pu\u0161\u010danje in okvare. Ta zanesljivost zagotavlja, da lahko upravljavci delajo z zaupanjem, saj vedo, da je oprema varna in zanesljiva tudi v najzahtevnej\u0161ih okoljih.<\/li>\n<\/ul>\n<h3>Na\u010delo delovanja hidravli\u010dnih sistemov<\/h3>\n<p>Hidravli\u010dni cilinder deluje na osnovnem principu tlaka teko\u010dine. Ko se hidravli\u010dna teko\u010dina vnese v valj, pritiska na bat v notranjosti. Ta tlak ustvarja linearno silo, ki omogo\u010da gibanje bata v obe smeri, kar je bistveno za \u0161irok spekter uporabe.<\/p>\n<p>Ko hidravli\u010dna teko\u010dina te\u010de v valj, potiska bat in ustvarja potrebno silo za dvigovanje ali premikanje te\u017ekih bremen. Dvostransko delujo\u010da zasnova omogo\u010da, da valj opravlja delo tako med fazo iztegovanja kot vle\u010denja, kar maksimizira u\u010dinkovitost in vsestranskost. Zaradi tega na\u010dela delovanja so hidravli\u010dni sistemi tako zmogljivi in \u200b\u200bu\u010dinkoviti v razli\u010dnih industrijskih aplikacijah, od gradbeni\u0161tva do proizvodnje.<\/p>\n<p>Skratka, dvosmerno delujo\u010di hidravli\u010dni cilinder FMP je sinonim za u\u010dinkovitost in zanesljivost. Z edinstvenimi lastnostmi, tehni\u010dnimi specifikacijami in robustnim principom delovanja je bistveno orodje za podjetja, ki \u017eelijo izbolj\u0161ati svoje hidravli\u010dno delovanje in dose\u010di ve\u010djo produktivnost. Izkusite mo\u010d hidravli\u010dne tehnologije s FMP in spremenite na\u010din izkori\u0161\u010danja energije pri svojem delovanju.<\/p>\n<p><img decoding=\"async\" src=\"https:\/\/hzpt.com\/wp-content\/uploads\/2023\/12\/random-2.webp\" alt=\"\" title=\"\"><\/p>\n<h2>Prednosti varjenega cilindra tipa T<\/h2>\n<ul>\n<li style=\"list-style-type: none;\">\n<ul>\n<li><strong>Pove\u010dana mo\u010d:<\/strong> Varjeni cilindri tipa T so znani po svoji visoki trdnosti, zaradi \u010desar so primerni za aplikacije, ki zahtevajo dvigovanje te\u017ekih bremen. Postopek varjenja, ki se uporablja med izdelavo teh cilindrov, zagotavlja, da je cilinder brez \u0161ibkih to\u010dk in lahko prenese visok tlak in obremenitve.<\/li>\n<\/ul>\n<\/li>\n<\/ul>\n<p>Ko se na valj izvaja pritisk, se ta enakomerno porazdeli po celotni povr\u0161ini, zaradi \u010desar je odporen na deformacije. Ta lastnost zagotavlja, da valj ohrani svojo obliko in strukturno celovitost tudi v ekstremnih pogojih.<\/p>\n<ul>\n<li style=\"list-style-type: none;\">\n<ul>\n<li><strong>Prepre\u010devanje pu\u0161\u010danja:<\/strong> Varjeni cilindri s T-kosom so zasnovani tako, da prepre\u010dujejo pu\u0161\u010danje. Postopek varjenja, ki se uporablja med izdelavo, zagotavlja, da je valj popolnoma zatesnjen in brez morebitnih pu\u0161\u010danj. Zaradi te lastnosti so primerni za uporabo v aplikacijah, kjer bi pu\u0161\u010danje lahko povzro\u010dilo resno \u0161kodo ali po\u0161kodbe.<\/li>\n<\/ul>\n<\/li>\n<\/ul>\n<p>Varjeni spoji so gladki, brez razpok ali utorov, kjer se lahko nabirajo ostanki ali umazanija, kar zmanj\u0161uje tveganje korozije in po\u0161kodb jeklenke.<\/p>\n<ul>\n<li style=\"list-style-type: none;\">\n<ul>\n<li><strong>Prilagodljivo:<\/strong> Varjene cilindre s T-kosom je mogo\u010de prilagoditi specifi\u010dnim aplikacijam. Cilindri so na voljo v razli\u010dnih velikostih in oblikah ter jih je mogo\u010de izdelati tako, da ustrezajo specifi\u010dnim zahtevam aplikacije.<\/li>\n<\/ul>\n<\/li>\n<\/ul>\n<p>Postopek prilagajanja omogo\u010da optimizacijo delovanja cilindra in zagotavlja, da je primeren za predvideno uporabo. Zaradi te lastnosti so varjeni cilindri s T-kosom idealni za uporabo v razli\u010dnih industrijskih aplikacijah, vklju\u010dno z gradbeni\u0161tvom, rudarstvom in ravnanjem z materiali.<\/p>\n<ul>\n<li style=\"list-style-type: none;\">\n<ul>\n<li><strong>Stro\u0161kovno u\u010dinkovito:<\/strong> Varjeni valji tipa T so stro\u0161kovno u\u010dinkovitej\u0161i v primerjavi z drugimi vrstami valjev. Postopek izdelave teh valjev je preprost, zaradi \u010desar so cenej\u0161i od drugih vrst valjev.<\/li>\n<\/ul>\n<\/li>\n<\/ul>\n<p>Poleg tega visoka trdnost in vzdr\u017eljivost varjenih valjev tipa T zmanj\u0161ujeta potrebo po pogostih popravilih in zamenjavah, kar prihrani stro\u0161ke vzdr\u017eevanja. Zaradi te lastnosti so priljubljena izbira za \u0161tevilne panoge, zlasti tiste z omejenim prora\u010dunom.<\/p>\n<ul>\n<li style=\"list-style-type: none;\">\n<ul>\n<li><strong>Pove\u010dana u\u010dinkovitost:<\/strong> Varjeni cilindri tipa T so zelo u\u010dinkoviti in uspe\u0161ni. Zasnova cilindra zagotavlja, da se uporabljena sila prenese neposredno na obremenitev, kar zmanj\u0161a izgubo energije in pove\u010da u\u010dinkovitost.<\/li>\n<\/ul>\n<\/li>\n<\/ul>\n<p>Varjeni spoji so mo\u010dni in togi, kar zmanj\u0161uje upogib in zagotavlja, da valj ohrani svojo obliko in strukturno celovitost tudi v ekstremnih pogojih. Zaradi te lastnosti so varjeni valji tipa T idealni za uporabo v aplikacijah, ki zahtevajo visoko u\u010dinkovitost in zanesljivost.<\/p>\n<p><img decoding=\"async\" class=\"aligncenter\" src=\"https:\/\/hzpt.com\/wp-content\/uploads\/2023\/12\/random-4.webp\" alt=\"\" title=\"\"><\/p>\n<h2>Uporaba varjenega valja tipa T<\/h2>\n<h3>Uvod<\/h3>\n<p>Varjeni T-cilinder je vrsta hidravli\u010dnega cilindra, ki se pogosto uporablja v industrijskih aplikacijah. Zasnovan je tako, da zagotavlja visoko izhodno silo v kompaktnem in stro\u0161kovno u\u010dinkovitem ohi\u0161ju. Ta tip cilindra je sestavljen iz varjenega T-kosa in batne palice, ki je pritrjena na T-kos. T-kos je povezan z valjem cilindra in vsebuje bat, ki se premika naprej in nazaj znotraj cilindra, da ustvari silo.<\/p>\n<h3>Prednosti varjenega cilindra tipa T<\/h3>\n<p>Uporaba varjenega cilindra tipa T v industrijskih aplikacijah ima ve\u010d prednosti:<\/p>\n<ul>\n<li><b>Kompaktna zasnova:<\/b> Varjeni cilindri s T-kosom so zasnovani tako, da so kompaktni, zaradi \u010desar so idealni za uporabo v aplikacijah z omejenim prostorom.<\/li>\n<li><b>Visoka u\u010dinkovitost:<\/b> Varjeni cilindri s T-priklju\u010dkom so zelo u\u010dinkoviti, kar pomeni, da lahko ustvarijo veliko silo z minimalnim vnosom energije.<\/li>\n<li><b>Trpe\u017eno:<\/b> Varjeni cilindri s T-kosom so zasnovani tako, da so zelo vzdr\u017eljivi, kar pomeni, da lahko prenesejo te\u017eke obratovalne pogoje in trajajo dolgo \u010dasa.<\/li>\n<li><b>Stro\u0161kovno u\u010dinkovito:<\/b> Varjeni cilindri tipa T so stro\u0161kovno u\u010dinkoviti, kar pomeni, da zagotavljajo dobro razmerje med ceno in kakovostjo.<\/li>\n<\/ul>\n<p><img loading=\"lazy\" decoding=\"async\" class=\"size-full wp-image-977 aligncenter\" src=\"https:\/\/fmp-components.com\/wp-content\/uploads\/2024\/12\/Welded-Tee-Type-Cylinder3.webp\" alt=\"Varjeni valj tipa T\" width=\"653\" height=\"600\" title=\"\" srcset=\"https:\/\/fmp-components.com\/wp-content\/uploads\/2024\/12\/Welded-Tee-Type-Cylinder3.webp 653w, https:\/\/fmp-components.com\/wp-content\/uploads\/2024\/12\/Welded-Tee-Type-Cylinder3-480x441.webp 480w\" sizes=\"(min-width: 0px) and (max-width: 480px) 480px, (min-width: 481px) 653px, 100vw\" \/><\/p>\n<h3>Uporaba varjenega valja tipa T<\/h3>\n<p>Varjeni cilindri tipa T se uporabljajo v \u0161tevilnih panogah, vklju\u010dno z:<\/p>\n<ul>\n<li><b>Proizvodnja:<\/b> Varjeni cilindri tipa T se uporabljajo v proizvodnji za upravljanje strojev, premikanje te\u017ekih bremen in oblikovanje kovinskih delov.<\/li>\n<li><b>Kmetijstvo:<\/b> Varjeni cilindri s T-konektorjem se uporabljajo v kmetijstvu za upravljanje hidravli\u010dnih sistemov na traktorjih, kombajnih in drugi kmetijski opremi.<\/li>\n<li><b>Gradnja:<\/b> Varjeni cilindri s T-kosom se uporabljajo v gradbeni\u0161tvu za upravljanje strojev, kot so \u017eerjavi, bagri in nakladalniki.<\/li>\n<li><b>Rudarstvo:<\/b> Varjeni cilindri s T-kosom se uporabljajo v rudarstvu za upravljanje hidravli\u010dnih sistemov na te\u017eki opremi, kot so buldo\u017eerji, nakladalci in vrtalniki za skale.<\/li>\n<li><b>Prevoz:<\/b> Varjeni cilindri s T-kosom se uporabljajo v transportu za upravljanje hidravli\u010dnih sistemov na tovornjakih, avtobusih in drugih vozilih.<\/li>\n<\/ul>\n<p>Skratka, varjeni cilindri s T-kosom so pomemben sestavni del v \u0161tevilnih industrijskih aplikacijah. Zasnovani so tako, da so kompaktni, u\u010dinkoviti, vzdr\u017eljivi in \u200b\u200bstro\u0161kovno u\u010dinkoviti, zaradi \u010desar so idealna izbira za \u0161irok spekter uporabe. Ne glede na to, ali upravljate stroje v proizvodnem obratu, kmetijsko opremo na kmetiji ali te\u017eko opremo v rudniku, vam lahko varjeni cilindri s T-kosom pomagajo pri u\u010dinkovitem in uspe\u0161nem opravljanju dela.<\/p>\n<h3>O FMP-ju<\/h3>\n<p>FMP, z ve\u010d kot 30-letno tradicijo, je priznan proizvajalec in dobavitelj razli\u010dnih vrst hidravli\u010dnih cilindrov. Na\u0161e industrijsko obmo\u010dje se nahaja v Italiji in ponosni smo na to, da upravljamo z ve\u010d kot 100 najsodobnej\u0161o opremo. Na\u0161a \u0161iroka paleta strojev vklju\u010duje avtomatske varilne stroje v za\u0161\u010ditni plinski atmosferi, stroje za globoko vrtanje, CNC stru\u017enice, cilindri\u010dne brusilnike, avtomatske \u010distilne stroje, avtomatske monta\u017ene stroje, avtomatske preskusne mize za delovanje hidravli\u010dnih cilindrov, avtomatske lakirne linije in drugo.<\/p>\n<p><img decoding=\"async\" src=\"https:\/\/fmp-components.com\/wp-content\/uploads\/2024\/12\/fmp-factory-4.webp\" alt=\"Tovarna FMP\" width=\"800\" title=\"\"><\/p>\n<p>Ko gre za hidravli\u010dne cilindre, FMP zagotavlja najvi\u0161jo kakovost in zanesljivost. Vsak hidravli\u010dni valj je podvr\u017een strogim pregledom in obdelavi, da bi na\u0161im cenjenim strankam zagotovili izjemno delovanje. Ponosni smo, da ponujamo naslednje prednosti:<\/p>\n<ol>\n<li><strong>Storitev oblikovanja:<\/strong> Na\u0161a izku\u0161ena oblikovalska ekipa blesti v na\u010drtovanju in razvoju izdelkov s kardanskimi gredmi. \u010ce imate kakr\u0161ne koli posebne zahteve za nove izdelke ali \u017eelite nadaljnje izbolj\u0161ave, smo tu, da vam pomagamo.<\/li>\n<li><strong>Storitev za izdelke:<\/strong> Na\u0161a celovita storitev vklju\u010duje poenostavljen postopek od surovin do transporta. Zagotavljamo natan\u010dne korake, kot so rezanje, groba obdelava, testiranje, \u010di\u0161\u010denje, monta\u017ea, pakiranje in transport, da vam zagotovimo vrhunske hidravli\u010dne cilindre.<\/li>\n<li><strong>Vzorec postopka:<\/strong> V podjetju FMP razumemo pomen prilagojenih vzorcev. Sposobni smo razviti vzorce na podlagi va\u0161ih zahtev in jih nenehno spreminjati, da ustrezajo va\u0161im specifi\u010dnim potrebam.<\/li>\n<li><strong>Raziskave in razvoj:<\/strong> Kot napredno podjetje nenehno preu\u010dujemo razvijajo\u010de se potrebe trga, zlasti ko se uvajajo nova vozila. To nam omogo\u010da, da razvijamo nove modele in ostajamo v ospredju panoge.<\/li>\n<li><strong>Prilagoditev:<\/strong> Specializirani smo za proizvodnjo in prodajo razli\u010dnih vrst hidravli\u010dnih cilindrov in sprejemamo prilagoditve. Ne glede na to, ali potrebujete posebne velikosti, funkcionalnosti ali druge specifikacije, je na\u0161a ekipa predana izpolnjevanju va\u0161ih edinstvenih zahtev.<\/li>\n<\/ol>\n<p>Z FMP lahko zaupate, da so na\u0161i izdelki izdelani natan\u010dno in so podvr\u017eeni strogim ukrepom nadzora kakovosti. Vabimo vas, da se nam pridru\u017eite pri vseh va\u0161ih potrebah po hidravli\u010dnih cilindrih. Za raziskovanje mo\u017enosti nas kontaktirajte \u0161e danes.<\/p>\n<p><img loading=\"lazy\" decoding=\"async\" class=\"size-full wp-image-974 aligncenter\" src=\"https:\/\/fmp-components.com\/wp-content\/uploads\/2024\/12\/application-of-Welded-Tee-Type-Cylinder.webp\" alt=\"uporaba varjenega valja s T-kosom\" width=\"760\" height=\"860\" title=\"\" srcset=\"https:\/\/fmp-components.com\/wp-content\/uploads\/2024\/12\/application-of-Welded-Tee-Type-Cylinder.webp 760w, https:\/\/fmp-components.com\/wp-content\/uploads\/2024\/12\/application-of-Welded-Tee-Type-Cylinder-480x543.webp 480w\" sizes=\"(min-width: 0px) and (max-width: 480px) 480px, (min-width: 481px) 760px, 100vw\" \/><\/p>\n<h2>Pogosto zastavljena vpra\u0161anja<\/h2>\n<p><b>V1:<\/b> Kaj je hidravli\u010dni cilinder?<\/p>\n<p><b>A1:<\/b> Hidravli\u010dni cilinder je visoko u\u010dinkovita hidravli\u010dna re\u0161itev, ki za delovanje izkori\u0161\u010da mo\u010d tlaka teko\u010dine.<\/p>\n<p><b>V2:<\/b> Katere so klju\u010dne zna\u010dilnosti hidravli\u010dnega cilindra?<\/p>\n<p><b>O2:<\/b> Hidravli\u010dni cilinder je energetsko u\u010dinkovit, zelo delujo\u010d, varen in zanesljiv.<\/p>\n<p><b>V3:<\/b> Katere so nekatere uporabe hidravli\u010dnega cilindra?<\/p>\n<p><b>A3:<\/b> Hidravli\u010dni cilinder se pogosto uporablja v\u2026<\/p>\n<p><b>V4:<\/b> Zakaj naj izberem hidravli\u010dni cilinder FMP?<\/p>\n<p><b>A4:<\/b> FMP-jev hidravli\u010dni cilinder je vrhunske kakovosti in ponuja visoko zmogljivost, zanesljivost in energetsko u\u010dinkovitost.<\/p>\n<p><b>V5:<\/b> Katere druge izdelke ponuja FMP?<\/p>\n<p><b>A5:<\/b> Poleg hidravli\u010dnih cilindrov FMP ponuja tudi vrsto drugih hidravli\u010dnih re\u0161itev za razli\u010dne panoge in aplikacije, vklju\u010dno s hidravli\u010dnimi cilindri za vili\u010darje, cilindri za rudarske prekucnike in hidravli\u010dnimi cilindri za sanitarne stroje.<\/p>\n<p>Avtor: CX<\/p>","protected":false},"excerpt":{"rendered":"<p>Discover the Power of the Hydraulic Ram Cylinder Experience high-efficiency power with FMP&#8217;s superior quality Double Acting Hydraulic Ram Cylinder. Since its establishment in 2006, FMP has been at the forefront of providing top-of-the-line hydraulic solutions to industries around the world, revolutionizing the way we harness and utilize hydraulic power. With a commitment to innovation [&hellip;]<\/p>","protected":false},"featured_media":1132,"comment_status":"closed","ping_status":"closed","template":"","meta":{"_et_pb_use_builder":"","_et_pb_old_content":"","_et_gb_content_width":""},"product_brand":[],"product_cat":[31],"product_tag":[34,35],"class_list":{"0":"post-927","1":"product","2":"type-product","3":"status-publish","4":"has-post-thumbnail","6":"product_cat-welded-tee-type-cylinder","7":"product_tag-hydraulic-cylinder","8":"product_tag-welded-tee-type-cylinder","10":"first","11":"instock","12":"product-type-simple"},"_links":{"self":[{"href":"https:\/\/fmp-components.com\/sl\/wp-json\/wp\/v2\/product\/927","targetHints":{"allow":["GET"]}}],"collection":[{"href":"https:\/\/fmp-components.com\/sl\/wp-json\/wp\/v2\/product"}],"about":[{"href":"https:\/\/fmp-components.com\/sl\/wp-json\/wp\/v2\/types\/product"}],"replies":[{"embeddable":true,"href":"https:\/\/fmp-components.com\/sl\/wp-json\/wp\/v2\/comments?post=927"}],"wp:featuredmedia":[{"embeddable":true,"href":"https:\/\/fmp-components.com\/sl\/wp-json\/wp\/v2\/media\/1132"}],"wp:attachment":[{"href":"https:\/\/fmp-components.com\/sl\/wp-json\/wp\/v2\/media?parent=927"}],"wp:term":[{"taxonomy":"product_brand","embeddable":true,"href":"https:\/\/fmp-components.com\/sl\/wp-json\/wp\/v2\/product_brand?post=927"},{"taxonomy":"product_cat","embeddable":true,"href":"https:\/\/fmp-components.com\/sl\/wp-json\/wp\/v2\/product_cat?post=927"},{"taxonomy":"product_tag","embeddable":true,"href":"https:\/\/fmp-components.com\/sl\/wp-json\/wp\/v2\/product_tag?post=927"}],"curies":[{"name":"delovni list","href":"https:\/\/api.w.org\/{rel}","templated":true}]}}