{"id":925,"date":"2024-12-19T03:39:00","date_gmt":"2024-12-19T03:39:00","guid":{"rendered":"https:\/\/fmp-components.com\/product\/direct-supply-wt-3000psi-welded-tee-hydraulic-cylinder\/"},"modified":"2024-12-19T09:01:47","modified_gmt":"2024-12-19T09:01:47","slug":"direct-supply-wt-3000psi-welded-tee-hydraulic-cylinder","status":"publish","type":"product","link":"https:\/\/fmp-components.com\/sl\/product\/direct-supply-wt-3000psi-welded-tee-hydraulic-cylinder\/","title":{"rendered":"Neposredna dobava Wt-3000Psi varjeni hidravli\u010dni cilinder T"},"content":{"rendered":"<p>Hidravli\u010dni cilinder Wt-3000Psi z varjenim T-kosom podjetja Direct Supply je vrhunski izdelek podjetja FMP, priznanega proizvajalca, ustanovljenega leta 2006. FMP je znan po svoji zavezanosti kakovosti in inovacijam, zato je ta hidravli\u010dni cilinder zasnoval posebej za visokotla\u010dne aplikacije, s \u010dimer zagotavlja, da izpolnjuje stroge zahteve razli\u010dnih industrijskih nalog. S poudarkom na vzdr\u017eljivosti in u\u010dinkovitosti model Wt-3000Psi izstopa kot zanesljiva izbira za strokovnjake, ki i\u0161\u010dejo zmogljive hidravli\u010dne re\u0161itve.<\/p>\n<p><img loading=\"lazy\" decoding=\"async\" class=\"size-full wp-image-975 aligncenter\" src=\"https:\/\/fmp-components.com\/wp-content\/uploads\/2024\/12\/Welded-Tee-Type-Cylinder1.webp\" alt=\"Varjeni valj tipa T\" width=\"759\" height=\"761\" title=\"\" srcset=\"https:\/\/fmp-components.com\/wp-content\/uploads\/2024\/12\/Welded-Tee-Type-Cylinder1.webp 759w, https:\/\/fmp-components.com\/wp-content\/uploads\/2024\/12\/Welded-Tee-Type-Cylinder1-480x481.webp 480w\" sizes=\"(min-width: 0px) and (max-width: 480px) 480px, (min-width: 481px) 759px, 100vw\" \/><\/p>\n<h3>Klju\u010dne lastnosti in prednosti<\/h3>\n<ul>\n<li><strong>Visoka zmogljivost:<\/strong><br \/>\nHidravli\u010dni cilinder Wt-3000Psi je zasnovan tako, da prenese tlak do 3000 PSI, zaradi \u010desar je idealen za te\u017eka dela. Zaradi visoke zmogljivosti lahko prenese znatne obremenitve in u\u010dinkovito deluje v zahtevnih okoljih, kot so gradbi\u0161\u010da, proizvodni obrati in kmetijska dela.<\/li>\n<li><strong>Vzdr\u017eljivost:<\/strong><br \/>\nTa hidravli\u010dni cilinder z varjeno zasnovo T-kosa je izdelan za dolgo \u017eivljenjsko dobo. Robustna konstrukcija zmanj\u0161uje tveganje pu\u0161\u010danja in strukturnih okvar, kar zagotavlja dolgotrajno delovanje tudi v ekstremnih obratovalnih pogojih. Ta vzdr\u017eljivost se odra\u017ea v zmanj\u0161anih stro\u0161kih vzdr\u017eevanja in izpadih, zaradi \u010desar je stro\u0161kovno u\u010dinkovita nalo\u017eba za podjetja.<\/li>\n<li><strong>U\u010dinkovitost:<\/strong><br \/>\nHidravli\u010dni cilinder Wt-3000Psi, zasnovan za nemoteno delovanje, zagotavlja odli\u010dno zmogljivost in hkrati optimizira porabo energije. Njegova u\u010dinkovita zasnova zmanj\u0161uje porabo hidravli\u010dne teko\u010dine, kar prispeva k ni\u017ejim obratovalnim stro\u0161kom in zmanj\u0161anemu okoljskemu odtisu. Ta u\u010dinkovitost je klju\u010dnega pomena za pove\u010danje produktivnosti pri razli\u010dnih aplikacijah.<\/li>\n<\/ul>\n<p><img decoding=\"async\" src=\"https:\/\/hzpt.com\/wp-content\/uploads\/2023\/12\/random-2.webp\" alt=\"\" title=\"\"><\/p>\n<h3>Tehni\u010dne specifikacije<\/h3>\n<p>Tehni\u010dne specifikacije varjenega hidravli\u010dnega cilindra Wt-3000Psi z T-kosom vklju\u010dujejo njegove dimenzije, te\u017eo, vrste priklju\u010dkov in druge bistvene parametre, ki dolo\u010dajo njegovo delovanje in zdru\u017eljivost s hidravli\u010dnimi sistemi. Razumevanje teh specifikacij je klju\u010dnega pomena za zagotovitev pravilne integracije v obstoje\u010de stroje in doseganje optimalnih rezultatov.<\/p>\n<table style=\"width: 91.2201%; height: 195px;\">\n<thead>\n<tr>\n<th>Specifikacija<\/th>\n<th>Opis<\/th>\n<\/tr>\n<\/thead>\n<tbody>\n<tr>\n<td><strong>Najve\u010dji tlak<\/strong><\/td>\n<td>3000 PSI<\/td>\n<\/tr>\n<tr>\n<td><strong>Dol\u017eina giba<\/strong><\/td>\n<td>Prilagodljivo<\/td>\n<\/tr>\n<tr>\n<td><strong>Material<\/strong><\/td>\n<td>Visokotrdno jeklo<\/td>\n<\/tr>\n<tr>\n<td><strong>Vrsta povezave<\/strong><\/td>\n<td>Prirobni\u010dni ali navojni<\/td>\n<\/tr>\n<tr>\n<td><strong>Te\u017ea<\/strong><\/td>\n<td>Odvisno od velikosti<\/td>\n<\/tr>\n<\/tbody>\n<\/table>\n<h3><\/h3>\n<h3><img loading=\"lazy\" decoding=\"async\" class=\"size-full wp-image-976 aligncenter\" src=\"https:\/\/fmp-components.com\/wp-content\/uploads\/2024\/12\/Welded-Tee-Type-Cylinder2.webp\" alt=\"Varjeni valj tipa T\" width=\"764\" height=\"675\" title=\"\" srcset=\"https:\/\/fmp-components.com\/wp-content\/uploads\/2024\/12\/Welded-Tee-Type-Cylinder2.webp 764w, https:\/\/fmp-components.com\/wp-content\/uploads\/2024\/12\/Welded-Tee-Type-Cylinder2-480x424.webp 480w\" sizes=\"(min-width: 0px) and (max-width: 480px) 480px, (min-width: 481px) 764px, 100vw\" \/>Hidravli\u010dni sistemi in princip delovanja<\/h3>\n<p>Hidravli\u010dni cilinder deluje na osnovnem principu pretvorbe hidravli\u010dne energije v mehansko energijo. Ta proces se za\u010dne z gibanjem hidravli\u010dne teko\u010dine, ki se \u010drpa v valj. Ko teko\u010dina vstopi, pritiska na bat znotraj valja.<\/p>\n<p>To gibanje bata, ki ga poganja tlak, ustvarja linearno silo, ki se nato uporablja za izvajanje razli\u010dnih nalog, kot so dvigovanje, potiskanje ali vle\u010denje te\u017ekih bremen. Zmo\u017enost nadzora hitrosti in smeri bata omogo\u010da natan\u010dno delovanje v \u0161irokem naboru aplikacij.<\/p>\n<p>Hidravli\u010dni cilinder z varjenim T-kosom Wt-3000Psi podjetja Direct Supply je zmogljiva in zanesljiva komponenta, zasnovana za okolja z visokim tlakom. Zaradi svojih edinstvenih lastnosti in u\u010dinkovitega delovanja je bistveno orodje za panoge, ki zahtevajo robustne hidravli\u010dne re\u0161itve, ki zagotavljajo varnost, zanesljivost in ve\u010djo produktivnost.<\/p>\n<h2>Zgodovina izdelka in vzdr\u017eevanje<\/h2>\n<p>Zgodovina hidravli\u010dnega cilindra Wt-3000Psi z varjenim T-kosom je dokaz zavezanosti podjetja FMP h kakovosti in inovacijam. Redno vzdr\u017eevanje zagotavlja dolgo \u017eivljenjsko dobo in u\u010dinkovito delovanje hidravli\u010dnega cilindra.<\/p>\n<p>&nbsp;<\/p>\n<p><img decoding=\"async\" class=\"aligncenter\" src=\"https:\/\/hzpt.com\/wp-content\/uploads\/2023\/12\/random-3.webp\" alt=\"\" title=\"\"><\/p>\n<h2>Prednosti varjenega cilindra tipa T<\/h2>\n<ul>\n<li style=\"list-style-type: none;\">\n<ul>\n<li><strong>Pove\u010dana mo\u010d:<\/strong> Varjeni cilindri tipa T so znani po svoji visoki trdnosti, zaradi \u010desar so primerni za aplikacije, ki zahtevajo dvigovanje te\u017ekih bremen. Postopek varjenja, ki se uporablja med izdelavo teh cilindrov, zagotavlja, da je cilinder brez \u0161ibkih to\u010dk in lahko prenese visok tlak in obremenitve.<\/li>\n<\/ul>\n<\/li>\n<\/ul>\n<p>Ko se na valj izvaja pritisk, se ta enakomerno porazdeli po celotni povr\u0161ini, zaradi \u010desar je odporen na deformacije. Ta lastnost zagotavlja, da valj ohrani svojo obliko in strukturno celovitost tudi v ekstremnih pogojih.<\/p>\n<ul>\n<li style=\"list-style-type: none;\">\n<ul>\n<li><strong>Prepre\u010devanje pu\u0161\u010danja:<\/strong> Varjeni cilindri s T-kosom so zasnovani tako, da prepre\u010dujejo pu\u0161\u010danje. Postopek varjenja, ki se uporablja med izdelavo, zagotavlja, da je valj popolnoma zatesnjen in brez morebitnih pu\u0161\u010danj. Zaradi te lastnosti so primerni za uporabo v aplikacijah, kjer bi pu\u0161\u010danje lahko povzro\u010dilo resno \u0161kodo ali po\u0161kodbe.<\/li>\n<\/ul>\n<\/li>\n<\/ul>\n<p>Varjeni spoji so gladki, brez razpok ali utorov, kjer se lahko nabirajo ostanki ali umazanija, kar zmanj\u0161uje tveganje korozije in po\u0161kodb jeklenke.<\/p>\n<ul>\n<li style=\"list-style-type: none;\">\n<ul>\n<li><strong>Prilagodljivo:<\/strong> Varjene cilindre s T-kosom je mogo\u010de prilagoditi specifi\u010dnim aplikacijam. Cilindri so na voljo v razli\u010dnih velikostih in oblikah ter jih je mogo\u010de izdelati tako, da ustrezajo specifi\u010dnim zahtevam aplikacije.<\/li>\n<\/ul>\n<\/li>\n<\/ul>\n<p>Postopek prilagajanja omogo\u010da optimizacijo delovanja cilindra in zagotavlja, da je primeren za predvideno uporabo. Zaradi te lastnosti so varjeni cilindri s T-kosom idealni za uporabo v razli\u010dnih industrijskih aplikacijah, vklju\u010dno z gradbeni\u0161tvom, rudarstvom in ravnanjem z materiali.<\/p>\n<ul>\n<li style=\"list-style-type: none;\">\n<ul>\n<li><strong>Stro\u0161kovno u\u010dinkovito:<\/strong> Varjeni valji tipa T so stro\u0161kovno u\u010dinkovitej\u0161i v primerjavi z drugimi vrstami valjev. Postopek izdelave teh valjev je preprost, zaradi \u010desar so cenej\u0161i od drugih vrst valjev.<\/li>\n<\/ul>\n<\/li>\n<\/ul>\n<p>Poleg tega visoka trdnost in vzdr\u017eljivost varjenih valjev tipa T zmanj\u0161ujeta potrebo po pogostih popravilih in zamenjavah, kar prihrani stro\u0161ke vzdr\u017eevanja. Zaradi te lastnosti so priljubljena izbira za \u0161tevilne panoge, zlasti tiste z omejenim prora\u010dunom.<\/p>\n<ul>\n<li style=\"list-style-type: none;\">\n<ul>\n<li><strong>Pove\u010dana u\u010dinkovitost:<\/strong> Varjeni cilindri tipa T so zelo u\u010dinkoviti in uspe\u0161ni. Zasnova cilindra zagotavlja, da se uporabljena sila prenese neposredno na obremenitev, kar zmanj\u0161a izgubo energije in pove\u010da u\u010dinkovitost.<\/li>\n<\/ul>\n<\/li>\n<\/ul>\n<p>Varjeni spoji so mo\u010dni in togi, kar zmanj\u0161uje upogib in zagotavlja, da valj ohrani svojo obliko in strukturno celovitost tudi v ekstremnih pogojih. Zaradi te lastnosti so varjeni valji tipa T idealni za uporabo v aplikacijah, ki zahtevajo visoko u\u010dinkovitost in zanesljivost.<\/p>\n<h2>Uporaba varjenega valja tipa T<\/h2>\n<ul>\n<li>\n<h3>Industrijski stroji in oprema<\/h3>\n<p>Varjeni T-valj se pogosto uporablja v industrijskih strojih in opremi, zlasti v hidravli\u010dnih sistemih. Valj je sestavljen iz bata in cevi valja, ki sta zvarjena skupaj v eno samo enoto. Ta zasnova ponuja ve\u010d prednosti pred drugimi vrstami valjev, kot so izbolj\u0161ana vzdr\u017eljivost, ve\u010dja trdnost in ve\u010dja natan\u010dnost.<\/p>\n<p>Ena najpomembnej\u0161ih uporab varjenih T-valjev v industrijskih strojih je njihova sposobnost zagotavljanja dosledne in natan\u010dne sile. To je bistvenega pomena za \u0161tevilne proizvodne procese, kjer je potreben natan\u010den nadzor za zagotovitev kakovosti kon\u010dnega izdelka. Varjeni T-valji se lahko uporabljajo tudi za regulacijo pretoka teko\u010din v hidravli\u010dnih sistemih, kar omogo\u010da ve\u010djo u\u010dinkovitost in zanesljivost v razli\u010dnih industrijskih aplikacijah.<\/li>\n<li>\n<h3>Kmetijska oprema<\/h3>\n<p>Varjeni T-cilinder se pogosto uporablja tudi v kmetijski opremi, kot so traktorji in \u017eetveni stroji. Ti stroji za u\u010dinkovito delovanje potrebujejo zmogljive in zanesljive hidravli\u010dne sisteme, varjeni T-cilinder pa je idealna izbira za ta namen.<\/p>\n<p>Robustna konstrukcija in visoka trdnost cilindra ga naredita zelo odpornega proti obrabi, tudi v te\u017ekih delovnih pogojih. Zaradi tega je idealna izbira za uporabo v kmetijski opremi, kjer je vzdr\u017eljivost klju\u010dnega pomena. Varjeni T-cilinder se lahko uporablja tudi za zagotavljanje natan\u010dnega nadzora, potrebnega za \u0161tevilne kmetijske procese, kot so sajenje, \u017eetev in namakanje.<\/li>\n<li>\n<h3>Gradbena oprema<\/h3>\n<p>Varjeni T-cilinder se pogosto uporablja tudi v gradbeni opremi, kot so bagri, nakladalniki in buldo\u017eerji. Ti stroji potrebujejo zmogljive in zanesljive hidravli\u010dne sisteme za opravljanje te\u017ekih nalog, kot so kopanje, dvigovanje in potiskanje te\u017ekih bremen.<\/p>\n<p>Zaradi visoke trdnosti in vzdr\u017eljivosti je varjeni T-cilinder idealna izbira za uporabo v gradbeni opremi. Njegova sposobnost zagotavljanja natan\u010dnega nadzora in konstantne sile je bistvenega pomena za \u0161tevilne gradbene procese, kot so izkopavanje, niveliranje in tlakovanje. Varjeni T-cilinder se lahko uporablja tudi za regulacijo pretoka teko\u010din v hidravli\u010dnih sistemih, kar izbolj\u0161a u\u010dinkovitost in zanesljivost gradbene opreme v razli\u010dnih aplikacijah.<\/li>\n<\/ul>\n<p><img loading=\"lazy\" decoding=\"async\" class=\"size-full wp-image-974 aligncenter\" src=\"https:\/\/fmp-components.com\/wp-content\/uploads\/2024\/12\/application-of-Welded-Tee-Type-Cylinder.webp\" alt=\"uporaba varjenega valja s T-kosom\" width=\"760\" height=\"860\" title=\"\" srcset=\"https:\/\/fmp-components.com\/wp-content\/uploads\/2024\/12\/application-of-Welded-Tee-Type-Cylinder.webp 760w, https:\/\/fmp-components.com\/wp-content\/uploads\/2024\/12\/application-of-Welded-Tee-Type-Cylinder-480x543.webp 480w\" sizes=\"(min-width: 0px) and (max-width: 480px) 480px, (min-width: 481px) 760px, 100vw\" \/><\/p>\n<h3>O FMP-ju<\/h3>\n<p>FMP, ustanovljeno pred ve\u010d kot 30 leti, je profesionalni proizvajalec in dobavitelj razli\u010dnih vrst hidravli\u010dnih cilindrov z industrijskim obmo\u010djem v Italiji. Imamo ve\u010d kot 100 kosov opreme, vklju\u010dno z avtomatskimi varilnimi stroji v za\u0161\u010ditni plinski atmosferi, stroji za globoko vrtanje, CNC stru\u017enicami, cilindri\u010dnimi brusilniki, avtomatskimi \u010distilnimi stroji, avtomatskimi monta\u017enimi stroji, avtomatskimi preskusnimi mizami za delovanje hidravli\u010dnih cilindrov, avtomatskimi lakirnimi linijami in \u0161e ve\u010d.<\/p>\n<p>Na\u0161i hidravli\u010dni cilindri so podvr\u017eeni strogim pregledom in obdelavi, da bi na\u0161im strankam zagotovili dobro kakovost. Ponujamo vrsto izdelkov, vklju\u010dno z uhani za hidravli\u010dne cilindre, dvosmernimi avtomatskimi teleskopskimi hidravli\u010dnimi cilindri in drugimi.<\/p>\n<h4>Na\u0161e prednosti:<\/h4>\n<ul>\n<li><strong>Storitev oblikovanja:<\/strong> Na\u0161a izku\u0161ena oblikovalska ekipa vam lahko pomaga pri razvoju novih izdelkov ali izbolj\u0161avah obstoje\u010dih izdelkov, da zadosti va\u0161im potrebam.<\/li>\n<li><strong>Storitev za izdelke:<\/strong> Na\u0161 proizvodni proces skrbno spremljamo, od surovin do transporta, da zagotovimo izdelke najvi\u0161je kakovosti.<\/li>\n<li><strong>Vzorec postopka:<\/strong> Razvijemo lahko vzorce, ki ustrezajo va\u0161im specifi\u010dnim potrebam, in jih nenehno spreminjamo, dokler ne izpolnimo va\u0161ih zahtev.<\/li>\n<li><strong>Raziskave in razvoj:<\/strong> Izvajamo raziskave in razvoj, da bi preu\u010dili nove tr\u017ene potrebe in razvili nove modele, ko so na trg uvedeni novi avtomobili.<\/li>\n<li><strong>Prilagoditev:<\/strong> Ponujamo vrsto mo\u017enosti prilagoditve, da zadostimo va\u0161im specifi\u010dnim zahtevam.<\/li>\n<\/ul>\n<p>Pri FMP smo predani zagotavljanju visokokakovostnih hidravli\u010dnih cilindrov in izjemne storitve za stranke. Za ve\u010d informacij o tem, kako vam lahko pomagamo pri va\u0161ih potrebah po hidravli\u010dnih cilindrih, nas kontaktirajte \u0161e danes.<\/p>\n<p><img decoding=\"async\" src=\"https:\/\/fmp-components.com\/wp-content\/uploads\/2024\/12\/fmp-factory-4.webp\" alt=\"Tovarna FMP\" width=\"800\" title=\"\"><br \/>\nAvtor: CX<\/p>","protected":false},"excerpt":{"rendered":"<p>The Wt-3000Psi Welded Tee Hydraulic Cylinder by Direct Supply is a premier product from FMP, a renowned manufacturer established in 2006. Known for its commitment to quality and innovation, FMP has designed this hydraulic cylinder specifically for high-pressure applications, ensuring it meets the rigorous demands of various industrial tasks. With a focus on durability and [&hellip;]<\/p>","protected":false},"featured_media":1133,"comment_status":"closed","ping_status":"closed","template":"","meta":{"_et_pb_use_builder":"","_et_pb_old_content":"","_et_gb_content_width":""},"product_brand":[],"product_cat":[31],"product_tag":[34,35],"class_list":{"0":"post-925","1":"product","2":"type-product","3":"status-publish","4":"has-post-thumbnail","6":"product_cat-welded-tee-type-cylinder","7":"product_tag-hydraulic-cylinder","8":"product_tag-welded-tee-type-cylinder","10":"first","11":"instock","12":"product-type-simple"},"_links":{"self":[{"href":"https:\/\/fmp-components.com\/sl\/wp-json\/wp\/v2\/product\/925","targetHints":{"allow":["GET"]}}],"collection":[{"href":"https:\/\/fmp-components.com\/sl\/wp-json\/wp\/v2\/product"}],"about":[{"href":"https:\/\/fmp-components.com\/sl\/wp-json\/wp\/v2\/types\/product"}],"replies":[{"embeddable":true,"href":"https:\/\/fmp-components.com\/sl\/wp-json\/wp\/v2\/comments?post=925"}],"wp:featuredmedia":[{"embeddable":true,"href":"https:\/\/fmp-components.com\/sl\/wp-json\/wp\/v2\/media\/1133"}],"wp:attachment":[{"href":"https:\/\/fmp-components.com\/sl\/wp-json\/wp\/v2\/media?parent=925"}],"wp:term":[{"taxonomy":"product_brand","embeddable":true,"href":"https:\/\/fmp-components.com\/sl\/wp-json\/wp\/v2\/product_brand?post=925"},{"taxonomy":"product_cat","embeddable":true,"href":"https:\/\/fmp-components.com\/sl\/wp-json\/wp\/v2\/product_cat?post=925"},{"taxonomy":"product_tag","embeddable":true,"href":"https:\/\/fmp-components.com\/sl\/wp-json\/wp\/v2\/product_tag?post=925"}],"curies":[{"name":"delovni list","href":"https:\/\/api.w.org\/{rel}","templated":true}]}}