{"id":924,"date":"2024-12-19T03:39:00","date_gmt":"2024-12-19T03:39:00","guid":{"rendered":"https:\/\/fmp-components.com\/product\/10004-factory-price-double-acting-tractor-hydraulic-cylinder\/"},"modified":"2024-12-19T09:02:15","modified_gmt":"2024-12-19T09:02:15","slug":"10004-factory-price-double-acting-tractor-hydraulic-cylinder","status":"publish","type":"product","link":"https:\/\/fmp-components.com\/sl\/product\/10004-factory-price-double-acting-tractor-hydraulic-cylinder\/","title":{"rendered":"10004 Tovarni\u0161ka cena Dvosmerni delujo\u010di traktorski hidravli\u010dni cilinder"},"content":{"rendered":"<p>Dvosmerni hidravli\u010dni cilinder za traktorje po tovarni\u0161ki ceni je klju\u010dna komponenta, ki se uporablja v razli\u010dnih strojih, zlasti v traktorjih, kjer igra pomembno vlogo pri izbolj\u0161anju operativne u\u010dinkovitosti. Ta hidravli\u010dni cilinder, ki ga proizvaja FMP, ugledno podjetje s sede\u017eem v mestu Italy City, je ponazorjen z naprednim in\u017eeniringom in natan\u010dno zasnovo. Z zavezanostjo h kakovosti in inovacijam je FMP razvil izdelek, ki izpolnjuje stroge zahteve sodobne kmetijske in industrijske uporabe. Ta hidravli\u010dni cilinder ne le prispeva k funkcionalnosti traktorjev, temve\u010d zagotavlja tudi zanesljivost in zmogljivost, zaradi \u010desar je nepogre\u0161ljivo orodje tako za upravljavce kot za proizvajalce.<\/p>\n<p><img decoding=\"async\" class=\"aligncenter\" src=\"https:\/\/hzpt.com\/wp-content\/uploads\/2023\/12\/random-3.webp\" alt=\"\" title=\"\"><\/p>\n<h3>Edinstvene lastnosti in prednosti<\/h3>\n<ul>\n<li><strong>Energetsko u\u010dinkovito:<\/strong><br \/>\nZasnova dvosmerno delujo\u010dega hidravli\u010dnega cilindra poudarja energetsko u\u010dinkovitost, kar omogo\u010da delovanje z minimalno porabo energije. Ta lastnost ne le zmanj\u0161uje obratovalne stro\u0161ke, temve\u010d je tudi v skladu s trajnostnimi praksami, zaradi \u010desar je okolju prijazna izbira za stroje.<\/li>\n<li><strong>Visoka zmogljivost:<\/strong><br \/>\nTa hidravli\u010dni cilinder, zasnovan za vrhunsko funkcionalnost, zagotavlja dosledno in zmogljivo delovanje. Njegova sposobnost ustvarjanja znatne sile tako pri iztegovanju kot pri umikanju zagotavlja, da lahko obvladuje zahtevne naloge, kot sta dvigovanje te\u017ekih bremen in omogo\u010danje natan\u010dnih gibov, zaradi \u010desar je idealen za kmetijsko in industrijsko uporabo.<\/li>\n<li><strong>Varnost:<\/strong><br \/>\nVarnost je najpomembnej\u0161i dejavnik pri zasnovi dvodelnega hidravli\u010dnega cilindra za traktorje po tovarni\u0161ki ceni. Vklju\u010duje napredne varnostne funkcije, ki prepre\u010dujejo pu\u0161\u010danje in hidravli\u010dne okvare, kar zagotavlja, da lahko upravljavci delajo samozavestno. Ta zanesljivost je \u0161e posebej pomembna v okoljih z visokim tlakom, kjer je treba varnostna tveganja zmanj\u0161ati na najmanj\u0161o mo\u017eno mero.<\/li>\n<\/ul>\n<p><img loading=\"lazy\" decoding=\"async\" class=\"size-full wp-image-977 aligncenter\" src=\"https:\/\/fmp-components.com\/wp-content\/uploads\/2024\/12\/Welded-Tee-Type-Cylinder3.webp\" alt=\"Varjeni valj tipa T\" width=\"653\" height=\"600\" title=\"\" srcset=\"https:\/\/fmp-components.com\/wp-content\/uploads\/2024\/12\/Welded-Tee-Type-Cylinder3.webp 653w, https:\/\/fmp-components.com\/wp-content\/uploads\/2024\/12\/Welded-Tee-Type-Cylinder3-480x441.webp 480w\" sizes=\"(min-width: 0px) and (max-width: 480px) 480px, (min-width: 481px) 653px, 100vw\" \/><\/p>\n<h3>Hidravli\u010dni sistem in njegovo na\u010delo delovanja<\/h3>\n<p>Razumevanje zapletenosti hidravli\u010dnega sistema in na\u010dela delovanja hidravli\u010dnega cilindra nudi dragocen vpogled v njegovo delovanje in u\u010dinkovitost. Hidravli\u010dni sistem temelji na na\u010delih mehanike teko\u010din, pri \u010demer za ustvarjanje linearnega gibanja uporablja hidravli\u010dno teko\u010dino pod tlakom. Ko se hidravli\u010dna teko\u010dina \u010drpa v valj, pritiska na notranji bat in ustvarja silo, ki poganja bat v obe smeri.<\/p>\n<p>Ta dvojna zmogljivost omogo\u010da vsestransko uporabo, saj omogo\u010da gladko iztegovanje in vstavljanje cilindra. V kontekstu traktorjev to pomeni, da lahko hidravli\u010dni sistem u\u010dinkovito krmili priklju\u010dke, kot so plugi, nakladalniki in drugi priklju\u010dki, kar pove\u010duje splo\u0161no produktivnost.<\/p>\n<p>Z raziskovanjem teh operativnih na\u010del lahko uporabniki razumejo pomembno vlogo, ki jo ima tovarni\u0161ko cenovno ugoden dvodelni traktorski hidravli\u010dni cilinder pri optimizaciji delovanja strojev, s \u010dimer zagotavlja, da izpolnjujejo stroge zahteve razli\u010dnih aplikacij, hkrati pa ohranjajo varnost in u\u010dinkovitost.<\/p>\n<p><img decoding=\"async\" src=\"https:\/\/hzpt.com\/wp-content\/uploads\/2023\/12\/random-2.webp\" alt=\"\" title=\"\"><\/p>\n<p>Poleg predstavljenega izdelka dobavljamo tudi cilindre za delovne plo\u0161\u010dadi, hidravli\u010dne cilindre za industrijska vozila, cilindre za rotacijske vrtalne stroje, cilindre za avtomobilske \u017eerjave, hidravli\u010dne cilindre za gradbeno mehanizacijo, hidravli\u010dne cilindre za vili\u010darje, cilindre za rudni\u0161ke prekucnike in hidravli\u010dne cilindre za sanitarne stroje. Prilagoditve so na voljo na zahtevo.<\/p>\n<h2>Prednosti varjenega cilindra tipa T<\/h2>\n<ul>\n<li style=\"list-style-type: none;\">\n<ul>\n<li><strong>Pove\u010dana mo\u010d:<\/strong> Varjeni cilindri tipa T so znani po svoji visoki trdnosti, zaradi \u010desar so primerni za aplikacije, ki zahtevajo dvigovanje te\u017ekih bremen. Postopek varjenja, ki se uporablja med izdelavo teh cilindrov, zagotavlja, da je cilinder brez \u0161ibkih to\u010dk in lahko prenese visok tlak in obremenitve.<\/li>\n<\/ul>\n<\/li>\n<\/ul>\n<p>Ko se na valj izvaja pritisk, se ta enakomerno porazdeli po celotni povr\u0161ini, zaradi \u010desar je odporen na deformacije. Ta lastnost zagotavlja, da valj ohrani svojo obliko in strukturno celovitost tudi v ekstremnih pogojih.<\/p>\n<ul>\n<li style=\"list-style-type: none;\">\n<ul>\n<li><strong>Prepre\u010devanje pu\u0161\u010danja:<\/strong> Varjeni cilindri s T-kosom so zasnovani tako, da prepre\u010dujejo pu\u0161\u010danje. Postopek varjenja, ki se uporablja med izdelavo, zagotavlja, da je valj popolnoma zatesnjen in brez morebitnih pu\u0161\u010danj. Zaradi te lastnosti so primerni za uporabo v aplikacijah, kjer bi pu\u0161\u010danje lahko povzro\u010dilo resno \u0161kodo ali po\u0161kodbe.<\/li>\n<\/ul>\n<\/li>\n<\/ul>\n<p>Varjeni spoji so gladki, brez razpok ali utorov, kjer se lahko nabirajo ostanki ali umazanija, kar zmanj\u0161uje tveganje korozije in po\u0161kodb jeklenke.<\/p>\n<ul>\n<li style=\"list-style-type: none;\">\n<ul>\n<li><strong>Prilagodljivo:<\/strong> Varjene cilindre s T-kosom je mogo\u010de prilagoditi specifi\u010dnim aplikacijam. Cilindri so na voljo v razli\u010dnih velikostih in oblikah ter jih je mogo\u010de izdelati tako, da ustrezajo specifi\u010dnim zahtevam aplikacije.<\/li>\n<\/ul>\n<\/li>\n<\/ul>\n<p>Postopek prilagajanja omogo\u010da optimizacijo delovanja cilindra in zagotavlja, da je primeren za predvideno uporabo. Zaradi te lastnosti so varjeni cilindri s T-kosom idealni za uporabo v razli\u010dnih industrijskih aplikacijah, vklju\u010dno z gradbeni\u0161tvom, rudarstvom in ravnanjem z materiali.<\/p>\n<ul>\n<li style=\"list-style-type: none;\">\n<ul>\n<li><strong>Stro\u0161kovno u\u010dinkovito:<\/strong> Varjeni valji tipa T so stro\u0161kovno u\u010dinkovitej\u0161i v primerjavi z drugimi vrstami valjev. Postopek izdelave teh valjev je preprost, zaradi \u010desar so cenej\u0161i od drugih vrst valjev.<\/li>\n<\/ul>\n<\/li>\n<\/ul>\n<p>Poleg tega visoka trdnost in vzdr\u017eljivost varjenih valjev tipa T zmanj\u0161ujeta potrebo po pogostih popravilih in zamenjavah, kar prihrani stro\u0161ke vzdr\u017eevanja. Zaradi te lastnosti so priljubljena izbira za \u0161tevilne panoge, zlasti tiste z omejenim prora\u010dunom.<\/p>\n<ul>\n<li style=\"list-style-type: none;\">\n<ul>\n<li><strong>Pove\u010dana u\u010dinkovitost:<\/strong> Varjeni cilindri tipa T so zelo u\u010dinkoviti in uspe\u0161ni. Zasnova cilindra zagotavlja, da se uporabljena sila prenese neposredno na obremenitev, kar zmanj\u0161a izgubo energije in pove\u010da u\u010dinkovitost.<\/li>\n<\/ul>\n<\/li>\n<\/ul>\n<p>Varjeni spoji so mo\u010dni in togi, kar zmanj\u0161uje upogib in zagotavlja, da valj ohrani svojo obliko in strukturno celovitost tudi v ekstremnih pogojih. Zaradi te lastnosti so varjeni valji tipa T idealni za uporabo v aplikacijah, ki zahtevajo visoko u\u010dinkovitost in zanesljivost.<\/p>\n<p><img loading=\"lazy\" decoding=\"async\" class=\"size-full wp-image-976 aligncenter\" src=\"https:\/\/fmp-components.com\/wp-content\/uploads\/2024\/12\/Welded-Tee-Type-Cylinder2.webp\" alt=\"Varjeni valj tipa T\" width=\"764\" height=\"675\" title=\"\" srcset=\"https:\/\/fmp-components.com\/wp-content\/uploads\/2024\/12\/Welded-Tee-Type-Cylinder2.webp 764w, https:\/\/fmp-components.com\/wp-content\/uploads\/2024\/12\/Welded-Tee-Type-Cylinder2-480x424.webp 480w\" sizes=\"(min-width: 0px) and (max-width: 480px) 480px, (min-width: 481px) 764px, 100vw\" \/><\/p>\n<h2>Uporaba varjenega valja tipa T<\/h2>\n<ol>\n<li>\n<h3>Avtomobilska industrija<\/h3>\n<p>Varjeni cilindri tipa T se pogosto uporabljajo v avtomobilski industriji. Uporabljajo se v avtomobilskih vratih, dvigalih pokrova motorja in prtlja\u017enika, strehah kabrioletov in servo volanskih sistemih. Ti cilindri so priljubljeni zaradi svoje sposobnosti zagotavljanja visoke izhodne sile z majhnimi prostorskimi potrebami. Zasnova cilindra tipa T je zelo primerna za aplikacije, kjer je treba silo prenesti v dve razli\u010dni smeri.<\/p>\n<p>Poleg tega varjena konstrukcija teh valjev omogo\u010da delovanje pri visokih temperaturah in tlakih brez pu\u0161\u010danja. Zaradi tega so primerni za uporabo v motorjih, menjalnikih in zavornih sistemih.<\/li>\n<li>\n<h3>Predelovalna industrija<\/h3>\n<p>Varjeni cilindri s T-kosom se uporabljajo tudi v predelovalni industriji. Uporabljajo se v hidravli\u010dnih stiskalnicah, kova\u0161kih strojih in strojih za rezanje kovin. Zaradi visoke izhodne sile teh cilindrov so idealni za aplikacije, kjer je potrebna velika sila v majhnem prostoru.<\/p>\n<p>Zasnova valja s T-obliko je zelo primerna tudi za aplikacije, kjer je treba silo prenesti v dve razli\u010dni smeri. Na primer, v hidravli\u010dni stiskalnici se lahko valj s T-obliko uporablja za nana\u0161anje sile tako navpi\u010dno kot vodoravno, kar omogo\u010da bolj zapletene proizvodne procese.<\/li>\n<li>\n<h3>Letalska in vesoljska industrija<\/h3>\n<p>Varjeni cilindri s T-kosom se uporabljajo v letalski industriji za razli\u010dne namene. Uporabljajo se v sistemih podvozja, tovornih vratih in sistemih za krmiljenje leta. Zaradi visoke izhodne sile in kompaktne zasnove teh cilindrov so idealni za uporabo v omejenem prostoru, ki je na voljo na letalu.<\/p>\n<p>Varjena konstrukcija teh jeklenk jih naredi odporne tudi na visoke tlake in temperature, ki se pojavljajo med letom. Poleg tega zasnova jeklenk tipa T omogo\u010da prenos sile v dve razli\u010dni smeri, zaradi \u010desar so zelo primerne za aplikacije, kjer je treba silo uporabiti pod kotom.<\/li>\n<li>\n<h3>Gradbena industrija<\/h3>\n<p>Varjeni cilindri s T-kosom se uporabljajo v gradbeni industriji za dvigovanje in premikanje te\u017ekih bremen. Uporabljajo se v \u017eerjavih, bagrih in nakladalnih strojih. Zaradi visoke izhodne sile in kompaktne zasnove teh cilindrov so idealni za uporabo v omejenem prostoru na gradbi\u0161\u010du.<\/p>\n<p>Zasnova cilindra s T-kosom omogo\u010da prenos sile v dve razli\u010dni smeri, zaradi \u010desar je zelo primeren za aplikacije, kjer je treba silo uporabiti pod kotom. Poleg tega varjena konstrukcija teh cilindrov omogo\u010da delovanje pri visokih tlakih in temperaturah brez pu\u0161\u010danja, zaradi \u010desar so primerni za uporabo v zahtevnih zunanjih okoljih.<\/li>\n<\/ol>\n<p><img loading=\"lazy\" decoding=\"async\" class=\"size-full wp-image-977 aligncenter\" src=\"https:\/\/fmp-components.com\/wp-content\/uploads\/2024\/12\/Welded-Tee-Type-Cylinder3.webp\" alt=\"Varjeni valj tipa T\" width=\"653\" height=\"600\" title=\"\" srcset=\"https:\/\/fmp-components.com\/wp-content\/uploads\/2024\/12\/Welded-Tee-Type-Cylinder3.webp 653w, https:\/\/fmp-components.com\/wp-content\/uploads\/2024\/12\/Welded-Tee-Type-Cylinder3-480x441.webp 480w\" sizes=\"(min-width: 0px) and (max-width: 480px) 480px, (min-width: 481px) 653px, 100vw\" \/><\/p>\n<h3>O FMP-ju<\/h3>\n<p>FMP je vodilni proizvajalec hidravli\u010dnih cilindrov z ve\u010d kot 30-letnimi izku\u0161njami v industriji. Na\u0161e industrijsko obmo\u010dje se nahaja v Italiji in imamo \u0161iroko paleto opreme, vklju\u010dno z avtomatskimi varilnimi stroji v za\u0161\u010ditni plinski atmosferi, stroji za globoko vrtanje, CNC stru\u017enicami, cilindri\u010dnimi brusilniki, avtomatskimi \u010distilnimi stroji, avtomatskimi monta\u017enimi stroji, avtomatskimi preskusnimi mizami za delovanje hidravli\u010dnih cilindrov, avtomatskimi linijami za barvanje in \u0161e ve\u010d. Specializirani smo za proizvodnjo hidravli\u010dnih cilindrov po meri, ki so zasnovani in izdelani tako, da ustrezajo edinstvenim potrebam na\u0161ih strank.<\/p>\n<p>Pri FMP smo zavezani k temu, da svojim strankam zagotavljamo visokokakovostne hidravli\u010dne cilindre, ki so izdelani za dolgo \u017eivljenjsko dobo. Na\u0161i izdelki so podvr\u017eeni strogim pregledom in obdelavi, da zagotovimo, da izpolnjujejo najvi\u0161je standarde kakovosti. Tukaj je le nekaj razlogov, zakaj bi morali sodelovati z nami:<\/p>\n<ol>\n<li><strong>Storitev oblikovanja:<\/strong> Na\u0161a izku\u0161ena oblikovalska ekipa vam lahko pomaga pri ustvarjanju novih izdelkov ali izbolj\u0161avah obstoje\u010dih. Predani smo tesnemu sodelovanju z na\u0161imi strankami, da zagotovimo, da so njihove potrebe izpolnjene.<\/li>\n<li><strong>Storitev za izdelke:<\/strong> Sledimo strogemu postopku, ki vklju\u010duje nabavo surovin, rezanje, grobo obdelavo, testiranje, \u010di\u0161\u010denje, monta\u017eo, pakiranje in transport. Ta postopek je zasnovan tako, da zagotavlja najvi\u0161jo kakovost na\u0161ih izdelkov.<\/li>\n<li><strong>Vzorec postopka:<\/strong> Vzorce lahko razvijemo in prilagodimo va\u0161im potrebam. Zavezani smo k temu, da na\u0161im strankam zagotavljamo visokokakovostne izdelke, ki ustrezajo njihovim specifi\u010dnim zahtevam.<\/li>\n<li><strong>Raziskave in razvoj:<\/strong> Nenehno preu\u010dujemo trg, da bi prepoznali nove potrebe in razvili nove modele. To nam omogo\u010da, da smo korak pred konkurenco in svojim strankam zagotavljamo najnovej\u0161e in najbolj inovativne izdelke hidravli\u010dnih cilindrov na trgu.<\/li>\n<li><strong>Prilagoditev:<\/strong> Specializirani smo za proizvodnjo hidravli\u010dnih cilindrov po meri, ki so zasnovani in izdelani tako, da ustrezajo edinstvenim potrebam na\u0161ih strank. Na\u0161i izdelki so na voljo v \u0161iroki paleti velikosti in konfiguracij, da ustrezajo va\u0161im specifi\u010dnim zahtevam.<\/li>\n<\/ol>\n<p><img decoding=\"async\" src=\"https:\/\/fmp-components.com\/wp-content\/uploads\/2024\/12\/fmp-factory-4.webp\" alt=\"Tovarna FMP\" width=\"800\" title=\"\"><br \/>\nAvtor: CX<\/p>","protected":false},"excerpt":{"rendered":"<p>The Factory Price Double Acting Tractor Hydraulic Cylinder is a crucial component utilized in a variety of machinery, particularly in tractors where it plays a significant role in enhancing operational efficiency. Manufactured by FMP, a reputable company based in Italy City, this hydraulic cylinder exemplifies advanced engineering and meticulous design. With a commitment to quality [&hellip;]<\/p>","protected":false},"featured_media":1132,"comment_status":"closed","ping_status":"closed","template":"","meta":{"_et_pb_use_builder":"","_et_pb_old_content":"","_et_gb_content_width":""},"product_brand":[],"product_cat":[31],"product_tag":[34,35],"class_list":{"0":"post-924","1":"product","2":"type-product","3":"status-publish","4":"has-post-thumbnail","6":"product_cat-welded-tee-type-cylinder","7":"product_tag-hydraulic-cylinder","8":"product_tag-welded-tee-type-cylinder","10":"first","11":"instock","12":"product-type-simple"},"_links":{"self":[{"href":"https:\/\/fmp-components.com\/sl\/wp-json\/wp\/v2\/product\/924","targetHints":{"allow":["GET"]}}],"collection":[{"href":"https:\/\/fmp-components.com\/sl\/wp-json\/wp\/v2\/product"}],"about":[{"href":"https:\/\/fmp-components.com\/sl\/wp-json\/wp\/v2\/types\/product"}],"replies":[{"embeddable":true,"href":"https:\/\/fmp-components.com\/sl\/wp-json\/wp\/v2\/comments?post=924"}],"wp:featuredmedia":[{"embeddable":true,"href":"https:\/\/fmp-components.com\/sl\/wp-json\/wp\/v2\/media\/1132"}],"wp:attachment":[{"href":"https:\/\/fmp-components.com\/sl\/wp-json\/wp\/v2\/media?parent=924"}],"wp:term":[{"taxonomy":"product_brand","embeddable":true,"href":"https:\/\/fmp-components.com\/sl\/wp-json\/wp\/v2\/product_brand?post=924"},{"taxonomy":"product_cat","embeddable":true,"href":"https:\/\/fmp-components.com\/sl\/wp-json\/wp\/v2\/product_cat?post=924"},{"taxonomy":"product_tag","embeddable":true,"href":"https:\/\/fmp-components.com\/sl\/wp-json\/wp\/v2\/product_tag?post=924"}],"curies":[{"name":"delovni list","href":"https:\/\/api.w.org\/{rel}","templated":true}]}}