{"id":923,"date":"2024-12-19T03:39:00","date_gmt":"2024-12-19T03:39:00","guid":{"rendered":"https:\/\/fmp-components.com\/product\/10003-high-quality-stainless-steel-welded-hydraulic-cylinder-for-tractor\/"},"modified":"2024-12-19T09:02:01","modified_gmt":"2024-12-19T09:02:01","slug":"10003-high-quality-stainless-steel-welded-hydraulic-cylinder-for-tractor","status":"publish","type":"product","link":"https:\/\/fmp-components.com\/sl\/product\/10003-high-quality-stainless-steel-welded-hydraulic-cylinder-for-tractor\/","title":{"rendered":"10003 Visokokakovostni varjeni hidravli\u010dni cilinder iz nerjave\u010dega jekla za traktor"},"content":{"rendered":"<p>Visokokakovostni varjeni hidravli\u010dni cilinder iz nerjave\u010dega jekla 10003 je posebej zasnovan za uporabo v traktorjih in zagotavlja zanesljivo delovanje ter izjemno vzdr\u017eljivost v zahtevnih kmetijskih okoljih. Ta hidravli\u010dni cilinder, zasnovan tako, da izpolnjuje stroge zahteve sodobnega kmetijstva, je bistvena komponenta za pove\u010danje u\u010dinkovitosti in produktivnosti va\u0161ega traktorja.<\/p>\n<p><img loading=\"lazy\" decoding=\"async\" class=\"size-full wp-image-977 aligncenter\" src=\"https:\/\/fmp-components.com\/wp-content\/uploads\/2024\/12\/Welded-Tee-Type-Cylinder3.webp\" alt=\"Varjeni valj tipa T\" width=\"653\" height=\"600\" title=\"\" srcset=\"https:\/\/fmp-components.com\/wp-content\/uploads\/2024\/12\/Welded-Tee-Type-Cylinder3.webp 653w, https:\/\/fmp-components.com\/wp-content\/uploads\/2024\/12\/Welded-Tee-Type-Cylinder3-480x441.webp 480w\" sizes=\"(min-width: 0px) and (max-width: 480px) 480px, (min-width: 481px) 653px, 100vw\" \/><\/p>\n<h4>Klju\u010dne lastnosti:<\/h4>\n<ul>\n<li><strong>Varjena konstrukcija:<\/strong><br \/>\nVarjena zasnova hidravli\u010dnega cilindra zagotavlja izbolj\u0161ano strukturno celovitost in odpornost proti pu\u0161\u010danju. Ta robustna konstrukcija je klju\u010dnega pomena za prena\u0161anje visokih tlakov in te\u017ekih pogojev, s katerimi se pogosto sre\u010dujemo v kmetijstvu.<\/li>\n<li><strong>Material iz nerjave\u010dega jekla:<\/strong><br \/>\nTa hidravli\u010dni cilinder je izdelan iz visokokakovostnega nerjave\u010dega jekla in ponuja izjemno odpornost proti koroziji ter vzdr\u017eljivost. Zaradi izbranega materiala je idealen za zunanjo uporabo, saj \u0161\u010diti pred vremenskimi vplivi in \u200b\u200bzagotavlja dalj\u0161o \u017eivljenjsko dobo.<\/li>\n<li><strong>Visoka nosilnost:<\/strong><br \/>\nHidravli\u010dni cilinder 10003 je zasnovan za prena\u0161anje znatnih obremenitev in zagotavlja mo\u010dno silo za razli\u010dne operacije traktorja. Ne glede na to, ali dvigujete te\u017eke pripomo\u010dke ali opravljate zahtevna opravila, ta cilinder zagotavlja zanesljivo in u\u010dinkovito delovanje.<\/li>\n<li><strong>Vsestranske uporabe:<\/strong><br \/>\nTa hidravli\u010dni cilinder je zasnovan za \u0161irok spekter uporabe, vklju\u010dno s plu\u017eenjem, dvigovanjem in vleko. Zaradi svoje vsestranskosti je primeren za razli\u010dne vrste traktorjev in kmetijske opreme, kar pove\u010duje splo\u0161no operativno u\u010dinkovitost.<\/li>\n<li><strong>Gladko delovanje:<\/strong><br \/>\nZasnovan za optimalen hidravli\u010dni pretok, cilinder zagotavlja gladko in nadzorovano gibanje. Ta zmogljivost omogo\u010da natan\u010dne nastavitve, izbolj\u0161anje natan\u010dnosti delovanja traktorja in zmanj\u0161anje obrabe strojev.<\/li>\n<\/ul>\n<h4>Tehni\u010dne specifikacije:<\/h4>\n<table style=\"width: 92.5714%; height: 202px;\">\n<thead>\n<tr>\n<th>Specifikacija<\/th>\n<th>Opis<\/th>\n<\/tr>\n<\/thead>\n<tbody>\n<tr>\n<td><strong>Velikost izvrtine<\/strong><\/td>\n<td>Prilagodljivo<\/td>\n<\/tr>\n<tr>\n<td><strong>Dol\u017eina giba<\/strong><\/td>\n<td>Na voljo so razli\u010dne mo\u017enosti<\/td>\n<\/tr>\n<tr>\n<td><strong>Najve\u010dji tlak<\/strong><\/td>\n<td>Do 3000 PSI<\/td>\n<\/tr>\n<tr>\n<td><strong>Material<\/strong><\/td>\n<td>Visokokakovostno nerjave\u010de jeklo<\/td>\n<\/tr>\n<tr>\n<td><strong>Vrsta povezave<\/strong><\/td>\n<td>Prirobni\u010dni ali navojni<\/td>\n<\/tr>\n<\/tbody>\n<\/table>\n<h4>Na\u010delo delovanja:<\/h4>\n<p>Visokokakovostni varjeni hidravli\u010dni cilinder iz nerjave\u010dega jekla 10003 deluje na principu tlaka hidravli\u010dne teko\u010dine. Ko se hidravli\u010dna teko\u010dina \u010drpa v valj, izvaja silo na bat, kar ustvarja linearno gibanje. To gibanje omogo\u010da traktorju opravljanje razli\u010dnih nalog, od dvigovanja te\u017eke opreme do natan\u010dnega prilagajanja priklju\u010dkov.<\/p>\n<p>Skratka, visokokakovostni varjeni hidravli\u010dni cilinder iz nerjave\u010dega jekla 10003 je robustna in u\u010dinkovita re\u0161itev za uporabo pri traktorjih. Zaradi varjene konstrukcije, nerjave\u010dega jekla in visoke nosilnosti je bistveno orodje za pove\u010danje produktivnosti in zanesljivosti pri kmetijskih delih. Ne glede na to, ali orete polja ali dvigujete te\u017eka bremena, je ta hidravli\u010dni cilinder zasnovan tako, da izpolnjuje zahteve sodobnega kmetijstva.<\/p>\n<p>&nbsp;<\/p>\n<p><img decoding=\"async\" src=\"https:\/\/hzpt.com\/wp-content\/uploads\/2023\/12\/random-1.webp?v=1694163707\" alt=\"\" title=\"\"><\/p>\n<h2>Prednosti varjenega cilindra tipa T<\/h2>\n<ul>\n<li style=\"list-style-type: none;\">\n<ul>\n<li><strong>Pove\u010dana mo\u010d:<\/strong> Varjeni cilindri tipa T so znani po svoji visoki trdnosti, zaradi \u010desar so primerni za aplikacije, ki zahtevajo dvigovanje te\u017ekih bremen. Postopek varjenja, ki se uporablja med izdelavo teh cilindrov, zagotavlja, da je cilinder brez \u0161ibkih to\u010dk in lahko prenese visok tlak in obremenitve.<\/li>\n<\/ul>\n<\/li>\n<\/ul>\n<p>Ko se na valj izvaja pritisk, se ta enakomerno porazdeli po celotni povr\u0161ini, zaradi \u010desar je odporen na deformacije. Ta lastnost zagotavlja, da valj ohrani svojo obliko in strukturno celovitost tudi v ekstremnih pogojih.<\/p>\n<ul>\n<li style=\"list-style-type: none;\">\n<ul>\n<li><strong>Prepre\u010devanje pu\u0161\u010danja:<\/strong> Varjeni cilindri s T-kosom so zasnovani tako, da prepre\u010dujejo pu\u0161\u010danje. Postopek varjenja, ki se uporablja med izdelavo, zagotavlja, da je valj popolnoma zatesnjen in brez morebitnih pu\u0161\u010danj. Zaradi te lastnosti so primerni za uporabo v aplikacijah, kjer bi pu\u0161\u010danje lahko povzro\u010dilo resno \u0161kodo ali po\u0161kodbe.<\/li>\n<\/ul>\n<\/li>\n<\/ul>\n<p>Varjeni spoji so gladki, brez razpok ali utorov, kjer se lahko nabirajo ostanki ali umazanija, kar zmanj\u0161uje tveganje korozije in po\u0161kodb jeklenke.<\/p>\n<ul>\n<li style=\"list-style-type: none;\">\n<ul>\n<li><strong>Prilagodljivo:<\/strong> Varjene cilindre s T-kosom je mogo\u010de prilagoditi specifi\u010dnim aplikacijam. Cilindri so na voljo v razli\u010dnih velikostih in oblikah ter jih je mogo\u010de izdelati tako, da ustrezajo specifi\u010dnim zahtevam aplikacije.<\/li>\n<\/ul>\n<\/li>\n<\/ul>\n<p>Postopek prilagajanja omogo\u010da optimizacijo delovanja cilindra in zagotavlja, da je primeren za predvideno uporabo. Zaradi te lastnosti so varjeni cilindri s T-kosom idealni za uporabo v razli\u010dnih industrijskih aplikacijah, vklju\u010dno z gradbeni\u0161tvom, rudarstvom in ravnanjem z materiali.<\/p>\n<ul>\n<li style=\"list-style-type: none;\">\n<ul>\n<li><strong>Stro\u0161kovno u\u010dinkovito:<\/strong> Varjeni valji tipa T so stro\u0161kovno u\u010dinkovitej\u0161i v primerjavi z drugimi vrstami valjev. Postopek izdelave teh valjev je preprost, zaradi \u010desar so cenej\u0161i od drugih vrst valjev.<\/li>\n<\/ul>\n<\/li>\n<\/ul>\n<p>Poleg tega visoka trdnost in vzdr\u017eljivost varjenih valjev tipa T zmanj\u0161ujeta potrebo po pogostih popravilih in zamenjavah, kar prihrani stro\u0161ke vzdr\u017eevanja. Zaradi te lastnosti so priljubljena izbira za \u0161tevilne panoge, zlasti tiste z omejenim prora\u010dunom.<\/p>\n<ul>\n<li style=\"list-style-type: none;\">\n<ul>\n<li><strong>Pove\u010dana u\u010dinkovitost:<\/strong> Varjeni cilindri tipa T so zelo u\u010dinkoviti in uspe\u0161ni. Zasnova cilindra zagotavlja, da se uporabljena sila prenese neposredno na obremenitev, kar zmanj\u0161a izgubo energije in pove\u010da u\u010dinkovitost.<\/li>\n<\/ul>\n<\/li>\n<\/ul>\n<p>Varjeni spoji so mo\u010dni in togi, kar zmanj\u0161uje upogib in zagotavlja, da valj ohrani svojo obliko in strukturno celovitost tudi v ekstremnih pogojih. Zaradi te lastnosti so varjeni valji tipa T idealni za uporabo v aplikacijah, ki zahtevajo visoko u\u010dinkovitost in zanesljivost.<\/p>\n<p><img decoding=\"async\" class=\"aligncenter\" src=\"https:\/\/hzpt.com\/wp-content\/uploads\/2023\/12\/random-4.webp\" alt=\"\" title=\"\"><\/p>\n<h2>Uporaba varjenega valja tipa T<\/h2>\n<h3>Uvod<\/h3>\n<p>Varjeni T-cilinder je vrsta hidravli\u010dnega cilindra, ki se pogosto uporablja v industrijskih aplikacijah. Zasnovan je tako, da zagotavlja visoko izhodno silo v kompaktnem in stro\u0161kovno u\u010dinkovitem ohi\u0161ju. Ta tip cilindra je sestavljen iz varjenega T-kosa in batne palice, ki je pritrjena na T-kos. T-kos je povezan z valjem cilindra in vsebuje bat, ki se premika naprej in nazaj znotraj cilindra, da ustvari silo.<\/p>\n<h3>Prednosti varjenega cilindra tipa T<\/h3>\n<p>Uporaba varjenega cilindra tipa T v industrijskih aplikacijah ima ve\u010d prednosti:<\/p>\n<ul>\n<li><b>Kompaktna zasnova:<\/b> Varjeni cilindri s T-kosom so zasnovani tako, da so kompaktni, zaradi \u010desar so idealni za uporabo v aplikacijah z omejenim prostorom.<\/li>\n<li><b>Visoka u\u010dinkovitost:<\/b> Varjeni cilindri s T-priklju\u010dkom so zelo u\u010dinkoviti, kar pomeni, da lahko ustvarijo veliko silo z minimalnim vnosom energije.<\/li>\n<li><b>Trpe\u017eno:<\/b> Varjeni cilindri s T-kosom so zasnovani tako, da so zelo vzdr\u017eljivi, kar pomeni, da lahko prenesejo te\u017eke obratovalne pogoje in trajajo dolgo \u010dasa.<\/li>\n<li><b>Stro\u0161kovno u\u010dinkovito:<\/b> Varjeni cilindri tipa T so stro\u0161kovno u\u010dinkoviti, kar pomeni, da zagotavljajo dobro razmerje med ceno in kakovostjo.<\/li>\n<\/ul>\n<h3>Uporaba varjenega valja tipa T<\/h3>\n<p>Varjeni cilindri tipa T se uporabljajo v \u0161tevilnih panogah, vklju\u010dno z:<\/p>\n<ul>\n<li><b>Proizvodnja:<\/b> Varjeni cilindri tipa T se uporabljajo v proizvodnji za upravljanje strojev, premikanje te\u017ekih bremen in oblikovanje kovinskih delov.<\/li>\n<li><b>Kmetijstvo:<\/b> Varjeni cilindri s T-konektorjem se uporabljajo v kmetijstvu za upravljanje hidravli\u010dnih sistemov na traktorjih, kombajnih in drugi kmetijski opremi.<\/li>\n<li><b>Gradnja:<\/b> Varjeni cilindri s T-kosom se uporabljajo v gradbeni\u0161tvu za upravljanje strojev, kot so \u017eerjavi, bagri in nakladalniki.<\/li>\n<li><b>Rudarstvo:<\/b> Varjeni cilindri s T-kosom se uporabljajo v rudarstvu za upravljanje hidravli\u010dnih sistemov na te\u017eki opremi, kot so buldo\u017eerji, nakladalci in vrtalniki za skale.<\/li>\n<li><b>Prevoz:<\/b> Varjeni cilindri s T-kosom se uporabljajo v transportu za upravljanje hidravli\u010dnih sistemov na tovornjakih, avtobusih in drugih vozilih.<\/li>\n<\/ul>\n<h3>Zaklju\u010dek<\/h3>\n<p>Skratka, varjeni cilindri s T-kosom so pomemben sestavni del v \u0161tevilnih industrijskih aplikacijah. Zasnovani so tako, da so kompaktni, u\u010dinkoviti, vzdr\u017eljivi in \u200b\u200bstro\u0161kovno u\u010dinkoviti, zaradi \u010desar so idealna izbira za \u0161irok spekter uporabe. Ne glede na to, ali upravljate stroje v proizvodnem obratu, kmetijsko opremo na kmetiji ali te\u017eko opremo v rudniku, vam lahko varjeni cilindri s T-kosom pomagajo pri u\u010dinkovitem in uspe\u0161nem opravljanju dela.<\/p>\n<h3>O FMP-ju<\/h3>\n<p>FMP je vodilni proizvajalec hidravli\u010dnih cilindrov z ve\u010d kot 30-letnimi izku\u0161njami v industriji. Na\u0161e industrijsko obmo\u010dje se nahaja v Italiji in imamo ve\u010d kot 100 kosov opreme, vklju\u010dno z avtomatskimi varilnimi stroji v za\u0161\u010ditni plinski atmosferi, stroji za globoko vrtanje, CNC stru\u017enicami, cilindri\u010dnimi brusilniki, avtomatskimi \u010distilnimi stroji, avtomatskimi monta\u017enimi stroji, avtomatskimi preskusnimi mizami za delovanje hidravli\u010dnih cilindrov, avtomatskimi linijami za barvanje in \u0161e ve\u010d. Ponosni smo na proizvodnjo visokokakovostnih hidravli\u010dnih cilindrov, ki zagotavljajo, da izpolnjujejo potrebe na\u0161ih strank.<\/p>\n<h4>Na\u0161i izdelki in prednosti podjetja<\/h4>\n<ul>\n<li><strong>Hidravli\u010dni cilinder:<\/strong> Na\u0161e podjetje proizvaja \u0161iroko paleto hidravli\u010dnih cilindrov, vklju\u010dno s hidravli\u010dnimi cilindri z u\u0161esi in dvosmernimi avtomatskimi teleskopskimi hidravli\u010dnimi cilindri. Vsak hidravli\u010dni cilindri je podvr\u017een strogim pregledom in obdelavi, da bi na\u0161im strankam zagotovili dobro kakovost.<\/li>\n<li><strong>Storitev oblikovanja:<\/strong> Na\u0161a oblikovalska ekipa ima bogate izku\u0161nje z na\u010drtovanjem in razvojem izdelkov za univerzalne gredi. \u010ce imate kakr\u0161ne koli potrebe po novih izdelkih ali \u017eelite nadaljnje izbolj\u0161ave, vam bomo z veseljem pomagali.<\/li>\n<li><strong>Storitev za izdelke:<\/strong> Sledimo strogim postopkom od surovin do transporta, vklju\u010dno z rezanjem, grobo obdelavo, testiranjem, \u010di\u0161\u010denjem, monta\u017eo, pakiranjem in transportom.<\/li>\n<li><strong>Vzorec postopka:<\/strong> Vzorce lahko razvijemo glede na va\u0161e zahteve in jih nenehno spreminjamo, da ustrezajo va\u0161im potrebam.<\/li>\n<li><strong>Raziskave in razvoj:<\/strong> Zavezani smo k temu, da smo na teko\u010dem z najnovej\u0161imi tr\u017enimi trendi in novimi modeli avtomobilov. Preu\u010dujemo nove potrebe trga in razvijamo nove modele, ki ustrezajo tem potrebam.<\/li>\n<\/ul>\n<p>Predani smo zagotavljanju visokokakovostnih izdelkov in storitev na\u0161im strankam. Ne glede na to, ali potrebujete standardne ali prilagojene hidravli\u010dne cilindre, ima FMP izku\u0161nje in strokovno znanje, da zadosti va\u0161im potrebam. Za ve\u010d informacij o na\u0161ih izdelkih in o tem, kako lahko pomagamo va\u0161emu podjetju, nas kontaktirajte \u0161e danes.<\/p>\n<p><img decoding=\"async\" src=\"https:\/\/fmp-components.com\/wp-content\/uploads\/2024\/12\/fmp-factory-4.webp\" alt=\"Tovarna FMP\" width=\"800\" title=\"\"><br \/>\nAvtor: CX<\/p>","protected":false},"excerpt":{"rendered":"<p>The 10003 High Quality Stainless Steel Welded Hydraulic Cylinder is specifically designed for use in tractors, providing reliable performance and exceptional durability in demanding agricultural environments. Engineered to meet the rigorous requirements of modern farming, this hydraulic cylinder is an essential component for enhancing the efficiency and productivity of your tractor operations. Key Features: Welded [&hellip;]<\/p>","protected":false},"featured_media":1132,"comment_status":"closed","ping_status":"closed","template":"","meta":{"_et_pb_use_builder":"","_et_pb_old_content":"","_et_gb_content_width":""},"product_brand":[],"product_cat":[31],"product_tag":[34,35],"class_list":{"0":"post-923","1":"product","2":"type-product","3":"status-publish","4":"has-post-thumbnail","6":"product_cat-welded-tee-type-cylinder","7":"product_tag-hydraulic-cylinder","8":"product_tag-welded-tee-type-cylinder","10":"first","11":"instock","12":"product-type-simple"},"_links":{"self":[{"href":"https:\/\/fmp-components.com\/sl\/wp-json\/wp\/v2\/product\/923","targetHints":{"allow":["GET"]}}],"collection":[{"href":"https:\/\/fmp-components.com\/sl\/wp-json\/wp\/v2\/product"}],"about":[{"href":"https:\/\/fmp-components.com\/sl\/wp-json\/wp\/v2\/types\/product"}],"replies":[{"embeddable":true,"href":"https:\/\/fmp-components.com\/sl\/wp-json\/wp\/v2\/comments?post=923"}],"wp:featuredmedia":[{"embeddable":true,"href":"https:\/\/fmp-components.com\/sl\/wp-json\/wp\/v2\/media\/1132"}],"wp:attachment":[{"href":"https:\/\/fmp-components.com\/sl\/wp-json\/wp\/v2\/media?parent=923"}],"wp:term":[{"taxonomy":"product_brand","embeddable":true,"href":"https:\/\/fmp-components.com\/sl\/wp-json\/wp\/v2\/product_brand?post=923"},{"taxonomy":"product_cat","embeddable":true,"href":"https:\/\/fmp-components.com\/sl\/wp-json\/wp\/v2\/product_cat?post=923"},{"taxonomy":"product_tag","embeddable":true,"href":"https:\/\/fmp-components.com\/sl\/wp-json\/wp\/v2\/product_tag?post=923"}],"curies":[{"name":"delovni list","href":"https:\/\/api.w.org\/{rel}","templated":true}]}}