{"id":885,"date":"2024-12-19T02:48:59","date_gmt":"2024-12-19T02:48:59","guid":{"rendered":"https:\/\/fmp-components.com\/?page_id=8"},"modified":"2024-12-19T02:50:44","modified_gmt":"2024-12-19T02:50:44","slug":"hydraulic-cylinder-for-double-shield-tunnel-boring-machine","status":"publish","type":"product","link":"https:\/\/fmp-components.com\/sl\/product\/hydraulic-cylinder-for-double-shield-tunnel-boring-machine\/","title":{"rendered":"Hidravli\u010dni cilinder za dvojni \u0161\u010ditni vrtalni stroj za predore"},"content":{"rendered":"<p style=\"text-align: center;\"><span style=\"font-size: 18pt;\">Hidravli\u010dni cilinder za dvojni \u0161\u010ditni vrtalni stroj za predore<\/span><\/p>\n<p>Hidravli\u010dni cilinder za vrtalne stroje z dvojnim \u0161\u010ditom je bistvena komponenta, zasnovana za pove\u010danje u\u010dinkovitosti in natan\u010dnosti izkopavanja predorov. Ta napredni hidravli\u010dni sistem omogo\u010da u\u010dinkovito delovanje znotraj edinstvenega ogrodja z dvojnim \u0161\u010ditom, kar omogo\u010da so\u010dasno kopanje predorov in namestitev podpor.<\/p>\n<p><img loading=\"lazy\" decoding=\"async\" class=\"alignnone size-full wp-image-911\" src=\"https:\/\/fmp-components.com\/wp-content\/uploads\/2024\/12\/Double-Shield-Tunnel-Boring-Machine-Support-Shoe-Cylinder-1.webp\" alt=\"Dvojno za\u0161\u010ditni valj za podporne \u010devlje za vrtalni stroj za predore\" width=\"980\" height=\"554\" title=\"\" srcset=\"https:\/\/fmp-components.com\/wp-content\/uploads\/2024\/12\/Double-Shield-Tunnel-Boring-Machine-Support-Shoe-Cylinder-1.webp 980w, https:\/\/fmp-components.com\/wp-content\/uploads\/2024\/12\/Double-Shield-Tunnel-Boring-Machine-Support-Shoe-Cylinder-1-480x271.webp 480w\" sizes=\"(min-width: 0px) and (max-width: 480px) 480px, (min-width: 481px) 980px, 100vw\" \/><\/p>\n<h4>Klju\u010dne lastnosti:<\/h4>\n<ul>\n<li><strong>Visoka potisna zmogljivost:<\/strong><br \/>\nTi hidravli\u010dni cilindri, zasnovani za zagotavljanje znatne sile, omogo\u010dajo hitro izkopavanje, kar znatno skraj\u0161a \u010dasovne okvirje projekta in izbolj\u0161a splo\u0161no produktivnost.<\/li>\n<li><strong>Robustna vzdr\u017eljivost:<\/strong><br \/>\nValji, izdelani iz visoko trdnih materialov, so zasnovani tako, da prenesejo te\u017eke pogoje, s katerimi se sre\u010dujemo pri gradnji predorov, kar zagotavlja dolgotrajno delovanje in zanesljivost.<\/li>\n<li><strong>Natan\u010den nadzor:<\/strong><br \/>\nHidravli\u010dni sistem omogo\u010da natan\u010dno premikanje in nadzor vrtalnega stroja, kar omogo\u010da natan\u010dno poravnavo in predorovanje, kar je klju\u010dnega pomena za izpolnjevanje projektnih specifikacij in varnostnih standardov.<\/li>\n<li><strong>Izbolj\u0161ana stabilnost:<\/strong><br \/>\nTi cilindri prispevajo k splo\u0161ni stabilnosti sistema dvojnega \u0161\u010dita, zagotavljajo varno delovanje skozi razli\u010dne geolo\u0161ke formacije in zmanj\u0161ujejo tveganje za nesre\u010de.<\/li>\n<li><strong>Vsestranske uporabe:<\/strong><br \/>\nTi hidravli\u010dni cilindri so primerni za \u0161irok spekter projektov, vklju\u010dno z metro sistemi, komunalnimi predori in razvojem infrastrukture, zato so prilagodljivi razli\u010dnim potrebam pri gradnji predorov.<\/li>\n<li><strong>Nizke zahteve glede vzdr\u017eevanja:<\/strong><br \/>\nTrpe\u017ena zasnova zmanj\u0161uje obrabo, kar vodi do ni\u017ejih stro\u0161kov vzdr\u017eevanja in manj izpadov, kar pove\u010da splo\u0161no u\u010dinkovitost projekta.<\/li>\n<li><strong>Napredne varnostne funkcije:<\/strong><br \/>\nTi hidravli\u010dni cilindri, opremljeni z varnostnimi mehanizmi za prepre\u010devanje nenamernega izklopa, zagotavljajo varno delovanje in \u0161\u010ditijo tako posadko kot stroje med izkopavanjem.<\/li>\n<\/ul>\n<p>Hidravli\u010dni cilinder za vrtalne stroje z dvojnim \u0161\u010ditom je klju\u010dna komponenta sodobne tehnologije vrtanja predorov, saj zagotavlja visoko zmogljivost, vzdr\u017eljivost in varnost. Njegova integracija v vrtalne stroje za predore znatno pove\u010da u\u010dinkovitost in uspe\u0161nost podzemnih gradbenih projektov, zaradi \u010desar je nepogre\u0161ljiv za razvoj infrastrukture.<\/p>\n<h2>Dvojni \u0161\u010ditnik za podporni \u010develj za vrtalni stroj za predore<\/h2>\n<p><img loading=\"lazy\" decoding=\"async\" class=\"size-full wp-image-912 aligncenter\" src=\"https:\/\/fmp-components.com\/wp-content\/uploads\/2024\/12\/Double-Shield-Tunnel-Boring-Machine-Support-Shoe-Cylinder.webp\" alt=\"Dvojni \u0161\u010ditnik za podporni \u010develj za vrtalni stroj za predore\" width=\"500\" height=\"200\" title=\"\" srcset=\"https:\/\/fmp-components.com\/wp-content\/uploads\/2024\/12\/Double-Shield-Tunnel-Boring-Machine-Support-Shoe-Cylinder.webp 500w, https:\/\/fmp-components.com\/wp-content\/uploads\/2024\/12\/Double-Shield-Tunnel-Boring-Machine-Support-Shoe-Cylinder-480x192.webp 480w\" sizes=\"(min-width: 0px) and (max-width: 480px) 480px, (min-width: 481px) 500px, 100vw\" \/><\/p>\n<table style=\"width: 94.1786%; height: 146px;\" border=\"1\" cellspacing=\"0\" cellpadding=\"0\">\n<tbody>\n<tr>\n<td>Ime izdelka<\/td>\n<td>Dvojni \u0161\u010ditnik za podporni \u010develj za vrtalni stroj za predore<\/td>\n<\/tr>\n<tr>\n<td>Zna\u010dilnosti:<\/td>\n<td>Zagotavlja potisk pri vrtanju predorov z rezalno glavo<\/td>\n<\/tr>\n<tr>\n<td>Premer izvrtine:<\/td>\n<td>320 mm\uff5e700 mm<\/td>\n<\/tr>\n<tr>\n<td>Premer palice:<\/td>\n<td>220 mm\uff5e500 mm<br \/>\nHod: 300 mm\uff5e1200 mm<\/td>\n<\/tr>\n<tr>\n<td>Tlak:<\/td>\n<td>do 35 MPa<\/td>\n<\/tr>\n<tr>\n<td>Uporaba:<\/td>\n<td>Stroj za vrtanje predorov z dvojnim \u0161\u010ditom<\/td>\n<\/tr>\n<\/tbody>\n<\/table>\n<h2>Navorni valj z dvojnim \u0161\u010ditom za vrtanje predorov<\/h2>\n<p><img loading=\"lazy\" decoding=\"async\" class=\"size-full wp-image-907 aligncenter\" src=\"https:\/\/fmp-components.com\/wp-content\/uploads\/2024\/12\/Double-Shield-Tunnel-Boring-Machine-Torque-Cylinder.webp\" alt=\"Navorni valj z dvojnim \u0161\u010ditom za vrtanje predorov\" width=\"500\" height=\"200\" title=\"\" srcset=\"https:\/\/fmp-components.com\/wp-content\/uploads\/2024\/12\/Double-Shield-Tunnel-Boring-Machine-Torque-Cylinder.webp 500w, https:\/\/fmp-components.com\/wp-content\/uploads\/2024\/12\/Double-Shield-Tunnel-Boring-Machine-Torque-Cylinder-480x192.webp 480w\" sizes=\"(min-width: 0px) and (max-width: 480px) 480px, (min-width: 481px) 500px, 100vw\" \/><\/p>\n<table style=\"width: 94.832%; height: 150px;\" border=\"1\" cellspacing=\"0\" cellpadding=\"0\">\n<tbody>\n<tr>\n<td>Ime izdelka<\/td>\n<td>Navorni valj z dvojnim \u0161\u010ditom za vrtanje predorov<\/td>\n<\/tr>\n<tr>\n<td>Zna\u010dilnosti:<\/td>\n<td>Prenesite navor rezalne glave<\/td>\n<\/tr>\n<tr>\n<td>Specifikacija:<\/td>\n<td>Razli\u010dne strukture in specifikacije momentnih valjev se lahko oblikujejo in izdelajo v skladu z zahtevami strank<\/td>\n<\/tr>\n<tr>\n<td>Tlak:<\/td>\n<td>do 25 MPa<br \/>\nPosebne zahteve do 35 MPa<\/td>\n<\/tr>\n<tr>\n<td>Uporaba:<\/td>\n<td>Stroj za vrtanje predorov z dvojnim \u0161\u010ditom<\/td>\n<\/tr>\n<\/tbody>\n<\/table>\n<h2>Glavni potisni valj vrtalnega stroja z dvojnim \u0161\u010ditom<\/h2>\n<p><img loading=\"lazy\" decoding=\"async\" class=\"size-full wp-image-906 aligncenter\" src=\"https:\/\/fmp-components.com\/wp-content\/uploads\/2024\/12\/Double-Shield-Tunnel-Boring-Machine-Main-Thrust-Cylinder.webp\" alt=\"Glavni potisni valj vrtalnega stroja z dvojnim \u0161\u010ditom\" width=\"500\" height=\"200\" title=\"\" srcset=\"https:\/\/fmp-components.com\/wp-content\/uploads\/2024\/12\/Double-Shield-Tunnel-Boring-Machine-Main-Thrust-Cylinder.webp 500w, https:\/\/fmp-components.com\/wp-content\/uploads\/2024\/12\/Double-Shield-Tunnel-Boring-Machine-Main-Thrust-Cylinder-480x192.webp 480w\" sizes=\"(min-width: 0px) and (max-width: 480px) 480px, (min-width: 481px) 500px, 100vw\" \/><\/p>\n<table style=\"width: 96.1207%; height: 146px;\" border=\"1\" cellspacing=\"0\" cellpadding=\"0\">\n<tbody>\n<tr>\n<td>Ime izdelka<\/td>\n<td>Glavni potisni valj vrtalnega stroja z dvojnim \u0161\u010ditom<\/td>\n<\/tr>\n<tr>\n<td>Zna\u010dilnosti:<\/td>\n<td>Zagotovite potisk TBM naprej pri predorovanju<\/td>\n<\/tr>\n<tr>\n<td>Premer izvrtine:<\/td>\n<td>220 mm\uff5e380 mm<\/td>\n<\/tr>\n<tr>\n<td>Premer palice:<\/td>\n<td>150 mm\uff5e280 mm<br \/>\nHod: 1100 mm\uff5e1700 mm<\/td>\n<\/tr>\n<tr>\n<td>Tlak:<\/td>\n<td>do 35 MPa<\/td>\n<\/tr>\n<tr>\n<td>Uporaba:<\/td>\n<td>Stroj za vrtanje predorov z dvojnim \u0161\u010ditom<\/td>\n<\/tr>\n<\/tbody>\n<\/table>\n<h2>Pomo\u017eni potisni valj za vrtalni stroj z dvojnim \u0161\u010ditom<\/h2>\n<p><img loading=\"lazy\" decoding=\"async\" class=\"size-full wp-image-904 aligncenter\" src=\"https:\/\/fmp-components.com\/wp-content\/uploads\/2024\/12\/Double-Shield-Tunnel-Boring-Machine-Auxiliary-Thrust-Cylinder.webp\" alt=\"Pomo\u017eni potisni valj za vrtalni stroj z dvojnim \u0161\u010ditom\" width=\"500\" height=\"200\" title=\"\" srcset=\"https:\/\/fmp-components.com\/wp-content\/uploads\/2024\/12\/Double-Shield-Tunnel-Boring-Machine-Auxiliary-Thrust-Cylinder.webp 500w, https:\/\/fmp-components.com\/wp-content\/uploads\/2024\/12\/Double-Shield-Tunnel-Boring-Machine-Auxiliary-Thrust-Cylinder-480x192.webp 480w\" sizes=\"(min-width: 0px) and (max-width: 480px) 480px, (min-width: 481px) 500px, 100vw\" \/><\/p>\n<table style=\"width: 97.5599%; height: 190px;\" border=\"1\" cellspacing=\"0\" cellpadding=\"0\">\n<tbody>\n<tr>\n<td>Ime izdelka<\/td>\n<td>Pomo\u017eni potisni valj za vrtalni stroj z dvojnim \u0161\u010ditom<\/td>\n<\/tr>\n<tr>\n<td>Zna\u010dilnosti:<\/td>\n<td>Zana\u0161anje na reakcijsko silo pomo\u017enega potisnega valja za potiskanje cevnega kosa, da se TBM premakne naprej<\/td>\n<\/tr>\n<tr>\n<td>Premer izvrtine:<\/td>\n<td>220 mm\uff5e320 mm<\/td>\n<\/tr>\n<tr>\n<td>Premer palice:<\/td>\n<td>180 mm\uff5e240 mm<br \/>\nHod: 2100 mm\uff5e2600 mm<\/td>\n<\/tr>\n<tr>\n<td>Tlak:<\/td>\n<td>do 35 MPa<br \/>\nPosebne zahteve do 45 MPa<\/td>\n<\/tr>\n<tr>\n<td>Uporaba:<\/td>\n<td>Stroj za vrtanje predorov z dvojnim \u0161\u010ditom<\/td>\n<\/tr>\n<\/tbody>\n<\/table>\n<h3><\/h3>\n<h3>Kako deluje hidravli\u010dni cilinder vrtalnega stroja z dvojnim \u0161\u010ditom?<\/h3>\n<p>Hidravli\u010dni cilinder v dvojnem \u0161\u010ditnem vrtalnem stroju za predore (TBM) igra klju\u010dno vlogo pri procesu predora. Tukaj je pregled njegovega delovanja:<\/p>\n<ul>\n<li><strong>Proizvodnja hidravli\u010dne energije:<\/strong><br \/>\nHidravli\u010dni sistem ustvarja energijo z uporabo hidravli\u010dne teko\u010dine, ki je pod tlakom preko hidravli\u010dnih \u010drpalk. Ta tlak ustvarja silo, ki se prena\u0161a na hidravli\u010dne cilindre.<\/li>\n<li><strong>Generiranje potiska:<\/strong><br \/>\nHidravli\u010dni cilinder pretvarja energijo hidravli\u010dne teko\u010dine v mehansko energijo in zagotavlja potisk TBM-ju. Ta potisk potiska stroj naprej v skalo ali zemljo, kar omogo\u010da u\u010dinkovito izkopavanje.<\/li>\n<li><strong>Mehanizem dvojnega \u0161\u010dita:<\/strong><br \/>\nV dvojnem \u0161\u010ditnem TBM sta dva \u0161\u010dita: sprednji \u0161\u010dit (\u0161\u010dit za rezanje) in zadnji \u0161\u010dit (\u0161\u010dit za podporo). V oba \u0161\u010dita so vgrajeni hidravli\u010dni cilindri, kar omogo\u010da so\u010dasno izkopavanje in name\u0161\u010danje podpor.<\/li>\n<li><strong>Delovanje rezalne glave:<\/strong><br \/>\nHidravli\u010dni cilindri nadzorujejo gibanje rezalne glave na sprednji strani TBM-ja. Z iztegovanjem in umikanjem pomagajo pri pozicioniranju rezalnih orodij za u\u010dinkovito prebijanje tal.<\/li>\n<\/ul>\n<p><img loading=\"lazy\" decoding=\"async\" class=\"alignnone size-full wp-image-909\" src=\"https:\/\/fmp-components.com\/wp-content\/uploads\/2024\/12\/Double-Shield-Tunnel-Boring-Machine-Torque-Cylinder-1.webp\" alt=\"Dvoslojni \u0161\u010ditnik vrtalnega stroja za predore z navornim cilindrom\" width=\"1024\" height=\"555\" title=\"\" srcset=\"https:\/\/fmp-components.com\/wp-content\/uploads\/2024\/12\/Double-Shield-Tunnel-Boring-Machine-Torque-Cylinder-1.webp 1024w, https:\/\/fmp-components.com\/wp-content\/uploads\/2024\/12\/Double-Shield-Tunnel-Boring-Machine-Torque-Cylinder-1-980x531.webp 980w, https:\/\/fmp-components.com\/wp-content\/uploads\/2024\/12\/Double-Shield-Tunnel-Boring-Machine-Torque-Cylinder-1-480x260.webp 480w\" sizes=\"(min-width: 0px) and (max-width: 480px) 480px, (min-width: 481px) and (max-width: 980px) 980px, (min-width: 981px) 1024px, 100vw\" \/><\/p>\n<ul>\n<li><strong>Namestitev podpore:<\/strong><br \/>\nMed premikanjem stroja zadnji \u0161\u010dit s pomo\u010djo hidravli\u010dnih cilindrov namesti podporne strukture (kot so segmenti ali obloge) za rezalno glavo, kar zagotavlja stabilnost predora med izkopavanjem.<\/li>\n<li><strong>Nadzor povratnih informacij:<\/strong><br \/>\nHidravli\u010dni sistem je opremljen s senzorji in krmilnimi sistemi, ki spremljajo tlak in polo\u017eaj hidravli\u010dnih valjev. Ta povratna informacija omogo\u010da natan\u010dne nastavitve, kar zagotavlja optimalno delovanje in varnost.<\/li>\n<li><strong>Stabilnost in varnost:<\/strong><br \/>\nHidravli\u010dni cilindri prispevajo k splo\u0161ni stabilnosti TBM-ja, saj pomagajo ohranjati poravnavo in ravnote\u017eje, kar zmanj\u0161uje tveganje za nesre\u010de in obratovalne motnje.<\/li>\n<li><strong>Prilagodljivost:<\/strong><br \/>\nHidravli\u010dni sistem je mogo\u010de prilagoditi razli\u010dnim vrstam tal in geolo\u0161kim razmeram, zaradi \u010desar je vsestranski za razli\u010dne projekte predorov.<\/li>\n<\/ul>\n<p>Z u\u010dinkovitim upravljanjem potiska, stabilnosti in opore so hidravli\u010dni cilindri v vrtalnem stroju z dvojnim \u0161\u010ditom bistveni za uspe\u0161no in varno izkopavanje predorov, kar pove\u010duje u\u010dinkovitost in zanesljivost sodobne podzemne gradnje.<\/p>\n<p><img loading=\"lazy\" decoding=\"async\" class=\"alignnone  wp-image-914\" src=\"https:\/\/fmp-components.com\/wp-content\/uploads\/2024\/12\/Double-Shield-Tunnel-Boring-Machine-Main-Thrust-Cylinder-1.webp\" alt=\"Glavni potisni valj vrtalnega stroja z dvojnim \u0161\u010ditom\" width=\"907\" height=\"305\" title=\"\" srcset=\"https:\/\/fmp-components.com\/wp-content\/uploads\/2024\/12\/Double-Shield-Tunnel-Boring-Machine-Main-Thrust-Cylinder-1.webp 907w, https:\/\/fmp-components.com\/wp-content\/uploads\/2024\/12\/Double-Shield-Tunnel-Boring-Machine-Main-Thrust-Cylinder-1-480x161.webp 480w\" sizes=\"(min-width: 0px) and (max-width: 480px) 480px, (min-width: 481px) 907px, 100vw\" \/><\/p>\n<h3>O FMP-ju<\/h3>\n<p>FMP je specializirano podjetje za mehansko proizvodnjo, ki se ukvarja s proizvodnjo hidravli\u010dnih cilindrov. Podjetje se \u017ee od ustanovitve osredoto\u010da na raziskave in proizvodnjo hidravli\u010dne tehnologije ter uspe\u0161no prehaja iz raznolike ponudbe izdelkov, ki je vklju\u010devala stroje za \u017eetev in gradbeni\u0161tvo, v specializacijo za komponente kmetijskih traktorjev. Z ve\u010d kot desetletjem izku\u0161enj v proizvodnji in upravljanju FMP zagotavlja visokokakovostne izdelke z naprednimi proizvodnimi tehnikami.<\/p>\n<p>Z razvojem podjetja je razvilo celovito proizvodno linijo za strojno obdelavo, monta\u017eno linijo in linijo za nana\u0161anje premazov. Na\u0161o ekipo sestavljajo usposobljeno vodstveno osebje, izku\u0161eni strojni oblikovalci in visoko usposobljeni tehniki, ki skupaj ohranjajo stabilno kakovost proizvodnje, hkrati pa u\u010dinkovito nadzorujejo neprekinjenost in u\u010dinkovitost procesov.<\/p>\n<p>FMP se dr\u017ei filozofije \u00bbTehnolo\u0161ke inovacije spodbujajo napredek, kakovost ustvarja blagovne znamke, obrtni\u0161ka spretnost zagotavlja kakovost in gradi dolgoro\u010dne odnose, v katere vsi pridobijo\u00ab. Na\u0161a zavezanost zagotavljanju visokokakovostnih izdelkov in vrhunski storitvi za stranke ostaja osrednji cilj, saj \u0161e naprej zadovoljujemo spreminjajo\u010de se potrebe trga.<\/p>\n<p><img loading=\"lazy\" decoding=\"async\" class=\"alignnone size-full wp-image-426\" src=\"https:\/\/fmp-components.com\/wp-content\/uploads\/2024\/12\/Sanitation-Machinery-Locking-Hydraulic-Cylinder-factory.webp\" sizes=\"(min-width: 0px) and (max-width: 480px) 480px, (min-width: 481px) and (max-width: 980px) 980px, (min-width: 981px) and (max-width: 1280px) 1280px, (min-width: 1281px) 1414px, 100vw\" srcset=\"https:\/\/fmp-components.com\/wp-content\/uploads\/2024\/12\/Sanitation-Machinery-Locking-Hydraulic-Cylinder-factory.webp 1414w, https:\/\/fmp-components.com\/wp-content\/uploads\/2024\/12\/Sanitation-Machinery-Locking-Hydraulic-Cylinder-factory-1280x529.webp 1280w, https:\/\/fmp-components.com\/wp-content\/uploads\/2024\/12\/Sanitation-Machinery-Locking-Hydraulic-Cylinder-factory-980x405.webp 980w, https:\/\/fmp-components.com\/wp-content\/uploads\/2024\/12\/Sanitation-Machinery-Locking-Hydraulic-Cylinder-factory-480x198.webp 480w\" alt=\"Tovarna sanitarnih strojev za zaklepanje hidravli\u010dnih valjev\" width=\"1414\" height=\"584\" title=\"\"><\/p>\n<p>Avtor: CX<\/p>","protected":false},"excerpt":{"rendered":"<p>Hidravli\u010dni cilinder za vrtalne stroje z dvojnim \u0161\u010ditom je klju\u010dna komponenta, zasnovana za zagotavljanje robustnega potiska in natan\u010dnega nadzora med postopkom gradnje predora. Ti cilindri, zasnovani za u\u010dinkovito delovanje v zahtevnih geolo\u0161kih pogojih, podpirajo sistem z dvojnim \u0161\u010ditom, kar omogo\u010da so\u010dasno izkopavanje in namestitev podpor. Njihova trpe\u017ena konstrukcija zagotavlja dolgo \u017eivljenjsko dobo in zanesljivost, napredna hidravli\u010dna tehnologija pa omogo\u010da gladke in natan\u010dne gibe, ki so bistveni za ohranjanje poravnave in varnosti. Ta hidravli\u010dni sistem znatno izbolj\u0161a u\u010dinkovitost in uspe\u0161nost gradnje predorov, zaradi \u010desar je primeren za razli\u010dne podzemne projekte, vklju\u010dno s sistemi podzemne \u017eeleznice in komunalnimi predori.<\/p>","protected":false},"featured_media":908,"comment_status":"open","ping_status":"closed","template":"","meta":{"_et_pb_use_builder":"","_et_pb_old_content":"","_et_gb_content_width":""},"product_brand":[],"product_cat":[30],"product_tag":[],"class_list":{"0":"post-885","1":"product","2":"type-product","3":"status-publish","4":"has-post-thumbnail","6":"product_cat-tunnel-boring-machine-hydraulic-cylinders","8":"first","9":"instock","10":"shipping-taxable","11":"product-type-simple"},"_links":{"self":[{"href":"https:\/\/fmp-components.com\/sl\/wp-json\/wp\/v2\/product\/885","targetHints":{"allow":["GET"]}}],"collection":[{"href":"https:\/\/fmp-components.com\/sl\/wp-json\/wp\/v2\/product"}],"about":[{"href":"https:\/\/fmp-components.com\/sl\/wp-json\/wp\/v2\/types\/product"}],"replies":[{"embeddable":true,"href":"https:\/\/fmp-components.com\/sl\/wp-json\/wp\/v2\/comments?post=885"}],"wp:featuredmedia":[{"embeddable":true,"href":"https:\/\/fmp-components.com\/sl\/wp-json\/wp\/v2\/media\/908"}],"wp:attachment":[{"href":"https:\/\/fmp-components.com\/sl\/wp-json\/wp\/v2\/media?parent=885"}],"wp:term":[{"taxonomy":"product_brand","embeddable":true,"href":"https:\/\/fmp-components.com\/sl\/wp-json\/wp\/v2\/product_brand?post=885"},{"taxonomy":"product_cat","embeddable":true,"href":"https:\/\/fmp-components.com\/sl\/wp-json\/wp\/v2\/product_cat?post=885"},{"taxonomy":"product_tag","embeddable":true,"href":"https:\/\/fmp-components.com\/sl\/wp-json\/wp\/v2\/product_tag?post=885"}],"curies":[{"name":"delovni list","href":"https:\/\/api.w.org\/{rel}","templated":true}]}}