{"id":883,"date":"2024-12-19T02:28:37","date_gmt":"2024-12-19T02:28:37","guid":{"rendered":"https:\/\/fmp-components.com\/?page_id=8"},"modified":"2024-12-19T02:28:37","modified_gmt":"2024-12-19T02:28:37","slug":"hydraulic-cylinder-for-open-tunnel-boring-machine","status":"publish","type":"product","link":"https:\/\/fmp-components.com\/sl\/product\/hydraulic-cylinder-for-open-tunnel-boring-machine\/","title":{"rendered":"Hidravli\u010dni cilinder za odprti vrtalni stroj za predore"},"content":{"rendered":"<p style=\"text-align: center;\"><span style=\"font-size: 18pt;\">Hidravli\u010dni cilinder za odprti vrtalni stroj za predore<\/span><\/p>\n<p>Hidravli\u010dni cilinder za odprte vrtalne stroje za predore je bistvena komponenta, zasnovana za pove\u010danje u\u010dinkovitosti in uspe\u0161nosti postopkov izkopavanja predorov. Ti hidravli\u010dni cilindri so zasnovani za zagotavljanje mo\u010dnega potiska in natan\u010dnega nadzora ter omogo\u010dajo nemoteno delovanje v zahtevnih okoljih.\u00a0\u00a0\u00a0<img loading=\"lazy\" decoding=\"async\" class=\"wp-image-896 aligncenter\" src=\"https:\/\/fmp-components.com\/wp-content\/uploads\/2024\/12\/The-Role-of-Open-Tunnel-Boring-Machine-Shield-Cylinder.webp\" alt=\"Vloga za\u0161\u010ditnega valja za odprte predore\" width=\"722\" height=\"457\" title=\"\" srcset=\"https:\/\/fmp-components.com\/wp-content\/uploads\/2024\/12\/The-Role-of-Open-Tunnel-Boring-Machine-Shield-Cylinder.webp 722w, https:\/\/fmp-components.com\/wp-content\/uploads\/2024\/12\/The-Role-of-Open-Tunnel-Boring-Machine-Shield-Cylinder-480x304.webp 480w\" sizes=\"(min-width: 0px) and (max-width: 480px) 480px, (min-width: 481px) 722px, 100vw\" \/><\/p>\n<h4>Klju\u010dne lastnosti:<\/h4>\n<ul>\n<li><strong>Visoka zmogljivost:<\/strong> Ti cilindri, ki so sposobni ustvariti znatno silo, zagotavljajo hitro in u\u010dinkovito kopanje predorov, s \u010dimer skraj\u0161ajo \u010dasovne okvire projektov in pove\u010dajo produktivnost.<\/li>\n<li><strong>Robustna zasnova:<\/strong> Izdelani iz visoko trdnih materialov, so cilindri zasnovani tako, da prenesejo te\u017eke pogoje, vklju\u010dno z visokim tlakom in abrazivnim okoljem, kar zagotavlja dolgotrajno vzdr\u017eljivost.<\/li>\n<li><strong>Precizno in\u017eenirstvo:<\/strong> Hidravli\u010dni sistem omogo\u010da natan\u010dno premikanje in nadzor vrtalnega stroja, kar omogo\u010da natan\u010dno kopanje predorov in poravnavo, kar je klju\u010dnega pomena za uspe\u0161no izkopavanje.<\/li>\n<li><strong>Izbolj\u0161ana stabilnost:<\/strong> Ti cilindri prispevajo k splo\u0161ni stabilnosti vrtalnega stroja, kar mu omogo\u010da navigacijo skozi razli\u010dne geolo\u0161ke formacije brez ogro\u017eanja varnosti.<\/li>\n<li><strong>Vsestranske uporabe:<\/strong> Ti cilindri so primerni za \u0161irok spekter projektov, vklju\u010dno s podzemnimi \u017eeleznicami, komunalnimi predori in razvojem infrastrukture, zato so prilagodljivi razli\u010dnim potrebam pri gradnji predorov.<\/li>\n<li><strong>Minimalno vzdr\u017eevanje:<\/strong> Trpe\u017ena konstrukcija zmanj\u0161uje obrabo, kar vodi do ni\u017ejih stro\u0161kov vzdr\u017eevanja in skraj\u0161anja \u010dasa izpada, kar pove\u010da splo\u0161no u\u010dinkovitost projekta.<\/li>\n<li><strong>Varnostni mehanizmi:<\/strong> Ti hidravli\u010dni cilindri, opremljeni z naprednimi varnostnimi funkcijami, pomagajo prepre\u010diti nenamerno izklop, kar zagotavlja varno in zanesljivo delovanje med izkopavanjem.<\/li>\n<\/ul>\n<p>Hidravli\u010dni cilinder za odprte vrtalne stroje za predore je klju\u010dno sredstvo v sodobni tehnologiji predorov, saj zagotavlja visoko zmogljivost, zanesljivost in varnost. Njegova integracija v vrtalne stroje za predore znatno pove\u010da u\u010dinkovitost podzemnih gradbenih projektov in prispeva k uspe\u0161nemu dokon\u010danju bistvene infrastrukture.<\/p>\n<h2>Odprti valj za podporo \u010devljev vrtalnega stroja za predore<\/h2>\n<p><img loading=\"lazy\" decoding=\"async\" class=\"size-full wp-image-893 aligncenter\" src=\"https:\/\/fmp-components.com\/wp-content\/uploads\/2024\/12\/Open-Tunnel-Boring-Machine-Support-Shoe-Cylinder.webp\" alt=\"Odprti valj za podporo \u010devljev vrtalnega stroja za predore\" width=\"500\" height=\"200\" title=\"\" srcset=\"https:\/\/fmp-components.com\/wp-content\/uploads\/2024\/12\/Open-Tunnel-Boring-Machine-Support-Shoe-Cylinder.webp 500w, https:\/\/fmp-components.com\/wp-content\/uploads\/2024\/12\/Open-Tunnel-Boring-Machine-Support-Shoe-Cylinder-480x192.webp 480w\" sizes=\"(min-width: 0px) and (max-width: 480px) 480px, (min-width: 481px) 500px, 100vw\" \/><\/p>\n<table style=\"width: 95.809%; height: 180px;\" border=\"1\" cellspacing=\"0\" cellpadding=\"0\">\n<tbody>\n<tr>\n<td>Ime izdelka<\/td>\n<td>Odprti valj za podporo \u010devljev vrtalnega stroja za predore<\/td>\n<\/tr>\n<tr>\n<td>Zna\u010dilnosti:<\/td>\n<td>Zagotavlja potisk pri vrtanju predorov z rezalno glavo<\/td>\n<\/tr>\n<tr>\n<td>Premer izvrtine:<\/td>\n<td>\u00a0480 mm\uff5e1000 mm<\/td>\n<\/tr>\n<tr>\n<td>Premer palice:<\/td>\n<td>400 mm\uff5e730 mm<br \/>\nHod 400 mm\uff5e825 mm<\/td>\n<\/tr>\n<tr>\n<td>Tlak:<\/td>\n<td>do 35 MPa<\/td>\n<\/tr>\n<tr>\n<td>Uporaba:<\/td>\n<td>Odprti vrtalni stroj za predore<\/td>\n<\/tr>\n<\/tbody>\n<\/table>\n<h2><img loading=\"lazy\" decoding=\"async\" class=\"alignnone  wp-image-902\" src=\"https:\/\/fmp-components.com\/wp-content\/uploads\/2024\/12\/Open-Tunnel-Boring-Machine-Support-Shoe-Cylinder-1.webp\" alt=\"Valj s podpornimi \u010devlji za vrtalni stroj za odprte predore\" width=\"891\" height=\"502\" title=\"\">Potisni valj odprtega vrtalnega stroja za predore<\/h2>\n<p><img loading=\"lazy\" decoding=\"async\" class=\"size-full wp-image-894 aligncenter\" src=\"https:\/\/fmp-components.com\/wp-content\/uploads\/2024\/12\/Open-Tunnel-Boring-Machine-Thrust-Cylinder.webp\" alt=\"Potisni valj odprtega vrtalnega stroja za predore\" width=\"500\" height=\"200\" title=\"\" srcset=\"https:\/\/fmp-components.com\/wp-content\/uploads\/2024\/12\/Open-Tunnel-Boring-Machine-Thrust-Cylinder.webp 500w, https:\/\/fmp-components.com\/wp-content\/uploads\/2024\/12\/Open-Tunnel-Boring-Machine-Thrust-Cylinder-480x192.webp 480w\" sizes=\"(min-width: 0px) and (max-width: 480px) 480px, (min-width: 481px) 500px, 100vw\" \/><\/p>\n<table style=\"width: 95.7726%; height: 154px;\" border=\"1\" cellspacing=\"0\" cellpadding=\"0\">\n<tbody>\n<tr>\n<td>Ime izdelka<\/td>\n<td>Potisni valj odprtega vrtalnega stroja za predore<\/td>\n<\/tr>\n<tr>\n<td>Zna\u010dilnosti:<\/td>\n<td>Zagotovite potisk stroja za vrtanje predorov naprej pri vrtanju predorov<\/td>\n<\/tr>\n<tr>\n<td>Premer izvrtine:<\/td>\n<td>300 mm\uff5e600 mm<\/td>\n<\/tr>\n<tr>\n<td>Premer palice:<\/td>\n<td>200 mm\uff5e400 mm<br \/>\nHod 1100 mm\uff5e2050 mm<\/td>\n<\/tr>\n<tr>\n<td>Tlak:<\/td>\n<td>do 35 MPa<\/td>\n<\/tr>\n<tr>\n<td>Uporaba:<\/td>\n<td>Odprti vrtalni stroj za predore<\/td>\n<\/tr>\n<\/tbody>\n<\/table>\n<h2><img loading=\"lazy\" decoding=\"async\" class=\"alignnone  wp-image-898\" src=\"https:\/\/fmp-components.com\/wp-content\/uploads\/2024\/12\/Tunnel-Boring-Machine-Thrust-Cylinder-1.webp\" alt=\"Potisni valj za vrtalni stroj za predore\" width=\"883\" height=\"474\" title=\"\">Navorni valj za odprti vrtalni stroj za predore<\/h2>\n<p><img loading=\"lazy\" decoding=\"async\" class=\"size-full wp-image-892 aligncenter\" src=\"https:\/\/fmp-components.com\/wp-content\/uploads\/2024\/12\/Open-Tunnel-Boring-Machine-Shield-Cylinder.webp\" alt=\"Odprti \u0161\u010ditni valj vrtalnega stroja za predore\" width=\"500\" height=\"200\" title=\"\" srcset=\"https:\/\/fmp-components.com\/wp-content\/uploads\/2024\/12\/Open-Tunnel-Boring-Machine-Shield-Cylinder.webp 500w, https:\/\/fmp-components.com\/wp-content\/uploads\/2024\/12\/Open-Tunnel-Boring-Machine-Shield-Cylinder-480x192.webp 480w\" sizes=\"(min-width: 0px) and (max-width: 480px) 480px, (min-width: 481px) 500px, 100vw\" \/><\/p>\n<table style=\"width: 97.0823%; height: 142px;\" border=\"1\" cellspacing=\"0\" cellpadding=\"0\">\n<tbody>\n<tr style=\"height: 23px;\">\n<td style=\"height: 23px;\">Ime izdelka<\/td>\n<td style=\"height: 23px;\">Navorni valj za odprti vrtalni stroj za predore<\/td>\n<\/tr>\n<tr style=\"height: 23px;\">\n<td style=\"height: 23px;\">Zna\u010dilnosti:<\/td>\n<td style=\"height: 23px;\">Uporablja se za nastavitev smeri vrtanja predorov in prenos navora rezalne glave<\/td>\n<\/tr>\n<tr style=\"height: 23px;\">\n<td style=\"height: 23px;\">Premer izvrtine:<\/td>\n<td style=\"height: 23px;\">220 mm\uff5e450 mm<\/td>\n<\/tr>\n<tr style=\"height: 47px;\">\n<td style=\"height: 47px;\">Premer palice:<\/td>\n<td style=\"height: 47px;\">125 mm\uff5e260 mm<br \/>\nHod 200 mm\uff5e260 mm<\/td>\n<\/tr>\n<tr style=\"height: 23px;\">\n<td style=\"height: 23px;\">Tlak:<\/td>\n<td style=\"height: 23px;\">do 35 MPa<\/td>\n<\/tr>\n<tr style=\"height: 23px;\">\n<td style=\"height: 23px;\">Uporaba:<\/td>\n<td style=\"height: 23px;\">Odprti vrtalni stroj za predore<\/td>\n<\/tr>\n<\/tbody>\n<\/table>\n<p><img loading=\"lazy\" decoding=\"async\" class=\"alignnone  wp-image-897\" src=\"https:\/\/fmp-components.com\/wp-content\/uploads\/2024\/12\/Tunnel-Boring-Machine-Torque-Cylinder-1.webp\" alt=\"Navorni valj za vrtanje predorov\" width=\"863\" height=\"578\" title=\"\"><\/p>\n<p><img loading=\"lazy\" decoding=\"async\" class=\"alignnone  wp-image-901\" src=\"https:\/\/fmp-components.com\/wp-content\/uploads\/2024\/12\/Open-Tunnel-Boring-Machine-Torque-Cylinder-1.webp\" alt=\"Navorni valj za odprti vrtalni stroj za predore\" width=\"884\" height=\"328\" title=\"\" srcset=\"https:\/\/fmp-components.com\/wp-content\/uploads\/2024\/12\/Open-Tunnel-Boring-Machine-Torque-Cylinder-1.webp 884w, https:\/\/fmp-components.com\/wp-content\/uploads\/2024\/12\/Open-Tunnel-Boring-Machine-Torque-Cylinder-1-480x178.webp 480w\" sizes=\"(min-width: 0px) and (max-width: 480px) 480px, (min-width: 481px) 884px, 100vw\" \/><\/p>\n<h2>Odprti \u0161\u010ditni valj vrtalnega stroja za predore<\/h2>\n<p><img loading=\"lazy\" decoding=\"async\" class=\"size-full wp-image-895 aligncenter\" src=\"https:\/\/fmp-components.com\/wp-content\/uploads\/2024\/12\/Open-Tunnel-Boring-Machine-Torque-Cylinder.webp\" alt=\"Navorni valj za odprti vrtalni stroj za predore\" width=\"500\" height=\"200\" title=\"\" srcset=\"https:\/\/fmp-components.com\/wp-content\/uploads\/2024\/12\/Open-Tunnel-Boring-Machine-Torque-Cylinder.webp 500w, https:\/\/fmp-components.com\/wp-content\/uploads\/2024\/12\/Open-Tunnel-Boring-Machine-Torque-Cylinder-480x192.webp 480w\" sizes=\"(min-width: 0px) and (max-width: 480px) 480px, (min-width: 481px) 500px, 100vw\" \/><\/p>\n<table style=\"width: 96.9901%; height: 226px;\" border=\"1\" cellspacing=\"0\" cellpadding=\"0\">\n<tbody>\n<tr style=\"height: 23px;\">\n<td style=\"height: 23px; width: 17.706%;\">Ime izdelka<\/td>\n<td style=\"height: 23px; width: 82.1826%;\">Odprti \u0161\u010ditni valj vrtalnega stroja za predore<\/td>\n<\/tr>\n<tr style=\"height: 47px;\">\n<td style=\"height: 47px; width: 17.706%;\">Zna\u010dilnosti:<\/td>\n<td style=\"height: 47px; width: 82.1826%;\">Stabilizirajte rezalno glavo\/prepre\u010dite zatikanje zaradi konvergence<\/td>\n<\/tr>\n<tr style=\"height: 47px;\">\n<td style=\"height: 47px; width: 17.706%;\">Premer izvrtine:<\/td>\n<td style=\"height: 47px; width: 82.1826%;\">130 mm\uff5e360 mm<\/td>\n<\/tr>\n<tr style=\"height: 47px;\">\n<td style=\"height: 47px; width: 17.706%;\">Premer palice:<\/td>\n<td style=\"height: 47px; width: 82.1826%;\">80 mm\uff5e220 mm<br \/>\nHod 100 mm\uff5e420 mm<\/td>\n<\/tr>\n<tr style=\"height: 47px;\">\n<td style=\"height: 47px; width: 17.706%;\">Tlak:<\/td>\n<td style=\"height: 47px; width: 82.1826%;\">do 25 MPa<br \/>\nPosebne zahteve do 35 MPa<\/td>\n<\/tr>\n<tr style=\"height: 23px;\">\n<td style=\"height: 23px; width: 17.706%;\">Uporaba:<\/td>\n<td style=\"height: 23px; width: 82.1826%;\">Odprti vrtalni stroj za predore<\/td>\n<\/tr>\n<\/tbody>\n<\/table>\n<h3><img loading=\"lazy\" decoding=\"async\" class=\"alignnone  wp-image-899\" src=\"https:\/\/fmp-components.com\/wp-content\/uploads\/2024\/12\/Open-Tunnel-Boring-Machine-Shield-Cylinder-1.webp\" alt=\"Za\u0161\u010ditni valj za odprti predorni vrtalni stroj\" width=\"900\" height=\"378\" title=\"\">Prednosti hidravli\u010dnega cilindra za odprti predorski vrtalni stroj<\/h3>\n<ol>\n<li><strong>Visoka potisna zmogljivost:<\/strong><br \/>\nHidravli\u010dni cilindri odprtih vrtalnih strojev za predore so zasnovani za zagotavljanje mo\u010dnega potiska, kar omogo\u010da hitro izkopavanje in u\u010dinkovito vrtanje predorov. Ta zmogljivost omogo\u010da hitrej\u0161e dokon\u010danje projektov in izbolj\u0161ano produktivnost.<\/li>\n<li><strong>Trpe\u017ena konstrukcija:<\/strong><br \/>\nTi hidravli\u010dni cilindri so izdelani iz visoko trdnih materialov in so zasnovani tako, da prenesejo te\u017eke pogoje in ekstremne pritiske, kar zagotavlja dolgoro\u010dno zanesljivost in zmanj\u0161uje tveganje okvare med delovanjem.<\/li>\n<li><strong>Natan\u010den nadzor:<\/strong><br \/>\nHidravli\u010dni sistem zagotavlja natan\u010dno gibanje in nadzor vrtalnega stroja, kar omogo\u010da natan\u010dno kopanje predorov in poravnavo. Ta natan\u010dnost je bistvena za ohranjanje celovitosti predora in izpolnjevanje projektnih specifikacij.<\/li>\n<li><strong>Izbolj\u0161ana stabilnost:<\/strong><br \/>\nTi cilindri prispevajo k splo\u0161ni stabilnosti vrtalnega stroja, kar mu omogo\u010da navigacijo skozi razli\u010dne geolo\u0161ke formacije brez ogro\u017eanja varnosti. Ta stabilnost zmanj\u0161uje tveganje za nesre\u010de in motnje v delovanju.<\/li>\n<li><strong>Zmanj\u0161ane zahteve glede vzdr\u017eevanja:<\/strong><br \/>\nRobustna zasnova zmanj\u0161uje obrabo, kar vodi do ni\u017ejih stro\u0161kov vzdr\u017eevanja in manj izpadov. Ta u\u010dinkovitost zagotavlja, da vrtalni stroj deluje dlje \u010dasa, kar pove\u010duje splo\u0161no u\u010dinkovitost projekta.<\/li>\n<li><strong>Vsestranskost uporabe:<\/strong><br \/>\nTi hidravli\u010dni cilindri so primerni za razli\u010dne projekte gradnje predorov, vklju\u010dno s podzemnimi \u017eeleznicami, sistemi za prenos vode in komunalnimi predori, zato so prilagodljivi razli\u010dnim potrebam, zaradi \u010desar so dragoceno sredstvo v razli\u010dnih gradbenih okoljih.<\/li>\n<li><strong>Varnostne funkcije:<\/strong><br \/>\nHidravli\u010dni cilindri, opremljeni z naprednimi varnostnimi mehanizmi, pomagajo prepre\u010diti nenamerno izklop, kar zagotavlja varno in zanesljivo delovanje med zahtevnimi izkopnimi nalogami. To pove\u010duje varnost tako upravljavcev kot opreme.<\/li>\n<li><strong>Kompaktna zasnova z visoko izhodno mo\u010djo:<\/strong><br \/>\nHidravli\u010dna zasnova omogo\u010da ustvarjanje znatne sile v kompaktni obliki, kar olaj\u0161a obvladovanje te\u017ekih bremen in kompleksnih gibov brez pove\u010danja celotne velikosti stroja.<\/li>\n<\/ol>\n<p>Z izkori\u0161\u010danjem teh prednosti imajo hidravli\u010dni cilindri odprtih vrtalnih strojev za predore klju\u010dno vlogo pri u\u010dinkovitosti, varnosti in uspehu sodobnih projektov predorov. Njihova zmogljivost in zanesljivost sta klju\u010dnega pomena za doseganje u\u010dinkovite podzemne gradnje.<\/p>\n<h2><img loading=\"lazy\" decoding=\"async\" class=\"alignnone  wp-image-903\" src=\"https:\/\/fmp-components.com\/wp-content\/uploads\/2024\/12\/Hydraulic-Cylinder-for-Open-Tunnel-Boring-Machine-1.webp\" alt=\"Hidravli\u010dni valj za odprti vrtalni stroj za predore\" width=\"893\" height=\"607\" title=\"\"><\/h2>\n<h3>Uporaba hidravli\u010dnega cilindra za odprti predorski vrtalni stroj<\/h3>\n<p>Hidravli\u010dni cilindri za odprte vrtalne stroje za predore (OTBM) so sestavni del razli\u010dnih projektov podzemnih izkopov, saj ponujajo vsestranskost in u\u010dinkovitost pri svoji uporabi. Tukaj je nekaj klju\u010dnih aplikacij:<\/p>\n<ol>\n<li><strong>Gradnja podzemne \u017eeleznice:<\/strong><br \/>\nHidravli\u010dni cilindri se uporabljajo za izkopavanje predorov za podzemne \u017eeleznice, kar omogo\u010da hitro in varno gradnjo podzemnih tranzitnih poti v urbanih obmo\u010djih.<\/li>\n<li><strong>Predorovanje komunalnih storitev:<\/strong><br \/>\nTe jeklenke olaj\u0161ajo namestitev bistvenih komunalnih vodov, kot so voda, plin in elektrika, saj omogo\u010dajo izdelavo predorov, v katerih so te storitve name\u0161\u010dene pod zemljo.<\/li>\n<li><strong>Kanalizacijski in drena\u017eni sistemi:<\/strong><br \/>\nHidravli\u010dni cilindri OTBM se uporabljajo pri gradnji kanalizacijskih in drena\u017enih predorov, kar zagotavlja u\u010dinkovito ravnanje z odpadki in nadzor meteorne vode v urbanih okoljih.<\/li>\n<li><strong>Podzemna skladi\u0161\u010da:<\/strong><br \/>\nUporabljajo se pri izkopavanju predorov za podzemno skladi\u0161\u010denje, kot so skladi\u0161\u010da goriva ali podatkovni centri, in zagotavljajo varno okolje za ob\u010dutljive materiale.<\/li>\n<li><strong>Rudarske operacije:<\/strong><br \/>\nHidravli\u010dni cilindri igrajo klju\u010dno vlogo pri gradnji predorov za rudarske operacije, saj omogo\u010dajo pridobivanje mineralov in virov izpod zemeljske povr\u0161ine.<\/li>\n<li><strong>Prometni predori:<\/strong><br \/>\nTi valji se uporabljajo pri gradnji transportnih predorov, vklju\u010dno s tistimi za vozila in \u017eeleznice, kar zagotavlja varen in u\u010dinkovit prehod skozi gorske ali urbane terene.<\/li>\n<li><strong>Razvoj infrastrukture:<\/strong><br \/>\nHidravli\u010dni cilindri OTBM prispevajo k razli\u010dnim infrastrukturnim projektom, vklju\u010dno z gradnjo podzemnih parkirnih prostorov in kleti za stavbe.<\/li>\n<li><strong>Okoljski projekti:<\/strong><br \/>\nUporabljajo se tudi pri projektih, namenjenih sanaciji okolja, kot je gradnja predorov za upravljanje podtalnice ali \u010di\u0161\u010denje onesna\u017eenih obmo\u010dij.<\/li>\n<\/ol>\n<p>S podporo tem raznolikim aplikacijam hidravli\u010dni cilindri odprtih vrtalnih strojev za predore izbolj\u0161ujejo u\u010dinkovitost, varnost in uspe\u0161nost sodobnih podzemnih gradbenih projektov. Njihova vloga je klju\u010dna pri omogo\u010danju razvoja bistvene infrastrukture in storitev.<\/p>\n<p><img loading=\"lazy\" decoding=\"async\" class=\"alignnone  wp-image-900\" src=\"https:\/\/fmp-components.com\/wp-content\/uploads\/2024\/12\/Open-Tunnel-Boring-Machine-Thrust-Cylinder-1.webp\" alt=\"Potisni valj odprtega vrtalnega stroja za predore\" width=\"897\" height=\"345\" title=\"\" srcset=\"https:\/\/fmp-components.com\/wp-content\/uploads\/2024\/12\/Open-Tunnel-Boring-Machine-Thrust-Cylinder-1.webp 897w, https:\/\/fmp-components.com\/wp-content\/uploads\/2024\/12\/Open-Tunnel-Boring-Machine-Thrust-Cylinder-1-480x184.webp 480w\" sizes=\"(min-width: 0px) and (max-width: 480px) 480px, (min-width: 481px) 897px, 100vw\" \/><\/p>\n<h3>O FMP-ju<\/h3>\n<p>FMP je specializirano podjetje za mehansko proizvodnjo, ki se ukvarja s proizvodnjo hidravli\u010dnih cilindrov. Podjetje se \u017ee od ustanovitve osredoto\u010da na raziskave in proizvodnjo hidravli\u010dne tehnologije ter uspe\u0161no prehaja iz raznolike ponudbe izdelkov, ki je vklju\u010devala stroje za \u017eetev in gradbeni\u0161tvo, v specializacijo za komponente kmetijskih traktorjev. Z ve\u010d kot desetletjem izku\u0161enj v proizvodnji in upravljanju FMP zagotavlja visokokakovostne izdelke z naprednimi proizvodnimi tehnikami.<\/p>\n<p>Z razvojem podjetja je razvilo celovito proizvodno linijo za strojno obdelavo, monta\u017eno linijo in linijo za nana\u0161anje premazov. Na\u0161o ekipo sestavljajo usposobljeno vodstveno osebje, izku\u0161eni strojni oblikovalci in visoko usposobljeni tehniki, ki skupaj ohranjajo stabilno kakovost proizvodnje, hkrati pa u\u010dinkovito nadzorujejo neprekinjenost in u\u010dinkovitost procesov.<\/p>\n<p>FMP se dr\u017ei filozofije \u00bbTehnolo\u0161ke inovacije spodbujajo napredek, kakovost ustvarja blagovne znamke, obrtni\u0161ka spretnost zagotavlja kakovost in gradi dolgoro\u010dne odnose, v katere vsi pridobijo\u00ab. Na\u0161a zavezanost zagotavljanju visokokakovostnih izdelkov in vrhunski storitvi za stranke ostaja osrednji cilj, saj \u0161e naprej zadovoljujemo spreminjajo\u010de se potrebe trga.<\/p>\n<p><img loading=\"lazy\" decoding=\"async\" class=\"alignnone size-full wp-image-426\" src=\"https:\/\/fmp-components.com\/wp-content\/uploads\/2024\/12\/Sanitation-Machinery-Locking-Hydraulic-Cylinder-factory.webp\" sizes=\"(min-width: 0px) and (max-width: 480px) 480px, (min-width: 481px) and (max-width: 980px) 980px, (min-width: 981px) and (max-width: 1280px) 1280px, (min-width: 1281px) 1414px, 100vw\" srcset=\"https:\/\/fmp-components.com\/wp-content\/uploads\/2024\/12\/Sanitation-Machinery-Locking-Hydraulic-Cylinder-factory.webp 1414w, https:\/\/fmp-components.com\/wp-content\/uploads\/2024\/12\/Sanitation-Machinery-Locking-Hydraulic-Cylinder-factory-1280x529.webp 1280w, https:\/\/fmp-components.com\/wp-content\/uploads\/2024\/12\/Sanitation-Machinery-Locking-Hydraulic-Cylinder-factory-980x405.webp 980w, https:\/\/fmp-components.com\/wp-content\/uploads\/2024\/12\/Sanitation-Machinery-Locking-Hydraulic-Cylinder-factory-480x198.webp 480w\" alt=\"Tovarna sanitarnih strojev za zaklepanje hidravli\u010dnih valjev\" width=\"1414\" height=\"584\" title=\"\"><\/p>\n<p>Avtor: CX<\/p>","protected":false},"excerpt":{"rendered":"<p>Hidravli\u010dni cilinder za odprte vrtalne stroje za predore je klju\u010dna komponenta, zasnovana za zagotavljanje mo\u010dnega potiska in natan\u010dnega nadzora med postopkom izkopavanja. Ti cilindri so zasnovani tako, da prenesejo visoke tlake in zahtevne okoljske pogoje, zato omogo\u010dajo u\u010dinkovito vrtanje predorov, saj omogo\u010dajo gladko gibanje in stabilnost vrtalnega stroja. Njihova robustna konstrukcija zagotavlja dolgotrajno vzdr\u017eljivost, zaradi \u010desar so idealni za razli\u010dne podzemne projekte, vklju\u010dno z obse\u017enimi infrastrukturnimi razvoji. Z izbolj\u0161ano hidravli\u010dno zmogljivostjo ti cilindri pomembno prispevajo k splo\u0161ni u\u010dinkovitosti in varnosti odprtih vrtalnih operacij.<\/p>","protected":false},"featured_media":891,"comment_status":"open","ping_status":"closed","template":"","meta":{"_et_pb_use_builder":"","_et_pb_old_content":"","_et_gb_content_width":""},"product_brand":[],"product_cat":[30],"product_tag":[],"class_list":{"0":"post-883","1":"product","2":"type-product","3":"status-publish","4":"has-post-thumbnail","6":"product_cat-tunnel-boring-machine-hydraulic-cylinders","8":"first","9":"instock","10":"shipping-taxable","11":"product-type-simple"},"_links":{"self":[{"href":"https:\/\/fmp-components.com\/sl\/wp-json\/wp\/v2\/product\/883","targetHints":{"allow":["GET"]}}],"collection":[{"href":"https:\/\/fmp-components.com\/sl\/wp-json\/wp\/v2\/product"}],"about":[{"href":"https:\/\/fmp-components.com\/sl\/wp-json\/wp\/v2\/types\/product"}],"replies":[{"embeddable":true,"href":"https:\/\/fmp-components.com\/sl\/wp-json\/wp\/v2\/comments?post=883"}],"wp:featuredmedia":[{"embeddable":true,"href":"https:\/\/fmp-components.com\/sl\/wp-json\/wp\/v2\/media\/891"}],"wp:attachment":[{"href":"https:\/\/fmp-components.com\/sl\/wp-json\/wp\/v2\/media?parent=883"}],"wp:term":[{"taxonomy":"product_brand","embeddable":true,"href":"https:\/\/fmp-components.com\/sl\/wp-json\/wp\/v2\/product_brand?post=883"},{"taxonomy":"product_cat","embeddable":true,"href":"https:\/\/fmp-components.com\/sl\/wp-json\/wp\/v2\/product_cat?post=883"},{"taxonomy":"product_tag","embeddable":true,"href":"https:\/\/fmp-components.com\/sl\/wp-json\/wp\/v2\/product_tag?post=883"}],"curies":[{"name":"delovni list","href":"https:\/\/api.w.org\/{rel}","templated":true}]}}