{"id":809,"date":"2024-12-18T07:45:43","date_gmt":"2024-12-18T07:45:43","guid":{"rendered":"https:\/\/fmp-components.com\/?page_id=8"},"modified":"2024-12-18T07:51:27","modified_gmt":"2024-12-18T07:51:27","slug":"desalination-equipment-hydraulic-cylinders","status":"publish","type":"product","link":"https:\/\/fmp-components.com\/sl\/product\/desalination-equipment-hydraulic-cylinders\/","title":{"rendered":"Hidravli\u010dni cilindri za razsoljevanje"},"content":{"rendered":"<p style=\"text-align: center;\"><span style=\"font-size: 18pt;\">Hidravli\u010dni cilindri za razsoljevanje<\/span><\/p>\n<p>Hidravli\u010dni cilindri za razsoljevanje vode so bistvene hidravli\u010dne komponente, posebej zasnovane za uporabo v napravah za razsoljevanje vode. Ti cilindri igrajo klju\u010dno vlogo pri omogo\u010danju gibanja in delovanja razli\u010dnih strojev, ki sodelujejo v procesu \u010di\u0161\u010denja vode, kot so \u010drpalke, ventili in filtracijski sistemi.<\/p>\n<h4>Klju\u010dne lastnosti:<\/h4>\n<ul>\n<li><strong>Visoko trdnostna konstrukcija:<\/strong> Ti hidravli\u010dni cilindri so izdelani iz trpe\u017enih, korozijsko odpornih materialov in so zasnovani tako, da prenesejo te\u017eka okolja, zna\u010dilna za razsoljevanje, vklju\u010dno z izpostavljenostjo slani vodi in visokim tlakom.<\/li>\n<li><strong>Zanesljiva zmogljivost:<\/strong> Ti cilindri, zasnovani za visoko u\u010dinkovitost, zagotavljajo dosledno in mo\u010dno hidravli\u010dno silo, kar zagotavlja u\u010dinkovito delovanje opreme za razsoljevanje in prispeva k splo\u0161ni zanesljivosti procesa \u010di\u0161\u010denja vode.<\/li>\n<li><strong>Natan\u010den nadzor:<\/strong> Hidravli\u010dna zasnova omogo\u010da gladke in natan\u010dne nastavitve, kar pove\u010duje obratovalno u\u010dinkovitost ventilov in \u010drpalk, kar je klju\u010dnega pomena za optimizacijo pretoka vode in procesov \u010di\u0161\u010denja.<\/li>\n<li><strong>Vsestranska uporaba:<\/strong> Ti hidravli\u010dni cilindri so primerni za razli\u010dne tehnologije razsoljevanja, vklju\u010dno z reverzno osmozo in ve\u010dstopenjsko bliskovito destilacijo, zato se lahko prilagodijo razli\u010dnim operativnim potrebam, zaradi \u010desar so vsestranski za raznoliko uporabo.<\/li>\n<li><strong>Nizke zahteve glede vzdr\u017eevanja:<\/strong> Ti cilindri so zasnovani za minimalno obrabo, kar zmanj\u0161uje potrebo po pogostem vzdr\u017eevanju, kar prispeva k ni\u017ejim obratovalnim stro\u0161kom in ve\u010dji produktivnosti v razsoljevalnih napravah.<\/li>\n<\/ul>\n<p>Skratka, hidravli\u010dni cilindri opreme za razsoljevanje so klju\u010dne komponente, ki optimizirajo delovanje in u\u010dinkovitost naprav za razsoljevanje, kar znatno pove\u010da njihovo u\u010dinkovitost pri zagotavljanju sladke vode iz morske vode in zagotavlja trajnostno upravljanje vodnih virov.<\/p>\n<h2>Hidravli\u010dni cilinder za razsoljevanje<\/h2>\n<table style=\"width: 98.4268%; height: 316px;\" border=\"1\" cellspacing=\"0\" cellpadding=\"0\">\n<tbody>\n<tr>\n<td>Ime izdelka<\/td>\n<td>Hidravli\u010dni cilindri za opremo za razsoljevanje<\/td>\n<\/tr>\n<tr>\n<td>Zna\u010dilnosti:<\/td>\n<td>Izvlecite in stisnite morsko vodo ter jo dostavite v filtrirno napravo.<\/td>\n<\/tr>\n<tr>\n<td>Premer izvrtine:<\/td>\n<td>Do 300 mm<\/td>\n<\/tr>\n<tr>\n<td>Premer palice:<\/td>\n<td>Do 185 mm<br \/>\nHod do 1000 mm<\/td>\n<\/tr>\n<tr>\n<td>Delovna temperatura:<\/td>\n<td>-20~30\u2103<\/td>\n<\/tr>\n<tr>\n<td>Delovna hitrost:<\/td>\n<td>do 110 mm\/s<\/td>\n<\/tr>\n<tr>\n<td>Delovna frekvenca:<\/td>\n<td>24 ur<\/td>\n<\/tr>\n<tr>\n<td>Notranje in zunanje pu\u0161\u010danje:<\/td>\n<td>&lt; 5 ml\/min<\/td>\n<\/tr>\n<tr>\n<td>Tlak:<\/td>\n<td>do 11 MPa<br \/>\nza\u010detni tlak &lt; 0,1 MPa<\/td>\n<\/tr>\n<tr>\n<td>Uporaba:<\/td>\n<td>Oprema za razsoljevanje<\/td>\n<\/tr>\n<\/tbody>\n<\/table>\n<h2>Zna\u010dilnosti zasnove hidravli\u010dnega cilindra opreme za razsoljevanje<\/h2>\n<ul>\n<li><strong>Odpornost proti koroziji:<\/strong> Izdelana iz dupleksnega nerjave\u010dega jekla brez varjenja, ta zasnova u\u010dinkovito prepre\u010duje korozijo zaradi morske vode, kar zagotavlja dolgo \u017eivljenjsko dobo in zanesljivost.<\/li>\n<li><strong>Izbolj\u0161ana vzdr\u017eljivost:<\/strong> Cev hidravli\u010dnega cilindra in batnica sta prevle\u010dena s kerami\u010dno barvo, kar zagotavlja ve\u010djo odpornost povr\u0161ine proti obrabi in splo\u0161no vzdr\u017eljivost.<\/li>\n<li><strong>Prilagojeno tesnjenje:<\/strong> Za u\u010dinkovito odstranjevanje mikrobov in drobnega peska iz morske vode se uporabljajo specializirane konfiguracije in materiali tesnil, s \u010dimer se pove\u010da zanesljivost in \u017eivljenjska doba tesnil.<\/li>\n<li><strong>Optimizirana zasnova ventila:<\/strong> Hidravli\u010dni cilinder ima posebej zasnovan dovodni in izpustni ventil za morsko vodo, kar zagotavlja u\u010dinkovit transport morske vode.<\/li>\n<li><strong>\u010cist postopek monta\u017ee:<\/strong> Edinstven postopek monta\u017ee in razma\u0161\u010devanja zagotavlja, da je hidravli\u010dni valj brez oljnih made\u017eev, kar ohranja optimalno delovanje in \u010disto\u010do.<\/li>\n<\/ul>\n<p><img loading=\"lazy\" decoding=\"async\" class=\"wp-image-813 aligncenter\" src=\"https:\/\/fmp-components.com\/wp-content\/uploads\/2024\/12\/Hydraulic-Cylinders-in-Desalination-Equipment-Benefits.webp\" alt=\"Hidravli\u010dni cilindri v opremi za razsoljevanje - prednosti\" width=\"814\" height=\"407\" title=\"\"><\/p>\n<h2>Prednosti hidravli\u010dnih cilindrov v opremi za razsoljevanje<\/h2>\n<p>Hidravli\u010dni cilindri nudijo \u0161tevilne prednosti za opremo za razsoljevanje, vklju\u010dno z:<\/p>\n<ol>\n<li><strong>Visoko razmerje med mo\u010djo in te\u017eo:<\/strong> Ti cilindri zagotavljajo znatno silo, hkrati pa ostajajo relativno lahki, kar je klju\u010dnega pomena za sisteme za razsoljevanje, ki morajo preva\u017eati te\u017eke komponente, kot so RO membrane in zbiralniki slanice.<\/li>\n<li><strong>Spremenljiv nadzor hitrosti:<\/strong> Hidravli\u010dne cilindre je mogo\u010de nastaviti tako, da se premikajo z razli\u010dnimi hitrostmi, kar omogo\u010da natan\u010den nadzor nad procesi razsoljevanja, kot sta hitrost izlo\u010danja slanice in hitrost \u010di\u0161\u010denja membrane.<\/li>\n<li><strong>Natan\u010dnost pozicioniranja:<\/strong> Omogo\u010dajo visoko natan\u010dno pozicioniranje komponent opreme, kar zagotavlja optimalno delovanje in u\u010dinkovitost procesov razsoljevanja.<\/li>\n<li><strong>U\u010dinkovita raba energije:<\/strong> Hidravli\u010dni sistemi so znani po svoji energetski u\u010dinkovitosti, kar je bistvenega pomena za naprave za razsoljevanje, ki morajo delovati neprekinjeno.<\/li>\n<li><strong>Vzdr\u017eljivost in zanesljivost:<\/strong> Hidravli\u010dni cilindri so izdelani tako, da so robustni in zanesljivi, da lahko prenesejo te\u017eke pogoje, zna\u010dilne za razsoljevalne naprave, vklju\u010dno z visokimi temperaturami in izpostavljenostjo korozivnim kemikalijam.<\/li>\n<\/ol>\n<p><img loading=\"lazy\" decoding=\"async\" class=\"alignnone  wp-image-814\" src=\"https:\/\/fmp-components.com\/wp-content\/uploads\/2024\/12\/Desalination-Equipment-Hydraulic-Cylinder.webp\" alt=\"Oprema za razsoljevanje - hidravli\u010dni valj\" width=\"900\" height=\"451\" title=\"\"><\/p>\n<h3>O FMP-ju<\/h3>\n<p>FMP je specializirano podjetje za mehansko proizvodnjo, ki se ukvarja s proizvodnjo hidravli\u010dnih cilindrov. Podjetje se \u017ee od ustanovitve osredoto\u010da na raziskave in proizvodnjo hidravli\u010dne tehnologije ter uspe\u0161no prehaja iz raznolike ponudbe izdelkov, ki je vklju\u010devala stroje za \u017eetev in gradbeni\u0161tvo, v specializacijo za komponente kmetijskih traktorjev. Z ve\u010d kot desetletjem izku\u0161enj v proizvodnji in upravljanju FMP zagotavlja visokokakovostne izdelke z naprednimi proizvodnimi tehnikami.<\/p>\n<p>Z razvojem podjetja je razvilo celovito proizvodno linijo za strojno obdelavo, monta\u017eno linijo in linijo za nana\u0161anje premazov. Na\u0161o ekipo sestavljajo usposobljeno vodstveno osebje, izku\u0161eni strojni oblikovalci in visoko usposobljeni tehniki, ki skupaj ohranjajo stabilno kakovost proizvodnje, hkrati pa u\u010dinkovito nadzorujejo neprekinjenost in u\u010dinkovitost procesov.<\/p>\n<p>FMP se dr\u017ei filozofije \u00bbTehnolo\u0161ke inovacije spodbujajo napredek, kakovost ustvarja blagovne znamke, obrtni\u0161ka spretnost zagotavlja kakovost in gradi dolgoro\u010dne odnose, v katere vsi pridobijo\u00ab. Na\u0161a zavezanost zagotavljanju visokokakovostnih izdelkov in vrhunski storitvi za stranke ostaja osrednji cilj, saj \u0161e naprej zadovoljujemo spreminjajo\u010de se potrebe trga.<\/p>\n<p><img loading=\"lazy\" decoding=\"async\" class=\"alignnone size-full wp-image-426\" src=\"https:\/\/fmp-components.com\/wp-content\/uploads\/2024\/12\/Sanitation-Machinery-Locking-Hydraulic-Cylinder-factory.webp\" sizes=\"(min-width: 0px) and (max-width: 480px) 480px, (min-width: 481px) and (max-width: 980px) 980px, (min-width: 981px) and (max-width: 1280px) 1280px, (min-width: 1281px) 1414px, 100vw\" srcset=\"https:\/\/fmp-components.com\/wp-content\/uploads\/2024\/12\/Sanitation-Machinery-Locking-Hydraulic-Cylinder-factory.webp 1414w, https:\/\/fmp-components.com\/wp-content\/uploads\/2024\/12\/Sanitation-Machinery-Locking-Hydraulic-Cylinder-factory-1280x529.webp 1280w, https:\/\/fmp-components.com\/wp-content\/uploads\/2024\/12\/Sanitation-Machinery-Locking-Hydraulic-Cylinder-factory-980x405.webp 980w, https:\/\/fmp-components.com\/wp-content\/uploads\/2024\/12\/Sanitation-Machinery-Locking-Hydraulic-Cylinder-factory-480x198.webp 480w\" alt=\"Tovarna sanitarnih strojev za zaklepanje hidravli\u010dnih valjev\" width=\"1414\" height=\"584\" title=\"\"><\/p>\n<p>Avtor: CX<\/p>\n<p>&nbsp;<\/p>","protected":false},"excerpt":{"rendered":"<p>Hidravli\u010dni cilindri za opremo za razsoljevanje so klju\u010dne komponente, ki se uporabljajo v napravah za razsoljevanje za la\u017eje premikanje in delovanje razli\u010dnih strojev, vklju\u010denih v proces \u010di\u0161\u010denja vode. Ti hidravli\u010dni cilindri zagotavljajo potrebno silo za krmiljenje ventilov, \u010drpalk in druge opreme, kar zagotavlja u\u010dinkovito delovanje pri pretvorbi morske vode v sladko vodo. Izdelani so iz visoko trdnih, korozijsko odpornih materialov in so zasnovani tako, da prenesejo te\u017eke pogoje, zna\u010dilne za okolja razsoljevanja, vklju\u010dno z izpostavljenostjo slani vodi in visokim tlakom. Gladko hidravli\u010dno delovanje omogo\u010da natan\u010den nadzor in nastavitve, kar pove\u010duje splo\u0161no u\u010dinkovitost in zanesljivost procesa razsoljevanja. Ti hidravli\u010dni cilindri igrajo klju\u010dno vlogo pri optimizaciji delovanja opreme za razsoljevanje in pomembno prispevajo k u\u010dinkovitemu upravljanju vodnih virov.<\/p>","protected":false},"featured_media":812,"comment_status":"open","ping_status":"closed","template":"","meta":{"_et_pb_use_builder":"","_et_pb_old_content":"","_et_gb_content_width":""},"product_brand":[],"product_cat":[29],"product_tag":[],"class_list":{"0":"post-809","1":"product","2":"type-product","3":"status-publish","4":"has-post-thumbnail","6":"product_cat-energy-technology-hydraulic-cylinders","8":"first","9":"instock","10":"shipping-taxable","11":"product-type-simple"},"_links":{"self":[{"href":"https:\/\/fmp-components.com\/sl\/wp-json\/wp\/v2\/product\/809","targetHints":{"allow":["GET"]}}],"collection":[{"href":"https:\/\/fmp-components.com\/sl\/wp-json\/wp\/v2\/product"}],"about":[{"href":"https:\/\/fmp-components.com\/sl\/wp-json\/wp\/v2\/types\/product"}],"replies":[{"embeddable":true,"href":"https:\/\/fmp-components.com\/sl\/wp-json\/wp\/v2\/comments?post=809"}],"wp:featuredmedia":[{"embeddable":true,"href":"https:\/\/fmp-components.com\/sl\/wp-json\/wp\/v2\/media\/812"}],"wp:attachment":[{"href":"https:\/\/fmp-components.com\/sl\/wp-json\/wp\/v2\/media?parent=809"}],"wp:term":[{"taxonomy":"product_brand","embeddable":true,"href":"https:\/\/fmp-components.com\/sl\/wp-json\/wp\/v2\/product_brand?post=809"},{"taxonomy":"product_cat","embeddable":true,"href":"https:\/\/fmp-components.com\/sl\/wp-json\/wp\/v2\/product_cat?post=809"},{"taxonomy":"product_tag","embeddable":true,"href":"https:\/\/fmp-components.com\/sl\/wp-json\/wp\/v2\/product_tag?post=809"}],"curies":[{"name":"delovni list","href":"https:\/\/api.w.org\/{rel}","templated":true}]}}