{"id":7992,"date":"2025-04-15T03:11:58","date_gmt":"2025-04-15T03:11:58","guid":{"rendered":"https:\/\/fmp-components.com\/?post_type=product&#038;p=7992"},"modified":"2025-04-15T03:37:35","modified_gmt":"2025-04-15T03:37:35","slug":"plastic-planetary-gear","status":"publish","type":"product","link":"https:\/\/fmp-components.com\/sl\/product\/plastic-planetary-gear\/","title":{"rendered":"Plasti\u010dni planetarni zobnik"},"content":{"rendered":"<h2>Plasti\u010dni planetarni zobniki: natan\u010dnost in u\u010dinkovitost<\/h2>\n<p>Plasti\u010dni planetarni zobniki so temelj sodobnega strojni\u0161tva, saj zagotavljajo kompaktno, u\u010dinkovito in vsestransko re\u0161itev za prenos navora in krmiljenje gibanja. Ti zobni\u0161ki sistemi, ki jih sestavljajo osrednji son\u010dni zobnik, ve\u010d planetnih zobnikov in zunanji zobni\u0161ki venec, so zasnovani tako, da zagotavljajo visoka prestavna razmerja na majhnem prostoru. V Italiji se urbane industrije zana\u0161ajo na plasti\u010dne planetarne zobnike zaradi njihove lahke te\u017ee, nizkega hrupa in stro\u0161kovne u\u010dinkovitosti, zaradi \u010desar so idealni za \u0161irok spekter aplikacij, od robotike do avtomobilskih sistemov.<\/p>\n<p>Plasti\u010dni planetarni zobniki, izdelani iz visokokakovostnih materialov, kot so najlon, polioksimetilen in druge napredne plastike, ponujajo izjemno vzdr\u017eljivost in zmogljivost. Za razliko od tradicionalnih kovinskih zobnikov ti plasti\u010dni sistemi ponujajo edinstvene prednosti, ki ustrezajo zahtevam sodobne tehnologije, zlasti v okoljih, kjer so te\u017ea, hrup in odpornost proti koroziji klju\u010dnega pomena.<\/p>\n<p><img loading=\"lazy\" decoding=\"async\" class=\"size-full wp-image-8002 aligncenter\" src=\"https:\/\/fmp-components.com\/wp-content\/uploads\/2025\/04\/plastic-planetary-gear-product-1.webp\" alt=\"izdelek iz plasti\u010dnega planetarnega zobnika\" width=\"750\" height=\"1288\" title=\"\" srcset=\"https:\/\/fmp-components.com\/wp-content\/uploads\/2025\/04\/plastic-planetary-gear-product-1.webp 750w, https:\/\/fmp-components.com\/wp-content\/uploads\/2025\/04\/plastic-planetary-gear-product-1-480x824.webp 480w\" sizes=\"(min-width: 0px) and (max-width: 480px) 480px, (min-width: 481px) 750px, 100vw\" \/><\/p>\n<div>\n<div>\n<h3 dir=\"auto\">Prednosti plasti\u010dnih planetarnih gonil<\/h3>\n<h4 dir=\"auto\">Lahka in kompaktna zasnova<\/h4>\n<p class=\"break-words\" dir=\"auto\">Ena od izjemnih lastnosti plasti\u010dnih planetarnih zobnikov je njihova lahka konstrukcija. Z uporabo plastike za zunanji zobni\u0161ki ven\u010dek in kombinacijo s sintrano kovino za notranje komponente ti zobniki znatno zmanj\u0161ajo te\u017eo v primerjavi s kovinskimi alternativami. Zaradi tega so idealni za aplikacije, kjer je zmanj\u0161anje te\u017ee klju\u010dnega pomena, kot so prenosne naprave ali oprema z omejenim prostorom.<\/p>\n<h4 dir=\"auto\">Nizek hrup in vibracije<\/h4>\n<p class=\"break-words\" dir=\"auto\">Plasti\u010dni planetarni zobniki so odli\u010dni pri zmanj\u0161evanju hrupa in vibracij zaradi lastnosti du\u0161enja plasti\u010dnih materialov. Ta lastnost je \u0161e posebej dragocena v sektorjih, kot sta medicinska oprema in potro\u0161ni\u0161ka elektronika, kjer tiho delovanje izbolj\u0161a uporabni\u0161ko izku\u0161njo in varnost na delovnem mestu.<\/p>\n<h4 dir=\"auto\">Odpornost proti koroziji<\/h4>\n<p class=\"break-words\" dir=\"auto\">Za razliko od kovinskih zobnikov so plasti\u010dni planetarni zobniki odporni proti koroziji, ne da bi potrebovali mazanje. Zaradi tega so primerni za zahtevna okolja, kot so kemi\u010dna predelava ali vla\u017eni pogoji, kar zagotavlja zanesljivo delovanje v razli\u010dnih panogah.<\/p>\n<h4 dir=\"auto\">Stro\u0161kovno u\u010dinkovita re\u0161itev<\/h4>\n<p class=\"break-words\" dir=\"auto\">Plasti\u010dni zobniki so na splo\u0161no cenovno ugodnej\u0161i za proizvodnjo kot kovinski zobniki, kar proizvajalcem ponuja stro\u0161kovno u\u010dinkovito mo\u017enost. Njihovi ni\u017eji proizvodni stro\u0161ki ne ogro\u017eajo kakovosti, zaradi \u010desar so pametna izbira za podjetja, ki se zavedajo prora\u010duna in i\u0161\u010dejo visoko zmogljivost.<\/p>\n<h4 dir=\"auto\">Prilagoditev in fleksibilnost<\/h4>\n<p class=\"break-words\" dir=\"auto\">Plasti\u010dne planetarne zobnike je mogo\u010de oblikovati v kompleksne oblike, kar omogo\u010da prilagojene zasnove, ki ustrezajo specifi\u010dnim zahtevam. Ne glede na to, ali prilagajate prestavna razmerja, velikosti ali navorne zmogljivosti, ta prilagodljivost optimizira delovanje za edinstvene aplikacije.<\/p>\n<h4 dir=\"auto\">Nemagnetne lastnosti<\/h4>\n<p class=\"break-words\" dir=\"auto\">Nemagnetna narava plasti\u010dnih zobnikov je klju\u010dna prednost v ob\u010dutljivih aplikacijah, kot so medicinske slikovne naprave ali elektronska oprema. Ta lastnost zagotavlja minimalne motnje in podpira natan\u010dnost v visokotehnolo\u0161kih panogah.<\/p>\n<h3 dir=\"auto\">Uporaba plasti\u010dnih planetarnih zobnikov<\/h3>\n<p class=\"break-words\" dir=\"auto\">Plasti\u010dni planetarni zobniki so sestavni del \u0161tevilnih industrij, saj zagotavljajo zanesljiv nadzor gibanja in prenos navora:<\/p>\n<ul class=\"marker:text-secondary\" dir=\"auto\">\n<li class=\"break-words\"><strong>Robotika<\/strong>Plasti\u010dni planetarni zobniki poganjajo natan\u010dne gibe v robotskih sistemih in s tem pove\u010dujejo u\u010dinkovitost avtomatizacije.<\/li>\n<li class=\"break-words\"><strong>Avtomobilizem<\/strong>Lahki zobniki podpirajo kompaktne zasnove komponent elektri\u010dnih vozil in prispevajo k inovativnim avtomobilskim re\u0161itvam.<\/li>\n<li class=\"break-words\"><strong>Gospodinjski aparati<\/strong>Plasti\u010dni zobniki zagotavljajo nemoteno delovanje v aparatih, kot so pralni stroji in me\u0161alniki, ter zagotavljajo dosledno zmogljivost.<\/li>\n<li class=\"break-words\"><strong>Medicinska oprema<\/strong>Zobniki, odporni proti koroziji, so klju\u010dnega pomena za medicinske pripomo\u010dke, kjer sta zanesljivost in vzdr\u017eljivost bistvenega pomena.<\/li>\n<li class=\"break-words\"><strong>Pisarni\u0161ka oprema<\/strong>Od tiskalnikov do kopirnih strojev, plasti\u010dni planetarni zobniki zagotavljajo zanesljivo delovanje v komercialnih aplikacijah.<\/li>\n<\/ul>\n<p class=\"break-words\" dir=\"auto\">Te aplikacije poudarjajo vsestranskost plasti\u010dnih planetarnih zobnikov, ki z natan\u010dnostjo in vzdr\u017eljivostjo zadovoljujejo razli\u010dne industrijske potrebe.<\/p>\n<\/div>\n<div>\n<h3 dir=\"auto\">Omejitve plasti\u010dnih planetarnih zobnikov<\/h3>\n<p class=\"break-words\" dir=\"auto\">\u010ceprav plasti\u010dni planetarni zobniki ponujajo \u0161tevilne prednosti, imajo v primerjavi s kovinskimi zobniki nekatere omejitve:<\/p>\n<ul class=\"marker:text-secondary\" dir=\"auto\">\n<li class=\"break-words\"><strong>Nosilnost<\/strong>Plasti\u010dni zobniki morda ne bodo tako u\u010dinkovito prenesli izjemno visokih navornih obremenitev kot kovinski zobniki, zato je potrebna skrbna ocena uporabe.<\/li>\n<li class=\"break-words\"><strong>Toplotna odpornost<\/strong>Plasti\u010dni zobniki se lahko pri visokih temperaturah deformirajo, zaradi \u010desar so manj primerni za ekstremna toplotna okolja.<\/li>\n<li class=\"break-words\"><strong>Natan\u010dnost<\/strong>Kovinski zobniki pogosto zagotavljajo stro\u017eje tolerance, kar je lahko prednostno za ultra natan\u010dne aplikacije.<\/li>\n<\/ul>\n<p class=\"break-words\" dir=\"auto\">Vendar pa za ve\u010dino aplikacij plasti\u010dni planetarni zobniki dosegajo odli\u010dno ravnovesje med zmogljivostjo, stro\u0161ki in prakti\u010dnostjo, zlasti \u010de so prilagojeni specifi\u010dnim potrebam.<\/p>\n<div>\n<h2 class=\"\" dir=\"auto\">Plasti\u010dni planetarni menjalniki v primerjavi s plasti\u010dnimi planetarnimi menjalniki<\/h2>\n<p class=\"break-words\" dir=\"auto\">Plasti\u010dni planetarni zobniki so osrednji sestavni deli plasti\u010dnih planetnih menjalnikov, ki zobnike integrirajo v celoten sistem z motorjem, ohi\u0161jem in nosilnimi plo\u0161\u010dami. Medtem ko sami zobniki \u2013 ki jih sestavljajo son\u010dni, planetni in ven\u010dni zobniki \u2013 skrbijo za prenos navora in krmiljenje gibanja, menjalnik ponuja kompaktno, takoj\u0161njo re\u0161itev, ki pove\u010duje u\u010dinkovitost in poenostavlja integracijo. V bistvu so zobniki funkcionalno srce menjalnika, zasnovano za specifi\u010dne meritve delovanja, medtem ko menjalnik ponuja sistem \u00bbplug-and-play\u00ab za razli\u010dne industrijske aplikacije. Ne glede na to, ali potrebujete samostojne zobnike ali celoten menjalnik, oba izkoristita prednosti lahke te\u017ee in nizkega hrupa plasti\u010dnih materialov.<\/p>\n<table style=\"border-collapse: collapse; width: 97.6042%; height: 220px;\" border=\"0\" width=\"180\" cellspacing=\"0\" cellpadding=\"0\">\n<tbody>\n<tr style=\"height: 14.40pt;\">\n<td style=\"height: 14.40pt; width: 54.00pt;\" align=\"right\" width=\"90\" height=\"24\"><img loading=\"lazy\" decoding=\"async\" class=\"size-full wp-image-7996 aligncenter\" src=\"https:\/\/fmp-components.com\/wp-content\/uploads\/2025\/04\/plastic-planetary-gear-product-5.webp\" alt=\"izdelek iz plasti\u010dnega planetarnega zobnika\" width=\"800\" height=\"800\" title=\"\" srcset=\"https:\/\/fmp-components.com\/wp-content\/uploads\/2025\/04\/plastic-planetary-gear-product-5.webp 800w, https:\/\/fmp-components.com\/wp-content\/uploads\/2025\/04\/plastic-planetary-gear-product-5-480x480.webp 480w\" sizes=\"(min-width: 0px) and (max-width: 480px) 480px, (min-width: 481px) 800px, 100vw\" \/><\/td>\n<td style=\"width: 54.00pt;\" align=\"right\" width=\"90\"><img loading=\"lazy\" decoding=\"async\" class=\"size-full wp-image-7995 aligncenter\" src=\"https:\/\/fmp-components.com\/wp-content\/uploads\/2025\/04\/plastic-planetary-gear-product-4.webp\" alt=\"izdelek iz plasti\u010dnega planetarnega zobnika\" width=\"800\" height=\"800\" title=\"\" srcset=\"https:\/\/fmp-components.com\/wp-content\/uploads\/2025\/04\/plastic-planetary-gear-product-4.webp 800w, https:\/\/fmp-components.com\/wp-content\/uploads\/2025\/04\/plastic-planetary-gear-product-4-480x480.webp 480w\" sizes=\"(min-width: 0px) and (max-width: 480px) 480px, (min-width: 481px) 800px, 100vw\" \/><\/td>\n<\/tr>\n<tr style=\"height: 14.40pt;\">\n<td style=\"height: 14.40pt;\" align=\"right\" height=\"24\"><img loading=\"lazy\" decoding=\"async\" class=\"size-full wp-image-7998 aligncenter\" src=\"https:\/\/fmp-components.com\/wp-content\/uploads\/2025\/04\/plastic-planetary-gear-product-7.webp\" alt=\"izdelek iz plasti\u010dnega planetarnega zobnika\" width=\"800\" height=\"800\" title=\"\" srcset=\"https:\/\/fmp-components.com\/wp-content\/uploads\/2025\/04\/plastic-planetary-gear-product-7.webp 800w, https:\/\/fmp-components.com\/wp-content\/uploads\/2025\/04\/plastic-planetary-gear-product-7-480x480.webp 480w\" sizes=\"(min-width: 0px) and (max-width: 480px) 480px, (min-width: 481px) 800px, 100vw\" \/><\/td>\n<td align=\"right\"><img loading=\"lazy\" decoding=\"async\" class=\"size-full wp-image-7997 aligncenter\" src=\"https:\/\/fmp-components.com\/wp-content\/uploads\/2025\/04\/plastic-planetary-gear-product-6.webp\" alt=\"izdelek iz plasti\u010dnega planetarnega zobnika\" width=\"800\" height=\"800\" title=\"\" srcset=\"https:\/\/fmp-components.com\/wp-content\/uploads\/2025\/04\/plastic-planetary-gear-product-6.webp 800w, https:\/\/fmp-components.com\/wp-content\/uploads\/2025\/04\/plastic-planetary-gear-product-6-480x480.webp 480w\" sizes=\"(min-width: 0px) and (max-width: 480px) 480px, (min-width: 481px) 800px, 100vw\" \/><\/td>\n<\/tr>\n<\/tbody>\n<\/table>\n<div>\n<table style=\"border-collapse: collapse; width: 98.4086%; height: 29px;\" border=\"0\" width=\"180\" cellspacing=\"0\" cellpadding=\"0\">\n<tbody>\n<tr style=\"height: 14.40pt;\">\n<td style=\"height: 14.4pt; width: 49.7337%;\" align=\"right\" width=\"90\" height=\"24\"><img loading=\"lazy\" decoding=\"async\" class=\"wp-image-7999 aligncenter\" src=\"https:\/\/fmp-components.com\/wp-content\/uploads\/2025\/04\/plastic-planetary-gearbox-product-1.webp\" alt=\"izdelek iz plasti\u010dnega planetarnega menjalnika\" width=\"746\" height=\"746\" title=\"\"><\/td>\n<td style=\"width: 53.0741%;\" align=\"right\" width=\"90\"><img loading=\"lazy\" decoding=\"async\" class=\"wp-image-8001 aligncenter\" src=\"https:\/\/fmp-components.com\/wp-content\/uploads\/2025\/04\/plastic-planetary-gearbox-product-2.webp\" alt=\"izdelek iz plasti\u010dnega planetarnega menjalnika\" width=\"469\" height=\"469\" title=\"\"><\/td>\n<\/tr>\n<\/tbody>\n<\/table>\n<h3>Sorodni izdelki \u2013 Planetni menjalnik<\/h3>\n<p>V podjetju FMP smo ponosni, da ponujamo celovito paleto plasti\u010dnih planetarnih zobnikov in <a href=\"https:\/\/fmp-components.com\/sl\/planetary-gearbox\/\">planetarni menjalniki<\/a>, zasnovani za zadovoljevanje razli\u010dnih industrijskih potreb. Na\u0161i plasti\u010dni planetarni zobniki zagotavljajo natan\u010dnost in u\u010dinkovitost prenosa navora, medtem ko na\u0161i planetarni menjalniki te zobnike integrirajo z motorji, ohi\u0161ji in nosilnimi plo\u0161\u010dami, kar zagotavlja kompaktne, takoj\u0161nje re\u0161itve. Obe liniji izdelkov sta izdelani iz visokokakovostnih materialov, kot sta najlon in acetal, kar zagotavlja lahko konstrukcijo, nizek hrup in vzdr\u017eljivost. Ne glede na to, ali potrebujete samostojne zobnike ali celotne sisteme menjalnikov, FMP ponuja prilagodljive, visokozmogljive re\u0161itve, prilagojene va\u0161im specifi\u010dnim aplikacijam.<\/p>\n<p><img loading=\"lazy\" decoding=\"async\" class=\"size-full wp-image-6316 aligncenter\" src=\"https:\/\/fmp-components.com\/wp-content\/uploads\/2025\/03\/planetary-gearbox-banner.webp\" alt=\"transparent planetarnega menjalnika\" width=\"1772\" height=\"945\" title=\"\" srcset=\"https:\/\/fmp-components.com\/wp-content\/uploads\/2025\/03\/planetary-gearbox-banner.webp 1772w, https:\/\/fmp-components.com\/wp-content\/uploads\/2025\/03\/planetary-gearbox-banner-1280x683.webp 1280w, https:\/\/fmp-components.com\/wp-content\/uploads\/2025\/03\/planetary-gearbox-banner-980x523.webp 980w, https:\/\/fmp-components.com\/wp-content\/uploads\/2025\/03\/planetary-gearbox-banner-480x256.webp 480w\" sizes=\"(min-width: 0px) and (max-width: 480px) 480px, (min-width: 481px) and (max-width: 980px) 980px, (min-width: 981px) and (max-width: 1280px) 1280px, (min-width: 1281px) 1772px, 100vw\" \/><\/p>\n<p style=\"text-align: center;\"><strong>Prosim <a href=\"mailto:info@fmpcomponents.it\">kontaktirajte nas<\/a> za ve\u010d izdelkov<\/strong><\/p>\n<\/div>\n<div>\n<h2 class=\"\" dir=\"auto\">O podjetju FMP: Va\u0161 zaupanja vreden partner za plasti\u010dne planetarne zobnike v Italiji<\/h2>\n<p class=\"break-words\" dir=\"auto\">V podjetju FMP smo specializirani za proizvodnjo \u0161iroke palete plasti\u010dnih planetarnih zobnikov in sorodnih izdelkov, ki slu\u017eijo industrijam v Milanu, Benetkah, Firencah in Bologni. Na\u0161a ponudba vklju\u010duje standardne in prilagojene zobnike, izdelane iz vrhunskih materialov, kot sta najlon in acetal, ki so zasnovani za visoko u\u010dinkovitost, vzdr\u017eljivost in natan\u010dnost. Ponosni smo na to, da izpolnjujemo edinstvene potrebe na\u0161ih strank, bodisi za robotiko, avtomobilsko industrijo ali medicinsko industrijo.<\/p>\n<p class=\"break-words\" dir=\"auto\">FMP ponuja tudi storitve prilagajanja, ki nam omogo\u010dajo, da plasti\u010dne planetarne zobnike prilagodimo va\u0161im natan\u010dnim specifikacijam. \u010ce v na\u0161ih seznamih izdelkov ne najdete modela, ki ga potrebujete, morda \u0161e ni nalo\u017een. Preprosto nam po\u0161ljite e-po\u0161to z va\u0161imi zahtevami in na\u0161i predani in\u017eenirji se vam bodo v 24 urah odzvali z re\u0161itvijo, zasnovano tako, da ustreza va\u0161im potrebam. Zaupajte FMP-ju, da vam bo zagotovil inovativne, visokokakovostne re\u0161itve za plasti\u010dne zobnike, ki bodo va\u0161e projekte po vsej Italiji pripeljale do uspeha.<\/p>\n<\/div>\n<\/div>\n<\/div>\n<div>\n<p dir=\"auto\"><img loading=\"lazy\" decoding=\"async\" class=\"wp-image-8000 aligncenter\" src=\"https:\/\/fmp-components.com\/wp-content\/uploads\/2025\/04\/plastic-planetary-gear-product-2.webp\" alt=\"izdelek iz plasti\u010dnega planetarnega zobnika\" width=\"880\" height=\"880\" title=\"\" srcset=\"https:\/\/fmp-components.com\/wp-content\/uploads\/2025\/04\/plastic-planetary-gear-product-2.webp 880w, https:\/\/fmp-components.com\/wp-content\/uploads\/2025\/04\/plastic-planetary-gear-product-2-480x480.webp 480w\" sizes=\"(min-width: 0px) and (max-width: 480px) 480px, (min-width: 481px) 880px, 100vw\" \/><\/p>\n<\/div>\n<\/div>","protected":false},"excerpt":{"rendered":"<p>Plastic Planetary Gears: Precision and Efficiency Plastic planetary gears are a cornerstone of modern mechanical engineering, providing a compact, efficient and versatile solution for torque transmission and motion control. Consisting of a central sun gear, multiple planetary gears and an outer ring gear, these gear systems are designed to provide high reduction ratios in a [&hellip;]<\/p>","protected":false},"featured_media":7994,"comment_status":"open","ping_status":"closed","template":"","meta":{"_et_pb_use_builder":"","_et_pb_old_content":"","_et_gb_content_width":""},"product_brand":[],"product_cat":[117],"product_tag":[],"class_list":{"0":"post-7992","1":"product","2":"type-product","3":"status-publish","4":"has-post-thumbnail","6":"product_cat-plastic-gears","8":"first","9":"instock","10":"shipping-taxable","11":"product-type-simple"},"_links":{"self":[{"href":"https:\/\/fmp-components.com\/sl\/wp-json\/wp\/v2\/product\/7992","targetHints":{"allow":["GET"]}}],"collection":[{"href":"https:\/\/fmp-components.com\/sl\/wp-json\/wp\/v2\/product"}],"about":[{"href":"https:\/\/fmp-components.com\/sl\/wp-json\/wp\/v2\/types\/product"}],"replies":[{"embeddable":true,"href":"https:\/\/fmp-components.com\/sl\/wp-json\/wp\/v2\/comments?post=7992"}],"wp:featuredmedia":[{"embeddable":true,"href":"https:\/\/fmp-components.com\/sl\/wp-json\/wp\/v2\/media\/7994"}],"wp:attachment":[{"href":"https:\/\/fmp-components.com\/sl\/wp-json\/wp\/v2\/media?parent=7992"}],"wp:term":[{"taxonomy":"product_brand","embeddable":true,"href":"https:\/\/fmp-components.com\/sl\/wp-json\/wp\/v2\/product_brand?post=7992"},{"taxonomy":"product_cat","embeddable":true,"href":"https:\/\/fmp-components.com\/sl\/wp-json\/wp\/v2\/product_cat?post=7992"},{"taxonomy":"product_tag","embeddable":true,"href":"https:\/\/fmp-components.com\/sl\/wp-json\/wp\/v2\/product_tag?post=7992"}],"curies":[{"name":"delovni list","href":"https:\/\/api.w.org\/{rel}","templated":true}]}}