{"id":7925,"date":"2025-04-11T05:36:47","date_gmt":"2025-04-11T05:36:47","guid":{"rendered":"https:\/\/fmp-components.com\/?post_type=product&#038;p=7925"},"modified":"2025-04-11T05:45:56","modified_gmt":"2025-04-11T05:45:56","slug":"flywheel-ring-gear","status":"publish","type":"product","link":"https:\/\/fmp-components.com\/sl\/product\/flywheel-ring-gear\/","title":{"rendered":"Zobni\u0161ki venec vztrajnika"},"content":{"rendered":"<h2>Zobniki vztrajnika: natan\u010dnost in zmogljivost za italijansko industrijo<\/h2>\n<div>Vztrajnik <a href=\"https:\/\/fmp-components.com\/sl\/ring-gear\/\">zobni\u0161ki venec<\/a> so klju\u010dne komponente v avtomobilskih in industrijskih strojih, saj zagotavljajo nemoten prenos mo\u010di med motorjem in zaganjalnikom. Zasnovani za vzdr\u017eljivost in natan\u010dnost, so ti zobniki bistveni za vozila in opremo, ki se uporablja po vsej Italiji, od \u017eivahnih milanskih ulic do slikovitih poti Firenc. V podjetju FMP izdelujemo vztrajni\u0161ke zobnike, ki izpolnjujejo stroge standarde kakovosti in ponujajo zanesljivo delovanje za \u0161irok spekter uporabe. Ne glede na to, ali vzdr\u017eujete ladijske motorje v Benetkah ali pa v Bologni servisirate te\u017eke stroje, so na\u0161i zobniki zasnovani tako, da prenesejo visok navor in te\u017eke pogoje, kar zagotavlja dolgotrajno u\u010dinkovitost.<\/div>\n<p><img loading=\"lazy\" decoding=\"async\" class=\"alignnone size-full wp-image-7927\" src=\"https:\/\/fmp-components.com\/wp-content\/uploads\/2025\/04\/flywheel-ring-gear-product-detail.webp\" alt=\"podrobnosti o izdelku z vztrajnikom\" width=\"1200\" height=\"1200\" title=\"\" srcset=\"https:\/\/fmp-components.com\/wp-content\/uploads\/2025\/04\/flywheel-ring-gear-product-detail.webp 1200w, https:\/\/fmp-components.com\/wp-content\/uploads\/2025\/04\/flywheel-ring-gear-product-detail-980x980.webp 980w, https:\/\/fmp-components.com\/wp-content\/uploads\/2025\/04\/flywheel-ring-gear-product-detail-480x480.webp 480w\" sizes=\"(min-width: 0px) and (max-width: 480px) 480px, (min-width: 481px) and (max-width: 980px) 980px, (min-width: 981px) 1200px, 100vw\" \/><\/p>\n<h2>Zakaj izbrati visokokakovostne zobnike vztrajnikov FMP?<\/h2>\n<div>V raznoliki italijanski industrijski krajini, od obrtni\u0161kih delavnic v Firencah do avtomobilskih sredi\u0161\u010d v Milanu, povpra\u0161evanje po robustnih zobni\u0161kih vencih vztrajnikov nenehno nara\u0161\u010da. Ti zobniki so izdelani iz vrhunskih materialov, ki so odporni proti obrabi in zagotavljajo nemoteno vklop z zaganjalniki. Pri FMP ponujamo \u0161iroko paleto zobni\u0161kih vencev, primernih za avtomobile, tovornjake in industrijsko opremo, kar zagotavlja zdru\u017eljivost z razli\u010dnimi modeli. \u010ce ste v Benetkah ali Bologni in ne najdete dolo\u010denega modela zobni\u0161kega venca, ki ga potrebujete, ne skrbite \u2013 na\u0161a ekipa lahko prilagodi re\u0161itve va\u0161im zahtevam in vam zagotovi natan\u010dno izdelane izdelke, ki zagotavljajo nemoteno delovanje.<\/div>\n<div>\n<h3>FMP: Va\u0161 zaupanja vreden partner za zobnike vztrajnikov v Italiji<\/h3>\n<p>FMP je vodilni proizvajalec zobni\u0161kih vencev za vztrajnike. Na\u0161e podjetje je specializirano za \u0161iroko paleto zobni\u0161kih vencev in ponuja storitve po meri, ki ustrezajo va\u0161im edinstvenim specifikacijam. \u010ce na na\u0161em seznamu izdelkov ne vidite modela, ki ga potrebujete, ga morda \u0161e nismo nalo\u017eili. Preprosto nam sporo\u010dite svoje potrebe po e-po\u0161ti in eden od na\u0161ih profesionalnih in\u017eenirjev se vam bo v 24 urah odzval s prilagojeno re\u0161itvijo. Kjerkoli \u017ee ste v Italiji, vam lahko FMP zagotovi visokokakovostne in trpe\u017ene zobni\u0161ke vence za pogon va\u0161ega podjetja.<\/p>\n<table style=\"border-collapse: collapse; width: 103.578%; height: 58px;\" border=\"0\" width=\"240\" cellspacing=\"0\" cellpadding=\"0\">\n<tbody>\n<tr style=\"height: 14.40pt;\">\n<td style=\"height: 14.40pt; width: 48.00pt;\" align=\"right\" width=\"80\" height=\"24\"><img loading=\"lazy\" decoding=\"async\" class=\"size-full wp-image-7931 aligncenter\" src=\"https:\/\/fmp-components.com\/wp-content\/uploads\/2025\/04\/flywheel-ring-gear-product-1.webp\" alt=\"izdelek z vztrajnikom\" width=\"750\" height=\"750\" title=\"\" srcset=\"https:\/\/fmp-components.com\/wp-content\/uploads\/2025\/04\/flywheel-ring-gear-product-1.webp 750w, https:\/\/fmp-components.com\/wp-content\/uploads\/2025\/04\/flywheel-ring-gear-product-1-480x480.webp 480w\" sizes=\"(min-width: 0px) and (max-width: 480px) 480px, (min-width: 481px) 750px, 100vw\" \/><\/td>\n<td style=\"width: 48.00pt;\" align=\"right\" width=\"80\"><img loading=\"lazy\" decoding=\"async\" class=\"size-full wp-image-7929 aligncenter\" src=\"https:\/\/fmp-components.com\/wp-content\/uploads\/2025\/04\/flywheel-ring-gear-product-2.webp\" alt=\"izdelek z vztrajnikom\" width=\"800\" height=\"800\" title=\"\" srcset=\"https:\/\/fmp-components.com\/wp-content\/uploads\/2025\/04\/flywheel-ring-gear-product-2.webp 800w, https:\/\/fmp-components.com\/wp-content\/uploads\/2025\/04\/flywheel-ring-gear-product-2-480x480.webp 480w\" sizes=\"(min-width: 0px) and (max-width: 480px) 480px, (min-width: 481px) 800px, 100vw\" \/><\/td>\n<td style=\"width: 48.00pt;\" align=\"right\" width=\"80\"><img loading=\"lazy\" decoding=\"async\" class=\"size-full wp-image-7930 aligncenter\" src=\"https:\/\/fmp-components.com\/wp-content\/uploads\/2025\/04\/flywheel-ring-gear-product-3.webp\" alt=\"izdelek z vztrajnikom\" width=\"800\" height=\"800\" title=\"\" srcset=\"https:\/\/fmp-components.com\/wp-content\/uploads\/2025\/04\/flywheel-ring-gear-product-3.webp 800w, https:\/\/fmp-components.com\/wp-content\/uploads\/2025\/04\/flywheel-ring-gear-product-3-480x480.webp 480w\" sizes=\"(min-width: 0px) and (max-width: 480px) 480px, (min-width: 481px) 800px, 100vw\" \/><\/td>\n<\/tr>\n<\/tbody>\n<\/table>\n<\/div>","protected":false},"excerpt":{"rendered":"<p>Flywheel Ring Gears: Precision and Performance for Italian Industries Flywheel ring gears are critical components in automotive and industrial machinery, ensuring smooth power transmission between the engine and the starter motor. Designed for durability and precision, these gears are essential for vehicles and equipment used across Italy, from the bustling streets of Milan to the [&hellip;]<\/p>","protected":false},"featured_media":7926,"comment_status":"open","ping_status":"closed","template":"","meta":{"_et_pb_use_builder":"","_et_pb_old_content":"","_et_gb_content_width":""},"product_brand":[],"product_cat":[114],"product_tag":[],"class_list":{"0":"post-7925","1":"product","2":"type-product","3":"status-publish","4":"has-post-thumbnail","6":"product_cat-ring-gear","8":"first","9":"instock","10":"shipping-taxable","11":"product-type-simple"},"_links":{"self":[{"href":"https:\/\/fmp-components.com\/sl\/wp-json\/wp\/v2\/product\/7925","targetHints":{"allow":["GET"]}}],"collection":[{"href":"https:\/\/fmp-components.com\/sl\/wp-json\/wp\/v2\/product"}],"about":[{"href":"https:\/\/fmp-components.com\/sl\/wp-json\/wp\/v2\/types\/product"}],"replies":[{"embeddable":true,"href":"https:\/\/fmp-components.com\/sl\/wp-json\/wp\/v2\/comments?post=7925"}],"wp:featuredmedia":[{"embeddable":true,"href":"https:\/\/fmp-components.com\/sl\/wp-json\/wp\/v2\/media\/7926"}],"wp:attachment":[{"href":"https:\/\/fmp-components.com\/sl\/wp-json\/wp\/v2\/media?parent=7925"}],"wp:term":[{"taxonomy":"product_brand","embeddable":true,"href":"https:\/\/fmp-components.com\/sl\/wp-json\/wp\/v2\/product_brand?post=7925"},{"taxonomy":"product_cat","embeddable":true,"href":"https:\/\/fmp-components.com\/sl\/wp-json\/wp\/v2\/product_cat?post=7925"},{"taxonomy":"product_tag","embeddable":true,"href":"https:\/\/fmp-components.com\/sl\/wp-json\/wp\/v2\/product_tag?post=7925"}],"curies":[{"name":"delovni list","href":"https:\/\/api.w.org\/{rel}","templated":true}]}}