{"id":7898,"date":"2025-04-09T08:43:15","date_gmt":"2025-04-09T08:43:15","guid":{"rendered":"https:\/\/fmp-components.com\/?post_type=product&#038;p=7898"},"modified":"2025-04-14T08:55:11","modified_gmt":"2025-04-14T08:55:11","slug":"internal-ring-gear","status":"publish","type":"product","link":"https:\/\/fmp-components.com\/sl\/product\/internal-ring-gear\/","title":{"rendered":"Notranji zobni\u0161ki zobnik"},"content":{"rendered":"<h2>Razumevanje notranjih zobnikov<\/h2>\n<div><\/div>\n<div>Notranje <a href=\"https:\/\/fmp-components.com\/sl\/ring-gear\/\">zobni\u0161ki venec<\/a> so bistvene komponente mehanskih sistemov, zasnovanih za zmanj\u0161anje hitrosti in pove\u010danje navora v aplikacijah z linijskimi gredmi. Za razliko od zunanjih zobnikov imajo ti valjasti zobniki zobe, vrezane v notranji premer, kar jim omogo\u010da brezhibno ujetost z \u010delnimi zobniki ali pastorki. Ta zasnova omogo\u010da, da se pogonski pastorek vrti znotraj zobnika, kar zagotavlja gladko in u\u010dinkovito delovanje. Notranji zobniki se pogosto uporabljajo v planetarnih zobni\u0161kih sistemih, zobni\u0161kih sklopkah in drugih nastavitvah, ki zahtevajo kompaktne re\u0161itve z visokim navorom. Izdelava teh zobnikov obi\u010dajno vklju\u010duje stroje za oblikovanje zobnikov z rezkarji za pastorke, \u010deprav so sodobne tehnike, kot je lu\u0161\u010denje, izbolj\u0161ale u\u010dinkovitost proizvodnje. Vendar pa njihova kompleksna geometrija predstavlja izzive \u2013 zlasti pri tanj\u0161ih obro\u010dih, ki se lahko soo\u010dajo s te\u017eavami s strukturno celovitostjo ali napetostmi zaradi obdelave.<\/div>\n<h3>Specifikacija<\/h3>\n<p>Notranji zobni\u0161ki venec z nazob\u010danim delom na notranji povr\u0161ini obro\u010da.<\/p>\n<table border=\"1\" width=\"881\" cellspacing=\"0\" cellpadding=\"0\">\n<tbody>\n<tr>\n<td height=\"39\">Izdelki<\/td>\n<td>Notranji zobni\u0161ki zobnik<\/td>\n<\/tr>\n<tr>\n<td height=\"39\">Izdelano po meri<\/td>\n<td>\u221a<\/td>\n<\/tr>\n<tr>\n<td height=\"39\">Vrsta profila zobnika<\/td>\n<td>Cilindri\u010dni zobni\u0161ki zobnik<\/td>\n<\/tr>\n<tr>\n<td height=\"39\">Izdelava zobnikov<\/td>\n<td>Oblikovanje zobnikov<\/td>\n<\/tr>\n<tr>\n<td height=\"39\">Bru\u0161enje zobnikov<\/td>\n<td>* Po potrebi<\/td>\n<\/tr>\n<tr>\n<td height=\"39\">Modul (M)<\/td>\n<td>Po meri<\/td>\n<\/tr>\n<tr>\n<td height=\"39\">\u0160tevilo zob (Z)<\/td>\n<td>Po meri<\/td>\n<\/tr>\n<tr>\n<td>Kot pritiska (\u03b1)<\/td>\n<td>Po meri<\/td>\n<\/tr>\n<tr>\n<td height=\"31\">Kot vija\u010dnice (\u03b2)<\/td>\n<td>Po meri<\/td>\n<\/tr>\n<tr>\n<td height=\"23\">Stopnja natan\u010dnosti zob<\/td>\n<td>Razred ISO 8-9<\/td>\n<\/tr>\n<tr>\n<td height=\"15\">Toplotna obdelava<\/td>\n<td>Kaljenje in popu\u0161\u010danje\/indukcijsko kaljenje<\/td>\n<\/tr>\n<tr>\n<td>Trdota<\/td>\n<td>230\u2013260 HB<\/td>\n<\/tr>\n<\/tbody>\n<\/table>\n<p>&nbsp;<\/p>\n<table style=\"width: 99.1544%;\" border=\"1\" width=\"796\" cellspacing=\"0\" cellpadding=\"0\">\n<tbody>\n<tr>\n<td style=\"width: 116.377%;\" colspan=\"6\" height=\"36\">PRIMERJAVA VRST JEKLA PO KODIH<\/td>\n<\/tr>\n<tr>\n<td style=\"width: 18.5139%;\" height=\"36\">KITAJSKA\/VB<\/td>\n<td style=\"width: 18.136%;\">ISO<\/td>\n<td style=\"width: 17.3804%;\">GOST<\/td>\n<td style=\"width: 10.0756%;\">ASTM<\/td>\n<td style=\"width: 16.4987%;\">JIS<\/td>\n<td style=\"width: 35.7722%;\">DIN<\/td>\n<\/tr>\n<tr>\n<td style=\"width: 18.5139%;\" height=\"36\">45<\/td>\n<td style=\"width: 18.136%;\">C45E4<\/td>\n<td style=\"width: 17.3804%;\">45<\/td>\n<td style=\"width: 10.0756%;\">1045<\/td>\n<td style=\"width: 16.4987%;\">S45C<\/td>\n<td style=\"width: 35.7722%;\">CK45<\/td>\n<\/tr>\n<tr>\n<td style=\"width: 18.5139%;\" height=\"36\">40Cr<\/td>\n<td style=\"width: 18.136%;\">41Cr4<\/td>\n<td style=\"width: 17.3804%;\">40-kratnik<\/td>\n<td style=\"width: 10.0756%;\">5140<\/td>\n<td style=\"width: 16.4987%;\">SCR440<\/td>\n<td style=\"width: 35.7722%;\">41Cr4<\/td>\n<\/tr>\n<tr>\n<td style=\"width: 18.5139%;\" height=\"36\">20CrMo<\/td>\n<td style=\"width: 18.136%;\">18CrMo4<\/td>\n<td style=\"width: 17.3804%;\">20HM<\/td>\n<td style=\"width: 10.0756%;\">4118<\/td>\n<td style=\"width: 16.4987%;\">SCM22<\/td>\n<td style=\"width: 35.7722%;\">25CrMo4<\/td>\n<\/tr>\n<tr>\n<td style=\"width: 18.5139%;\" height=\"36\">42CrMo<\/td>\n<td style=\"width: 18.136%;\">42CrMo4<\/td>\n<td style=\"width: 17.3804%;\">38XM<\/td>\n<td style=\"width: 10.0756%;\">4140<\/td>\n<td style=\"width: 16.4987%;\">SCM440<\/td>\n<td style=\"width: 35.7722%;\">42CrMo4<\/td>\n<\/tr>\n<tr>\n<td style=\"width: 18.5139%;\" height=\"36\">20CrMnTi<\/td>\n<td style=\"width: 18.136%;\"><\/td>\n<td style=\"width: 17.3804%;\">18X\u0413T<\/td>\n<td style=\"width: 10.0756%;\"><\/td>\n<td style=\"width: 16.4987%;\">SMK22<\/td>\n<td style=\"width: 35.7722%;\"><\/td>\n<\/tr>\n<tr>\n<td style=\"width: 18.5139%;\" height=\"36\">20Cr2Ni4<\/td>\n<td style=\"width: 18.136%;\"><\/td>\n<td style=\"width: 17.3804%;\">20X2H4A<\/td>\n<td style=\"width: 10.0756%;\"><\/td>\n<td style=\"width: 16.4987%;\"><\/td>\n<td style=\"width: 35.7722%;\"><\/td>\n<\/tr>\n<tr>\n<td style=\"width: 18.5139%;\" height=\"36\">20CrNiMo<\/td>\n<td style=\"width: 18.136%;\">20CrNiMo2<\/td>\n<td style=\"width: 17.3804%;\">20XHM<\/td>\n<td style=\"width: 10.0756%;\">8720<\/td>\n<td style=\"width: 16.4987%;\">SNCM220<\/td>\n<td style=\"width: 35.7722%;\">21NiCrMo2<\/td>\n<\/tr>\n<tr>\n<td style=\"width: 18.5139%;\" height=\"36\">40CrNiMoA<\/td>\n<td style=\"width: 18.136%;\"><\/td>\n<td style=\"width: 17.3804%;\">40XH2MA\/<br \/>\n40XHMA<\/td>\n<td style=\"width: 10.0756%;\">4340<\/td>\n<td style=\"width: 16.4987%;\">SNCM439<\/td>\n<td style=\"width: 35.7722%;\">40NiCrMo6\/<br \/>\n36NiCrMo4<\/td>\n<\/tr>\n<tr>\n<td style=\"width: 18.5139%;\" height=\"36\">20CrNi2Mo<\/td>\n<td style=\"width: 18.136%;\">20NiCrMo7<\/td>\n<td style=\"width: 17.3804%;\">20XH2MA<\/td>\n<td style=\"width: 10.0756%;\">4320<\/td>\n<td style=\"width: 16.4987%;\">SNCM420<\/td>\n<td style=\"width: 35.7722%;\"><\/td>\n<\/tr>\n<\/tbody>\n<\/table>\n<p><img loading=\"lazy\" decoding=\"async\" class=\"alignnone size-full wp-image-7899\" src=\"https:\/\/fmp-components.com\/wp-content\/uploads\/2025\/04\/internal-ring-gear-product-image.webp\" alt=\"slika-izdelka-notranji-ven\u010dni-zobnik\" width=\"2000\" height=\"1400\" title=\"\" srcset=\"https:\/\/fmp-components.com\/wp-content\/uploads\/2025\/04\/internal-ring-gear-product-image.webp 2000w, https:\/\/fmp-components.com\/wp-content\/uploads\/2025\/04\/internal-ring-gear-product-image-1280x896.webp 1280w, https:\/\/fmp-components.com\/wp-content\/uploads\/2025\/04\/internal-ring-gear-product-image-980x686.webp 980w, https:\/\/fmp-components.com\/wp-content\/uploads\/2025\/04\/internal-ring-gear-product-image-480x336.webp 480w\" sizes=\"(min-width: 0px) and (max-width: 480px) 480px, (min-width: 481px) and (max-width: 980px) 980px, (min-width: 981px) and (max-width: 1280px) 1280px, (min-width: 1281px) 2000px, 100vw\" \/><\/p>\n<h2>Vpogledi v oblikovanje in uporabo<\/h2>\n<div>Zmogljivost zobnika z notranjim vencem je odvisna od klju\u010dnih parametrov, kot so zunanji premer, debelina in profil zoba. Dovolj velik zunanji premer zagotavlja strukturno stabilnost, ustrezna debelina pa prepre\u010duje prekomerno obremenitev med delovanjem. Ti zobniki so lahko izdelani iz materialov, kot so jeklo, medenina, bron ali plastika, s kaljenjem glede na potrebe po trdnosti in vzdr\u017eljivosti. Pri kombinaciji z \u010delnim zobnikom ali pastorkom je klju\u010dnega pomena zdru\u017eljivost koraka, kota pritiska in kota vija\u010dnice (za vija\u010dne zobnike), poleg tega pa se preverjajo morebitne evolventne, trohoidne in obrezovalne motnje, da se zagotovi brezhibno delovanje. Notranji zobniki so v planetarnih zobni\u0161kih pogonih izjemni, saj ponujajo razli\u010dna prenosna razmerja hitrosti in smeri vrtenja, odvisno od konfiguracije, zaradi \u010desar so vsestranska izbira v vseh panogah.<\/div>\n<div><img loading=\"lazy\" decoding=\"async\" class=\"size-full wp-image-7913 aligncenter\" src=\"https:\/\/fmp-components.com\/wp-content\/uploads\/2025\/04\/internal_spur_ring_gear.webp\" alt=\"notranji_zobni_obro\u010d_z_\u010depom\" width=\"1024\" height=\"764\" title=\"\" srcset=\"https:\/\/fmp-components.com\/wp-content\/uploads\/2025\/04\/internal_spur_ring_gear.webp 1024w, https:\/\/fmp-components.com\/wp-content\/uploads\/2025\/04\/internal_spur_ring_gear-980x731.webp 980w, https:\/\/fmp-components.com\/wp-content\/uploads\/2025\/04\/internal_spur_ring_gear-480x358.webp 480w\" sizes=\"(min-width: 0px) and (max-width: 480px) 480px, (min-width: 481px) and (max-width: 980px) 980px, (min-width: 981px) 1024px, 100vw\" \/><\/div>\n<div>\n<h2>FMP: Va\u0161 zaupanja vreden partner v Italiji<\/h2>\n<p>V podjetju FMP smo ponosni na to, da izdelujemo \u0161iroko paleto zobnikov z notranjim vretjem, ki ustrezajo industrijskim potrebam po vsej Italiji, od uspe\u0161nih proizvodnih sredi\u0161\u010d v Milanu do centrov za precizno in\u017eenirstvo v Benetkah, obrtni\u0161kih delavnic v Firencah in avtomobilskega sektorja v Bologni. Na\u0161a ponudba izdelkov vklju\u010duje standardne zobnike z notranjim vretjem v razli\u010dnih velikostih in specifikacijah, na\u0161a mo\u010d pa je v prilagajanju \u2013 prilagajanju re\u0161itev va\u0161im natan\u010dnim potrebam. \u010ce \u017eelenega modela ne vidite na na\u0161em seznamu izdelkov, to preprosto pomeni, da ga \u0161e nismo navedli. Kontaktirajte nas po e-po\u0161ti s svojimi specifikacijami in na\u0161i usposobljeni in\u017eenirji vam bodo v 24 urah odgovorili s prilagojeno re\u0161itvijo.<\/p>\n<p><img loading=\"lazy\" decoding=\"async\" class=\"size-full wp-image-7914 aligncenter\" src=\"https:\/\/fmp-components.com\/wp-content\/uploads\/2025\/04\/fmp-ring-gear-product.webp\" alt=\"izdelek z zobatim vencem fmp\" width=\"1040\" height=\"502\" title=\"\" srcset=\"https:\/\/fmp-components.com\/wp-content\/uploads\/2025\/04\/fmp-ring-gear-product.webp 1040w, https:\/\/fmp-components.com\/wp-content\/uploads\/2025\/04\/fmp-ring-gear-product-980x473.webp 980w, https:\/\/fmp-components.com\/wp-content\/uploads\/2025\/04\/fmp-ring-gear-product-480x232.webp 480w\" sizes=\"(min-width: 0px) and (max-width: 480px) 480px, (min-width: 481px) and (max-width: 980px) 980px, (min-width: 981px) 1040px, 100vw\" \/><\/p>\n<\/div>","protected":false},"excerpt":{"rendered":"<p>Understanding Internal Ring Gears Internal ring gears are essential components in mechanical systems designed to reduce speed and increase torque in inline shaft applications. Unlike external gears, these cylindrical gears feature teeth cut into the inside diameter, allowing them to mesh seamlessly with spur gears or pinions. This design enables the driving pinion to rotate [&hellip;]<\/p>","protected":false},"featured_media":7911,"comment_status":"open","ping_status":"closed","template":"","meta":{"_et_pb_use_builder":"","_et_pb_old_content":"","_et_gb_content_width":""},"product_brand":[],"product_cat":[114],"product_tag":[],"class_list":{"0":"post-7898","1":"product","2":"type-product","3":"status-publish","4":"has-post-thumbnail","6":"product_cat-ring-gear","8":"first","9":"instock","10":"shipping-taxable","11":"product-type-simple"},"_links":{"self":[{"href":"https:\/\/fmp-components.com\/sl\/wp-json\/wp\/v2\/product\/7898","targetHints":{"allow":["GET"]}}],"collection":[{"href":"https:\/\/fmp-components.com\/sl\/wp-json\/wp\/v2\/product"}],"about":[{"href":"https:\/\/fmp-components.com\/sl\/wp-json\/wp\/v2\/types\/product"}],"replies":[{"embeddable":true,"href":"https:\/\/fmp-components.com\/sl\/wp-json\/wp\/v2\/comments?post=7898"}],"wp:featuredmedia":[{"embeddable":true,"href":"https:\/\/fmp-components.com\/sl\/wp-json\/wp\/v2\/media\/7911"}],"wp:attachment":[{"href":"https:\/\/fmp-components.com\/sl\/wp-json\/wp\/v2\/media?parent=7898"}],"wp:term":[{"taxonomy":"product_brand","embeddable":true,"href":"https:\/\/fmp-components.com\/sl\/wp-json\/wp\/v2\/product_brand?post=7898"},{"taxonomy":"product_cat","embeddable":true,"href":"https:\/\/fmp-components.com\/sl\/wp-json\/wp\/v2\/product_cat?post=7898"},{"taxonomy":"product_tag","embeddable":true,"href":"https:\/\/fmp-components.com\/sl\/wp-json\/wp\/v2\/product_tag?post=7898"}],"curies":[{"name":"delovni list","href":"https:\/\/api.w.org\/{rel}","templated":true}]}}