{"id":7819,"date":"2025-04-08T06:29:58","date_gmt":"2025-04-08T06:29:58","guid":{"rendered":"https:\/\/fmp-components.com\/?post_type=product&#038;p=7819"},"modified":"2025-04-08T06:39:47","modified_gmt":"2025-04-08T06:39:47","slug":"differential-ring-and-pinion-gears10-bolt-fmp-d35-456","status":"publish","type":"product","link":"https:\/\/fmp-components.com\/sl\/product\/differential-ring-and-pinion-gears10-bolt-fmp-d35-456\/","title":{"rendered":"Zobniki diferenciala in pastorka (10 vijakov) FMP-D35-456"},"content":{"rendered":"<h2>Specifikacija<\/h2>\n<table style=\"width: 100%;\" border=\"1\" width=\"100%\" cellspacing=\"0\" cellpadding=\"0\">\n<thead>\n<tr>\n<th><strong>Specifikacija<\/strong><\/th>\n<th><strong>Vrednost<\/strong><\/th>\n<\/tr>\n<\/thead>\n<tbody>\n<tr>\n<td>Model aplikacije<\/td>\n<td>Dana 35 Standard<\/td>\n<\/tr>\n<tr>\n<td>Koli\u010dina pokrovnega vijaka<\/td>\n<td>10<\/td>\n<\/tr>\n<tr>\n<td>Prekinitev diferencialnega nosilca<\/td>\n<td>Razmerje 3,54 in vi\u0161je<\/td>\n<\/tr>\n<tr>\n<td>Vrsta zasnove ohi\u0161ja diferenciala<\/td>\n<td>Dana 35<\/td>\n<\/tr>\n<tr>\n<td>Prestavno razmerje<\/td>\n<td>4.56<\/td>\n<\/tr>\n<tr>\n<td>Koli\u010dina zob pastorka<\/td>\n<td>9<\/td>\n<\/tr>\n<tr>\n<td>Premer gredi pastorka<\/td>\n<td>1,376 (palca)<\/td>\n<\/tr>\n<tr>\n<td>\u0160tevilo utorov pastorka<\/td>\n<td>26<\/td>\n<\/tr>\n<tr>\n<td>Koli\u010dina vijaka zobni\u0161kega venca<\/td>\n<td>8<\/td>\n<\/tr>\n<tr>\n<td>Material zobni\u0161kega venca<\/td>\n<td>8620 Jeklo<\/td>\n<\/tr>\n<tr>\n<td>Zunanji premer zobni\u0161kega venca<\/td>\n<td>7,5 (palca)<\/td>\n<\/tr>\n<tr>\n<td>Vrtenje zobni\u0161kega venca<\/td>\n<td>Standardno<\/td>\n<\/tr>\n<tr>\n<td>Koli\u010dina zobnikovega venca<\/td>\n<td>41<\/td>\n<\/tr>\n<tr>\n<td>Taksonomija A<\/td>\n<td>LD diferencial<\/td>\n<\/tr>\n<tr>\n<td>Taksonomija B<\/td>\n<td>Obro\u010d in pastorek<\/td>\n<\/tr>\n<tr>\n<td>Taksonomija C<\/td>\n<td>Spredaj, zadaj<\/td>\n<\/tr>\n<tr>\n<td>Taksonomija D<\/td>\n<td>4.56<\/td>\n<\/tr>\n<\/tbody>\n<\/table>\n<div>\u00a0<img loading=\"lazy\" decoding=\"async\" class=\"size-full wp-image-7821 aligncenter\" src=\"https:\/\/fmp-components.com\/wp-content\/uploads\/2025\/04\/FMP_D35_456_5.webp\" alt=\"FMP_D35_456\" width=\"1500\" height=\"500\" title=\"\" srcset=\"https:\/\/fmp-components.com\/wp-content\/uploads\/2025\/04\/FMP_D35_456_5.webp 1500w, https:\/\/fmp-components.com\/wp-content\/uploads\/2025\/04\/FMP_D35_456_5-1280x427.webp 1280w, https:\/\/fmp-components.com\/wp-content\/uploads\/2025\/04\/FMP_D35_456_5-980x327.webp 980w, https:\/\/fmp-components.com\/wp-content\/uploads\/2025\/04\/FMP_D35_456_5-480x160.webp 480w\" sizes=\"(min-width: 0px) and (max-width: 480px) 480px, (min-width: 481px) and (max-width: 980px) 980px, (min-width: 981px) and (max-width: 1280px) 1280px, (min-width: 1281px) 1500px, 100vw\" \/><\/div>\n<div class=\"Message_messageMetadataContainer__nBPq7\">\n<h3 class=\"\" dir=\"auto\">FMP: Premium re\u0161itve za zobnike in pastorke<\/h3>\n<p class=\"break-words\" dir=\"auto\">Pri FMP ponosno izdelujemo vrhunske komplete zobnikov, zasnovane za zdru\u017eljivost z 10,5-pal\u010dnimi diferenciali Ford, kar voznikom zagotavlja izjemno zmogljivost na razli\u010dnih terenih. Ne glede na to, ali se spopadate z razgibanimi terenskimi potmi ali gladko vozite po avtocesti, so na\u0161i vrhunski kompleti zobnikov zasnovani tako, da izbolj\u0161ajo va\u0161o vozni\u0161ko izku\u0161njo. Z ve\u010d kot 40-letnimi izku\u0161njami je FMP zavezan zagotavljanju visokokakovostnih komponent, ki izbolj\u0161ujejo zmogljivost vozila in zagotavljajo, da boste za volanom u\u017eivali tako v mo\u010di kot natan\u010dnosti.<\/p>\n<p class=\"break-words\" dir=\"auto\">Na\u0161i zobni\u0161ki kompleti z venci in pastorki ponujajo vrsto klju\u010dnih prednosti, prilagojenih va\u0161im potrebam. Izdelani so iz visokokakovostnega jekla z naprednimi postopki natan\u010dnega rezanja in toplotne obdelave, zato zagotavljajo vrhunsko trdnost in vzdr\u017eljivost, ki izpolnjujejo ali presegajo standarde originalne opreme. To zagotavlja zanesljivo delovanje v vsakodnevnih voznih pogojih ali ekstremnih terenskih izzivih. Optimizirana prestavna razmerja izbolj\u0161ajo prenos navora za bolj\u0161i oprijem, u\u010dinkovitost vleke in nadzor, hkrati pa izbolj\u0161ajo porabo goriva pri avtocestah z ohranjanjem idealnih vrtljajev motorja. Poleg tega so na\u0161i zobni\u0161ki kompleti zasnovani za enostavno namestitev in tiho delovanje, kar odpravlja ne\u017eelen hrup za udobno vo\u017enjo.<\/p>\n<p class=\"break-words\" dir=\"auto\">FMP samozavestno stoji za vsakim izdelkom in ponuja 2-letno garancijo proti proizvodnim napakam. Na\u0161i zobniki in pastorki so skrbno preizku\u0161eni za cestno, terensko in celo dirkalno uporabo, zaradi \u010desar so zaupanja vredna izbira tako za navdu\u0161ence kot za profesionalce. Nadgradnja s FMP ni le modifikacija \u2013 je nalo\u017eba v zmogljivost, u\u010dinkovitost in dolgotrajno zanesljivost. Za re\u0161itve po meri ali posebna vpra\u0161anja se obrnite na nas in na\u0161a predana ekipa vam bo zagotovila popoln zobnik za va\u0161e vozilo.<\/p>\n<\/div>","protected":false},"excerpt":{"rendered":"<p>Specification Specification Value App Model Dana 35 Standard Cover Bolt Quantity 10 Differential Carrier Break 3.54 Ratio and Higher Differential Case Design Type Dana 35 Gear Ratio 4.56 Pinion Gear Tooth Quantity 9 Pinion Shaft Diameter 1.376 (Inch) Pinion Spline Count 26 Ring Gear Bolt Quantity 8 Ring Gear Material 8620 Steel Ring Gear Outside [&hellip;]<\/p>","protected":false},"featured_media":7820,"comment_status":"open","ping_status":"closed","template":"","meta":{"_et_pb_use_builder":"","_et_pb_old_content":"","_et_gb_content_width":""},"product_brand":[],"product_cat":[115],"product_tag":[],"class_list":{"0":"post-7819","1":"product","2":"type-product","3":"status-publish","4":"has-post-thumbnail","6":"product_cat-ring-and-pinion-gears","8":"first","9":"instock","10":"shipping-taxable","11":"product-type-simple"},"_links":{"self":[{"href":"https:\/\/fmp-components.com\/sl\/wp-json\/wp\/v2\/product\/7819","targetHints":{"allow":["GET"]}}],"collection":[{"href":"https:\/\/fmp-components.com\/sl\/wp-json\/wp\/v2\/product"}],"about":[{"href":"https:\/\/fmp-components.com\/sl\/wp-json\/wp\/v2\/types\/product"}],"replies":[{"embeddable":true,"href":"https:\/\/fmp-components.com\/sl\/wp-json\/wp\/v2\/comments?post=7819"}],"wp:featuredmedia":[{"embeddable":true,"href":"https:\/\/fmp-components.com\/sl\/wp-json\/wp\/v2\/media\/7820"}],"wp:attachment":[{"href":"https:\/\/fmp-components.com\/sl\/wp-json\/wp\/v2\/media?parent=7819"}],"wp:term":[{"taxonomy":"product_brand","embeddable":true,"href":"https:\/\/fmp-components.com\/sl\/wp-json\/wp\/v2\/product_brand?post=7819"},{"taxonomy":"product_cat","embeddable":true,"href":"https:\/\/fmp-components.com\/sl\/wp-json\/wp\/v2\/product_cat?post=7819"},{"taxonomy":"product_tag","embeddable":true,"href":"https:\/\/fmp-components.com\/sl\/wp-json\/wp\/v2\/product_tag?post=7819"}],"curies":[{"name":"delovni list","href":"https:\/\/api.w.org\/{rel}","templated":true}]}}