{"id":7791,"date":"2025-04-04T07:56:43","date_gmt":"2025-04-04T07:56:43","guid":{"rendered":"https:\/\/fmp-components.com\/?post_type=product&#038;p=7791"},"modified":"2025-04-04T08:14:26","modified_gmt":"2025-04-04T08:14:26","slug":"ring-gear-for-aerospace-and-satellite","status":"publish","type":"product","link":"https:\/\/fmp-components.com\/sl\/product\/ring-gear-for-aerospace-and-satellite\/","title":{"rendered":"Ve\u0161\u010dasti zobnik za vesoljsko in satelitsko tehnologijo"},"content":{"rendered":"<p>A <a href=\"https:\/\/fmp-components.com\/sl\/ring-gear\/\">zobni\u0161ki venec<\/a> Zasnovan za vesoljsko in satelitsko uporabo je natan\u010dno izdelan notranji zobnik, ki ima obi\u010dajno evolventni profil zob na notranji povr\u0161ini lahkega in trpe\u017enega valjastega obro\u010da. Igra klju\u010dno vlogo v planetarnih zobni\u0161kih sistemih, saj zagotavlja visok navor in zanesljiv prenos mo\u010di znotraj strogih omejitev velikosti in te\u017ee v vesoljskih okoljih. Izdelan je iz naprednih materialov, kot so titan ali visokotrdne zlitine, zato zagotavlja izjemno razmerje med trdnostjo in te\u017eo ter odpornost na ekstremne temperature in vibracije. Ta zobnik omogo\u010da gladko in u\u010dinkovito ujemanje s planetnimi zobniki ter podpira kriti\u010dne funkcije, kot so mehanizmi za pozicioniranje satelitov ali sistemi za aktiviranje letal, kjer sta natan\u010dnost in zanesljivost najpomembnej\u0161i.<\/p>\n<h2>Specifikacije zobni\u0161kega venca<\/h2>\n<table border=\"1\">\n<tbody>\n<tr>\n<td>Uporaba<\/td>\n<td>Zobni\u0161ki venec se pogosto uporablja v vesoljski in satelitski industriji ali v vseh primerih, kjer je potrebno pretvoriti navor.<\/td>\n<\/tr>\n<tr>\n<td>\u0160tevilo zob<\/td>\n<td>Na voljo je do 197 zob<\/td>\n<\/tr>\n<tr>\n<td>Kot pritiska<\/td>\n<td>Na voljo je kot pritiska 14, 20 in 25 stopinj<\/td>\n<\/tr>\n<tr>\n<td>Debelina<\/td>\n<td>Odprite do 1.<\/td>\n<\/tr>\n<tr>\n<td>DP \u2013 Premerni korak<\/td>\n<td>Do 250+ DP<\/td>\n<\/tr>\n<tr>\n<td>Notranji premer<\/td>\n<td>Odprto do 48.<\/td>\n<\/tr>\n<tr>\n<td>Zunanji premer<\/td>\n<td>Na voljo od 0,05\u2033 do 30\u2033 v zunanjem premeru zobnika<\/td>\n<\/tr>\n<tr>\n<td>Nadzor kakovosti<\/td>\n<td>Skladnost s splo\u0161nimi voja\u0161kimi zahtevami glede kakovosti, kot sledi: skladnost z MIL-I-45208A, MIL-STD-45662A, ISO 9001:2000, certifikacija medicinskih pripomo\u010dkov po ISO 13485 pa je v teku.<\/td>\n<\/tr>\n<tr>\n<td>Aplikacije<\/td>\n<td>Osredoto\u010deni smo na dobavo zobni\u0161kih vencev za satelitsko, voja\u0161ko in vesoljsko industrijo.<\/td>\n<\/tr>\n<tr>\n<td>Koli\u010dine<\/td>\n<td>10+<\/td>\n<\/tr>\n<tr>\n<td>\u010cas izvedbe<\/td>\n<td>Povpre\u010dni dobavni rok za naro\u010dila zobni\u0161kih vencev je \u0161tiri tedne<\/td>\n<\/tr>\n<tr>\n<td>Prednostne oblike risanja<\/td>\n<td>CAD datoteke va\u0161ih na\u010drtov raje sprejemamo v formatu DXF.<\/td>\n<\/tr>\n<\/tbody>\n<\/table>\n<h2>Zmogljivosti<\/h2>\n<table border=\"1\">\n<tbody>\n<tr>\n<td>Industrije<\/td>\n<td>Zobniki za vesoljsko industrijo<br \/>\nObrambna oprema<br \/>\nVladna oprema<br \/>\nIndustrijski zobniki Instrumentalni zobniki<br \/>\nMedicinski pripomo\u010dki Gears<br \/>\nVoja\u0161ka oprema<br \/>\nZobniki za nafto in plin<\/td>\n<\/tr>\n<tr>\n<td>Materiali<\/td>\n<td>Jeklo<br \/>\n303 nerjave\u010de jeklo<br \/>\nNerjave\u010de jeklo 17-4<br \/>\n440 Toplotno obdelano nerjave\u010de jeklo<br \/>\nOgljikovo jeklo<br \/>\nKrom iz nerjave\u010dega jekla<br \/>\nKromovo jeklo<br \/>\nKrom-molibdenovo jeklo<br \/>\nKrom-molibden-vanadijevo jeklo<br \/>\nKrom-vanadijevo jeklo<br \/>\nVisokotrdno jeklo (Impact\u2122, MicroTec\u00ae, WHS-100\u2122)<br \/>\nVisokotemperaturno jeklo<br \/>\nManganovo jekloMolibdenovo jeklo<br \/>\nNikelj-kromovo jeklo<br \/>\nNikelj-krom-molibdenovo jeklo<br \/>\nNikelj-molibdenovo jeklo<br \/>\nSilicijevo-manganovo jeklo<br \/>\nPosebno le\u017eajno jeklo<br \/>\nAluminij<br \/>\nLito \u017eelezo<br \/>\nBronza<br \/>\nPlastika<br \/>\nAVEC<br \/>\nNajlon<br \/>\nDelrin<\/td>\n<\/tr>\n<tr>\n<td>Standardi<\/td>\n<td>Sposoben izpolnjevati raven kakovosti AGMA 12 za vse zobnike (Precision 3), ANSI\/AGMA 2001. Zobniki za medicinske pripomo\u010dke, zobniki po meri za letalsko industrijo, zobniki po meri za robotiko, dobavitelj zobnikov po meri.<\/td>\n<\/tr>\n<\/tbody>\n<\/table>\n<h2>Zna\u010dilnosti obro\u010dnega zobnika<\/h2>\n<div>\n<p class=\"break-words\" dir=\"auto\">Venec zobnika, pogosto notranji zobnik, ima zobe, izrezane na notranji povr\u0161ini valjastega obro\u010da, ki obi\u010dajno sledijo evolventnemu profilu za gladko in u\u010dinkovito ujemajo\u010de se z zunanjimi zobniki, kot so planetni zobniki v planetarnem sistemu. Ta zasnova zagotavlja konstantno razmerje kotne hitrosti in u\u010dinkovito porazdelitev obremenitve po zobeh, kar pove\u010duje vzdr\u017eljivost in zmogljivost. Njegova notranja orientacija omogo\u010da, da obkro\u017ei sosednje zobnike, kar zagotavlja edinstveno kombinacijo kompaktnosti in trdnosti, primerno za razli\u010dne mehanske sisteme.<\/p>\n<p class=\"break-words\" dir=\"auto\">Velik premer in konkavna geometrija zobatega venca omogo\u010data visok prenos navora in znatna prestavna razmerja, zaradi \u010desar je klju\u010dna komponenta v aplikacijah, ki zahtevajo mo\u010d v omejenih prostorih. Vrti se v isto smer kot njegovi ustrezni zobniki, kar poenostavlja dinamiko gibanja v sistemih, kot so planetarni pogoni. Pogosto je izdelan s premikom profila, da se prepre\u010dijo motnje in pove\u010da trdnost zob, zato se odli\u010dno obnese v scenarijih z visokimi obremenitvami, od avtomobilskih diferencialov do industrijskih strojev.<\/p>\n<p class=\"break-words\" dir=\"auto\">Izdelava zobatega venca obi\u010dajno vklju\u010duje oblikovanje zobnika in ne rezkanje zaradi njegove notranje strukture, kar zahteva natan\u010dnost za ohranjanje majhnih toleranc in prepre\u010devanje te\u017eav z zatikanjem. Materiali segajo od jekla za splo\u0161no uporabo do lahkih zlitin za specializirane aplikacije, ki uravnote\u017eijo trdnost in te\u017eo. Zaradi svoje vsestranskosti, zanesljivosti in sposobnosti obvladovanja kompleksnih obremenitev je nepogre\u0161ljiv v vseh panogah, vklju\u010dno z vesoljsko, avtomobilsko in robotsko industrijo.<\/p>\n<\/div>","protected":false},"excerpt":{"rendered":"<p>A ring gear designed for aerospace and satellite applications is a precision-engineered internal gear, typically featuring an involute tooth profile on the inner surface of a lightweight, durable cylindrical ring. It plays a critical role in planetary gear systems, providing high torque and reliable power transmission within the stringent size and weight constraints of aerospace [&hellip;]<\/p>","protected":false},"featured_media":4644,"comment_status":"open","ping_status":"closed","template":"","meta":{"_et_pb_use_builder":"","_et_pb_old_content":"","_et_gb_content_width":""},"product_brand":[],"product_cat":[114],"product_tag":[],"class_list":{"0":"post-7791","1":"product","2":"type-product","3":"status-publish","4":"has-post-thumbnail","6":"product_cat-ring-gear","8":"first","9":"instock","10":"shipping-taxable","11":"product-type-simple"},"_links":{"self":[{"href":"https:\/\/fmp-components.com\/sl\/wp-json\/wp\/v2\/product\/7791","targetHints":{"allow":["GET"]}}],"collection":[{"href":"https:\/\/fmp-components.com\/sl\/wp-json\/wp\/v2\/product"}],"about":[{"href":"https:\/\/fmp-components.com\/sl\/wp-json\/wp\/v2\/types\/product"}],"replies":[{"embeddable":true,"href":"https:\/\/fmp-components.com\/sl\/wp-json\/wp\/v2\/comments?post=7791"}],"wp:featuredmedia":[{"embeddable":true,"href":"https:\/\/fmp-components.com\/sl\/wp-json\/wp\/v2\/media\/4644"}],"wp:attachment":[{"href":"https:\/\/fmp-components.com\/sl\/wp-json\/wp\/v2\/media?parent=7791"}],"wp:term":[{"taxonomy":"product_brand","embeddable":true,"href":"https:\/\/fmp-components.com\/sl\/wp-json\/wp\/v2\/product_brand?post=7791"},{"taxonomy":"product_cat","embeddable":true,"href":"https:\/\/fmp-components.com\/sl\/wp-json\/wp\/v2\/product_cat?post=7791"},{"taxonomy":"product_tag","embeddable":true,"href":"https:\/\/fmp-components.com\/sl\/wp-json\/wp\/v2\/product_tag?post=7791"}],"curies":[{"name":"delovni list","href":"https:\/\/api.w.org\/{rel}","templated":true}]}}