{"id":7788,"date":"2025-04-04T07:30:31","date_gmt":"2025-04-04T07:30:31","guid":{"rendered":"https:\/\/fmp-components.com\/?post_type=product&#038;p=7788"},"modified":"2025-04-04T07:37:12","modified_gmt":"2025-04-04T07:37:12","slug":"involute-internal-gear","status":"publish","type":"product","link":"https:\/\/fmp-components.com\/sl\/product\/involute-internal-gear\/","title":{"rendered":"Evolventni notranji zobnik"},"content":{"rendered":"<p>Evolventni notranji zobnik je vrsta zobnika z zobmi, izrezanimi vzdol\u017e evolventne krivulje na njegovi notranji valjasti povr\u0161ini, zasnovan tako, da se ujame z zunanjim zobnikom, kar zagotavlja gladek prenos mo\u010di, visok izkoristek in zmanj\u0161an hrup v mehanskih sistemih.<\/p>\n<h2>Specifikacija izdelka<\/h2>\n<div class=\"table-responsive\">\n<table class=\"table\" style=\"width: 99.4216%;\" border=\"1\">\n<tbody>\n<tr>\n<td style=\"width: 38.9027%;\">Oblika zoba<\/td>\n<td style=\"width: 191.521%;\">Evolventa<\/td>\n<\/tr>\n<tr>\n<td style=\"width: 38.9027%;\">Material<\/td>\n<td style=\"width: 191.521%;\">Legirano jeklo in nerjave\u010de jeklo<\/td>\n<\/tr>\n<tr>\n<td style=\"width: 38.9027%;\">Oblika<\/td>\n<td style=\"width: 191.521%;\">Okroglo<\/td>\n<\/tr>\n<tr>\n<td style=\"width: 38.9027%;\">Modul<\/td>\n<td style=\"width: 191.521%;\">Najve\u010d do 4,0 mm<\/td>\n<\/tr>\n<tr>\n<td style=\"width: 38.9027%;\">Notranji premer<\/td>\n<td style=\"width: 191.521%;\">Najve\u010d 30 mm<\/td>\n<\/tr>\n<tr>\n<td style=\"width: 38.9027%;\">Uporaba<\/td>\n<td style=\"width: 191.521%;\">Planetni menjalniki in avtomobili.<\/td>\n<\/tr>\n<tr>\n<td style=\"width: 38.9027%;\">Minimalna koli\u010dina naro\u010dila<\/td>\n<td style=\"width: 191.521%;\">50 kosov<\/td>\n<\/tr>\n<\/tbody>\n<\/table>\n<\/div>\n<p>Zobje na notranjem krogu so notranji zobniki, obi\u010dajno v mehanizmih z notranjim zajemom, zobniki na <a href=\"https:\/\/fmp-components.com\/sl\/ring-gear\/\">zobni\u0161ki venec<\/a> so notranji.<\/p>\n<h2>Zna\u010dilnosti evolventnega notranjega zobnika<\/h2>\n<div>\n<p class=\"break-words\" dir=\"auto\">Evolventni notranji zobnik ima zobe z evolventnim krivuljskim profilom, izrezanim na notranji povr\u0161ini valjastega obro\u010da, kar omogo\u010da gladko prijemanje z zunanjim zobnikom. Evolventna oblika zagotavlja konjugirano delovanje in konstantno razmerje hitrosti, medtem ko tipi\u010den kot pritiska 20\u00b0 ohranja enakomerno porazdelitev sile. Ta zasnova podpira vrtenje v isto smer s svojim parom zobnikov, kar ga lo\u010di od zunanjih parov zobnikov.<\/p>\n<p class=\"break-words\" dir=\"auto\">Kompaktna zasnova zobnika in znaten premik profila pomagata prepre\u010diti interferenco (evolventa, trohoida ali obrezovanje) in pove\u010data trdnost zob, zaradi \u010desar je idealen za aplikacije z visokimi redukcijami, kot so planetarni sistemi. Njegov konkavni profil zob izbolj\u0161a porazdelitev obremenitve in potencialno pove\u010da vzdr\u017eljivost. Te lastnosti so primerne za uporabo z visokim navorom in omejenim prostorom, kot so avtomobilski diferenciali in industrijski stroji.<\/p>\n<p class=\"break-words\" dir=\"auto\">Izdelava notranjih zobnikov zaradi njihove notranje geometrije obi\u010dajno vklju\u010duje oblikovanje zobnikov in ne rezkanje z rezkalnim rezkalom, kar zahteva specializirana orodja. Upravljanje motenj je klju\u010dnega pomena, pogosto se re\u0161uje s prilagajanjem addenduma, dedenduma ali premika profila, kar zagotavlja zanesljivo delovanje v zahtevnih aplikacijah.<\/p>\n<\/div>","protected":false},"excerpt":{"rendered":"<p>An involute internal gear is a type of gear with teeth cut along an involute curve on its inner cylindrical surface, designed to mesh with an external gear, offering smooth power transmission, high efficiency, and reduced noise in mechanical systems. Product Specification Tooth Form Involute Material Alloy Steel And Stainless Steel Shape Round Module Max [&hellip;]<\/p>","protected":false},"featured_media":4640,"comment_status":"open","ping_status":"closed","template":"","meta":{"_et_pb_use_builder":"","_et_pb_old_content":"","_et_gb_content_width":""},"product_brand":[],"product_cat":[114],"product_tag":[],"class_list":{"0":"post-7788","1":"product","2":"type-product","3":"status-publish","4":"has-post-thumbnail","6":"product_cat-ring-gear","8":"first","9":"instock","10":"shipping-taxable","11":"product-type-simple"},"_links":{"self":[{"href":"https:\/\/fmp-components.com\/sl\/wp-json\/wp\/v2\/product\/7788","targetHints":{"allow":["GET"]}}],"collection":[{"href":"https:\/\/fmp-components.com\/sl\/wp-json\/wp\/v2\/product"}],"about":[{"href":"https:\/\/fmp-components.com\/sl\/wp-json\/wp\/v2\/types\/product"}],"replies":[{"embeddable":true,"href":"https:\/\/fmp-components.com\/sl\/wp-json\/wp\/v2\/comments?post=7788"}],"wp:featuredmedia":[{"embeddable":true,"href":"https:\/\/fmp-components.com\/sl\/wp-json\/wp\/v2\/media\/4640"}],"wp:attachment":[{"href":"https:\/\/fmp-components.com\/sl\/wp-json\/wp\/v2\/media?parent=7788"}],"wp:term":[{"taxonomy":"product_brand","embeddable":true,"href":"https:\/\/fmp-components.com\/sl\/wp-json\/wp\/v2\/product_brand?post=7788"},{"taxonomy":"product_cat","embeddable":true,"href":"https:\/\/fmp-components.com\/sl\/wp-json\/wp\/v2\/product_cat?post=7788"},{"taxonomy":"product_tag","embeddable":true,"href":"https:\/\/fmp-components.com\/sl\/wp-json\/wp\/v2\/product_tag?post=7788"}],"curies":[{"name":"delovni list","href":"https:\/\/api.w.org\/{rel}","templated":true}]}}