{"id":7787,"date":"2025-04-04T07:21:01","date_gmt":"2025-04-04T07:21:01","guid":{"rendered":"https:\/\/fmp-components.com\/?post_type=product&#038;p=7787"},"modified":"2025-04-04T07:21:43","modified_gmt":"2025-04-04T07:21:43","slug":"internal-spur-gear","status":"publish","type":"product","link":"https:\/\/fmp-components.com\/sl\/product\/internal-spur-gear\/","title":{"rendered":"Notranji zobni\u0161ki zobnik"},"content":{"rendered":"<div>\n<p class=\"break-words\" dir=\"auto\">Notranji \u010delni zobniki se od obi\u010dajnih \u010delnih zobnikov razlikujejo po tem, da so njihovi zobje oblikovani na notranji povr\u0161ini zobnika. Ti zobniki so obi\u010dajno mo\u010dnej\u0161i in u\u010dinkovitej\u0161i v primerjavi z zobnikom, s katerim se ujamejo. Za pravilno delovanje mora biti premer razmika notranjega zobnika vsaj 1,5-krat ve\u010dji od premera pastorka, s katerim se ujamejo; sicer se bodo konice zob motile druga ob drugi.<\/p>\n<p class=\"break-words\" dir=\"auto\">Notranji zobniki ponujajo oblikovalcem prednost doseganja ve\u010djih kontaktnih in pogonskih razmerij na kraj\u0161ih sredinskih razdaljah kot standardni \u010delni zobniki. Poleg tega omogo\u010dajo prilagajanje hitrosti brez spreminjanja smeri, s \u010dimer odpravljajo potrebo po prostem zobniku, ki bi bil potreben pri tradicionalnih \u010delnih zobnikih.<\/p>\n<\/div>\n<h2>Specifikacija izdelka<\/h2>\n<div class=\"table-responsive\">\n<table class=\"table\" style=\"width: 101.427%; height: 279px;\" border=\"1\">\n<tbody>\n<tr>\n<td>Oblika zoba<\/td>\n<td>Glede na zahteve stranke<\/td>\n<\/tr>\n<tr>\n<td>Material<\/td>\n<td>Glede na zahteve stranke<\/td>\n<\/tr>\n<tr>\n<td>Oblika<\/td>\n<td>Glede na zahteve stranke<\/td>\n<\/tr>\n<tr>\n<td>Razred<\/td>\n<td>Glede na zahteve stranke<\/td>\n<\/tr>\n<tr>\n<td>Tehnika<\/td>\n<td>Glede na zahteve stranke<\/td>\n<\/tr>\n<tr>\n<td>Kot pritiska<\/td>\n<td>Glede na zahteve stranke<\/td>\n<\/tr>\n<tr>\n<td>Premer<\/td>\n<td>Glede na zahteve stranke<\/td>\n<\/tr>\n<tr>\n<td>Velikost<\/td>\n<td>Glede na zahteve stranke<\/td>\n<\/tr>\n<tr>\n<td>Minimalna koli\u010dina naro\u010dila<\/td>\n<td>1 enota<\/td>\n<\/tr>\n<\/tbody>\n<\/table>\n<div>\n<h3 class=\"\" dir=\"auto\">Odli\u010dnost notranjih \u010delnih zobnikov podjetja FMP za italijanski trg<\/h3>\n<p class=\"break-words\" dir=\"auto\">FMP je vodilni proizvajalec notranjih \u010delnih zobnikov, ki zagotavlja vrhunsko kakovost <a href=\"https:\/\/fmp-components.com\/sl\/ring-gear\/\">zobni\u0161ki venec<\/a> za industrije po vsej Italiji, od Milana do Benetk. Na\u0161 obse\u017een katalog vsebuje \u0161iroko paleto vrst zobnikov, zasnovanih za zagotavljanje natan\u010dnosti in zanesljivosti za uporabo v strojni\u0161tvu, avtomobilski industriji in \u0161e ve\u010d. Ne glede na to, ali delujete v Firencah ali Bologni, FMP zagotavlja, da vsak notranji \u010delni zobnik izpolnjuje najvi\u0161je standarde, izdelan z najsodobnej\u0161o tehnologijo za podporo uspe\u0161nim italijanskim industrijskim sektorjem. Smo va\u0161 nepogre\u0161ljiv partner za trpe\u017ene in u\u010dinkovite re\u0161itve zobnikov, prilagojene lokalnim potrebam.<\/p>\n<h3 class=\"\" dir=\"auto\">Notranji zobniki po meri za va\u0161e edinstvene zahteve<\/h3>\n<p class=\"break-words\" dir=\"auto\">Pri FMP presegamo standardno ponudbo in zagotavljamo popolnoma prilagodljive notranje \u010delne zobnike, ki ustrezajo va\u0161im specifi\u010dnim projektom. \u010ce ste v Milanu, Benetkah, Firencah ali Bologni in na na\u0161em seznamu izdelkov ne vidite natan\u010dnega modela, ki ga potrebujete, ga verjetno \u0161e nismo nalo\u017eili \u2013 na\u0161a zaloga se nenehno \u0161iri. Pi\u0161ite nam po e-po\u0161ti s svojimi specifikacijami in na\u0161i usposobljeni in\u017eenirji se vam bodo v 24 urah oglasili s prilagojenimi mo\u017enostmi. Ne glede na kompleksnost va\u0161e zahteve je FMP predan zagotavljanju hitrih, strokovnih storitev in visokokakovostnih zobnikov podjetjem po vsej Italiji.<\/p>\n<\/div>\n<\/div>","protected":false},"excerpt":{"rendered":"<p>Internal Spur Gears differ from typical spur gears in that their teeth are formed on the inner surface of the blank. These gears tend to be stronger and more efficient compared to the pinion gear they mesh with. For proper function, the pitch diameter of the internal gear should be at least 1.5 times that [&hellip;]<\/p>","protected":false},"featured_media":4639,"comment_status":"open","ping_status":"closed","template":"","meta":{"_et_pb_use_builder":"","_et_pb_old_content":"","_et_gb_content_width":""},"product_brand":[],"product_cat":[114],"product_tag":[],"class_list":{"0":"post-7787","1":"product","2":"type-product","3":"status-publish","4":"has-post-thumbnail","6":"product_cat-ring-gear","8":"first","9":"instock","10":"shipping-taxable","11":"product-type-simple"},"_links":{"self":[{"href":"https:\/\/fmp-components.com\/sl\/wp-json\/wp\/v2\/product\/7787","targetHints":{"allow":["GET"]}}],"collection":[{"href":"https:\/\/fmp-components.com\/sl\/wp-json\/wp\/v2\/product"}],"about":[{"href":"https:\/\/fmp-components.com\/sl\/wp-json\/wp\/v2\/types\/product"}],"replies":[{"embeddable":true,"href":"https:\/\/fmp-components.com\/sl\/wp-json\/wp\/v2\/comments?post=7787"}],"wp:featuredmedia":[{"embeddable":true,"href":"https:\/\/fmp-components.com\/sl\/wp-json\/wp\/v2\/media\/4639"}],"wp:attachment":[{"href":"https:\/\/fmp-components.com\/sl\/wp-json\/wp\/v2\/media?parent=7787"}],"wp:term":[{"taxonomy":"product_brand","embeddable":true,"href":"https:\/\/fmp-components.com\/sl\/wp-json\/wp\/v2\/product_brand?post=7787"},{"taxonomy":"product_cat","embeddable":true,"href":"https:\/\/fmp-components.com\/sl\/wp-json\/wp\/v2\/product_cat?post=7787"},{"taxonomy":"product_tag","embeddable":true,"href":"https:\/\/fmp-components.com\/sl\/wp-json\/wp\/v2\/product_tag?post=7787"}],"curies":[{"name":"delovni list","href":"https:\/\/api.w.org\/{rel}","templated":true}]}}