{"id":7774,"date":"2025-04-04T06:19:01","date_gmt":"2025-04-04T06:19:01","guid":{"rendered":"https:\/\/fmp-components.com\/?post_type=product&#038;p=7774"},"modified":"2025-04-04T06:39:10","modified_gmt":"2025-04-04T06:39:10","slug":"automotive-internal-gear","status":"publish","type":"product","link":"https:\/\/fmp-components.com\/sl\/product\/automotive-internal-gear\/","title":{"rendered":"Avtomobilska notranja oprema"},"content":{"rendered":"<h3>specifikacija<\/h3>\n<table class=\"table\" style=\"width: 100.875%; height: 310px;\" border=\"1\">\n<tbody>\n<tr>\n<td colspan=\"2\">Avtomobilska notranja oprema<\/td>\n<\/tr>\n<tr>\n<td>Dimenzija<\/td>\n<td>\u03a650mm<\/td>\n<\/tr>\n<tr>\n<td>Modul<\/td>\n<td>M0,15\u2013M2,2<\/td>\n<\/tr>\n<tr>\n<td>Vrsta materiala<\/td>\n<td>Kovina, bron, jeklo, zlitina, POM, cink, aluminij, \u017eelezo, nerjave\u010de jeklo, medenina, baker<\/td>\n<\/tr>\n<tr>\n<td>Stopnja mre\u017eenja<\/td>\n<td>ISO6, JGMA 1, JIS 6, AGMA 13, DIN 6, Din5, AGMA12<\/td>\n<\/tr>\n<tr>\n<td>Uporaba<\/td>\n<td>Avtomobilska, voja\u0161ka, letalska, mehanska, industrijska, medicinska<\/td>\n<\/tr>\n<tr>\n<td>Prilagojeno<\/td>\n<td>ODM\/OEM<\/td>\n<\/tr>\n<tr>\n<td>Vzorec<\/td>\n<td>Vzorec na voljo<\/td>\n<\/tr>\n<tr>\n<td>Na\u010dini pakiranja<\/td>\n<td>Vakuumsko pakirano s plasti\u010dnim pladnjem<\/td>\n<\/tr>\n<tr>\n<td>Na\u010dini dostave<\/td>\n<td>DHL UPS<\/td>\n<\/tr>\n<tr>\n<td>Potrdilo<\/td>\n<td>ISO 9001: 2008\/TS16949<\/td>\n<\/tr>\n<\/tbody>\n<\/table>\n<p><span style=\"color: #333333; font-size: 22px;\">Optimizirajte svoje re\u0161itve za notranje zobnike v avtomobilski industriji s FMP v Italiji<\/span><\/p>\n<div>\n<p class=\"break-words\" dir=\"auto\">Notranji zobniki, znani tudi kot <a href=\"https:\/\/fmp-components.com\/sl\/ring-gear\/\">zobni\u0161ki venec<\/a>, igrajo klju\u010dno vlogo pri prenosu mo\u010di v kompaktnih, visokozmogljivih sistemih. Za razliko od zunanjih zobnikov, kjer so zobje izrezani na zunanjem premeru, imajo notranji zobniki zobe na notranji povr\u0161ini valjaste strukture, zaradi \u010desar so idealni za aplikacije, ki zahtevajo u\u010dinkovit prenos navora v omejenih prostorih. V podjetju FMP smo specializirani za proizvodnjo \u0161iroke palete zobnikov z vejicami, vklju\u010dno s \u010delnimi in vija\u010dnimi tipi, prilagojenih potrebam industrij po vsej Italiji \u2013 od \u017eivahnih avtomobilskih sredi\u0161\u010d v Milanu do bene\u0161kih podjetij za precizno in\u017eenirstvo.<\/p>\n<p class=\"break-words\" dir=\"auto\">FMP ponosno ponuja prilagojene re\u0161itve za notranje zobnike, ki ustrezajo va\u0161im specifi\u010dnim zahtevam. \u010ce i\u0161\u010dete dolo\u010den model in ga ne vidite na na\u0161em seznamu izdelkov \u2013 ne glede na to, ali imate sede\u017e v Milanu, Benetkah, Firencah ali drugod \u2013 ne skrbite; to preprosto pomeni, da ga \u0161e nismo nalo\u017eili. Po\u0161ljite nam e-po\u0161to z \u017eelenimi specifikacijami in na\u0161i usposobljeni in\u017eenirji vam bodo v 24 urah odgovorili s prilagojeno re\u0161itvijo. Od premagovanja oblikovnih izzivov, kot so interference zobnikov, do optimizacije premikov profila zob za izbolj\u0161ano delovanje, je FMP va\u0161 zaupanja vreden partner za avtomobilske notranje zobnike po vsej Italiji, ki zagotavlja natan\u010dnost in zanesljivost pri vsakem projektu.<\/p>\n<\/div>\n<p><img loading=\"lazy\" decoding=\"async\" class=\"size-full wp-image-7775 aligncenter\" src=\"https:\/\/fmp-components.com\/wp-content\/uploads\/2025\/04\/Internal-gear.webp\" alt=\"Notranje orodje\" width=\"771\" height=\"543\" title=\"\" srcset=\"https:\/\/fmp-components.com\/wp-content\/uploads\/2025\/04\/Internal-gear.webp 771w, https:\/\/fmp-components.com\/wp-content\/uploads\/2025\/04\/Internal-gear-480x338.webp 480w\" sizes=\"(min-width: 0px) and (max-width: 480px) 480px, (min-width: 481px) 771px, 100vw\" \/><\/p>","protected":false},"excerpt":{"rendered":"<p>specification Automotive Internal Gear Dimension \u03a650mm Module M0.15-M2.2 Material Type Metal, Bronze, Steel, Alloy, POM, Zinc, Aluminum, Iron, Stainless, Brass, Copper Meshing Grade ISO6, JGMA 1, JIS 6, AGMA 13, DIN 6,Din5,AGMA12 Application Automotive, Military, Aircraft, Mechanical, industrial, Medical Customized ODM\/OEM Sample Sample available Modes of Packing Vacuum-packed with Plastic Tray Modes of Delivery DHL [&hellip;]<\/p>","protected":false},"featured_media":4635,"comment_status":"open","ping_status":"closed","template":"","meta":{"_et_pb_use_builder":"","_et_pb_old_content":"","_et_gb_content_width":""},"product_brand":[],"product_cat":[114],"product_tag":[],"class_list":{"0":"post-7774","1":"product","2":"type-product","3":"status-publish","4":"has-post-thumbnail","6":"product_cat-ring-gear","8":"first","9":"instock","10":"shipping-taxable","11":"product-type-simple"},"_links":{"self":[{"href":"https:\/\/fmp-components.com\/sl\/wp-json\/wp\/v2\/product\/7774","targetHints":{"allow":["GET"]}}],"collection":[{"href":"https:\/\/fmp-components.com\/sl\/wp-json\/wp\/v2\/product"}],"about":[{"href":"https:\/\/fmp-components.com\/sl\/wp-json\/wp\/v2\/types\/product"}],"replies":[{"embeddable":true,"href":"https:\/\/fmp-components.com\/sl\/wp-json\/wp\/v2\/comments?post=7774"}],"wp:featuredmedia":[{"embeddable":true,"href":"https:\/\/fmp-components.com\/sl\/wp-json\/wp\/v2\/media\/4635"}],"wp:attachment":[{"href":"https:\/\/fmp-components.com\/sl\/wp-json\/wp\/v2\/media?parent=7774"}],"wp:term":[{"taxonomy":"product_brand","embeddable":true,"href":"https:\/\/fmp-components.com\/sl\/wp-json\/wp\/v2\/product_brand?post=7774"},{"taxonomy":"product_cat","embeddable":true,"href":"https:\/\/fmp-components.com\/sl\/wp-json\/wp\/v2\/product_cat?post=7774"},{"taxonomy":"product_tag","embeddable":true,"href":"https:\/\/fmp-components.com\/sl\/wp-json\/wp\/v2\/product_tag?post=7774"}],"curies":[{"name":"delovni list","href":"https:\/\/api.w.org\/{rel}","templated":true}]}}