{"id":7773,"date":"2025-04-04T06:08:44","date_gmt":"2025-04-04T06:08:44","guid":{"rendered":"https:\/\/fmp-components.com\/?post_type=product&#038;p=7773"},"modified":"2025-04-04T06:38:52","modified_gmt":"2025-04-04T06:38:52","slug":"metal-internal-gear","status":"publish","type":"product","link":"https:\/\/fmp-components.com\/sl\/product\/metal-internal-gear\/","title":{"rendered":"Kovinsko notranje orodje"},"content":{"rendered":"<h2>Kaj je kovinski notranji zobnik?<\/h2>\n<p>Kovinski notranji zobnik je natan\u010dno izdelana komponenta, ki se pogosto uporablja v mehanskih sistemih. Zanj so zna\u010dilni zobje, vrezani v notranjo povr\u0161ino valjastega kovinskega obro\u010da. Za razliko od zunanjih zobnikov se notranji zobniki ujamejo z zunanjimi zobniki znotraj svojega oboda, kar omogo\u010da kompaktne zasnove in u\u010dinkovit prenos mo\u010di. Obi\u010dajno so izdelani iz visoko trdnih kovin, kot so jeklo ali zlitine, zato ponujajo vzdr\u017eljivost in odpornost proti obrabi, zaradi \u010desar so idealni za uporabo v avtomobilskih menjalnikih, industrijskih strojih in robotiki. Njihova edinstvena zasnova omogo\u010da nemoteno delovanje, zmanj\u0161an hrup in pove\u010dan navor v okoljih z omejenim prostorom.<\/p>\n<h3>Specifikacija<\/h3>\n<table class=\"table\" style=\"width: 100.982%; height: 321px;\" border=\"1\">\n<tbody>\n<tr>\n<td colspan=\"2\">Kovinsko notranje orodje<\/td>\n<\/tr>\n<tr>\n<td>Dimenzija<\/td>\n<td>\u03a660mm<\/td>\n<\/tr>\n<tr>\n<td>Modul<\/td>\n<td>M0,15\u2013M3,0<\/td>\n<\/tr>\n<tr>\n<td>Vrsta materiala<\/td>\n<td>Kovina, bron, jeklo, zlitina, POM, cink, aluminij, \u017eelezo, nerjave\u010de jeklo, medenina, baker<\/td>\n<\/tr>\n<tr>\n<td>Stopnja mre\u017eenja<\/td>\n<td>ISO6, JGMA 1, JIS 6, AGMA 13, DIN 6, Din5, AGMA12<\/td>\n<\/tr>\n<tr>\n<td>Uporaba<\/td>\n<td>Avtomobilska, voja\u0161ka, letalska, mehanska, industrijska, medicinska<\/td>\n<\/tr>\n<tr>\n<td>Prilagojeno<\/td>\n<td>ODM\/OEM<\/td>\n<\/tr>\n<tr>\n<td>Vzorec<\/td>\n<td>Vzorec na voljo<\/td>\n<\/tr>\n<tr>\n<td>Na\u010dini pakiranja<\/td>\n<td>Vakuumsko pakirano s plasti\u010dnim pladnjem<\/td>\n<\/tr>\n<tr>\n<td>Na\u010dini dostave<\/td>\n<td>DHL in UPS<\/td>\n<\/tr>\n<tr>\n<td>Potrdilo<\/td>\n<td>ISO 9001: 2008\/TS16949<\/td>\n<\/tr>\n<\/tbody>\n<\/table>\n<div>\n<h3 class=\"\" dir=\"auto\">Kovinski notranji zobnik: Precizno in\u017eenirstvo podjetja FMP<\/h3>\n<p class=\"break-words\" dir=\"auto\">Ko gre za kovinske notranje zobnike, je FMP vodilni proizvajalec, ki dobavlja vrhunske zobni\u0161ke ven\u010dne zobnike za industrije po vsej Italiji, od milanskih industrijskih gigantov do bene\u0161kih strokovnih delavnic. Ti zobniki so bistveni za u\u010dinkovit prenos mo\u010di v strojih, saj zagotavljajo vzdr\u017eljivost in natan\u010dnost v aplikacijah, od avtomobilske do te\u017eke opreme. V FMP izdelujemo \u0161iroko paleto... <a href=\"https:\/\/fmp-components.com\/sl\/ring-gear\/\">Zobni\u0161ki obro\u010di<\/a> Z uporabo visokotrdnostnih kovin in najsodobnej\u0161e tehnologije zagotavljamo vrhunsko zmogljivost, prilagojeno potrebam strank v Firencah, Bologni in drugod. Na\u0161a zavezanost kakovosti nas dela zaupanja vrednega partnerja za podjetja, ki i\u0161\u010dejo zanesljive mehanske re\u0161itve.<\/p>\n<h3 class=\"\" dir=\"auto\">Prilagoditev in podpora za italijanske stranke<\/h3>\n<p class=\"break-words\" dir=\"auto\">Ne najdete natan\u010dnega modela na na\u0161em seznamu izdelkov? Brez skrbi \u2013 to le pomeni, da ga \u0161e nismo nalo\u017eili. Preprosto nam po\u0161ljite e-po\u0161to s svojimi potrebami in na\u0161i strokovni in\u017eenirji vam bodo v 24 urah odgovorili s prilagojeno re\u0161itvijo. Izberite FMP za natan\u010dnost, prilagodljivost in odli\u010dnost, ki jo navdihuje Italija, v vsaki opremi, ki jo izdelamo!<\/p>\n<\/div>","protected":false},"excerpt":{"rendered":"<p>What is Metal Internal Gear? Metal Internal Gear is a precision-engineered component widely used in mechanical systems, characterized by its teeth being cut into the inner surface of a cylindrical metal ring. Unlike external gears, internal gears mesh with external gears inside their circumference, enabling compact designs and efficient power transmission. Typically made from high-strength [&hellip;]<\/p>","protected":false},"featured_media":4641,"comment_status":"open","ping_status":"closed","template":"","meta":{"_et_pb_use_builder":"","_et_pb_old_content":"","_et_gb_content_width":""},"product_brand":[],"product_cat":[114],"product_tag":[],"class_list":{"0":"post-7773","1":"product","2":"type-product","3":"status-publish","4":"has-post-thumbnail","6":"product_cat-ring-gear","8":"first","9":"instock","10":"shipping-taxable","11":"product-type-simple"},"_links":{"self":[{"href":"https:\/\/fmp-components.com\/sl\/wp-json\/wp\/v2\/product\/7773","targetHints":{"allow":["GET"]}}],"collection":[{"href":"https:\/\/fmp-components.com\/sl\/wp-json\/wp\/v2\/product"}],"about":[{"href":"https:\/\/fmp-components.com\/sl\/wp-json\/wp\/v2\/types\/product"}],"replies":[{"embeddable":true,"href":"https:\/\/fmp-components.com\/sl\/wp-json\/wp\/v2\/comments?post=7773"}],"wp:featuredmedia":[{"embeddable":true,"href":"https:\/\/fmp-components.com\/sl\/wp-json\/wp\/v2\/media\/4641"}],"wp:attachment":[{"href":"https:\/\/fmp-components.com\/sl\/wp-json\/wp\/v2\/media?parent=7773"}],"wp:term":[{"taxonomy":"product_brand","embeddable":true,"href":"https:\/\/fmp-components.com\/sl\/wp-json\/wp\/v2\/product_brand?post=7773"},{"taxonomy":"product_cat","embeddable":true,"href":"https:\/\/fmp-components.com\/sl\/wp-json\/wp\/v2\/product_cat?post=7773"},{"taxonomy":"product_tag","embeddable":true,"href":"https:\/\/fmp-components.com\/sl\/wp-json\/wp\/v2\/product_tag?post=7773"}],"curies":[{"name":"delovni list","href":"https:\/\/api.w.org\/{rel}","templated":true}]}}