{"id":7751,"date":"2025-04-04T03:10:57","date_gmt":"2025-04-04T03:10:57","guid":{"rendered":"https:\/\/fmp-components.com\/?post_type=product&#038;p=7751"},"modified":"2025-04-04T05:33:32","modified_gmt":"2025-04-04T05:33:32","slug":"ring-gear-for-cement-mixer","status":"publish","type":"product","link":"https:\/\/fmp-components.com\/sl\/product\/ring-gear-for-cement-mixer\/","title":{"rendered":"Obro\u010d za me\u0161alnik cementa"},"content":{"rendered":"<div>\n<h2 dir=\"auto\">Visokokakovostni zobni\u0161ki venec za me\u0161alnike cementa podjetja FMP<\/h2>\n<p class=\"break-words\" dir=\"auto\">V \u017eivahnih gradbenih sredi\u0161\u010dih Italije, kot so Milano, Benetke, Firence in Bologna, je povpra\u0161evanje po zanesljivih me\u0161alnikih cementa vedno prisotno. Klju\u010dna komponenta teh strojev je <a href=\"https:\/\/fmp-components.com\/sl\/ring-gear\/\">zobni\u0161ki venec<\/a> Za me\u0161alnike cementa, robustno kro\u017eno gonilo, ki poganja vrtenje bobna za u\u010dinkovito me\u0161anje betona. Pri FMP smo specializirani za izdelavo razli\u010dnih vrst zobni\u0161kih vencev, vklju\u010dno z nestandardnim zobni\u0161kim vencem po meri za te\u017eka dela z velikimi moduli in segmentnim litjem iz legiranega jekla z dvojnimi vija\u010dnimi zobniki v obliki ribje kosti. Na\u0161i zobniki so izdelani iz visoko trdnega legiranega jekla in izbolj\u0161ani s povr\u0161inskim cementiranjem ali kaljenjem, zato ponujajo izjemno nosilnost in vzdr\u017eljivost. Ne glede na to, ali delate na sodobnih neboti\u010dnikih v Milanu ali obnavljate zgodovinske strukture v Firencah, zobni\u0161ki venci FMP zagotavljajo stabilen prenos z nizkimi udarci, vibracijami in hrupom \u2013 idealno za visokohitrostne stroje s te\u017ekimi obremenitvami.<\/p>\n<h2 dir=\"auto\">Specifikacija<\/h2>\n<\/div>\n<table style=\"width: 100%;\" border=\"1\" width=\"100%\" cellspacing=\"0\" cellpadding=\"0\">\n<tbody>\n<tr>\n<td colspan=\"2\" width=\"160\">Ime izdelka<\/td>\n<td colspan=\"2\" width=\"611\">Zobni\u0161ki obro\u010d<\/td>\n<\/tr>\n<tr>\n<td colspan=\"2\" width=\"160\">Blagovna znamka<\/td>\n<td colspan=\"2\" width=\"611\">FMP<\/td>\n<\/tr>\n<tr>\n<td colspan=\"2\" width=\"160\">Postopek<\/td>\n<td colspan=\"2\" width=\"611\">Kovanje, strojna obdelava, toplotna obdelava<\/td>\n<\/tr>\n<tr>\n<td colspan=\"2\" width=\"160\"><\/td>\n<td colspan=\"2\" rowspan=\"2\" width=\"611\">veliki tiskarski stroji, letala, proizvodni stroji, pristani\u0161ka industrija, stroji za te\u017eko industrijo itd.<\/td>\n<\/tr>\n<tr>\n<td colspan=\"2\" width=\"160\">Uporaba<\/td>\n<\/tr>\n<tr>\n<td colspan=\"2\" width=\"160\">Obdelava materiala<\/td>\n<td colspan=\"2\" width=\"611\">45#40CR 20CRM O20CRNIMO 17CRNIMO620CRMNTI42CRMO itd.<\/td>\n<\/tr>\n<\/tbody>\n<\/table>\n<p>&nbsp;<\/p>\n<table style=\"width: 100%;\" border=\"1\" width=\"100%\" cellspacing=\"0\" cellpadding=\"0\">\n<tbody>\n<tr style=\"height: 27.60pt;\">\n<td class=\"et2\" style=\"height: 27.60pt; width: 48.00pt;\" width=\"80\" height=\"46\">Modul zobnika<\/td>\n<td class=\"et3\" style=\"width: 48.00pt;\" width=\"80\">8-120<\/td>\n<\/tr>\n<tr style=\"height: 41.40pt;\">\n<td class=\"et4\" style=\"height: 41.40pt; width: 48.00pt;\" width=\"80\" height=\"69\">Bru\u0161enje zobnikov<\/td>\n<td class=\"et5\" style=\"width: 48.00pt;\" width=\"80\">MAX modul 25<\/td>\n<\/tr>\n<tr style=\"height: 41.40pt;\">\n<td class=\"et4\" style=\"height: 41.40pt; width: 48.00pt;\" width=\"80\" height=\"69\">Premer zobnika<\/td>\n<td class=\"et5\" style=\"width: 48.00pt;\" width=\"80\">MAX 13 000 mm<\/td>\n<\/tr>\n<tr style=\"height: 41.40pt;\">\n<td class=\"et4\" style=\"height: 41.40pt; width: 48.00pt;\" width=\"80\" height=\"69\">Premer spiralnega zobnika<\/td>\n<td class=\"et5\" style=\"width: 48.00pt;\" width=\"80\">MAKS. 2200 mm<\/td>\n<\/tr>\n<tr style=\"height: 41.40pt;\">\n<td class=\"et4\" style=\"height: 41.40pt; width: 48.00pt;\" width=\"80\" height=\"69\">Dol\u017eina zobni\u0161ke gredi<\/td>\n<td class=\"et5\" style=\"width: 48.00pt;\" width=\"80\">MAX 5 000 mm<\/td>\n<\/tr>\n<tr style=\"height: 82.80pt;\">\n<td class=\"et4\" style=\"height: 82.80pt; width: 48.00pt;\" width=\"80\" height=\"138\">Obdelava zobnikov<\/td>\n<td class=\"et5\" style=\"width: 48.00pt;\" width=\"80\">Povr\u0161insko utrjevanje, cementiranje in kaljenje<\/td>\n<\/tr>\n<tr style=\"height: 55.95pt;\">\n<td class=\"et6\" style=\"height: 55.95pt; width: 48.00pt;\" width=\"80\" height=\"93\">Delovni obrat<\/td>\n<td class=\"et7\" style=\"width: 48.00pt;\" width=\"80\">Kovanje, litje in varjenje<\/td>\n<\/tr>\n<\/tbody>\n<\/table>\n<p><span style=\"color: #333333; font-size: 22px;\">Strokovno znanje FMP na podro\u010dju izdelave zobni\u0161kih vencev po meri<\/span><\/p>\n<div>\n<p class=\"break-words\" dir=\"auto\">FMP izstopa kot zaupanja vreden partner za italijanski gradbeni in in\u017eenirski sektor, saj ponuja \u0161iroko paleto zobni\u0161kih vencev, kot so \u010delni, vija\u010dni in zobniki v obliki ribje kosti, vse prilagojene specifikacijam strank. Na\u0161e napredne proizvodne tehnike, vklju\u010dno s pra\u0161no metalurgijo in edinstvenimi postopki toplotne obdelave, optimizirajo strukturo zobnikov, pove\u010dujejo trdoto, odpornost proti obrabi in udarne lastnosti. Uporabljamo visoko trdnostno jeklo in se osredoto\u010damo na dolgoro\u010dno stabilnost, kar zagotavlja, da na\u0161e komponente uspevajo v zahtevnih pogojih me\u0161anja cementa. Za podjetja v Benetkah, ki se lotevajo edinstvenih projektov ob kanalih, ali za in\u017eenirske industrije v Bologni, FMP sprejema naro\u010dila po meri, da izpolni va\u0161e natan\u010dne potrebe. Na\u0161e zmogljivosti segajo do kovanja, litja in varjenja v velikem obsegu, z dodatnimi obdelavami, kot sta bru\u0161enje zobnikov in nitriranje, ki so na voljo na zahtevo.<\/p>\n<\/div>\n<table style=\"border-collapse: collapse; width: 101.637%; height: 5px;\" border=\"0\" width=\"270\" cellspacing=\"0\" cellpadding=\"0\">\n<tbody>\n<tr style=\"height: 14.40pt;\">\n<td style=\"height: 14.4pt; width: 34.4985%;\" align=\"right\" width=\"90\" height=\"24\"><img loading=\"lazy\" decoding=\"async\" class=\"size-full wp-image-7756 aligncenter\" src=\"https:\/\/fmp-components.com\/wp-content\/uploads\/2025\/04\/Ring-Gear-For-Cement-Mixer-Factory-1.webp\" alt=\"Zobni\u0161ki obro\u010d za tovarno me\u0161alnikov cementa\" width=\"889\" height=\"570\" title=\"\" srcset=\"https:\/\/fmp-components.com\/wp-content\/uploads\/2025\/04\/Ring-Gear-For-Cement-Mixer-Factory-1.webp 889w, https:\/\/fmp-components.com\/wp-content\/uploads\/2025\/04\/Ring-Gear-For-Cement-Mixer-Factory-1-480x308.webp 480w\" sizes=\"(min-width: 0px) and (max-width: 480px) 480px, (min-width: 481px) 889px, 100vw\" \/><\/td>\n<td style=\"width: 32.7072%;\" align=\"right\" width=\"90\"><img loading=\"lazy\" decoding=\"async\" class=\"size-full wp-image-7757 aligncenter\" src=\"https:\/\/fmp-components.com\/wp-content\/uploads\/2025\/04\/Ring-Gear-For-Cement-Mixer-Factory-2.webp\" alt=\"Zobni\u0161ki obro\u010d za tovarno me\u0161alnikov cementa\" width=\"885\" height=\"608\" title=\"\" srcset=\"https:\/\/fmp-components.com\/wp-content\/uploads\/2025\/04\/Ring-Gear-For-Cement-Mixer-Factory-2.webp 885w, https:\/\/fmp-components.com\/wp-content\/uploads\/2025\/04\/Ring-Gear-For-Cement-Mixer-Factory-2-480x330.webp 480w\" sizes=\"(min-width: 0px) and (max-width: 480px) 480px, (min-width: 481px) 885px, 100vw\" \/><\/td>\n<td style=\"width: 31.8642%;\" align=\"right\" width=\"90\"><img loading=\"lazy\" decoding=\"async\" class=\"size-full wp-image-7758 aligncenter\" src=\"https:\/\/fmp-components.com\/wp-content\/uploads\/2025\/04\/Ring-Gear-For-Cement-Mixer-Factory-3.webp\" alt=\"Zobni\u0161ki obro\u010d za tovarno me\u0161alnikov cementa\" width=\"500\" height=\"360\" title=\"\" srcset=\"https:\/\/fmp-components.com\/wp-content\/uploads\/2025\/04\/Ring-Gear-For-Cement-Mixer-Factory-3.webp 500w, https:\/\/fmp-components.com\/wp-content\/uploads\/2025\/04\/Ring-Gear-For-Cement-Mixer-Factory-3-480x346.webp 480w\" sizes=\"(min-width: 0px) and (max-width: 480px) 480px, (min-width: 481px) 500px, 100vw\" \/><\/td>\n<\/tr>\n<\/tbody>\n<\/table>\n<div>\n<h3 class=\"\" dir=\"auto\">Potrebujete dolo\u010den model? Za 24-urni odgovor se obrnite na FMP.<\/h3>\n<p class=\"break-words\" dir=\"auto\">Pri FMP smo zavezani k zagotavljanju re\u0161itev po meri. Preprosto nam po\u0161ljite svoje specifikacije in na\u0161i usposobljeni in\u017eenirji se vam bodo v 24 urah odzvali s strokovnim svetovanjem ali predlogom za oblikovanje po meri. Zaradi hitrega odziva in sposobnosti obdelave velikih serij s kratkimi cikli smo idealna izbira za hitro razvijajo\u010di se italijanski gradbeni trg. Pove\u010dajte u\u010dinkovitost svojega projekta z vzdr\u017eljivimi, visokozmogljivimi zobni\u0161kimi venci FMP \u2013 kontaktirajte nas \u0161e danes in poganjajte svojo naslednjo gradnjo!<\/p>\n<table style=\"border-collapse: collapse; width: 97.6392%; height: 54px;\" border=\"0\" width=\"243\" cellspacing=\"0\" cellpadding=\"0\">\n<tbody>\n<tr style=\"height: 14.40pt;\">\n<td style=\"height: 14.4pt; width: 31.0307%;\" align=\"right\" width=\"81\" height=\"24\">\u00a0<img loading=\"lazy\" decoding=\"async\" class=\"size-full wp-image-7763 aligncenter\" src=\"https:\/\/fmp-components.com\/wp-content\/uploads\/2025\/04\/Ring-Gear-For-Cement-Mixer-2.webp\" alt=\"Zobni\u0161ki obro\u010d za me\u0161alnik cementa\" width=\"550\" height=\"550\" title=\"\" srcset=\"https:\/\/fmp-components.com\/wp-content\/uploads\/2025\/04\/Ring-Gear-For-Cement-Mixer-2.webp 550w, https:\/\/fmp-components.com\/wp-content\/uploads\/2025\/04\/Ring-Gear-For-Cement-Mixer-2-480x480.webp 480w\" sizes=\"(min-width: 0px) and (max-width: 480px) 480px, (min-width: 481px) 550px, 100vw\" \/><\/td>\n<td style=\"width: 32.7851%;\" align=\"right\" width=\"81\"><img loading=\"lazy\" decoding=\"async\" class=\"size-full wp-image-7764 aligncenter\" src=\"https:\/\/fmp-components.com\/wp-content\/uploads\/2025\/04\/Ring-Gear-For-Cement-Mixer-3.webp\" alt=\"Zobni\u0161ki obro\u010d za me\u0161alnik cementa\" width=\"550\" height=\"550\" title=\"\" srcset=\"https:\/\/fmp-components.com\/wp-content\/uploads\/2025\/04\/Ring-Gear-For-Cement-Mixer-3.webp 550w, https:\/\/fmp-components.com\/wp-content\/uploads\/2025\/04\/Ring-Gear-For-Cement-Mixer-3-480x480.webp 480w\" sizes=\"(min-width: 0px) and (max-width: 480px) 480px, (min-width: 481px) 550px, 100vw\" \/><\/td>\n<td style=\"width: 36.1842%;\" align=\"right\" width=\"81\"><img loading=\"lazy\" decoding=\"async\" class=\"size-full wp-image-7762 aligncenter\" src=\"https:\/\/fmp-components.com\/wp-content\/uploads\/2025\/04\/Ring-Gear-For-Cement-Mixer-5.webp\" alt=\"Zobni\u0161ki obro\u010d za me\u0161alnik cementa\" width=\"1024\" height=\"756\" title=\"\" srcset=\"https:\/\/fmp-components.com\/wp-content\/uploads\/2025\/04\/Ring-Gear-For-Cement-Mixer-5.webp 1024w, https:\/\/fmp-components.com\/wp-content\/uploads\/2025\/04\/Ring-Gear-For-Cement-Mixer-5-980x724.webp 980w, https:\/\/fmp-components.com\/wp-content\/uploads\/2025\/04\/Ring-Gear-For-Cement-Mixer-5-480x354.webp 480w\" sizes=\"(min-width: 0px) and (max-width: 480px) 480px, (min-width: 481px) and (max-width: 980px) 980px, (min-width: 981px) 1024px, 100vw\" \/><\/td>\n<\/tr>\n<\/tbody>\n<\/table>\n<\/div>","protected":false},"excerpt":{"rendered":"<p>High-Quality Ring Gears for Cement Mixers by FMP In the bustling construction hubs of Italy, such as Milan, Venice, Florence, and Bologna, the demand for reliable cement mixers is ever-present. A key component in these machines is the ring gear for cement mixers, a robust circular gear that drives the drum\u2019s rotation to blend concrete [&hellip;]<\/p>","protected":false},"featured_media":7759,"comment_status":"open","ping_status":"closed","template":"","meta":{"_et_pb_use_builder":"","_et_pb_old_content":"","_et_gb_content_width":""},"product_brand":[],"product_cat":[114],"product_tag":[],"class_list":{"0":"post-7751","1":"product","2":"type-product","3":"status-publish","4":"has-post-thumbnail","6":"product_cat-ring-gear","8":"first","9":"instock","10":"shipping-taxable","11":"product-type-simple"},"_links":{"self":[{"href":"https:\/\/fmp-components.com\/sl\/wp-json\/wp\/v2\/product\/7751","targetHints":{"allow":["GET"]}}],"collection":[{"href":"https:\/\/fmp-components.com\/sl\/wp-json\/wp\/v2\/product"}],"about":[{"href":"https:\/\/fmp-components.com\/sl\/wp-json\/wp\/v2\/types\/product"}],"replies":[{"embeddable":true,"href":"https:\/\/fmp-components.com\/sl\/wp-json\/wp\/v2\/comments?post=7751"}],"wp:featuredmedia":[{"embeddable":true,"href":"https:\/\/fmp-components.com\/sl\/wp-json\/wp\/v2\/media\/7759"}],"wp:attachment":[{"href":"https:\/\/fmp-components.com\/sl\/wp-json\/wp\/v2\/media?parent=7751"}],"wp:term":[{"taxonomy":"product_brand","embeddable":true,"href":"https:\/\/fmp-components.com\/sl\/wp-json\/wp\/v2\/product_brand?post=7751"},{"taxonomy":"product_cat","embeddable":true,"href":"https:\/\/fmp-components.com\/sl\/wp-json\/wp\/v2\/product_cat?post=7751"},{"taxonomy":"product_tag","embeddable":true,"href":"https:\/\/fmp-components.com\/sl\/wp-json\/wp\/v2\/product_tag?post=7751"}],"curies":[{"name":"delovni list","href":"https:\/\/api.w.org\/{rel}","templated":true}]}}