{"id":774,"date":"2024-12-18T06:44:58","date_gmt":"2024-12-18T06:44:58","guid":{"rendered":"https:\/\/fmp-components.com\/?page_id=8"},"modified":"2024-12-18T06:54:43","modified_gmt":"2024-12-18T06:54:43","slug":"hydraulic-cylinder-for-reach-stacker","status":"publish","type":"product","link":"https:\/\/fmp-components.com\/sl\/product\/hydraulic-cylinder-for-reach-stacker\/","title":{"rendered":"Hidravli\u010dni cilinder za vili\u010dar"},"content":{"rendered":"<p style=\"text-align: center;\"><span style=\"font-size: 18pt;\">Hidravli\u010dni cilinder za vili\u010dar<\/span><\/p>\n<p>Hidravli\u010dni cilinder za regalne vili\u010darje je bistvena hidravli\u010dna komponenta, zasnovana za izbolj\u0161anje dvi\u017enih in iztegovalnih zmogljivosti regalnih vili\u010darjev, ki se uporabljajo v logistiki in pri ravnanju s kontejnerji. Ta cilinder igra klju\u010dno vlogo pri omogo\u010danju gladkega in natan\u010dnega gibanja roke vili\u010darja, kar omogo\u010da u\u010dinkovito nakladanje, razkladanje in zlaganje kontejnerjev in te\u017ekih bremen.<\/p>\n<p><img loading=\"lazy\" decoding=\"async\" class=\"alignnone size-full wp-image-788\" src=\"https:\/\/fmp-components.com\/wp-content\/uploads\/2024\/12\/Reach-Stacker-Luffing-Cylinders-2.webp\" alt=\"Valji za dvigovanje zlagalnikov-2\" width=\"870\" height=\"535\" title=\"\" srcset=\"https:\/\/fmp-components.com\/wp-content\/uploads\/2024\/12\/Reach-Stacker-Luffing-Cylinders-2.webp 870w, https:\/\/fmp-components.com\/wp-content\/uploads\/2024\/12\/Reach-Stacker-Luffing-Cylinders-2-480x295.webp 480w\" sizes=\"(min-width: 0px) and (max-width: 480px) 480px, (min-width: 481px) 870px, 100vw\" \/><\/p>\n<h4>Klju\u010dne lastnosti:<\/h4>\n<ul>\n<li><strong>Visoka nosilnost:<\/strong> Ta hidravli\u010dni cilinder, zasnovan za prena\u0161anje znatnih te\u017e, zagotavlja zanesljivo delovanje med dvigovanjem te\u017ekih bremen, kar je klju\u010dnega pomena za u\u010dinkovito upravljanje tovora.<\/li>\n<li><strong>Robustna konstrukcija:<\/strong> Izdelan je iz visoko trdnih materialov in zasnovan tako, da prenese stroge zahteve te\u017ekih operacij v ladijskem in logisti\u010dnem okolju, kar zagotavlja dolgotrajno vzdr\u017eljivost in zanesljivost.<\/li>\n<li><strong>Gladko delovanje:<\/strong> Napredna hidravli\u010dna zasnova omogo\u010da teko\u010de in nadzorovane gibe, kar omogo\u010da hitro prilagajanje med nakladanjem in razkladanjem, hkrati pa zmanj\u0161uje obrabo opreme.<\/li>\n<li><strong>Izbolj\u0161ana varnost:<\/strong> Opremljen z varnostnimi funkcijami za prepre\u010devanje preobremenitve in zagotavljanje varnega delovanja, ki \u0161\u010ditijo tako upravljavce kot tovor med ravnanjem.<\/li>\n<li><strong>Vsestranska uporaba:<\/strong> Ta hidravli\u010dni cilinder je primeren za razli\u010dne konfiguracije dose\u017enih vili\u010darjev in se lahko prilagodi razli\u010dnim operativnim potrebam, zaradi \u010desar je idealna izbira za raznolika opravila ravnanja s kontejnerji.<\/li>\n<li><strong>Nizke zahteve glede vzdr\u017eevanja:<\/strong> Zasnovan za minimalno obrabo, zmanj\u0161uje potrebo po pogostem vzdr\u017eevanju, kar prispeva k ve\u010dji produktivnosti in ni\u017ejim obratovalnim stro\u0161kom.<\/li>\n<\/ul>\n<p>Skratka, hidravli\u010dni cilinder za vili\u010darje z dose\u017eki je klju\u010dna komponenta, ki optimizira delovanje in u\u010dinkovitost vili\u010darjev z dose\u017eki, kar znatno izbolj\u0161a njihovo u\u010dinkovitost pri ravnanju s kontejnerji in logisti\u010dnih operacijah.<\/p>\n<h2>Teleskopski cilinder za doseganje vili\u010darja<\/h2>\n<p><img loading=\"lazy\" decoding=\"async\" class=\"size-full wp-image-786 aligncenter\" src=\"https:\/\/fmp-components.com\/wp-content\/uploads\/2024\/12\/Reach-Stacker-Telescopic-Cylinder.webp\" alt=\"Teleskopski cilinder za doseganje vili\u010darja\" width=\"500\" height=\"200\" title=\"\" srcset=\"https:\/\/fmp-components.com\/wp-content\/uploads\/2024\/12\/Reach-Stacker-Telescopic-Cylinder.webp 500w, https:\/\/fmp-components.com\/wp-content\/uploads\/2024\/12\/Reach-Stacker-Telescopic-Cylinder-480x192.webp 480w\" sizes=\"(min-width: 0px) and (max-width: 480px) 480px, (min-width: 481px) 500px, 100vw\" \/><\/p>\n<table style=\"width: 83.0024%; height: 162px;\" border=\"1\" cellspacing=\"0\" cellpadding=\"0\">\n<tbody>\n<tr>\n<td>Ime izdelka<\/td>\n<td>Teleskopski cilinder za doseganje vili\u010darja<\/td>\n<\/tr>\n<tr>\n<td>Zna\u010dilnosti:<\/td>\n<td>Uresni\u010dite linearno teleskopsko gibanje roke<\/td>\n<\/tr>\n<tr>\n<td>Premer izvrtine:<\/td>\n<td>200 mm\uff5e220 mm<\/td>\n<\/tr>\n<tr>\n<td>Premer palice:<\/td>\n<td>150 mm\uff5e180 mm<br \/>\nHod \u2264 8000 mm<\/td>\n<\/tr>\n<tr>\n<td>Tlak:<\/td>\n<td>Najve\u010d 30 MPa<\/td>\n<\/tr>\n<tr>\n<td>Uporaba:<\/td>\n<td>Dosegljivi zlagalnik<\/td>\n<\/tr>\n<\/tbody>\n<\/table>\n<p><img loading=\"lazy\" decoding=\"async\" class=\"alignnone wp-image-790\" src=\"https:\/\/fmp-components.com\/wp-content\/uploads\/2024\/12\/Stacker-Telescopic-Cylinder.webp\" alt=\"Zlagalnik-Teleskopski-Cilinder\" width=\"761\" height=\"457\" title=\"\"><\/p>\n<p><img loading=\"lazy\" decoding=\"async\" class=\"alignnone wp-image-789\" src=\"https:\/\/fmp-components.com\/wp-content\/uploads\/2024\/12\/Stacker-Telescopic-Cylinder-1.webp\" alt=\"Zlagalnik-Teleskopski-Cilinder\" width=\"764\" height=\"383\" title=\"\"><\/p>\n<h2>Dvi\u017eni valj za doseganje zlagalnika<\/h2>\n<p><img loading=\"lazy\" decoding=\"async\" class=\"size-full wp-image-784 aligncenter\" src=\"https:\/\/fmp-components.com\/wp-content\/uploads\/2024\/12\/Reach-Stacker-Luffing-Cylinder-1.webp\" alt=\"Dvi\u017eni valj za doseganje zlagalnika\" width=\"500\" height=\"200\" title=\"\" srcset=\"https:\/\/fmp-components.com\/wp-content\/uploads\/2024\/12\/Reach-Stacker-Luffing-Cylinder-1.webp 500w, https:\/\/fmp-components.com\/wp-content\/uploads\/2024\/12\/Reach-Stacker-Luffing-Cylinder-1-480x192.webp 480w\" sizes=\"(min-width: 0px) and (max-width: 480px) 480px, (min-width: 481px) 500px, 100vw\" \/><\/p>\n<table style=\"width: 84.0327%; height: 185px;\" border=\"1\" cellspacing=\"0\" cellpadding=\"0\">\n<tbody>\n<tr>\n<td>Ime izdelka<\/td>\n<td>Dvi\u017eni valj za doseganje zlagalnika<\/td>\n<\/tr>\n<tr>\n<td>Zna\u010dilnosti:<\/td>\n<td>Uresni\u010dite nagibanje roke navzgor in navzdol<\/td>\n<\/tr>\n<tr>\n<td>Premer izvrtine:<\/td>\n<td>100 mm\uff5e220 mm<\/td>\n<\/tr>\n<tr>\n<td>Premer palice:<\/td>\n<td>60 mm\uff5e140 mm<br \/>\nHod \u2264 5000 mm<\/td>\n<\/tr>\n<tr>\n<td>Tlak:<\/td>\n<td>Najve\u010d 30 MPa<\/td>\n<\/tr>\n<tr>\n<td>Uporaba:<\/td>\n<td>Dosegljivi zlagalnik<\/td>\n<\/tr>\n<\/tbody>\n<\/table>\n<p><img loading=\"lazy\" decoding=\"async\" class=\"alignnone wp-image-782\" src=\"https:\/\/fmp-components.com\/wp-content\/uploads\/2024\/12\/Reach-Stacker-Luffing-Cylinder.webp\" alt=\"Dvi\u017eni valj za doseganje zlagalnika\" width=\"780\" height=\"285\" title=\"\" srcset=\"https:\/\/fmp-components.com\/wp-content\/uploads\/2024\/12\/Reach-Stacker-Luffing-Cylinder.webp 780w, https:\/\/fmp-components.com\/wp-content\/uploads\/2024\/12\/Reach-Stacker-Luffing-Cylinder-480x175.webp 480w\" sizes=\"(min-width: 0px) and (max-width: 480px) 480px, (min-width: 481px) 780px, 100vw\" \/><\/p>\n<p><img loading=\"lazy\" decoding=\"async\" class=\"alignnone wp-image-787\" src=\"https:\/\/fmp-components.com\/wp-content\/uploads\/2024\/12\/Reach-Stacker-Luffing-Cylinder-2.webp\" alt=\"Dosegljiv valj za dvigovanje zlagalnikov 2\" width=\"774\" height=\"503\" title=\"\"><\/p>\n<h2>Krmilni valj za dosegljivi vili\u010dar<\/h2>\n<p><img loading=\"lazy\" decoding=\"async\" class=\"size-full wp-image-785 aligncenter\" src=\"https:\/\/fmp-components.com\/wp-content\/uploads\/2024\/12\/Reach-Stacker-Steering-Cylinder.webp\" alt=\"Krmilni valj za dosegljivi vili\u010dar\" width=\"500\" height=\"200\" title=\"\" srcset=\"https:\/\/fmp-components.com\/wp-content\/uploads\/2024\/12\/Reach-Stacker-Steering-Cylinder.webp 500w, https:\/\/fmp-components.com\/wp-content\/uploads\/2024\/12\/Reach-Stacker-Steering-Cylinder-480x192.webp 480w\" sizes=\"(min-width: 0px) and (max-width: 480px) 480px, (min-width: 481px) 500px, 100vw\" \/><\/p>\n<table style=\"width: 84.0349%; height: 200px;\" border=\"1\" cellspacing=\"0\" cellpadding=\"0\">\n<tbody>\n<tr style=\"height: 23px;\">\n<td style=\"height: 23px;\">Ime izdelka<\/td>\n<td style=\"height: 23px;\">Dvi\u017eni valj za doseganje zlagalnika<\/td>\n<\/tr>\n<tr style=\"height: 23px;\">\n<td style=\"height: 23px;\">Zna\u010dilnosti:<\/td>\n<td style=\"height: 23px;\">Uresni\u010dite prilagoditev smeri pnevmatik \u017eerjava<\/td>\n<\/tr>\n<tr style=\"height: 23px;\">\n<td style=\"height: 23px;\">Premer izvrtine:<\/td>\n<td style=\"height: 23px;\">80 mm\uff5e200 mm<\/td>\n<\/tr>\n<tr style=\"height: 47px;\">\n<td style=\"height: 47px;\">Premer palice:<\/td>\n<td style=\"height: 47px;\">60 mm\uff5e100 mm<br \/>\nHod \u2264 9500 mm<\/td>\n<\/tr>\n<tr style=\"height: 23px;\">\n<td style=\"height: 23px;\">Tlak:<\/td>\n<td style=\"height: 23px;\">Najve\u010d 25 MPa<\/td>\n<\/tr>\n<tr style=\"height: 23px;\">\n<td style=\"height: 23px;\">Uporaba:<\/td>\n<td style=\"height: 23px;\">Dosegljivi zlagalnik<\/td>\n<\/tr>\n<\/tbody>\n<\/table>\n<p><img loading=\"lazy\" decoding=\"async\" class=\"alignnone wp-image-793\" src=\"https:\/\/fmp-components.com\/wp-content\/uploads\/2024\/12\/Reach-Stacker-Steering-Cylinder-1.webp\" alt=\"Krmilni valj za dosegljivi vili\u010dar\" width=\"794\" height=\"269\" title=\"\" srcset=\"https:\/\/fmp-components.com\/wp-content\/uploads\/2024\/12\/Reach-Stacker-Steering-Cylinder-1.webp 794w, https:\/\/fmp-components.com\/wp-content\/uploads\/2024\/12\/Reach-Stacker-Steering-Cylinder-1-480x163.webp 480w\" sizes=\"(min-width: 0px) and (max-width: 480px) 480px, (min-width: 481px) 794px, 100vw\" \/><\/p>\n<p><img loading=\"lazy\" decoding=\"async\" class=\"alignnone size-full wp-image-794\" src=\"https:\/\/fmp-components.com\/wp-content\/uploads\/2024\/12\/Reach-Stacker-Steering-Cylinder1.webp\" alt=\"Krmilni valj za dosegljivi vili\u010dar1\" width=\"828\" height=\"297\" title=\"\" srcset=\"https:\/\/fmp-components.com\/wp-content\/uploads\/2024\/12\/Reach-Stacker-Steering-Cylinder1.webp 828w, https:\/\/fmp-components.com\/wp-content\/uploads\/2024\/12\/Reach-Stacker-Steering-Cylinder1-480x172.webp 480w\" sizes=\"(min-width: 0px) and (max-width: 480px) 480px, (min-width: 481px) 828px, 100vw\" \/><\/p>\n<h2>Prednosti hidravli\u010dnega cilindra za doseganje vili\u010darja<\/h2>\n<p>Hidravli\u010dni cilinder za dosegljive vili\u010darje ponuja ve\u010d pomembnih prednosti, ki izbolj\u0161ujejo zmogljivost in zanesljivost dosegljivih vili\u010darjev v logisti\u010dnih in kontejnerskih operacijah.<\/p>\n<p>Ena glavnih prednosti je visoka nosilnost, ki hidravli\u010dnemu cilindru omogo\u010da varno dvigovanje in manevriranje te\u017ekih kontejnerjev in tovorov. Ta zmogljivost je klju\u010dnega pomena za u\u010dinkovito upravljanje tovora v prometnih ladijskih in logisti\u010dnih okoljih.<\/p>\n<p>Cilinder zagotavlja natan\u010den nadzor, ki omogo\u010da gladke in natan\u010dne premike roke vili\u010darja. Ta natan\u010dnost pomaga operaterjem natan\u010dno pozicionirati zabojnike, kar zmanj\u0161uje tveganje za nesre\u010de in izbolj\u0161uje splo\u0161no operativno u\u010dinkovitost.<\/p>\n<p>Hidravli\u010dni cilinder je izdelan iz robustnih materialov in zasnovan tako, da prenese zahtevne pogoje te\u017ekega delovanja. Njegova vzdr\u017eljivost zagotavlja dolgotrajno delovanje tudi v te\u017ekih okoljih, kar zmanj\u0161uje pogostost popravil in zamenjav.<\/p>\n<p>Druga prednost so izbolj\u0161ane varnostne funkcije, integrirane v hidravli\u010dno zasnovo. Te funkcije pomagajo prepre\u010devati preobremenitev in zagotavljajo varno delovanje, s \u010dimer \u0161\u010ditijo tako opremo kot osebje med rokovanjem.<\/p>\n<p>Hidravli\u010dni cilinder omogo\u010da tudi nemoteno delovanje, kar zmanj\u0161uje obrabo tako cilindra kot samega vili\u010darja. To nemoteno delovanje pove\u010duje produktivnost, saj omogo\u010da hitrej\u0161e postopke nakladanja in razkladanja.<\/p>\n<p>Poleg tega vsestranskost hidravli\u010dnega cilindra omogo\u010da njegovo uporabo v razli\u010dnih modelih vili\u010darjev, zaradi \u010desar je prilagodljiv razli\u010dnim operativnim potrebam in pove\u010duje njegovo uporabnost pri ravnanju s kontejnerji.<\/p>\n<p>Kon\u010dno, nizke zahteve glede vzdr\u017eevanja hidravli\u010dnega cilindra prispevajo k zmanj\u0161anju izpadov in obratovalnih stro\u0161kov. Njegova zasnova je osredoto\u010dena na zanesljivost in dolgo \u017eivljenjsko dobo, kar zagotavlja u\u010dinkovito delovanje vili\u010darjev brez pogostih prekinitev.<\/p>\n<p>Skratka, hidravli\u010dni cilinder za dose\u017ene vili\u010darje je bistvenega pomena za optimizacijo u\u010dinkovitosti, varnosti in zanesljivosti dose\u017enih vili\u010darjev, saj znatno izbolj\u0161a njihovo zmogljivost pri ravnanju s kontejnerji in logisti\u010dnih operacijah.<\/p>\n<p><img loading=\"lazy\" decoding=\"async\" class=\"alignnone  wp-image-795\" src=\"https:\/\/fmp-components.com\/wp-content\/uploads\/2024\/12\/Choose-Reach-Stacker-Steering-Cylinder.webp\" alt=\"Izberite krmilni valj za dosegalni vili\u010dar\" width=\"853\" height=\"443\" title=\"\"><\/p>\n<h3>O FMP-ju<\/h3>\n<p>FMP je specializirano podjetje za mehansko proizvodnjo, ki se ukvarja s proizvodnjo hidravli\u010dnih cilindrov. Podjetje se \u017ee od ustanovitve osredoto\u010da na raziskave in proizvodnjo hidravli\u010dne tehnologije ter uspe\u0161no prehaja iz raznolike ponudbe izdelkov, ki je vklju\u010devala stroje za \u017eetev in gradbeni\u0161tvo, v specializacijo za komponente kmetijskih traktorjev. Z ve\u010d kot desetletjem izku\u0161enj v proizvodnji in upravljanju FMP zagotavlja visokokakovostne izdelke z naprednimi proizvodnimi tehnikami.<\/p>\n<p>Z razvojem podjetja je razvilo celovito proizvodno linijo za strojno obdelavo, monta\u017eno linijo in linijo za nana\u0161anje premazov. Na\u0161o ekipo sestavljajo usposobljeno vodstveno osebje, izku\u0161eni strojni oblikovalci in visoko usposobljeni tehniki, ki skupaj ohranjajo stabilno kakovost proizvodnje, hkrati pa u\u010dinkovito nadzorujejo neprekinjenost in u\u010dinkovitost procesov.<\/p>\n<p>FMP se dr\u017ei filozofije \u00bbTehnolo\u0161ke inovacije spodbujajo napredek, kakovost ustvarja blagovne znamke, obrtni\u0161ka spretnost zagotavlja kakovost in gradi dolgoro\u010dne odnose, v katere vsi pridobijo\u00ab. Na\u0161a zavezanost zagotavljanju visokokakovostnih izdelkov in vrhunski storitvi za stranke ostaja osrednji cilj, saj \u0161e naprej zadovoljujemo spreminjajo\u010de se potrebe trga.<\/p>\n<p><img loading=\"lazy\" decoding=\"async\" class=\"alignnone size-full wp-image-426\" src=\"https:\/\/fmp-components.com\/wp-content\/uploads\/2024\/12\/Sanitation-Machinery-Locking-Hydraulic-Cylinder-factory.webp\" sizes=\"(min-width: 0px) and (max-width: 480px) 480px, (min-width: 481px) and (max-width: 980px) 980px, (min-width: 981px) and (max-width: 1280px) 1280px, (min-width: 1281px) 1414px, 100vw\" srcset=\"https:\/\/fmp-components.com\/wp-content\/uploads\/2024\/12\/Sanitation-Machinery-Locking-Hydraulic-Cylinder-factory.webp 1414w, https:\/\/fmp-components.com\/wp-content\/uploads\/2024\/12\/Sanitation-Machinery-Locking-Hydraulic-Cylinder-factory-1280x529.webp 1280w, https:\/\/fmp-components.com\/wp-content\/uploads\/2024\/12\/Sanitation-Machinery-Locking-Hydraulic-Cylinder-factory-980x405.webp 980w, https:\/\/fmp-components.com\/wp-content\/uploads\/2024\/12\/Sanitation-Machinery-Locking-Hydraulic-Cylinder-factory-480x198.webp 480w\" alt=\"Tovarna sanitarnih strojev za zaklepanje hidravli\u010dnih valjev\" width=\"1414\" height=\"584\" title=\"\"><\/p>\n<p>Avtor: CX<\/p>","protected":false},"excerpt":{"rendered":"<p>Hidravli\u010dni cilinder za regalni vili\u010dar je klju\u010dna hidravli\u010dna komponenta, zasnovana za zagotavljanje potrebne sile dvigovanja in iztegovanja roke regalnega vili\u010darja. Ta cilinder omogo\u010da gladke in natan\u010dne gibe, kar operaterjem omogo\u010da u\u010dinkovito dvigovanje, spu\u0161\u010danje in iztegovanje rok regalnega vili\u010darja za enostavno rokovanje s kontejnerji in te\u017ekimi bremeni. Izdelan je iz visoko trdnih materialov in je zasnovan tako, da prenese zahteve te\u017ekih operacij v logisti\u010dnih in ladjarskih okoljih, kar zagotavlja vzdr\u017eljivost in zanesljivost. Napredna hidravli\u010dna zasnova omogo\u010da hitro prilagajanje in izbolj\u0161an nadzor, kar izbolj\u0161uje operativno u\u010dinkovitost in varnost med nalogami ravnanja s kontejnerji. Ta hidravli\u010dni cilinder je bistvenega pomena za optimizacijo delovanja regalnih vili\u010darjev, saj pomembno prispeva k u\u010dinkovitemu upravljanju tovora v pristani\u0161\u010dih in skladi\u0161\u010dih.<\/p>","protected":false},"featured_media":783,"comment_status":"open","ping_status":"closed","template":"","meta":{"_et_pb_use_builder":"","_et_pb_old_content":"","_et_gb_content_width":""},"product_brand":[],"product_cat":[28],"product_tag":[],"class_list":{"0":"post-774","1":"product","2":"type-product","3":"status-publish","4":"has-post-thumbnail","6":"product_cat-offshore-hydraulic-cylinders","8":"first","9":"instock","10":"shipping-taxable","11":"product-type-simple"},"_links":{"self":[{"href":"https:\/\/fmp-components.com\/sl\/wp-json\/wp\/v2\/product\/774","targetHints":{"allow":["GET"]}}],"collection":[{"href":"https:\/\/fmp-components.com\/sl\/wp-json\/wp\/v2\/product"}],"about":[{"href":"https:\/\/fmp-components.com\/sl\/wp-json\/wp\/v2\/types\/product"}],"replies":[{"embeddable":true,"href":"https:\/\/fmp-components.com\/sl\/wp-json\/wp\/v2\/comments?post=774"}],"wp:featuredmedia":[{"embeddable":true,"href":"https:\/\/fmp-components.com\/sl\/wp-json\/wp\/v2\/media\/783"}],"wp:attachment":[{"href":"https:\/\/fmp-components.com\/sl\/wp-json\/wp\/v2\/media?parent=774"}],"wp:term":[{"taxonomy":"product_brand","embeddable":true,"href":"https:\/\/fmp-components.com\/sl\/wp-json\/wp\/v2\/product_brand?post=774"},{"taxonomy":"product_cat","embeddable":true,"href":"https:\/\/fmp-components.com\/sl\/wp-json\/wp\/v2\/product_cat?post=774"},{"taxonomy":"product_tag","embeddable":true,"href":"https:\/\/fmp-components.com\/sl\/wp-json\/wp\/v2\/product_tag?post=774"}],"curies":[{"name":"delovni list","href":"https:\/\/api.w.org\/{rel}","templated":true}]}}