{"id":7727,"date":"2025-04-03T06:15:43","date_gmt":"2025-04-03T06:15:43","guid":{"rendered":"https:\/\/fmp-components.com\/?post_type=product&#038;p=7727"},"modified":"2025-04-03T06:27:46","modified_gmt":"2025-04-03T06:27:46","slug":"planetary-ring-gear","status":"publish","type":"product","link":"https:\/\/fmp-components.com\/sl\/product\/planetary-ring-gear\/","title":{"rendered":"Planetni zobnik"},"content":{"rendered":"<div>\n<h2>Premium planetarni zobniki s FMP v Italiji<\/h2>\n<p class=\"break-words\">Ko gre za precizno in\u017eenirstvo in zanesljive strojne komponente, je planetarni zobni\u0161ki venec klju\u010dni element v ne\u0161tetih aplikacijah, od avtomobilskih sistemov do industrijske opreme. V podjetju FMP smo ponosni, da smo vodilni proizvajalec visokokakovostnih planetarnih zobni\u0161kih venec, ki slu\u017ei podjetjem in industrijam po vsej Italiji, vklju\u010dno z mesti, kot so Milano, Benetke, Firence in Bologna. Na\u0161a \u0161iroka paleta planetarnih zobni\u0161kih venec je zasnovana tako, da izpolnjuje razli\u010dne potrebe glede zmogljivosti, zagotavlja vzdr\u017eljivost, u\u010dinkovitost in brezhibno integracijo v va\u0161e sisteme.<\/p>\n<\/div>\n<h3>Specifikacija<\/h3>\n<table style=\"width: 100%;\" border=\"1\" width=\"100%\" cellspacing=\"0\" cellpadding=\"0\">\n<tbody>\n<tr style=\"height: 30.00pt;\">\n<td class=\"et2\" style=\"height: 30.00pt; width: 48.00pt;\" width=\"80\" height=\"50\">\u0160tevilka modela<\/td>\n<td class=\"et2\" style=\"width: 318.60pt;\" width=\"531\">M3, M4, M5, M8, M12 itd.<\/td>\n<\/tr>\n<tr style=\"height: 30.00pt;\">\n<td class=\"et2\" style=\"height: 30.00pt; width: 48.00pt;\" width=\"80\" height=\"50\">Material<\/td>\n<td class=\"et2\" style=\"width: 318.60pt;\" width=\"531\">Medenina, jeklo C45, nerjave\u010de jeklo, baker, POM, aluminij, zlitina in tako naprej<\/td>\n<\/tr>\n<tr style=\"height: 30.00pt;\">\n<td class=\"et2\" style=\"height: 60.00pt; width: 48.00pt;\" rowspan=\"2\" width=\"80\" height=\"100\">Povr\u0161inska obdelava<\/td>\n<td class=\"et2\" style=\"width: 318.60pt;\" width=\"531\">Pocinkano, ponikljano, pasivizacija, oksidacija, anodizacija,<\/td>\n<\/tr>\n<tr style=\"height: 30.00pt;\">\n<td class=\"et2\" style=\"width: 318.60pt;\" width=\"531\">Geomet, Dacromet, \u010drni oksid, fosfatiranje, pra\u0161no barvanje in elektroforeza<\/td>\n<\/tr>\n<tr style=\"height: 30.00pt;\">\n<td class=\"et2\" style=\"height: 30.00pt; width: 48.00pt;\" width=\"80\" height=\"50\">Standardno<\/td>\n<td class=\"et2\" style=\"width: 318.60pt;\" width=\"531\">ISO, DIN, ANSI, JIS, BS in nestandardni.<\/td>\n<\/tr>\n<tr style=\"height: 30.00pt;\">\n<td class=\"et2\" style=\"height: 30.00pt; width: 48.00pt;\" width=\"80\" height=\"50\">Natan\u010dnost<\/td>\n<td class=\"et2\" style=\"width: 318.60pt;\" width=\"531\">DIN6, DIN7, DIN8, DIN9.<\/td>\n<\/tr>\n<tr style=\"height: 45.00pt;\">\n<td class=\"et2\" style=\"height: 45.00pt; width: 48.00pt;\" width=\"80\" height=\"75\">Zdravljenje zob<\/td>\n<td class=\"et2\" style=\"width: 318.60pt;\" width=\"531\">Kaljeno, rezkano ali bru\u0161eno<\/td>\n<\/tr>\n<tr style=\"height: 30.00pt;\">\n<td class=\"et2\" style=\"height: 30.00pt; width: 48.00pt;\" width=\"80\" height=\"50\">Toleranca<\/td>\n<td class=\"et2\" style=\"width: 318.60pt;\" width=\"531\">0,001 mm\u20130,01 mm\u20130,1 mm<\/td>\n<\/tr>\n<tr style=\"height: 30.00pt;\">\n<td class=\"et2\" style=\"height: 30.00pt; width: 48.00pt;\" width=\"80\" height=\"50\">Kon\u010daj<\/td>\n<td class=\"et2\" style=\"width: 318.60pt;\" width=\"531\">peskanje\/peskanje, toplotna obdelava, \u017earjenje, popu\u0161\u010danje, poliranje, eloksiranje, pocinkanje<\/td>\n<\/tr>\n<tr style=\"height: 30.00pt;\">\n<td class=\"et2\" style=\"height: 30.00pt; width: 48.00pt;\" width=\"80\" height=\"50\">Pakiranje predmetov<\/td>\n<td class=\"et2\" style=\"width: 318.60pt;\" width=\"531\">Plasti\u010dna vre\u010dka + \u0161katle ali lesena embala\u017ea<\/td>\n<\/tr>\n<tr style=\"height: 15.00pt;\">\n<td class=\"et2\" style=\"height: 30.00pt; width: 48.00pt;\" rowspan=\"2\" width=\"80\" height=\"50\">Vzorci<\/td>\n<td class=\"et2\" style=\"width: 318.60pt;\" width=\"531\">Primer cenovnega razpona od $2 do $100.<\/td>\n<\/tr>\n<tr style=\"height: 15.00pt;\">\n<td class=\"et2\" style=\"width: 318.60pt;\" width=\"531\">vzorec ekspresne zahteve, ki jo pla\u010dajo stranke<\/td>\n<\/tr>\n<tr style=\"height: 15.00pt;\">\n<td class=\"et2\" style=\"height: 135.00pt; width: 48.00pt;\" rowspan=\"8\" width=\"80\" height=\"225\">Uporaba<\/td>\n<td class=\"et2\" style=\"width: 318.60pt;\" width=\"531\">1. Avtomatski krmilni stroj<\/td>\n<\/tr>\n<tr style=\"height: 15.00pt;\">\n<td class=\"et2\" style=\"width: 318.60pt;\" width=\"531\">2. Polprevodni\u0161ka industrija<\/td>\n<\/tr>\n<tr style=\"height: 15.00pt;\">\n<td class=\"et2\" style=\"width: 318.60pt;\" width=\"531\">3. Stroji za splo\u0161no industrijo<\/td>\n<\/tr>\n<tr style=\"height: 15.00pt;\">\n<td class=\"et2\" style=\"width: 318.60pt;\" width=\"531\">4. Medicinska oprema<\/td>\n<\/tr>\n<tr style=\"height: 15.00pt;\">\n<td class=\"et2\" style=\"width: 318.60pt;\" width=\"531\">5. Oprema za son\u010dno energijo<\/td>\n<\/tr>\n<tr style=\"height: 15.00pt;\">\n<td class=\"et2\" style=\"width: 318.60pt;\" width=\"531\">6. Strojno orodje<\/td>\n<\/tr>\n<tr style=\"height: 15.00pt;\">\n<td class=\"et2\" style=\"width: 318.60pt;\" width=\"531\">7. Parkirni sistem<\/td>\n<\/tr>\n<tr style=\"height: 30.00pt;\">\n<td class=\"et2\" style=\"width: 318.60pt;\" width=\"531\">8. Oprema za hitri \u017eelezni\u0161ki in letalski promet itd.<\/td>\n<\/tr>\n<\/tbody>\n<\/table>\n<div>\n<h4>Zakaj izbrati FMP za planetarne zobnike?<\/h4>\n<p class=\"break-words\">Podjetje FMP s sede\u017eem v osr\u010dju Italije je specializirano za proizvodnjo razli\u010dnih vrst planetarnih zobnikov, prilagojenih va\u0161im specifi\u010dnim zahtevam. Ne glede na to, ali ste v Milanu in i\u0161\u010dete komponente za napredno proizvodnjo, v Benetkah delate na projektih ladijskega in\u017eeniringa, v Firencah izbolj\u0161ujete sisteme avtomatizacije ali v Bologni nadgrajujete avtomobilske zasnove, pri nas boste na\u0161li vse. Na\u0161i izdelki so izdelani natan\u010dno in zasnovani tako, da prenesejo najte\u017eje pogoje, zaradi \u010desar so odli\u010dna izbira za italijansko industrijo.<\/p>\n<p class=\"break-words\">Poleg na\u0161e standardne ponudbe nudimo tudi prilagojene planetarne zobnike, ki ustrezajo va\u0161im edinstvenim specifikacijam. Pri FMP razumemo, da je vsak projekt druga\u010den, zato je na\u0161a ekipa usposobljenih in\u017eenirjev pripravljena sodelovati z vami pri ustvarjanju popolne re\u0161itve. Od izbire materiala do dimenzioniranja zobnika zagotavljamo, da bo va\u0161 zobnik po meri brezhibno deloval v va\u0161i aplikaciji.<\/p>\n<\/div>\n<table style=\"width: 99.375%; height: 49px;\" border=\"0\" width=\"240\" cellspacing=\"0\" cellpadding=\"0\">\n<tbody>\n<tr>\n<td width=\"80\" height=\"24\">\u00a0\u00a0<img loading=\"lazy\" decoding=\"async\" class=\"size-full wp-image-7731 aligncenter\" src=\"https:\/\/fmp-components.com\/wp-content\/uploads\/2025\/04\/Internal-Spur-Gear-Rings-3.webp\" alt=\"Notranji zobni\u0161ki obro\u010di\" width=\"600\" height=\"600\" title=\"\" srcset=\"https:\/\/fmp-components.com\/wp-content\/uploads\/2025\/04\/Internal-Spur-Gear-Rings-3.webp 600w, https:\/\/fmp-components.com\/wp-content\/uploads\/2025\/04\/Internal-Spur-Gear-Rings-3-480x480.webp 480w\" sizes=\"(min-width: 0px) and (max-width: 480px) 480px, (min-width: 481px) 600px, 100vw\" \/><\/td>\n<td width=\"80\"><img loading=\"lazy\" decoding=\"async\" class=\"size-full wp-image-7729 aligncenter\" src=\"https:\/\/fmp-components.com\/wp-content\/uploads\/2025\/04\/Internal-Spur-Gear-Rings-1.webp\" alt=\"Notranji zobni\u0161ki obro\u010di\" width=\"600\" height=\"600\" title=\"\" srcset=\"https:\/\/fmp-components.com\/wp-content\/uploads\/2025\/04\/Internal-Spur-Gear-Rings-1.webp 600w, https:\/\/fmp-components.com\/wp-content\/uploads\/2025\/04\/Internal-Spur-Gear-Rings-1-480x480.webp 480w\" sizes=\"(min-width: 0px) and (max-width: 480px) 480px, (min-width: 481px) 600px, 100vw\" \/><\/td>\n<td width=\"80\"><strong><img loading=\"lazy\" decoding=\"async\" class=\"size-full wp-image-7730 aligncenter\" src=\"https:\/\/fmp-components.com\/wp-content\/uploads\/2025\/04\/Internal-Spur-Gear-Rings-4.webp\" alt=\"Notranji zobni\u0161ki obro\u010di\" width=\"1024\" height=\"1024\" title=\"\" srcset=\"https:\/\/fmp-components.com\/wp-content\/uploads\/2025\/04\/Internal-Spur-Gear-Rings-4.webp 1024w, https:\/\/fmp-components.com\/wp-content\/uploads\/2025\/04\/Internal-Spur-Gear-Rings-4-980x980.webp 980w, https:\/\/fmp-components.com\/wp-content\/uploads\/2025\/04\/Internal-Spur-Gear-Rings-4-480x480.webp 480w\" sizes=\"(min-width: 0px) and (max-width: 480px) 480px, (min-width: 481px) and (max-width: 980px) 980px, (min-width: 981px) 1024px, 100vw\" \/><\/strong><\/td>\n<\/tr>\n<\/tbody>\n<\/table>\n<p>&nbsp;<\/p>","protected":false},"excerpt":{"rendered":"<p>Premium Planetary Ring Gears with FMP in Italy When it comes to precision engineering and reliable machinery components, a planetary ring gear is a critical element in countless applications, from automotive systems to industrial equipment. At FMP, we take pride in being a leading manufacturer of high-quality planetary ring gears, serving businesses and industries across [&hellip;]<\/p>","protected":false},"featured_media":7729,"comment_status":"open","ping_status":"closed","template":"","meta":{"_et_pb_use_builder":"","_et_pb_old_content":"","_et_gb_content_width":""},"product_brand":[],"product_cat":[113],"product_tag":[],"class_list":{"0":"post-7727","1":"product","2":"type-product","3":"status-publish","4":"has-post-thumbnail","6":"product_cat-planetary-gear","8":"first","9":"instock","10":"shipping-taxable","11":"product-type-simple"},"_links":{"self":[{"href":"https:\/\/fmp-components.com\/sl\/wp-json\/wp\/v2\/product\/7727","targetHints":{"allow":["GET"]}}],"collection":[{"href":"https:\/\/fmp-components.com\/sl\/wp-json\/wp\/v2\/product"}],"about":[{"href":"https:\/\/fmp-components.com\/sl\/wp-json\/wp\/v2\/types\/product"}],"replies":[{"embeddable":true,"href":"https:\/\/fmp-components.com\/sl\/wp-json\/wp\/v2\/comments?post=7727"}],"wp:featuredmedia":[{"embeddable":true,"href":"https:\/\/fmp-components.com\/sl\/wp-json\/wp\/v2\/media\/7729"}],"wp:attachment":[{"href":"https:\/\/fmp-components.com\/sl\/wp-json\/wp\/v2\/media?parent=7727"}],"wp:term":[{"taxonomy":"product_brand","embeddable":true,"href":"https:\/\/fmp-components.com\/sl\/wp-json\/wp\/v2\/product_brand?post=7727"},{"taxonomy":"product_cat","embeddable":true,"href":"https:\/\/fmp-components.com\/sl\/wp-json\/wp\/v2\/product_cat?post=7727"},{"taxonomy":"product_tag","embeddable":true,"href":"https:\/\/fmp-components.com\/sl\/wp-json\/wp\/v2\/product_tag?post=7727"}],"curies":[{"name":"delovni list","href":"https:\/\/api.w.org\/{rel}","templated":true}]}}