{"id":7721,"date":"2025-04-03T05:48:55","date_gmt":"2025-04-03T05:48:55","guid":{"rendered":"https:\/\/fmp-components.com\/?post_type=product&#038;p=7721"},"modified":"2025-04-03T05:54:27","modified_gmt":"2025-04-03T05:54:27","slug":"internal-planetary-gear","status":"publish","type":"product","link":"https:\/\/fmp-components.com\/sl\/product\/internal-planetary-gear\/","title":{"rendered":"Notranji planetarni zobnik"},"content":{"rendered":"<h2>Notranji planetarni zobniki: Natan\u010dnost in mo\u010d podjetja FMP<\/h2>\n<p>Notranja planetarna gonila, klju\u010dni sestavni del planetarnih zobni\u0161kih mehanizmov, so znana po svoji sposobnosti zagotavljanja visokega navora in natan\u010dnega zmanj\u0161anja hitrosti v kompaktnih izvedbah. Ti sistemi imajo osrednje son\u010dno zobni\u0161ko kolo, kro\u017ene planetarne zobnike in notranji venec, ki se notranje ujema s planetarnimi zobniki. Zaradi te edinstvene konfiguracije so notranja planetarna gonila bistvena za industrije po vsej Italiji, od avtomobilskih delavnic v Milanu do strojnih sredi\u0161\u010d v Bologni. V podjetju FMP smo specializirani za izdelavo teh naprednih zobni\u0161kih sistemov in ponujamo prilagojene re\u0161itve, ki ustrezajo raznolikim potrebam na\u0161ih strank.<\/p>\n<div>\n<h3>Kaj so notranji planetarni zobniki?<\/h3>\n<p class=\"break-words\">Notranji planetarni zobni\u0161ki sistem je sestavljen iz:<\/p>\n<ul class=\"marker:text-secondary\">\n<li class=\"break-words\"><strong>Son\u010dna oprema<\/strong>Osrednji zobnik, ki poganja mehanizem.<\/li>\n<li class=\"break-words\"><strong>Planetarni zobniki<\/strong>Zobniki, ki kro\u017eijo okoli son\u010dnega zobnika in so povezani z nosilcem.<\/li>\n<li class=\"break-words\"><strong>Notranji zobnik (obro\u010d)<\/strong>Zobnik z zobmi na notranji povr\u0161ini, ki se ujame v planetarna zobnika.<\/li>\n<\/ul>\n<p class=\"break-words\">Za razliko od zunanjih zobni\u0161kih sistemov zasnova notranjega zobnika omogo\u010da vi\u0161ja redukcijska razmerja na manj\u0161em odtisu, zaradi \u010desar je idealen za aplikacije, ki zahtevajo u\u010dinkovitost mo\u010di in prostora. Z name\u0161\u010danjem razli\u010dnih komponent (kot sta notranji zobnik ali nosilec) lahko sistem dose\u017ee razli\u010dna redukcijska razmerja, kar in\u017eenirjem povsod zagotavlja prilagodljivost.<\/p>\n<\/div>\n<h3>Specifikacija<\/h3>\n<table style=\"width: 100%;\" border=\"1\" width=\"100%\" cellspacing=\"0\" cellpadding=\"0\">\n<tbody>\n<tr>\n<td width=\"80\">\u0160tevilka modela<\/td>\n<td width=\"531\">M3, M4, M5, M8, M12 itd.<\/td>\n<\/tr>\n<tr>\n<td width=\"80\">Material<\/td>\n<td width=\"531\">Medenina, jeklo C45, nerjave\u010de jeklo, baker, POM, aluminij, zlitina in tako naprej<\/td>\n<\/tr>\n<tr>\n<td rowspan=\"2\" width=\"80\">Povr\u0161inska obdelava<\/td>\n<td width=\"531\">Pocinkano, ponikljano, pasivizacija, oksidacija, anodizacija,<\/td>\n<\/tr>\n<tr>\n<td width=\"531\">Geomet, Dacromet, \u010drni oksid, fosfatiranje, pra\u0161no barvanje in elektroforeza<\/td>\n<\/tr>\n<tr>\n<td width=\"80\">Standardno<\/td>\n<td width=\"531\">ISO, DIN, ANSI, JIS, BS in nestandardni.<\/td>\n<\/tr>\n<tr>\n<td width=\"80\">Natan\u010dnost<\/td>\n<td width=\"531\">DIN6, DIN7, DIN8, DIN9.<\/td>\n<\/tr>\n<tr>\n<td width=\"80\">Zdravljenje zob<\/td>\n<td width=\"531\">Kaljeno, rezkano ali bru\u0161eno<\/td>\n<\/tr>\n<tr>\n<td width=\"80\">Toleranca<\/td>\n<td width=\"531\">0,001 mm\u20130,01 mm\u20130,1 mm<\/td>\n<\/tr>\n<tr>\n<td width=\"80\">Kon\u010daj<\/td>\n<td width=\"531\">peskanje\/peskanje, toplotna obdelava, \u017earjenje, popu\u0161\u010danje, poliranje, eloksiranje, pocinkanje<\/td>\n<\/tr>\n<tr>\n<td width=\"80\">Pakiranje predmetov<\/td>\n<td width=\"531\">Plasti\u010dna vre\u010dka + \u0161katle ali lesena embala\u017ea<\/td>\n<\/tr>\n<tr>\n<td width=\"80\">\u010cas proizvodnje<\/td>\n<td width=\"531\">20 delovnih dni za vzorec, 25 dni za ve\u010dji del<\/td>\n<\/tr>\n<tr>\n<td rowspan=\"8\" width=\"80\">Uporaba<\/td>\n<td width=\"531\">1. Avtomatski krmilni stroj<\/td>\n<\/tr>\n<tr>\n<td width=\"531\">2. Polprevodni\u0161ka industrija<\/td>\n<\/tr>\n<tr>\n<td width=\"531\">3. Stroji za splo\u0161no industrijo<\/td>\n<\/tr>\n<tr>\n<td width=\"531\">4. Medicinska oprema<\/td>\n<\/tr>\n<tr>\n<td width=\"531\">5. Oprema za son\u010dno energijo<\/td>\n<\/tr>\n<tr>\n<td width=\"531\">6. Strojno orodje<\/td>\n<\/tr>\n<tr>\n<td width=\"531\">7. Parkirni sistem<\/td>\n<\/tr>\n<tr>\n<td width=\"531\">8. Oprema za hitri \u017eelezni\u0161ki in letalski promet itd.<\/td>\n<\/tr>\n<\/tbody>\n<\/table>\n<div>\n<h3>Zakaj izbrati notranje planetarne zobnike?<\/h3>\n<p class=\"break-words\">Prednosti notranjih planetarnih zobnikov vklju\u010dujejo:<\/p>\n<ul class=\"marker:text-secondary\">\n<li class=\"break-words\"><strong>Visoka redukcijska razmerja<\/strong>Dose\u017eeno z interakcijo notranjega zobnika s planetnimi zobniki.<\/li>\n<li class=\"break-words\"><strong>Kompaktna velikost<\/strong>: Idealno za aplikacije z omejenim prostorom.<\/li>\n<li class=\"break-words\"><strong>Robusten navor<\/strong>Idealno za te\u017eka opravila.<\/li>\n<li class=\"break-words\"><strong>Vsestranskost<\/strong>Nastavljive konfiguracije ustrezajo razli\u010dnim potrebam.<\/li>\n<\/ul>\n<p class=\"break-words\">Za podjetja v avtomobilskem sektorju Milana ali industrijskih conah Firenc se te prednosti odra\u017eajo v ve\u010dji u\u010dinkovitosti in vzdr\u017eljivosti.<\/p>\n<h2>FMP: Va\u0161 strokovnjak za notranje planetarne zobnike v Italiji<\/h2>\n<p class=\"break-words\">V podjetju FMP smo ponosni, da smo vodilni proizvajalec notranjih planetarnih zobnikov, ki slu\u017ei strankam od Benetk do Bologne. Na\u0161a ponudba vklju\u010duje:<\/p>\n<ul class=\"marker:text-secondary\">\n<li class=\"break-words\"><strong>Raznolika ponudba<\/strong>Izdelujemo razli\u010dne vrste notranjih planetarnih zobnikov, od standardnih izvedb do kompleksnih sistemov.<\/li>\n<li class=\"break-words\"><strong>Prilagoditev<\/strong>Potrebujete re\u0161itev po meri? Na\u0161i in\u017eenirji lahko zasnujejo in izdelajo notranje planetarne zobnike po meri, prilagojene va\u0161im specifikacijam.<\/li>\n<li class=\"break-words\"><strong>Natan\u010dna izdelava<\/strong>Z uporabo napredne tehnologije zagotavljamo, da vsaka oprema izpolnjuje stroge standarde kakovosti.<\/li>\n<\/ul>\n<table style=\"width: 100.875%; height: 89px;\" border=\"0\" width=\"240\" cellspacing=\"0\" cellpadding=\"0\">\n<tbody>\n<tr>\n<td width=\"80\" height=\"24\"><img loading=\"lazy\" decoding=\"async\" class=\"size-full wp-image-7717 aligncenter\" src=\"https:\/\/fmp-components.com\/wp-content\/uploads\/2025\/04\/Planetary-Gear-set-factory-2-scaled.webp\" sizes=\"(min-width: 0px) and (max-width: 480px) 480px, (min-width: 481px) and (max-width: 980px) 980px, (min-width: 981px) and (max-width: 1280px) 1280px, (min-width: 1281px) 2560px, 100vw\" srcset=\"https:\/\/fmp-components.com\/wp-content\/uploads\/2025\/04\/Planetary-Gear-set-factory-2-scaled.webp 2560w, https:\/\/fmp-components.com\/wp-content\/uploads\/2025\/04\/Planetary-Gear-set-factory-2-1280x1280.webp 1280w, https:\/\/fmp-components.com\/wp-content\/uploads\/2025\/04\/Planetary-Gear-set-factory-2-980x980.webp 980w, https:\/\/fmp-components.com\/wp-content\/uploads\/2025\/04\/Planetary-Gear-set-factory-2-480x480.webp 480w\" alt=\"\u884c\u661f\u9f7f\u8f6e\u7ec4\u5de5\u5382\" width=\"2560\" height=\"2560\" title=\"\"><\/td>\n<td width=\"80\"><img loading=\"lazy\" decoding=\"async\" class=\"size-full wp-image-7718 aligncenter\" src=\"https:\/\/fmp-components.com\/wp-content\/uploads\/2025\/04\/Planetary-Gear-set-factory-4.webp\" sizes=\"(min-width: 0px) and (max-width: 480px) 480px, (min-width: 481px) 600px, 100vw\" srcset=\"https:\/\/fmp-components.com\/wp-content\/uploads\/2025\/04\/Planetary-Gear-set-factory-4.webp 600w, https:\/\/fmp-components.com\/wp-content\/uploads\/2025\/04\/Planetary-Gear-set-factory-4-480x480.webp 480w\" alt=\"\u884c\u661f\u9f7f\u8f6e\u7ec4\u5de5\u5382\" width=\"600\" height=\"600\" title=\"\"><\/td>\n<td width=\"80\"><strong><img loading=\"lazy\" decoding=\"async\" class=\"size-full wp-image-7719 aligncenter\" src=\"https:\/\/fmp-components.com\/wp-content\/uploads\/2025\/04\/Planetary-Gear-set-factory-1-scaled.webp\" sizes=\"(min-width: 0px) and (max-width: 480px) 480px, (min-width: 481px) and (max-width: 980px) 980px, (min-width: 981px) and (max-width: 1280px) 1280px, (min-width: 1281px) 2560px, 100vw\" srcset=\"https:\/\/fmp-components.com\/wp-content\/uploads\/2025\/04\/Planetary-Gear-set-factory-1-scaled.webp 2560w, https:\/\/fmp-components.com\/wp-content\/uploads\/2025\/04\/Planetary-Gear-set-factory-1-1280x1280.webp 1280w, https:\/\/fmp-components.com\/wp-content\/uploads\/2025\/04\/Planetary-Gear-set-factory-1-980x980.webp 980w, https:\/\/fmp-components.com\/wp-content\/uploads\/2025\/04\/Planetary-Gear-set-factory-1-480x480.webp 480w\" alt=\"\u884c\u661f\u9f7f\u8f6e\u7ec4\u5de5\u5382\" width=\"2560\" height=\"2560\" title=\"\"><\/strong><\/td>\n<\/tr>\n<\/tbody>\n<\/table>\n<\/div>","protected":false},"excerpt":{"rendered":"<p>Internal Planetary Gears: Precision and Power by FMP Internal planetary gears, a vital component of planetary gear mechanisms, are renowned for their ability to deliver high torque and precise speed reduction in compact designs. These systems feature a central sun gear, orbiting planet gears, and an internal ring gear that meshes internally with the planet [&hellip;]<\/p>","protected":false},"featured_media":4625,"comment_status":"open","ping_status":"closed","template":"","meta":{"_et_pb_use_builder":"","_et_pb_old_content":"","_et_gb_content_width":""},"product_brand":[],"product_cat":[113],"product_tag":[],"class_list":{"0":"post-7721","1":"product","2":"type-product","3":"status-publish","4":"has-post-thumbnail","6":"product_cat-planetary-gear","8":"first","9":"instock","10":"shipping-taxable","11":"product-type-simple"},"_links":{"self":[{"href":"https:\/\/fmp-components.com\/sl\/wp-json\/wp\/v2\/product\/7721","targetHints":{"allow":["GET"]}}],"collection":[{"href":"https:\/\/fmp-components.com\/sl\/wp-json\/wp\/v2\/product"}],"about":[{"href":"https:\/\/fmp-components.com\/sl\/wp-json\/wp\/v2\/types\/product"}],"replies":[{"embeddable":true,"href":"https:\/\/fmp-components.com\/sl\/wp-json\/wp\/v2\/comments?post=7721"}],"wp:featuredmedia":[{"embeddable":true,"href":"https:\/\/fmp-components.com\/sl\/wp-json\/wp\/v2\/media\/4625"}],"wp:attachment":[{"href":"https:\/\/fmp-components.com\/sl\/wp-json\/wp\/v2\/media?parent=7721"}],"wp:term":[{"taxonomy":"product_brand","embeddable":true,"href":"https:\/\/fmp-components.com\/sl\/wp-json\/wp\/v2\/product_brand?post=7721"},{"taxonomy":"product_cat","embeddable":true,"href":"https:\/\/fmp-components.com\/sl\/wp-json\/wp\/v2\/product_cat?post=7721"},{"taxonomy":"product_tag","embeddable":true,"href":"https:\/\/fmp-components.com\/sl\/wp-json\/wp\/v2\/product_tag?post=7721"}],"curies":[{"name":"delovni list","href":"https:\/\/api.w.org\/{rel}","templated":true}]}}