{"id":7713,"date":"2025-04-03T05:19:05","date_gmt":"2025-04-03T05:19:05","guid":{"rendered":"https:\/\/fmp-components.com\/?post_type=product&#038;p=7713"},"modified":"2025-04-03T05:39:42","modified_gmt":"2025-04-03T05:39:42","slug":"planetary-gear-sets","status":"publish","type":"product","link":"https:\/\/fmp-components.com\/sl\/product\/planetary-gear-sets\/","title":{"rendered":"Planetni zobniki"},"content":{"rendered":"<div>\n<h2>Osnove planetarnih zobnikov<\/h2>\n<p class=\"break-words\">Planetarni zobniki, znani tudi kot epicikli\u010dni zobni\u0161ki sistemi, so temelj sodobnega strojni\u0161tva. V svojem jedru so ti sistemi sestavljeni iz osrednjega son\u010dnega zobnika, kro\u017enih planetnih zobnikov, name\u0161\u010denih na nosilcu, in zunanjega zobni\u0161kega venca. Ta edinstvena razporeditev omogo\u010da planetnim zobnikom izjemen navor, zmanj\u0161anje hitrosti in u\u010dinkovitost v kompaktni zasnovi. Ne glede na to, ali ste v Milanu, Benetkah, Firencah ali Bologni, se industrije po vsej Italiji zana\u0161ajo na te robustne sisteme za uporabo, od avtomobilskih menjalnikov do industrijskih strojev.<\/p>\n<p class=\"break-words\">V podjetju FMP smo specializirani za proizvodnjo visokokakovostnih planetarnih zobnikov, prilagojenih razli\u010dnim potrebam. Z zavezanostjo k natan\u010dnosti in inovacijam slu\u017eimo strankam po vsej Italiji in drugod ter zagotavljamo vrhunsko zmogljivost vsakega zobnika, ki ga izdelamo.<\/p>\n<\/div>\n<p><img loading=\"lazy\" decoding=\"async\" class=\"size-full wp-image-7714 aligncenter\" src=\"https:\/\/fmp-components.com\/wp-content\/uploads\/2025\/04\/Planetary-Gear-set-1.webp\" alt=\"Planetni zobnik\" width=\"943\" height=\"634\" title=\"\" srcset=\"https:\/\/fmp-components.com\/wp-content\/uploads\/2025\/04\/Planetary-Gear-set-1.webp 943w, https:\/\/fmp-components.com\/wp-content\/uploads\/2025\/04\/Planetary-Gear-set-1-480x323.webp 480w\" sizes=\"(min-width: 0px) and (max-width: 480px) 480px, (min-width: 481px) 943px, 100vw\" \/><\/p>\n<div>\n<h4>Kaj so planetarni zobniki?<\/h4>\n<p class=\"break-words\">Planetni zobni\u0161ki sklop deluje s tremi klju\u010dnimi komponentami:<\/p>\n<ul class=\"marker:text-secondary\">\n<li class=\"break-words\"><strong>Son\u010dna oprema<\/strong>Osrednji zobnik (pogosto upodobljen rumeno), ki poganja sistem.<\/li>\n<li class=\"break-words\"><strong>Planetarni zobniki<\/strong>Ve\u010d zobnikov (obi\u010dajno modrih), ki kro\u017eijo okoli son\u010dnega zobnika, name\u0161\u010denega na premi\u010dnem nosilcu (zelenem).<\/li>\n<li class=\"break-words\"><strong>Obro\u010d zobnika<\/strong>Zunanji zobnik (roza), ki se ujema s planetnimi zobniki in obdaja sistem.<\/li>\n<\/ul>\n<p class=\"break-words\">Ta konfiguracija omogo\u010da vsestranska prestavna razmerja in visok navor, zaradi \u010desar so planetarni zobniki idealni za aplikacije, kjer sta prostor in te\u017ea klju\u010dnega pomena. Od preprostih zasnov do kompleksnih sestavljenih sistemov, njihova prilagodljivost ustreza \u0161irokemu spektru industrij.<\/p>\n<h4>Uporaba planetarnih zobnikov<\/h4>\n<p class=\"break-words\">Planetni zobniki se pogosto uporabljajo po vsej Italiji, od industrijskih sredi\u0161\u010d Milana in Bologne do in\u017eenirskih delavnic Firenc in Benetk. Zaradi svoje sposobnosti, da v kompaktni obliki znatno zmanj\u0161ajo hitrost in navor, so bistveni pri:<\/p>\n<ul class=\"marker:text-secondary\">\n<li class=\"break-words\"><strong>Avtomobilska in terenska vozila<\/strong>Najdemo ga v avtomatskih menjalnikih in pogonskih kolesih.<\/li>\n<li class=\"break-words\"><strong>Industrijski stroji<\/strong>Pogon transporterjev, me\u0161alnikov in gozdarske opreme.<\/li>\n<li class=\"break-words\"><strong>Potro\u0161ni\u0161ki izdelki<\/strong>Uporablja se v elektri\u010dnih izvija\u010dih in menjalnikih koles.<\/li>\n<li class=\"break-words\"><strong>Uporaba v te\u017ekih pogojih<\/strong>Podpora traktorjem, gradbeni opremi in turbinskim motorjem.<\/li>\n<\/ul>\n<p class=\"break-words\">Delitev obremenitve pri ve\u010d planetnih zobnikih zagotavlja vzdr\u017eljivost in odpornost proti obrabi, kar italijanski proizvajalci in in\u017eenirji v mestih, kot sta Milano in Bologna, \u0161e posebej cenijo pri obratovanju z visokimi obremenitvami.<\/p>\n<div>\n<h4>Zakaj izbrati planetarne zobnike?<\/h4>\n<p class=\"break-words\">Prednosti planetarnih zobnikov so o\u010ditne:<\/p>\n<ul class=\"marker:text-secondary\">\n<li class=\"break-words\"><strong>Visoka gostota navora<\/strong>Ve\u010d planetnih zobnikov porazdeli obremenitev in tako pove\u010da izhodno mo\u010d.<\/li>\n<li class=\"break-words\"><strong>Kompaktna zasnova<\/strong>Idealno za aplikacije z omejenim prostorom.<\/li>\n<li class=\"break-words\"><strong>Vzdr\u017eljivost<\/strong>Enakomerna porazdelitev obremenitve podalj\u0161a \u017eivljenjsko dobo zobnika.<\/li>\n<li class=\"break-words\"><strong>Prilagodljivost<\/strong>Prestavna razmerja z enostavno nastavitvijo nosilca ali son\u010dnega zobnika.<\/li>\n<\/ul>\n<p class=\"break-words\">Za podjetja v Benetkah ali Firencah, ki \u017eelijo optimizirati delovanje strojev, se te prednosti odra\u017eajo v u\u010dinkovitosti in zanesljivosti, kar zmanj\u0161uje izpade in stro\u0161ke vzdr\u017eevanja.<\/p>\n<p><img loading=\"lazy\" decoding=\"async\" class=\"wp-image-7716 aligncenter\" src=\"https:\/\/fmp-components.com\/wp-content\/uploads\/2025\/04\/Planetary-Gear-set-2.webp\" alt=\"Planetni zobnik\" width=\"809\" height=\"539\" title=\"\" srcset=\"https:\/\/fmp-components.com\/wp-content\/uploads\/2025\/04\/Planetary-Gear-set-2.webp 809w, https:\/\/fmp-components.com\/wp-content\/uploads\/2025\/04\/Planetary-Gear-set-2-480x320.webp 480w\" sizes=\"(min-width: 0px) and (max-width: 480px) 480px, (min-width: 481px) 809px, 100vw\" \/><\/p>\n<h4>FMP: Va\u0161 zaupanja vreden proizvajalec planetnih zobnikov v Italiji<\/h4>\n<p class=\"break-words\">V podjetju FMP smo ponosni, da smo vodilni proizvajalec planetarnih zobnikov, ki slu\u017ei strankam po vsej Italiji in po vsem svetu. Na podlagi na\u0161ega bogatega in\u017eenirskega znanja ponujamo:<\/p>\n<ul class=\"marker:text-secondary\">\n<li class=\"break-words\"><strong>Raznolikost vrst<\/strong>Od standardnih modelov do kompleksnih sestavljenih sistemov, izdelujemo planetarne zobnike za vse aplikacije.<\/li>\n<li class=\"break-words\"><strong>Prilagoditev<\/strong>Potrebujete specifi\u010dno konfiguracijo? Na\u0161i usposobljeni in\u017eenirji v Italiji lahko zasnujejo in izdelajo planetarne zobnike po meri, ki natan\u010dno ustrezajo va\u0161im specifikacijam.<\/li>\n<li class=\"break-words\"><strong>Precizna proizvodnja<\/strong>Z uporabo naprednih tehnik zagotavljamo, da vsaka oprema izpolnjuje najvi\u0161je standarde kakovosti in zmogljivosti.<\/li>\n<\/ul>\n<p class=\"break-words\">Ne glede na to, ali ste v \u017eivahnem industrijskem sektorju Milana, inovativnih delavnicah Benetk, strojnih sredi\u0161\u010dih Bologne ali obrtni\u0161kih in\u017eenirskih prostorih Firenc, je FMP va\u0161 nepogre\u0161ljiv partner za re\u0161itve planetarnih gonil.<\/p>\n<table style=\"border-collapse: collapse; width: 101.625%; height: 50px;\" border=\"0\" width=\"240\" cellspacing=\"0\" cellpadding=\"0\">\n<tbody>\n<tr style=\"height: 14.40pt;\">\n<td style=\"height: 14.40pt; width: 48.00pt;\" width=\"80\" height=\"24\"><img loading=\"lazy\" decoding=\"async\" class=\"size-full wp-image-7717 aligncenter\" src=\"https:\/\/fmp-components.com\/wp-content\/uploads\/2025\/04\/Planetary-Gear-set-factory-2-scaled.webp\" alt=\"Tovarna planetarnih zobnikov\" width=\"2560\" height=\"2560\" title=\"\" srcset=\"https:\/\/fmp-components.com\/wp-content\/uploads\/2025\/04\/Planetary-Gear-set-factory-2-scaled.webp 2560w, https:\/\/fmp-components.com\/wp-content\/uploads\/2025\/04\/Planetary-Gear-set-factory-2-1280x1280.webp 1280w, https:\/\/fmp-components.com\/wp-content\/uploads\/2025\/04\/Planetary-Gear-set-factory-2-980x980.webp 980w, https:\/\/fmp-components.com\/wp-content\/uploads\/2025\/04\/Planetary-Gear-set-factory-2-480x480.webp 480w\" sizes=\"(min-width: 0px) and (max-width: 480px) 480px, (min-width: 481px) and (max-width: 980px) 980px, (min-width: 981px) and (max-width: 1280px) 1280px, (min-width: 1281px) 2560px, 100vw\" \/><\/td>\n<td style=\"width: 48.00pt;\" width=\"80\"><img loading=\"lazy\" decoding=\"async\" class=\"size-full wp-image-7718 aligncenter\" src=\"https:\/\/fmp-components.com\/wp-content\/uploads\/2025\/04\/Planetary-Gear-set-factory-4.webp\" alt=\"Tovarna planetarnih zobnikov\" width=\"600\" height=\"600\" title=\"\" srcset=\"https:\/\/fmp-components.com\/wp-content\/uploads\/2025\/04\/Planetary-Gear-set-factory-4.webp 600w, https:\/\/fmp-components.com\/wp-content\/uploads\/2025\/04\/Planetary-Gear-set-factory-4-480x480.webp 480w\" sizes=\"(min-width: 0px) and (max-width: 480px) 480px, (min-width: 481px) 600px, 100vw\" \/><\/td>\n<td style=\"width: 48.00pt;\" width=\"80\"><strong><img loading=\"lazy\" decoding=\"async\" class=\"size-full wp-image-7719 aligncenter\" src=\"https:\/\/fmp-components.com\/wp-content\/uploads\/2025\/04\/Planetary-Gear-set-factory-1-scaled.webp\" alt=\"Tovarna planetarnih zobnikov\" width=\"2560\" height=\"2560\" title=\"\" srcset=\"https:\/\/fmp-components.com\/wp-content\/uploads\/2025\/04\/Planetary-Gear-set-factory-1-scaled.webp 2560w, https:\/\/fmp-components.com\/wp-content\/uploads\/2025\/04\/Planetary-Gear-set-factory-1-1280x1280.webp 1280w, https:\/\/fmp-components.com\/wp-content\/uploads\/2025\/04\/Planetary-Gear-set-factory-1-980x980.webp 980w, https:\/\/fmp-components.com\/wp-content\/uploads\/2025\/04\/Planetary-Gear-set-factory-1-480x480.webp 480w\" sizes=\"(min-width: 0px) and (max-width: 480px) 480px, (min-width: 481px) and (max-width: 980px) 980px, (min-width: 981px) and (max-width: 1280px) 1280px, (min-width: 1281px) 2560px, 100vw\" \/><\/strong><\/td>\n<\/tr>\n<\/tbody>\n<\/table>\n<\/div>\n<\/div>","protected":false},"excerpt":{"rendered":"<p>The Fundamentals of Planetary Gear Sets Planetary gear sets, also known as epicyclic gear systems, are a cornerstone of modern mechanical engineering. At their core, these systems consist of a central sun gear, orbiting planet gears mounted on a carrier, and an outer ring gear. This unique arrangement allows planetary gear sets to deliver exceptional [&hellip;]<\/p>","protected":false},"featured_media":7720,"comment_status":"open","ping_status":"closed","template":"","meta":{"_et_pb_use_builder":"","_et_pb_old_content":"","_et_gb_content_width":""},"product_brand":[],"product_cat":[113],"product_tag":[],"class_list":{"0":"post-7713","1":"product","2":"type-product","3":"status-publish","4":"has-post-thumbnail","6":"product_cat-planetary-gear","8":"first","9":"instock","10":"shipping-taxable","11":"product-type-simple"},"_links":{"self":[{"href":"https:\/\/fmp-components.com\/sl\/wp-json\/wp\/v2\/product\/7713","targetHints":{"allow":["GET"]}}],"collection":[{"href":"https:\/\/fmp-components.com\/sl\/wp-json\/wp\/v2\/product"}],"about":[{"href":"https:\/\/fmp-components.com\/sl\/wp-json\/wp\/v2\/types\/product"}],"replies":[{"embeddable":true,"href":"https:\/\/fmp-components.com\/sl\/wp-json\/wp\/v2\/comments?post=7713"}],"wp:featuredmedia":[{"embeddable":true,"href":"https:\/\/fmp-components.com\/sl\/wp-json\/wp\/v2\/media\/7720"}],"wp:attachment":[{"href":"https:\/\/fmp-components.com\/sl\/wp-json\/wp\/v2\/media?parent=7713"}],"wp:term":[{"taxonomy":"product_brand","embeddable":true,"href":"https:\/\/fmp-components.com\/sl\/wp-json\/wp\/v2\/product_brand?post=7713"},{"taxonomy":"product_cat","embeddable":true,"href":"https:\/\/fmp-components.com\/sl\/wp-json\/wp\/v2\/product_cat?post=7713"},{"taxonomy":"product_tag","embeddable":true,"href":"https:\/\/fmp-components.com\/sl\/wp-json\/wp\/v2\/product_tag?post=7713"}],"curies":[{"name":"delovni list","href":"https:\/\/api.w.org\/{rel}","templated":true}]}}