{"id":7653,"date":"2025-04-02T07:39:15","date_gmt":"2025-04-02T07:39:15","guid":{"rendered":"https:\/\/fmp-components.com\/?post_type=product&#038;p=7653"},"modified":"2025-04-02T08:44:40","modified_gmt":"2025-04-02T08:44:40","slug":"bevel-gear-set","status":"publish","type":"product","link":"https:\/\/fmp-components.com\/sl\/product\/bevel-gear-set\/","title":{"rendered":"Komplet sto\u017e\u010dastih zobnikov"},"content":{"rendered":"<div>\n<h2>Komplet sto\u017e\u010dastih zobnikov: Visokokakovostne re\u0161itve FMP za vsako potrebo<\/h2>\n<p class=\"break-words\">Sto\u017e\u010dasti zobniki so bistveni sestavni deli sistemov za prenos gibanja, ki se uporabljajo za prenos mo\u010di med sekajo\u010dima se osma, pogosto pod kotom 90 stopinj. Zaradi svoje vsestranskosti se uporabljajo v razli\u010dnih sektorjih, od avtomobilske do predelovalne industrije. V podjetju FMP smo ponosni na to, da ponujamo celovito paleto sto\u017e\u010dastih zobnikov, v celoti izdelanih v Italiji, ki zdru\u017eujejo vrhunsko kakovost z mo\u017enostmi prilagoditve, da zadostijo vsem zahtevam.<\/p>\n<\/div>\n<p><img loading=\"lazy\" decoding=\"async\" class=\"size-full wp-image-7654 alignnone\" src=\"https:\/\/fmp-components.com\/wp-content\/uploads\/2025\/04\/coppia-conica.webp\" alt=\"coppia conica\" width=\"1400\" height=\"700\" title=\"\" srcset=\"https:\/\/fmp-components.com\/wp-content\/uploads\/2025\/04\/coppia-conica.webp 1400w, https:\/\/fmp-components.com\/wp-content\/uploads\/2025\/04\/coppia-conica-1280x640.webp 1280w, https:\/\/fmp-components.com\/wp-content\/uploads\/2025\/04\/coppia-conica-980x490.webp 980w, https:\/\/fmp-components.com\/wp-content\/uploads\/2025\/04\/coppia-conica-480x240.webp 480w\" sizes=\"(min-width: 0px) and (max-width: 480px) 480px, (min-width: 481px) and (max-width: 980px) 980px, (min-width: 981px) and (max-width: 1280px) 1280px, (min-width: 1281px) 1400px, 100vw\" \/><\/p>\n<div>\n<h3>Vrste sto\u017e\u010dastih zobnikov, ki jih proizvaja FMP<\/h3>\n<p class=\"break-words\">FMP ponuja \u0161iroko paleto sto\u017e\u010dastih zobnikov, zasnovanih za zadovoljevanje razli\u010dnih tehni\u010dnih potreb:<\/p>\n<ul class=\"marker:text-secondary\">\n<li class=\"break-words\"><strong>Standardni kompleti sto\u017e\u010dastih zobnikov:<\/strong> Na voljo od modula 1 do modula 5, z ravnimi ali vija\u010dnimi zobmi iz jekla C45 E. Ti sto\u017e\u010dasti zobniki so skladni s standardi UNI 6588 (tip A) in imajo predhodno izvrtane luknje za la\u017ejo obdelavo. Idealni so za aplikacije, ki zahtevajo prestavna razmerja od 1:1 do 1:4.<\/li>\n<li class=\"break-words\"><strong>Prilagojeni sto\u017e\u010dasti zobniki:<\/strong> Za stranke s posebnimi potrebami ponujamo mo\u017enost oblikovanja sto\u017e\u010dastih zobnikov s prilagojenimi zobmi, materiali in povr\u0161insko obdelavo, prilagojenimi najbolj edinstvenim zahtevam.<\/li>\n<\/ul>\n<p class=\"break-words\">Ne glede na to, ali gre za avtomobilski diferencial ali kompleksen industrijski sistem, na\u0161i sto\u017e\u010dasti zobniki zagotavljajo zanesljivo in dolgotrajno delovanje.<\/p>\n<p><img loading=\"lazy\" decoding=\"async\" class=\"size-full wp-image-7656 aligncenter\" src=\"https:\/\/fmp-components.com\/wp-content\/uploads\/2025\/04\/coppia-conica-1.webp\" alt=\"coppia conica\" width=\"1600\" height=\"800\" title=\"\" srcset=\"https:\/\/fmp-components.com\/wp-content\/uploads\/2025\/04\/coppia-conica-1.webp 1600w, https:\/\/fmp-components.com\/wp-content\/uploads\/2025\/04\/coppia-conica-1-1280x640.webp 1280w, https:\/\/fmp-components.com\/wp-content\/uploads\/2025\/04\/coppia-conica-1-980x490.webp 980w, https:\/\/fmp-components.com\/wp-content\/uploads\/2025\/04\/coppia-conica-1-480x240.webp 480w\" sizes=\"(min-width: 0px) and (max-width: 480px) 480px, (min-width: 481px) and (max-width: 980px) 980px, (min-width: 981px) and (max-width: 1280px) 1280px, (min-width: 1281px) 1600px, 100vw\" \/><\/p>\n<h3>Nekatere specifikacije izdelka<\/h3>\n<h4>Razmerje 3:1<\/h4>\n<table style=\"width: 100%; height: 369px;\" border=\"1\" width=\"100%\" cellspacing=\"0\" cellpadding=\"0\">\n<tbody>\n<tr style=\"height: 47px;\">\n<td style=\"height: 47px;\" width=\"80\">Modul<\/td>\n<td style=\"height: 47px;\" width=\"80\">\u0160tevilo zob<\/td>\n<td style=\"height: 47px;\" width=\"80\">da<br \/>\n(mm)<\/td>\n<td style=\"height: 47px;\" width=\"80\">d<br \/>\n(mm)<\/td>\n<td style=\"height: 47px;\" width=\"80\">ND<br \/>\n(mm)<\/td>\n<td style=\"height: 47px;\" width=\"80\">Nizozemska<br \/>\n(mm)<\/td>\n<td style=\"height: 47px;\" width=\"80\">L1<br \/>\n(mm)<\/td>\n<td style=\"height: 47px;\" width=\"80\">L<br \/>\n(mm)<\/td>\n<td style=\"height: 47px;\" width=\"80\">S1) (mm)<\/td>\n<td style=\"height: 47px;\" width=\"80\">b<br \/>\n(mm)<\/td>\n<td style=\"height: 47px;\" width=\"80\">BH7 (mm)<\/td>\n<td style=\"height: 47px;\" width=\"80\">E<br \/>\n(mm)<\/td>\n<td style=\"height: 47px;\" width=\"80\">Navor* (Nm)<\/td>\n<td style=\"height: 47px;\" width=\"80\">Te\u017ea g\/par<\/td>\n<\/tr>\n<tr style=\"height: 23px;\">\n<td style=\"height: 46px;\" rowspan=\"2\" width=\"80\">0,6<\/td>\n<td style=\"height: 23px;\" width=\"80\">20<\/td>\n<td style=\"height: 23px;\" width=\"80\">19<\/td>\n<td style=\"height: 23px;\" width=\"80\">18<\/td>\n<td style=\"height: 23px;\" width=\"80\">15<\/td>\n<td style=\"height: 23px;\" width=\"80\">7<\/td>\n<td style=\"height: 23px;\" width=\"80\">17,<\/td>\n<td style=\"height: 23px;\" width=\"80\">17,7<\/td>\n<td style=\"height: 23px;\" width=\"80\">8,2<\/td>\n<td style=\"height: 23px;\" width=\"80\">10<\/td>\n<td style=\"height: 23px;\" width=\"80\">6<\/td>\n<td style=\"height: 23px;\" width=\"80\">35<\/td>\n<td style=\"height: 23px;\" width=\"80\">2<\/td>\n<td style=\"height: 23px;\" width=\"80\">175<\/td>\n<\/tr>\n<tr style=\"height: 23px;\">\n<td style=\"height: 23px;\" width=\"80\">60<\/td>\n<td style=\"height: 23px;\" width=\"80\">54,<\/td>\n<td style=\"height: 23px;\" width=\"80\">54<\/td>\n<td style=\"height: 23px;\" width=\"80\">45<\/td>\n<td style=\"height: 23px;\" width=\"80\">8<\/td>\n<td style=\"height: 23px;\" width=\"80\">16<\/td>\n<td style=\"height: 23px;\" width=\"80\">1<\/td>\n<td style=\"height: 23px;\" width=\"80\">16<\/td>\n<td style=\"height: 23px;\" width=\"80\">10<\/td>\n<td style=\"height: 23px;\" width=\"80\">10<\/td>\n<td style=\"height: 23px;\" width=\"80\">2<\/td>\n<td style=\"height: 23px;\" width=\"80\">6,3<\/td>\n<td style=\"height: 23px;\" width=\"80\">175<\/td>\n<\/tr>\n<tr style=\"height: 23px;\">\n<td style=\"height: 46px;\" rowspan=\"2\" width=\"80\">1<\/td>\n<td style=\"height: 23px;\" width=\"80\">16<\/td>\n<td style=\"height: 23px;\" width=\"80\">26,1<\/td>\n<td style=\"height: 23px;\" width=\"80\">2<\/td>\n<td style=\"height: 23px;\" width=\"80\">20<\/td>\n<td style=\"height: 23px;\" width=\"80\">8,3<\/td>\n<td style=\"height: 23px;\" width=\"80\">2<\/td>\n<td style=\"height: 23px;\" width=\"80\">22,6<\/td>\n<td style=\"height: 23px;\" width=\"80\">9<\/td>\n<td style=\"height: 23px;\" width=\"80\">14<\/td>\n<td style=\"height: 23px;\" width=\"80\">8<\/td>\n<td style=\"height: 23px;\" width=\"80\">45<\/td>\n<td style=\"height: 23px;\" width=\"80\">5<\/td>\n<td style=\"height: 23px;\" width=\"80\">380<\/td>\n<\/tr>\n<tr style=\"height: 23px;\">\n<td style=\"height: 23px;\" width=\"80\">48<\/td>\n<td style=\"height: 23px;\" width=\"80\">72,5<\/td>\n<td style=\"height: 23px;\" width=\"80\">72<\/td>\n<td style=\"height: 23px;\" width=\"80\">50<\/td>\n<td style=\"height: 23px;\" width=\"80\">8<\/td>\n<td style=\"height: 23px;\" width=\"80\">1<\/td>\n<td style=\"height: 23px;\" width=\"80\">21,3<\/td>\n<td style=\"height: 23px;\" width=\"80\">16,8<\/td>\n<td style=\"height: 23px;\" width=\"80\">14<\/td>\n<td style=\"height: 23px;\" width=\"80\">1<\/td>\n<td style=\"height: 23px;\" width=\"80\">28<\/td>\n<td style=\"height: 23px;\" width=\"80\">17,<\/td>\n<td style=\"height: 23px;\" width=\"80\">380<\/td>\n<\/tr>\n<tr style=\"height: 23px;\">\n<td style=\"height: 46px;\" rowspan=\"2\" width=\"80\">1,3<\/td>\n<td style=\"height: 23px;\" width=\"80\">11<\/td>\n<td style=\"height: 23px;\" width=\"80\">2<\/td>\n<td style=\"height: 23px;\" width=\"80\">22<\/td>\n<td style=\"height: 23px;\" width=\"80\">1<\/td>\n<td style=\"height: 23px;\" width=\"80\">6<\/td>\n<td style=\"height: 23px;\" width=\"80\">17<\/td>\n<td style=\"height: 23px;\" width=\"80\">17,<\/td>\n<td style=\"height: 23px;\" width=\"80\">7,5<\/td>\n<td style=\"height: 23px;\" width=\"80\">11<\/td>\n<td style=\"height: 23px;\" width=\"80\">8<\/td>\n<td style=\"height: 23px;\" width=\"80\">4<\/td>\n<td style=\"height: 23px;\" width=\"80\">7,7<\/td>\n<td style=\"height: 23px;\" width=\"80\">320<\/td>\n<\/tr>\n<tr style=\"height: 23px;\">\n<td style=\"height: 23px;\" width=\"80\">33<\/td>\n<td style=\"height: 23px;\" width=\"80\">6<\/td>\n<td style=\"height: 23px;\" width=\"80\">60<\/td>\n<td style=\"height: 23px;\" width=\"80\">4<\/td>\n<td style=\"height: 23px;\" width=\"80\">8<\/td>\n<td style=\"height: 23px;\" width=\"80\">1<\/td>\n<td style=\"height: 23px;\" width=\"80\">2<\/td>\n<td style=\"height: 23px;\" width=\"80\">16,9<\/td>\n<td style=\"height: 23px;\" width=\"80\">11<\/td>\n<td style=\"height: 23px;\" width=\"80\">12<\/td>\n<td style=\"height: 23px;\" width=\"80\">27<\/td>\n<td style=\"height: 23px;\" width=\"80\">23<\/td>\n<td style=\"height: 23px;\" width=\"80\">320<\/td>\n<\/tr>\n<tr style=\"height: 23px;\">\n<td style=\"height: 46px;\" rowspan=\"2\" width=\"80\">1,5<\/td>\n<td style=\"height: 23px;\" width=\"80\">10<\/td>\n<td style=\"height: 23px;\" width=\"80\">26,0<\/td>\n<td style=\"height: 23px;\" width=\"80\">22<\/td>\n<td style=\"height: 23px;\" width=\"80\">17<\/td>\n<td style=\"height: 23px;\" width=\"80\">8<\/td>\n<td style=\"height: 23px;\" width=\"80\">19<\/td>\n<td style=\"height: 23px;\" width=\"80\">20,1<\/td>\n<td style=\"height: 23px;\" width=\"80\">9,6<\/td>\n<td style=\"height: 23px;\" width=\"80\">11<\/td>\n<td style=\"height: 23px;\" width=\"80\">8<\/td>\n<td style=\"height: 23px;\" width=\"80\">42<\/td>\n<td style=\"height: 23px;\" width=\"80\">9,1<\/td>\n<td style=\"height: 23px;\" width=\"80\">380<\/td>\n<\/tr>\n<tr style=\"height: 23px;\">\n<td style=\"height: 23px;\" width=\"80\">30<\/td>\n<td style=\"height: 23px;\" width=\"80\">66,6<\/td>\n<td style=\"height: 23px;\" width=\"80\">66<\/td>\n<td style=\"height: 23px;\" width=\"80\">40<\/td>\n<td style=\"height: 23px;\" width=\"80\">8<\/td>\n<td style=\"height: 23px;\" width=\"80\">17<\/td>\n<td style=\"height: 23px;\" width=\"80\">21,3<\/td>\n<td style=\"height: 23px;\" width=\"80\">17,8<\/td>\n<td style=\"height: 23px;\" width=\"80\">11<\/td>\n<td style=\"height: 23px;\" width=\"80\">12<\/td>\n<td style=\"height: 23px;\" width=\"80\">28<\/td>\n<td style=\"height: 23px;\" width=\"80\">27,3<\/td>\n<td style=\"height: 23px;\" width=\"80\">380<\/td>\n<\/tr>\n<tr style=\"height: 23px;\">\n<td style=\"height: 46px;\" rowspan=\"2\" width=\"80\">22,291<\/td>\n<td style=\"height: 23px;\" width=\"80\">9<\/td>\n<td style=\"height: 23px;\" width=\"80\">36,5<\/td>\n<td style=\"height: 23px;\" width=\"80\">32<\/td>\n<td style=\"height: 23px;\" width=\"80\">22<\/td>\n<td style=\"height: 23px;\" width=\"80\">11<\/td>\n<td style=\"height: 23px;\" width=\"80\">24<\/td>\n<td style=\"height: 23px;\" width=\"80\">25,8<\/td>\n<td style=\"height: 23px;\" width=\"80\">15,4<\/td>\n<td style=\"height: 23px;\" width=\"80\">13<\/td>\n<td style=\"height: 23px;\" width=\"80\">8<\/td>\n<td style=\"height: 23px;\" width=\"80\">60,52<\/td>\n<td style=\"height: 23px;\" width=\"80\">28<\/td>\n<td style=\"height: 23px;\" width=\"80\">638<\/td>\n<\/tr>\n<tr style=\"height: 23px;\">\n<td style=\"height: 23px;\" width=\"80\">27<\/td>\n<td style=\"height: 23px;\" width=\"80\">96,0<\/td>\n<td style=\"height: 23px;\" width=\"80\">96<\/td>\n<td style=\"height: 23px;\" width=\"80\">48<\/td>\n<td style=\"height: 23px;\" width=\"80\">19<\/td>\n<td style=\"height: 23px;\" width=\"80\">25<\/td>\n<td style=\"height: 23px;\" width=\"80\">29,5<\/td>\n<td style=\"height: 23px;\" width=\"80\">25,5<\/td>\n<td style=\"height: 23px;\" width=\"80\">13<\/td>\n<td style=\"height: 23px;\" width=\"80\">20<\/td>\n<td style=\"height: 23px;\" width=\"80\">40<\/td>\n<td style=\"height: 23px;\" width=\"80\">84<\/td>\n<td style=\"height: 23px;\" width=\"80\">638<\/td>\n<\/tr>\n<tr style=\"height: 23px;\">\n<td style=\"height: 46px;\" rowspan=\"2\" width=\"80\">25,736<\/td>\n<td style=\"height: 23px;\" width=\"80\">9<\/td>\n<td style=\"height: 23px;\" width=\"80\">42,0<\/td>\n<td style=\"height: 23px;\" width=\"80\">37,5<\/td>\n<td style=\"height: 23px;\" width=\"80\">27<\/td>\n<td style=\"height: 23px;\" width=\"80\">12<\/td>\n<td style=\"height: 23px;\" width=\"80\">26,5<\/td>\n<td style=\"height: 23px;\" width=\"80\">28,64<\/td>\n<td style=\"height: 23px;\" width=\"80\">15,1<\/td>\n<td style=\"height: 23px;\" width=\"80\">15<\/td>\n<td style=\"height: 23px;\" width=\"80\">12<\/td>\n<td style=\"height: 23px;\" width=\"80\">69,84<\/td>\n<td style=\"height: 23px;\" width=\"80\">46<\/td>\n<td style=\"height: 23px;\" width=\"80\">1100<\/td>\n<\/tr>\n<tr style=\"height: 23px;\">\n<td style=\"height: 23px;\" width=\"80\">27<\/td>\n<td style=\"height: 23px;\" width=\"80\">113,0<\/td>\n<td style=\"height: 23px;\" width=\"80\">112,5<\/td>\n<td style=\"height: 23px;\" width=\"80\">54<\/td>\n<td style=\"height: 23px;\" width=\"80\">24<\/td>\n<td style=\"height: 23px;\" width=\"80\">32<\/td>\n<td style=\"height: 23px;\" width=\"80\">38,41<\/td>\n<td style=\"height: 23px;\" width=\"80\">33,9<\/td>\n<td style=\"height: 23px;\" width=\"80\">15<\/td>\n<td style=\"height: 23px;\" width=\"80\">25<\/td>\n<td style=\"height: 23px;\" width=\"80\">50<\/td>\n<td style=\"height: 23px;\" width=\"80\">138<\/td>\n<td style=\"height: 23px;\" width=\"80\">1100<\/td>\n<\/tr>\n<tr style=\"height: 23px;\">\n<td style=\"height: 46px;\" rowspan=\"2\" width=\"80\">3,5<\/td>\n<td style=\"height: 23px;\" width=\"80\">9<\/td>\n<td style=\"height: 23px;\" width=\"80\">59,0<\/td>\n<td style=\"height: 23px;\" width=\"80\">52,5<\/td>\n<td style=\"height: 23px;\" width=\"80\">40<\/td>\n<td style=\"height: 23px;\" width=\"80\">12<\/td>\n<td style=\"height: 23px;\" width=\"80\">33<\/td>\n<td style=\"height: 23px;\" width=\"80\">36,2<\/td>\n<td style=\"height: 23px;\" width=\"80\">18,9<\/td>\n<td style=\"height: 23px;\" width=\"80\">22<\/td>\n<td style=\"height: 23px;\" width=\"80\">16<\/td>\n<td style=\"height: 23px;\" width=\"80\">92,64<\/td>\n<td style=\"height: 23px;\" width=\"80\">132<\/td>\n<td style=\"height: 23px;\" width=\"80\">2700<\/td>\n<\/tr>\n<tr style=\"height: 23px;\">\n<td style=\"height: 23px;\" width=\"80\">27<\/td>\n<td style=\"height: 23px;\" width=\"80\">158,5<\/td>\n<td style=\"height: 23px;\" width=\"80\">157,5<\/td>\n<td style=\"height: 23px;\" width=\"80\">70<\/td>\n<td style=\"height: 23px;\" width=\"80\">29<\/td>\n<td style=\"height: 23px;\" width=\"80\">40<\/td>\n<td style=\"height: 23px;\" width=\"80\">47,9<\/td>\n<td style=\"height: 23px;\" width=\"80\">41,2<\/td>\n<td style=\"height: 23px;\" width=\"80\">22<\/td>\n<td style=\"height: 23px;\" width=\"80\">30<\/td>\n<td style=\"height: 23px;\" width=\"80\">65<\/td>\n<td style=\"height: 23px;\" width=\"80\">396<\/td>\n<td style=\"height: 23px;\" width=\"80\">2700<\/td>\n<\/tr>\n<\/tbody>\n<\/table>\n<h4>Razmerje 4:1<\/h4>\n<table style=\"width: 100%;\" border=\"1\" width=\"100%\" cellspacing=\"0\" cellpadding=\"0\">\n<tbody>\n<tr>\n<td width=\"80\">Modul<\/td>\n<td width=\"80\">\u0160tevilo zob<\/td>\n<td width=\"80\">da<br \/>\n(mm)<\/td>\n<td width=\"80\">d<br \/>\n(mm)<\/td>\n<td width=\"80\">ND<br \/>\n(mm)<\/td>\n<td width=\"80\">Nizozemska<br \/>\n(mm)<\/td>\n<td width=\"80\">L1<br \/>\n(mm)<\/td>\n<td width=\"80\">L<br \/>\n(mm)<\/td>\n<td width=\"80\">S1) (mm)<\/td>\n<td width=\"80\">b<br \/>\n(mm)<\/td>\n<td width=\"80\">BH7 (mm)<\/td>\n<td width=\"80\">E<br \/>\n(mm)<\/td>\n<td width=\"80\">Navor* (Nm)<\/td>\n<td width=\"80\">Te\u017ea g\/par<\/td>\n<\/tr>\n<tr>\n<td rowspan=\"2\" width=\"80\">1<\/td>\n<td width=\"80\">16<\/td>\n<td width=\"80\">25,9<\/td>\n<td width=\"80\">24<\/td>\n<td width=\"80\">20<\/td>\n<td width=\"80\">7,3<\/td>\n<td width=\"80\">21<\/td>\n<td width=\"80\">21,8<\/td>\n<td width=\"80\">8,2<\/td>\n<td width=\"80\">14<\/td>\n<td width=\"80\">8<\/td>\n<td width=\"80\">56<\/td>\n<td width=\"80\">7,8<\/td>\n<td rowspan=\"2\" width=\"80\">842<\/td>\n<\/tr>\n<tr>\n<td width=\"80\">64<\/td>\n<td width=\"80\">96,5<\/td>\n<td width=\"80\">96<\/td>\n<td width=\"80\">70<\/td>\n<td width=\"80\">8<\/td>\n<td width=\"80\">19<\/td>\n<td width=\"80\">22,4<\/td>\n<td width=\"80\">19<\/td>\n<td width=\"80\">14<\/td>\n<td width=\"80\">20<\/td>\n<td width=\"80\">30<\/td>\n<td width=\"80\">31,2<\/td>\n<\/tr>\n<tr>\n<td rowspan=\"2\" width=\"80\">1,5<\/td>\n<td width=\"80\">11<\/td>\n<td width=\"80\">27,8<\/td>\n<td width=\"80\">24,2<\/td>\n<td width=\"80\">20<\/td>\n<td width=\"80\">8<\/td>\n<td width=\"80\">19<\/td>\n<td width=\"80\">20,7<\/td>\n<td width=\"80\">9<\/td>\n<td width=\"80\">12<\/td>\n<td width=\"80\">8<\/td>\n<td width=\"80\">57<\/td>\n<td width=\"80\">11,3<\/td>\n<td rowspan=\"2\" width=\"80\">775<\/td>\n<\/tr>\n<tr>\n<td width=\"80\">44<\/td>\n<td width=\"80\">97,3<\/td>\n<td width=\"80\">96,8<\/td>\n<td width=\"80\">70<\/td>\n<td width=\"80\">8<\/td>\n<td width=\"80\">17<\/td>\n<td width=\"80\">21,9<\/td>\n<td width=\"80\">19<\/td>\n<td width=\"80\">12<\/td>\n<td width=\"80\">20<\/td>\n<td width=\"80\">30<\/td>\n<td width=\"80\">45,2<\/td>\n<\/tr>\n<\/tbody>\n<\/table>\n<\/div>\n<div>\n<h3>Zakaj izbrati komplete sto\u017e\u010dastih zobnikov FMP?<\/h3>\n<p class=\"break-words\">FMP-jevi sto\u017e\u010dasti zobniki izstopajo zaradi ve\u010d prednosti:<\/p>\n<ul class=\"marker:text-secondary\">\n<li class=\"break-words\"><strong>Visokokakovostni materiali:<\/strong> Uporabljamo jeklo C45 E, znano po svoji trdnosti in vzdr\u017eljivosti, da zagotovimo robustne in zanesljive izdelke.<\/li>\n<li class=\"break-words\"><strong>Italijanska proizvodnja:<\/strong> Vsi na\u0161i sto\u017e\u010dasti zobniki so izdelani v na\u0161ih obratih v bli\u017eini Milana, kjer izvajamo stroge kontrole kakovosti, da bi dosegli najvi\u0161je standarde.<\/li>\n<li class=\"break-words\"><strong>Tehni\u010dna natan\u010dnost:<\/strong> Zobje, ki so skladni s standardom UNI 6588, zagotavljajo gladek in tih prenos gibanja z optimalnim razmerjem med pastorkom in krono.<\/li>\n<\/ul>\n<p class=\"break-words\">Zaradi teh lastnosti so na\u0161i sto\u017e\u010dasti zobniki idealna izbira za tiste, ki i\u0161\u010dejo odli\u010dne komponente, bodisi v Benetkah za pomorske aplikacije bodisi v Bologni za avtomobilski sektor.<\/p>\n<h3>Prilagoditev in podpora za modele, ki niso v katalogu<\/h3>\n<p>Ena od prednosti podjetja FMP je na\u0161a sposobnost izpolnjevanja specifi\u010dnih potreb strank. \u010ce v na\u0161em katalogu ne najdete modela sto\u017e\u010dastega zobnika, ki ga potrebujete, ne skrbite \u2013 morda preprosto \u0161e ni bil nalo\u017een na na\u0161o spletno stran. Vabimo vas, da nas kontaktirate po e-po\u0161ti na naslovu <a href=\"mailto:info@fmpcomponents.it\">info@fmpcomponents.it<\/a> zahtevati \u017eeleni model.<\/p>\n<p><img loading=\"lazy\" decoding=\"async\" class=\"wp-image-7659 aligncenter\" src=\"https:\/\/fmp-components.com\/wp-content\/uploads\/2025\/04\/coppia-conica-3.webp\" alt=\"coppia conica\" width=\"820\" height=\"820\" title=\"\" srcset=\"https:\/\/fmp-components.com\/wp-content\/uploads\/2025\/04\/coppia-conica-3.webp 820w, https:\/\/fmp-components.com\/wp-content\/uploads\/2025\/04\/coppia-conica-3-480x480.webp 480w\" sizes=\"(min-width: 0px) and (max-width: 480px) 480px, (min-width: 481px) 820px, 100vw\" \/><\/p>\n<\/div>","protected":false},"excerpt":{"rendered":"<p>Bevel Gear Set: FMP&#8217;s High-Quality Solutions for Every Need Bevel gear sets are essential components in motion transmission systems, used to transfer power between intersecting axes, often at a 90-degree angle. Due to their versatility, they find applications in various sectors, from automotive to manufacturing industries. At FMP, we take pride in offering a comprehensive [&hellip;]<\/p>","protected":false},"featured_media":7657,"comment_status":"open","ping_status":"closed","template":"","meta":{"_et_pb_use_builder":"","_et_pb_old_content":"","_et_gb_content_width":""},"product_brand":[],"product_cat":[106],"product_tag":[],"class_list":{"0":"post-7653","1":"product","2":"type-product","3":"status-publish","4":"has-post-thumbnail","6":"product_cat-bevel-gears","8":"first","9":"instock","10":"shipping-taxable","11":"product-type-simple"},"_links":{"self":[{"href":"https:\/\/fmp-components.com\/sl\/wp-json\/wp\/v2\/product\/7653","targetHints":{"allow":["GET"]}}],"collection":[{"href":"https:\/\/fmp-components.com\/sl\/wp-json\/wp\/v2\/product"}],"about":[{"href":"https:\/\/fmp-components.com\/sl\/wp-json\/wp\/v2\/types\/product"}],"replies":[{"embeddable":true,"href":"https:\/\/fmp-components.com\/sl\/wp-json\/wp\/v2\/comments?post=7653"}],"wp:featuredmedia":[{"embeddable":true,"href":"https:\/\/fmp-components.com\/sl\/wp-json\/wp\/v2\/media\/7657"}],"wp:attachment":[{"href":"https:\/\/fmp-components.com\/sl\/wp-json\/wp\/v2\/media?parent=7653"}],"wp:term":[{"taxonomy":"product_brand","embeddable":true,"href":"https:\/\/fmp-components.com\/sl\/wp-json\/wp\/v2\/product_brand?post=7653"},{"taxonomy":"product_cat","embeddable":true,"href":"https:\/\/fmp-components.com\/sl\/wp-json\/wp\/v2\/product_cat?post=7653"},{"taxonomy":"product_tag","embeddable":true,"href":"https:\/\/fmp-components.com\/sl\/wp-json\/wp\/v2\/product_tag?post=7653"}],"curies":[{"name":"delovni list","href":"https:\/\/api.w.org\/{rel}","templated":true}]}}