{"id":761,"date":"2024-12-18T06:11:37","date_gmt":"2024-12-18T06:11:37","guid":{"rendered":"https:\/\/fmp-components.com\/?page_id=8"},"modified":"2024-12-18T06:27:29","modified_gmt":"2024-12-18T06:27:29","slug":"hydraulic-cylinder-for-offshore-crane","status":"publish","type":"product","link":"https:\/\/fmp-components.com\/sl\/product\/hydraulic-cylinder-for-offshore-crane\/","title":{"rendered":"Hidravli\u010dni cilinder za priobalni \u017eerjav"},"content":{"rendered":"<p style=\"text-align: center;\"><span style=\"font-size: 18pt;\">Hidravli\u010dni cilinder za priobalni \u017eerjav<\/span><\/p>\n<p>Hidravli\u010dni cilinder za priobalne \u017eerjave je bistvena hidravli\u010dna komponenta, zasnovana za zagotavljanje zmogljivosti dvigovanja in spu\u0161\u010danja, potrebnih za delovanje priobalnih \u017eerjavov. Ta cilinder igra klju\u010dno vlogo pri omogo\u010danju natan\u010dnega nadzora in premikanja roke \u017eerjava in drugih mehanizmov, kar zagotavlja varno in u\u010dinkovito ravnanje s te\u017ekimi bremeni v zahtevnih morskih okoljih.<\/p>\n<p><img loading=\"lazy\" decoding=\"async\" class=\"alignnone wp-image-780\" src=\"https:\/\/fmp-components.com\/wp-content\/uploads\/2024\/12\/Offshore-Crane-Folding-Arm-Tilt-Cylinder-2.webp\" alt=\"Nagibni cilinder z zlo\u017eljivo roko za priobalni \u017eerjav\" width=\"935\" height=\"304\" title=\"\" srcset=\"https:\/\/fmp-components.com\/wp-content\/uploads\/2024\/12\/Offshore-Crane-Folding-Arm-Tilt-Cylinder-2.webp 935w, https:\/\/fmp-components.com\/wp-content\/uploads\/2024\/12\/Offshore-Crane-Folding-Arm-Tilt-Cylinder-2-480x156.webp 480w\" sizes=\"(min-width: 0px) and (max-width: 480px) 480px, (min-width: 481px) 935px, 100vw\" \/><\/p>\n<h4>Klju\u010dne lastnosti:<\/h4>\n<ul>\n<li><strong>Visoka nosilnost:<\/strong> Ta hidravli\u010dni cilinder, zasnovan za obvladovanje znatnih te\u017e, zagotavlja zanesljivo delovanje med te\u017ekimi dvigovalnimi operacijami, kar je klju\u010dnega pomena za gradnjo in vzdr\u017eevanje na morju.<\/li>\n<li><strong>Robustna konstrukcija:<\/strong> Izdelan je iz visoko trdnih materialov in zasnovan tako, da prenese te\u017eke pogoje, zna\u010dilne za okolja na morju, vklju\u010dno z izpostavljenostjo slani vodi, visokim tlakom in ekstremnim vremenskim razmeram.<\/li>\n<li><strong>Gladko delovanje:<\/strong> Napredna hidravli\u010dna zasnova omogo\u010da gladke in nadzorovane gibe, kar omogo\u010da hitro prilagajanje in izbolj\u0161uje splo\u0161no operativno u\u010dinkovitost.<\/li>\n<li><strong>Varnostni mehanizmi:<\/strong> Opremljen z vgrajenimi varnostnimi funkcijami za prepre\u010devanje preobremenitve in zagotavljanje varnega delovanja, ki \u0161\u010ditijo tako osebje kot opremo med dvigovanjem.<\/li>\n<li><strong>Vsestranska uporaba:<\/strong> Ta hidravli\u010dni cilinder, primeren za razli\u010dne konfiguracije \u017eerjavov na morju, se lahko prilagodi razli\u010dnim operativnim potrebam, zaradi \u010desar je vsestranski za vrsto pomorskih aplikacij.<\/li>\n<li><strong>Nizke zahteve glede vzdr\u017eevanja:<\/strong> Zasnovan je za minimalno obrabo, kar zmanj\u0161uje potrebe po vzdr\u017eevanju in izpade delovanja, kar prispeva k ve\u010dji produktivnosti.<\/li>\n<\/ul>\n<p>Skratka, hidravli\u010dni cilinder za priobalne \u017eerjave je klju\u010dna komponenta, ki optimizira delovanje in varnost priobalnih \u017eerjavov, kar znatno izbolj\u0161a u\u010dinkovitost gradnje, vrtanja in vzdr\u017eevanja na morju.<\/p>\n<h2>Glavni dvigalni valj za dvigovanje \u017eerjava na morju<\/h2>\n<p>Glavni dvigalni valj \u017eerjava na morju je klju\u010dna hidravli\u010dna komponenta, odgovorna za nadzor dvigovanja glavnega dvigala \u017eerjava. Ta valj omogo\u010da natan\u010dno dvigovanje in spu\u0161\u010danje dvigala, kar omogo\u010da optimalno pozicioniranje med dvigovanjem. Izdelan je iz visoko trdnih materialov in je zasnovan tako, da prenese zahtevne pogoje na morju, vklju\u010dno z izpostavljenostjo slani vodi in ekstremnim vremenskim razmeram. Gladko hidravli\u010dno delovanje omogo\u010da hitre in natan\u010dne nastavitve, kar pove\u010duje operativno u\u010dinkovitost in varnost. Ta dvigalni valj je bistvenega pomena za u\u010dinkovito delovanje \u017eerjavov na morju in pomembno prispeva k uspehu gradnje, vzdr\u017eevanja in vrtanja na morju.<\/p>\n<p><img loading=\"lazy\" decoding=\"async\" class=\"size-full wp-image-773 aligncenter\" src=\"https:\/\/fmp-components.com\/wp-content\/uploads\/2024\/12\/Offshore-Crane-Main-Boom-Luffing-Cylinder.webp\" alt=\"Glavni dvigalni valj za dvigovanje \u017eerjava na morju\" width=\"500\" height=\"200\" title=\"\" srcset=\"https:\/\/fmp-components.com\/wp-content\/uploads\/2024\/12\/Offshore-Crane-Main-Boom-Luffing-Cylinder.webp 500w, https:\/\/fmp-components.com\/wp-content\/uploads\/2024\/12\/Offshore-Crane-Main-Boom-Luffing-Cylinder-480x192.webp 480w\" sizes=\"(min-width: 0px) and (max-width: 480px) 480px, (min-width: 481px) 500px, 100vw\" \/><\/p>\n<table style=\"width: 87.4644%; height: 209px;\" border=\"1\" cellspacing=\"0\" cellpadding=\"0\">\n<tbody>\n<tr>\n<td>Ime izdelka<\/td>\n<td>Glavni dvigalni valj za dvigovanje \u017eerjava na morju<\/td>\n<\/tr>\n<tr>\n<td>Zna\u010dilnosti:<\/td>\n<td>Zagotavlja potisno silo za doseganje nagiba roke \u017eerjava<\/td>\n<\/tr>\n<tr>\n<td>Premer izvrtine:<\/td>\n<td>Do 580 mm<\/td>\n<\/tr>\n<tr>\n<td>Premer palice:<\/td>\n<td>Do 440 mm<br \/>\nHod do 5635 mm<\/td>\n<\/tr>\n<tr>\n<td>Potisna sila:<\/td>\n<td>Najve\u010d 8454 kN<br \/>\n(Premer valjev 580 mm\/tlak 32 MPa)<\/td>\n<\/tr>\n<tr>\n<td>Uporaba:<\/td>\n<td>Priobalni \u017eerjav<\/td>\n<\/tr>\n<\/tbody>\n<\/table>\n<p><img loading=\"lazy\" decoding=\"async\" class=\"alignnone wp-image-778\" src=\"https:\/\/fmp-components.com\/wp-content\/uploads\/2024\/12\/Offshore-Crane-Main-Boom-Luffing-Cylinder-1.webp\" alt=\"Glavni valj za dvigovanje roke \u017eerjava na morju 1\" width=\"810\" height=\"480\" title=\"\"><\/p>\n<p><img loading=\"lazy\" decoding=\"async\" class=\"alignnone wp-image-781\" src=\"https:\/\/fmp-components.com\/wp-content\/uploads\/2024\/12\/Offshore-Crane-Main-Boom-Luffing-Cylinder-2.webp\" alt=\"Glavni dvigalni valj za dvigovanje \u017eerjava na morju\" width=\"813\" height=\"254\" title=\"\" srcset=\"https:\/\/fmp-components.com\/wp-content\/uploads\/2024\/12\/Offshore-Crane-Main-Boom-Luffing-Cylinder-2.webp 813w, https:\/\/fmp-components.com\/wp-content\/uploads\/2024\/12\/Offshore-Crane-Main-Boom-Luffing-Cylinder-2-480x150.webp 480w\" sizes=\"(min-width: 0px) and (max-width: 480px) 480px, (min-width: 481px) 813px, 100vw\" \/><\/p>\n<h2>Nagibni cilinder z zlo\u017eljivo roko za priobalni \u017eerjav<\/h2>\n<p>Nagibni cilinder zlo\u017eljive roke \u017eerjava na morju je klju\u010dna hidravli\u010dna komponenta, ki omogo\u010da nagibanje zlo\u017eljive roke \u017eerjava. Ta cilinder zagotavlja potrebno silo za dvigovanje in spu\u0161\u010danje roke, kar omogo\u010da natan\u010dno pozicioniranje med nakladanjem in razkladanjem. Izdelan je iz visoko trdnih materialov in je zasnovan tako, da prenese ostre pogoje morskega okolja, vklju\u010dno z izpostavljenostjo slani vodi in visokim tlakom. Hidravli\u010dni sistem omogo\u010da gladke in nadzorovane gibe, kar pove\u010duje operativno u\u010dinkovitost in varnost med delovanjem \u017eerjava. Ta nagibni cilinder je bistvenega pomena za optimizacijo delovanja \u017eerjavov na morju in pomembno prispeva k u\u010dinkovitosti gradnje, vzdr\u017eevanja in logisti\u010dnih nalog v pomorstvu.<\/p>\n<p><img loading=\"lazy\" decoding=\"async\" class=\"size-full wp-image-772 aligncenter\" src=\"https:\/\/fmp-components.com\/wp-content\/uploads\/2024\/12\/Offshore-Crane-Folding-Arm-Tilt-Cylinder.webp\" alt=\"Nagibni cilinder z zlo\u017eljivo roko za priobalni \u017eerjav\" width=\"500\" height=\"200\" title=\"\" srcset=\"https:\/\/fmp-components.com\/wp-content\/uploads\/2024\/12\/Offshore-Crane-Folding-Arm-Tilt-Cylinder.webp 500w, https:\/\/fmp-components.com\/wp-content\/uploads\/2024\/12\/Offshore-Crane-Folding-Arm-Tilt-Cylinder-480x192.webp 480w\" sizes=\"(min-width: 0px) and (max-width: 480px) 480px, (min-width: 481px) 500px, 100vw\" \/><\/p>\n<table style=\"width: 86.8088%; height: 199px;\" border=\"1\" cellspacing=\"0\" cellpadding=\"0\">\n<tbody>\n<tr>\n<td>Ime izdelka<\/td>\n<td>Nagibni cilinder z zlo\u017eljivo roko za priobalni \u017eerjav<\/td>\n<\/tr>\n<tr>\n<td>Zna\u010dilnosti:<\/td>\n<td>Zagotovite potisno silo in vle\u010dno silo, ki se uporabljata za nastavitev vodoravnega kota podlakti \u017eerjava<\/td>\n<\/tr>\n<tr>\n<td>Premer izvrtine:<\/td>\n<td>Do 580 mm<\/td>\n<\/tr>\n<tr>\n<td>Premer palice:<\/td>\n<td>Do 400 mm<br \/>\nHod do 5170 mm<\/td>\n<\/tr>\n<tr>\n<td>Potisna sila \/ Vle\u010dna sila:<\/td>\n<td>Najve\u010d 8454 KN\/3589 KN<br \/>\n(Premer valjev 580 mm\/tlak 32 MPa)<\/td>\n<\/tr>\n<tr>\n<td>Uporaba:<\/td>\n<td>Priobalni \u017eerjav<\/td>\n<\/tr>\n<\/tbody>\n<\/table>\n<p><img loading=\"lazy\" decoding=\"async\" class=\"alignnone wp-image-777\" src=\"https:\/\/fmp-components.com\/wp-content\/uploads\/2024\/12\/Offshore-Crane-Folding-Arm-Tilt-Cylinder-1.webp\" alt=\"Zlo\u017eljiva roka za nagibni valj za zlo\u017eljive dvigala na morju\" width=\"803\" height=\"481\" title=\"\"><\/p>\n<h2>Offshore Crane A Tip Mast Crane Luffing Cilinder<\/h2>\n<p>Dvi\u017eni valj za dvigovanje jambora tipa A za offshore \u017eerjav je klju\u010dna hidravli\u010dna komponenta, zasnovana za nadzor dvigovanja jambora \u017eerjava. Ta valj zagotavlja potrebno silo za dvigovanje in spu\u0161\u010danje jambora, kar omogo\u010da natan\u010dne nastavitve za optimalno pozicioniranje med dvigovanjem. Izdelan je iz visoko trdnih materialov in je zasnovan tako, da prenese zahtevne pogoje na morju, vklju\u010dno z izpostavljenostjo slani vodi in ekstremnim vremenskim razmeram. Gladko hidravli\u010dno delovanje zagotavlja hitre in natan\u010dne gibe, kar pove\u010duje operativno u\u010dinkovitost in varnost. Ta dvigalni valj je bistvenega pomena za u\u010dinkovito delovanje jambornih \u017eerjavov tipa A in pomembno prispeva k uspehu gradnje, vrtanja in vzdr\u017eevanja na morju.<\/p>\n<p><img loading=\"lazy\" decoding=\"async\" class=\"size-full wp-image-771 aligncenter\" src=\"https:\/\/fmp-components.com\/wp-content\/uploads\/2024\/12\/Offshore-Crane-A-Type-Mast-Crane-Luffing-Cylinder.webp\" alt=\"Offshore Crane A Tip Mast Crane Luffing Cilinder\" width=\"500\" height=\"200\" title=\"\" srcset=\"https:\/\/fmp-components.com\/wp-content\/uploads\/2024\/12\/Offshore-Crane-A-Type-Mast-Crane-Luffing-Cylinder.webp 500w, https:\/\/fmp-components.com\/wp-content\/uploads\/2024\/12\/Offshore-Crane-A-Type-Mast-Crane-Luffing-Cylinder-480x192.webp 480w\" sizes=\"(min-width: 0px) and (max-width: 480px) 480px, (min-width: 481px) 500px, 100vw\" \/><\/p>\n<table style=\"width: 87.239%; height: 196px;\" border=\"1\" cellspacing=\"0\" cellpadding=\"0\">\n<tbody>\n<tr>\n<td>Ime izdelka<\/td>\n<td>Offshore Crane A Tip Mast Crane Luffing Cilinder<\/td>\n<\/tr>\n<tr>\n<td>Zna\u010dilnosti:<\/td>\n<td>Zagotovite potisno silo in vle\u010dno silo, ki se uporabljata za nastavitev vodoravnega kota podlakti \u017eerjava<\/td>\n<\/tr>\n<tr>\n<td>Premer izvrtine:<\/td>\n<td>Do 580 mm<\/td>\n<\/tr>\n<tr>\n<td>Premer palice:<\/td>\n<td>Do 400 mm<br \/>\nHod do 5170 mm<\/td>\n<\/tr>\n<tr>\n<td>Potisna sila \/ Vle\u010dna sila:<\/td>\n<td>Najve\u010d 8454 KN\/3589 KN<br \/>\n(Premer valjev 580 mm\/tlak 32 MPa)<\/td>\n<\/tr>\n<tr>\n<td>Uporaba:<\/td>\n<td>Priobalni \u017eerjav<\/td>\n<\/tr>\n<\/tbody>\n<\/table>\n<p data-sourcepos=\"14:1-14:90\"><img loading=\"lazy\" decoding=\"async\" class=\"alignnone wp-image-779\" src=\"https:\/\/fmp-components.com\/wp-content\/uploads\/2024\/12\/Offshore-Crane-A-Type-Mast-Crane-Luffing-Cylinder-1.webp\" alt=\"Offshore Crane A Tip Mast Crane Luffing Cilinder\" width=\"811\" height=\"404\" title=\"\" srcset=\"https:\/\/fmp-components.com\/wp-content\/uploads\/2024\/12\/Offshore-Crane-A-Type-Mast-Crane-Luffing-Cylinder-1.webp 811w, https:\/\/fmp-components.com\/wp-content\/uploads\/2024\/12\/Offshore-Crane-A-Type-Mast-Crane-Luffing-Cylinder-1-480x239.webp 480w\" sizes=\"(min-width: 0px) and (max-width: 480px) 480px, (min-width: 481px) 811px, 100vw\" \/><\/p>\n<h2>Prednosti hidravli\u010dnega cilindra za \u017eerjav na morju<\/h2>\n<p>Hidravli\u010dni cilinder za priobalne \u017eerjave ponuja ve\u010d klju\u010dnih prednosti, ki izbolj\u0161ujejo delovanje in zanesljivost priobalnih \u017eerjavov v pomorski in industrijski uporabi.<\/p>\n<p>Ena glavnih prednosti je visoka nosilnost, ki omogo\u010da varno dvigovanje in ravnanje s te\u017ekimi bremeni, zna\u010dilnimi za operacije na morju. Ta zmogljivost je bistvena za ohranjanje operativne u\u010dinkovitosti in varnosti med kompleksnimi dvi\u017enimi nalogami.<\/p>\n<p>Hidravli\u010dni cilinder zagotavlja tudi natan\u010den nadzor, ki omogo\u010da gladko in natan\u010dno nastavitev polo\u017eaja roke. Ta natan\u010dnost je klju\u010dnega pomena za zagotavljanje varnega delovanja, zlasti v zahtevnih okoljih na morju, kjer se razmere lahko hitro spreminjajo.<\/p>\n<p>Jeklenka je izdelana iz robustnih materialov in je zasnovana tako, da prenese te\u017eke morske razmere, vklju\u010dno z izpostavljenostjo slani vodi, korozivnim elementom in ekstremnim temperaturam. Ta vzdr\u017eljivost zagotavlja dolgotrajno delovanje in zmanj\u0161uje potrebo po pogostih menjavah.<\/p>\n<p>Druga pomembna prednost so izbolj\u0161ane varnostne funkcije, integrirane v hidravli\u010dno zasnovo. Te funkcije pomagajo prepre\u010devati preobremenitev in zagotavljajo varno delovanje, s \u010dimer \u0161\u010ditijo tako osebje kot opremo med dvigovanjem.<\/p>\n<p>Hidravli\u010dni sistem omogo\u010da tudi nemoteno delovanje, kar zmanj\u0161uje obrabo tako cilindra kot samega \u017eerjava. To nemoteno delovanje pomaga izbolj\u0161ati splo\u0161no operativno u\u010dinkovitost in zmanj\u0161ati potrebe po vzdr\u017eevanju.<\/p>\n<p>Poleg tega vsestranskost hidravli\u010dnega cilindra omogo\u010da njegovo prilagoditev razli\u010dnim konfiguracijam \u017eerjavov na morju, zaradi \u010desar je primeren za \u0161irok spekter uporabe, od gradnje do vzdr\u017eevanja in vrtanja.<\/p>\n<p>Kon\u010dno, nizke zahteve glede vzdr\u017eevanja hidravli\u010dnega cilindra prispevajo k zmanj\u0161anju izpadov in obratovalnih stro\u0161kov. Njegova zasnova je osredoto\u010dena na zanesljivost in dolgo \u017eivljenjsko dobo, kar zagotavlja, da lahko operacije na morju potekajo nemoteno.<\/p>\n<p>Skratka, hidravli\u010dni cilinder za priobalne \u017eerjave je bistvenega pomena za optimizacijo u\u010dinkovitosti, varnosti in zanesljivosti priobalnih \u017eerjavov, kar znatno izbolj\u0161a njihovo delovanje v zahtevnih morskih okoljih.<\/p>\n<p data-sourcepos=\"14:1-14:90\"><img loading=\"lazy\" decoding=\"async\" class=\"alignnone wp-image-776\" src=\"https:\/\/fmp-components.com\/wp-content\/uploads\/2024\/12\/A-Type-Mast-Crane-Luffing-Cylinder-for-Offshore-Crane.webp\" alt=\"Dvigalni valj za dvigovanje jambora tipa A za priobalni \u017eerjav\" width=\"840\" height=\"442\" title=\"\"><\/p>\n<h3>O FMP-ju<\/h3>\n<p>FMP je specializirano podjetje za mehansko proizvodnjo, ki se ukvarja s proizvodnjo hidravli\u010dnih cilindrov. Podjetje se \u017ee od ustanovitve osredoto\u010da na raziskave in proizvodnjo hidravli\u010dne tehnologije ter uspe\u0161no prehaja iz raznolike ponudbe izdelkov, ki je vklju\u010devala stroje za \u017eetev in gradbeni\u0161tvo, v specializacijo za komponente kmetijskih traktorjev. Z ve\u010d kot desetletjem izku\u0161enj v proizvodnji in upravljanju FMP zagotavlja visokokakovostne izdelke z naprednimi proizvodnimi tehnikami.<\/p>\n<p>Z razvojem podjetja je razvilo celovito proizvodno linijo za strojno obdelavo, monta\u017eno linijo in linijo za nana\u0161anje premazov. Na\u0161o ekipo sestavljajo usposobljeno vodstveno osebje, izku\u0161eni strojni oblikovalci in visoko usposobljeni tehniki, ki skupaj ohranjajo stabilno kakovost proizvodnje, hkrati pa u\u010dinkovito nadzorujejo neprekinjenost in u\u010dinkovitost procesov.<\/p>\n<p>FMP se dr\u017ei filozofije \u00bbTehnolo\u0161ke inovacije spodbujajo napredek, kakovost ustvarja blagovne znamke, obrtni\u0161ka spretnost zagotavlja kakovost in gradi dolgoro\u010dne odnose, v katere vsi pridobijo\u00ab. Na\u0161a zavezanost zagotavljanju visokokakovostnih izdelkov in vrhunski storitvi za stranke ostaja osrednji cilj, saj \u0161e naprej zadovoljujemo spreminjajo\u010de se potrebe trga.<\/p>\n<p><img loading=\"lazy\" decoding=\"async\" class=\"alignnone size-full wp-image-426\" src=\"https:\/\/fmp-components.com\/wp-content\/uploads\/2024\/12\/Sanitation-Machinery-Locking-Hydraulic-Cylinder-factory.webp\" sizes=\"(min-width: 0px) and (max-width: 480px) 480px, (min-width: 481px) and (max-width: 980px) 980px, (min-width: 981px) and (max-width: 1280px) 1280px, (min-width: 1281px) 1414px, 100vw\" srcset=\"https:\/\/fmp-components.com\/wp-content\/uploads\/2024\/12\/Sanitation-Machinery-Locking-Hydraulic-Cylinder-factory.webp 1414w, https:\/\/fmp-components.com\/wp-content\/uploads\/2024\/12\/Sanitation-Machinery-Locking-Hydraulic-Cylinder-factory-1280x529.webp 1280w, https:\/\/fmp-components.com\/wp-content\/uploads\/2024\/12\/Sanitation-Machinery-Locking-Hydraulic-Cylinder-factory-980x405.webp 980w, https:\/\/fmp-components.com\/wp-content\/uploads\/2024\/12\/Sanitation-Machinery-Locking-Hydraulic-Cylinder-factory-480x198.webp 480w\" alt=\"Tovarna sanitarnih strojev za zaklepanje hidravli\u010dnih valjev\" width=\"1414\" height=\"584\" title=\"\"><\/p>\n<p>Avtor: CX<\/p>","protected":false},"excerpt":{"rendered":"<p>Hidravli\u010dni cilinder za priobalna \u017eerjava je klju\u010dna komponenta, zasnovana za zagotavljanje potrebne sile dviganja in spu\u0161\u010danja roke \u017eerjava in drugih operativnih mehanizmov. Ta hidravli\u010dni cilinder omogo\u010da natan\u010den nadzor in gibanje, kar omogo\u010da varno ravnanje s te\u017ekimi bremeni v zahtevnih priobalnih okoljih. Izdelan je iz visoko trdnih materialov in je zasnovan tako, da prenese te\u017eke morske razmere, vklju\u010dno z izpostavljenostjo slani vodi in ekstremnim vremenskim razmeram, kar zagotavlja vzdr\u017eljivost in zanesljivost. Gladko hidravli\u010dno delovanje omogo\u010da hitro prilagajanje, pove\u010duje operativno u\u010dinkovitost in varnost med dvigovanjem. Ta hidravli\u010dni cilinder je bistvenega pomena za optimizacijo delovanja priobalnih \u017eerjavov in pomembno prispeva k u\u010dinkovitosti gradnje, vrtanja in vzdr\u017eevanja na morju.<\/p>","protected":false},"featured_media":770,"comment_status":"open","ping_status":"closed","template":"","meta":{"_et_pb_use_builder":"","_et_pb_old_content":"","_et_gb_content_width":""},"product_brand":[],"product_cat":[28],"product_tag":[],"class_list":{"0":"post-761","1":"product","2":"type-product","3":"status-publish","4":"has-post-thumbnail","6":"product_cat-offshore-hydraulic-cylinders","8":"first","9":"instock","10":"shipping-taxable","11":"product-type-simple"},"_links":{"self":[{"href":"https:\/\/fmp-components.com\/sl\/wp-json\/wp\/v2\/product\/761","targetHints":{"allow":["GET"]}}],"collection":[{"href":"https:\/\/fmp-components.com\/sl\/wp-json\/wp\/v2\/product"}],"about":[{"href":"https:\/\/fmp-components.com\/sl\/wp-json\/wp\/v2\/types\/product"}],"replies":[{"embeddable":true,"href":"https:\/\/fmp-components.com\/sl\/wp-json\/wp\/v2\/comments?post=761"}],"wp:featuredmedia":[{"embeddable":true,"href":"https:\/\/fmp-components.com\/sl\/wp-json\/wp\/v2\/media\/770"}],"wp:attachment":[{"href":"https:\/\/fmp-components.com\/sl\/wp-json\/wp\/v2\/media?parent=761"}],"wp:term":[{"taxonomy":"product_brand","embeddable":true,"href":"https:\/\/fmp-components.com\/sl\/wp-json\/wp\/v2\/product_brand?post=761"},{"taxonomy":"product_cat","embeddable":true,"href":"https:\/\/fmp-components.com\/sl\/wp-json\/wp\/v2\/product_cat?post=761"},{"taxonomy":"product_tag","embeddable":true,"href":"https:\/\/fmp-components.com\/sl\/wp-json\/wp\/v2\/product_tag?post=761"}],"curies":[{"name":"delovni list","href":"https:\/\/api.w.org\/{rel}","templated":true}]}}