{"id":755,"date":"2024-12-18T05:50:35","date_gmt":"2024-12-18T05:50:35","guid":{"rendered":"https:\/\/fmp-components.com\/?page_id=8"},"modified":"2024-12-18T08:51:40","modified_gmt":"2024-12-18T08:51:40","slug":"hydraulic-cylinder-for-ro-ro-platform","status":"publish","type":"product","link":"https:\/\/fmp-components.com\/sl\/product\/hydraulic-cylinder-for-ro-ro-platform\/","title":{"rendered":"Hidravli\u010dni cilinder za platformo Ro-ro"},"content":{"rendered":"<p style=\"text-align: center;\">\u00a0 <span style=\"font-size: 18pt;\">Hidravli\u010dni cilinder za platformo Ro-ro<\/span><\/p>\n<p>Hidravli\u010dni cilinder za platformo Ro-Ro je bistvena hidravli\u010dna komponenta, zasnovana za izbolj\u0161anje funkcionalnosti in u\u010dinkovitosti plovil Ro-Ro (ro-ro). Ta cilinder igra klju\u010dno vlogo pri delovanju ramp platforme, saj omogo\u010da gladko dvigovanje in spu\u0161\u010danje za la\u017eje nemoteno natovarjanje in raztovarjanje vozil in tovora.<\/p>\n<p><img loading=\"lazy\" decoding=\"async\" class=\"alignnone size-full wp-image-765\" src=\"https:\/\/fmp-components.com\/wp-content\/uploads\/2024\/12\/Ro-ro-Platform-Main-Operating-Cylinder-2.webp\" alt=\"Glavni operativni valj platforme ro-ro\" width=\"1024\" height=\"526\" title=\"\" srcset=\"https:\/\/fmp-components.com\/wp-content\/uploads\/2024\/12\/Ro-ro-Platform-Main-Operating-Cylinder-2.webp 1024w, https:\/\/fmp-components.com\/wp-content\/uploads\/2024\/12\/Ro-ro-Platform-Main-Operating-Cylinder-2-980x503.webp 980w, https:\/\/fmp-components.com\/wp-content\/uploads\/2024\/12\/Ro-ro-Platform-Main-Operating-Cylinder-2-480x247.webp 480w\" sizes=\"(min-width: 0px) and (max-width: 480px) 480px, (min-width: 481px) and (max-width: 980px) 980px, (min-width: 981px) 1024px, 100vw\" \/><\/p>\n<h4>Klju\u010dne lastnosti:<\/h4>\n<ul>\n<li><strong>Visoka nosilnost:<\/strong> Ta hidravli\u010dni cilinder, zasnovan za prena\u0161anje znatnih te\u017e, zagotavlja varno in zanesljivo delovanje pod velikimi obremenitvami, zna\u010dilnimi za ro-ro prevoze.<\/li>\n<li><strong>Robustna konstrukcija:<\/strong> Izdelan je iz visoko trdnih materialov in je zasnovan tako, da prenese ostre pogoje morskega okolja, vklju\u010dno z izpostavljenostjo morski vodi in ekstremnim razmeram, kar zagotavlja dolgotrajno vzdr\u017eljivost in zanesljivost.<\/li>\n<li><strong>Gladko delovanje:<\/strong> Napredna hidravli\u010dna zasnova omogo\u010da natan\u010den nadzor in gladke gibe, kar omogo\u010da hitro prilagajanje med nakladanjem in razkladanjem.<\/li>\n<li><strong>Izbolj\u0161ana varnost:<\/strong> Opremljen z varnostnimi funkcijami za prepre\u010devanje nenamernega aktiviranja in zagotavljanje varnega delovanja, ki \u0161\u010diti tako osebje kot tovor.<\/li>\n<li><strong>Vsestranska uporaba:<\/strong> Ta hidravli\u010dni cilinder, primeren za razli\u010dne platforme Ro-Ro, se lahko prilagodi razli\u010dnim operativnim potrebam, zaradi \u010desar je idealna izbira za raznolike naloge pomorske logistike.<\/li>\n<li><strong>Nizke zahteve glede vzdr\u017eevanja:<\/strong> Zasnovan je za minimalno obrabo, zmanj\u0161uje potrebe po vzdr\u017eevanju in izpade delovanja, kar prispeva k splo\u0161ni produktivnosti.<\/li>\n<\/ul>\n<p>Skratka, hidravli\u010dni cilinder za ro-ro platformo je klju\u010dna komponenta za optimizacijo delovanja in varnosti ro-ro plovil, kar znatno izbolj\u0161a u\u010dinkovitost pomorskega prevoza in ravnanja s tovorom.<\/p>\n<h2>Glavni operativni cilinder platforme ro-ro<\/h2>\n<p>Glavni operativni valj platforme Ro-Ro je klju\u010dna hidravli\u010dna komponenta, zasnovana za upravljanje primarnih funkcij dvigovanja in spu\u0161\u010danja plovil Ro-Ro (roll-on\/roll-off). Ta valj zagotavlja potrebno silo za upravljanje ramp platforme in drugih mehanizmov, kar zagotavlja nemoteno in u\u010dinkovito natovarjanje in raztovarjanje vozil in tovora. Izdelan je iz visoko trdnih materialov in je zasnovan tako, da prenese ostre morske razmere ter znatne obremenitve, povezane s te\u017ekimi bremeni, kar zagotavlja dolgotrajno vzdr\u017eljivost in zanesljivo delovanje. Napredna hidravli\u010dna zasnova omogo\u010da natan\u010den nadzor in hitre prilagoditve, kar pove\u010duje operativno u\u010dinkovitost in varnost med tovornimi operacijami. Ta glavni operativni valj je bistvenega pomena za optimizacijo delovanja platform Ro-Ro, saj pomembno prispeva k u\u010dinkoviti pomorski logistiki in transportu.<\/p>\n<p><img loading=\"lazy\" decoding=\"async\" class=\"size-full wp-image-760 aligncenter\" src=\"https:\/\/fmp-components.com\/wp-content\/uploads\/2024\/12\/Ro-ro-Platform-Main-Operating-Cylinder.webp\" alt=\"Glavni operativni cilinder platforme ro-ro\" width=\"500\" height=\"200\" title=\"\" srcset=\"https:\/\/fmp-components.com\/wp-content\/uploads\/2024\/12\/Ro-ro-Platform-Main-Operating-Cylinder.webp 500w, https:\/\/fmp-components.com\/wp-content\/uploads\/2024\/12\/Ro-ro-Platform-Main-Operating-Cylinder-480x192.webp 480w\" sizes=\"(min-width: 0px) and (max-width: 480px) 480px, (min-width: 481px) 500px, 100vw\" \/><\/p>\n<table style=\"width: 90.4021%; height: 192px;\" border=\"1\" cellspacing=\"0\" cellpadding=\"0\">\n<tbody>\n<tr>\n<td style=\"width: 21.9833%;\">Ime izdelka<\/td>\n<td style=\"width: 77.7778%;\">Glavni operativni cilinder platforme ro-ro<\/td>\n<\/tr>\n<tr>\n<td style=\"width: 21.9833%;\">Zna\u010dilnosti:<\/td>\n<td style=\"width: 77.7778%;\">Umaknite odsko\u010dno desko in rampo<\/td>\n<\/tr>\n<tr>\n<td style=\"width: 21.9833%;\">Premer izvrtine:<\/td>\n<td style=\"width: 77.7778%;\">100 mm\uff5e400 mm<\/td>\n<\/tr>\n<tr>\n<td style=\"width: 21.9833%;\">Premer palice:<\/td>\n<td style=\"width: 77.7778%;\">50 mm\uff5e180 mm<br \/>\nHod \u2264 7300 mm<\/td>\n<\/tr>\n<tr>\n<td style=\"width: 21.9833%;\">Potisna sila:<\/td>\n<td style=\"width: 77.7778%;\">Najve\u010d 3500 kN<br \/>\n(Premer valja: 125 mm\/tlak 28 MPa)<\/td>\n<\/tr>\n<tr>\n<td style=\"width: 21.9833%;\">Uporaba:<\/td>\n<td style=\"width: 77.7778%;\">Ro-ro platforma<\/td>\n<\/tr>\n<\/tbody>\n<\/table>\n<p><img loading=\"lazy\" decoding=\"async\" class=\"alignnone wp-image-766\" src=\"https:\/\/fmp-components.com\/wp-content\/uploads\/2024\/12\/Ro-ro-Platform-Main-Operating-Cylinder-1.webp\" alt=\"Glavni operativni valj platforme ro-ro\" width=\"841\" height=\"425\" title=\"\"><\/p>\n<h2>Zaklepni cilinder platforme ro-ro (mehanski samozaklepni)<\/h2>\n<p>Zaklepni cilinder platforme Ro-Ro (mehanski samozaklepni) je specializirana hidravli\u010dna komponenta, zasnovana za uporabo pri nakladanju\/razkladanju (Ro-Ro), ki zagotavlja varno in zanesljivo zaklepanje mehanizmov platforme med nakladanjem in razkladanjem. Ta samozaklepni cilinder ima robustno mehansko zasnovo, ki se samodejno zasko\u010di, ko je platforma v pravilnem polo\u017eaju, kar prepre\u010duje nenamerno sprostitev in pove\u010duje varnost. Njegova trpe\u017ena konstrukcija je zasnovana tako, da prenese zahtevna morska okolja, zaradi \u010desar je idealen za uporabo v razli\u010dnih transportnih in logisti\u010dnih scenarijih. Z natan\u010dnim nadzorom in enostavnim upravljanjem zaklepni cilinder platforme Ro-Ro zagotavlja u\u010dinkovito in varno ravnanje s tovorom ter prispeva k poenostavljenim logisti\u010dnim procesom.<\/p>\n<p><img loading=\"lazy\" decoding=\"async\" class=\"size-full wp-image-758 aligncenter\" src=\"https:\/\/fmp-components.com\/wp-content\/uploads\/2024\/12\/Ro-ro-Platform-Latch-Cylinder.webp\" alt=\"Zapah ro-ro platforme\" width=\"500\" height=\"200\" title=\"\" srcset=\"https:\/\/fmp-components.com\/wp-content\/uploads\/2024\/12\/Ro-ro-Platform-Latch-Cylinder.webp 500w, https:\/\/fmp-components.com\/wp-content\/uploads\/2024\/12\/Ro-ro-Platform-Latch-Cylinder-480x192.webp 480w\" sizes=\"(min-width: 0px) and (max-width: 480px) 480px, (min-width: 481px) 500px, 100vw\" \/><\/p>\n<table style=\"width: 90.3483%; height: 195px;\" border=\"1\" cellspacing=\"0\" cellpadding=\"0\">\n<tbody>\n<tr>\n<td>Ime izdelka<\/td>\n<td>Zapah ro-ro platforme<\/td>\n<\/tr>\n<tr>\n<td>Zna\u010dilnosti:<\/td>\n<td>Zaklenite zapah, ko je odsko\u010dna deska ali rampa ponovno na svojem mestu<\/td>\n<\/tr>\n<tr>\n<td>Specifikacija:<\/td>\n<td>Specifikacije: 80\/45*S, 60\/32*S, zaklepanje spredaj in zadaj<br \/>\nImajo tipsko odobritev DNVGL<br \/>\nZ izbiro standardne velikosti serije<\/td>\n<\/tr>\n<tr>\n<td>Tlak<\/td>\n<td>25 MPa<br \/>\n(batnica iz nerjave\u010dega jekla)<\/td>\n<\/tr>\n<tr>\n<td>Uporaba:<\/td>\n<td>Ro-ro platforma<\/td>\n<\/tr>\n<\/tbody>\n<\/table>\n<p><img loading=\"lazy\" decoding=\"async\" class=\"alignnone wp-image-763\" src=\"https:\/\/fmp-components.com\/wp-content\/uploads\/2024\/12\/Ro-Ro-Platform-Jacking-Cylinder-1.webp\" alt=\"Dvi\u017eni valj za ro-ro platformo\" width=\"855\" height=\"429\" title=\"\" srcset=\"https:\/\/fmp-components.com\/wp-content\/uploads\/2024\/12\/Ro-Ro-Platform-Jacking-Cylinder-1.webp 855w, https:\/\/fmp-components.com\/wp-content\/uploads\/2024\/12\/Ro-Ro-Platform-Jacking-Cylinder-1-480x241.webp 480w\" sizes=\"(min-width: 0px) and (max-width: 480px) 480px, (min-width: 481px) 855px, 100vw\" \/><\/p>\n<h2>Zaklepni cilinder platforme Ro-Ro (hidravli\u010dni samozaklepni)<\/h2>\n<p>Zaklepni valj platforme Ro-Ro je bistvena hidravli\u010dna komponenta, ki zavaruje in sprosti klan\u010dine na plovilih Ro-Ro (ro-ro). Ta valj zagotavlja potrebno silo za aktiviranje zaklepnega mehanizma, kar zagotavlja, da so klan\u010dine med prevozom varno zaklenjene in se enostavno sprostijo za nakladanje in razkladanje. Izdelan je iz visoko trdnih materialov in je zasnovan tako, da prenese ostre morske razmere in velike obremenitve, povezane z ravnanjem s tovorom. Gladko hidravli\u010dno delovanje omogo\u010da hitro in natan\u010dno delovanje, kar pove\u010duje varnost in u\u010dinkovitost med prenosom tovora. Ta zaklepni valj je klju\u010dnega pomena za zanesljivo delovanje platform Ro-Ro, saj znatno izbolj\u0161uje pomorsko logistiko in operativno u\u010dinkovitost.<\/p>\n<p><img loading=\"lazy\" decoding=\"async\" class=\"size-full wp-image-759 aligncenter\" src=\"https:\/\/fmp-components.com\/wp-content\/uploads\/2024\/12\/Ro-Ro-Platform-Latch-Cylinder2.webp\" alt=\"Zapah ro-ro platforme 2\" width=\"500\" height=\"200\" title=\"\" srcset=\"https:\/\/fmp-components.com\/wp-content\/uploads\/2024\/12\/Ro-Ro-Platform-Latch-Cylinder2.webp 500w, https:\/\/fmp-components.com\/wp-content\/uploads\/2024\/12\/Ro-Ro-Platform-Latch-Cylinder2-480x192.webp 480w\" sizes=\"(min-width: 0px) and (max-width: 480px) 480px, (min-width: 481px) 500px, 100vw\" \/><\/p>\n<table style=\"width: 89.8796%; height: 236px;\" border=\"1\" cellspacing=\"0\" cellpadding=\"0\">\n<tbody>\n<tr style=\"height: 23px;\">\n<td style=\"height: 23px;\">Ime izdelka<\/td>\n<td style=\"height: 23px;\">Zapah ro-ro platforme<\/td>\n<\/tr>\n<tr style=\"height: 47px;\">\n<td style=\"height: 47px;\">Zna\u010dilnosti:<\/td>\n<td style=\"height: 47px;\">Zaklenite zapah, ko je odsko\u010dna deska ali rampa ponovno na svojem mestu<\/td>\n<\/tr>\n<tr style=\"height: 71px;\">\n<td style=\"height: 71px;\">Specifikacija:<\/td>\n<td style=\"height: 71px;\">Specifikacije: 80\/50*S, 63\/40*S, 40\/28*S, spredaj in zadaj<br \/>\nIma tipsko odobritev DNVGL<br \/>\nZ izbiro standardne velikosti serije<\/td>\n<\/tr>\n<tr style=\"height: 47px;\">\n<td style=\"height: 47px;\">Tlak<\/td>\n<td style=\"height: 47px;\">25 MPa<br \/>\n(batnica iz nerjave\u010dega jekla)<\/td>\n<\/tr>\n<tr style=\"height: 23px;\">\n<td style=\"height: 23px;\">Uporaba:<\/td>\n<td style=\"height: 23px;\">Ro-ro platforma<\/td>\n<\/tr>\n<\/tbody>\n<\/table>\n<p><img loading=\"lazy\" decoding=\"async\" class=\"alignnone wp-image-769\" src=\"https:\/\/fmp-components.com\/wp-content\/uploads\/2024\/12\/Hydraulic-Self-Locking-Latch-Cylinder-for-Ro-Ro-Platform.webp\" alt=\"Hidravli\u010dni samozaporni zapahovalni valj za platformo Ro-Ro\" width=\"801\" height=\"313\" title=\"\"><\/p>\n<h2>Dvi\u017eni valj za ro-ro platformo<\/h2>\n<p><img loading=\"lazy\" decoding=\"async\" class=\"size-full wp-image-757 aligncenter\" src=\"https:\/\/fmp-components.com\/wp-content\/uploads\/2024\/12\/Ro-Ro-Platform-Jacking-Cylinder.webp\" alt=\"Dvi\u017eni valj za ro-ro platformo\" width=\"500\" height=\"200\" title=\"\" srcset=\"https:\/\/fmp-components.com\/wp-content\/uploads\/2024\/12\/Ro-Ro-Platform-Jacking-Cylinder.webp 500w, https:\/\/fmp-components.com\/wp-content\/uploads\/2024\/12\/Ro-Ro-Platform-Jacking-Cylinder-480x192.webp 480w\" sizes=\"(min-width: 0px) and (max-width: 480px) 480px, (min-width: 481px) 500px, 100vw\" \/><\/p>\n<table style=\"width: 89.281%; height: 179px;\" border=\"1\" cellspacing=\"0\" cellpadding=\"0\">\n<tbody>\n<tr>\n<td>Ime izdelka<\/td>\n<td>Dvi\u017eni valj za ro-ro platformo<\/td>\n<\/tr>\n<tr>\n<td>Zna\u010dilnosti:<\/td>\n<td>Umaknite odsko\u010dno desko in rampo<\/td>\n<\/tr>\n<tr>\n<td>Premer izvrtine:<\/td>\n<td>50 mm\uff5e125 mm<\/td>\n<\/tr>\n<tr>\n<td>Premer palice:<\/td>\n<td>25 mm\uff5e75 mm<br \/>\nHod \u2264 1000 mm<\/td>\n<\/tr>\n<tr>\n<td>Potisna sila:<\/td>\n<td>Najve\u010d 361 kN<br \/>\n(Premer izvrtine: 125 mm\/tlak 29,4 MPa)<\/td>\n<\/tr>\n<tr>\n<td>Uporaba:<\/td>\n<td>Ro-ro platforma<\/td>\n<\/tr>\n<\/tbody>\n<\/table>\n<p><img loading=\"lazy\" decoding=\"async\" class=\"alignnone wp-image-767\" src=\"https:\/\/fmp-components.com\/wp-content\/uploads\/2024\/12\/Ro-Ro-Platform-Jacking-Cylinder-1-1.webp\" alt=\"Ro-Ro-Platform-Jacking-Cylinder-1\" width=\"839\" height=\"529\" title=\"\"><\/p>\n<h2>Prednosti hidravli\u010dnega cilindra ro-ro platforme<\/h2>\n<p>Hidravli\u010dni cilinder za platformo Ro-Ro ponuja \u0161tevilne prednosti, ki izbolj\u0161ujejo zmogljivost in zanesljivost plovil Ro-Ro (ro-ro).<\/p>\n<p>Ena glavnih prednosti je njena <strong>h<\/strong>visoka nosilnost, ki omogo\u010da varno in u\u010dinkovito ravnanje s te\u017ekimi vozili in tovorom med nakladanjem in razkladanjem. To zagotavlja, da lahko platforma sprejme razli\u010dne tovore brez ogro\u017eanja varnosti.<\/p>\n<p>Hidravli\u010dni cilinder zagotavlja tudi natan\u010den nadzor, ki omogo\u010da gladko in natan\u010dno gibanje klan\u010din. Ta natan\u010dnost je klju\u010dnega pomena za prepre\u010devanje nesre\u010d in zagotavljanje varne vo\u017enje vozil na plo\u0161\u010dad in z nje.<\/p>\n<p>Jeklenka je izdelana iz robustnih materialov in je zasnovana tako, da prenese ostre pogoje morskega okolja, vklju\u010dno z izpostavljenostjo slani vodi in ekstremnim vremenskim razmeram. Ta vzdr\u017eljivost zagotavlja dolgotrajno delovanje in zmanj\u0161uje potrebo po pogostih zamenjavah ali popravilih.<\/p>\n<p>Druga pomembna prednost so izbolj\u0161ane varnostne funkcije, integrirane v hidravli\u010dno zasnovo. Te funkcije pomagajo prepre\u010diti nenamerno aktiviranje in prekomerno raztezanje ter tako za\u0161\u010ditijo tako osebje kot tovor med delovanjem.<\/p>\n<p>Vsestranskost hidravli\u010dnega cilindra omogo\u010da njegovo uporabo z razli\u010dnimi platformami Ro-Ro, zaradi \u010desar je prilagodljiv razli\u010dnim operativnim potrebam in pove\u010duje njegovo uporabnost v pomorski logistiki.<\/p>\n<p>Poleg tega zahteva malo vzdr\u017eevanja, kar pomaga zmanj\u0161ati \u010das izpada in obratovalne stro\u0161ke. Zasnova je osredoto\u010dena na zmanj\u0161anje obrabe, kar zagotavlja, da jeklenka ostane funkcionalna dlje \u010dasa.<\/p>\n<p>Nenazadnje gladko hidravli\u010dno delovanje, ki ga zagotavlja cilinder, prispeva k splo\u0161ni operativni u\u010dinkovitosti. Hitre nastavitve omogo\u010dajo hitrej\u0161e postopke nakladanja in razkladanja, kar izbolj\u0161uje \u010das obratovanja in produktivnost v pomorskem prometu.<\/p>\n<p>Na splo\u0161no je hidravli\u010dni cilinder za platformo Ro-Ro bistvenega pomena za optimizacijo u\u010dinkovitosti, varnosti in zanesljivosti plovil Ro-Ro v logisti\u010dni in ladijski industriji.<\/p>\n<p><img loading=\"lazy\" decoding=\"async\" class=\"alignnone wp-image-764\" src=\"https:\/\/fmp-components.com\/wp-content\/uploads\/2024\/12\/Ro-Ro-Platform-Jacking-Cylinder2.webp\" alt=\"Dvi\u017eni valj za ro-ro platformo\" width=\"935\" height=\"317\" title=\"\" srcset=\"https:\/\/fmp-components.com\/wp-content\/uploads\/2024\/12\/Ro-Ro-Platform-Jacking-Cylinder2.webp 935w, https:\/\/fmp-components.com\/wp-content\/uploads\/2024\/12\/Ro-Ro-Platform-Jacking-Cylinder2-480x163.webp 480w\" sizes=\"(min-width: 0px) and (max-width: 480px) 480px, (min-width: 481px) 935px, 100vw\" \/><\/p>\n<h2>Uporaba hidravli\u010dnega cilindra platforme Ro-Ro<\/h2>\n<p>Hidravli\u010dni cilinder za platformo Ro-Ro se uporablja v razli\u010dnih aplikacijah v pomorskem in logisti\u010dnem sektorju, kjer igra klju\u010dno vlogo pri izbolj\u0161anju u\u010dinkovitosti in varnosti plovil Ro-Ro (ro-ro). Tukaj je nekaj klju\u010dnih aplikacij:<\/p>\n<p>Pri prevozu vozil je hidravli\u010dni cilinder bistvenega pomena za dvigovanje in spu\u0161\u010danje ramp ro-ro plovil, kar omogo\u010da nemoteno natovarjanje in raztovarjanje avtomobilov, tovornjakov in drugih vozil. Ta uporaba je klju\u010dnega pomena za trajektne storitve in ladijske linije, ki preva\u017eajo vozila po vodah.<\/p>\n<p>Med ravnanjem s tovorom hidravli\u010dni cilinder olaj\u0161a premikanje razli\u010dnih vrst tovora, vklju\u010dno s te\u017ekimi stroji in opremo, kar zagotavlja varne in u\u010dinkovite prenose. Njegov natan\u010den nadzor omogo\u010da upravljavcem u\u010dinkovito upravljanje postopka nakladanja in zmanj\u0161anje tveganja nesre\u010d.<\/p>\n<p>V pomorski logistiki se hidravli\u010dni cilinder uporablja za optimizacijo delovanja ro-ro terminalov in dokov. Z omogo\u010danjem hitrega prilagajanja ramp pove\u010duje splo\u0161no u\u010dinkovitost nakladanja in razkladanja ter pomaga skraj\u0161ati \u010das obra\u010danja plovil.<\/p>\n<p>Hidravli\u010dni cilinder je klju\u010dnega pomena tudi pri trajektnih storitvah, kjer omogo\u010da hitro in varno vkrcavanje in izkrcavanje potnikov in vozil. Ta uporaba je bistvena za vzdr\u017eevanje voznih redov in zagotavljanje zadovoljstva strank v potni\u0161kem prometu.<\/p>\n<p>V gradbenih in infrastrukturnih projektih se plovila Ro-Ro, opremljena s hidravli\u010dnimi cilindri, uporabljajo za prevoz te\u017ekih materialov in opreme na lokacije na morju. Zaradi mo\u017enosti hitrega natovarjanja in raztovarjanja velikih predmetov so ta plovila idealna izbira za tak\u0161ne aplikacije.<\/p>\n<p>Poleg tega ima hidravli\u010dni cilinder vlogo pri operacijah odzivanja na nesre\u010de, kjer se lahko plovila ro-ro uporabljajo za prevoz re\u0161evalne opreme in osebja na prizadeta obmo\u010dja. U\u010dinkovite zmogljivosti nakladanja in razkladanja teh plovil so lahko klju\u010dnega pomena v scenarijih pomo\u010di ob nesre\u010dah.<\/p>\n<p>Na splo\u0161no je hidravli\u010dni cilinder platforme Ro-Ro sestavni del razli\u010dnih aplikacij in pomembno prispeva k u\u010dinkovitosti, varnosti in zanesljivosti pomorskih operacij v razli\u010dnih sektorjih.<\/p>\n<p><img loading=\"lazy\" decoding=\"async\" class=\"alignnone size-full wp-image-768\" src=\"https:\/\/fmp-components.com\/wp-content\/uploads\/2024\/12\/Ro-Ro-Platform-Latch-Cylinder-2.webp\" alt=\"Ro-Ro-Platform-Zapah-Cilinder-2\" width=\"1000\" height=\"520\" title=\"\" srcset=\"https:\/\/fmp-components.com\/wp-content\/uploads\/2024\/12\/Ro-Ro-Platform-Latch-Cylinder-2.webp 1000w, https:\/\/fmp-components.com\/wp-content\/uploads\/2024\/12\/Ro-Ro-Platform-Latch-Cylinder-2-980x510.webp 980w, https:\/\/fmp-components.com\/wp-content\/uploads\/2024\/12\/Ro-Ro-Platform-Latch-Cylinder-2-480x250.webp 480w\" sizes=\"(min-width: 0px) and (max-width: 480px) 480px, (min-width: 481px) and (max-width: 980px) 980px, (min-width: 981px) 1000px, 100vw\" \/><\/p>\n<h3>O FMP-ju<\/h3>\n<p>FMP je specializirano podjetje za mehansko proizvodnjo, ki se ukvarja s proizvodnjo hidravli\u010dnih cilindrov. Podjetje se \u017ee od ustanovitve osredoto\u010da na raziskave in proizvodnjo hidravli\u010dne tehnologije ter uspe\u0161no prehaja iz raznolike ponudbe izdelkov, ki je vklju\u010devala stroje za \u017eetev in gradbeni\u0161tvo, v specializacijo za komponente kmetijskih traktorjev. Z ve\u010d kot desetletjem izku\u0161enj v proizvodnji in upravljanju FMP zagotavlja visokokakovostne izdelke z naprednimi proizvodnimi tehnikami.<\/p>\n<p>Z razvojem podjetja je razvilo celovito proizvodno linijo za strojno obdelavo, monta\u017eno linijo in linijo za nana\u0161anje premazov. Na\u0161o ekipo sestavljajo usposobljeno vodstveno osebje, izku\u0161eni strojni oblikovalci in visoko usposobljeni tehniki, ki skupaj ohranjajo stabilno kakovost proizvodnje, hkrati pa u\u010dinkovito nadzorujejo neprekinjenost in u\u010dinkovitost procesov.<\/p>\n<p>FMP se dr\u017ei filozofije \u00bbTehnolo\u0161ke inovacije spodbujajo napredek, kakovost ustvarja blagovne znamke, obrtni\u0161ka spretnost zagotavlja kakovost in gradi dolgoro\u010dne odnose, v katere vsi pridobijo\u00ab. Na\u0161a zavezanost zagotavljanju visokokakovostnih izdelkov in vrhunski storitvi za stranke ostaja osrednji cilj, saj \u0161e naprej zadovoljujemo spreminjajo\u010de se potrebe trga.<\/p>\n<p><img loading=\"lazy\" decoding=\"async\" class=\"alignnone size-full wp-image-426\" src=\"https:\/\/fmp-components.com\/wp-content\/uploads\/2024\/12\/Sanitation-Machinery-Locking-Hydraulic-Cylinder-factory.webp\" sizes=\"(min-width: 0px) and (max-width: 480px) 480px, (min-width: 481px) and (max-width: 980px) 980px, (min-width: 981px) and (max-width: 1280px) 1280px, (min-width: 1281px) 1414px, 100vw\" srcset=\"https:\/\/fmp-components.com\/wp-content\/uploads\/2024\/12\/Sanitation-Machinery-Locking-Hydraulic-Cylinder-factory.webp 1414w, https:\/\/fmp-components.com\/wp-content\/uploads\/2024\/12\/Sanitation-Machinery-Locking-Hydraulic-Cylinder-factory-1280x529.webp 1280w, https:\/\/fmp-components.com\/wp-content\/uploads\/2024\/12\/Sanitation-Machinery-Locking-Hydraulic-Cylinder-factory-980x405.webp 980w, https:\/\/fmp-components.com\/wp-content\/uploads\/2024\/12\/Sanitation-Machinery-Locking-Hydraulic-Cylinder-factory-480x198.webp 480w\" alt=\"Tovarna sanitarnih strojev za zaklepanje hidravli\u010dnih valjev\" width=\"1414\" height=\"584\" title=\"\"><\/p>\n<p>Avtor: CX<\/p>","protected":false},"excerpt":{"rendered":"<p>Hidravli\u010dni cilinder za ro-ro platformo je klju\u010dna hidravli\u010dna komponenta, ki omogo\u010da u\u010dinkovito delovanje ro-ro plovil (roll-on\/roll-off). Ta cilinder je odgovoren za dvigovanje in spu\u0161\u010danje ramp platforme, kar omogo\u010da nemoteno natovarjanje in raztovarjanje vozil in tovora. Izdelan je iz visoko trdnih materialov in je zasnovan tako, da prenese zahtevno morsko okolje in podpira te\u017eke obremenitve, zna\u010dilne za ro-ro operacije, kar zagotavlja vzdr\u017eljivost in zanesljivost. Hidravli\u010dna zasnova omogo\u010da gladke in natan\u010dne gibe, kar pove\u010duje operativno u\u010dinkovitost in varnost med ravnanjem s tovorom. Ta hidravli\u010dni cilinder je bistvenega pomena za optimizacijo delovanja ro-ro platform in pomembno prispeva k u\u010dinkoviti pomorski logistiki in transportu.<\/p>","protected":false},"featured_media":756,"comment_status":"open","ping_status":"closed","template":"","meta":{"_et_pb_use_builder":"","_et_pb_old_content":"","_et_gb_content_width":""},"product_brand":[],"product_cat":[28],"product_tag":[],"class_list":{"0":"post-755","1":"product","2":"type-product","3":"status-publish","4":"has-post-thumbnail","6":"product_cat-offshore-hydraulic-cylinders","8":"first","9":"instock","10":"shipping-taxable","11":"product-type-simple"},"_links":{"self":[{"href":"https:\/\/fmp-components.com\/sl\/wp-json\/wp\/v2\/product\/755","targetHints":{"allow":["GET"]}}],"collection":[{"href":"https:\/\/fmp-components.com\/sl\/wp-json\/wp\/v2\/product"}],"about":[{"href":"https:\/\/fmp-components.com\/sl\/wp-json\/wp\/v2\/types\/product"}],"replies":[{"embeddable":true,"href":"https:\/\/fmp-components.com\/sl\/wp-json\/wp\/v2\/comments?post=755"}],"wp:featuredmedia":[{"embeddable":true,"href":"https:\/\/fmp-components.com\/sl\/wp-json\/wp\/v2\/media\/756"}],"wp:attachment":[{"href":"https:\/\/fmp-components.com\/sl\/wp-json\/wp\/v2\/media?parent=755"}],"wp:term":[{"taxonomy":"product_brand","embeddable":true,"href":"https:\/\/fmp-components.com\/sl\/wp-json\/wp\/v2\/product_brand?post=755"},{"taxonomy":"product_cat","embeddable":true,"href":"https:\/\/fmp-components.com\/sl\/wp-json\/wp\/v2\/product_cat?post=755"},{"taxonomy":"product_tag","embeddable":true,"href":"https:\/\/fmp-components.com\/sl\/wp-json\/wp\/v2\/product_tag?post=755"}],"curies":[{"name":"delovni list","href":"https:\/\/api.w.org\/{rel}","templated":true}]}}