{"id":751,"date":"2024-12-18T05:37:50","date_gmt":"2024-12-18T05:37:50","guid":{"rendered":"https:\/\/fmp-components.com\/?page_id=8"},"modified":"2024-12-18T05:39:02","modified_gmt":"2024-12-18T05:39:02","slug":"pile-driving-barge-luffing-cylinder","status":"publish","type":"product","link":"https:\/\/fmp-components.com\/sl\/product\/pile-driving-barge-luffing-cylinder\/","title":{"rendered":"Valj za dvigovanje pilotov bar\u017ee"},"content":{"rendered":"<p style=\"text-align: center;\"><span style=\"font-size: 18pt;\">Valj za dvigovanje pilotov bar\u017ee<\/span><\/p>\n<p>Dvigovalni cilinder za zabijanje pilotov je bistvena hidravli\u010dna komponenta, zasnovana za omogo\u010danje dvigovanja roke \u017eerjava na bar\u017eah za zabijanje pilotov. Ta cilinder igra klju\u010dno vlogo pri zagotavljanju potrebne sile za dvigovanje in spu\u0161\u010danje roke \u017eerjava, kar omogo\u010da natan\u010dno pozicioniranje zabijalnika med namestitvijo.<\/p>\n<p><img loading=\"lazy\" decoding=\"async\" class=\"alignnone size-full wp-image-754\" src=\"https:\/\/fmp-components.com\/wp-content\/uploads\/2024\/12\/Pile-Driving-Barge-Luffing-Cylinder-1-1.webp\" alt=\"Valj za zabijanje pilotov z bar\u017eo, ki dviga loputo, 1\" width=\"1024\" height=\"675\" title=\"\" srcset=\"https:\/\/fmp-components.com\/wp-content\/uploads\/2024\/12\/Pile-Driving-Barge-Luffing-Cylinder-1-1.webp 1024w, https:\/\/fmp-components.com\/wp-content\/uploads\/2024\/12\/Pile-Driving-Barge-Luffing-Cylinder-1-1-980x646.webp 980w, https:\/\/fmp-components.com\/wp-content\/uploads\/2024\/12\/Pile-Driving-Barge-Luffing-Cylinder-1-1-480x316.webp 480w\" sizes=\"(min-width: 0px) and (max-width: 480px) 480px, (min-width: 481px) and (max-width: 980px) 980px, (min-width: 981px) 1024px, 100vw\" \/><\/p>\n<h4>Klju\u010dne lastnosti:<\/h4>\n<ul>\n<li><strong>Visoka nosilnost:<\/strong> Dvi\u017eni valj, zasnovan za prena\u0161anje znatnih obremenitev, zagotavlja stabilno in nadzorovano gibanje roke \u017eerjava med zabijanjem pilotov.<\/li>\n<li><strong>Robustna konstrukcija:<\/strong> Ta valj, izdelan iz visoko trdnih materialov, je zasnovan tako, da prenese zahtevna morska okolja in visoke pritiske, povezane z zabijanjem pilotov, kar zagotavlja dolgotrajno vzdr\u017eljivost in zanesljivost.<\/li>\n<li><strong>Gladko delovanje:<\/strong> Napredna hidravli\u010dna zasnova omogo\u010da gladko in u\u010dinkovito prilagajanje, kar olaj\u0161a hitro in natan\u010dno pozicioniranje opreme za zabijanje pilotov.<\/li>\n<li><strong>Izbolj\u0161ana varnost:<\/strong> Opremljen z varnostnimi mehanizmi, ki prepre\u010dujejo prekomerno raztezanje in zagotavljajo varno delovanje, kar prispeva k splo\u0161ni varnosti zabijanja pilotov.<\/li>\n<li><strong>Vsestranska uporaba:<\/strong> Ta dvigalni valj, primeren za razli\u010dne vrste bar\u017e za zabijanje pilotov, se lahko prilagodi razli\u010dnim operativnim potrebam, zaradi \u010desar je idealen za raznolike projekte gradnje plovil.<\/li>\n<li><strong>Nizke zahteve glede vzdr\u017eevanja:<\/strong> Zasnovan je za minimalno obrabo, kar zmanj\u0161uje potrebo po pogostem vzdr\u017eevanju, kar prispeva k ve\u010dji produktivnosti in ni\u017ejim obratovalnim stro\u0161kom.<\/li>\n<\/ul>\n<p>Valj za dvigovanje pilotov za bar\u017ee je nepogre\u0161ljiv za optimizacijo delovanja operacij zabijanja pilotov, saj znatno izbolj\u0161a u\u010dinkovitost in uspe\u0161nost gradnje temeljev in projektov pomorske tehnike.<\/p>\n<h2>Valj za dvigovanje pilotov bar\u017ee<\/h2>\n<p><img loading=\"lazy\" decoding=\"async\" class=\"size-full wp-image-753 aligncenter\" src=\"https:\/\/fmp-components.com\/wp-content\/uploads\/2024\/12\/Pile-Driving-Barge-Luffing-Cylinder-1.webp\" alt=\"Valj za zabijanje pilotov, bar\u017eo in dvigovanje\" width=\"600\" height=\"600\" title=\"\" srcset=\"https:\/\/fmp-components.com\/wp-content\/uploads\/2024\/12\/Pile-Driving-Barge-Luffing-Cylinder-1.webp 600w, https:\/\/fmp-components.com\/wp-content\/uploads\/2024\/12\/Pile-Driving-Barge-Luffing-Cylinder-1-480x480.webp 480w\" sizes=\"(min-width: 0px) and (max-width: 480px) 480px, (min-width: 481px) 600px, 100vw\" \/><\/p>\n<table style=\"width: 97.7861%; height: 234px;\" border=\"1\" cellspacing=\"0\" cellpadding=\"0\">\n<tbody>\n<tr style=\"height: 23px;\">\n<td style=\"height: 23px; width: 12.6359%;\">Ime izdelka<\/td>\n<td style=\"height: 23px; width: 110.054%;\">Valj za dvigovanje pilotov bar\u017ee<\/td>\n<\/tr>\n<tr style=\"height: 47px;\">\n<td style=\"height: 47px; width: 12.6359%;\">Zna\u010dilnosti:<\/td>\n<td style=\"height: 47px; width: 110.054%;\">zanihajte okvir pilota in nosite obremenitev, prejeta zunanja sila pa ni le velika, ampak tudi kompleksna<\/td>\n<\/tr>\n<tr style=\"height: 47px;\">\n<td style=\"height: 47px; width: 12.6359%;\">Premer izvrtine:<\/td>\n<td style=\"height: 47px; width: 110.054%;\">Do 1400 mm<\/td>\n<\/tr>\n<tr style=\"height: 47px;\">\n<td style=\"height: 47px; width: 12.6359%;\">Premer palice:<\/td>\n<td style=\"height: 47px; width: 110.054%;\">Do 900 mm<br \/>\nHod do 15500 mm<\/td>\n<\/tr>\n<tr style=\"height: 47px;\">\n<td style=\"height: 47px; width: 12.6359%;\">Potisna sila:<\/td>\n<td style=\"height: 47px; width: 110.054%;\">28465KN<br \/>\n(tlak 25 MPa)<\/td>\n<\/tr>\n<tr style=\"height: 23px;\">\n<td style=\"height: 23px; width: 12.6359%;\">Uporaba:<\/td>\n<td style=\"height: 23px; width: 110.054%;\">Samodejna platforma za dvigovanje na morju<\/td>\n<\/tr>\n<\/tbody>\n<\/table>\n<h2>Uporaba cilindra za zabijanje pilotov<\/h2>\n<p>Valj za dvigovanje pilotov se uporablja v razli\u010dnih projektih pomorske gradnje in zabijanja pilotov, kjer igra klju\u010dno vlogo pri zagotavljanju stabilnosti in varnosti razli\u010dnih konstrukcij. Tukaj je nekaj klju\u010dnih uporab:<\/p>\n<p>Pri gradnji mostov so dvigalni valji bistveni za zabijanje pilotov v re\u010dno ali morsko dno, s \u010dimer se ustvarijo robustni temelji za mostne stebre in opornike. Ta postopek je klju\u010dnega pomena za zagotavljanje celovitosti mostne konstrukcije.<\/p>\n<p>Pri gradnji pomolov in pomolov ti valji olaj\u0161ajo namestitev pilotov, ki tvorijo stabilne temelje za pomole, pomole in druge obalne konstrukcije. Z varnim sidranjem teh temeljev lahko podpirajo obremenitve ladij in opreme za pretovarjanje tovora.<\/p>\n<p>Pri razvoju vetrnih elektrarn na morju se za postavitev temeljev za vetrne turbine na monopilote uporabljajo dvigalni valji. Njihove natan\u010dne zmogljivosti pozicioniranja omogo\u010dajo natan\u010dno zabijanje pilotov v morsko dno, kar zagotavlja varno podlago za turbine.<\/p>\n<p>Pri gradnji pomolov in konstrukcij za privezovanje plovil in za\u0161\u010dito pristani\u0161\u010d, ki so klju\u010dne za privezovanje plovil in za\u0161\u010dito pristani\u0161\u010d, se piloti z vzmetnimi valji uporabljajo za zabijanje pilotov v vodo ali morsko dno. To ustvarja trpe\u017ene temelje, ki prenesejo sile vode in plovil.<\/p>\n<p>Pri gradnji naftnih in plinskih plo\u0161\u010dadi so dvigalni cilindri klju\u010dnega pomena za zabijanje pilotov v morsko dno, ki tvorijo temelje za nosilno konstrukcijo plo\u0161\u010dadi. To zagotavlja stabilnost in varnost plo\u0161\u010dadi v zahtevnih pogojih na morju.<\/p>\n<p>Poleg tega pri projektih \u0161iritve pristani\u0161\u010d in poglabljanja dna dvigalni valji olaj\u0161ajo namestitev novih pilotov ali zamenjavo obstoje\u010dih. To je klju\u010dnega pomena za nadgradnjo infrastrukture za sprejem ve\u010djih plovil, pove\u010danje zmogljivosti pristani\u0161\u010da in izbolj\u0161anje navigacijskih kanalov.<\/p>\n<p>Na splo\u0161no je vsestranskost in u\u010dinkovitost cilindra za dvigovanje pilotov bar\u017e nepogre\u0161ljivo orodje v razli\u010dnih aplikacijah v pomorski gradnji.<\/p>\n<p><img loading=\"lazy\" decoding=\"async\" class=\"alignnone wp-image-752\" src=\"https:\/\/fmp-components.com\/wp-content\/uploads\/2024\/12\/Pile-Driving-Barge-Luffing-Cylinder.webp\" alt=\"Valj za dvigovanje pilotov bar\u017ee\" width=\"955\" height=\"480\" title=\"\" srcset=\"https:\/\/fmp-components.com\/wp-content\/uploads\/2024\/12\/Pile-Driving-Barge-Luffing-Cylinder.webp 955w, https:\/\/fmp-components.com\/wp-content\/uploads\/2024\/12\/Pile-Driving-Barge-Luffing-Cylinder-480x241.webp 480w\" sizes=\"(min-width: 0px) and (max-width: 480px) 480px, (min-width: 481px) 955px, 100vw\" \/><\/p>\n<h3>O FMP-ju<\/h3>\n<p>FMP je specializirano podjetje za mehansko proizvodnjo, ki se ukvarja s proizvodnjo hidravli\u010dnih cilindrov. Podjetje se \u017ee od ustanovitve osredoto\u010da na raziskave in proizvodnjo hidravli\u010dne tehnologije ter uspe\u0161no prehaja iz raznolike ponudbe izdelkov, ki je vklju\u010devala stroje za \u017eetev in gradbeni\u0161tvo, v specializacijo za komponente kmetijskih traktorjev. Z ve\u010d kot desetletjem izku\u0161enj v proizvodnji in upravljanju FMP zagotavlja visokokakovostne izdelke z naprednimi proizvodnimi tehnikami.<\/p>\n<p>Z razvojem podjetja je razvilo celovito proizvodno linijo za strojno obdelavo, monta\u017eno linijo in linijo za nana\u0161anje premazov. Na\u0161o ekipo sestavljajo usposobljeno vodstveno osebje, izku\u0161eni strojni oblikovalci in visoko usposobljeni tehniki, ki skupaj ohranjajo stabilno kakovost proizvodnje, hkrati pa u\u010dinkovito nadzorujejo neprekinjenost in u\u010dinkovitost procesov.<\/p>\n<p>FMP se dr\u017ei filozofije \u00bbTehnolo\u0161ke inovacije spodbujajo napredek, kakovost ustvarja blagovne znamke, obrtni\u0161ka spretnost zagotavlja kakovost in gradi dolgoro\u010dne odnose, v katere vsi pridobijo\u00ab. Na\u0161a zavezanost zagotavljanju visokokakovostnih izdelkov in vrhunski storitvi za stranke ostaja osrednji cilj, saj \u0161e naprej zadovoljujemo spreminjajo\u010de se potrebe trga.<\/p>\n<p><img loading=\"lazy\" decoding=\"async\" class=\"alignnone size-full wp-image-426\" src=\"https:\/\/fmp-components.com\/wp-content\/uploads\/2024\/12\/Sanitation-Machinery-Locking-Hydraulic-Cylinder-factory.webp\" sizes=\"(min-width: 0px) and (max-width: 480px) 480px, (min-width: 481px) and (max-width: 980px) 980px, (min-width: 981px) and (max-width: 1280px) 1280px, (min-width: 1281px) 1414px, 100vw\" srcset=\"https:\/\/fmp-components.com\/wp-content\/uploads\/2024\/12\/Sanitation-Machinery-Locking-Hydraulic-Cylinder-factory.webp 1414w, https:\/\/fmp-components.com\/wp-content\/uploads\/2024\/12\/Sanitation-Machinery-Locking-Hydraulic-Cylinder-factory-1280x529.webp 1280w, https:\/\/fmp-components.com\/wp-content\/uploads\/2024\/12\/Sanitation-Machinery-Locking-Hydraulic-Cylinder-factory-980x405.webp 980w, https:\/\/fmp-components.com\/wp-content\/uploads\/2024\/12\/Sanitation-Machinery-Locking-Hydraulic-Cylinder-factory-480x198.webp 480w\" alt=\"Tovarna sanitarnih strojev za zaklepanje hidravli\u010dnih valjev\" width=\"1414\" height=\"584\" title=\"\"><\/p>\n<p>Avtor: CX<\/p>","protected":false},"excerpt":{"rendered":"<p>Dvi\u017eni valj za zabijanje pilotov je klju\u010dna hidravli\u010dna komponenta, zasnovana za la\u017eje dvigovanje roke \u017eerjava na pilotnih bar\u017eah. Ta valj zagotavlja potrebno silo za dvigovanje in spu\u0161\u010danje roke, kar omogo\u010da natan\u010dno pozicioniranje pilota med namestitvijo. Izdelan je iz visoko trdnih materialov in je zasnovan tako, da prenese zahtevne pogoje morskega okolja, kar zagotavlja vzdr\u017eljivost in zanesljivost tudi pod visokim tlakom. Gladko hidravli\u010dno delovanje omogo\u010da hitre nastavitve, kar pove\u010duje operativno u\u010dinkovitost in varnost med zabijanjem pilotov. Ta dvigalni valj je bistvenega pomena za optimizacijo delovanja pilotnih bar\u017e in pomembno prispeva k u\u010dinkoviti gradnji temeljev in projektom pomorske gradnje.<\/p>","protected":false},"featured_media":753,"comment_status":"open","ping_status":"closed","template":"","meta":{"_et_pb_use_builder":"","_et_pb_old_content":"","_et_gb_content_width":""},"product_brand":[],"product_cat":[28],"product_tag":[],"class_list":{"0":"post-751","1":"product","2":"type-product","3":"status-publish","4":"has-post-thumbnail","6":"product_cat-offshore-hydraulic-cylinders","8":"first","9":"instock","10":"shipping-taxable","11":"product-type-simple"},"_links":{"self":[{"href":"https:\/\/fmp-components.com\/sl\/wp-json\/wp\/v2\/product\/751","targetHints":{"allow":["GET"]}}],"collection":[{"href":"https:\/\/fmp-components.com\/sl\/wp-json\/wp\/v2\/product"}],"about":[{"href":"https:\/\/fmp-components.com\/sl\/wp-json\/wp\/v2\/types\/product"}],"replies":[{"embeddable":true,"href":"https:\/\/fmp-components.com\/sl\/wp-json\/wp\/v2\/comments?post=751"}],"wp:featuredmedia":[{"embeddable":true,"href":"https:\/\/fmp-components.com\/sl\/wp-json\/wp\/v2\/media\/753"}],"wp:attachment":[{"href":"https:\/\/fmp-components.com\/sl\/wp-json\/wp\/v2\/media?parent=751"}],"wp:term":[{"taxonomy":"product_brand","embeddable":true,"href":"https:\/\/fmp-components.com\/sl\/wp-json\/wp\/v2\/product_brand?post=751"},{"taxonomy":"product_cat","embeddable":true,"href":"https:\/\/fmp-components.com\/sl\/wp-json\/wp\/v2\/product_cat?post=751"},{"taxonomy":"product_tag","embeddable":true,"href":"https:\/\/fmp-components.com\/sl\/wp-json\/wp\/v2\/product_tag?post=751"}],"curies":[{"name":"delovni list","href":"https:\/\/api.w.org\/{rel}","templated":true}]}}