{"id":7460,"date":"2025-03-26T08:31:31","date_gmt":"2025-03-26T08:31:31","guid":{"rendered":"https:\/\/fmp-components.com\/?post_type=product&#038;p=7460"},"modified":"2025-03-26T08:38:13","modified_gmt":"2025-03-26T08:38:13","slug":"spur-gears-european-standard","status":"publish","type":"product","link":"https:\/\/fmp-components.com\/sl\/product\/spur-gears-european-standard\/","title":{"rendered":"\u010celni zobniki (evropski standard)"},"content":{"rendered":"<div>\n<h3>Visokokakovostni \u010delni zobniki (evropski standard) podjetja FMP<\/h3>\n<p class=\"break-words\">FMP je vodilni italijanski proizvajalec \u010delnih zobnikov (evropski standard), ki ponuja \u0161iroko paleto \u010delnih zobnikov, zasnovanih za potrebe razli\u010dnih industrij. Na\u0161i \u010delni zobniki so skladni z evropskimi standardi, kot je standard DIN, kar zagotavlja izjemno natan\u010dnost in zanesljivost. Ne glede na to, ali delujete v strojni\u0161tvu, avtomobilski industriji ali letalski in vesoljski industriji, FMP ponuja vrhunske izdelke, prilagojene va\u0161im zahtevam. Poleg standardne ponudbe smo specializirani tudi za re\u0161itve \u010delnih zobnikov po meri. \u010ce na na\u0161em seznamu izdelkov ne najdete \u017eelenega modela, ne skrbite \u2013 to preprosto pomeni, da ga \u0161e nismo nalo\u017eili. Po\u0161ljite nam e-po\u0161to z va\u0161imi zahtevami in na\u0161i usposobljeni in\u017eenirji vam bodo v 24 urah odgovorili s profesionalno re\u0161itvijo.<\/p>\n<h3>Specifikacija<\/h3>\n<\/div>\n<p><img loading=\"lazy\" decoding=\"async\" class=\"size-full wp-image-7461 aligncenter\" src=\"https:\/\/fmp-components.com\/wp-content\/uploads\/2025\/03\/hex5.webp\" alt=\"\u010celni zobniki (evropski standard)\" width=\"664\" height=\"934\" title=\"\" srcset=\"https:\/\/fmp-components.com\/wp-content\/uploads\/2025\/03\/hex5.webp 664w, https:\/\/fmp-components.com\/wp-content\/uploads\/2025\/03\/hex5-480x675.webp 480w\" sizes=\"(min-width: 0px) and (max-width: 480px) 480px, (min-width: 481px) 664px, 100vw\" \/> <img loading=\"lazy\" decoding=\"async\" class=\"size-full wp-image-7462 aligncenter\" src=\"https:\/\/fmp-components.com\/wp-content\/uploads\/2025\/03\/hex5-1.webp\" alt=\"\u010celni zobniki (evropski standard)\" width=\"664\" height=\"918\" title=\"\" srcset=\"https:\/\/fmp-components.com\/wp-content\/uploads\/2025\/03\/hex5-1.webp 664w, https:\/\/fmp-components.com\/wp-content\/uploads\/2025\/03\/hex5-1-480x664.webp 480w\" sizes=\"(min-width: 0px) and (max-width: 480px) 480px, (min-width: 481px) 664px, 100vw\" \/><\/p>\n<div>\n<h3>Slu\u017eimo Italiji z lokalnim strokovnim znanjem<\/h3>\n<p class=\"break-words\">Na\u0161i izdelki so zaupanja vredni v Italiji in po vsem svetu, saj podjetjem zagotavljajo visokokakovostne re\u0161itve za orodja, ki jim pomagajo uspeti. Ko izberete FMP, sodelujete z italijanskim podjetjem, ki je zavezano odli\u010dnosti in zagotavlja standardne in prilagojene re\u0161itve. <a href=\"https:\/\/fmp-components.com\/sl\/spur-gear-2\/\">\u010delni zobniki<\/a> za izbolj\u0161anje va\u0161ega poslovanja. Stopite v stik z nami \u0161e danes in z na\u0161im strokovnim znanjem na podro\u010dju \u010delnih zobnikov (evropski standardi) bomo va\u0161emu podjetju pomagali uspevati!<\/p>\n<\/div>","protected":false},"excerpt":{"rendered":"<p>High-Quality Spur Gears (European Standard) by FMP FMP is a leading Italian manufacturer of Spur Gears (European Standard), offering a wide range of spur gears designed to meet the needs of various industries. Our spur gears comply with European standards, such as the DIN standard, ensuring exceptional precision and reliability. Whether you\u2019re in mechanical engineering, [&hellip;]<\/p>","protected":false},"featured_media":7463,"comment_status":"open","ping_status":"closed","template":"","meta":{"_et_pb_use_builder":"","_et_pb_old_content":"","_et_gb_content_width":""},"product_brand":[],"product_cat":[109],"product_tag":[],"class_list":{"0":"post-7460","1":"product","2":"type-product","3":"status-publish","4":"has-post-thumbnail","6":"product_cat-spur-gear","8":"first","9":"instock","10":"shipping-taxable","11":"product-type-simple"},"_links":{"self":[{"href":"https:\/\/fmp-components.com\/sl\/wp-json\/wp\/v2\/product\/7460","targetHints":{"allow":["GET"]}}],"collection":[{"href":"https:\/\/fmp-components.com\/sl\/wp-json\/wp\/v2\/product"}],"about":[{"href":"https:\/\/fmp-components.com\/sl\/wp-json\/wp\/v2\/types\/product"}],"replies":[{"embeddable":true,"href":"https:\/\/fmp-components.com\/sl\/wp-json\/wp\/v2\/comments?post=7460"}],"wp:featuredmedia":[{"embeddable":true,"href":"https:\/\/fmp-components.com\/sl\/wp-json\/wp\/v2\/media\/7463"}],"wp:attachment":[{"href":"https:\/\/fmp-components.com\/sl\/wp-json\/wp\/v2\/media?parent=7460"}],"wp:term":[{"taxonomy":"product_brand","embeddable":true,"href":"https:\/\/fmp-components.com\/sl\/wp-json\/wp\/v2\/product_brand?post=7460"},{"taxonomy":"product_cat","embeddable":true,"href":"https:\/\/fmp-components.com\/sl\/wp-json\/wp\/v2\/product_cat?post=7460"},{"taxonomy":"product_tag","embeddable":true,"href":"https:\/\/fmp-components.com\/sl\/wp-json\/wp\/v2\/product_tag?post=7460"}],"curies":[{"name":"delovni list","href":"https:\/\/api.w.org\/{rel}","templated":true}]}}