{"id":7451,"date":"2025-03-26T07:59:56","date_gmt":"2025-03-26T07:59:56","guid":{"rendered":"https:\/\/fmp-components.com\/?post_type=product&#038;p=7451"},"modified":"2025-03-26T08:37:56","modified_gmt":"2025-03-26T08:37:56","slug":"plastic-spur-gears","status":"publish","type":"product","link":"https:\/\/fmp-components.com\/sl\/product\/plastic-spur-gears\/","title":{"rendered":"Plasti\u010dni zobniki"},"content":{"rendered":"<h2>Plasti\u010dni zobniki: kakovost in prilagoditev<\/h2>\n<p class=\"break-words\">Plasti\u010dni zobniki so klju\u010dni sestavni deli sodobnih strojev in igrajo klju\u010dno vlogo v panogah, kot so avtomobilska, elektronika in medicinska oprema. Ti lahki in trpe\u017eni zobniki so zasnovani za u\u010dinkovit prenos gibanja, hkrati pa zmanj\u0161ujejo hrup in obrabo. V podjetju FMP smo ponosni, da smo vodilni proizvajalec plasti\u010dnih zobnikov. <a href=\"https:\/\/fmp-components.com\/sl\/spur-gear-2\/\">\u010celni zobniki<\/a>, ki ponuja \u0161iroko paleto standardnih mo\u017enosti in prilagoditev po meri, da zadosti va\u0161im specifi\u010dnim potrebam. Ne glede na to, ali imate sede\u017e v Milanu, Benetkah, Firencah ali Bologni, je FMP va\u0161 zaupanja vreden partner za visokokakovostne re\u0161itve zobnikov.<\/p>\n<table style=\"border-collapse: collapse; width: 98.5%; height: 51px;\" border=\"0\" width=\"240\" cellspacing=\"0\" cellpadding=\"0\">\n<tbody>\n<tr style=\"height: 14.40pt;\">\n<td style=\"height: 14.40pt; width: 48.00pt;\" align=\"right\" width=\"80\" height=\"24\">\u00a0\u00a0<img loading=\"lazy\" decoding=\"async\" class=\"size-full wp-image-7456 aligncenter\" src=\"https:\/\/fmp-components.com\/wp-content\/uploads\/2025\/03\/plastic-spur-gear-5_1.webp\" alt=\"plasti\u010dni zobnik\" width=\"600\" height=\"600\" title=\"\" srcset=\"https:\/\/fmp-components.com\/wp-content\/uploads\/2025\/03\/plastic-spur-gear-5_1.webp 600w, https:\/\/fmp-components.com\/wp-content\/uploads\/2025\/03\/plastic-spur-gear-5_1-480x480.webp 480w\" sizes=\"(min-width: 0px) and (max-width: 480px) 480px, (min-width: 481px) 600px, 100vw\" \/><\/td>\n<td style=\"width: 48.00pt;\" align=\"right\" width=\"80\"><img loading=\"lazy\" decoding=\"async\" class=\"size-full wp-image-7457 aligncenter\" src=\"https:\/\/fmp-components.com\/wp-content\/uploads\/2025\/03\/plastic-spur-gear-4_1.webp\" alt=\"plasti\u010dni zobnik\" width=\"800\" height=\"800\" title=\"\" srcset=\"https:\/\/fmp-components.com\/wp-content\/uploads\/2025\/03\/plastic-spur-gear-4_1.webp 800w, https:\/\/fmp-components.com\/wp-content\/uploads\/2025\/03\/plastic-spur-gear-4_1-480x480.webp 480w\" sizes=\"(min-width: 0px) and (max-width: 480px) 480px, (min-width: 481px) 800px, 100vw\" \/><\/td>\n<td style=\"width: 48.00pt;\" align=\"right\" width=\"80\"><img loading=\"lazy\" decoding=\"async\" class=\"size-full wp-image-7458 aligncenter\" src=\"https:\/\/fmp-components.com\/wp-content\/uploads\/2025\/03\/plastic-spur-gear-3.webp\" alt=\"plasti\u010dni zobnik\" width=\"600\" height=\"600\" title=\"\" srcset=\"https:\/\/fmp-components.com\/wp-content\/uploads\/2025\/03\/plastic-spur-gear-3.webp 600w, https:\/\/fmp-components.com\/wp-content\/uploads\/2025\/03\/plastic-spur-gear-3-480x480.webp 480w\" sizes=\"(min-width: 0px) and (max-width: 480px) 480px, (min-width: 481px) 600px, 100vw\" \/><\/td>\n<\/tr>\n<\/tbody>\n<\/table>\n<h3>FMP: Va\u0161 strokovni proizvajalec plasti\u010dnih zobnikov<\/h3>\n<p class=\"break-words\">FMP je profesionalni proizvajalec, specializiran za proizvodnjo plasti\u010dnih zobnikov. Z najsodobnej\u0161o tehnologijo in usposobljeno in\u017eenirsko ekipo zagotavljamo izdelke, ki izpolnjujejo stroge standarde kakovosti. Na\u0161a zavezanost odli\u010dnosti nas uvr\u0161\u010da med prednostne dobavitelje za podjetja po vsej Italiji in drugod.<\/p>\n<div>\n<h3>Zna\u010dilnosti plasti\u010dnih zobnikov FMP<\/h3>\n<p class=\"break-words\">Na\u0161i plasti\u010dni zobniki so izdelani iz vrhunskih materialov, kar zagotavlja izrazite prednosti pred tradicionalnimi kovinskimi alternativami. Tukaj je nekaj, kar lo\u010di na\u0161e izdelke od drugih:<\/p>\n<ul class=\"marker:text-secondary\">\n<li class=\"break-words\"><strong>Vzdr\u017eljivost<\/strong>Zasnovan za odpornost proti obrabi, kar zagotavlja dolgoro\u010dno zanesljivost tudi v zahtevnih pogojih.<\/li>\n<li class=\"break-words\"><strong>Lahka zasnova<\/strong>Idealno za uporabo, kjer je zmanj\u0161anje te\u017ee bistveno, na primer v prenosnih napravah ali vozilih.<\/li>\n<li class=\"break-words\"><strong>Tiho delovanje<\/strong>Zmanj\u0161uje hrup, zaradi \u010desar so idealni za okolja, ob\u010dutljiva na hrup, kot so zdravstvene ustanove ali pisarne.<\/li>\n<li class=\"break-words\"><strong>Odpornost proti koroziji<\/strong>Za razliko od kovinskih zobnikov so na\u0161i plasti\u010dni zobniki odporni na rjavenje in razgradnjo, kar zagotavlja vrhunsko delovanje v zahtevnih okoljih.<\/li>\n<\/ul>\n<p class=\"break-words\">Izdelujemo razli\u010dne vrste plasti\u010dnih zobnikov, ki ustrezajo razli\u010dnim aplikacijam, od standardnih modelov do specializiranih modelov z ve\u010djo trdnostjo ali edinstvenimi specifikacijami.<\/p>\n<div>\n<h2>Plasti\u010dni zobniki po meri, prilagojeni va\u0161im potrebam<\/h2>\n<p class=\"break-words\">Pri FMP razumemo, da standardne re\u0161itve ne ustrezajo vedno vsakemu projektu. Zato ponujamo celovite storitve prilagajanja. Ne glede na to, ali potrebujete dolo\u010deno velikost, material ali konfiguracijo, je na\u0161a ekipa opremljena za na\u010drtovanje in izdelavo plasti\u010dnih zobnikov z \u010delnimi zobniki po va\u0161ih natan\u010dnih specifikacijah.<\/p>\n<p class=\"break-words\">\u010ce na na\u0161em seznamu izdelkov ne najdete modela, ki ga potrebujete, ne skrbite \u2013 to lahko preprosto pomeni, da nismo imeli mo\u017enosti posodobiti na\u0161ega kataloga. Prosimo, kontaktirajte nas po e-po\u0161ti na naslovu <a href=\"mailto:info@fmpcomponents.it\">info@fmpcomponents.it<\/a>\u00a0s podrobnostmi o va\u0161ih zahtevah. Na\u0161i in\u017eenirji se vam bodo odzvali v 24 urah ter vam zagotovili strokovno svetovanje in prilagojeno re\u0161itev, ki bo ustrezala va\u0161im potrebam.<\/p>\n<table style=\"border-collapse: collapse; width: 98.5%; height: 41px;\" border=\"0\" width=\"240\" cellspacing=\"0\" cellpadding=\"0\">\n<tbody>\n<tr style=\"height: 14.40pt;\">\n<td style=\"height: 14.40pt; width: 48.00pt;\" align=\"right\" width=\"80\" height=\"24\"><img loading=\"lazy\" decoding=\"async\" class=\"size-full wp-image-7455 aligncenter\" src=\"https:\/\/fmp-components.com\/wp-content\/uploads\/2025\/03\/plastic-spur-gear-6_1.webp\" alt=\"plasti\u010dni zobnik\" width=\"600\" height=\"600\" title=\"\" srcset=\"https:\/\/fmp-components.com\/wp-content\/uploads\/2025\/03\/plastic-spur-gear-6_1.webp 600w, https:\/\/fmp-components.com\/wp-content\/uploads\/2025\/03\/plastic-spur-gear-6_1-480x480.webp 480w\" sizes=\"(min-width: 0px) and (max-width: 480px) 480px, (min-width: 481px) 600px, 100vw\" \/><\/td>\n<td style=\"width: 48.00pt;\" align=\"right\" width=\"80\"><img loading=\"lazy\" decoding=\"async\" class=\"alignnone size-full wp-image-7459\" src=\"https:\/\/fmp-components.com\/wp-content\/uploads\/2025\/03\/plastic-spur-gear-2.webp\" alt=\"plasti\u010dni zobnik\" width=\"720\" height=\"720\" title=\"\" srcset=\"https:\/\/fmp-components.com\/wp-content\/uploads\/2025\/03\/plastic-spur-gear-2.webp 720w, https:\/\/fmp-components.com\/wp-content\/uploads\/2025\/03\/plastic-spur-gear-2-480x480.webp 480w\" sizes=\"(min-width: 0px) and (max-width: 480px) 480px, (min-width: 481px) 720px, 100vw\" \/><\/td>\n<td style=\"width: 48.00pt;\" align=\"right\" width=\"80\"><img loading=\"lazy\" decoding=\"async\" class=\"alignnone size-full wp-image-7454\" src=\"https:\/\/fmp-components.com\/wp-content\/uploads\/2025\/03\/plastic-spur-gear-7.webp\" alt=\"plasti\u010dni zobnik\" width=\"600\" height=\"600\" title=\"\" srcset=\"https:\/\/fmp-components.com\/wp-content\/uploads\/2025\/03\/plastic-spur-gear-7.webp 600w, https:\/\/fmp-components.com\/wp-content\/uploads\/2025\/03\/plastic-spur-gear-7-480x480.webp 480w\" sizes=\"(min-width: 0px) and (max-width: 480px) 480px, (min-width: 481px) 600px, 100vw\" \/><\/td>\n<\/tr>\n<\/tbody>\n<\/table>\n<\/div>\n<\/div>","protected":false},"excerpt":{"rendered":"<p>Plastic Spur Gears: Quality and Customization Plastic Spur Gears are vital components in modern machinery, playing a key role in industries such as automotive, electronics, and medical equipment. These lightweight, durable gears are designed to transmit motion efficiently while reducing noise and wear. At FMP, we take pride in being a leading manufacturer of Plastic [&hellip;]<\/p>","protected":false},"featured_media":7452,"comment_status":"open","ping_status":"closed","template":"","meta":{"_et_pb_use_builder":"","_et_pb_old_content":"","_et_gb_content_width":""},"product_brand":[],"product_cat":[109],"product_tag":[],"class_list":{"0":"post-7451","1":"product","2":"type-product","3":"status-publish","4":"has-post-thumbnail","6":"product_cat-spur-gear","8":"first","9":"instock","10":"shipping-taxable","11":"product-type-simple"},"_links":{"self":[{"href":"https:\/\/fmp-components.com\/sl\/wp-json\/wp\/v2\/product\/7451","targetHints":{"allow":["GET"]}}],"collection":[{"href":"https:\/\/fmp-components.com\/sl\/wp-json\/wp\/v2\/product"}],"about":[{"href":"https:\/\/fmp-components.com\/sl\/wp-json\/wp\/v2\/types\/product"}],"replies":[{"embeddable":true,"href":"https:\/\/fmp-components.com\/sl\/wp-json\/wp\/v2\/comments?post=7451"}],"wp:featuredmedia":[{"embeddable":true,"href":"https:\/\/fmp-components.com\/sl\/wp-json\/wp\/v2\/media\/7452"}],"wp:attachment":[{"href":"https:\/\/fmp-components.com\/sl\/wp-json\/wp\/v2\/media?parent=7451"}],"wp:term":[{"taxonomy":"product_brand","embeddable":true,"href":"https:\/\/fmp-components.com\/sl\/wp-json\/wp\/v2\/product_brand?post=7451"},{"taxonomy":"product_cat","embeddable":true,"href":"https:\/\/fmp-components.com\/sl\/wp-json\/wp\/v2\/product_cat?post=7451"},{"taxonomy":"product_tag","embeddable":true,"href":"https:\/\/fmp-components.com\/sl\/wp-json\/wp\/v2\/product_tag?post=7451"}],"curies":[{"name":"delovni list","href":"https:\/\/api.w.org\/{rel}","templated":true}]}}