{"id":7437,"date":"2025-03-26T06:16:07","date_gmt":"2025-03-26T06:16:07","guid":{"rendered":"https:\/\/fmp-components.com\/?post_type=product&#038;p=7437"},"modified":"2025-03-26T08:37:43","modified_gmt":"2025-03-26T08:37:43","slug":"nylon-spur-gears","status":"publish","type":"product","link":"https:\/\/fmp-components.com\/sl\/product\/nylon-spur-gears\/","title":{"rendered":"Najlonski zobniki"},"content":{"rendered":"<h2>Kaj so najlonski zobniki?<\/h2>\n<p class=\"break-words\">Najlon <a href=\"https:\/\/fmp-components.com\/sl\/spur-gear-2\/\">\u010celni zobniki<\/a> so vrsta plasti\u010dnih zobnikov, ki se zaradi svojih izjemnih lastnosti pogosto uporabljajo v razli\u010dnih panogah. Ti zobniki so izdelani iz in\u017eenirskih plastik, kot sta MC najlon (polamidna smola) in poliacetal (POM), in imajo ravne zobe na valjasti povr\u0161ini, zaradi \u010desar so idealni za prenos gibanja in mo\u010di med vzporednima gredema. Njihov pomen sega v panoge, kot so proizvodnja hrane, potro\u0161ni\u0161ka elektronika, kemikalije, igra\u010de in medicinska oprema, zaradi lahke zasnove, odpornosti proti rjavenju in tihega delovanja.<\/p>\n<p><img loading=\"lazy\" decoding=\"async\" class=\"size-full wp-image-7447 aligncenter\" src=\"https:\/\/fmp-components.com\/wp-content\/uploads\/2025\/03\/Nylon-Spur-Gears-2.webp\" alt=\"Najlonski zobniki\" width=\"1024\" height=\"800\" title=\"\" srcset=\"https:\/\/fmp-components.com\/wp-content\/uploads\/2025\/03\/Nylon-Spur-Gears-2.webp 1024w, https:\/\/fmp-components.com\/wp-content\/uploads\/2025\/03\/Nylon-Spur-Gears-2-980x766.webp 980w, https:\/\/fmp-components.com\/wp-content\/uploads\/2025\/03\/Nylon-Spur-Gears-2-480x375.webp 480w\" sizes=\"(min-width: 0px) and (max-width: 480px) 480px, (min-width: 481px) and (max-width: 980px) 980px, (min-width: 981px) 1024px, 100vw\" \/><\/p>\n<div>\n<h2>Zakaj izbrati najlonske zobnike?<\/h2>\n<h3>Klju\u010dne prednosti<\/h3>\n<ul class=\"marker:text-secondary\">\n<li class=\"break-words\"><strong>Lahka<\/strong>V primerjavi s kovinskimi zobniki najlonski zobniki znatno zmanj\u0161ajo te\u017eo strojev in pove\u010dajo u\u010dinkovitost.<\/li>\n<li class=\"break-words\"><strong>Odporno proti rji<\/strong>Za razliko od jekla najlon ne korodira, zaradi \u010desar je idealen za vla\u017ena ali korozivna okolja.<\/li>\n<li class=\"break-words\"><strong>Tiho delovanje<\/strong>Njihova inherentna mazljivost zagotavlja gladko in tiho delovanje, idealno za potro\u0161ni\u0161ko elektroniko ali medicinske pripomo\u010dke.<\/li>\n<li class=\"break-words\"><strong>Samomazalno<\/strong>\u0160tevilni najlonski zobniki delujejo brez dodatnega mazanja v kombinaciji s kovinskimi zobniki, kar zmanj\u0161uje stro\u0161ke vzdr\u017eevanja.<\/li>\n<li class=\"break-words\"><strong>Stro\u0161kovno u\u010dinkovito<\/strong>Brizganje omogo\u010da obse\u017eno proizvodnjo po ni\u017ejih stro\u0161kih.<\/li>\n<\/ul>\n<h3>Aplikacije po vsej Italiji<\/h3>\n<p class=\"break-words\">Od obratov za predelavo hrane v Milanu do proizvodnje igra\u010d v Firencah in proizvodnje medicinske opreme v Bologni so najlonski zobniki vsestranska izbira. V Benetkah, kjer je odpornost proti vlagi zaradi vla\u017enega podnebja klju\u010dnega pomena, se izka\u017eejo njihove lastnosti proti rjavenju.<\/p>\n<h2>Materiali, ki stojijo za \u010darovnijo<\/h2>\n<p class=\"break-words\">Podjetje FMP uporablja visokozmogljive plastike, kot so:<\/p>\n<ul class=\"marker:text-secondary\">\n<li class=\"break-words\"><strong>MC najlon<\/strong>Znan po izbolj\u0161ani trdnosti in toplotni stabilnosti, je osnovni element v na\u0161ih standardnih serijah PS in PSA.<\/li>\n<li class=\"break-words\"><strong>Acetalni kopolimer (POM)<\/strong>Kristalni termoplast, ki ponuja odli\u010dno kemi\u010dno odpornost in vzdr\u017eljivost, uporablja se v na\u0161ih brizganih zobnikih.<\/li>\n<\/ul>\n<p class=\"break-words\">Za zahtevne aplikacije \u2013 na primer tiste z velikimi temperaturnimi nihanji ali velikimi obremenitvami \u2013 lahko vgradimo kovinska pesta (npr. S45C ali nerjave\u010de jeklo), ki so spojena ali privita na najlonske zobe, kar zagotavlja vzdr\u017eljivost brez \u017ertvovanja prednosti plastike.<\/p>\n<h3>Mehanske in toplotne lastnosti<\/h3>\n<p class=\"break-words\">Tukaj je kratek pregled tega, zaradi \u010desar ti materiali izstopajo:<\/p>\n<div class=\"overflow-x-auto my-2\">\n<table style=\"width: 100%;\" border=\"1\" width=\"100%\" cellspacing=\"0\" cellpadding=\"0\">\n<thead class=\"border-b border-primary\/20\">\n<tr class=\"border-primary\/10\">\n<th class=\"break-words\"><strong>Nepremi\u010dnina<\/strong><\/th>\n<th class=\"break-words\"><strong>MC najlon<\/strong><\/th>\n<th class=\"break-words\"><strong>Acetalni kopolimer<\/strong><\/th>\n<\/tr>\n<\/thead>\n<tbody>\n<tr class=\"border-primary\/10\">\n<td class=\"break-words\"><strong>Natezna trdnost<\/strong><\/td>\n<td class=\"break-words\">Visoka<\/td>\n<td class=\"break-words\">Zmerno<\/td>\n<\/tr>\n<tr class=\"border-primary\/10\">\n<td class=\"break-words\"><strong>Toplotno raztezanje<\/strong><\/td>\n<td class=\"break-words\">9\u00d710\u207b\u2075 \/\u00b0C<\/td>\n<td class=\"break-words\">Ni\u017eje od najlona<\/td>\n<\/tr>\n<tr class=\"border-primary\/10\">\n<td class=\"break-words\"><strong>Kemi\u010dna odpornost<\/strong><\/td>\n<td class=\"break-words\">Odli\u010dno<\/td>\n<td class=\"break-words\">Odli\u010dno<\/td>\n<\/tr>\n<tr class=\"border-primary\/10\">\n<td class=\"break-words\"><strong>Absorpcija vode<\/strong><\/td>\n<td class=\"break-words\">Vi\u0161je<\/td>\n<td class=\"break-words\">Spodnje<\/td>\n<\/tr>\n<\/tbody>\n<\/table>\n<\/div>\n<p class=\"break-words\"><em>Opomba<\/em>Podatki za MC Nylon temeljijo na suhih pogojih; trdnost se zmanj\u0161uje z nara\u0161\u010danjem temperature ali absorpcijo vlage.<\/p>\n<div>\n<h4>Primer spremembe dimenzij<\/h4>\n<p class=\"break-words\">Predstavljajte si zobni\u0161ko letev iz najlona MC (dol\u017eine 1010 mm) pri 20 \u00b0C. \u010ce se temperatura dvigne na 40 \u00b0C:<\/p>\n<ul class=\"marker:text-secondary\">\n<li class=\"break-words\"><strong>Koeficient linearnega raztezanja<\/strong>: 9\u00d710\u207b\u2075 \/\u00b0C<\/li>\n<li class=\"break-words\"><strong>Izra\u010dun<\/strong>Sprememba dimenzij = 9 \u00d7 10\u207b\u2075 \u00d7 1010 mm \u00d7 20\u00b0C = 1,818 mm<\/li>\n<\/ul>\n<p class=\"break-words\">Ta raztezek poudarja potrebo po upo\u0161tevanju toplotnih in vla\u017enih vplivov pri na\u010drtovanju \u2013 kar in\u017eenirji FMP strokovno obravnavajo.<\/p>\n<div>\n<h2>Podjetje FMP: Va\u0161i strokovnjaki za najlonska zobni\u0161ka orodja<\/h2>\n<p class=\"break-words\">Ob <strong>Podjetje FMP<\/strong>, specializirani smo za proizvodnjo \u0161iroke palete najlonskih zobnikov, ki ustrezajo razli\u010dnim potrebam po vsej Italiji in drugod. Na\u0161a ponudba vklju\u010duje:<\/p>\n<ul class=\"marker:text-secondary\">\n<li class=\"break-words\"><strong>Serija DSL<\/strong>Enostavna pritrditev zobnikov in osi.<\/li>\n<li class=\"break-words\"><strong>Serija NSU in PU<\/strong>Najlonski zobje s kovinskimi jedri za ve\u010djo trdnost in la\u017ejo obdelavo.<\/li>\n<li class=\"break-words\"><strong>Serija PS in PSA<\/strong>Standardne mo\u017enosti iz MC najlona, \u200b\u200bpri \u010demer ima PSA zasnovo brez izboklin.<\/li>\n<li class=\"break-words\"><strong>Serija DS<\/strong>Stro\u0161kovno u\u010dinkoviti zobniki z nizko trdnostjo, izdelani z brizganjem.<\/li>\n<\/ul>\n<h3>Re\u0161itve po meri<\/h3>\n<p class=\"break-words\">Ne najdete modela, ki ga potrebujete, v na\u0161em katalogu? Ni problema! Podjetje FMP blesti pri naro\u010dilih po meri. Ne glede na to, ali ste v Milanu in oblikujete potro\u0161ni\u0161ko elektroniko, ali v Benetkah in izdelujete kemi\u010dno opremo, bomo izdelali zobnike po meri va\u0161ih specifikacij. \u010ce modela ni na seznamu, to preprosto pomeni, da ga \u0161e nismo nalo\u017eili. Po\u0161ljite nam e-po\u0161to na <a href=\"mailto:info@fmpcomponents.it\">info@fmpcomponents.it<\/a> z va\u0161imi zahtevami, na\u0161i in\u017eenirji pa se bodo odzvali v <strong>24 ur<\/strong> z re\u0161itvijo.<\/p>\n<table style=\"border-collapse: collapse; width: 99.375%; height: 66px;\" border=\"0\" width=\"240\" cellspacing=\"0\" cellpadding=\"0\">\n<tbody>\n<tr style=\"height: 14.40pt;\">\n<td style=\"height: 14.40pt; width: 48.00pt;\" align=\"right\" width=\"80\" height=\"24\"><img loading=\"lazy\" decoding=\"async\" class=\"alignnone size-full wp-image-7448\" src=\"https:\/\/fmp-components.com\/wp-content\/uploads\/2025\/03\/nylon-spur-gear-5.webp\" alt=\"najlonski zobnik\" width=\"768\" height=\"768\" title=\"\" srcset=\"https:\/\/fmp-components.com\/wp-content\/uploads\/2025\/03\/nylon-spur-gear-5.webp 768w, https:\/\/fmp-components.com\/wp-content\/uploads\/2025\/03\/nylon-spur-gear-5-480x480.webp 480w\" sizes=\"(min-width: 0px) and (max-width: 480px) 480px, (min-width: 481px) 768px, 100vw\" \/><\/td>\n<td style=\"width: 48.00pt;\" align=\"right\" width=\"80\"><img loading=\"lazy\" decoding=\"async\" class=\"alignnone size-full wp-image-7449\" src=\"https:\/\/fmp-components.com\/wp-content\/uploads\/2025\/03\/nylon-spur-gear-6.webp\" alt=\"najlonski zobnik\" width=\"750\" height=\"750\" title=\"\" srcset=\"https:\/\/fmp-components.com\/wp-content\/uploads\/2025\/03\/nylon-spur-gear-6.webp 750w, https:\/\/fmp-components.com\/wp-content\/uploads\/2025\/03\/nylon-spur-gear-6-480x480.webp 480w\" sizes=\"(min-width: 0px) and (max-width: 480px) 480px, (min-width: 481px) 750px, 100vw\" \/><\/td>\n<td style=\"width: 48.00pt;\" align=\"right\" width=\"80\"><img loading=\"lazy\" decoding=\"async\" class=\"alignnone size-full wp-image-7450\" src=\"https:\/\/fmp-components.com\/wp-content\/uploads\/2025\/03\/nylon-spur-gear-7.webp\" alt=\"najlonski zobnik\" width=\"540\" height=\"540\" title=\"\" srcset=\"https:\/\/fmp-components.com\/wp-content\/uploads\/2025\/03\/nylon-spur-gear-7.webp 540w, https:\/\/fmp-components.com\/wp-content\/uploads\/2025\/03\/nylon-spur-gear-7-480x480.webp 480w\" sizes=\"(min-width: 0px) and (max-width: 480px) 480px, (min-width: 481px) 540px, 100vw\" \/><\/td>\n<\/tr>\n<\/tbody>\n<\/table>\n<\/div>\n<\/div>\n<\/div>","protected":false},"excerpt":{"rendered":"<p>What Are Nylon Spur Gears? Nylon Spur Gears are a type of plastic gear widely used across industries for their exceptional properties. Made from engineering plastics like MC Nylon (a polyamide resin) and polyacetal (POM), these gears feature straight teeth on a cylindrical surface, making them ideal for transmitting motion and power between parallel shafts. [&hellip;]<\/p>","protected":false},"featured_media":7445,"comment_status":"open","ping_status":"closed","template":"","meta":{"_et_pb_use_builder":"","_et_pb_old_content":"","_et_gb_content_width":""},"product_brand":[],"product_cat":[109],"product_tag":[],"class_list":{"0":"post-7437","1":"product","2":"type-product","3":"status-publish","4":"has-post-thumbnail","6":"product_cat-spur-gear","8":"first","9":"instock","10":"shipping-taxable","11":"product-type-simple"},"_links":{"self":[{"href":"https:\/\/fmp-components.com\/sl\/wp-json\/wp\/v2\/product\/7437","targetHints":{"allow":["GET"]}}],"collection":[{"href":"https:\/\/fmp-components.com\/sl\/wp-json\/wp\/v2\/product"}],"about":[{"href":"https:\/\/fmp-components.com\/sl\/wp-json\/wp\/v2\/types\/product"}],"replies":[{"embeddable":true,"href":"https:\/\/fmp-components.com\/sl\/wp-json\/wp\/v2\/comments?post=7437"}],"wp:featuredmedia":[{"embeddable":true,"href":"https:\/\/fmp-components.com\/sl\/wp-json\/wp\/v2\/media\/7445"}],"wp:attachment":[{"href":"https:\/\/fmp-components.com\/sl\/wp-json\/wp\/v2\/media?parent=7437"}],"wp:term":[{"taxonomy":"product_brand","embeddable":true,"href":"https:\/\/fmp-components.com\/sl\/wp-json\/wp\/v2\/product_brand?post=7437"},{"taxonomy":"product_cat","embeddable":true,"href":"https:\/\/fmp-components.com\/sl\/wp-json\/wp\/v2\/product_cat?post=7437"},{"taxonomy":"product_tag","embeddable":true,"href":"https:\/\/fmp-components.com\/sl\/wp-json\/wp\/v2\/product_tag?post=7437"}],"curies":[{"name":"delovni list","href":"https:\/\/api.w.org\/{rel}","templated":true}]}}