{"id":7435,"date":"2025-03-26T05:47:29","date_gmt":"2025-03-26T05:47:29","guid":{"rendered":"https:\/\/fmp-components.com\/?post_type=product&#038;p=7435"},"modified":"2025-03-26T08:37:19","modified_gmt":"2025-03-26T08:37:19","slug":"plastic-double-spur-gear","status":"publish","type":"product","link":"https:\/\/fmp-components.com\/sl\/product\/plastic-double-spur-gear\/","title":{"rendered":"Plasti\u010dni dvojni zobnik"},"content":{"rendered":"<div>\n<h2>Visokokakovostni plasti\u010dni dvojni zobniki za italijansko industrijo<\/h2>\n<p class=\"break-words\">Plasti\u010dni dvojni zobniki so bistveni sestavni deli v najrazli\u010dnej\u0161ih strojih, od industrijske opreme do potro\u0161ni\u0161kih izdelkov. Ti zobniki, znani po svoji vzdr\u017eljivosti, natan\u010dnosti in u\u010dinkovitosti, igrajo klju\u010dno vlogo pri zagotavljanju nemotenega mehanskega delovanja. V podjetju FMP smo specializirani za proizvodnjo visokokakovostnih plasti\u010dnih dvojnih zobnikov. <a href=\"https:\/\/fmp-components.com\/sl\/spur-gear-2\/\">\u010celni zobniki<\/a>, ki ponuja razli\u010dne standardne modele in re\u0161itve po meri, ki ustrezajo edinstvenim potrebam podjetij po vsej Italiji. Ne glede na to, ali se nahajate v \u017eivahnih industrijskih sredi\u0161\u010dih Milana, zgodovinskih ulicah Firenc, kulturnem sredi\u0161\u010du Benetk ali inovativnih sredi\u0161\u010dih Bologne, je FMP va\u0161 zaupanja vreden partner za zanesljive in u\u010dinkovite re\u0161itve za opremo.<\/p>\n<h3>Kaj so plasti\u010dni dvojni zobniki?<\/h3>\n<p class=\"break-words\">Plasti\u010dni dvojni zobniki so vrsta zobni\u0161kega sistema, sestavljenega iz dveh vzporednih zobnikov, name\u0161\u010denih na eni gredi. Zasnovani so za prenos gibanja in mo\u010di med vzporednima gredema, kar zagotavlja gladek in u\u010dinkovit prenos navora. Ti zobniki, izdelani iz visokokakovostnih plasti\u010dnih materialov, ponujajo ve\u010d prednosti pred tradicionalnimi kovinskimi zobniki, vklju\u010dno z manj\u0161o te\u017eo, odpornostjo proti koroziji in ti\u0161jim delovanjem. Zaradi svoje vsestranskosti so idealni za razli\u010dne aplikacije, kot so avtomobilski sistemi, robotika, medicinski pripomo\u010dki in gospodinjski aparati.<\/p>\n<table style=\"border-collapse: collapse; width: 102.903%; height: 10px;\" border=\"0\" width=\"160\" cellspacing=\"0\" cellpadding=\"0\">\n<tbody>\n<tr style=\"height: 14.40pt;\">\n<td style=\"height: 10px; width: 48pt;\" align=\"right\" width=\"80\" height=\"24\"><img loading=\"lazy\" decoding=\"async\" class=\"size-full wp-image-7441 alignnone\" src=\"https:\/\/fmp-components.com\/wp-content\/uploads\/2025\/03\/Plastic-Double-Spur-Gear-6.webp\" alt=\"Plasti\u010dni dvojni zobnik\" width=\"1000\" height=\"1000\" title=\"\" srcset=\"https:\/\/fmp-components.com\/wp-content\/uploads\/2025\/03\/Plastic-Double-Spur-Gear-6.webp 1000w, https:\/\/fmp-components.com\/wp-content\/uploads\/2025\/03\/Plastic-Double-Spur-Gear-6-980x980.webp 980w, https:\/\/fmp-components.com\/wp-content\/uploads\/2025\/03\/Plastic-Double-Spur-Gear-6-480x480.webp 480w\" sizes=\"(min-width: 0px) and (max-width: 480px) 480px, (min-width: 481px) and (max-width: 980px) 980px, (min-width: 981px) 1000px, 100vw\" \/><\/td>\n<td style=\"width: 48pt; height: 10px;\" align=\"right\" width=\"80\"><img loading=\"lazy\" decoding=\"async\" class=\"size-full wp-image-7440 aligncenter\" src=\"https:\/\/fmp-components.com\/wp-content\/uploads\/2025\/03\/Plastic-Double-Spur-Gear-5.webp\" alt=\"Plasti\u010dni dvojni zobnik\" width=\"1000\" height=\"1000\" title=\"\" srcset=\"https:\/\/fmp-components.com\/wp-content\/uploads\/2025\/03\/Plastic-Double-Spur-Gear-5.webp 1000w, https:\/\/fmp-components.com\/wp-content\/uploads\/2025\/03\/Plastic-Double-Spur-Gear-5-980x980.webp 980w, https:\/\/fmp-components.com\/wp-content\/uploads\/2025\/03\/Plastic-Double-Spur-Gear-5-480x480.webp 480w\" sizes=\"(min-width: 0px) and (max-width: 480px) 480px, (min-width: 481px) and (max-width: 980px) 980px, (min-width: 981px) 1000px, 100vw\" \/><\/td>\n<\/tr>\n<\/tbody>\n<\/table>\n<div>\n<h3>Podjetje FMP: Va\u0161 zaupanja vreden partner za plasti\u010dne zobnike z dvojnimi \u010delnimi zobniki<\/h3>\n<p class=\"break-words\">V podjetju FMP smo ponosni, da smo vodilni proizvajalec plasti\u010dnih dvojnih zobnikov. Z dolgoletnimi izku\u0161njami in zavezanostjo inovacijam izdelujemo zobnike, ki izpolnjujejo najvi\u0161je standarde kakovosti in zmogljivosti. Na\u0161a ponudba izdelkov vklju\u010duje \u0161iroko paleto standardnih plasti\u010dnih dvojnih zobnikov, zasnovanih tako, da se brezhibno prilegajo va\u0161im obstoje\u010dim strojem. Vsak zobnik je izdelan natan\u010dno, kar zagotavlja optimalno funkcionalnost in dolgo \u017eivljenjsko dobo.<\/p>\n<p class=\"break-words\">Na\u0161a predanost kakovosti presega na\u0161o standardno ponudbo. Razumemo, da ima vsako podjetje edinstvene zahteve, zato smo specializirani tudi za re\u0161itve zobnikov po meri. Ne glede na to, ali potrebujete dolo\u010deno velikost, material ali konfiguracijo, je na\u0161a ekipa usposobljenih in\u017eenirjev pripravljena zasnovati in izdelati plasti\u010dne dvojne zobnike, prilagojene va\u0161im natan\u010dnim specifikacijam.<\/p>\n<h3>Re\u0161itve po meri za va\u0161e edinstvene potrebe<\/h3>\n<p class=\"break-words\">Ena klju\u010dnih prednosti izbire podjetja FMP je na\u0161a sposobnost sprejemanja naro\u010dil po meri. Zavedamo se, da ni mogo\u010de vgraditi vseh strojev s standardnimi komponentami, zlasti v specializiranih panogah. Na\u0161i plasti\u010dni dvojni zobniki po meri so zasnovani tako, da natan\u010dno ustrezajo potrebam va\u0161e opreme in zagotavljajo maksimalno u\u010dinkovitost in zmogljivost.<\/p>\n<p class=\"break-words\">Z izbiro prilagojenih zobnikov podjetja FMP imate koristi od:<\/p>\n<ul class=\"marker:text-secondary\">\n<li class=\"break-words\"><strong>Prilagojeno oblikovanje<\/strong>Zobniki, zasnovani tako, da ustrezajo va\u0161i specifi\u010dni uporabi.<\/li>\n<li class=\"break-words\"><strong>Visokozmogljivi materiali<\/strong>Izbira najbolj\u0161ih plasti\u010dnih materialov za vzdr\u017eljivost in trdnost.<\/li>\n<li class=\"break-words\"><strong>Precizna proizvodnja<\/strong>Najsodobnej\u0161e proizvodne tehnike za natan\u010dne tolerance.<\/li>\n<li class=\"break-words\"><strong>Strokovna podpora<\/strong>Sodelovanje z na\u0161o in\u017eenirsko ekipo zagotavlja, da va\u0161a oprema izpolnjuje vse zahteve.<\/li>\n<\/ul>\n<p class=\"break-words\">Ne glede na to, ali ste v avtomobilskem sektorju v Milanu, proizvodnih obratih v Benetkah, delavnicah za precizno in\u017eenirstvo v Firencah ali robotski industriji v Bologni, so re\u0161itve FMP po meri zasnovane za izbolj\u0161anje va\u0161ega poslovanja.<\/p>\n<table style=\"border-collapse: collapse; width: 99.25%; height: 28px;\" border=\"0\" width=\"160\" cellspacing=\"0\" cellpadding=\"0\">\n<tbody>\n<tr style=\"height: 14.40pt;\">\n<td style=\"height: 14px; width: 48pt;\" align=\"right\" width=\"80\" height=\"24\"><img loading=\"lazy\" decoding=\"async\" class=\"size-full wp-image-7442 aligncenter\" src=\"https:\/\/fmp-components.com\/wp-content\/uploads\/2025\/03\/Double-Plastic-Spur-Gear-Plastic-2.webp\" alt=\"Plasti\u010dni dvojni zobnik\" width=\"700\" height=\"525\" title=\"\" srcset=\"https:\/\/fmp-components.com\/wp-content\/uploads\/2025\/03\/Double-Plastic-Spur-Gear-Plastic-2.webp 700w, https:\/\/fmp-components.com\/wp-content\/uploads\/2025\/03\/Double-Plastic-Spur-Gear-Plastic-2-480x360.webp 480w\" sizes=\"(min-width: 0px) and (max-width: 480px) 480px, (min-width: 481px) 700px, 100vw\" \/><\/td>\n<td style=\"width: 48pt; height: 14px;\" align=\"right\" width=\"80\"><img loading=\"lazy\" decoding=\"async\" class=\"size-full wp-image-7439 aligncenter\" src=\"https:\/\/fmp-components.com\/wp-content\/uploads\/2025\/03\/Double-Plastic-Spur-Gear-Plastic-3.webp\" alt=\"Dvojno-plasti\u010dno-\u010devljasto-zobni\u0161ko-plasti\u010dno\" width=\"700\" height=\"525\" title=\"\" srcset=\"https:\/\/fmp-components.com\/wp-content\/uploads\/2025\/03\/Double-Plastic-Spur-Gear-Plastic-3.webp 700w, https:\/\/fmp-components.com\/wp-content\/uploads\/2025\/03\/Double-Plastic-Spur-Gear-Plastic-3-480x360.webp 480w\" sizes=\"(min-width: 0px) and (max-width: 480px) 480px, (min-width: 481px) 700px, 100vw\" \/><\/td>\n<\/tr>\n<tr style=\"height: 14.40pt;\">\n<td style=\"height: 14px;\" align=\"right\" height=\"24\"><img loading=\"lazy\" decoding=\"async\" class=\"size-full wp-image-7443 aligncenter\" src=\"https:\/\/fmp-components.com\/wp-content\/uploads\/2025\/03\/Double-Spur-Gear-Plastic-Manufacturers-Suppliers-1.webp\" alt=\"Proizvajalci in dobavitelji plasti\u010dnih dvojnih zobnikov\" width=\"960\" height=\"960\" title=\"\" srcset=\"https:\/\/fmp-components.com\/wp-content\/uploads\/2025\/03\/Double-Spur-Gear-Plastic-Manufacturers-Suppliers-1.webp 960w, https:\/\/fmp-components.com\/wp-content\/uploads\/2025\/03\/Double-Spur-Gear-Plastic-Manufacturers-Suppliers-1-480x480.webp 480w\" sizes=\"(min-width: 0px) and (max-width: 480px) 480px, (min-width: 481px) 960px, 100vw\" \/><\/td>\n<td style=\"height: 14px;\" align=\"right\"><img loading=\"lazy\" decoding=\"async\" class=\"size-full wp-image-7444 aligncenter\" src=\"https:\/\/fmp-components.com\/wp-content\/uploads\/2025\/03\/Double-Spur-Gear-Plastic-Manufacturers-Suppliers-2.webp\" alt=\"Proizvajalci in dobavitelji plasti\u010dnih dvojnih zobnikov\" width=\"960\" height=\"960\" title=\"\" srcset=\"https:\/\/fmp-components.com\/wp-content\/uploads\/2025\/03\/Double-Spur-Gear-Plastic-Manufacturers-Suppliers-2.webp 960w, https:\/\/fmp-components.com\/wp-content\/uploads\/2025\/03\/Double-Spur-Gear-Plastic-Manufacturers-Suppliers-2-480x480.webp 480w\" sizes=\"(min-width: 0px) and (max-width: 480px) 480px, (min-width: 481px) 960px, 100vw\" \/><\/td>\n<\/tr>\n<\/tbody>\n<\/table>\n<\/div>\n<div>\n<h3>Povpra\u0161evanja dobrodo\u0161la: Kontaktirajte nas za neobjavljene modele<\/h3>\n<p class=\"break-words\">\u010ceprav ponujamo \u0161iroko paleto standardnih plasti\u010dnih dvojnih zobnikov, razumemo, da nekatera podjetja morda potrebujejo posebne modele, ki trenutno niso navedeni v na\u0161em katalogu izdelkov. \u010ce ne najdete natan\u010dnega zobnika, ki ga potrebujete, ne skrbite \u2013 na\u0161a ekipa vam je na voljo. Preprosto nam po\u0161ljite e-po\u0161to s svojim povpra\u0161evanjem in eden od na\u0161ih in\u017eenirjev se bo odzval v 24 urah, da bi razpravljal o va\u0161ih zahtevah in vam ponudil re\u0161itev.<\/p>\n<p class=\"break-words\">V podjetju FMP smo zavezani k temu, da vsaka stranka najde pravo opremo za svojo uporabo. Na\u0161 hiter odzivni \u010das in prilagojena storitev vam omogo\u010data enostavno pridobitev potrebnih komponent, tudi \u010de jih \u0161e ni na na\u0161i spletni strani.<\/p>\n<\/div>\n<\/div>","protected":false},"excerpt":{"rendered":"<p>High-Quality Plastic Double Spur Gears for Italian Industries Plastic Double Spur Gears are essential components in a wide range of machinery, from industrial equipment to consumer products. These gears, known for their durability, precision, and efficiency, play a critical role in ensuring smooth mechanical operations. At FMP Company, we specialize in the production of high-quality [&hellip;]<\/p>","protected":false},"featured_media":7436,"comment_status":"open","ping_status":"closed","template":"","meta":{"_et_pb_use_builder":"","_et_pb_old_content":"","_et_gb_content_width":""},"product_brand":[],"product_cat":[109],"product_tag":[],"class_list":{"0":"post-7435","1":"product","2":"type-product","3":"status-publish","4":"has-post-thumbnail","6":"product_cat-spur-gear","8":"first","9":"instock","10":"shipping-taxable","11":"product-type-simple"},"_links":{"self":[{"href":"https:\/\/fmp-components.com\/sl\/wp-json\/wp\/v2\/product\/7435","targetHints":{"allow":["GET"]}}],"collection":[{"href":"https:\/\/fmp-components.com\/sl\/wp-json\/wp\/v2\/product"}],"about":[{"href":"https:\/\/fmp-components.com\/sl\/wp-json\/wp\/v2\/types\/product"}],"replies":[{"embeddable":true,"href":"https:\/\/fmp-components.com\/sl\/wp-json\/wp\/v2\/comments?post=7435"}],"wp:featuredmedia":[{"embeddable":true,"href":"https:\/\/fmp-components.com\/sl\/wp-json\/wp\/v2\/media\/7436"}],"wp:attachment":[{"href":"https:\/\/fmp-components.com\/sl\/wp-json\/wp\/v2\/media?parent=7435"}],"wp:term":[{"taxonomy":"product_brand","embeddable":true,"href":"https:\/\/fmp-components.com\/sl\/wp-json\/wp\/v2\/product_brand?post=7435"},{"taxonomy":"product_cat","embeddable":true,"href":"https:\/\/fmp-components.com\/sl\/wp-json\/wp\/v2\/product_cat?post=7435"},{"taxonomy":"product_tag","embeddable":true,"href":"https:\/\/fmp-components.com\/sl\/wp-json\/wp\/v2\/product_tag?post=7435"}],"curies":[{"name":"delovni list","href":"https:\/\/api.w.org\/{rel}","templated":true}]}}