{"id":7420,"date":"2025-03-26T03:25:42","date_gmt":"2025-03-26T03:25:42","guid":{"rendered":"https:\/\/fmp-components.com\/?post_type=product&#038;p=7420"},"modified":"2025-03-26T08:36:10","modified_gmt":"2025-03-26T08:36:10","slug":"forging-spur-gear","status":"publish","type":"product","link":"https:\/\/fmp-components.com\/sl\/product\/forging-spur-gear\/","title":{"rendered":"Kovanje zobnikov"},"content":{"rendered":"<h2>Kovanje zobnikov: Precizna izdelava podjetja FMP za Italijo in \u0161ir\u0161e<\/h2>\n<p class=\"break-words\">Ko gre za proizvodnjo visokokakovostnih <a href=\"https:\/\/fmp-components.com\/sl\/spur-gear-2\/\">\u010delni zobniki<\/a>Kovanje ostaja \u010dastitljiva in napredna proizvodna tehnika. V podjetju FMP smo specializirani za izdelavo \u010delnih zobnikov, ki ustrezajo raznolikim potrebam industrij po vsej Italiji \u2013 od avtomobilskih sredi\u0161\u010d v Milanu do in\u017eenirskih delavnic v Benetkah, inovatorjev na podro\u010dju strojev v Firencah in industrijskih velesil v Bologni. Dobavljamo \u010delne zobnike skoraj v obliki mre\u017ee ali v obliki mre\u017ee, ki zahtevajo minimalno dodelavo, kar zagotavlja trdnost, vzdr\u017eljivost in u\u010dinkovitost za uporabo v avtomobilski, letalski, kmetijstvu, energetiki in drugih panogah.<\/p>\n<p><img loading=\"lazy\" decoding=\"async\" class=\"size-full wp-image-7421 aligncenter\" src=\"https:\/\/fmp-components.com\/wp-content\/uploads\/2025\/03\/forged-spur-gears-product-1.webp\" alt=\"kovani zobniki\" width=\"2000\" height=\"800\" title=\"\" srcset=\"https:\/\/fmp-components.com\/wp-content\/uploads\/2025\/03\/forged-spur-gears-product-1.webp 2000w, https:\/\/fmp-components.com\/wp-content\/uploads\/2025\/03\/forged-spur-gears-product-1-1280x512.webp 1280w, https:\/\/fmp-components.com\/wp-content\/uploads\/2025\/03\/forged-spur-gears-product-1-980x392.webp 980w, https:\/\/fmp-components.com\/wp-content\/uploads\/2025\/03\/forged-spur-gears-product-1-480x192.webp 480w\" sizes=\"(min-width: 0px) and (max-width: 480px) 480px, (min-width: 481px) and (max-width: 980px) 980px, (min-width: 981px) and (max-width: 1280px) 1280px, (min-width: 1281px) 2000px, 100vw\" \/><\/p>\n<h3>Kaj so kovane zobni\u0161ke prestave?<\/h3>\n<p class=\"break-words\">Kovani \u010delni zobniki so izdelani s skrbnim postopkom kovanja v kalupu, kjer se ogrevani kovinski gredic \u2013 kot so nizkolegirano jeklo, medenina, aluminijeve zlitine, nerjave\u010de jeklo, titan ali toplotno odporne zlitine \u2013 oblikuje pod intenzivnim pritiskom z uporabo specializiranih matric. Ta postopek stisne kovinska zrna, kar ima za posledico zobnike z izjemno odpornostjo na utrujenost in nosilnostjo. Za razliko od rezanih zobnikov imajo kovani \u010delni zobniki oblikovan tok zrn, ki sledi profilu zoba, kar pove\u010da trdnost brez pove\u010danja velikosti. V podjetju FMP uporabljamo tehnike, kot sta kovanje v zaprtem kalupu in kovanje z visoko stopnjo energije (HERF), za izdelavo zobnikov, ki izpolnjujejo stroge tolerance in standarde povr\u0161inske obdelave.<\/p>\n<div>\n<h3>Postopek kovanja pri FMP<\/h3>\n<p class=\"break-words\">V podjetju FMP je na\u0161 postopek kovanja zasnovan tako, da zagotavlja natan\u010dnost, u\u010dinkovitost in vzdr\u017eljivost ter je primeren za \u0161irok spekter panog \u2013 vklju\u010dno s te\u017eko mehanizacijo po vsej Italiji in drugod. Ne glede na to, ali gre za kompaktno \u010delno zobni\u0161ko prestavo za avtomobilsko uporabo ali ogromno kovano \u010delno zobni\u0161ko prestavo iz 40CrMn s premerom 600 mm za krogli\u010dne mline, na\u0161e napredne tehnike zagotavljajo vrhunsko kakovost. Takole o\u017eivimo na\u0161e kovane \u010delne zobnike:<\/p>\n<ol class=\"marker:text-secondary\">\n<li class=\"break-words\"><strong>Ogrevanje zobnikov<\/strong>Kovinske gredice segrevamo na natan\u010dne temperature \u2013 na primer 1230 \u00b0C za jeklo 8620 ali prilagojene temperature za 40CrMn \u2013 da izbolj\u0161amo obdelovalnost in zagotovimo enakomerno kovanje. Ta korak je klju\u010dnega pomena za doseganje trdnosti, potrebne pri te\u017ekih zobnikih.<\/li>\n<li class=\"break-words\"><strong>Kovanje v kalupu<\/strong>Z najsodobnej\u0161imi stiskalnicami in visokoenergijskim kovanjem (HERF) oblikujemo gredice v skoraj kon\u010dne oblike z minimalnimi udarci. Visokohitrostni ovni dosegajo sile, kot je 353.000 J, za kovanje 4,5 kg te\u017ee zobnika iz 75 mm jeklene gredice 8620 z enim udarcem ali do 271.000 J za 11 kg te\u017eek avtomobilski vztrajnik, izdelan iz sive litine razreda 40.<\/li>\n<li class=\"break-words\"><strong>Obrezovanje in kon\u010dna obdelava<\/strong>Odve\u010dni material se strokovno obre\u017ee, zobniki pa se dodelajo do natan\u010dnih specifikacij. Pri standardnih zobnikih pustimo 0,13\u20130,51 mm materiala za kon\u010dno obdelavo, medtem ko te\u017eke komponente, kot so na\u0161i 600 mm \u010delni zobniki iz 40CrMn za krogli\u010dne mline, skovamo do skoraj kon\u010dnih dimenzij s tolerancami do +0,00\/-0,18 mm.<\/li>\n<\/ol>\n<h4>Kovanje za te\u017eke stroje<\/h4>\n<p class=\"break-words\">Poleg standardnih aplikacij se FMP odlikuje tudi pri izdelavi kovanih \u010delnih zobnikov za te\u017eke stroje. Vzemimo za primer na\u0161 kovani \u010delni zobnik 40CrMn: s premerom 600 mm je ta robustna komponenta zasnovana posebej za krogli\u010dne mline, ki se uporabljajo v rudarstvu in industrijski predelavi. Kovan je iz visoko trdnega jekla 40CrMn in ponuja izjemno vzdr\u017eljivost ter odpornost proti obrabi, zaradi \u010desar je idealen za zahtevna okolja. Ta zobnik, izdelan v Luoyangu, je na voljo v minimalni koli\u010dini naro\u010dila 10 kosov, pakiran v trdne lesene zaboje in dobavljen v 25 delovnih dneh. Z dobavno zmogljivostjo 10.000 kosov in najve\u010djo te\u017eo odkovka 40 ton je FMP opremljen za zadovoljevanje potreb italijanske te\u017eke industrije \u2013 od milanskih proizvodnih obratov do dobaviteljev rudarske opreme v Bologni.<\/p>\n<table style=\"border-collapse: collapse; width: 99.375%; height: 139px;\" border=\"0\" width=\"160\" cellspacing=\"0\" cellpadding=\"0\">\n<tbody>\n<tr style=\"height: 14.40pt;\">\n<td class=\"et2\" style=\"height: 28.8pt; width: 67.3831%;\" rowspan=\"2\" width=\"80\" height=\"48\"><img loading=\"lazy\" decoding=\"async\" class=\"alignnone size-full wp-image-7427\" src=\"https:\/\/fmp-components.com\/wp-content\/uploads\/2025\/03\/Forging-Spur-Gear-heavy-machinery-4.webp\" alt=\"Kovanje-Zobniki-Te\u017eki-Stroji-\" width=\"1024\" height=\"1024\" title=\"\" srcset=\"https:\/\/fmp-components.com\/wp-content\/uploads\/2025\/03\/Forging-Spur-Gear-heavy-machinery-4.webp 1024w, https:\/\/fmp-components.com\/wp-content\/uploads\/2025\/03\/Forging-Spur-Gear-heavy-machinery-4-980x980.webp 980w, https:\/\/fmp-components.com\/wp-content\/uploads\/2025\/03\/Forging-Spur-Gear-heavy-machinery-4-480x480.webp 480w\" sizes=\"(min-width: 0px) and (max-width: 480px) 480px, (min-width: 481px) and (max-width: 980px) 980px, (min-width: 981px) 1024px, 100vw\" \/><\/td>\n<td style=\"width: 32.4905%;\" align=\"right\" width=\"80\"><img loading=\"lazy\" decoding=\"async\" class=\"size-full wp-image-7426 aligncenter\" src=\"https:\/\/fmp-components.com\/wp-content\/uploads\/2025\/03\/Forging-Spur-Gear-heavy-machinery-3.webp\" alt=\"Kovanje-Zobniki-Te\u017eki-Stroji-\" width=\"1024\" height=\"1024\" title=\"\" srcset=\"https:\/\/fmp-components.com\/wp-content\/uploads\/2025\/03\/Forging-Spur-Gear-heavy-machinery-3.webp 1024w, https:\/\/fmp-components.com\/wp-content\/uploads\/2025\/03\/Forging-Spur-Gear-heavy-machinery-3-980x980.webp 980w, https:\/\/fmp-components.com\/wp-content\/uploads\/2025\/03\/Forging-Spur-Gear-heavy-machinery-3-480x480.webp 480w\" sizes=\"(min-width: 0px) and (max-width: 480px) 480px, (min-width: 481px) and (max-width: 980px) 980px, (min-width: 981px) 1024px, 100vw\" \/><\/td>\n<\/tr>\n<tr style=\"height: 14.40pt;\">\n<td style=\"width: 32.4905%;\" align=\"right\"><img loading=\"lazy\" decoding=\"async\" class=\"size-full wp-image-7428 aligncenter\" src=\"https:\/\/fmp-components.com\/wp-content\/uploads\/2025\/03\/Forging-Spur-Gear-heavy-machinery-5.webp\" alt=\"Kovanje-Zobniki-Te\u017eki-Stroji-\" width=\"1024\" height=\"1024\" title=\"\" srcset=\"https:\/\/fmp-components.com\/wp-content\/uploads\/2025\/03\/Forging-Spur-Gear-heavy-machinery-5.webp 1024w, https:\/\/fmp-components.com\/wp-content\/uploads\/2025\/03\/Forging-Spur-Gear-heavy-machinery-5-980x980.webp 980w, https:\/\/fmp-components.com\/wp-content\/uploads\/2025\/03\/Forging-Spur-Gear-heavy-machinery-5-480x480.webp 480w\" sizes=\"(min-width: 0px) and (max-width: 480px) 480px, (min-width: 481px) and (max-width: 980px) 980px, (min-width: 981px) 1024px, 100vw\" \/><\/td>\n<\/tr>\n<\/tbody>\n<\/table>\n<table style=\"border-collapse: collapse; width: 97.3538%; height: 5px;\" border=\"0\" width=\"162\" cellspacing=\"0\" cellpadding=\"0\">\n<tbody>\n<tr style=\"height: 14.40pt;\">\n<td style=\"height: 14.4pt; width: 43.6129%;\" align=\"right\" width=\"81\" height=\"24\"><img loading=\"lazy\" decoding=\"async\" class=\"size-full wp-image-7425 aligncenter\" src=\"https:\/\/fmp-components.com\/wp-content\/uploads\/2025\/03\/Forging-Spur-Gear-heavy-machinery-2.webp\" alt=\"Kovanje-Zobniki-Te\u017eki-Stroji-\" width=\"1024\" height=\"1024\" title=\"\" srcset=\"https:\/\/fmp-components.com\/wp-content\/uploads\/2025\/03\/Forging-Spur-Gear-heavy-machinery-2.webp 1024w, https:\/\/fmp-components.com\/wp-content\/uploads\/2025\/03\/Forging-Spur-Gear-heavy-machinery-2-980x980.webp 980w, https:\/\/fmp-components.com\/wp-content\/uploads\/2025\/03\/Forging-Spur-Gear-heavy-machinery-2-480x480.webp 480w\" sizes=\"(min-width: 0px) and (max-width: 480px) 480px, (min-width: 481px) and (max-width: 980px) 980px, (min-width: 981px) 1024px, 100vw\" \/><\/td>\n<td style=\"width: 56.2581%;\" align=\"right\" width=\"81\"><img loading=\"lazy\" decoding=\"async\" class=\"size-full wp-image-7429 aligncenter\" src=\"https:\/\/fmp-components.com\/wp-content\/uploads\/2025\/03\/Forging-Spur-Gear-heavy-machinery-1.webp\" alt=\"Kovanje-Zobniki-Te\u017eki-Stroji-\" width=\"1024\" height=\"768\" title=\"\" srcset=\"https:\/\/fmp-components.com\/wp-content\/uploads\/2025\/03\/Forging-Spur-Gear-heavy-machinery-1.webp 1024w, https:\/\/fmp-components.com\/wp-content\/uploads\/2025\/03\/Forging-Spur-Gear-heavy-machinery-1-980x735.webp 980w, https:\/\/fmp-components.com\/wp-content\/uploads\/2025\/03\/Forging-Spur-Gear-heavy-machinery-1-480x360.webp 480w\" sizes=\"(min-width: 0px) and (max-width: 480px) 480px, (min-width: 481px) and (max-width: 980px) 980px, (min-width: 981px) 1024px, 100vw\" \/><\/td>\n<\/tr>\n<\/tbody>\n<\/table>\n<h4>Tehni\u010dna odli\u010dnost v vsaki prestavi<\/h4>\n<p class=\"break-words\">Na\u0161e zmogljivosti segajo na izdelavo zobni\u0161kih gredi velikih dimenzij in odkovkov po meri, kot so na\u0161e zobni\u0161ke gredi velikih modulov po meri, izdelane iz materialov, kot so 35#, 45#, 40Cr ali 42CrMo. Te komponente s premerom do 1850 mm in dol\u017eino, ki dose\u017ee 12 metrov, se pogosto uporabljajo v menjalnikih, sistemih za spreminjanje hitrosti in rotacijskih sistemih za civilno in industrijsko opremo. Z natan\u010dnostjo obdelave 0,01 mm in strogim testiranjem (ultrazvo\u010dnim, magnetnim, nateznim in penetracijskim) zagotavljamo, da vsak zobnik izpolnjuje mednarodne standarde, kot so DIN, GB in ISO.<\/p>\n<h4>Primeri iz resni\u010dnega sveta<\/h4>\n<ul class=\"marker:text-secondary\">\n<li class=\"break-words\">4,5 kg te\u017eek \u010delni zobnik, kovan iz jekla 8620, dose\u017ee skoraj enakomerno obliko s kon\u010dno debelino rebra in minimalnim naborom zob, kar je primerno za kon\u010dno obdelavo v aplikacijah, kot so avtomobilski menjalniki.<\/li>\n<li class=\"break-words\">11-kilogramski avtomobilski vztrajnik, kovan iz sive litine razreda 40 pri 955 \u00b0C in 271.000 J, izpolnjuje stroge tolerance za takoj\u0161njo uporabo.<\/li>\n<li class=\"break-words\">Na\u0161 600 mm \u010delni zobnik iz 40CrMn, izdelan za krogli\u010dne mline, dokazuje na\u0161o sposobnost kovanja velikih, visokozmogljivih zobnikov za te\u017eke stroje, pri \u010demer so na zahtevo na voljo tudi povr\u0161inske obdelave, kot sta kaljenje ali poliranje.<\/li>\n<\/ul>\n<p class=\"break-words\">Pri FMP zdru\u017eujemo natan\u010dno kovanje z zmo\u017enostjo obvladovanja te\u017ekih obremenitev, kar zagotavlja, da na\u0161i zobniki zagotavljajo neprekosljivo zanesljivost in zmogljivost.<\/p>\n<table style=\"border-collapse: collapse; width: 99.875%; height: 99px;\" border=\"0\" width=\"160\" cellspacing=\"0\" cellpadding=\"0\">\n<tbody>\n<tr style=\"height: 14.40pt;\">\n<td style=\"height: 14.40pt; width: 48.00pt;\" align=\"right\" width=\"80\" height=\"24\"><img loading=\"lazy\" decoding=\"async\" class=\"size-full wp-image-7430 aligncenter\" src=\"https:\/\/fmp-components.com\/wp-content\/uploads\/2025\/03\/Forging-Spur-Gear-heavy-machinery-7.webp\" alt=\"Kovanje-Zobniki-Te\u017eki-Stroji-\" width=\"680\" height=\"680\" title=\"\" srcset=\"https:\/\/fmp-components.com\/wp-content\/uploads\/2025\/03\/Forging-Spur-Gear-heavy-machinery-7.webp 680w, https:\/\/fmp-components.com\/wp-content\/uploads\/2025\/03\/Forging-Spur-Gear-heavy-machinery-7-480x480.webp 480w\" sizes=\"(min-width: 0px) and (max-width: 480px) 480px, (min-width: 481px) 680px, 100vw\" \/><\/td>\n<td style=\"width: 48.00pt;\" align=\"right\" width=\"80\"><img loading=\"lazy\" decoding=\"async\" class=\"size-full wp-image-7431 aligncenter\" src=\"https:\/\/fmp-components.com\/wp-content\/uploads\/2025\/03\/Forging-Spur-Gear-heavy-machinery-6.webp\" alt=\"Kovanje-Zobniki-Te\u017eki-Stroji-\" width=\"680\" height=\"680\" title=\"\" srcset=\"https:\/\/fmp-components.com\/wp-content\/uploads\/2025\/03\/Forging-Spur-Gear-heavy-machinery-6.webp 680w, https:\/\/fmp-components.com\/wp-content\/uploads\/2025\/03\/Forging-Spur-Gear-heavy-machinery-6-480x480.webp 480w\" sizes=\"(min-width: 0px) and (max-width: 480px) 480px, (min-width: 481px) 680px, 100vw\" \/><\/td>\n<\/tr>\n<\/tbody>\n<\/table>\n<\/div>","protected":false},"excerpt":{"rendered":"<p>Forging Spur Gears: Precision Manufacturing by FMP Company for Italy and Beyond When it comes to producing high-quality spur gears, forging remains a time-honored and advanced manufacturing technique. At FMP Company, we specialize in crafting forging spur gears that meet the diverse needs of industries across Italy\u2014from Milan\u2019s automotive hubs to Venice\u2019s engineering workshops, Florence\u2019s [&hellip;]<\/p>","protected":false},"featured_media":7422,"comment_status":"open","ping_status":"closed","template":"","meta":{"_et_pb_use_builder":"","_et_pb_old_content":"","_et_gb_content_width":""},"product_brand":[],"product_cat":[109],"product_tag":[],"class_list":{"0":"post-7420","1":"product","2":"type-product","3":"status-publish","4":"has-post-thumbnail","6":"product_cat-spur-gear","8":"first","9":"instock","10":"shipping-taxable","11":"product-type-simple"},"_links":{"self":[{"href":"https:\/\/fmp-components.com\/sl\/wp-json\/wp\/v2\/product\/7420","targetHints":{"allow":["GET"]}}],"collection":[{"href":"https:\/\/fmp-components.com\/sl\/wp-json\/wp\/v2\/product"}],"about":[{"href":"https:\/\/fmp-components.com\/sl\/wp-json\/wp\/v2\/types\/product"}],"replies":[{"embeddable":true,"href":"https:\/\/fmp-components.com\/sl\/wp-json\/wp\/v2\/comments?post=7420"}],"wp:featuredmedia":[{"embeddable":true,"href":"https:\/\/fmp-components.com\/sl\/wp-json\/wp\/v2\/media\/7422"}],"wp:attachment":[{"href":"https:\/\/fmp-components.com\/sl\/wp-json\/wp\/v2\/media?parent=7420"}],"wp:term":[{"taxonomy":"product_brand","embeddable":true,"href":"https:\/\/fmp-components.com\/sl\/wp-json\/wp\/v2\/product_brand?post=7420"},{"taxonomy":"product_cat","embeddable":true,"href":"https:\/\/fmp-components.com\/sl\/wp-json\/wp\/v2\/product_cat?post=7420"},{"taxonomy":"product_tag","embeddable":true,"href":"https:\/\/fmp-components.com\/sl\/wp-json\/wp\/v2\/product_tag?post=7420"}],"curies":[{"name":"delovni list","href":"https:\/\/api.w.org\/{rel}","templated":true}]}}