{"id":7404,"date":"2025-03-25T07:23:21","date_gmt":"2025-03-25T07:23:21","guid":{"rendered":"https:\/\/fmp-components.com\/?post_type=product&#038;p=7404"},"modified":"2025-03-26T08:39:36","modified_gmt":"2025-03-26T08:39:36","slug":"medical-stainless-spur-gear","status":"publish","type":"product","link":"https:\/\/fmp-components.com\/sl\/product\/medical-stainless-spur-gear\/","title":{"rendered":"Medicinski zobnik iz nerjave\u010dega jekla"},"content":{"rendered":"<div>\n<h3>Zobniki iz nerjave\u010dega jekla v medicinskih aplikacijah<\/h3>\n<p class=\"break-words\">Ko gre za precizno in\u017eenirstvo, so \u010delni zobniki iz nerjave\u010dega jekla klju\u010dni sestavni del v razli\u010dnih panogah, zlasti v medicinskem sektorju. V podjetju FMP smo specializirani za proizvodnjo visokokakovostnih \u010delnih zobnikov iz nerjave\u010dega jekla, prilagojenih strogim zahtevam medicinske opreme. Ne glede na to, ali ste v Milanu, Benetkah, Firencah, Bologni ali kjer koli drugje v Italiji, na\u0161e strokovno znanje zagotavlja, da bodo va\u0161e potrebe po vzdr\u017eljivosti in zanesljivosti izpolnjene. <a href=\"https:\/\/fmp-components.com\/sl\/spur-gear-2\/\">\u010delni zobniki<\/a> so izpolnjeni z odli\u010dnostjo.<\/p>\n<table style=\"border-collapse: collapse; width: 98.7077%; height: 14px;\" border=\"0\" width=\"162\" cellspacing=\"0\" cellpadding=\"0\">\n<tbody>\n<tr style=\"height: 14.40pt;\">\n<td style=\"height: 14px; width: 49.8728%;\" align=\"right\" width=\"81\" height=\"24\"><img loading=\"lazy\" decoding=\"async\" class=\"size-full wp-image-7414 aligncenter\" src=\"https:\/\/fmp-components.com\/wp-content\/uploads\/2025\/03\/Stainless-steel-Spur-Gear-1.webp\" alt=\"Zobnik iz nerjave\u010dega jekla\" width=\"250\" height=\"250\" title=\"\" srcset=\"https:\/\/fmp-components.com\/wp-content\/uploads\/2025\/03\/Stainless-steel-Spur-Gear-1.webp 250w, https:\/\/fmp-components.com\/wp-content\/uploads\/2025\/03\/Stainless-steel-Spur-Gear-1-150x150.webp 150w, https:\/\/fmp-components.com\/wp-content\/uploads\/2025\/03\/Stainless-steel-Spur-Gear-1-12x12.webp 12w, https:\/\/fmp-components.com\/wp-content\/uploads\/2025\/03\/Stainless-steel-Spur-Gear-1-100x100.webp 100w\" sizes=\"(max-width: 250px) 100vw, 250px\" \/><\/td>\n<td style=\"width: 49.8728%; height: 14px;\" align=\"right\" width=\"81\"><img loading=\"lazy\" decoding=\"async\" class=\"size-full wp-image-7413 aligncenter\" src=\"https:\/\/fmp-components.com\/wp-content\/uploads\/2025\/03\/Stainless-steel-Spur-Gear-2.webp\" alt=\"Zobnik iz nerjave\u010dega jekla\" width=\"300\" height=\"300\" title=\"\" srcset=\"https:\/\/fmp-components.com\/wp-content\/uploads\/2025\/03\/Stainless-steel-Spur-Gear-2.webp 300w, https:\/\/fmp-components.com\/wp-content\/uploads\/2025\/03\/Stainless-steel-Spur-Gear-2-150x150.webp 150w, https:\/\/fmp-components.com\/wp-content\/uploads\/2025\/03\/Stainless-steel-Spur-Gear-2-12x12.webp 12w, https:\/\/fmp-components.com\/wp-content\/uploads\/2025\/03\/Stainless-steel-Spur-Gear-2-100x100.webp 100w\" sizes=\"(max-width: 300px) 100vw, 300px\" \/><\/td>\n<\/tr>\n<\/tbody>\n<\/table>\n<h2>Kaj so zobniki iz nerjave\u010dega jekla?<\/h2>\n<p class=\"break-words\">\u010celni zobniki so najpreprostej\u0161a in najbolj stro\u0161kovno u\u010dinkovita vrsta preciznih zobnikov, saj imajo ravne zobe, poravnane vzporedno z osjo vrtenja zobnika. Ti zobniki u\u010dinkovito prena\u0161ajo gibanje in mo\u010d med vzporednima gredema, ki se vrtita v nasprotnih smereh. Nerjave\u010de jeklo s svojo odpornostjo proti koroziji in vzdr\u017eljivostjo naredi te zobnike idealno izbiro za aplikacije, ki zahtevajo higieno in dolgo \u017eivljenjsko dobo \u2013 klju\u010dne lastnosti na podro\u010dju medicine.<\/p>\n<p class=\"break-words\">Pri FMP ponujamo \u010delne zobnike, ki izpolnjujejo in presegajo standarde kakovosti AGMA (Ameri\u0161ko zdru\u017eenje proizvajalcev zobnikov). Na\u0161i \u010delni zobniki iz nerjave\u010dega jekla so na voljo z mo\u017enostmi prilagoditve, vklju\u010dno s koti pritiska 14,5\u00b0 ali 20\u00b0, razli\u010dnimi velikostmi izvrtin in premeri korakov od 4 DP do 96 DP.<\/p>\n<\/div>\n<h2>Specifikacija<\/h2>\n<p>Dimenzija: \u03a63 mm - \u03a6120 mm<br \/>\nModul: M0.25<br \/>\nVrsta materiala: nerjave\u010de jeklo, kot zahteva stranka<\/p>\n<div class=\"table-responsive\">\n<table class=\"table\" style=\"width: 101.186%; height: 344px;\" border=\"1\">\n<tbody>\n<tr>\n<td colspan=\"2\">Medicinski zobnik iz nerjave\u010dega jekla<\/td>\n<\/tr>\n<tr>\n<td>Dimenzija<\/td>\n<td>\u03a65 mm<\/td>\n<\/tr>\n<tr>\n<td>Modul<\/td>\n<td>M0,15, M0,2, M0,25\u2013M0,8, M0,8<br \/>\nM1.0<\/td>\n<\/tr>\n<tr>\n<td>Vrsta materiala<\/td>\n<td>Nerjave\u010de jeklo<\/td>\n<\/tr>\n<tr>\n<td>Stopnja mre\u017eenja<\/td>\n<td>ISO 6, JGMA 1, JIS 6, AGMA 13, DIN 6, Din5, AGMA12<\/td>\n<\/tr>\n<tr>\n<td>Uporaba<\/td>\n<td>Avtomobilska, voja\u0161ka, letalska, mehanska<\/td>\n<\/tr>\n<tr>\n<td>Prilagojeno<\/td>\n<td>ODM\/OEM<\/td>\n<\/tr>\n<tr>\n<td>Vzorec<\/td>\n<td>Vzorec na voljo<\/td>\n<\/tr>\n<tr>\n<td>Na\u010dini pakiranja<\/td>\n<td>Vakuumsko pakirano s plasti\u010dnim pladnjem<\/td>\n<\/tr>\n<tr>\n<td>Na\u010dini dostave<\/td>\n<td>DHL UPS<\/td>\n<\/tr>\n<tr>\n<td>Potrdilo<\/td>\n<td>ISO 9001: 2008\/TS16949<\/td>\n<\/tr>\n<\/tbody>\n<\/table>\n<div>\n<h3>Uporaba zobnikov iz nerjave\u010dega jekla v medicinski opremi<\/h3>\n<p class=\"break-words\">V medicinski industriji so natan\u010dnost, zanesljivost in \u010disto\u010da nepogre\u0161ljivi. \u010celni zobniki iz nerjave\u010dega jekla igrajo klju\u010dno vlogo v napravah, kot so:<\/p>\n<ul class=\"marker:text-secondary\">\n<li class=\"break-words\"><strong>Centrifuge<\/strong>Ti stroji, ki se uporabljajo v laboratorijih po Milanu in Bologni za lo\u010devanje teko\u010din, so za dosledno vrtilno mo\u010d odvisni od \u010delnih zobnikov.<\/li>\n<li class=\"break-words\"><strong>Medicinske \u010drpalke<\/strong>Od infuzijskih \u010drpalk do dializnih aparatov, zobniki iz nerjave\u010dega jekla zagotavljajo nemoteno in natan\u010dno dovajanje teko\u010dine, kar je nujno v bolni\u0161nicah v Benetkah in Firencah.<\/li>\n<li class=\"break-words\"><strong>Kirur\u0161ka orodja<\/strong>Precizni instrumenti, kot so robotski kirur\u0161ki sistemi, so za brezhibno delovanje odvisni od vzdr\u017eljivosti in odpornosti zobnikov iz nerjave\u010dega jekla.<\/li>\n<li class=\"break-words\"><strong>Dvigalke in dvi\u017ene naprave<\/strong>V rehabilitacijski opremi ali operacijskih mizah \u010delni zobniki zagotavljajo mehansko prednost, potrebno za varno ravnanje s pacienti.<\/li>\n<\/ul>\n<p class=\"break-words\">Zaradi svojih inherentnih lastnosti \u2013 odpornosti proti rji, enostavne sterilizacije in trdnosti \u2013 je nerjave\u010de jeklo izbrani material za te aplikacije, kar zagotavlja skladnost s strogimi medicinskimi standardi.<\/p>\n<div>\n<h4>FMP: Va\u0161 zaupanja vreden partner za zobnike iz nerjave\u010dega jekla v Italiji<\/h4>\n<p class=\"break-words\">V podjetju FMP smo ponosni, da smo vodilni proizvajalec \u010delnih zobnikov iz nerjave\u010dega jekla, ki slu\u017ei proizvajalcem originalne opreme (OEM), distributerjem in trgom preciznih strojev. Na podlagi dolgoletnih izku\u0161enj izdelujemo \u0161iroko paleto \u010delnih zobnikov iz razli\u010dnih materialov, vklju\u010dno z jeklom, nerjavnim jeklom, aluminijem in medenino. Na\u0161a ponudba vklju\u010duje:<\/p>\n<ul class=\"marker:text-secondary\">\n<li class=\"break-words\"><strong>Standardni zobniki<\/strong>Na voljo s pestami, velikostmi izvrtin od 0,437 palca naprej in prilagodljivimi premeri korakov.<\/li>\n<li class=\"break-words\"><strong>Zobniki po meri<\/strong>Prilagojeno va\u0161im specifi\u010dnim zahtevam, pa naj gre za edinstveno \u0161tevilo zob, kot pritiska ali material.<\/li>\n<\/ul>\n<p class=\"break-words\">Razumemo, da je vsak projekt edinstven. Zato ponujamo izdelavo zobnikov po meri strankam po vsej Italiji, od \u017eivahnih industrijskih sredi\u0161\u010d Milana do inovativnih tehnolo\u0161kih sredi\u0161\u010d Benetk. Ne glede na to, ali potrebujete \u010delne zobnike, sto\u017e\u010daste zobnike, vija\u010dne zobnike ali celo surovce zobnikov, so na\u0161i in\u017eenirji opremljeni za zagotavljanje natan\u010dno izdelanih re\u0161itev.<\/p>\n<h4>Ne najdete svojega modela? Kontaktirajte nas!<\/h4>\n<p class=\"break-words\">\u010ce brskate po na\u0161em seznamu izdelkov in ne najdete natan\u010dnega zobnika iz nerjave\u010dega jekla, ki ga potrebujete, ne skrbite \u2013 verjetno ga \u0161e nismo imeli prilo\u017enosti nalo\u017eiti. Na\u0161a zaloga je obse\u017ena in na\u0161e zmogljivosti segajo dale\u010d preko navedenega. Preprosto nam po\u0161ljite e-po\u0161to z va\u0161imi zahtevami in na\u0161a ekipa vam bo odgovorila v roku ... <strong>24 ur<\/strong>.<\/p>\n<p class=\"break-words\">\n<\/div>\n<\/div>\n<\/div>","protected":false},"excerpt":{"rendered":"<p>Stainless Steel Spur Gears in Medical Applications When it comes to precision engineering, stainless steel spur gears stand out as a vital component across various industries, particularly in the medical sector. At FMP, we specialize in producing high-quality stainless steel spur gears tailored to meet the rigorous demands of medical equipment. Whether you\u2019re in Milan, [&hellip;]<\/p>","protected":false},"featured_media":7412,"comment_status":"open","ping_status":"closed","template":"","meta":{"_et_pb_use_builder":"","_et_pb_old_content":"","_et_gb_content_width":""},"product_brand":[],"product_cat":[109],"product_tag":[],"class_list":{"0":"post-7404","1":"product","2":"type-product","3":"status-publish","4":"has-post-thumbnail","6":"product_cat-spur-gear","8":"first","9":"instock","10":"shipping-taxable","11":"product-type-simple"},"_links":{"self":[{"href":"https:\/\/fmp-components.com\/sl\/wp-json\/wp\/v2\/product\/7404","targetHints":{"allow":["GET"]}}],"collection":[{"href":"https:\/\/fmp-components.com\/sl\/wp-json\/wp\/v2\/product"}],"about":[{"href":"https:\/\/fmp-components.com\/sl\/wp-json\/wp\/v2\/types\/product"}],"replies":[{"embeddable":true,"href":"https:\/\/fmp-components.com\/sl\/wp-json\/wp\/v2\/comments?post=7404"}],"wp:featuredmedia":[{"embeddable":true,"href":"https:\/\/fmp-components.com\/sl\/wp-json\/wp\/v2\/media\/7412"}],"wp:attachment":[{"href":"https:\/\/fmp-components.com\/sl\/wp-json\/wp\/v2\/media?parent=7404"}],"wp:term":[{"taxonomy":"product_brand","embeddable":true,"href":"https:\/\/fmp-components.com\/sl\/wp-json\/wp\/v2\/product_brand?post=7404"},{"taxonomy":"product_cat","embeddable":true,"href":"https:\/\/fmp-components.com\/sl\/wp-json\/wp\/v2\/product_cat?post=7404"},{"taxonomy":"product_tag","embeddable":true,"href":"https:\/\/fmp-components.com\/sl\/wp-json\/wp\/v2\/product_tag?post=7404"}],"curies":[{"name":"delovni list","href":"https:\/\/api.w.org\/{rel}","templated":true}]}}