{"id":7398,"date":"2025-03-25T03:17:43","date_gmt":"2025-03-25T03:17:43","guid":{"rendered":"https:\/\/fmp-components.com\/?post_type=product&#038;p=7398"},"modified":"2025-03-26T08:39:56","modified_gmt":"2025-03-26T08:39:56","slug":"plastic-spur-gears-with-steel-core","status":"publish","type":"product","link":"https:\/\/fmp-components.com\/sl\/product\/plastic-spur-gears-with-steel-core\/","title":{"rendered":"Plasti\u010dni zobniki z jeklenim jedrom"},"content":{"rendered":"<div>\n<h3>Visokokakovostni plasti\u010dni zobniki<\/h3>\n<p class=\"break-words\">Ko gre za zanesljive in u\u010dinkovite mehanske komponente, plasti\u010dni \u010delni zobniki izstopajo kot vsestranska in stro\u0161kovno u\u010dinkovita re\u0161itev. V podjetju FMP smo ponosni, da smo vodilni proizvajalec plasti\u010dnih \u010delnih zobnikov, ki ponuja \u0161iroko paleto standardnih izdelkov in re\u0161itev po meri, prilagojenih va\u0161im specifi\u010dnim zahtevam. Ne glede na to, ali ste v Milanu, Benetkah, Firencah, Bologni ali kjer koli drugje v Italiji, je FMP va\u0161 zaupanja vreden partner za vrhunske plasti\u010dne \u010delne zobnike, zasnovane za izpolnjevanje zahtev razli\u010dnih panog.<\/p>\n<p><img loading=\"lazy\" decoding=\"async\" class=\"wp-image-7405 aligncenter\" src=\"https:\/\/fmp-components.com\/wp-content\/uploads\/2025\/03\/Plastic-spur-Gears.webp\" alt=\"Plasti\u010dni zobniki\" width=\"734\" height=\"418\" title=\"\" srcset=\"https:\/\/fmp-components.com\/wp-content\/uploads\/2025\/03\/Plastic-spur-Gears.webp 734w, https:\/\/fmp-components.com\/wp-content\/uploads\/2025\/03\/Plastic-spur-Gears-480x273.webp 480w\" sizes=\"(min-width: 0px) and (max-width: 480px) 480px, (min-width: 481px) 734px, 100vw\" \/><\/p>\n<h4>Zakaj izbrati plasti\u010dne zobnike?<\/h4>\n<p class=\"break-words\">Plasti\u010dni zobniki so priljubljena izbira zaradi svoje lahke te\u017ee, odpornosti proti koroziji in tihega delovanja v primerjavi s kovinskimi razli\u010dicami. Ti zobniki so idealni za uporabo v avtomobilskih sistemih, medicinskih pripomo\u010dkih, robotiki in potro\u0161ni\u0161ki elektroniki. V podjetju FMP uporabljamo napredne materiale, kot so najlon, acetal (POM) in polikarbonat, da zagotovimo vzdr\u017eljivost, natan\u010dnost in odli\u010dno delovanje v razli\u010dnih pogojih.<\/p>\n<\/div>\n<table style=\"border-collapse: collapse; width: 98.7077%; height: 14px;\" border=\"0\" width=\"162\" cellspacing=\"0\" cellpadding=\"0\">\n<tbody>\n<tr style=\"height: 14.40pt;\">\n<td style=\"height: 14px; width: 48.6pt;\" align=\"right\" width=\"81\" height=\"24\"><img loading=\"lazy\" decoding=\"async\" class=\"wp-image-7399 aligncenter\" src=\"https:\/\/fmp-components.com\/wp-content\/uploads\/2025\/03\/spur-gear-5.webp\" alt=\"plasti\u010dni zobnik\" width=\"435\" height=\"290\" title=\"\" srcset=\"https:\/\/fmp-components.com\/wp-content\/uploads\/2025\/03\/spur-gear-5.webp 300w, https:\/\/fmp-components.com\/wp-content\/uploads\/2025\/03\/spur-gear-5-18x12.webp 18w\" sizes=\"(max-width: 435px) 100vw, 435px\" \/><\/td>\n<td style=\"width: 48.6pt; height: 14px;\" align=\"right\" width=\"81\"><img loading=\"lazy\" decoding=\"async\" class=\"wp-image-7400 aligncenter\" src=\"https:\/\/fmp-components.com\/wp-content\/uploads\/2025\/03\/spur-gear-4.webp\" alt=\"plasti\u010dni zobnik\" width=\"410\" height=\"273\" title=\"\" srcset=\"https:\/\/fmp-components.com\/wp-content\/uploads\/2025\/03\/spur-gear-4.webp 300w, https:\/\/fmp-components.com\/wp-content\/uploads\/2025\/03\/spur-gear-4-18x12.webp 18w\" sizes=\"(max-width: 410px) 100vw, 410px\" \/><\/td>\n<\/tr>\n<\/tbody>\n<\/table>\n<h2>Specifikacija<\/h2>\n<div class=\"row\">\n<div class=\"col-xs-12\">\n<div id=\"specifications\" class=\"pdct-table\">\n<div class=\"row\">\n<div class=\"col-xs-12 col-sm-6\">\n<div class=\"table-wrap\">\n<table class=\"table table-striped\" style=\"height: 400px; width: 100%; border-style: solid; border-color: #0f0b0b;\" border=\"1\">\n<thead>\n<tr>\n<th colspan=\"2\">Specifikacija plasti\u010dnih zobnikov z jeklenimi jedri<\/th>\n<\/tr>\n<\/thead>\n<tbody class=\"specification-table\">\n<tr>\n<td><b>Natan\u010dni razred<\/b><\/td>\n<td>JIS razred N9 (JIS B1702-1: 1998) JIS razred 5 (JIS B1702: 1976)<\/td>\n<\/tr>\n<tr>\n<td><b>Zobniki<\/b><\/td>\n<td>Standardna polna globina<\/td>\n<\/tr>\n<tr>\n<td><b>Kot pritiska<\/b><\/td>\n<td>20\u00b0<\/td>\n<\/tr>\n<tr>\n<td><b>Material<\/b><\/td>\n<td>MC602ST z jedrom S45C<\/td>\n<\/tr>\n<tr>\n<td><b>Toplotna obdelava<\/b><\/td>\n<td>\u2014<\/td>\n<\/tr>\n<tr>\n<td><b>Trdota zob<\/b><\/td>\n<td>(115 ~ 120 ur)<\/td>\n<\/tr>\n<\/tbody>\n<\/table>\n<\/div>\n<\/div>\n<div class=\"col-xs-12 col-sm-6\">\n<div class=\"table-wrap\"><span style=\"color: #333333; font-size: 26px;\">\u00a0<\/span><\/div>\n<\/div>\n<\/div>\n<\/div>\n<\/div>\n<\/div>\n<div id=\"table-wrap\">\n<div class=\"gear-rge\">\n<div class=\"table-responsive\">\n<table class=\"product-list-table table-striped table table-bordered\" style=\"height: 352px; width: 100%; border-style: solid; border-color: #0f0b0b;\" border=\"1\">\n<tbody>\n<tr class=\"product-names\" style=\"height: 44px;\">\n<th style=\"height: 44px;\" colspan=\"4\">\u0160t. izdelka NSU1-50<\/th>\n<\/tr>\n<tr class=\"product-fields\" style=\"height: 44px;\">\n<th class=\"odd\" style=\"height: 44px;\">Modul<\/th>\n<td class=\"odd\" style=\"height: 44px;\">1<\/td>\n<th class=\"even\" style=\"height: 44px;\">\u0160tevilo zob<\/th>\n<td class=\"even\" style=\"height: 44px;\">50<\/td>\n<\/tr>\n<tr class=\"product-fields\" style=\"height: 44px;\">\n<th class=\"odd\" style=\"height: 44px;\">Oblika<\/th>\n<td class=\"odd\" style=\"height: 44px;\">S1<\/td>\n<th class=\"even\" style=\"height: 44px;\">Premer (A)<\/th>\n<td class=\"even\" style=\"height: 44px;\">10 mm<\/td>\n<\/tr>\n<tr class=\"product-fields\" style=\"height: 44px;\">\n<th class=\"odd\" style=\"height: 44px;\">Premer pesta (B)<\/th>\n<td class=\"odd\" style=\"height: 44px;\">30 mm<\/td>\n<th class=\"even\" style=\"height: 44px;\">Premer koraka (C)<\/th>\n<td class=\"even\" style=\"height: 44px;\">50 mm<\/td>\n<\/tr>\n<tr class=\"product-fields\" style=\"height: 44px;\">\n<th class=\"odd\" style=\"height: 44px;\">Zunanji premer (D)<\/th>\n<td class=\"odd\" style=\"height: 44px;\">52 mm<\/td>\n<th class=\"even\" style=\"height: 44px;\">\u0160irina obraza (E)<\/th>\n<td class=\"even\" style=\"height: 44px;\">10 mm<\/td>\n<\/tr>\n<tr class=\"product-fields\" style=\"height: 44px;\">\n<th class=\"odd\" style=\"height: 44px;\">\u0160irina pesta (F)<\/th>\n<td class=\"odd\" style=\"height: 44px;\">10 mm<\/td>\n<th class=\"even\" style=\"height: 44px;\">Skupna dol\u017eina (G)<\/th>\n<td class=\"even\" style=\"height: 44px;\">20 mm<\/td>\n<\/tr>\n<tr class=\"product-fields\" style=\"height: 44px;\">\n<th class=\"odd\" style=\"height: 44px;\">Premer kovinskega jedra<\/th>\n<td class=\"odd\" style=\"height: 44px;\">34<\/td>\n<th class=\"even\" style=\"height: 44px;\">Koda serije<\/th>\n<td class=\"even\" style=\"height: 44px;\">12<\/td>\n<\/tr>\n<tr class=\"product-fields\" style=\"height: 44px;\">\n<th class=\"odd\" style=\"height: 44px;\">Nizka povratna reakcija<\/th>\n<td class=\"odd\" style=\"height: 44px;\">0 mm<\/td>\n<th class=\"even\" style=\"height: 44px;\">Negativni odziv<\/th>\n<td class=\"even\" style=\"height: 44px;\">0,34 mm<\/td>\n<\/tr>\n<\/tbody>\n<\/table>\n<div>\n<table style=\"border-collapse: collapse; width: 98.7077%; height: 14px;\" border=\"0\" width=\"162\" cellspacing=\"0\" cellpadding=\"0\">\n<tbody>\n<tr style=\"height: 14.40pt;\">\n<td style=\"height: 14px; width: 48.6pt;\" align=\"right\" width=\"81\" height=\"24\"><img loading=\"lazy\" decoding=\"async\" class=\"wp-image-7402 aligncenter\" src=\"https:\/\/fmp-components.com\/wp-content\/uploads\/2025\/03\/spur-gear-7.webp\" alt=\"\u010delni zobnik\" width=\"353\" height=\"235\" title=\"\" srcset=\"https:\/\/fmp-components.com\/wp-content\/uploads\/2025\/03\/spur-gear-7.webp 300w, https:\/\/fmp-components.com\/wp-content\/uploads\/2025\/03\/spur-gear-7-18x12.webp 18w\" sizes=\"(max-width: 353px) 100vw, 353px\" \/><\/td>\n<td style=\"width: 48.6pt; height: 14px;\" align=\"right\" width=\"81\"><img loading=\"lazy\" decoding=\"async\" class=\"size-full wp-image-7403 aligncenter\" src=\"https:\/\/fmp-components.com\/wp-content\/uploads\/2025\/03\/spur-gear-6.webp\" alt=\"\u010delni zobnik\" width=\"300\" height=\"200\" title=\"\" srcset=\"https:\/\/fmp-components.com\/wp-content\/uploads\/2025\/03\/spur-gear-6.webp 300w, https:\/\/fmp-components.com\/wp-content\/uploads\/2025\/03\/spur-gear-6-18x12.webp 18w\" sizes=\"(max-width: 300px) 100vw, 300px\" \/><\/td>\n<\/tr>\n<\/tbody>\n<\/table>\n<h4>FMP: Va\u0161 vir za plasti\u010dne zobnike v Italiji<\/h4>\n<p class=\"break-words\">FMP na podlagi dolgoletnih izku\u0161enj proizvaja \u0161iroko paleto plasti\u010dnih <a href=\"https:\/\/fmp-components.com\/sl\/spur-gear-2\/\">\u010delni zobniki<\/a> primerno za podjetja po vsej Italiji, od industrijskih sredi\u0161\u010d Milana in Bologne do inovacijsko usmerjenih regij Firenc in Benetk. Na\u0161a ponudba izdelkov vklju\u010duje zobnike razli\u010dnih velikosti, \u0161tevila zob in specifikacij, kar zagotavlja, da boste na\u0161li popolno re\u0161itev za svoj projekt.<\/p>\n<ul class=\"marker:text-secondary\">\n<li class=\"break-words\"><strong>Standardni plasti\u010dni zobniki<\/strong>Na\u0161i zobniki, ki so na voljo v ve\u010d konfiguracijah, so zasnovani za brezhibno integracijo v va\u0161e sisteme.<\/li>\n<li class=\"break-words\"><strong>Zobniki iz plastike po meri<\/strong>Potrebujete edinstveno obliko? FMP je specializiran za prilagoditve. Ne glede na to, ali gre za dolo\u010den modul, predstavitev ali zahteve glede materiala, na\u0161a ekipa tesno sodeluje z vami, da vam zagotovi natanko to, kar potrebujete.<\/li>\n<\/ul>\n<p class=\"break-words\">Na\u0161 spletni katalog izdelkov se nenehno \u0161iri, \u010de pa ne najdete natanko tistega plasti\u010dnega zobnika, ki ga i\u0161\u010dete, ne skrbite \u2013 \u0161e nismo imeli prilo\u017enosti na\u0161teti vseh mo\u017enosti! Stranke v Milanu, Benetkah, Firencah, Bologni ali drugod vas spodbujamo, da se obrnete neposredno na nas. Preprosto nam po\u0161ljite e-po\u0161to s podrobnostmi o modelu, ki ga potrebujete, in na\u0161i usposobljeni in\u017eenirji vam bodo odgovorili v roku. <strong>24 ur<\/strong> s prilagojeno re\u0161itvijo.<\/p>\n<\/div>\n<\/div>\n<\/div>\n<\/div>\n<h3>Sorodni plasti\u010dni zobniki<\/h3>\n<p><img loading=\"lazy\" decoding=\"async\" class=\"size-full wp-image-7409 aligncenter\" src=\"https:\/\/fmp-components.com\/wp-content\/uploads\/2025\/03\/ralated-plastic-spur-gear.webp\" alt=\"ralirani plasti\u010dni zobni\u0161ki zobnik\" width=\"900\" height=\"900\" title=\"\" srcset=\"https:\/\/fmp-components.com\/wp-content\/uploads\/2025\/03\/ralated-plastic-spur-gear.webp 900w, https:\/\/fmp-components.com\/wp-content\/uploads\/2025\/03\/ralated-plastic-spur-gear-480x480.webp 480w\" sizes=\"(min-width: 0px) and (max-width: 480px) 480px, (min-width: 481px) 900px, 100vw\" \/><\/p>\n<p>&nbsp;<\/p>","protected":false},"excerpt":{"rendered":"<p>High-Quality Plastic Spur Gears When it comes to reliable and efficient mechanical components, plastic spur gears stand out as a versatile and cost-effective solution. At FMP, we take pride in being a leading manufacturer of plastic spur gears, offering a wide range of standard products and bespoke solutions tailored to your specific requirements. Whether you&#8217;re [&hellip;]<\/p>","protected":false},"featured_media":7406,"comment_status":"open","ping_status":"closed","template":"","meta":{"_et_pb_use_builder":"","_et_pb_old_content":"","_et_gb_content_width":""},"product_brand":[],"product_cat":[109],"product_tag":[],"class_list":{"0":"post-7398","1":"product","2":"type-product","3":"status-publish","4":"has-post-thumbnail","6":"product_cat-spur-gear","8":"first","9":"instock","10":"shipping-taxable","11":"product-type-simple"},"_links":{"self":[{"href":"https:\/\/fmp-components.com\/sl\/wp-json\/wp\/v2\/product\/7398","targetHints":{"allow":["GET"]}}],"collection":[{"href":"https:\/\/fmp-components.com\/sl\/wp-json\/wp\/v2\/product"}],"about":[{"href":"https:\/\/fmp-components.com\/sl\/wp-json\/wp\/v2\/types\/product"}],"replies":[{"embeddable":true,"href":"https:\/\/fmp-components.com\/sl\/wp-json\/wp\/v2\/comments?post=7398"}],"wp:featuredmedia":[{"embeddable":true,"href":"https:\/\/fmp-components.com\/sl\/wp-json\/wp\/v2\/media\/7406"}],"wp:attachment":[{"href":"https:\/\/fmp-components.com\/sl\/wp-json\/wp\/v2\/media?parent=7398"}],"wp:term":[{"taxonomy":"product_brand","embeddable":true,"href":"https:\/\/fmp-components.com\/sl\/wp-json\/wp\/v2\/product_brand?post=7398"},{"taxonomy":"product_cat","embeddable":true,"href":"https:\/\/fmp-components.com\/sl\/wp-json\/wp\/v2\/product_cat?post=7398"},{"taxonomy":"product_tag","embeddable":true,"href":"https:\/\/fmp-components.com\/sl\/wp-json\/wp\/v2\/product_tag?post=7398"}],"curies":[{"name":"delovni list","href":"https:\/\/api.w.org\/{rel}","templated":true}]}}