{"id":7391,"date":"2025-03-25T02:52:39","date_gmt":"2025-03-25T02:52:39","guid":{"rendered":"https:\/\/fmp-components.com\/?post_type=product&#038;p=7391"},"modified":"2025-03-26T08:40:15","modified_gmt":"2025-03-26T08:40:15","slug":"automotive-spur-gear","status":"publish","type":"product","link":"https:\/\/fmp-components.com\/sl\/product\/automotive-spur-gear\/","title":{"rendered":"Avtomobilski zobniki"},"content":{"rendered":"<div class=\"message-bubble rounded-3xl prose dark:prose-invert break-words text-primary min-h-7 prose-p:opacity-95 prose-strong:opacity-100 bg-foreground border border-input-border max-w-[100%] sm:max-w-[90%] px-4 py-2.5 rounded-br-lg\" dir=\"auto\">\n<div>\n<h2>Vloga zobnikov v avtomobilski tehniki<\/h2>\n<p class=\"break-words\">\u010celni zobniki so temelj avtomobilskega in\u017eeniringa, u\u010dinkovitosti vo\u017enje, zanesljivosti in inovacij v razli\u010dnih mehanskih sistemih vozil. \u010celni zobniki, znani po svoji preprosti zasnovi in \u200b\u200brobustni zmogljivosti, se pogosto uporabljajo v avtomobilskih aplikacijah po vsej Italiji \u2013 od \u017eivahnih ulic Milana do slikovitih cest Benetk, Firenc in Bologne. V podjetju FMP smo specializirani za proizvodnjo visokokakovostnih avtomobilskih \u010delnih zobnikov, prilagojenih raznolikim potrebam industrije, vklju\u010dno z re\u0161itvami po meri za stranke v Italiji in drugod.<\/p>\n<p><img loading=\"lazy\" decoding=\"async\" class=\"size-full wp-image-7397 aligncenter\" src=\"https:\/\/fmp-components.com\/wp-content\/uploads\/2025\/03\/Automotive-Spur-Gear.webp\" alt=\"Avtomobilski zobniki\" width=\"1114\" height=\"918\" title=\"\" srcset=\"https:\/\/fmp-components.com\/wp-content\/uploads\/2025\/03\/Automotive-Spur-Gear.webp 1114w, https:\/\/fmp-components.com\/wp-content\/uploads\/2025\/03\/Automotive-Spur-Gear-980x808.webp 980w, https:\/\/fmp-components.com\/wp-content\/uploads\/2025\/03\/Automotive-Spur-Gear-480x396.webp 480w\" sizes=\"(min-width: 0px) and (max-width: 480px) 480px, (min-width: 481px) and (max-width: 980px) 980px, (min-width: 981px) 1114px, 100vw\" \/><\/p>\n<h2>Specifikacija<\/h2>\n<\/div>\n<\/div>\n<p>Dimenzija: \u03a63 mm - \u03a6120 mm<br \/>\nModul: M0.15-M2.2<br \/>\nVrsta materiala: kovina, bron, jeklo, zlitina, cink, aluminij, \u017eelezo, nerjave\u010de jeklo, medenina, baker po \u017eelji stranke<\/p>\n<div class=\"table-responsive\">\n<table class=\"table\" style=\"width: 102%; height: 289px;\" border=\"1\">\n<tbody>\n<tr style=\"height: 24px;\">\n<td style=\"height: 24px;\" colspan=\"2\">Avtomobilski zobniki<\/td>\n<\/tr>\n<tr style=\"height: 24px;\">\n<td style=\"height: 24px;\">Dimenzija<\/td>\n<td style=\"height: 24px;\">\u03a616 mm<\/td>\n<\/tr>\n<tr style=\"height: 49px;\">\n<td style=\"height: 49px;\">Modul<\/td>\n<td style=\"height: 49px;\">M0,15, M0,2, M0,25\u2013M0,8,<br \/>\nM1.0<\/td>\n<\/tr>\n<tr style=\"height: 24px;\">\n<td style=\"height: 24px;\">Vrsta materiala<\/td>\n<td style=\"height: 24px;\">Kovina, bron, jeklo, zlitina, POM, cink, aluminij, \u017eelezo, nerjave\u010de jeklo, medenina, baker<\/td>\n<\/tr>\n<tr style=\"height: 24px;\">\n<td style=\"height: 24px;\">Stopnja mre\u017eenja<\/td>\n<td style=\"height: 24px;\">GB 6, ISO 6, JGMA 1, JIS 6, AGMA 13, DIN 6, AGMA12<\/td>\n<\/tr>\n<tr style=\"height: 24px;\">\n<td style=\"height: 24px;\">Uporaba<\/td>\n<td style=\"height: 24px;\">Medicinska, avtomobilska, voja\u0161ka, letalska, strojna.<\/td>\n<\/tr>\n<tr style=\"height: 24px;\">\n<td style=\"height: 24px;\">Prilagojeno<\/td>\n<td style=\"height: 24px;\">ODM\/OEM<\/td>\n<\/tr>\n<tr style=\"height: 24px;\">\n<td style=\"height: 24px;\">Vzorec<\/td>\n<td style=\"height: 24px;\">Vzorec na voljo<\/td>\n<\/tr>\n<tr style=\"height: 24px;\">\n<td style=\"height: 24px;\">Na\u010dini pakiranja<\/td>\n<td style=\"height: 24px;\">Vakuumsko pakirano s plasti\u010dnim pladnjem<\/td>\n<\/tr>\n<tr style=\"height: 24px;\">\n<td style=\"height: 24px;\">Na\u010dini dostave<\/td>\n<td style=\"height: 24px;\">DHL, TNT, FedEx in UPS<\/td>\n<\/tr>\n<tr style=\"height: 24px;\">\n<td style=\"height: 24px;\">Potrdilo<\/td>\n<td style=\"height: 24px;\">ISO 9001: 2008\/TS16949.<\/td>\n<\/tr>\n<\/tbody>\n<\/table>\n<div>\n<h4>Prenos mo\u010di: srce avtomobilskega gibanja<\/h4>\n<p class=\"break-words\">V avtomobilskem svetu so \u010delni zobniki bistveni za prenos mo\u010di. U\u010dinkovito prena\u0161ajo rotacijsko gibanje in navor iz motorja na komponente, kot so menjalnik, diferencial in kolesa. Ne glede na to, ali se vozite po vijugastih cestah Toskane ali po urbanem obmo\u010dju Milana, \u010delni zobniki zagotavljajo nemoteno dovajanje mo\u010di, kar omogo\u010da vozilom natan\u010dno premikanje naprej ali nazaj. Pri FMP so na\u0161i avtomobilski \u010delni zobniki zasnovani za vzdr\u017eljivost in zmogljivost ter podpirajo proizvajalce po vsej Italiji pri ustvarjanju zanesljivih vozil.<\/p>\n<h4>Zmanj\u0161anje prestav: optimizacija zmogljivosti in u\u010dinkovitosti<\/h4>\n<p class=\"break-words\">\u010celni zobniki se odli\u010dno uporabljajo v sistemih za zmanj\u0161anje prestav, kar je klju\u010dni postopek za uravnote\u017eenje hitrosti in navora v avtomobilih. Z nastavljanjem prestavnih razmerij \u010delni zobniki pretvorijo visokohitrostni motor z nizkim navorom v mo\u010d z visokim navorom pri ni\u017eji hitrosti, ki je potrebna na kolesih. To izbolj\u0161a u\u010dinkovitost porabe goriva in zmogljivost motorja \u2013 klju\u010dne prioritete za voznike v ekolo\u0161ko ozave\u0161\u010denih mestih, kot sta Firence in Bologna. Natan\u010dno izdelani \u010delni zobniki FMP zagotavljajo optimalno zmanj\u0161anje prestav in pomagajo italijanskim proizvajalcem avtomobilov izpolnjevati stroge standarde u\u010dinkovitosti.<\/p>\n<h4>Prenosni sistemi: Omogo\u010danje gladkega prestavljanja<\/h4>\n<p class=\"break-words\">Od ro\u010dnih do avtomatskih menjalnikov so \u010delni zobniki sestavni del menjalnikov. Pri ro\u010dnih nastavitvah se z vhodno gredjo prestavljajo v stik z razli\u010dnimi prestavami za gladko prestavljanje, medtem ko pri avtomatskih sistemih prispevajo k konfiguracijam planetnih zobnikov za gladke prehode. Ne glede na to, ali ste mehanik v Benetkah ali in\u017eenir v Milanu, FMP ponuja vrsto \u010delnih zobnikov, zasnovanih za izbolj\u0161anje zanesljivosti menjalnika in udobja voznika.<\/p>\n<div>\n<h3>Podjetje FMP: Va\u0161 zaupanja vreden partner za avtomobilske zobnike v Italiji<\/h3>\n<p class=\"break-words\">V podjetju FMP se pona\u0161amo s proizvodnjo \u0161iroke palete avtomobilskih \u010delnih zobnikov, od standardnih modelov do popolnoma prilagojenih re\u0161itev. Strankam po vsej Italiji \u2013 bodisi v Milanu, Benetkah, Firencah ali Bologni \u2013 z natan\u010dnostjo in strokovnim znanjem zagotavljamo raznolike avtomobilske potrebe. Na\u0161 proizvodni proces vklju\u010duje napredne tehnike, kot sta bru\u0161enje in stru\u017eenje zobnikov, da zagotovimo vrhunsko natan\u010dnost in trdnost, zaradi \u010desar so na\u0161i zobniki odli\u010dna izbira za italijanske in\u017eenirje.<\/p>\n<p class=\"break-words\">\u010ce ne vidite konkretnega <a href=\"https:\/\/fmp-components.com\/sl\/spur-gear-2\/\">\u010delni zobnik<\/a> \u010ce na na\u0161em seznamu izdelkov najdete model, ki ga potrebujete, ne skrbite \u2013 to preprosto pomeni, da ga \u0161e nismo imeli mo\u017enosti nalo\u017eiti. Sprejemamo naro\u010dila po meri in vas vabimo, da <strong>pi\u0161ite nam<\/strong> z va\u0161imi zahtevami. Na\u0161i usposobljeni in\u017eenirji se bodo odzvali v <strong>24 ur<\/strong>, ki zagotavljajo prilagojene re\u0161itve, ki ustrezajo va\u0161im potrebam.<\/p>\n<\/div>\n<\/div>\n<\/div>","protected":false},"excerpt":{"rendered":"<p>The Role of Spur Gears in Automotive Engineering Spur gears are a cornerstone of automotive engineering, driving efficiency, reliability, and innovation across various mechanical systems in vehicles. Known for their straightforward design and robust performance, spur gears are widely utilized in automotive applications throughout Italy\u2014from the bustling streets of Milan to the scenic roads of [&hellip;]<\/p>","protected":false},"featured_media":4606,"comment_status":"open","ping_status":"closed","template":"","meta":{"_et_pb_use_builder":"","_et_pb_old_content":"","_et_gb_content_width":""},"product_brand":[],"product_cat":[109],"product_tag":[],"class_list":{"0":"post-7391","1":"product","2":"type-product","3":"status-publish","4":"has-post-thumbnail","6":"product_cat-spur-gear","8":"first","9":"instock","10":"shipping-taxable","11":"product-type-simple"},"_links":{"self":[{"href":"https:\/\/fmp-components.com\/sl\/wp-json\/wp\/v2\/product\/7391","targetHints":{"allow":["GET"]}}],"collection":[{"href":"https:\/\/fmp-components.com\/sl\/wp-json\/wp\/v2\/product"}],"about":[{"href":"https:\/\/fmp-components.com\/sl\/wp-json\/wp\/v2\/types\/product"}],"replies":[{"embeddable":true,"href":"https:\/\/fmp-components.com\/sl\/wp-json\/wp\/v2\/comments?post=7391"}],"wp:featuredmedia":[{"embeddable":true,"href":"https:\/\/fmp-components.com\/sl\/wp-json\/wp\/v2\/media\/4606"}],"wp:attachment":[{"href":"https:\/\/fmp-components.com\/sl\/wp-json\/wp\/v2\/media?parent=7391"}],"wp:term":[{"taxonomy":"product_brand","embeddable":true,"href":"https:\/\/fmp-components.com\/sl\/wp-json\/wp\/v2\/product_brand?post=7391"},{"taxonomy":"product_cat","embeddable":true,"href":"https:\/\/fmp-components.com\/sl\/wp-json\/wp\/v2\/product_cat?post=7391"},{"taxonomy":"product_tag","embeddable":true,"href":"https:\/\/fmp-components.com\/sl\/wp-json\/wp\/v2\/product_tag?post=7391"}],"curies":[{"name":"delovni list","href":"https:\/\/api.w.org\/{rel}","templated":true}]}}