{"id":7390,"date":"2025-03-25T02:48:22","date_gmt":"2025-03-25T02:48:22","guid":{"rendered":"https:\/\/fmp-components.com\/?post_type=product&#038;p=7390"},"modified":"2025-03-26T08:40:29","modified_gmt":"2025-03-26T08:40:29","slug":"tractor-spur-gears","status":"publish","type":"product","link":"https:\/\/fmp-components.com\/sl\/product\/tractor-spur-gears\/","title":{"rendered":"Traktorski zobniki"},"content":{"rendered":"<div>\n<h3>Vloga zobnikov v traktorjih<\/h3>\n<p class=\"break-words\">Ko gre za robustne stroje, ki poganjajo kmetijska osr\u010dja Italije \u2013 kot so rodovitna polja v bli\u017eini Milana, valoviti gri\u010di Toskane okoli Firenc ali produktivne ravnice Bologne \u2013 so traktorji nepogre\u0161ljivi. V jedru teh strojev le\u017ei klju\u010dna komponenta: <a href=\"https:\/\/fmp-components.com\/sl\/spur-gear-2\/\">\u010delni zobnik<\/a>Kot vodilni proizvajalec visokokakovostnih \u010delnih zobnikov podjetje FMP ponosno podpira industrije po vsej Italiji, od Benetk do Firenc, z natan\u010dno zasnovanimi re\u0161itvami, prilagojenimi za uporabo v traktorjih in \u0161ir\u0161e.<\/p>\n<table style=\"border-collapse: collapse; width: 97.3608%; height: 31px;\" border=\"0\" width=\"243\" cellspacing=\"0\" cellpadding=\"0\">\n<tbody>\n<tr style=\"height: 14.40pt;\">\n<td style=\"height: 14.40pt; width: 48.60pt;\" align=\"right\" width=\"81\" height=\"24\">\u00a0<img loading=\"lazy\" decoding=\"async\" class=\"size-full wp-image-7393 aligncenter\" src=\"https:\/\/fmp-components.com\/wp-content\/uploads\/2025\/03\/spur-gear-in-tractor-2.webp\" alt=\"\u010delni zobnik v traktorju\" width=\"800\" height=\"800\" title=\"\" srcset=\"https:\/\/fmp-components.com\/wp-content\/uploads\/2025\/03\/spur-gear-in-tractor-2.webp 800w, https:\/\/fmp-components.com\/wp-content\/uploads\/2025\/03\/spur-gear-in-tractor-2-480x480.webp 480w\" sizes=\"(min-width: 0px) and (max-width: 480px) 480px, (min-width: 481px) 800px, 100vw\" \/><\/td>\n<td style=\"width: 48.60pt;\" align=\"right\" width=\"81\"><img loading=\"lazy\" decoding=\"async\" class=\"size-full wp-image-7394 aligncenter\" src=\"https:\/\/fmp-components.com\/wp-content\/uploads\/2025\/03\/spur-gear-in-tractor-3.webp\" alt=\"\u010delni zobnik v traktorju\" width=\"800\" height=\"800\" title=\"\" srcset=\"https:\/\/fmp-components.com\/wp-content\/uploads\/2025\/03\/spur-gear-in-tractor-3.webp 800w, https:\/\/fmp-components.com\/wp-content\/uploads\/2025\/03\/spur-gear-in-tractor-3-480x480.webp 480w\" sizes=\"(min-width: 0px) and (max-width: 480px) 480px, (min-width: 481px) 800px, 100vw\" \/><\/td>\n<td style=\"width: 48.60pt;\" align=\"right\" width=\"81\"><img loading=\"lazy\" decoding=\"async\" class=\"size-full wp-image-7392 aligncenter\" src=\"https:\/\/fmp-components.com\/wp-content\/uploads\/2025\/03\/spur-gear-in-tractor-1.webp\" alt=\"\u010delni zobnik v traktorju\" width=\"800\" height=\"800\" title=\"\" srcset=\"https:\/\/fmp-components.com\/wp-content\/uploads\/2025\/03\/spur-gear-in-tractor-1.webp 800w, https:\/\/fmp-components.com\/wp-content\/uploads\/2025\/03\/spur-gear-in-tractor-1-480x480.webp 480w\" sizes=\"(min-width: 0px) and (max-width: 480px) 480px, (min-width: 481px) 800px, 100vw\" \/><\/td>\n<\/tr>\n<\/tbody>\n<\/table>\n<\/div>\n<h3>Specifikacije<\/h3>\n<table style=\"width: 103.5%; height: 281px;\" border=\"1\">\n<tbody>\n<tr>\n<td style=\"width: 33.1311%;\"><strong>Ime izdelka<\/strong><\/td>\n<td style=\"width: 66.1408%;\">Traktorski zobni\u0161ki zobnik s 17 prestavami<\/td>\n<\/tr>\n<tr>\n<td style=\"width: 33.1311%;\"><strong>Uporaba\u00a0<\/strong><\/td>\n<td style=\"width: 66.1408%;\">Traktor<\/td>\n<\/tr>\n<tr>\n<td style=\"width: 33.1311%;\"><strong>Materiali<\/strong><\/td>\n<td style=\"width: 66.1408%;\">Jeklo<\/td>\n<\/tr>\n<tr>\n<td style=\"width: 33.1311%;\"><strong>Velikost<\/strong><\/td>\n<td style=\"width: 66.1408%;\">5 cm * 9 cm * 9 cm<\/td>\n<\/tr>\n<tr>\n<td style=\"width: 33.1311%;\"><strong>Te\u017ea<\/strong><\/td>\n<td style=\"width: 66.1408%;\">0,87 kg<\/td>\n<\/tr>\n<tr>\n<td style=\"width: 33.1311%;\"><strong>OEM\u00a0<\/strong><\/td>\n<td style=\"width: 66.1408%;\">50-1701212A<\/td>\n<\/tr>\n<tr>\n<td style=\"width: 33.1311%;\"><strong>MOQ<\/strong><\/td>\n<td style=\"width: 66.1408%;\">30<\/td>\n<\/tr>\n<tr>\n<td style=\"width: 33.1311%;\"><strong>Premer<\/strong><\/td>\n<td style=\"width: 66.1408%;\">9 cm<\/td>\n<\/tr>\n<tr>\n<td style=\"width: 33.1311%;\"><strong>Kakovost<\/strong><\/td>\n<td style=\"width: 66.1408%;\">100% testirano<\/td>\n<\/tr>\n<tr>\n<td style=\"width: 33.1311%;\"><strong>Pakiranje<\/strong><\/td>\n<td style=\"width: 66.1408%;\">\u0160katla<\/td>\n<\/tr>\n<\/tbody>\n<\/table>\n<div>\n<h2>\u010celni zobniki v traktorskih strojih<\/h2>\n<p class=\"break-words\">V traktorjih imajo \u010delni zobniki klju\u010dno vlogo v prenosnem sistemu, saj zagotavljajo nemoten prenos mo\u010di od motorja do koles. Na\u0161i \u010delni zobniki, kot so tisti, ki se uporabljajo v pra\u0161kastih aplikacijah za metalur\u0161ke dele traktorskih strojev, so na primer izdelani z natan\u010dnostjo (natan\u010dnost ISO6), da se spopadejo z zahtevnimi pogoji kmetijskega dela. Takole prispevajo:<\/p>\n<ul class=\"marker:text-secondary\">\n<li class=\"break-words\"><strong>Prenos mo\u010di<\/strong>\u010celni zobniki u\u010dinkovito prena\u0161ajo rotacijsko energijo med vzporednima gredema, ki poganjajo kolesa in priklju\u010dke traktorja.<\/li>\n<li class=\"break-words\"><strong>Vzdr\u017eljivost<\/strong>Na\u0161i zobniki so izdelani iz robustnih materialov, kot je 16MnCrn5, in toplotno obdelani z cementiranjem do trdote 58\u201362 HRC, zato so odporni na obrabo pri te\u017ekih opravilih.<\/li>\n<li class=\"break-words\"><strong>Natan\u010dnost<\/strong>Z modulom 4,6 in kotom pritiska 20\u00b0 imajo na\u0161i \u010delni zobniki modifikacije profila in koraka (optimizirano po K-diagramu) za minimalen hrup in maksimalno u\u010dinkovitost.<\/li>\n<\/ul>\n<p class=\"break-words\">Od vinogradov v Firencah do industrijskih sredi\u0161\u010d Milana se italijanski kmetje in proizvajalci zana\u0161ajo na traktorje, opremljene z zanesljivimi \u010delnimi zobniki, da ohranijo produktivnost. Ne glede na to, ali orjejo polja v bli\u017eini Bologne ali preva\u017eajo blago v Benetkah, ti zobniki zagotavljajo dosledno delovanje.<\/p>\n<div>\n<h4>Zakaj izbrati podjetje FMP za \u010delne zobnike?<\/h4>\n<p class=\"break-words\">V podjetju FMP smo specializirani za proizvodnjo \u0161iroke palete \u010delnih zobnikov, prilagojenih razli\u010dnim panogam, vklju\u010dno s kmetijstvom. Na\u0161a linija izdelkov vklju\u010duje standardne zasnove in popolnoma prilagodljive mo\u017enosti, ki ustrezajo va\u0161im specifi\u010dnim potrebam. Na podlagi dolgoletnih izku\u0161enj slu\u017eimo strankam po vsej Italiji in zagotavljamo, da imajo podjetja v Milanu, Benetkah, Firencah, Bologni in drugod dostop do vrhunskih komponent.<\/p>\n<ul class=\"marker:text-secondary\">\n<li class=\"break-words\"><strong>Raznolikost<\/strong>Izdelujemo \u010delne zobnike za traktorje, metalur\u0161ko opremo in drugo, vse izdelano z natan\u010dnostjo in skrbnostjo.<\/li>\n<li class=\"break-words\"><strong>Prilagoditev<\/strong>Potrebujete edinstveno prestavo za va\u0161 traktor? Sprejemamo naro\u010dila po meri, ki natan\u010dno ustrezajo va\u0161im specifikacijam.<\/li>\n<li class=\"break-words\"><strong>Podpora<\/strong>\u010ce na na\u0161em seznamu izdelkov ne najdete modela, ki ga potrebujete \u2013 brez skrbi! Morda \u0161e ni nalo\u017een. Preprosto nam po\u0161ljite e-po\u0161to s svojimi zahtevami in na\u0161i in\u017eenirji vam bodo v 24 urah odgovorili z re\u0161itvijo.<\/li>\n<\/ul>\n<p class=\"break-words\">Italijanski kmetijski sektor uspeva na podro\u010dju inovacij in zanesljivosti, FMP pa je ponosen, da lahko prispeva k tej zapu\u0161\u010dini. V FMP smo zavezani k temu, da vam pomagamo pri uspehu \u2013 z eno prestavo naenkrat.<\/p>\n<\/div>\n<\/div>","protected":false},"excerpt":{"rendered":"<p>The Role of Spur Gears in Tractors When it comes to the robust machinery powering Italy\u2019s agricultural heartlands\u2014such as the fertile fields near Milan, the rolling hills of Tuscany around Florence, or the productive plains of Bologna\u2014tractors are indispensable. At the core of these machines lies a critical component: the spur gear. As a leading [&hellip;]<\/p>","protected":false},"featured_media":7393,"comment_status":"open","ping_status":"closed","template":"","meta":{"_et_pb_use_builder":"","_et_pb_old_content":"","_et_gb_content_width":""},"product_brand":[],"product_cat":[109],"product_tag":[],"class_list":{"0":"post-7390","1":"product","2":"type-product","3":"status-publish","4":"has-post-thumbnail","6":"product_cat-spur-gear","8":"first","9":"instock","10":"shipping-taxable","11":"product-type-simple"},"_links":{"self":[{"href":"https:\/\/fmp-components.com\/sl\/wp-json\/wp\/v2\/product\/7390","targetHints":{"allow":["GET"]}}],"collection":[{"href":"https:\/\/fmp-components.com\/sl\/wp-json\/wp\/v2\/product"}],"about":[{"href":"https:\/\/fmp-components.com\/sl\/wp-json\/wp\/v2\/types\/product"}],"replies":[{"embeddable":true,"href":"https:\/\/fmp-components.com\/sl\/wp-json\/wp\/v2\/comments?post=7390"}],"wp:featuredmedia":[{"embeddable":true,"href":"https:\/\/fmp-components.com\/sl\/wp-json\/wp\/v2\/media\/7393"}],"wp:attachment":[{"href":"https:\/\/fmp-components.com\/sl\/wp-json\/wp\/v2\/media?parent=7390"}],"wp:term":[{"taxonomy":"product_brand","embeddable":true,"href":"https:\/\/fmp-components.com\/sl\/wp-json\/wp\/v2\/product_brand?post=7390"},{"taxonomy":"product_cat","embeddable":true,"href":"https:\/\/fmp-components.com\/sl\/wp-json\/wp\/v2\/product_cat?post=7390"},{"taxonomy":"product_tag","embeddable":true,"href":"https:\/\/fmp-components.com\/sl\/wp-json\/wp\/v2\/product_tag?post=7390"}],"curies":[{"name":"delovni list","href":"https:\/\/api.w.org\/{rel}","templated":true}]}}