{"id":7384,"date":"2025-03-24T06:59:56","date_gmt":"2025-03-24T06:59:56","guid":{"rendered":"https:\/\/fmp-components.com\/?post_type=product&#038;p=7384"},"modified":"2025-03-26T08:41:37","modified_gmt":"2025-03-26T08:41:37","slug":"ground-helical-gears","status":"publish","type":"product","link":"https:\/\/fmp-components.com\/sl\/product\/ground-helical-gears\/","title":{"rendered":"Bru\u0161eni vija\u010dni zobniki"},"content":{"rendered":"<div>\n<p class=\"break-words\">Ko so natan\u010dnost, vzdr\u017eljivost in nemoteno delovanje najpomembnej\u0161i, se bru\u0161eni vija\u010dni zobniki izka\u017eejo kot izjemna izbira za sisteme prenosa mo\u010di. Ti zobniki, za katere so zna\u010dilni po\u0161evni zobje in natan\u010dno bru\u0161ene povr\u0161ine, ponujajo vrhunsko zmogljivost pri aplikacijah z visokimi obremenitvami in visokimi hitrostmi. V podjetju FMP smo ponosni, da izdelujemo \u0161iroko paleto bru\u0161enih zobnikov. <a href=\"https:\/\/fmp-components.com\/sl\/helical-gears\/\">vija\u010dni zobniki<\/a>, ki slu\u017ei industrijam po vsem svetu s standardnimi in prilagojenimi re\u0161itvami. V tem \u010dlanku bomo raziskali uporabljene materiale, razpolo\u017eljive modele in kako FMP dobavlja vrhunske zobnike, prilagojene va\u0161im potrebam.<\/p>\n<h2>Kaj so bru\u0161eni vija\u010dni zobniki?<\/h2>\n<p class=\"break-words\">Bru\u0161eni vija\u010dni zobniki so vrsta vija\u010dnega zobnika, pri katerem so zobne povr\u0161ine po toplotni obdelavi natan\u010dno bru\u0161ene, da se dose\u017ee izjemna natan\u010dnost in gladkost. Vija\u010dna zasnova \u2013 z zobmi, rezanimi pod kotom glede na os zobnika \u2013 zagotavlja postopno vklapljanje, kar zmanj\u0161uje hrup in vibracije v primerjavi z \u010delnimi zobniki. Postopek bru\u0161enja izbolj\u0161a povr\u0161insko obdelavo in dimenzijsko natan\u010dnost, zaradi \u010desar so ti zobniki idealni za aplikacije, ki zahtevajo minimalno zra\u010dnost in maksimalno u\u010dinkovitost, kot so menjalniki, avtomobilski sistemi in industrijski stroji.<\/p>\n<\/div>\n<h2>Specifikacija<\/h2>\n<table style=\"width: 100%;\" border=\"1\" width=\"100%\" cellspacing=\"0\" cellpadding=\"0\">\n<thead><\/thead>\n<tbody>\n<tr>\n<td>Vrsta izvrtine<\/td>\n<td>Tla<\/td>\n<\/tr>\n<tr>\n<td>Pre\u010dni modul<\/td>\n<td>1<\/td>\n<\/tr>\n<tr>\n<td>\u0160tevilo zob<\/td>\n<td>100<\/td>\n<\/tr>\n<tr>\n<td>Smer Helixa<\/td>\n<td>Leva roka<\/td>\n<\/tr>\n<tr>\n<td>Oblika<\/td>\n<td>S1<\/td>\n<\/tr>\n<tr>\n<td>Premer (A)<\/td>\n<td>15,0 (mm)<\/td>\n<\/tr>\n<tr>\n<td>Premer pesta (B)<\/td>\n<td>50,0 (mm)<\/td>\n<\/tr>\n<tr>\n<td>Premer koraka (C)<\/td>\n<td>100,00 (mm)<\/td>\n<\/tr>\n<tr>\n<td>Zunanji premer (D)<\/td>\n<td>102,00 (mm)<\/td>\n<\/tr>\n<tr>\n<td>\u0160irina obraza (E)<\/td>\n<td>8,0 (mm)<\/td>\n<\/tr>\n<tr>\n<td>\u0160irina pesta (F)<\/td>\n<td>10,0 (mm)<\/td>\n<\/tr>\n<tr>\n<td>Skupna dol\u017eina (G)<\/td>\n<td>18,00 (mm)<\/td>\n<\/tr>\n<tr>\n<td>Kot vija\u010dnice<\/td>\n<td>21\u00b030\u2032<\/td>\n<\/tr>\n<tr>\n<td>Kot pritiska<\/td>\n<td>20\u00b0<\/td>\n<\/tr>\n<\/tbody>\n<\/table>\n<div>\n<h3>Materiali, uporabljeni v bru\u0161enih vija\u010dnih zobnikih<\/h3>\n<p class=\"break-words\">Izbira materiala je klju\u010dnega pomena za delovanje bru\u0161enih vija\u010dnih zobnikov. Pri FMP izbiramo visokokakovostne materiale, ki zagotavljajo trdnost, odpornost proti obrabi in dolgo \u017eivljenjsko dobo. Spodaj je tabela s podrobnostmi o obi\u010dajnih materialih in njihovih lastnostih:<\/p>\n<div class=\"overflow-x-auto my-2\">\n<table style=\"width: 100%;\" border=\"1\" width=\"100%\" cellspacing=\"0\" cellpadding=\"0\">\n<thead class=\"border-b border-primary\/20\">\n<tr class=\"border-primary\/10\">\n<th class=\"break-words\"><strong>Material<\/strong><\/th>\n<th class=\"break-words\"><strong>Nepremi\u010dnine<\/strong><\/th>\n<th class=\"break-words\"><strong>Pogoste uporabe<\/strong><\/th>\n<\/tr>\n<\/thead>\n<tbody>\n<tr class=\"border-primary\/10\">\n<td class=\"break-words\"><strong>Ogljikovo jeklo (npr. C45)<\/strong><\/td>\n<td class=\"break-words\">Visoka trdnost, stro\u0161kovno u\u010dinkovita, dobra obdelovalnost<\/td>\n<td class=\"break-words\">Splo\u0161ni stroji, avtomobilski zobniki<\/td>\n<\/tr>\n<tr class=\"border-primary\/10\">\n<td class=\"break-words\"><strong>Legirano jeklo (npr. 4140)<\/strong><\/td>\n<td class=\"break-words\">Izbolj\u0161ana \u017eilavost, odpornost proti obrabi<\/td>\n<td class=\"break-words\">Te\u017eki menjalniki, industrijski pogoni<\/td>\n<\/tr>\n<tr class=\"border-primary\/10\">\n<td class=\"break-words\"><strong>Nerjave\u010de jeklo<\/strong><\/td>\n<td class=\"break-words\">Odpornost proti koroziji, vzdr\u017eljivost<\/td>\n<td class=\"break-words\">Predelava hrane, pomorske aplikacije<\/td>\n<\/tr>\n<tr class=\"border-primary\/10\">\n<td class=\"break-words\"><strong>Kaljeno jeklo<\/strong><\/td>\n<td class=\"break-words\">Trda povr\u0161ina, trdo jedro<\/td>\n<td class=\"break-words\">Visoko obremenljivi, visoko natan\u010dni sistemi<\/td>\n<\/tr>\n<tr class=\"border-primary\/10\">\n<td class=\"break-words\"><strong>Orodno jeklo<\/strong><\/td>\n<td class=\"break-words\">Izjemna trdota, odpornost na vro\u010dino<\/td>\n<td class=\"break-words\">Specializirani stroji za visoke hitrosti<\/td>\n<\/tr>\n<\/tbody>\n<\/table>\n<\/div>\n<p class=\"break-words\">Ti materiali nam omogo\u010dajo izdelavo zobnikov, ki prenesejo obremenitve zahtevnih okolij, od industrijskih obratov do delavnic za fino in\u017eenirstvo.<\/p>\n<h3>Razpolo\u017eljivi modeli bru\u0161enih vija\u010dnih zobnikov<\/h3>\n<p class=\"break-words\">Podjetje FMP ponuja vrsto modelov bru\u0161enih vija\u010dnih zobnikov, ki ustrezajo razli\u010dnim specifikacijam. Spodnja tabela prikazuje nekatere na\u0161e standardne ponudbe, vendar jih lahko prilagodimo va\u0161im natan\u010dnim zahtevam:<\/p>\n<div class=\"overflow-x-auto my-2\">\n<table style=\"width: 100%;\" border=\"1\" width=\"100%\" cellspacing=\"0\" cellpadding=\"0\">\n<thead class=\"border-b border-primary\/20\">\n<tr class=\"border-primary\/10\">\n<th class=\"break-words\"><strong>Model<\/strong><\/th>\n<th class=\"break-words\"><strong>Modul<\/strong><\/th>\n<th class=\"break-words\"><strong>\u0160tevilo zob<\/strong><\/th>\n<th class=\"break-words\"><strong>Kot pritiska<\/strong><\/th>\n<th class=\"break-words\"><strong>Kot vija\u010dnice<\/strong><\/th>\n<th class=\"break-words\"><strong>Mo\u017enosti materialov<\/strong><\/th>\n<\/tr>\n<\/thead>\n<tbody>\n<tr class=\"border-primary\/10\">\n<td class=\"break-words\">TGP-101<\/td>\n<td class=\"break-words\">1.0<\/td>\n<td class=\"break-words\">20<\/td>\n<td class=\"break-words\">20\u00b0<\/td>\n<td class=\"break-words\">15\u00b0<\/td>\n<td class=\"break-words\">Ogljikovo jeklo, legirano jeklo<\/td>\n<\/tr>\n<tr class=\"border-primary\/10\">\n<td class=\"break-words\">TGP-152<\/td>\n<td class=\"break-words\">1.5<\/td>\n<td class=\"break-words\">30<\/td>\n<td class=\"break-words\">20\u00b0<\/td>\n<td class=\"break-words\">20\u00b0<\/td>\n<td class=\"break-words\">Nerjave\u010de jeklo, orodno jeklo<\/td>\n<\/tr>\n<tr class=\"border-primary\/10\">\n<td class=\"break-words\">TGP-203<\/td>\n<td class=\"break-words\">2.0<\/td>\n<td class=\"break-words\">25<\/td>\n<td class=\"break-words\">20\u00b0<\/td>\n<td class=\"break-words\">15\u00b0<\/td>\n<td class=\"break-words\">Kaljeno jeklo<\/td>\n<\/tr>\n<tr class=\"border-primary\/10\">\n<td class=\"break-words\">TGP-305<\/td>\n<td class=\"break-words\">3.0<\/td>\n<td class=\"break-words\">40<\/td>\n<td class=\"break-words\">20\u00b0<\/td>\n<td class=\"break-words\">25\u00b0<\/td>\n<td class=\"break-words\">Legirano jeklo, nerjave\u010de jeklo<\/td>\n<\/tr>\n<tr class=\"border-primary\/10\">\n<td class=\"break-words\">TGP-po meri<\/td>\n<td class=\"break-words\">Po meri<\/td>\n<td class=\"break-words\">Po meri<\/td>\n<td class=\"break-words\">Po meri<\/td>\n<td class=\"break-words\">Po meri<\/td>\n<td class=\"break-words\">Kateri koli<\/td>\n<\/tr>\n<\/tbody>\n<\/table>\n<\/div>\n<p class=\"break-words\">Ti modeli so zasnovani za natan\u010dnost in zanesljivost, kar zagotavlja optimalno delovanje v aplikacijah, od majhne opreme do velikih industrijskih sistemov.<\/p>\n<div>\n<h4>Podjetje FMP: Va\u0161 vir za bru\u0161ene vija\u010dne zobnike<\/h4>\n<p class=\"break-words\">Pri FMP smo specializirani za proizvodnjo bru\u0161enih vija\u010dnih zobnikov, ki izpolnjujejo najvi\u0161je standarde kakovosti in zmogljivosti. Ne glede na to, ali potrebujete standardni model ali re\u0161itev po meri, vam nudimo vse. Na\u0161a ponudba vklju\u010duje:<\/p>\n<ul class=\"marker:text-secondary\">\n<li class=\"break-words\"><strong>\u0160iroka raznolikost<\/strong>Od lahkih zobnikov do te\u017ekih mo\u017enosti, poskrbimo za vse panoge.<\/li>\n<li class=\"break-words\"><strong>Prilagoditev<\/strong>Na\u0161a ekipa lahko na\u010drtuje in izdela bru\u0161ene vija\u010dne zobnike, prilagojene va\u0161im specifi\u010dnim potrebam, kar zagotavlja popolno prileganje va\u0161i aplikaciji.<\/li>\n<li class=\"break-words\"><strong>Precizno bru\u0161enje<\/strong>Vsak zobnik je bru\u0161en do natan\u010dnih toleranc, kar zagotavlja nizek hrup, visoko u\u010dinkovitost in dalj\u0161o \u017eivljenjsko dobo.<\/li>\n<\/ul>\n<p class=\"break-words\">\u010ce na na\u0161em seznamu ne najdete natan\u010dnega modela, ki ga potrebujete, ne skrbite \u2013 na\u0161 katalog izdelkov se nenehno \u0161iri. Mo\u017eno je, da ga \u0161e nismo posodobili z na\u0161imi najnovej\u0161imi modeli. Preprosto nam po\u0161ljite e-po\u0161to z va\u0161imi zahtevami in na\u0161i strokovni in\u017eenirji vam bodo odgovorili v roku. <strong>24 ur<\/strong> z re\u0161itvijo, prilagojeno va\u0161emu projektu. Zavezani smo k izpolnjevanju va\u0161ih potreb, ne glede na kompleksnost.<\/p>\n<h4>Uporaba bru\u0161enih vija\u010dnih zobnikov<\/h4>\n<p class=\"break-words\">Bru\u0161eni vija\u010dni zobniki so cenjeni zaradi svoje vsestranskosti in natan\u010dnosti, zaradi \u010desar so bistveni v \u0161tevilnih panogah:<\/p>\n<ul class=\"marker:text-secondary\">\n<li class=\"break-words\"><strong>Avtomobilizem<\/strong>Uporablja se v menjalnikih za nemoteno in tiho delovanje.<\/li>\n<li class=\"break-words\"><strong>Industrijski stroji<\/strong>Pogon menjalnikov in pogonov v proizvodnih obratih.<\/li>\n<li class=\"break-words\"><strong>Vesoljska in vesoljska industrija<\/strong>Precizne komponente za visokozmogljivo opremo.<\/li>\n<li class=\"break-words\"><strong>Marine<\/strong>Trpe\u017ene prestave za pogonske in pomo\u017ene sisteme.<\/li>\n<\/ul>\n<p class=\"break-words\">Zaradi svoje sposobnosti prena\u0161anja visokih obremenitev in ohranjanja natan\u010dnosti v zahtevnih pogojih so priljubljena izbira in\u017eenirjev in proizvajalcev.<\/p>\n<h4>Zakaj izbrati FMP?<\/h4>\n<p class=\"break-words\">Podjetje FMP izstopa kot zaupanja vreden proizvajalec bru\u0161enih vija\u010dnih zobnikov, zahvaljujo\u010d na\u0161i predanosti kakovosti in zadovoljstvu strank. Uporabljamo napredne tehnike bru\u0161enja in strog nadzor kakovosti, da zagotovimo, da vsak zobnik izpolnjuje va\u0161a pri\u010dakovanja. Na\u0161i hitri odzivni \u010dasi \u2013 in\u017eenirji odgovorijo v 24 urah \u2013 in mo\u017enost prilagoditve nas lo\u010dijo od zanesljivega partnerja za podjetja po vsem svetu.<\/p>\n<p><img loading=\"lazy\" decoding=\"async\" class=\"size-full wp-image-7387 aligncenter\" src=\"https:\/\/fmp-components.com\/wp-content\/uploads\/2025\/03\/Ground-Helical-Gears-Product-2.webp\" alt=\"Zobniki z vija\u010dnimi zobniki\" width=\"1200\" height=\"300\" title=\"\" srcset=\"https:\/\/fmp-components.com\/wp-content\/uploads\/2025\/03\/Ground-Helical-Gears-Product-2.webp 1200w, https:\/\/fmp-components.com\/wp-content\/uploads\/2025\/03\/Ground-Helical-Gears-Product-2-980x245.webp 980w, https:\/\/fmp-components.com\/wp-content\/uploads\/2025\/03\/Ground-Helical-Gears-Product-2-480x120.webp 480w\" sizes=\"(min-width: 0px) and (max-width: 480px) 480px, (min-width: 481px) and (max-width: 980px) 980px, (min-width: 981px) 1200px, 100vw\" \/><\/p>\n<\/div>\n<\/div>","protected":false},"excerpt":{"rendered":"<p>When precision, durability, and smooth operation are paramount, Ground Helical Gears emerge as an exceptional choice for power transmission systems. These gears, characterized by their angled teeth and meticulously ground surfaces, offer superior performance in high-load and high-speed applications. At FMP Company, we are proud to manufacture a wide variety of ground helical gears, serving [&hellip;]<\/p>","protected":false},"featured_media":7386,"comment_status":"open","ping_status":"closed","template":"","meta":{"_et_pb_use_builder":"","_et_pb_old_content":"","_et_gb_content_width":""},"product_brand":[],"product_cat":[108],"product_tag":[],"class_list":{"0":"post-7384","1":"product","2":"type-product","3":"status-publish","4":"has-post-thumbnail","6":"product_cat-helical-gear","8":"first","9":"instock","10":"shipping-taxable","11":"product-type-simple"},"_links":{"self":[{"href":"https:\/\/fmp-components.com\/sl\/wp-json\/wp\/v2\/product\/7384","targetHints":{"allow":["GET"]}}],"collection":[{"href":"https:\/\/fmp-components.com\/sl\/wp-json\/wp\/v2\/product"}],"about":[{"href":"https:\/\/fmp-components.com\/sl\/wp-json\/wp\/v2\/types\/product"}],"replies":[{"embeddable":true,"href":"https:\/\/fmp-components.com\/sl\/wp-json\/wp\/v2\/comments?post=7384"}],"wp:featuredmedia":[{"embeddable":true,"href":"https:\/\/fmp-components.com\/sl\/wp-json\/wp\/v2\/media\/7386"}],"wp:attachment":[{"href":"https:\/\/fmp-components.com\/sl\/wp-json\/wp\/v2\/media?parent=7384"}],"wp:term":[{"taxonomy":"product_brand","embeddable":true,"href":"https:\/\/fmp-components.com\/sl\/wp-json\/wp\/v2\/product_brand?post=7384"},{"taxonomy":"product_cat","embeddable":true,"href":"https:\/\/fmp-components.com\/sl\/wp-json\/wp\/v2\/product_cat?post=7384"},{"taxonomy":"product_tag","embeddable":true,"href":"https:\/\/fmp-components.com\/sl\/wp-json\/wp\/v2\/product_tag?post=7384"}],"curies":[{"name":"delovni list","href":"https:\/\/api.w.org\/{rel}","templated":true}]}}