{"id":7380,"date":"2025-03-24T06:05:22","date_gmt":"2025-03-24T06:05:22","guid":{"rendered":"https:\/\/fmp-components.com\/?post_type=product&#038;p=7380"},"modified":"2025-03-26T08:41:57","modified_gmt":"2025-03-26T08:41:57","slug":"plastic-helical-gear","status":"publish","type":"product","link":"https:\/\/fmp-components.com\/sl\/product\/plastic-helical-gear\/","title":{"rendered":"Plasti\u010dni vija\u010dni zobnik"},"content":{"rendered":"<div>\n<h2>Plasti\u010dni vija\u010dni zobniki<\/h2>\n<p class=\"break-words\">Ko gre za u\u010dinkovit prenos mo\u010di in nemoteno delovanje, so plasti\u010dni vija\u010dni zobniki najbolj\u0161a izbira za industrije po vsem svetu. Znani po svojih kotnih zobih in tihem delovanju, so ti zobniki vse bolj priljubljeni v aplikacijah, od avtomobilskih sistemov do industrijskih strojev. V podjetju FMP smo specializirani za proizvodnjo \u0161iroke palete plasti\u010dnih zobnikov. <a href=\"https:\/\/fmp-components.com\/sl\/helical-gears\/\">vija\u010dni zobniki<\/a>, ki ponuja tako standardne modele kot tudi re\u0161itve po meri za zadovoljevanje raznolikih potreb podjetij po vsej Italiji \u2013 od proizvodnih sredi\u0161\u010d v Milanu do pomorske industrije v Benetkah.<\/p>\n<h3>Zakaj plasti\u010dni vija\u010dni zobniki?<\/h3>\n<p class=\"break-words\">Plasti\u010dni vija\u010dni zobniki zdru\u017eujejo prednosti zasnove vija\u010dnih zobnikov \u2013 kot je postopno vklapljanje zob za manj\u0161i hrup in ve\u010djo nosilnost \u2013 s prednostmi plasti\u010dnih materialov, vklju\u010dno z odpornostjo proti koroziji, lahko konstrukcijo in stro\u0161kovno u\u010dinkovitostjo. Za razliko od svojih kovinskih dvojnikov so plasti\u010dni vija\u010dni zobniki idealni za aplikacije, kjer sta zmanj\u0161anje te\u017ee in ti\u0161je delovanje prednostna naloga, zaradi \u010desar so osnovni element v sektorjih, ki uspevajo v mestih, kot sta Bologna in Firence.<\/p>\n<\/div>\n<p><img loading=\"lazy\" decoding=\"async\" class=\"alignnone size-full wp-image-7382\" src=\"https:\/\/fmp-components.com\/wp-content\/uploads\/2025\/03\/plastic-helical-gear-2.webp\" alt=\"plasti\u010dni-vija\u010dni-zobnik\" width=\"900\" height=\"300\" title=\"\" srcset=\"https:\/\/fmp-components.com\/wp-content\/uploads\/2025\/03\/plastic-helical-gear-2.webp 900w, https:\/\/fmp-components.com\/wp-content\/uploads\/2025\/03\/plastic-helical-gear-2-480x160.webp 480w\" sizes=\"(min-width: 0px) and (max-width: 480px) 480px, (min-width: 481px) 900px, 100vw\" \/><\/p>\n<p>\u3001<\/p>\n<div>\n<h4>Materiali, uporabljeni v plasti\u010dnih vija\u010dnih zobnikih<\/h4>\n<p class=\"break-words\">Zmogljivost plasti\u010dnega vija\u010dnega zobnika je mo\u010dno odvisna od materiala, iz katerega je izdelan. V podjetju FMP uporabljamo visokokakovostne polimere, prilagojene specifi\u010dnim aplikacijam. Spodaj je tabela, ki opisuje obi\u010dajne materiale in njihove lastnosti:<\/p>\n<div class=\"overflow-x-auto my-2\">\n<table style=\"width: 100%;\" border=\"1\" width=\"100%\" cellspacing=\"0\" cellpadding=\"0\">\n<thead class=\"border-b border-primary\/20\">\n<tr class=\"border-primary\/10\">\n<th class=\"break-words\"><strong>Material<\/strong><\/th>\n<th class=\"break-words\"><strong>Nepremi\u010dnine<\/strong><\/th>\n<th class=\"break-words\"><strong>Pogoste uporabe<\/strong><\/th>\n<\/tr>\n<\/thead>\n<tbody>\n<tr class=\"border-primary\/10\">\n<td class=\"break-words\"><strong>Najlon (PA)<\/strong><\/td>\n<td class=\"break-words\">Visoka trdnost, odpornost proti obrabi, nizko trenje<\/td>\n<td class=\"break-words\">Industrijski stroji, avtomobilski deli<\/td>\n<\/tr>\n<tr class=\"border-primary\/10\">\n<td class=\"break-words\"><strong>POM (acetal)<\/strong><\/td>\n<td class=\"break-words\">Odli\u010dna dimenzijska stabilnost, nizka absorpcija vlage<\/td>\n<td class=\"break-words\">Precizni zobniki, \u010drpalke, transporterji<\/td>\n<\/tr>\n<tr class=\"border-primary\/10\">\n<td class=\"break-words\"><strong>PEEK<\/strong><\/td>\n<td class=\"break-words\">Odpornost na visoke temperature, kemi\u010dna odpornost<\/td>\n<td class=\"break-words\">Letalstvo, medicinski pripomo\u010dki<\/td>\n<\/tr>\n<tr class=\"border-primary\/10\">\n<td class=\"break-words\"><strong>Polikarbonat (PC)<\/strong><\/td>\n<td class=\"break-words\">Odpornost na udarce, prosojnost<\/td>\n<td class=\"break-words\">Potro\u0161ni\u0161ka elektronika, lahka orodja<\/td>\n<\/tr>\n<tr class=\"border-primary\/10\">\n<td class=\"break-words\"><strong>PP (polipropilen)<\/strong><\/td>\n<td class=\"break-words\">Lahka, kemi\u010dno odporna<\/td>\n<td class=\"break-words\">Fluidni sistemi, aplikacije z nizko obremenitvijo<\/td>\n<\/tr>\n<\/tbody>\n<\/table>\n<\/div>\n<p class=\"break-words\">Ti materiali nam omogo\u010dajo izdelavo zobnikov, ki ustrezajo specifi\u010dnim zahtevam industrij v Milanu, kjer kraljuje precizno in\u017eenirstvo, ali v Benetkah, kjer so komponente, odporne proti koroziji, bistvene za morsko okolje.<\/p>\n<h4>Razpolo\u017eljivi modeli plasti\u010dnih vija\u010dnih zobnikov<\/h4>\n<p class=\"break-words\">Podjetje FMP ponuja razli\u010dne modele plasti\u010dnih vija\u010dnih zobnikov, ki ustrezajo razli\u010dnim specifikacijam. Spodaj je tabela, ki prikazuje nekatere na\u0161e standardne modele, \u010deprav na\u0161e zmogljivosti segajo dale\u010d preko tega seznama:<\/p>\n<div class=\"overflow-x-auto my-2\">\n<table style=\"width: 100%;\" border=\"1\" width=\"100%\" cellspacing=\"0\" cellpadding=\"0\">\n<thead class=\"border-b border-primary\/20\">\n<tr class=\"border-primary\/10\">\n<th class=\"break-words\"><strong>Model<\/strong><\/th>\n<th class=\"break-words\"><strong>Modul<\/strong><\/th>\n<th class=\"break-words\"><strong>\u0160tevilo zob<\/strong><\/th>\n<th class=\"break-words\"><strong>Kot pritiska<\/strong><\/th>\n<th class=\"break-words\"><strong>Kot vija\u010dnice<\/strong><\/th>\n<th class=\"break-words\"><strong>Mo\u017enosti materialov<\/strong><\/th>\n<\/tr>\n<\/thead>\n<tbody>\n<tr class=\"border-primary\/10\">\n<td class=\"break-words\">PHG-101<\/td>\n<td class=\"break-words\">1.0<\/td>\n<td class=\"break-words\">20<\/td>\n<td class=\"break-words\">20\u00b0<\/td>\n<td class=\"break-words\">15\u00b0<\/td>\n<td class=\"break-words\">Najlon, POM<\/td>\n<\/tr>\n<tr class=\"border-primary\/10\">\n<td class=\"break-words\">PHG-152<\/td>\n<td class=\"break-words\">1.5<\/td>\n<td class=\"break-words\">30<\/td>\n<td class=\"break-words\">20\u00b0<\/td>\n<td class=\"break-words\">20\u00b0<\/td>\n<td class=\"break-words\">POM, PEEK<\/td>\n<\/tr>\n<tr class=\"border-primary\/10\">\n<td class=\"break-words\">PHG-203<\/td>\n<td class=\"break-words\">2.0<\/td>\n<td class=\"break-words\">25<\/td>\n<td class=\"break-words\">20\u00b0<\/td>\n<td class=\"break-words\">15\u00b0<\/td>\n<td class=\"break-words\">Najlon, polikarbonat<\/td>\n<\/tr>\n<tr class=\"border-primary\/10\">\n<td class=\"break-words\">PHG-305<\/td>\n<td class=\"break-words\">3.0<\/td>\n<td class=\"break-words\">40<\/td>\n<td class=\"break-words\">20\u00b0<\/td>\n<td class=\"break-words\">25\u00b0<\/td>\n<td class=\"break-words\">PEEK, PP<\/td>\n<\/tr>\n<tr class=\"border-primary\/10\">\n<td class=\"break-words\">PHG-Custom<\/td>\n<td class=\"break-words\">Po meri<\/td>\n<td class=\"break-words\">Po meri<\/td>\n<td class=\"break-words\">Po meri<\/td>\n<td class=\"break-words\">Po meri<\/td>\n<td class=\"break-words\">Kateri koli<\/td>\n<\/tr>\n<\/tbody>\n<\/table>\n<\/div>\n<p class=\"break-words\">Ti modeli so zasnovani za razli\u010dne namene uporabe, od manj\u0161e opreme v obrtni\u0161kih delavnicah v Firencah do te\u017ekih sistemov v industrijskih conah Bologne. Vsaka prestava je zasnovana za optimalno delovanje, kar zagotavlja nemoten prenos mo\u010di in vzdr\u017eljivost.<\/p>\n<div>\n<h3>Podjetje FMP: Va\u0161 partner za plasti\u010dne vija\u010dne zobnike v Italiji<\/h3>\n<p class=\"break-words\">V podjetju FMP smo ponosni, da smo vodilni proizvajalec plasti\u010dnih vija\u010dnih zobnikov v Italiji. Ne glede na to, ali imate sede\u017e v Milanu, Benetkah, Firencah ali Bologni, ponujamo:<\/p>\n<ul class=\"marker:text-secondary\">\n<li class=\"break-words\"><strong>Raznolika ponudba izdelkov<\/strong>Od standardnih modelov do specializiranih izvedb, pokrivamo vse va\u0161e potrebe po opremi.<\/li>\n<li class=\"break-words\"><strong>Storitve prilagajanja<\/strong>Potrebujete edinstveno orodje za dolo\u010den projekt? Na\u0161a ekipa lahko oblikuje in izdela plasti\u010dne vija\u010dne zobnike po meri, prilagojene va\u0161im natan\u010dnim specifikacijam.<\/li>\n<li class=\"break-words\"><strong>Lokalizirano strokovno znanje<\/strong>Razumemo industrijsko krajino Italije in zagotavljamo, da so na\u0161e re\u0161itve usklajene s potrebami lokalnih trgov.<\/li>\n<\/ul>\n<h3>Ne najdete svojega modela?<\/h3>\n<p class=\"break-words\">\u010ce modela, ki ga potrebujete, ni na seznamu zgoraj, ne skrbite \u2013 na\u0161 katalog izdelkov se nenehno razvija. Mo\u017eno je, da \u0161e nismo nalo\u017eili najnovej\u0161ih dodatkov. Preprosto nam po\u0161ljite e-po\u0161to z va\u0161imi zahtevami in na\u0161i usposobljeni in\u017eenirji se vam bodo v 24 urah odzvali z re\u0161itvijo.<\/p>\n<\/div>\n<\/div>","protected":false},"excerpt":{"rendered":"<p>Plastic Helical Gears When it comes to efficient power transmission and smooth operation, Plastic Helical Gears are a top choice for industries worldwide. Known for their angled teeth and quiet performance, these gears are increasingly popular in applications ranging from automotive systems to industrial machinery. At FMP Company, we specialize in manufacturing a wide range [&hellip;]<\/p>","protected":false},"featured_media":7381,"comment_status":"open","ping_status":"closed","template":"","meta":{"_et_pb_use_builder":"","_et_pb_old_content":"","_et_gb_content_width":""},"product_brand":[],"product_cat":[108],"product_tag":[],"class_list":{"0":"post-7380","1":"product","2":"type-product","3":"status-publish","4":"has-post-thumbnail","6":"product_cat-helical-gear","8":"first","9":"instock","10":"shipping-taxable","11":"product-type-simple"},"_links":{"self":[{"href":"https:\/\/fmp-components.com\/sl\/wp-json\/wp\/v2\/product\/7380","targetHints":{"allow":["GET"]}}],"collection":[{"href":"https:\/\/fmp-components.com\/sl\/wp-json\/wp\/v2\/product"}],"about":[{"href":"https:\/\/fmp-components.com\/sl\/wp-json\/wp\/v2\/types\/product"}],"replies":[{"embeddable":true,"href":"https:\/\/fmp-components.com\/sl\/wp-json\/wp\/v2\/comments?post=7380"}],"wp:featuredmedia":[{"embeddable":true,"href":"https:\/\/fmp-components.com\/sl\/wp-json\/wp\/v2\/media\/7381"}],"wp:attachment":[{"href":"https:\/\/fmp-components.com\/sl\/wp-json\/wp\/v2\/media?parent=7380"}],"wp:term":[{"taxonomy":"product_brand","embeddable":true,"href":"https:\/\/fmp-components.com\/sl\/wp-json\/wp\/v2\/product_brand?post=7380"},{"taxonomy":"product_cat","embeddable":true,"href":"https:\/\/fmp-components.com\/sl\/wp-json\/wp\/v2\/product_cat?post=7380"},{"taxonomy":"product_tag","embeddable":true,"href":"https:\/\/fmp-components.com\/sl\/wp-json\/wp\/v2\/product_tag?post=7380"}],"curies":[{"name":"delovni list","href":"https:\/\/api.w.org\/{rel}","templated":true}]}}