{"id":7372,"date":"2025-03-24T03:00:29","date_gmt":"2025-03-24T03:00:29","guid":{"rendered":"https:\/\/fmp-components.com\/?post_type=product&#038;p=7372"},"modified":"2025-04-08T02:34:44","modified_gmt":"2025-04-08T02:34:44","slug":"crossed-helical-gear-screw-gear","status":"publish","type":"product","link":"https:\/\/fmp-components.com\/sl\/product\/crossed-helical-gear-screw-gear\/","title":{"rendered":"Prekri\u017eano vija\u010dno gonilo (vija\u010dno gonilo)"},"content":{"rendered":"<div>\n<h2 dir=\"auto\">Vija\u010dni zobniki (prekri\u017eani vija\u010dni zobniki)<\/h2>\n<p class=\"break-words\" dir=\"auto\">Vija\u010dni zobniki, v\u010dasih imenovani tudi prekri\u017eani vija\u010dni zobniki, so posebni zobniki, ki pomagajo premikati stvari med dvema gredema (kot so vrte\u010de se palice), ki se ne dotikata in nista poravnani ravno. Obi\u010dajni vija\u010dni zobniki za ravne gredi imajo enak kot zasuka, vendar se zasukajo v nasprotnih smereh. Pri vija\u010dnih zobnikih so lahko koti zasuka poljubni, kot med gredema pa je obi\u010dajno vsota obeh kotov zasuka. Obi\u010dajen kot je 90 stopinj, kot vogal, vendar lahko delujejo tudi drugi koti. Ti zobniki se dotikajo le na majhnih mestih, ne na velikih \u010drtah, zato niso tako mo\u010dni ali u\u010dinkoviti kot drugi zobniki in ne morejo prena\u0161ati zelo te\u017ekih stvari.<\/p>\n<h3 dir=\"auto\">Kak\u0161ni so in kako delujejo<\/h3>\n<ul class=\"marker:text-secondary\" dir=\"auto\">\n<li class=\"break-words\"><strong>Poglej<\/strong>Vija\u010dni zobniki imajo zobe, ki se vrtijo kot spirala na okroglem disku. Zobje se lahko nagnejo desno ali levo.<\/li>\n<li class=\"break-words\"><strong>Gibanje<\/strong>Ko se vrtijo, se ne kotalijo le kot drugi zobniki \u2013 zvijajo se kot vijak, ki se zabija v les. Zaradi tega na majhnih mestih drsijo drug ob drugem, namesto da bi se gladko kotalili.<\/li>\n<li class=\"break-words\"><strong>Hitrost<\/strong>Hitrost vrtenja je odvisna od tega, koliko zob ima pogonski zobnik (tisti, ki ga poganja) v primerjavi z gnanim zobnikom (tistim, ki sledi). Gre le za \u0161tevilo zob na enem zobniku, deljeno z drugim \u2013 brez zapletenih pravil, kot jih imajo nekateri drugi zobniki!<\/li>\n<\/ul>\n<h3 dir=\"auto\">Materiali in ujemanje<\/h3>\n<ul class=\"marker:text-secondary\" dir=\"auto\">\n<li class=\"break-words\"><strong>Stvari, iz katerih so narejene<\/strong>\u010ce sta oba zobnika iz istega materiala, se lahko preve\u010d drgneta in opraskata. Zato je bolje uporabiti razli\u010dne materiale, kot je jeklo s plastiko ali nerjave\u010de jeklo z bronom.<\/li>\n<li class=\"break-words\"><strong>Izbire<\/strong>Na voljo so iz jekla (mo\u010dne), nerjave\u010dega jekla (ne rjavijo, primerne za \u017eivilske stroje), aluminijasto-bronaste (odporne proti obrabi) ali plastike (lahke in ne potrebujejo olja).<\/li>\n<\/ul>\n<h3 dir=\"auto\">Kako delujejo in kje se uporabljajo<\/h3>\n<ul class=\"marker:text-secondary\" dir=\"auto\">\n<li class=\"break-words\"><strong>Mo\u010d in hitrost<\/strong>Zaradi drsenja niso najbolj\u0161i za prena\u0161anje te\u017ekih stvari ali super hitro vrtenje. Najbolje delujejo za srednje te\u017eka dela.<\/li>\n<li class=\"break-words\"><strong>Zaposlitve<\/strong>Morda jih najdete v strojih, ki izdelujejo stvari, premikajo stvari, kot so teko\u010di trakovi, ali poganjajo \u010drpalke \u2013 stvari, ki ne potrebujejo veliko energije.<\/li>\n<li class=\"break-words\"><strong>Olje<\/strong>Ker veliko drsijo, potrebujejo posebno olje (kot je olje za hipoidne zobnike), da se prepre\u010di prehitra obraba.<\/li>\n<\/ul>\n<h3 dir=\"auto\">Dobri in ne tako dobri deli<\/h3>\n<ul class=\"marker:text-secondary\" dir=\"auto\">\n<li class=\"break-words\"><strong>Dobre stvari<\/strong>Med delovanjem so tihi in jih je mogo\u010de nekoliko premikati z ene strani na drugo, ne da bi pri tem motili njihovo delovanje. Odli\u010dni so za gredi, ki se kri\u017eajo, vendar se ne dotikajo.<\/li>\n<li class=\"break-words\"><strong>Ne tako dobre stvari<\/strong>Zaradi drsenja so manj u\u010dinkoviti in ne morejo prenesti velikih bremen, ker se dotikajo le na drobnih to\u010dkah. Prav tako se veliko potiskajo vstran, zato potrebujejo mo\u010dne opore.<\/li>\n<\/ul>\n<h3 dir=\"auto\">Vrste in podrobnosti<\/h3>\n<ul class=\"marker:text-secondary\" dir=\"auto\">\n<li class=\"break-words\"><strong>Vrste<\/strong>Na voljo so v velikostih, imenovanih moduli od 1 do 4, z 10 do 30 zobmi. Po potrebi lahko dodate luknje ali jih nekoliko spremenite.<\/li>\n<li class=\"break-words\"><strong>Koti zasuka<\/strong>Pogosto imajo 45-stopinjski zasuk in jih lahko zdru\u017eite na razli\u010dne na\u010dine \u2013 oba se zvijata v enak ali nasproten na\u010din \u2013 odvisno od tega, kako so gredi nastavljene.<\/li>\n<\/ul>\n<p class=\"break-words\" dir=\"auto\">Skratka, vija\u010dni zobniki so kul za tiho in enostavno premikanje stvari med prekri\u017eanimi gredmi, vendar niso najmo\u010dnej\u0161i ali najhitrej\u0161i zobniki, ker drsijo namesto da bi se kotalili in se dotikajo le na majhnih mestih.<\/p>\n<\/div>\n<h2>Prekri\u017eani vija\u010dni zobniki (vija\u010dni zobniki): Precizno in\u017eenirstvo podjetja FMP<\/h2>\n<p>Prekri\u017eani vija\u010dni zobniki, splo\u0161no znani kot vija\u010dni zobniki, so specializirana vrsta hiperboloidnega zobnika, zasnovanega za edinstven namen spajanja po\u0161evnih gredi \u2013 osi, ki se kri\u017eajo, ne da bi se sekale. Za razliko od tradicionalnih <a href=\"https:\/\/fmp-components.com\/sl\/helical-gears\/\">vija\u010dni zobniki<\/a> Z vzporednimi osmi vija\u010dni zobniki omogo\u010dajo prenos gibanja med nevzporednimi, nesekajo\u010dimi se gredmi, pogosto pod kotom 90\u00b0, \u010deprav so mo\u017ene tudi druge konfiguracije. Zaradi tega so bistveni sestavni del mehanskih sistemov, ki zahtevajo vsestransko poravnavo gredi. V Italiji, kjer industrijske inovacije uspevajo v mestih, kot so Milano, Benetke, Firence in Bologna, povpra\u0161evanje po visokokakovostnih vija\u010dnih zobnikih vztrajno nara\u0161\u010da, podjetje FMP pa je ponosno, da to potrebo izpolnjuje s strokovno izdelanimi re\u0161itvami.<\/p>\n<p><img loading=\"lazy\" decoding=\"async\" class=\"wp-image-7376 aligncenter\" src=\"https:\/\/fmp-components.com\/wp-content\/uploads\/2025\/03\/screw-gear-crossed-helical-gear-product-9.webp\" alt=\"vija\u010dni zobnik s kri\u017enim vija\u010dnim zobnikom\" width=\"958\" height=\"239\" title=\"\" srcset=\"https:\/\/fmp-components.com\/wp-content\/uploads\/2025\/03\/screw-gear-crossed-helical-gear-product-9.webp 958w, https:\/\/fmp-components.com\/wp-content\/uploads\/2025\/03\/screw-gear-crossed-helical-gear-product-9-480x120.webp 480w\" sizes=\"(min-width: 0px) and (max-width: 480px) 480px, (min-width: 481px) 958px, 100vw\" \/><\/p>\n<p>Vija\u010dni zobniki delujejo z zna\u010dilnim vija\u010dnim gibanjem in ne zgolj kotalnim, kar je posledica razli\u010dnih kotov vija\u010dnice (\u010deprav z enako smerjo vija\u010dnice). To drsno gibanje bokov, \u010deprav zahteva posebno mazanje, kot je hipoidno olje za zobnike, da se zmanj\u0161a obraba, ponuja edinstvene prednosti, kot sta tiho delovanje in aksialna fleksibilnost. Za razliko od vzporednih vija\u010dnih zobnikov, ki prehajajo iz to\u010dkovnega v linijski stik, prekri\u017eani vija\u010dni zobniki ohranjajo to\u010dkovni stik, zaradi \u010desar so idealni za aplikacije z zmernim navorom in hitrostjo, kot so pogoni za obdelovalne stroje. V primerjavi s pol\u017eastimi zobniki, ki zagotavljajo ve\u010dji navor prek linijskega stika, se vija\u010dni zobniki odlikujejo po ti\u0161jem delovanju \u2013 idealni so za precizno industrijo v \u017eivahnih sredi\u0161\u010dih, kot sta Milano in Firence.<\/p>\n<h2>Specifikacija prekri\u017eanega vija\u010dnega zobnika<\/h2>\n<table class=\"table\" border=\"1\" width=\"100%\" cellspacing=\"0\" cellpadding=\"0\">\n<tbody>\n<tr class=\"firstRow\">\n<td>\u0160tevilka modela<\/td>\n<td>M1, M1,5, M2, M2,5, M3, M4, M5, M8, M12 itd.<\/td>\n<\/tr>\n<tr>\n<td>Material<\/td>\n<td>Medenina, jeklo C45, nerjave\u010de jeklo, baker, POM, aluminij, zlitina in tako naprej<\/td>\n<\/tr>\n<tr>\n<td>Povr\u0161inska obdelava<\/td>\n<td>Cinkanje, nikljanje, pasivizacija, oksidacija, anodizacija, geometrija, dakromet, \u010drni oksid, fosfatiranje, pra\u0161no barvanje in elektroforeza.<\/td>\n<\/tr>\n<tr>\n<td>Standardno<\/td>\n<td>ISO, DIN, ANSI, JIS, BS in nestandardni.<\/td>\n<\/tr>\n<tr>\n<td>Natan\u010dnost<\/td>\n<td>DIN6, DIN7, DIN8, DIN9.<\/td>\n<\/tr>\n<tr>\n<td>Zdravljenje zob<\/td>\n<td>Kaljeno, rezkano ali bru\u0161eno<\/td>\n<\/tr>\n<tr>\n<td>Toleranca<\/td>\n<td>0,001 mm\u20130,01 mm\u20130,1 mm<\/td>\n<\/tr>\n<tr>\n<td>Kon\u010daj<\/td>\n<td>peskanje\/peskanje, toplotna obdelava, \u017earjenje, popu\u0161\u010danje, poliranje, eloksiranje, pocinkanje<\/td>\n<\/tr>\n<tr>\n<td>Pakiranje predmetov<\/td>\n<td>Plasti\u010dna vre\u010dka + \u0161katle ali lesena embala\u017ea<\/td>\n<\/tr>\n<tr>\n<td>Pla\u010dilni pogoji<\/td>\n<td>T\/T, L\/C<\/td>\n<\/tr>\n<tr>\n<td>\u010cas proizvodnje<\/td>\n<td>20 delovnih dni za vzorec, 25 dni za ve\u010dji del<\/td>\n<\/tr>\n<tr>\n<td>Vzorci<\/td>\n<td>Vzor\u010dni cenovni razpon od $2 do $100. Vzorec na zahtevo pla\u010dajo stranke.<\/td>\n<\/tr>\n<tr>\n<td>Uporaba<\/td>\n<td>1. Avtomatski krmilni stroji 2. Polprevodni\u0161ka industrija 3. Splo\u0161ni industrijski stroji 4. Medicinska oprema 5. Oprema za son\u010dno energijo 6. Obdelovalni stroji 7. Parkirni sistemi 8. Oprema za hitri \u017eelezni\u0161ki in letalski promet itd.<\/td>\n<\/tr>\n<\/tbody>\n<\/table>\n<h2 class=\"break-words\">Vrste vija\u010dnih zobnikov (prekri\u017eani vija\u010dni zobniki)<\/h2>\n<div>\n<table style=\"width: 100%;\" border=\"1\" width=\"100%\" cellspacing=\"0\" cellpadding=\"0\">\n<thead class=\"border-b border-primary\/20\">\n<tr class=\"border-primary\/10\">\n<th class=\"break-words\"><strong>Kategorija<\/strong><\/th>\n<th class=\"break-words\"><strong>Sestava materiala<\/strong><\/th>\n<th class=\"break-words\"><strong>Obmo\u010dje modulov<\/strong><\/th>\n<th class=\"break-words\"><strong>Kot vija\u010dnice<\/strong><\/th>\n<th class=\"break-words\"><strong>\u0160tevilo zob<\/strong><\/th>\n<th class=\"break-words\"><strong>Trdnost (natezna)<\/strong><\/th>\n<th class=\"break-words\"><strong>Odpornost proti koroziji<\/strong><\/th>\n<th class=\"break-words\"><strong>Tipi\u010dne uporabe<\/strong><\/th>\n<\/tr>\n<\/thead>\n<tbody>\n<tr class=\"border-primary\/10\">\n<td class=\"break-words\"><strong>Jekleni vija\u010dni zobniki<\/strong><\/td>\n<td class=\"break-words\">Ogljikovo jeklo ali legirano jeklo (npr. AISI 1045, 4140)<\/td>\n<td class=\"break-words\">1 do 4<\/td>\n<td class=\"break-words\">tipi\u010dno 45\u00b0<\/td>\n<td class=\"break-words\">10 do 50+<\/td>\n<td class=\"break-words\">500\u20131000 MPa<\/td>\n<td class=\"break-words\">Nizka do zmerna<\/td>\n<td class=\"break-words\">Industrijski stroji, avtomobilski sistemi<\/td>\n<\/tr>\n<tr class=\"border-primary\/10\">\n<td class=\"break-words\"><strong>Vija\u010dni zobniki iz nerjave\u010dega jekla<\/strong><\/td>\n<td class=\"break-words\">Nerjave\u010de jeklo (npr. SUS303, SUS304)<\/td>\n<td class=\"break-words\">1 do 4<\/td>\n<td class=\"break-words\">tipi\u010dno 45\u00b0<\/td>\n<td class=\"break-words\">10 do 50+<\/td>\n<td class=\"break-words\">500\u2013700 MPa<\/td>\n<td class=\"break-words\">Visoka<\/td>\n<td class=\"break-words\">Stroji za \u017eivila, pomorska oprema<\/td>\n<\/tr>\n<tr class=\"border-primary\/10\">\n<td class=\"break-words\"><strong>Vija\u010dni zobniki iz aluminijastega brona<\/strong><\/td>\n<td class=\"break-words\">Aluminijev bron (npr. CuAl10Fe5Ni5)<\/td>\n<td class=\"break-words\">1 do 4<\/td>\n<td class=\"break-words\">tipi\u010dno 45\u00b0<\/td>\n<td class=\"break-words\">10 do 50+<\/td>\n<td class=\"break-words\">600\u2013800 MPa<\/td>\n<td class=\"break-words\">Zelo visoka<\/td>\n<td class=\"break-words\">Pol\u017easti pogoni, korozivna okolja<\/td>\n<\/tr>\n<tr class=\"border-primary\/10\">\n<td class=\"break-words\"><strong>Plasti\u010dni vija\u010dni zobniki<\/strong><\/td>\n<td class=\"break-words\">Najlon, acetal ali MC najlon<\/td>\n<td class=\"break-words\">1 do 3<\/td>\n<td class=\"break-words\">tipi\u010dno 45\u00b0<\/td>\n<td class=\"break-words\">10 do 40+<\/td>\n<td class=\"break-words\">50\u2013100 MPa<\/td>\n<td class=\"break-words\">Visoka<\/td>\n<td class=\"break-words\">Lahki sistemi, uporaba ob\u010dutljiva na hrup<\/td>\n<\/tr>\n<tr class=\"border-primary\/10\">\n<td class=\"break-words\"><strong>Kovinski vija\u010dni zobniki<\/strong><\/td>\n<td class=\"break-words\">Splo\u0161na kovina (npr. medenina, lito \u017eelezo)<\/td>\n<td class=\"break-words\">1 do 4<\/td>\n<td class=\"break-words\">tipi\u010dno 45\u00b0<\/td>\n<td class=\"break-words\">10 do 50+<\/td>\n<td class=\"break-words\">300\u2013800 MPa<\/td>\n<td class=\"break-words\">Spreminja se (od nizkega do visokega)<\/td>\n<td class=\"break-words\">Splo\u0161ni prenos mo\u010di, stroji<\/td>\n<\/tr>\n<\/tbody>\n<\/table>\n<div>\n<h3 class=\"\" dir=\"auto\">Opombe k specifikacijam:<\/h3>\n<ol class=\"marker:text-secondary\" dir=\"auto\">\n<li class=\"break-words\"><strong>Obmo\u010dje modulov<\/strong>Modul (mera velikosti zob zobnika) se obi\u010dajno giblje od 1 do 4 za ve\u010dino vija\u010dnih zobnikov, \u010deprav so lahko na voljo manj\u0161i ali ve\u010dji moduli, odvisno od uporabe.<\/li>\n<li class=\"break-words\"><strong>Kot vija\u010dnice<\/strong>Vija\u010dni zobniki obi\u010dajno uporabljajo kot vija\u010dnice 45\u00b0, da omogo\u010dajo prenos gibanja gredi brez sekanja in vzporednosti, \u010deprav se to lahko nekoliko razlikuje.<\/li>\n<li class=\"break-words\"><strong>\u0160tevilo zob<\/strong>\u0160tevilo zob je odvisno od velikosti zobnika in uporabe, obi\u010dajno pa se giblje od 10 do ve\u010d kot 50.<\/li>\n<li class=\"break-words\"><strong>Trdnost (natezna)<\/strong>Natezna trdnost se razlikuje glede na material; jeklo in aluminijev bron nudita visoko trdnost, medtem ko ima plastika manj\u0161o trdnost, vendar je lahka.<\/li>\n<li class=\"break-words\"><strong>Odpornost proti koroziji<\/strong>Nerjave\u010de jeklo in aluminijev bron se odli\u010dno obneseta v korozivnih okoljih, medtem ko ogljikovo jeklo za podobno delovanje zahteva premaze ali obdelavo.<\/li>\n<li class=\"break-words\"><strong>Aplikacije<\/strong>Vsak material ustreza specifi\u010dnim potrebam \u2013 jeklo za vzdr\u017eljivost, nerjave\u010de jeklo za higieno, aluminijasta bronasta za odpornost proti obrabi, plastika za nizek hrup\/te\u017eo in druge kovine za vsestranskost.<\/li>\n<\/ol>\n<p class=\"break-words\" dir=\"auto\">Ta tabela prikazuje specifikacije vija\u010dnih zobnikov po kategorijah. Za natan\u010dne podrobnosti prosimo <a href=\"mailto:info@fmpcomponents.it\">e-po\u0161ta<\/a> nas.<\/p>\n<\/div>\n<\/div>\n<div>\n<h2>Zakaj izbrati FMP?<\/h2>\n<p class=\"break-words\">Kot zaupanja vreden proizvajalec podjetje FMP proizvaja raznoliko paleto prekri\u017eanih vija\u010dnih zobnikov (vija\u010dnih zobnikov), ki ustrezajo razli\u010dnim industrijskim aplikacijam. Ne glede na to, ali ste v Milanu in i\u0161\u010dete standardne modele, ali v Benetkah, kjer potrebujete zasnovo po meri, ponujamo prilagoditve, da zagotovimo optimalno delovanje va\u0161ih strojev. Na\u0161i zobniki so izdelani natan\u010dno in v skladu z najvi\u0161jimi standardi vzdr\u017eljivosti in u\u010dinkovitosti. \u010ce brskate po na\u0161em seznamu izdelkov \u2013 bodisi iz Firenc, Bologne ali drugod \u2013 in ne najdete natan\u010dnega modela, ki ga potrebujete, bodite prepri\u010dani, da verjetno le \u010daka na svojo predstavitev v na\u0161em katalogu. Preprosto nam pi\u0161ite na na\u0161e e-po\u0161tne naslove s svojimi zahtevami in na\u0161i usposobljeni in\u017eenirji se vam bodo v 24 urah odzvali s prilagojeno re\u0161itvijo.<\/p>\n<p class=\"break-words\">Podjetje FMP je zavezano podpori italijanske industrijske krajine z vrhunsko tehnologijo vija\u010dnih zobnikov. Od modnih tovarn v Milanu do zgodovinske obrti Firenc in od pomorskih inovacij Benetk do mehanskega strokovnega znanja Bologne, tukaj smo, da va\u0161e poslovanje poganjamo z zanesljivimi, po meri izdelanimi pre\u010dnimi vija\u010dnimi zobniki. Za ogled na\u0161e ponudbe ali povpra\u0161evanje o dolo\u010denem modelu nas kontaktirajte \u0161e danes \u2013 na\u0161a ekipa vam je pripravljena hitro pomagati in zagotoviti, da va\u0161i projekti ostanejo na pravi poti s kakovostjo in natan\u010dnostjo, ki si jo zaslu\u017eite.<\/p>\n<p><img loading=\"lazy\" decoding=\"async\" class=\"wp-image-7374 aligncenter\" src=\"https:\/\/fmp-components.com\/wp-content\/uploads\/2025\/03\/screw-gear-crossed-helical-gear-product-7.webp\" alt=\"vija\u010dni zobnik s kri\u017enim vija\u010dnim zobnikom\" width=\"932\" height=\"621\" title=\"\" srcset=\"https:\/\/fmp-components.com\/wp-content\/uploads\/2025\/03\/screw-gear-crossed-helical-gear-product-7.webp 932w, https:\/\/fmp-components.com\/wp-content\/uploads\/2025\/03\/screw-gear-crossed-helical-gear-product-7-480x320.webp 480w\" sizes=\"(min-width: 0px) and (max-width: 480px) 480px, (min-width: 481px) 932px, 100vw\" \/><\/p>\n<\/div>","protected":false},"excerpt":{"rendered":"<p>Screw Gears (Crossed Helical Gears) Screw gears, sometimes called crossed helical gears, are special gears that help move things between two shafts (like sticks that spin) that don\u2019t touch and aren\u2019t lined up straight. Regular helical gears for straight shafts have the same twist angle but twist in opposite ways. For screw gears, the twist [&hellip;]<\/p>","protected":false},"featured_media":7375,"comment_status":"open","ping_status":"closed","template":"","meta":{"_et_pb_use_builder":"","_et_pb_old_content":"","_et_gb_content_width":""},"product_brand":[],"product_cat":[108],"product_tag":[],"class_list":{"0":"post-7372","1":"product","2":"type-product","3":"status-publish","4":"has-post-thumbnail","6":"product_cat-helical-gear","8":"first","9":"instock","10":"shipping-taxable","11":"product-type-simple"},"_links":{"self":[{"href":"https:\/\/fmp-components.com\/sl\/wp-json\/wp\/v2\/product\/7372","targetHints":{"allow":["GET"]}}],"collection":[{"href":"https:\/\/fmp-components.com\/sl\/wp-json\/wp\/v2\/product"}],"about":[{"href":"https:\/\/fmp-components.com\/sl\/wp-json\/wp\/v2\/types\/product"}],"replies":[{"embeddable":true,"href":"https:\/\/fmp-components.com\/sl\/wp-json\/wp\/v2\/comments?post=7372"}],"wp:featuredmedia":[{"embeddable":true,"href":"https:\/\/fmp-components.com\/sl\/wp-json\/wp\/v2\/media\/7375"}],"wp:attachment":[{"href":"https:\/\/fmp-components.com\/sl\/wp-json\/wp\/v2\/media?parent=7372"}],"wp:term":[{"taxonomy":"product_brand","embeddable":true,"href":"https:\/\/fmp-components.com\/sl\/wp-json\/wp\/v2\/product_brand?post=7372"},{"taxonomy":"product_cat","embeddable":true,"href":"https:\/\/fmp-components.com\/sl\/wp-json\/wp\/v2\/product_cat?post=7372"},{"taxonomy":"product_tag","embeddable":true,"href":"https:\/\/fmp-components.com\/sl\/wp-json\/wp\/v2\/product_tag?post=7372"}],"curies":[{"name":"delovni list","href":"https:\/\/api.w.org\/{rel}","templated":true}]}}