{"id":7369,"date":"2025-03-24T02:45:01","date_gmt":"2025-03-24T02:45:01","guid":{"rendered":"https:\/\/fmp-components.com\/?post_type=product&#038;p=7369"},"modified":"2025-03-26T08:42:56","modified_gmt":"2025-03-26T08:42:56","slug":"mining-machinery-carburized-helical-gear","status":"publish","type":"product","link":"https:\/\/fmp-components.com\/sl\/product\/mining-machinery-carburized-helical-gear\/","title":{"rendered":"Rudarski stroji s cementiranim vija\u010dnim zobnikom"},"content":{"rendered":"<div class=\"sliderTable mt10 mb10 sliderTable-index0 change-to-org\">\n<div class=\"inner\">\n<div>\n<p class=\"break-words\">Kot vodilni proizvajalec v panogi se podjetje FMP specializira za proizvodnjo \u0161iroke palete rudarskih strojev, cementiranih <a href=\"https:\/\/fmp-components.com\/sl\/helical-gears\/\">Vija\u010dni zobniki<\/a> Zasnovano za zahtevne potrebe rudarskih operacij. Na\u0161i zobniki so izdelani natan\u010dno z uporabo naprednih tehnik cementiranja, ki zagotavljajo izjemno vzdr\u017eljivost, trdnost in zmogljivost v ekstremnih pogojih. Ne glede na to, ali potrebujete standardne modele ali re\u0161itve po meri, FMP ponuja mo\u017enosti po meri, prilagojene va\u0161im specifi\u010dnim zahtevam, kar zagotavlja optimalno u\u010dinkovitost in zanesljivost va\u0161e rudarske mehanizacije.<\/p>\n<p class=\"break-words\">Pri FMP smo ponosni na na\u0161o obse\u017eno ponudbo izdelkov, \u010de pa v na\u0161em katalogu ne najdete natan\u010dnega modela cementiranega vija\u010dnega zobnika za rudarske stroje, ki ga potrebujete, vam ni treba skrbeti \u2013 to preprosto pomeni, da ga \u0161e nismo imeli prilo\u017enosti uvrstiti na seznam. Priporo\u010damo, da nas kontaktirate po e-po\u0161ti s podrobnostmi o modelu, ki ga i\u0161\u010dete. Na\u0161a predana ekipa in\u017eenirjev se vam bo odzvala v 24 urah ter vam zagotovila strokovno svetovanje in re\u0161itve, ki bodo ustrezale va\u0161im potrebam, s \u010dimer boste zagotovili, da boste dobili popolno zobni\u0161ko orodje za svojo uporabo.<\/p>\n<p><img loading=\"lazy\" decoding=\"async\" class=\"wp-image-7378 aligncenter\" src=\"https:\/\/fmp-components.com\/wp-content\/uploads\/2025\/03\/Mining-Machinery-Carburized-Helical-Gear-1.webp\" alt=\"Rudarski stroji s cementiranim vija\u010dnim zobnikom\" width=\"899\" height=\"600\" title=\"\" srcset=\"https:\/\/fmp-components.com\/wp-content\/uploads\/2025\/03\/Mining-Machinery-Carburized-Helical-Gear-1.webp 899w, https:\/\/fmp-components.com\/wp-content\/uploads\/2025\/03\/Mining-Machinery-Carburized-Helical-Gear-1-480x320.webp 480w\" sizes=\"(min-width: 0px) and (max-width: 480px) 480px, (min-width: 481px) 899px, 100vw\" \/><\/p>\n<\/div>\n<h2>Specifikacija<\/h2>\n<table border=\"1\" width=\"100%\">\n<tbody>\n<tr class=\"firstRow\">\n<th colspan=\"2\" valign=\"top\">Osnovni podatki o orodju<\/th>\n<\/tr>\n<tr>\n<td valign=\"center\">Oblika zobnika<\/td>\n<td valign=\"center\">evolventa<\/td>\n<\/tr>\n<tr>\n<td valign=\"center\">Material zobnika<\/td>\n<td valign=\"center\">18CrNiMo6<\/td>\n<\/tr>\n<tr>\n<td valign=\"center\">Postopek zobnika<\/td>\n<td valign=\"center\">kovanje, cementacija, ravno in notranje bru\u0161enje, bru\u0161enje zob, linijsko rezanje<\/td>\n<\/tr>\n<tr>\n<td valign=\"center\">Kot pritiska<\/td>\n<td valign=\"center\">20\u00b0<\/td>\n<\/tr>\n<tr>\n<td valign=\"center\">Raven kakovosti<\/td>\n<td valign=\"center\">DIN 3962 razred 6<\/td>\n<\/tr>\n<tr>\n<td valign=\"center\">Vrsta zobnika<\/td>\n<td valign=\"center\">M=9, Z=33, a=20\u00b0, \u03b2=8\u00b0, x=0,2, desni\u010dar<\/td>\n<\/tr>\n<\/tbody>\n<\/table>\n<\/div>\n<\/div>\n<h3>Zmogljivosti zobnika\/utora<\/h3>\n<div class=\"sliderTable mt10 mb10 sliderTable-index1 change-to-org\">\n<div class=\"inner\">\n<table border=\"1\" width=\"100%\">\n<tbody>\n<tr class=\"firstRow\">\n<th colspan=\"4\" valign=\"top\">Notranji zobniki in notranji utori<\/th>\n<\/tr>\n<tr>\n<td valign=\"top\"><\/td>\n<td valign=\"top\">MLEKOVANJE<\/td>\n<td valign=\"top\">OBLIKOVANJE<\/td>\n<td valign=\"top\">\u0160KRIPANJE ZOB<\/td>\n<\/tr>\n<tr>\n<td valign=\"top\">Najve\u010dja OD<\/td>\n<td valign=\"top\">2500 mm<\/td>\n<td valign=\"top\">2500 mm<\/td>\n<td valign=\"top\">2500 mm<\/td>\n<\/tr>\n<tr>\n<td valign=\"top\">Minimalni ID<\/td>\n<td valign=\"top\">650 mm<\/td>\n<td valign=\"top\">50 mm<\/td>\n<td valign=\"top\">100 mm<\/td>\n<\/tr>\n<tr>\n<td valign=\"top\">Najve\u010dja \u0161irina obraza<\/td>\n<td valign=\"top\">500 mm<\/td>\n<td valign=\"top\">500 mm<\/td>\n<td valign=\"top\">500 mm<\/td>\n<\/tr>\n<tr>\n<td valign=\"top\">Najve\u010dji diametralni korak<\/td>\n<td valign=\"top\">DP 1<\/td>\n<td valign=\"top\">DP 1<\/td>\n<td valign=\"top\">DP 0,5<\/td>\n<\/tr>\n<tr>\n<td valign=\"top\">Najve\u010dji modul<\/td>\n<td valign=\"top\">26 mm<\/td>\n<td valign=\"top\">26 mm<\/td>\n<td valign=\"top\">45 mm<\/td>\n<\/tr>\n<tr>\n<td valign=\"top\">Raven AGMA\/Raven DIN<\/td>\n<td valign=\"top\">DIN razred 8<\/td>\n<td valign=\"top\">DIN razred 8<\/td>\n<td valign=\"top\">DIN razred 4<\/td>\n<\/tr>\n<tr>\n<td valign=\"top\">Obdelava povr\u0161ine zob<\/td>\n<td valign=\"top\">Ra 3,2<\/td>\n<td valign=\"top\">Ra 3,2<\/td>\n<td valign=\"top\">Ra 0,6<\/td>\n<\/tr>\n<tr>\n<td valign=\"top\">Najve\u010dji kot vija\u010dnice<\/td>\n<td valign=\"top\">\u00b122,5\u00b0<\/td>\n<td valign=\"top\">\u00b122,5\u00b0<\/td>\n<td valign=\"top\">\u00b145\u00b0<\/td>\n<\/tr>\n<tr>\n<th colspan=\"4\" valign=\"top\">Zunanji zobniki in zunanji utori<\/th>\n<\/tr>\n<tr>\n<td valign=\"top\"><\/td>\n<td valign=\"top\">HOBBING<\/td>\n<td valign=\"top\">MLEKOVANJE<\/td>\n<td valign=\"top\">\u0160KRIPANJE ZOB<\/td>\n<\/tr>\n<tr>\n<td valign=\"top\">Najve\u010dja OD<\/td>\n<td valign=\"top\">1250 mm<\/td>\n<td valign=\"top\">2500 mm<\/td>\n<td valign=\"top\">2500 mm<\/td>\n<\/tr>\n<tr>\n<td valign=\"top\">Najmanj\u0161a OD<\/td>\n<td valign=\"top\">20 mm<\/td>\n<td valign=\"top\">200 mm<\/td>\n<td valign=\"top\">20 mm<\/td>\n<\/tr>\n<tr>\n<td valign=\"top\">Najve\u010dja \u0161irina obraza<\/td>\n<td valign=\"top\">500 mm<\/td>\n<td valign=\"top\">500 mm<\/td>\n<td valign=\"top\">1480 mm<\/td>\n<\/tr>\n<tr>\n<td valign=\"top\">Najve\u010dji diametralni korak<\/td>\n<td valign=\"top\">DP 1<\/td>\n<td valign=\"top\">DP 1<\/td>\n<td valign=\"top\">DP 0,5<\/td>\n<\/tr>\n<tr>\n<td valign=\"top\">Najve\u010dji modul<\/td>\n<td valign=\"top\">26 mm<\/td>\n<td valign=\"top\">26 mm<\/td>\n<td valign=\"top\">45 mm<\/td>\n<\/tr>\n<tr>\n<td valign=\"top\">Raven AGMA\/Raven DIN<\/td>\n<td valign=\"top\">DIN razred 8<\/td>\n<td valign=\"top\">DIN razred 8<\/td>\n<td valign=\"top\">DIN razred 4<\/td>\n<\/tr>\n<tr>\n<td valign=\"top\">Obdelava povr\u0161ine zob<\/td>\n<td valign=\"top\">Ra 3,2<\/td>\n<td valign=\"top\">Ra 3,2<\/td>\n<td valign=\"top\">Ra 0,6<\/td>\n<\/tr>\n<tr>\n<td valign=\"top\">Najve\u010dji kot vija\u010dnice<\/td>\n<td valign=\"top\">\u00b145\u00b0<\/td>\n<td valign=\"top\">\u00b145\u00b0<\/td>\n<td valign=\"top\">\u00b145\u00b0<\/td>\n<\/tr>\n<\/tbody>\n<\/table>\n<\/div>\n<\/div>","protected":false},"excerpt":{"rendered":"<ul class=\"pro-info-list fix\">\n<li class=\"prod-specifics-brand\"><label>Oblika zobnika:\u00a0<\/label>evolventa<\/li>\n<li class=\"prod-specifics-brand\"><label>Material zobnika:<\/label>18CrNiMo6<\/li>\n<li class=\"prod-specifics-brand\"><label>Kot pritiska:<\/label>20\u00b0<\/li>\n<li class=\"prod-specifics-brand\"><label>Raven kakovosti:\u00a0<\/label>DIN 3962 razred 6<\/li>\n<\/ul>","protected":false},"featured_media":4595,"comment_status":"open","ping_status":"closed","template":"","meta":{"_et_pb_use_builder":"","_et_pb_old_content":"","_et_gb_content_width":""},"product_brand":[],"product_cat":[108],"product_tag":[],"class_list":{"0":"post-7369","1":"product","2":"type-product","3":"status-publish","4":"has-post-thumbnail","6":"product_cat-helical-gear","8":"first","9":"instock","10":"shipping-taxable","11":"product-type-simple"},"_links":{"self":[{"href":"https:\/\/fmp-components.com\/sl\/wp-json\/wp\/v2\/product\/7369","targetHints":{"allow":["GET"]}}],"collection":[{"href":"https:\/\/fmp-components.com\/sl\/wp-json\/wp\/v2\/product"}],"about":[{"href":"https:\/\/fmp-components.com\/sl\/wp-json\/wp\/v2\/types\/product"}],"replies":[{"embeddable":true,"href":"https:\/\/fmp-components.com\/sl\/wp-json\/wp\/v2\/comments?post=7369"}],"wp:featuredmedia":[{"embeddable":true,"href":"https:\/\/fmp-components.com\/sl\/wp-json\/wp\/v2\/media\/4595"}],"wp:attachment":[{"href":"https:\/\/fmp-components.com\/sl\/wp-json\/wp\/v2\/media?parent=7369"}],"wp:term":[{"taxonomy":"product_brand","embeddable":true,"href":"https:\/\/fmp-components.com\/sl\/wp-json\/wp\/v2\/product_brand?post=7369"},{"taxonomy":"product_cat","embeddable":true,"href":"https:\/\/fmp-components.com\/sl\/wp-json\/wp\/v2\/product_cat?post=7369"},{"taxonomy":"product_tag","embeddable":true,"href":"https:\/\/fmp-components.com\/sl\/wp-json\/wp\/v2\/product_tag?post=7369"}],"curies":[{"name":"delovni list","href":"https:\/\/api.w.org\/{rel}","templated":true}]}}