{"id":7364,"date":"2025-03-24T02:21:03","date_gmt":"2025-03-24T02:21:03","guid":{"rendered":"https:\/\/fmp-components.com\/?post_type=product&#038;p=7364"},"modified":"2025-03-26T08:43:59","modified_gmt":"2025-03-26T08:43:59","slug":"high-speed-train-locomotive-hard-tooth-flank-helical-gear","status":"publish","type":"product","link":"https:\/\/fmp-components.com\/sl\/product\/high-speed-train-locomotive-hard-tooth-flank-helical-gear\/","title":{"rendered":"Lokomotiva za hitre vlake s trdim zobatim bokom in vija\u010dnim zobnikom"},"content":{"rendered":"<div class=\"sliderTable mt10 mb10 sliderTable-index0 change-to-org\">\n<div class=\"inner\">\n<h2>Vloga trdozobnih vija\u010dnih zobnikov s stranskim delom v lokomotivah za hitre vlake<\/h2>\n<div>Hitre vlakovne lokomotive potrebujejo zobnike, ki lahko prenesejo ekstremne obratovalne pogoje, hkrati pa ohranjajo gladko in u\u010dinkovito delovanje. Trda zobnata stran. <a href=\"https:\/\/fmp-components.com\/sl\/helical-gears\/\">vija\u010dni zobniki<\/a> so optimalna re\u0161itev za te aplikacije, zahvaljujo\u010d njihovi izjemni trdnosti, natan\u010dnosti in sposobnosti obvladovanja visokih obremenitev in hitrosti. Ti zobniki so posebej zasnovani za zmanj\u0161anje hrupa in vibracij, kar pove\u010duje udobje potnikov in hkrati zagotavlja zanesljivost visokohitrostnih \u017eelezni\u0161kih sistemov. Njihova robustna zasnova zmanj\u0161uje tudi potrebo po pogostem vzdr\u017eevanju, zaradi \u010desar so klju\u010dni sestavni del za dolgo \u017eivljenjsko dobo in zanesljivost sodobnih lokomotiv.<\/div>\n<h2>Specifikacija<\/h2>\n<table border=\"1\" width=\"100%\">\n<tbody>\n<tr class=\"firstRow\">\n<th colspan=\"2\" valign=\"top\">Osnovni podatki o orodju<\/th>\n<\/tr>\n<tr>\n<td valign=\"center\">Oblika zobnika<\/td>\n<td valign=\"center\">evolventa<\/td>\n<\/tr>\n<tr>\n<td valign=\"center\">Material zobnika<\/td>\n<td valign=\"center\">17CrNiMo6<\/td>\n<\/tr>\n<tr>\n<td valign=\"center\">Postopek zobnika<\/td>\n<td valign=\"center\">kovanje, stru\u017eenje, rezkanje, cementiranje, zunanje bru\u0161enje, bru\u0161enje zob<\/td>\n<\/tr>\n<tr>\n<td valign=\"center\">Kot pritiska<\/td>\n<td valign=\"center\">20\u00b0<\/td>\n<\/tr>\n<tr>\n<td valign=\"center\">Raven kakovosti<\/td>\n<td valign=\"center\">DIN 3962 razred 6<\/td>\n<\/tr>\n<tr>\n<td valign=\"center\">Vrsta zobnika<\/td>\n<td valign=\"center\">Mn=4, Z=132, \u03b2=18\u00b0<\/td>\n<\/tr>\n<\/tbody>\n<\/table>\n<\/div>\n<\/div>\n<p><strong>ZMOGLJIVOSTI ZOBNIKA\/UTORJA<\/strong><\/p>\n<div class=\"sliderTable mt10 mb10 sliderTable-index1 change-to-org\">\n<div class=\"inner\">\n<table border=\"1\" width=\"100%\">\n<tbody>\n<tr class=\"firstRow\">\n<th colspan=\"4\" valign=\"top\">NOTRANJI ZOBNIKI IN NOTRANJI UTORJI<\/th>\n<\/tr>\n<tr>\n<td valign=\"top\"><\/td>\n<td valign=\"top\">MLEKOVANJE<\/td>\n<td valign=\"top\">OBLIKOVANJE<\/td>\n<td valign=\"top\">\u0160KRIPANJE ZOB<\/td>\n<\/tr>\n<tr>\n<td valign=\"top\">Najve\u010dja OD<\/td>\n<td valign=\"top\">2500 mm<\/td>\n<td valign=\"top\">2500 mm<\/td>\n<td valign=\"top\">2500 mm<\/td>\n<\/tr>\n<tr>\n<td valign=\"top\">Minimalni ID<\/td>\n<td valign=\"top\">650 mm<\/td>\n<td valign=\"top\">50 mm<\/td>\n<td valign=\"top\">100 mm<\/td>\n<\/tr>\n<tr>\n<td valign=\"top\">Najve\u010dja \u0161irina obraza<\/td>\n<td valign=\"top\">500 mm<\/td>\n<td valign=\"top\">500 mm<\/td>\n<td valign=\"top\">500 mm<\/td>\n<\/tr>\n<tr>\n<td valign=\"top\">Najve\u010dji diametralni korak<\/td>\n<td valign=\"top\">DP 1<\/td>\n<td valign=\"top\">DP 1<\/td>\n<td valign=\"top\">DP 0,5<\/td>\n<\/tr>\n<tr>\n<td valign=\"top\">Najve\u010dji modul<\/td>\n<td valign=\"top\">26 mm<\/td>\n<td valign=\"top\">26 mm<\/td>\n<td valign=\"top\">45 mm<\/td>\n<\/tr>\n<tr>\n<td valign=\"top\">Raven AGMA\/Raven DIN<\/td>\n<td valign=\"top\">DIN razred 8<\/td>\n<td valign=\"top\">DIN razred 8<\/td>\n<td valign=\"top\">DIN razred 4<\/td>\n<\/tr>\n<tr>\n<td valign=\"top\">Obdelava povr\u0161ine zob<\/td>\n<td valign=\"top\">Ra 3,2<\/td>\n<td valign=\"top\">Ra 3,2<\/td>\n<td valign=\"top\">Ra 0,6<\/td>\n<\/tr>\n<tr>\n<td valign=\"top\">Najve\u010dji kot vija\u010dnice<\/td>\n<td valign=\"top\">\u00b122,5\u00b0<\/td>\n<td valign=\"top\">\u00b122,5\u00b0<\/td>\n<td valign=\"top\">\u00b145\u00b0<\/td>\n<\/tr>\n<tr>\n<th colspan=\"4\" valign=\"top\">ZUNANJI ZOBNIKI IN ZUNANJI ULETOVI<\/th>\n<\/tr>\n<tr>\n<td valign=\"top\"><\/td>\n<td valign=\"top\">HOBBING<\/td>\n<td valign=\"top\">MLEKOVANJE<\/td>\n<td valign=\"top\">\u0160KRIPANJE ZOB<\/td>\n<\/tr>\n<tr>\n<td valign=\"top\">Najve\u010dja OD<\/td>\n<td valign=\"top\">1250 mm<\/td>\n<td valign=\"top\">2500 mm<\/td>\n<td valign=\"top\">2500 mm<\/td>\n<\/tr>\n<tr>\n<td valign=\"top\">Najmanj\u0161a OD<\/td>\n<td valign=\"top\">20 mm<\/td>\n<td valign=\"top\">200 mm<\/td>\n<td valign=\"top\">20 mm<\/td>\n<\/tr>\n<tr>\n<td valign=\"top\">Najve\u010dja \u0161irina obraza<\/td>\n<td valign=\"top\">500 mm<\/td>\n<td valign=\"top\">500 mm<\/td>\n<td valign=\"top\">1480 mm<\/td>\n<\/tr>\n<tr>\n<td valign=\"top\">Najve\u010dji diametralni korak<\/td>\n<td valign=\"top\">DP 1<\/td>\n<td valign=\"top\">DP 1<\/td>\n<td valign=\"top\">DP 0,5<\/td>\n<\/tr>\n<tr>\n<td valign=\"top\">Najve\u010dji modul<\/td>\n<td valign=\"top\">26 mm<\/td>\n<td valign=\"top\">26 mm<\/td>\n<td valign=\"top\">45 mm<\/td>\n<\/tr>\n<tr>\n<td valign=\"top\">Raven AGMA\/Raven DIN<\/td>\n<td valign=\"top\">DIN razred 8<\/td>\n<td valign=\"top\">DIN razred 8<\/td>\n<td valign=\"top\">DIN razred 4<\/td>\n<\/tr>\n<tr>\n<td valign=\"top\">Obdelava povr\u0161ine zob<\/td>\n<td valign=\"top\">Ra 3,2<\/td>\n<td valign=\"top\">Ra 3,2<\/td>\n<td valign=\"top\">Ra 0,6<\/td>\n<\/tr>\n<tr>\n<td valign=\"top\">Najve\u010dji kot vija\u010dnice<\/td>\n<td valign=\"top\">\u00b145\u00b0<\/td>\n<td valign=\"top\">\u00b145\u00b0<\/td>\n<td valign=\"top\">\u00b145\u00b0<\/td>\n<\/tr>\n<\/tbody>\n<\/table>\n<div><\/div>\n<h3>Podjetje FMP: Va\u0161 partner za visokokakovostne lokomotivske zobnike<\/h3>\n<div><\/div>\n<div>Podjetje FMP je vodilni proizvajalec vija\u010dnih zobnikov s trdimi boki za lokomotive za hitre vlake in ponuja \u0161iroko paleto vrst zobnikov, zasnovanih za izpolnjevanje strogih zahtev \u017eelezni\u0161ke industrije. Na\u0161i zobniki so izdelani po najvi\u0161jih standardih, kar zagotavlja vrhunsko zmogljivost in vzdr\u017eljivost tudi v najzahtevnej\u0161ih okoljih. Ponujamo tudi izdelavo zobnikov po meri, ki ustrezajo edinstvenim specifikacijam. \u010ce modela zobnika, ki ga potrebujete, ni v na\u0161em katalogu izdelkov, to preprosto pomeni, da ga \u0161e nismo nalo\u017eili \u2013 bodite prepri\u010dani, da lahko \u0161e vedno izpolnimo va\u0161e potrebe. Po\u0161ljite nam e-po\u0161to z va\u0161imi zahtevami in na\u0161i usposobljeni in\u017eenirji vam bodo odgovorili v 24 urah, da vam bodo pomagali najti idealno re\u0161itev za zobnik za va\u0161o lokomotivo.<\/div>\n<\/div>\n<\/div>","protected":false},"excerpt":{"rendered":"<ul class=\"pro-info-list fix\">\n<li class=\"prod-specifics-brand\"><label>Oblika zobnika:\u00a0<\/label>evolventa<\/li>\n<li class=\"prod-specifics-brand\"><label>Material zobnika:<\/label>17CrNiMo6<\/li>\n<li class=\"prod-specifics-brand\"><label>Kot pritiska:<\/label>20\u00b0<\/li>\n<li class=\"prod-specifics-brand\"><label>Raven kakovosti:\u00a0<\/label>DIN 3962 razred 6<\/li>\n<\/ul>","protected":false},"featured_media":4590,"comment_status":"open","ping_status":"closed","template":"","meta":{"_et_pb_use_builder":"","_et_pb_old_content":"","_et_gb_content_width":""},"product_brand":[],"product_cat":[108],"product_tag":[],"class_list":{"0":"post-7364","1":"product","2":"type-product","3":"status-publish","4":"has-post-thumbnail","6":"product_cat-helical-gear","8":"first","9":"instock","10":"shipping-taxable","11":"product-type-simple"},"_links":{"self":[{"href":"https:\/\/fmp-components.com\/sl\/wp-json\/wp\/v2\/product\/7364","targetHints":{"allow":["GET"]}}],"collection":[{"href":"https:\/\/fmp-components.com\/sl\/wp-json\/wp\/v2\/product"}],"about":[{"href":"https:\/\/fmp-components.com\/sl\/wp-json\/wp\/v2\/types\/product"}],"replies":[{"embeddable":true,"href":"https:\/\/fmp-components.com\/sl\/wp-json\/wp\/v2\/comments?post=7364"}],"wp:featuredmedia":[{"embeddable":true,"href":"https:\/\/fmp-components.com\/sl\/wp-json\/wp\/v2\/media\/4590"}],"wp:attachment":[{"href":"https:\/\/fmp-components.com\/sl\/wp-json\/wp\/v2\/media?parent=7364"}],"wp:term":[{"taxonomy":"product_brand","embeddable":true,"href":"https:\/\/fmp-components.com\/sl\/wp-json\/wp\/v2\/product_brand?post=7364"},{"taxonomy":"product_cat","embeddable":true,"href":"https:\/\/fmp-components.com\/sl\/wp-json\/wp\/v2\/product_cat?post=7364"},{"taxonomy":"product_tag","embeddable":true,"href":"https:\/\/fmp-components.com\/sl\/wp-json\/wp\/v2\/product_tag?post=7364"}],"curies":[{"name":"delovni list","href":"https:\/\/api.w.org\/{rel}","templated":true}]}}