{"id":7343,"date":"2025-03-23T08:14:08","date_gmt":"2025-03-23T08:14:08","guid":{"rendered":"https:\/\/fmp-components.com\/?post_type=product&#038;p=7343"},"modified":"2025-03-26T08:46:51","modified_gmt":"2025-03-26T08:46:51","slug":"steel-double-helical-gear","status":"publish","type":"product","link":"https:\/\/fmp-components.com\/sl\/product\/steel-double-helical-gear\/","title":{"rendered":"Jekleni dvojni vija\u010dni zobnik"},"content":{"rendered":"<div>\n<h2>Dvovija\u010dni zobniki vrhunskega jekla znamke FMP<\/h2>\n<p class=\"break-words\">Jekleni dvojni vija\u010dni zobniki so klju\u010dni sestavni deli te\u017ekih strojev, cenjeni zaradi svoje sposobnosti prenosa visokega navora ob hkratnem zmanj\u0161evanju hrupa in vibracij. Ti zobniki, ki jih odlikujejo zobje v obliki \u010drke V, so nepogre\u0161ljivi v panogah, kot so proizvodnja jekla, proizvodnja energije in rudarstvo, kjer sta zanesljivost in u\u010dinkovitost klju\u010dnega pomena. V podjetju FMP, zaupanja vrednem vodilnem podjetju v proizvodnji zobnikov, izdelujemo \u0161iroko paleto jeklenih dvojnih zobnikov. <a href=\"https:\/\/fmp-components.com\/sl\/helical-gears\/\">Vija\u010dni zobniki<\/a> da bi zadostili raznolikim zahtevam teh sektorjev. Od standardnih modelov do specializiranih izvedb je vsak zobnik skrbno izdelan z uporabo visokokakovostnega jekla in najsodobnej\u0161ih proizvodnih tehnik, kar zagotavlja izjemno natan\u010dnost in vzdr\u017eljivost tudi za najzahtevnej\u0161e aplikacije.<\/p>\n<h3>Re\u0161itve po meri in strokovna podpora<\/h3>\n<p class=\"break-words\">Pri FMP se zavedamo, da ima vsak projekt edinstvene zahteve, zato ponujamo storitve izdelave dvojnih vija\u010dnih zobnikov iz jekla po meri. Ne glede na to, ali potrebujete dolo\u010deno velikost, material ali zasnovo po meri, je na\u0161a ekipa usposobljenih in\u017eenirjev opremljena za ustvarjanje re\u0161itve, ki je natan\u010dno prilagojena va\u0161im specifikacijam. \u010ce na na\u0161em seznamu izdelkov ne vidite modela, ki ga i\u0161\u010dete, to preprosto pomeni, da ga \u0161e nismo imeli prilo\u017enosti uvrstiti na seznam. Vabimo vas, da nas kontaktirate po e-po\u0161ti s svojimi zahtevami, na\u0161a predana ekipa pa se bo v 24 urah odzvala z vami in se pogovorila o tem, kako lahko izpolnimo va\u0161e potrebe. Pri FMP se lahko zanesete na prilagojeno storitev in vodilno strokovno znanje v panogi, da vam zagotovimo popolno re\u0161itev za zobnike.<\/p>\n<\/div>\n<p>Jekleno dvojno vija\u010dno gonilo<\/p>\n<p>Material: SS, po meri<\/p>\n<p>Premer: 20 mm, po meri<\/p>\n<h2>Specifikacija izdelka<\/h2>\n<div class=\"table-responsive\">\n<table class=\"table\" style=\"width: 99.1008%; height: 212px;\" border=\"1\">\n<tbody>\n<tr>\n<td>Vrsta zobnika<\/td>\n<td>Vija\u010dno gonilo<\/td>\n<\/tr>\n<tr>\n<td>Material<\/td>\n<td>SS<\/td>\n<\/tr>\n<tr>\n<td>Oblika<\/td>\n<td>Okroglo<\/td>\n<\/tr>\n<tr>\n<td>Premer<\/td>\n<td>20 mm<\/td>\n<\/tr>\n<tr>\n<td>Povr\u0161inska obdelava<\/td>\n<td>Polirano<\/td>\n<\/tr>\n<tr>\n<td>Dr\u017eava izvora<\/td>\n<td>Izdelano na Kitajskem<\/td>\n<\/tr>\n<\/tbody>\n<\/table>\n<p>&nbsp;<\/p>\n<p><img loading=\"lazy\" decoding=\"async\" class=\"size-full wp-image-4579 aligncenter\" src=\"https:\/\/fmp-components.com\/wp-content\/uploads\/2025\/01\/Steel-Double-Helical-Gear.webp\" alt=\"Jekleni dvojni vija\u010dni zobnik\" width=\"800\" height=\"800\" title=\"\" srcset=\"https:\/\/fmp-components.com\/wp-content\/uploads\/2025\/01\/Steel-Double-Helical-Gear.webp 800w, https:\/\/fmp-components.com\/wp-content\/uploads\/2025\/01\/Steel-Double-Helical-Gear-480x480.webp 480w\" sizes=\"(min-width: 0px) and (max-width: 480px) 480px, (min-width: 481px) 800px, 100vw\" \/><\/p>\n<\/div>","protected":false},"excerpt":{"rendered":"<p>Premium Steel Double Helical Gears from FMP Steel Double Helical Gears are vital components in heavy-duty machinery, prized for their ability to transmit high torque while minimizing noise and vibration. These gears, distinguished by their V-shaped teeth, are indispensable in industries such as steel manufacturing, power generation, and mining, where reliability and efficiency are critical. [&hellip;]<\/p>","protected":false},"featured_media":4579,"comment_status":"open","ping_status":"closed","template":"","meta":{"_et_pb_use_builder":"","_et_pb_old_content":"","_et_gb_content_width":""},"product_brand":[],"product_cat":[108],"product_tag":[],"class_list":{"0":"post-7343","1":"product","2":"type-product","3":"status-publish","4":"has-post-thumbnail","6":"product_cat-helical-gear","8":"first","9":"instock","10":"shipping-taxable","11":"product-type-simple"},"_links":{"self":[{"href":"https:\/\/fmp-components.com\/sl\/wp-json\/wp\/v2\/product\/7343","targetHints":{"allow":["GET"]}}],"collection":[{"href":"https:\/\/fmp-components.com\/sl\/wp-json\/wp\/v2\/product"}],"about":[{"href":"https:\/\/fmp-components.com\/sl\/wp-json\/wp\/v2\/types\/product"}],"replies":[{"embeddable":true,"href":"https:\/\/fmp-components.com\/sl\/wp-json\/wp\/v2\/comments?post=7343"}],"wp:featuredmedia":[{"embeddable":true,"href":"https:\/\/fmp-components.com\/sl\/wp-json\/wp\/v2\/media\/4579"}],"wp:attachment":[{"href":"https:\/\/fmp-components.com\/sl\/wp-json\/wp\/v2\/media?parent=7343"}],"wp:term":[{"taxonomy":"product_brand","embeddable":true,"href":"https:\/\/fmp-components.com\/sl\/wp-json\/wp\/v2\/product_brand?post=7343"},{"taxonomy":"product_cat","embeddable":true,"href":"https:\/\/fmp-components.com\/sl\/wp-json\/wp\/v2\/product_cat?post=7343"},{"taxonomy":"product_tag","embeddable":true,"href":"https:\/\/fmp-components.com\/sl\/wp-json\/wp\/v2\/product_tag?post=7343"}],"curies":[{"name":"delovni list","href":"https:\/\/api.w.org\/{rel}","templated":true}]}}