{"id":7334,"date":"2025-03-23T07:39:24","date_gmt":"2025-03-23T07:39:24","guid":{"rendered":"https:\/\/fmp-components.com\/?post_type=product&#038;p=7334"},"modified":"2025-03-26T08:47:15","modified_gmt":"2025-03-26T08:47:15","slug":"rolling-mill-double-helical-gear","status":"publish","type":"product","link":"https:\/\/fmp-components.com\/sl\/product\/rolling-mill-double-helical-gear\/","title":{"rendered":"Dvojno vija\u010dno gonilo valj\u010dnega mlina"},"content":{"rendered":"<div>\n<h2 class=\"break-words\">Visokokakovostni dvojni vija\u010dni zobniki za valjarne podjetja FMP<\/h2>\n<p class=\"break-words\">Dvojna vija\u010dna zobnika za valjarne so bistveni sestavni deli v jeklarski in kovinskopredelovalni industriji, znani po svoji sposobnosti obvladovanja visokega navora in zagotavljanja gladkega ter u\u010dinkovitega prenosa mo\u010di. V podjetju FMP smo ponosni na proizvodnjo \u0161iroke palete dvojnih zobnikov za valjarne. <a href=\"https:\/\/fmp-components.com\/sl\/helical-gears\/\">Vija\u010dni zobniki<\/a> Zasnovano tako, da zadosti raznolikim potrebam na\u0161ih strank. Ne glede na to, ali i\u0161\u010dete standardne modele ali potrebujete re\u0161itve po meri, so na\u0161i zobniki izdelani natan\u010dno z uporabo naprednih materialov in najsodobnej\u0161e tehnologije. To zagotavlja izjemno vzdr\u017eljivost, zanesljivost in zmogljivost tudi v najte\u017ejih industrijskih pogojih. FMP je va\u0161 nepogre\u0161ljiv partner za vrhunsko izdelavo zobnikov, prilagojenih va\u0161im specifi\u010dnim zahtevam.<\/p>\n<\/div>\n<p><img loading=\"lazy\" decoding=\"async\" class=\"alignnone size-full wp-image-7336\" src=\"https:\/\/fmp-components.com\/wp-content\/uploads\/2025\/03\/Rolling-Mill-Double-Helical-Gear-1.webp\" alt=\"Dvojno vija\u010dno zobni\u0161ko orodje za valjarne\" width=\"1024\" height=\"768\" title=\"\" srcset=\"https:\/\/fmp-components.com\/wp-content\/uploads\/2025\/03\/Rolling-Mill-Double-Helical-Gear-1.webp 1024w, https:\/\/fmp-components.com\/wp-content\/uploads\/2025\/03\/Rolling-Mill-Double-Helical-Gear-1-980x735.webp 980w, https:\/\/fmp-components.com\/wp-content\/uploads\/2025\/03\/Rolling-Mill-Double-Helical-Gear-1-480x360.webp 480w\" sizes=\"(min-width: 0px) and (max-width: 480px) 480px, (min-width: 481px) and (max-width: 980px) 980px, (min-width: 981px) 1024px, 100vw\" \/><\/p>\n<table class=\"table\" style=\"width: 98.8929%; height: 138px;\" border=\"1\">\n<tbody>\n<tr>\n<td>Uporaba:<\/td>\n<td>Stroji, pomorski, kmetijski stroji<\/td>\n<\/tr>\n<tr>\n<td>Trdota:<\/td>\n<td>Utrjena povr\u0161ina zoba<\/td>\n<\/tr>\n<tr>\n<td>Polo\u017eaj prestave:<\/td>\n<td>Zunanje orodje<\/td>\n<\/tr>\n<tr>\n<td>Metoda izdelave:<\/td>\n<td>Rezano orodje<\/td>\n<\/tr>\n<tr>\n<td>Oblika nazob\u010danega dela:<\/td>\n<td>Dvojno vija\u010dno gonilo<\/td>\n<\/tr>\n<tr>\n<td>Material:<\/td>\n<td>42CrMo<\/td>\n<\/tr>\n<\/tbody>\n<\/table>\n<h2>Zobniki po meri \u2013 dvojni vija\u010dni zobniki za valjarne<\/h2>\n<p>Dvojno vija\u010dno gonilo za valjarne<br \/>\nPrilagojeni menjalniki<\/p>\n<div class=\"table-responsive\">\n<table class=\"table\" style=\"width: 99.8919%; height: 196px;\" border=\"1\">\n<tbody>\n<tr>\n<td>Modul<\/td>\n<td>Izdelano po meri<\/td>\n<\/tr>\n<tr>\n<td>\u0160tevilo zob zobnika<\/td>\n<td>Izdelano po meri<\/td>\n<\/tr>\n<tr>\n<td>Material<\/td>\n<td>42CrMo<\/td>\n<\/tr>\n<tr>\n<td>Metoda izdelave zobnikov<\/td>\n<td>Rezkanje zobnikov ali zobni\u0161ko rezkanje<\/td>\n<\/tr>\n<tr>\n<td>Toplotna obdelava<\/td>\n<td>Visokofrekven\u010dno ga\u0161enje<\/td>\n<\/tr>\n<tr>\n<td>Bru\u0161enje zobnikov<\/td>\n<td>Mo\u017enosti<\/td>\n<\/tr>\n<\/tbody>\n<\/table>\n<\/div>\n<p>Material: AISI 4140\/ 42CrMo\/ SCM 440<\/p>\n<div class=\"table-responsive\">\n<table class=\"table\" style=\"width: 100.189%; height: 301px;\" border=\"1\">\n<tbody>\n<tr style=\"height: 47px;\">\n<td style=\"height: 47px; width: 41.5825%;\">PRIMERJAVA VRST JEKLA PO KODIH<\/td>\n<td style=\"height: 47px; width: 12.4579%;\"><\/td>\n<td style=\"height: 47px; width: 11.9529%;\"><\/td>\n<td style=\"height: 47px; width: 7.23906%;\"><\/td>\n<td style=\"height: 47px; width: 11.4478%;\"><\/td>\n<td style=\"height: 47px; width: 70.5387%;\"><\/td>\n<\/tr>\n<tr style=\"height: 23px;\">\n<td style=\"height: 23px; width: 41.5825%;\">KITAJSKA\/VB<\/td>\n<td style=\"height: 23px; width: 12.4579%;\">ISO<\/td>\n<td style=\"height: 23px; width: 11.9529%;\">GOST<\/td>\n<td style=\"height: 23px; width: 7.23906%;\">ASTM<\/td>\n<td style=\"height: 23px; width: 11.4478%;\">JIS<\/td>\n<td style=\"height: 23px; width: 70.5387%;\">DIN<\/td>\n<\/tr>\n<tr style=\"height: 23px;\">\n<td style=\"height: 23px; width: 41.5825%;\">45<\/td>\n<td style=\"height: 23px; width: 12.4579%;\">C45E4<\/td>\n<td style=\"height: 23px; width: 11.9529%;\">45<\/td>\n<td style=\"height: 23px; width: 7.23906%;\">1045<\/td>\n<td style=\"height: 23px; width: 11.4478%;\">S45C<\/td>\n<td style=\"height: 23px; width: 70.5387%;\">CK45<\/td>\n<\/tr>\n<tr style=\"height: 23px;\">\n<td style=\"height: 23px; width: 41.5825%;\">40Cr<\/td>\n<td style=\"height: 23px; width: 12.4579%;\">41Cr4<\/td>\n<td style=\"height: 23px; width: 11.9529%;\">40-kratnik<\/td>\n<td style=\"height: 23px; width: 7.23906%;\">5140<\/td>\n<td style=\"height: 23px; width: 11.4478%;\">SCR440<\/td>\n<td style=\"height: 23px; width: 70.5387%;\">41Cr4<\/td>\n<\/tr>\n<tr style=\"height: 23px;\">\n<td style=\"height: 23px; width: 41.5825%;\">20CrMo<\/td>\n<td style=\"height: 23px; width: 12.4579%;\">18CrMo4<\/td>\n<td style=\"height: 23px; width: 11.9529%;\">20HM<\/td>\n<td style=\"height: 23px; width: 7.23906%;\">4118<\/td>\n<td style=\"height: 23px; width: 11.4478%;\">SCM22<\/td>\n<td style=\"height: 23px; width: 70.5387%;\">25CrMo4<\/td>\n<\/tr>\n<tr style=\"height: 23px;\">\n<td style=\"height: 23px; width: 41.5825%;\">42CrMo<\/td>\n<td style=\"height: 23px; width: 12.4579%;\">42CrMo4<\/td>\n<td style=\"height: 23px; width: 11.9529%;\">38XM<\/td>\n<td style=\"height: 23px; width: 7.23906%;\">4140<\/td>\n<td style=\"height: 23px; width: 11.4478%;\">SCM440<\/td>\n<td style=\"height: 23px; width: 70.5387%;\">42CrMo4<\/td>\n<\/tr>\n<tr style=\"height: 23px;\">\n<td style=\"height: 23px; width: 41.5825%;\">20CrMnTi<\/td>\n<td style=\"height: 23px; width: 12.4579%;\"><\/td>\n<td style=\"height: 23px; width: 11.9529%;\">18X\u0413T<\/td>\n<td style=\"height: 23px; width: 7.23906%;\"><\/td>\n<td style=\"height: 23px; width: 11.4478%;\">SMK22<\/td>\n<td style=\"height: 23px; width: 70.5387%;\"><\/td>\n<\/tr>\n<tr style=\"height: 23px;\">\n<td style=\"height: 23px; width: 41.5825%;\">20Cr2Ni4<\/td>\n<td style=\"height: 23px; width: 12.4579%;\"><\/td>\n<td style=\"height: 23px; width: 11.9529%;\">20X2H4A<\/td>\n<td style=\"height: 23px; width: 7.23906%;\"><\/td>\n<td style=\"height: 23px; width: 11.4478%;\"><\/td>\n<td style=\"height: 23px; width: 70.5387%;\"><\/td>\n<\/tr>\n<tr style=\"height: 23px;\">\n<td style=\"height: 23px; width: 41.5825%;\">20CrNiMo<\/td>\n<td style=\"height: 23px; width: 12.4579%;\">20CrNiMo2<\/td>\n<td style=\"height: 23px; width: 11.9529%;\">20XHM<\/td>\n<td style=\"height: 23px; width: 7.23906%;\">8720<\/td>\n<td style=\"height: 23px; width: 11.4478%;\">SNCM220<\/td>\n<td style=\"height: 23px; width: 70.5387%;\">21NiCrMo2<\/td>\n<\/tr>\n<tr style=\"height: 47px;\">\n<td style=\"height: 47px; width: 41.5825%;\">40CrNiMoA<\/td>\n<td style=\"height: 47px; width: 12.4579%;\"><\/td>\n<td style=\"height: 47px; width: 11.9529%;\">40XH2MA\/<br \/>\n40XHMA<\/td>\n<td style=\"height: 47px; width: 7.23906%;\">4340<\/td>\n<td style=\"height: 47px; width: 11.4478%;\">SNCM439<\/td>\n<td style=\"height: 47px; width: 70.5387%;\">40NiCrMo6\/<br \/>\n36NiCrMo4<\/td>\n<\/tr>\n<tr style=\"height: 23px;\">\n<td style=\"height: 23px; width: 41.5825%;\">20CrNi2Mo<\/td>\n<td style=\"height: 23px; width: 12.4579%;\">20NiCrMo7<\/td>\n<td style=\"height: 23px; width: 11.9529%;\">20XH2MA<\/td>\n<td style=\"height: 23px; width: 7.23906%;\">4320<\/td>\n<td style=\"height: 23px; width: 11.4478%;\">SNCM420<\/td>\n<td style=\"height: 23px; width: 70.5387%;\"><\/td>\n<\/tr>\n<\/tbody>\n<\/table>\n<\/div>\n<p><img loading=\"lazy\" decoding=\"async\" class=\"wp-image-7342 aligncenter\" src=\"https:\/\/fmp-components.com\/wp-content\/uploads\/2025\/03\/Rolling-Mill-Double-Helical-Gear-6.webp\" alt=\"Dvojno vija\u010dno zobni\u0161ko orodje z valjarno-6 zobnikov\" width=\"952\" height=\"569\" title=\"\" srcset=\"https:\/\/fmp-components.com\/wp-content\/uploads\/2025\/03\/Rolling-Mill-Double-Helical-Gear-6.webp 400w, https:\/\/fmp-components.com\/wp-content\/uploads\/2025\/03\/Rolling-Mill-Double-Helical-Gear-6-300x179.webp 300w, https:\/\/fmp-components.com\/wp-content\/uploads\/2025\/03\/Rolling-Mill-Double-Helical-Gear-6-18x12.webp 18w\" sizes=\"(max-width: 952px) 100vw, 952px\" \/><\/p>\n<div class=\"table-responsive\">\n<h3 class=\"break-words\">Re\u0161itve po meri in namenska podpora<\/h3>\n<p class=\"break-words\">Pri FMP razumemo, da je vsak projekt edinstven, zato ponujamo storitve po meri za dvojna vija\u010dna zobnika za valjarne, ki natan\u010dno ustrezajo va\u0161im specifikacijam. \u010ce na na\u0161em seznamu izdelkov ne najdete modela, ki ga potrebujete, ne skrbite \u2013 to preprosto pomeni, da ga \u0161e nismo imeli prilo\u017enosti uvrstiti na seznam. Vabimo vas, da nas kontaktirate po e-po\u0161ti s svojimi specifi\u010dnimi zahtevami, na\u0161a predana ekipa strokovnih in\u017eenirjev pa vam bo odgovorila v 24 urah. Z mo\u010dno zavezanostjo zadovoljstvu strank in vodilnim strokovnim znanjem v panogi vam FMP zagotavlja prilagojene, visokokakovostne re\u0161itve, ki izpolnjujejo najvi\u0161je standarde odli\u010dnosti. Stopite v stik z nami \u0161e danes in odkrijte, kako lahko podpremo va\u0161e potrebe!<\/p>\n<table style=\"border-collapse: collapse; width: 100.432%; height: 5px;\" border=\"0\" width=\"324\" cellspacing=\"0\" cellpadding=\"0\">\n<tbody>\n<tr style=\"height: 14.40pt;\">\n<td style=\"height: 14.4pt; width: 33.9018%;\" align=\"right\" width=\"81\" height=\"24\"><img loading=\"lazy\" decoding=\"async\" class=\"size-full wp-image-7337 aligncenter\" src=\"https:\/\/fmp-components.com\/wp-content\/uploads\/2025\/03\/Rolling-Mill-Double-Helical-Gear-2.webp\" alt=\"Dvojno vija\u010dno zobni\u0161ko orodje za valjarne\" width=\"576\" height=\"768\" title=\"\" srcset=\"https:\/\/fmp-components.com\/wp-content\/uploads\/2025\/03\/Rolling-Mill-Double-Helical-Gear-2.webp 576w, https:\/\/fmp-components.com\/wp-content\/uploads\/2025\/03\/Rolling-Mill-Double-Helical-Gear-2-480x640.webp 480w\" sizes=\"(min-width: 0px) and (max-width: 480px) 480px, (min-width: 481px) 576px, 100vw\" \/><\/td>\n<td style=\"width: 32.7293%;\" align=\"right\" width=\"81\"><img loading=\"lazy\" decoding=\"async\" class=\"size-full wp-image-7338 aligncenter\" src=\"https:\/\/fmp-components.com\/wp-content\/uploads\/2025\/03\/Rolling-Mill-Double-Helical-Gear-3.webp\" alt=\"Dvojno vija\u010dno zobni\u0161ko orodje za valjarne\" width=\"576\" height=\"768\" title=\"\" srcset=\"https:\/\/fmp-components.com\/wp-content\/uploads\/2025\/03\/Rolling-Mill-Double-Helical-Gear-3.webp 576w, https:\/\/fmp-components.com\/wp-content\/uploads\/2025\/03\/Rolling-Mill-Double-Helical-Gear-3-480x640.webp 480w\" sizes=\"(min-width: 0px) and (max-width: 480px) 480px, (min-width: 481px) 576px, 100vw\" \/><\/td>\n<td style=\"width: 33.1557%;\" align=\"right\" width=\"81\"><img loading=\"lazy\" decoding=\"async\" class=\"size-full wp-image-7339 aligncenter\" src=\"https:\/\/fmp-components.com\/wp-content\/uploads\/2025\/03\/Rolling-Mill-Double-Helical-Gear-4.webp\" alt=\"Dvojno vija\u010dno zobni\u0161ko orodje za valjarne\" width=\"576\" height=\"768\" title=\"\" srcset=\"https:\/\/fmp-components.com\/wp-content\/uploads\/2025\/03\/Rolling-Mill-Double-Helical-Gear-4.webp 576w, https:\/\/fmp-components.com\/wp-content\/uploads\/2025\/03\/Rolling-Mill-Double-Helical-Gear-4-480x640.webp 480w\" sizes=\"(min-width: 0px) and (max-width: 480px) 480px, (min-width: 481px) 576px, 100vw\" \/><\/td>\n<\/tr>\n<\/tbody>\n<\/table>\n<\/div>","protected":false},"excerpt":{"rendered":"<p>High-Quality Rolling Mill Double Helical Gears from FMP Rolling Mill Double Helical Gears are essential components in the steel and metal processing industry, renowned for their ability to manage high torque and ensure smooth, efficient power transmission. At FMP, we take pride in producing a wide variety of Rolling Mill Double Helical Gears designed to [&hellip;]<\/p>","protected":false},"featured_media":4578,"comment_status":"open","ping_status":"closed","template":"","meta":{"_et_pb_use_builder":"","_et_pb_old_content":"","_et_gb_content_width":""},"product_brand":[],"product_cat":[108],"product_tag":[],"class_list":{"0":"post-7334","1":"product","2":"type-product","3":"status-publish","4":"has-post-thumbnail","6":"product_cat-helical-gear","8":"first","9":"instock","10":"shipping-taxable","11":"product-type-simple"},"_links":{"self":[{"href":"https:\/\/fmp-components.com\/sl\/wp-json\/wp\/v2\/product\/7334","targetHints":{"allow":["GET"]}}],"collection":[{"href":"https:\/\/fmp-components.com\/sl\/wp-json\/wp\/v2\/product"}],"about":[{"href":"https:\/\/fmp-components.com\/sl\/wp-json\/wp\/v2\/types\/product"}],"replies":[{"embeddable":true,"href":"https:\/\/fmp-components.com\/sl\/wp-json\/wp\/v2\/comments?post=7334"}],"wp:featuredmedia":[{"embeddable":true,"href":"https:\/\/fmp-components.com\/sl\/wp-json\/wp\/v2\/media\/4578"}],"wp:attachment":[{"href":"https:\/\/fmp-components.com\/sl\/wp-json\/wp\/v2\/media?parent=7334"}],"wp:term":[{"taxonomy":"product_brand","embeddable":true,"href":"https:\/\/fmp-components.com\/sl\/wp-json\/wp\/v2\/product_brand?post=7334"},{"taxonomy":"product_cat","embeddable":true,"href":"https:\/\/fmp-components.com\/sl\/wp-json\/wp\/v2\/product_cat?post=7334"},{"taxonomy":"product_tag","embeddable":true,"href":"https:\/\/fmp-components.com\/sl\/wp-json\/wp\/v2\/product_tag?post=7334"}],"curies":[{"name":"delovni list","href":"https:\/\/api.w.org\/{rel}","templated":true}]}}