{"id":7332,"date":"2025-03-23T07:37:55","date_gmt":"2025-03-23T07:37:55","guid":{"rendered":"https:\/\/fmp-components.com\/?post_type=product&#038;p=7332"},"modified":"2025-03-26T08:47:29","modified_gmt":"2025-03-26T08:47:29","slug":"industrial-alloy-steel-double-helical-gears","status":"publish","type":"product","link":"https:\/\/fmp-components.com\/sl\/product\/industrial-alloy-steel-double-helical-gears\/","title":{"rendered":"Dvojni vija\u010dni zobniki iz industrijskega legiranega jekla"},"content":{"rendered":"<div>V podjetju FMP smo ponosni na proizvodnjo \u0161iroke palete dvojnih jeklenih cevi iz legiranega jekla <a href=\"https:\/\/fmp-components.com\/sl\/helical-gears\/\">Vija\u010dni zobniki<\/a>, izdelani za zagotavljanje natan\u010dnosti in vzdr\u017eljivosti za razli\u010dne industrijske aplikacije. Ne glede na to, ali potrebujete standardne modele ali nekaj edinstvenega, z veseljem sprejemamo naro\u010dila po meri, ki ustrezajo va\u0161im natan\u010dnim specifikacijam. Ne najdete dolo\u010denega modela, ki ga i\u0161\u010dete, na na\u0161em seznamu izdelkov? Brez skrbi \u2013 to le pomeni, da \u0161e nismo imeli mo\u017enosti posodobiti na\u0161ega spletnega kataloga. Preprosto nam po\u0161ljite e-po\u0161to s svojimi zahtevami in na\u0161i usposobljeni in\u017eenirji se vam bodo v 24 urah oglasili s prilagojeno re\u0161itvijo. Naj vam pomagamo najti popolno opremo za va\u0161 projekt!<\/div>\n<div><\/div>\n<table class=\"table\" style=\"width: 101.013%; height: 165px;\" border=\"1\">\n<tbody>\n<tr>\n<td style=\"width: 38.6592%;\">Vrsta zobnika<\/td>\n<td style=\"width: 60.6704%;\">Dvojno vija\u010dno<\/td>\n<\/tr>\n<tr>\n<td style=\"width: 38.6592%;\">Uporaba\/Aplikacija<\/td>\n<td style=\"width: 60.6704%;\">Industrijsko<\/td>\n<\/tr>\n<tr>\n<td style=\"width: 38.6592%;\">Oblika zoba<\/td>\n<td style=\"width: 60.6704%;\">Dvojno<\/td>\n<\/tr>\n<tr>\n<td style=\"width: 38.6592%;\">Material<\/td>\n<td style=\"width: 60.6704%;\">Legirano jeklo<\/td>\n<\/tr>\n<tr>\n<td style=\"width: 38.6592%;\">Oblika<\/td>\n<td style=\"width: 60.6704%;\">Okroglo<\/td>\n<\/tr>\n<tr>\n<td style=\"width: 38.6592%;\">Minimalna koli\u010dina naro\u010dila<\/td>\n<td style=\"width: 60.6704%;\">1<\/td>\n<\/tr>\n<\/tbody>\n<\/table>\n<p><img loading=\"lazy\" decoding=\"async\" class=\"alignnone size-full wp-image-7333\" src=\"https:\/\/fmp-components.com\/wp-content\/uploads\/2025\/03\/double-helical-gear-.webp\" alt=\"dvojno vija\u010dno zobni\u0161ko prestavo\" width=\"1000\" height=\"929\" title=\"\" srcset=\"https:\/\/fmp-components.com\/wp-content\/uploads\/2025\/03\/double-helical-gear-.webp 1000w, https:\/\/fmp-components.com\/wp-content\/uploads\/2025\/03\/double-helical-gear--980x910.webp 980w, https:\/\/fmp-components.com\/wp-content\/uploads\/2025\/03\/double-helical-gear--480x446.webp 480w\" sizes=\"(min-width: 0px) and (max-width: 480px) 480px, (min-width: 481px) and (max-width: 980px) 980px, (min-width: 981px) 1000px, 100vw\" \/><\/p>","protected":false},"excerpt":{"rendered":"<p>At FMP Company, we take pride in manufacturing a wide variety of Alloy Steel Double Helical Gears, crafted to deliver precision and durability for diverse industrial applications. Whether you need standard designs or something unique, we gladly accept custom orders to meet your exact specifications. Can\u2019t find the specific model you\u2019re looking for in our [&hellip;]<\/p>","protected":false},"featured_media":4591,"comment_status":"open","ping_status":"closed","template":"","meta":{"_et_pb_use_builder":"","_et_pb_old_content":"","_et_gb_content_width":""},"product_brand":[],"product_cat":[108],"product_tag":[],"class_list":{"0":"post-7332","1":"product","2":"type-product","3":"status-publish","4":"has-post-thumbnail","6":"product_cat-helical-gear","8":"first","9":"instock","10":"shipping-taxable","11":"product-type-simple"},"_links":{"self":[{"href":"https:\/\/fmp-components.com\/sl\/wp-json\/wp\/v2\/product\/7332","targetHints":{"allow":["GET"]}}],"collection":[{"href":"https:\/\/fmp-components.com\/sl\/wp-json\/wp\/v2\/product"}],"about":[{"href":"https:\/\/fmp-components.com\/sl\/wp-json\/wp\/v2\/types\/product"}],"replies":[{"embeddable":true,"href":"https:\/\/fmp-components.com\/sl\/wp-json\/wp\/v2\/comments?post=7332"}],"wp:featuredmedia":[{"embeddable":true,"href":"https:\/\/fmp-components.com\/sl\/wp-json\/wp\/v2\/media\/4591"}],"wp:attachment":[{"href":"https:\/\/fmp-components.com\/sl\/wp-json\/wp\/v2\/media?parent=7332"}],"wp:term":[{"taxonomy":"product_brand","embeddable":true,"href":"https:\/\/fmp-components.com\/sl\/wp-json\/wp\/v2\/product_brand?post=7332"},{"taxonomy":"product_cat","embeddable":true,"href":"https:\/\/fmp-components.com\/sl\/wp-json\/wp\/v2\/product_cat?post=7332"},{"taxonomy":"product_tag","embeddable":true,"href":"https:\/\/fmp-components.com\/sl\/wp-json\/wp\/v2\/product_tag?post=7332"}],"curies":[{"name":"delovni list","href":"https:\/\/api.w.org\/{rel}","templated":true}]}}