{"id":729,"date":"2024-12-18T05:14:34","date_gmt":"2024-12-18T05:14:34","guid":{"rendered":"https:\/\/fmp-components.com\/?page_id=8"},"modified":"2024-12-18T05:27:01","modified_gmt":"2024-12-18T05:27:01","slug":"hydraulic-cylinder-for-empty-container-stacker","status":"publish","type":"product","link":"https:\/\/fmp-components.com\/sl\/product\/hydraulic-cylinder-for-empty-container-stacker\/","title":{"rendered":"Hidravli\u010dni cilinder za zlaganje praznih kontejnerjev"},"content":{"rendered":"<p style=\"text-align: center;\"><span style=\"font-size: 18pt;\">Hidravli\u010dni cilinder za zlaganje praznih kontejnerjev<\/span><\/p>\n<p>Hidravli\u010dni cilinder za zlaganje praznih kontejnerjev je bistvena komponenta, zasnovana za pove\u010danje u\u010dinkovitosti in delovanja opreme za ravnanje s kontejnerji v logisti\u010dnih in ladjarskih operacijah. Ta hidravli\u010dni cilinder zagotavlja potrebno silo za natan\u010dno dvigovanje, spu\u0161\u010danje in manevriranje praznih kontejnerjev, kar zagotavlja varno zlaganje in prevzem v prometnih pristani\u0161kih in skladi\u0161\u010dnih okoljih.<\/p>\n<p><img loading=\"lazy\" decoding=\"async\" class=\"alignnone  wp-image-742\" src=\"https:\/\/fmp-components.com\/wp-content\/uploads\/2024\/12\/Empty-Container-Stacker-Tilt-Cylinder2.webp\" alt=\"Nagibni valj za zlaganje praznih kontejnerjev2\" width=\"940\" height=\"314\" title=\"\" srcset=\"https:\/\/fmp-components.com\/wp-content\/uploads\/2024\/12\/Empty-Container-Stacker-Tilt-Cylinder2.webp 940w, https:\/\/fmp-components.com\/wp-content\/uploads\/2024\/12\/Empty-Container-Stacker-Tilt-Cylinder2-480x160.webp 480w\" sizes=\"(min-width: 0px) and (max-width: 480px) 480px, (min-width: 481px) 940px, 100vw\" \/><\/p>\n<h4>Klju\u010dne lastnosti:<\/h4>\n<ul>\n<li><strong>Visoka nosilnost:<\/strong> Ta hidravli\u010dni cilinder, zasnovan za dvigovanje znatnih bremen, zagotavlja stabilnost in varnost med dvigovanjem in zlaganjem praznih zabojnikov.<\/li>\n<li><strong>Robustna konstrukcija:<\/strong> Izdelan je iz visoko trdnih materialov in zasnovan tako, da prenese zahtevne pogoje, zna\u010dilne za ravnanje s kontejnerji, kar zagotavlja vzdr\u017eljivost in dolgotrajno delovanje.<\/li>\n<li><strong>Gladko delovanje:<\/strong> Napredna hidravli\u010dna zasnova omogo\u010da gladke in nadzorovane gibe, kar zmanj\u0161uje obrabo opreme in pove\u010duje operativno u\u010dinkovitost.<\/li>\n<li><strong>Vsestranska uporaba:<\/strong> Ta valj, primeren za razli\u010dne vrste vili\u010darjev za prazne kontejnerje, se prilagaja razli\u010dnim operativnim potrebam, zaradi \u010desar je idealen za razli\u010dne logisti\u010dne scenarije.<\/li>\n<li><strong>Nizke zahteve glede vzdr\u017eevanja:<\/strong> Zasnovan za zanesljivost z minimalnimi potrebami po vzdr\u017eevanju, zmanj\u0161uje izpade in obratovalne stro\u0161ke, kar prispeva k ve\u010dji produktivnosti.<\/li>\n<li><strong>Varnostne funkcije:<\/strong> Vgrajeni varnostni mehanizmi prepre\u010dujejo nenamerno aktiviranje in zagotavljajo varno rokovanje med delovanjem.<\/li>\n<\/ul>\n<p>Hidravli\u010dni cilinder za zlagalnik praznih kontejnerjev je nepogre\u0161ljiv za optimizacijo delovanja opreme za ravnanje s kontejnerji, saj znatno izbolj\u0161a u\u010dinkovitost in varnost delovanja v pristani\u0161\u010dih in skladi\u0161\u010dih.<\/p>\n<h2>Nagibni valj za zlaganje praznih kontejnerjev<\/h2>\n<p>Nagibni cilinder za zlaganje praznih kontejnerjev je klju\u010dna hidravli\u010dna komponenta, zasnovana za omogo\u010danje nagibanja praznih kontejnerjev med ravnanjem in zlaganjem. Ta cilinder zagotavlja potrebno silo za nagibanje zlagalnika, kar zagotavlja natan\u010dno pozicioniranje in poravnavo kontejnerjev za u\u010dinkovito nakladanje in razkladanje. Izdelan je iz visoko trdnih materialov in je zasnovan tako, da prenese zahtevne pogoje v okoljih za ravnanje s kontejnerji, saj ponuja vzdr\u017eljivost in zanesljivost. Gladko hidravli\u010dno delovanje omogo\u010da hitre in natan\u010dne nastavitve, kar pove\u010duje splo\u0161no operativno u\u010dinkovitost in varnost. Ta nagibni cilinder je bistvenega pomena za optimizacijo delovanja zlagalnikov praznih kontejnerjev, kar znatno izbolj\u0161a logistiko in upravljanje prostora v pristani\u0161\u010dih in skladi\u0161\u010dih.<\/p>\n<p><img loading=\"lazy\" decoding=\"async\" class=\"size-full wp-image-735 aligncenter\" src=\"https:\/\/fmp-components.com\/wp-content\/uploads\/2024\/12\/Empty-Container-Stacker-Tilt-Cylinder.webp\" alt=\"Nagibni valj za zlaganje praznih kontejnerjev\" width=\"500\" height=\"200\" title=\"\" srcset=\"https:\/\/fmp-components.com\/wp-content\/uploads\/2024\/12\/Empty-Container-Stacker-Tilt-Cylinder.webp 500w, https:\/\/fmp-components.com\/wp-content\/uploads\/2024\/12\/Empty-Container-Stacker-Tilt-Cylinder-480x192.webp 480w\" sizes=\"(min-width: 0px) and (max-width: 480px) 480px, (min-width: 481px) 500px, 100vw\" \/><\/p>\n<table style=\"width: 101.069%; height: 196px;\" border=\"1\" cellspacing=\"0\" cellpadding=\"0\">\n<tbody>\n<tr>\n<td>Ime izdelka<\/td>\n<td>Nagibni valj za zlaganje praznih kontejnerjev<\/td>\n<\/tr>\n<tr>\n<td>Zna\u010dilnosti:<\/td>\n<td>Zavedajte se sprednjega in zadnjega nagiba jambora<\/td>\n<\/tr>\n<tr>\n<td>Premer izvrtine:<\/td>\n<td>100 mm\uff5e220 mm<\/td>\n<\/tr>\n<tr>\n<td>Premer palice:<\/td>\n<td>60 mm\uff5e140 mm<br \/>\nHod \u2264 1000 mm<\/td>\n<\/tr>\n<tr>\n<td>Tlak:<\/td>\n<td>Najve\u010d 30 MPa<\/td>\n<\/tr>\n<tr>\n<td>Uporaba:<\/td>\n<td>Zlagalnik praznih kontejnerjev<\/td>\n<\/tr>\n<\/tbody>\n<\/table>\n<h2><\/h2>\n<h2><img loading=\"lazy\" decoding=\"async\" class=\"alignnone size-full wp-image-741\" src=\"https:\/\/fmp-components.com\/wp-content\/uploads\/2024\/12\/Empty-Container-Stacker-Tilt-Cylinder-1.webp\" alt=\"Nagibni valj za zlaganje praznih kontejnerjev\" width=\"852\" height=\"431\" title=\"\" srcset=\"https:\/\/fmp-components.com\/wp-content\/uploads\/2024\/12\/Empty-Container-Stacker-Tilt-Cylinder-1.webp 852w, https:\/\/fmp-components.com\/wp-content\/uploads\/2024\/12\/Empty-Container-Stacker-Tilt-Cylinder-1-480x243.webp 480w\" sizes=\"(min-width: 0px) and (max-width: 480px) 480px, (min-width: 481px) 852px, 100vw\" \/>Dvi\u017eni valj za zlaganje praznih kontejnerjev<\/h2>\n<p>Dvi\u017eni valj za zlaganje praznih kontejnerjev je klju\u010dna hidravli\u010dna komponenta, zasnovana za zagotavljanje potrebne sile za dvigovanje in spu\u0161\u010danje praznih kontejnerjev med manipulacijo. Ta valj omogo\u010da natan\u010dno gibanje, kar operaterjem omogo\u010da u\u010dinkovito in varno zlaganje kontejnerjev na razli\u010dnih vi\u0161inah. Izdelan je iz visoko trdnih materialov in je zasnovan tako, da prenese zahtevne pogoje v okoljih za ravnanje s kontejnerji, kar zagotavlja dolgotrajno vzdr\u017eljivost in zanesljivost. Gladko hidravli\u010dno delovanje omogo\u010da hitre in natan\u010dne nastavitve, kar pove\u010duje operativno u\u010dinkovitost in varnost. Ta dvi\u017eni valj je bistvenega pomena za optimizacijo delovanja zlagalnikov praznih kontejnerjev, saj pomembno prispeva k u\u010dinkovitemu upravljanju prostora in logistiki v pristani\u0161\u010dih in skladi\u0161\u010dih.<\/p>\n<p><img loading=\"lazy\" decoding=\"async\" class=\"size-full wp-image-732 aligncenter\" src=\"https:\/\/fmp-components.com\/wp-content\/uploads\/2024\/12\/Empty-Container-Stacker-Lifting-Cylinder.webp\" alt=\"Dvi\u017eni valj za zlaganje praznih kontejnerjev\" width=\"500\" height=\"200\" title=\"\" srcset=\"https:\/\/fmp-components.com\/wp-content\/uploads\/2024\/12\/Empty-Container-Stacker-Lifting-Cylinder.webp 500w, https:\/\/fmp-components.com\/wp-content\/uploads\/2024\/12\/Empty-Container-Stacker-Lifting-Cylinder-480x192.webp 480w\" sizes=\"(min-width: 0px) and (max-width: 480px) 480px, (min-width: 481px) 500px, 100vw\" \/><\/p>\n<table style=\"width: 99.8819%; height: 234px;\" border=\"1\" cellspacing=\"0\" cellpadding=\"0\">\n<tbody>\n<tr style=\"height: 23px;\">\n<td style=\"height: 23px; width: 15.2961%;\">Ime izdelka<\/td>\n<td style=\"height: 23px; width: 84.375%;\">Dvi\u017eni valj za zlaganje praznih kontejnerjev<\/td>\n<\/tr>\n<tr style=\"height: 47px;\">\n<td style=\"height: 47px; width: 15.2961%;\">Zna\u010dilnosti:<\/td>\n<td style=\"height: 47px; width: 84.375%;\">Zavedajte se gibanja priklju\u010dkov navzgor in navzdol, glavne gonilne sile za dvigovanje<\/td>\n<\/tr>\n<tr style=\"height: 47px;\">\n<td style=\"height: 47px; width: 15.2961%;\">Premer izvrtine:<\/td>\n<td style=\"height: 47px; width: 84.375%;\">85 mm\uff5e220 mm<\/td>\n<\/tr>\n<tr style=\"height: 47px;\">\n<td style=\"height: 47px; width: 15.2961%;\">Premer palice:<\/td>\n<td style=\"height: 47px; width: 84.375%;\">6 mm\uff5e180 mm<br \/>\nHod \u2264 9500 mm<\/td>\n<\/tr>\n<tr style=\"height: 23px;\">\n<td style=\"height: 23px; width: 15.2961%;\">Tlak:<\/td>\n<td style=\"height: 23px; width: 84.375%;\">Najve\u010d 25 MPa<\/td>\n<\/tr>\n<tr style=\"height: 23px;\">\n<td style=\"height: 23px; width: 15.2961%;\">Uporaba:<\/td>\n<td style=\"height: 23px; width: 84.375%;\">Zlagalnik praznih kontejnerjev<\/td>\n<\/tr>\n<\/tbody>\n<\/table>\n<h2><\/h2>\n<h2><img loading=\"lazy\" decoding=\"async\" class=\"alignnone size-full wp-image-737\" src=\"https:\/\/fmp-components.com\/wp-content\/uploads\/2024\/12\/Empty-Container-Stacker-Lifting-Cylinder-1.webp\" alt=\"Dvi\u017eni valj za zlaganje praznih kontejnerjev\" width=\"829\" height=\"426\" title=\"\" srcset=\"https:\/\/fmp-components.com\/wp-content\/uploads\/2024\/12\/Empty-Container-Stacker-Lifting-Cylinder-1.webp 829w, https:\/\/fmp-components.com\/wp-content\/uploads\/2024\/12\/Empty-Container-Stacker-Lifting-Cylinder-1-480x247.webp 480w\" sizes=\"(min-width: 0px) and (max-width: 480px) 480px, (min-width: 481px) 829px, 100vw\" \/><\/h2>\n<p><img loading=\"lazy\" decoding=\"async\" class=\"alignnone wp-image-738\" src=\"https:\/\/fmp-components.com\/wp-content\/uploads\/2024\/12\/Empty-Container-Stacker-Lifting-Cylinder2.webp\" alt=\"Dvi\u017eni valj za zlaganje praznih kontejnerjev2\" width=\"866\" height=\"272\" title=\"\" srcset=\"https:\/\/fmp-components.com\/wp-content\/uploads\/2024\/12\/Empty-Container-Stacker-Lifting-Cylinder2.webp 866w, https:\/\/fmp-components.com\/wp-content\/uploads\/2024\/12\/Empty-Container-Stacker-Lifting-Cylinder2-480x151.webp 480w\" sizes=\"(min-width: 0px) and (max-width: 480px) 480px, (min-width: 481px) 866px, 100vw\" \/><\/p>\n<h2>Krmilni valj za zlaganje praznih kontejnerjev<\/h2>\n<p>Krmilni valj za zlaganje praznih kontejnerjev je klju\u010dna hidravli\u010dna komponenta, zasnovana za la\u017eje krmiljenje in manevriranje zlagalnikov praznih kontejnerjev. Ta valj zagotavlja potrebno silo za nadzor smeri zlagalnika, kar omogo\u010da natan\u010dno navigacijo v tesnih prostorih in prometnih operativnih okoljih. Izdelan je iz visoko trdnih materialov in je zasnovan tako, da prenese stroge zahteve ravnanja s kontejnerji, kar zagotavlja vzdr\u017eljivost in zanesljivost. Gladko hidravli\u010dno delovanje omogo\u010da odzivno prilagajanje krmiljenja, kar pove\u010duje splo\u0161no operativno u\u010dinkovitost in varnost. Ta krmilni valj je bistvenega pomena za optimizacijo delovanja zlagalnikov praznih kontejnerjev, kar znatno izbolj\u0161a logistiko in potek dela v pristani\u0161\u010dih in skladi\u0161\u010dih.<\/p>\n<p><img loading=\"lazy\" decoding=\"async\" class=\"size-full wp-image-734 aligncenter\" src=\"https:\/\/fmp-components.com\/wp-content\/uploads\/2024\/12\/Empty-Container-Stacker-Steering-Cylinder.webp\" alt=\"Krmilni valj za zlaganje praznih kontejnerjev\" width=\"500\" height=\"200\" title=\"\" srcset=\"https:\/\/fmp-components.com\/wp-content\/uploads\/2024\/12\/Empty-Container-Stacker-Steering-Cylinder.webp 500w, https:\/\/fmp-components.com\/wp-content\/uploads\/2024\/12\/Empty-Container-Stacker-Steering-Cylinder-480x192.webp 480w\" sizes=\"(min-width: 0px) and (max-width: 480px) 480px, (min-width: 481px) 500px, 100vw\" \/><\/p>\n<table style=\"width: 97.2857%; height: 162px;\" border=\"1\" cellspacing=\"0\" cellpadding=\"0\">\n<tbody>\n<tr style=\"height: 23px;\">\n<td style=\"height: 23px;\">Ime izdelka<\/td>\n<td style=\"height: 23px;\">Krmilni valj za zlaganje praznih kontejnerjev<\/td>\n<\/tr>\n<tr style=\"height: 23px;\">\n<td style=\"height: 23px;\">Zna\u010dilnosti:<\/td>\n<td style=\"height: 23px;\">Prilagodite smer pnevmatik vili\u010darja<\/td>\n<\/tr>\n<tr style=\"height: 23px;\">\n<td style=\"height: 23px;\">Premer izvrtine:<\/td>\n<td style=\"height: 23px;\">80 mm\uff5e200 mm<\/td>\n<\/tr>\n<tr style=\"height: 47px;\">\n<td style=\"height: 47px;\">Premer palice:<\/td>\n<td style=\"height: 47px;\">60 mm\uff5e100 mm<br \/>\nHod \u2264 9500 mm<\/td>\n<\/tr>\n<tr style=\"height: 23px;\">\n<td style=\"height: 23px;\">Tlak:<\/td>\n<td style=\"height: 23px;\">Najve\u010d 25 MPa<\/td>\n<\/tr>\n<tr style=\"height: 23px;\">\n<td style=\"height: 23px;\">Uporaba:<\/td>\n<td style=\"height: 23px;\">Zlagalnik praznih kontejnerjev<\/td>\n<\/tr>\n<\/tbody>\n<\/table>\n<h2><\/h2>\n<h2><img loading=\"lazy\" decoding=\"async\" class=\"alignnone size-full wp-image-739\" src=\"https:\/\/fmp-components.com\/wp-content\/uploads\/2024\/12\/Empty-Container-Stacker-Steering-Cylinder-1.webp\" alt=\"Krmilni valj za zlaganje praznih kontejnerjev\" width=\"846\" height=\"433\" title=\"\" srcset=\"https:\/\/fmp-components.com\/wp-content\/uploads\/2024\/12\/Empty-Container-Stacker-Steering-Cylinder-1.webp 846w, https:\/\/fmp-components.com\/wp-content\/uploads\/2024\/12\/Empty-Container-Stacker-Steering-Cylinder-1-480x246.webp 480w\" sizes=\"(min-width: 0px) and (max-width: 480px) 480px, (min-width: 481px) 846px, 100vw\" \/><\/h2>\n<h2>Stranski pomi\u010dni valj za zlaganje praznih zabojnikov<\/h2>\n<p>Bo\u010dni pomi\u010dni valj zlagalnika praznih kontejnerjev je klju\u010dna hidravli\u010dna komponenta, zasnovana za omogo\u010danje bo\u010dnega premikanja zlagalnika kontejnerjev, kar omogo\u010da natan\u010dno pozicioniranje praznih kontejnerjev. Ta valj zagotavlja potrebno silo za bo\u010dni premik zlagalnika, kar omogo\u010da u\u010dinkovito nakladanje in razkladanje v tesnih prostorih. Izdelan je iz visoko trdnih materialov in je zasnovan tako, da prenese zahtevne pogoje v okoljih za ravnanje s kontejnerji, kar zagotavlja vzdr\u017eljivost in zanesljivost. Gladko hidravli\u010dno delovanje omogo\u010da hitre in natan\u010dne stranske premike, kar pove\u010duje operativno u\u010dinkovitost in varnost. Ta bo\u010dni pomi\u010dni valj je bistvenega pomena za optimizacijo delovanja zlagalnikov praznih kontejnerjev, kar znatno izbolj\u0161a logistiko in upravljanje prostora v pristani\u0161\u010dih in skladi\u0161\u010dih.<\/p>\n<p><img loading=\"lazy\" decoding=\"async\" class=\"size-full wp-image-733 aligncenter\" src=\"https:\/\/fmp-components.com\/wp-content\/uploads\/2024\/12\/Empty-Container-Stacker-Side-Shift-Cylinder.webp\" alt=\"Stranski pomi\u010dni valj za zlaganje praznih zabojnikov\" width=\"500\" height=\"200\" title=\"\" srcset=\"https:\/\/fmp-components.com\/wp-content\/uploads\/2024\/12\/Empty-Container-Stacker-Side-Shift-Cylinder.webp 500w, https:\/\/fmp-components.com\/wp-content\/uploads\/2024\/12\/Empty-Container-Stacker-Side-Shift-Cylinder-480x192.webp 480w\" sizes=\"(min-width: 0px) and (max-width: 480px) 480px, (min-width: 481px) 500px, 100vw\" \/><\/p>\n<table style=\"width: 97.1765%; height: 224px;\" border=\"1\" cellspacing=\"0\" cellpadding=\"0\">\n<tbody>\n<tr>\n<td style=\"width: 22.3022%;\">Ime izdelka<\/td>\n<td style=\"width: 77.9376%;\">Stranski pomi\u010dni valj za zlaganje praznih zabojnikov<\/td>\n<\/tr>\n<tr>\n<td style=\"width: 22.3022%;\">Zna\u010dilnosti:<\/td>\n<td style=\"width: 77.9376%;\">Zavedajte se premika priklju\u010dka v levo in desno<\/td>\n<\/tr>\n<tr>\n<td style=\"width: 22.3022%;\">Premer izvrtine:<\/td>\n<td style=\"width: 77.9376%;\">80 mm\uff5e120 mm<\/td>\n<\/tr>\n<tr>\n<td style=\"width: 22.3022%;\">Premer palice:<\/td>\n<td style=\"width: 77.9376%;\">50 mm\uff5e65 mm<br \/>\nHod \u22641500 mm<\/td>\n<\/tr>\n<tr>\n<td style=\"width: 22.3022%;\">Tlak:<\/td>\n<td style=\"width: 77.9376%;\">Najve\u010d 25 MPa<\/td>\n<\/tr>\n<tr>\n<td style=\"width: 22.3022%;\">Uporaba:<\/td>\n<td style=\"width: 77.9376%;\">Zlagalnik praznih kontejnerjev<\/td>\n<\/tr>\n<\/tbody>\n<\/table>\n<h2><\/h2>\n<h2><img loading=\"lazy\" decoding=\"async\" class=\"alignnone size-full wp-image-740\" src=\"https:\/\/fmp-components.com\/wp-content\/uploads\/2024\/12\/Empty-Container-Stacker-Steering-Cylinder2.webp\" alt=\"Krmilni valj za zlaganje praznih kontejnerjev2\" width=\"844\" height=\"429\" title=\"\" srcset=\"https:\/\/fmp-components.com\/wp-content\/uploads\/2024\/12\/Empty-Container-Stacker-Steering-Cylinder2.webp 844w, https:\/\/fmp-components.com\/wp-content\/uploads\/2024\/12\/Empty-Container-Stacker-Steering-Cylinder2-480x244.webp 480w\" sizes=\"(min-width: 0px) and (max-width: 480px) 480px, (min-width: 481px) 844px, 100vw\" \/><\/h2>\n<h2>Prednosti hidravli\u010dnega cilindra za zlaganje praznih kontejnerjev<\/h2>\n<p>Hidravli\u010dni cilinder za zlaganje praznih kontejnerjev je zasnovan za prena\u0161anje znatnih te\u017e, kar je klju\u010dnega pomena za zagotavljanje varnega in u\u010dinkovitega dvigovanja in zlaganja praznih kontejnerjev. Njegova visoka nosilnost omogo\u010da upravljavcem samozavestno upravljanje te\u017ekih kontejnerjev, kar zmanj\u0161uje tveganje za nesre\u010de in pove\u010duje splo\u0161no produktivnost.<\/p>\n<p>Ta hidravli\u010dni cilinder zagotavlja tudi natan\u010den nadzor, ki omogo\u010da natan\u010dne premike za dvigovanje, spu\u0161\u010danje in nagibanje. Tak\u0161na natan\u010dnost je bistvenega pomena v prometnih logisti\u010dnih okoljih, kjer sta u\u010dinkovitost in varnost najpomembnej\u0161i. Ker operaterjem omogo\u010da natan\u010dno pozicioniranje kontejnerjev, znatno izbolj\u0161a operativne poteke dela.<\/p>\n<p>Jeklenka, izdelana iz robustnih, visoko trdnih materialov, je zasnovana tako, da prenese zahtevne pogoje, zna\u010dilne za okolja, kjer se ravna s kontejnerji. Ta vzdr\u017eljivost zagotavlja, da lahko jeklenka prenese te\u017eke vsakodnevne operacije in zagotavlja zanesljivo delovanje skozi \u010das.<\/p>\n<p><img loading=\"lazy\" decoding=\"async\" class=\"alignnone size-full wp-image-748\" src=\"https:\/\/fmp-components.com\/wp-content\/uploads\/2024\/12\/Choose-the-Right-Empty-Container-Stacker-Steering-Cylinder.webp\" alt=\"Izberite pravi krmilni valj za zlaganje praznih kontejnerjev\" width=\"1024\" height=\"696\" title=\"\" srcset=\"https:\/\/fmp-components.com\/wp-content\/uploads\/2024\/12\/Choose-the-Right-Empty-Container-Stacker-Steering-Cylinder.webp 1024w, https:\/\/fmp-components.com\/wp-content\/uploads\/2024\/12\/Choose-the-Right-Empty-Container-Stacker-Steering-Cylinder-980x666.webp 980w, https:\/\/fmp-components.com\/wp-content\/uploads\/2024\/12\/Choose-the-Right-Empty-Container-Stacker-Steering-Cylinder-480x326.webp 480w\" sizes=\"(min-width: 0px) and (max-width: 480px) 480px, (min-width: 481px) and (max-width: 980px) 980px, (min-width: 981px) 1024px, 100vw\" \/><\/p>\n<p>Napredna hidravli\u010dna zasnova cilindra omogo\u010da nemoteno delovanje, kar ima za posledico u\u010dinkovite gibe, ki zmanj\u0161ujejo obrabo tako samega cilindra kot tudi pripadajo\u010de opreme. Ta u\u010dinkovitost ne le podalj\u0161a \u017eivljenjsko dobo stroja, temve\u010d prispeva tudi k ni\u017ejim stro\u0161kom vzdr\u017eevanja.<\/p>\n<p>Vsestranskost je \u0161e ena klju\u010dna prednost, saj je ta hidravli\u010dni cilinder primeren za razli\u010dne vrste vili\u010darjev za prazne kontejnerje. Zaradi prilagodljivosti je idealen za razli\u010dne operativne potrebe in okolja, kar omogo\u010da brezhibno integracijo v obstoje\u010de sisteme.<\/p>\n<p>Poleg tega je valj zasnovan tako, da zahteva malo vzdr\u017eevanja, kar pomaga zmanj\u0161ati \u010das izpada delovanja. Z minimalno obrabo omogo\u010da neprekinjeno delovanje in s tem pove\u010duje splo\u0161no produktivnost v logisti\u010dnih in ladjarskih operacijah.<\/p>\n<p>Varnost je izbolj\u0161ana z vgradnjo varnostnih mehanizmov, ki prepre\u010dujejo nenamerno aktivacijo in zagotavljajo varno rokovanje med delovanjem. Ta poudarek na varnosti je klju\u010dnega pomena v okoljih z visokim tveganjem, kot so pristani\u0161\u010da in skladi\u0161\u010da.<\/p>\n<p>Poleg tega je jeklenka obdelana tako, da je odporna proti koroziji zaradi okoljskih dejavnikov, kar podalj\u0161a njeno \u017eivljenjsko dobo in zanesljivost. Ta odpornost proti koroziji je \u0161e posebej pomembna v pomorskih in industrijskih okoljih, kjer je izpostavljenost te\u017ekim razmeram pogosta.<\/p>\n<p>Hidravli\u010dni cilinder omogo\u010da tudi hiter odziv, kar omogo\u010da hitre prilagoditve med nakladanjem in razkladanjem. Ta agilnost izbolj\u0161a operativno u\u010dinkovitost, kar omogo\u010da kraj\u0161e \u010dase obdelave in bolj teko\u010de delovne procese.<\/p>\n<p>Kon\u010dno, z optimizacijo upravljanja prostora v pristani\u0161\u010dih in skladi\u0161\u010dih ta hidravli\u010dni cilinder prispeva k u\u010dinkovitej\u0161i organizaciji in ravnanju s praznimi kontejnerji. Ta izbolj\u0161ana logisti\u010dna zmogljivost pove\u010duje splo\u0161no u\u010dinkovitost pri operacijah s kontejnerji, zaradi \u010desar je hidravli\u010dni cilinder bistvena komponenta za delovanje in zanesljivost zlagalnikov praznih kontejnerjev v logisti\u010dni in ladijski industriji.<\/p>\n<p><img loading=\"lazy\" decoding=\"async\" class=\"alignnone size-full wp-image-747\" src=\"https:\/\/fmp-components.com\/wp-content\/uploads\/2024\/12\/Empty-Container-Stacker-Side-Shift-Cylinder-1.webp\" alt=\"Stranski premi\u010dni valj zlagalnika praznih zabojnikov\" width=\"1000\" height=\"501\" title=\"\" srcset=\"https:\/\/fmp-components.com\/wp-content\/uploads\/2024\/12\/Empty-Container-Stacker-Side-Shift-Cylinder-1.webp 1000w, https:\/\/fmp-components.com\/wp-content\/uploads\/2024\/12\/Empty-Container-Stacker-Side-Shift-Cylinder-1-980x491.webp 980w, https:\/\/fmp-components.com\/wp-content\/uploads\/2024\/12\/Empty-Container-Stacker-Side-Shift-Cylinder-1-480x240.webp 480w\" sizes=\"(min-width: 0px) and (max-width: 480px) 480px, (min-width: 481px) and (max-width: 980px) 980px, (min-width: 981px) 1000px, 100vw\" \/><\/p>\n<h3>O FMP-ju<\/h3>\n<p>FMP je specializirano podjetje za mehansko proizvodnjo, ki se ukvarja s proizvodnjo hidravli\u010dnih cilindrov. Podjetje se \u017ee od ustanovitve osredoto\u010da na raziskave in proizvodnjo hidravli\u010dne tehnologije ter uspe\u0161no prehaja iz raznolike ponudbe izdelkov, ki je vklju\u010devala stroje za \u017eetev in gradbeni\u0161tvo, v specializacijo za komponente kmetijskih traktorjev. Z ve\u010d kot desetletjem izku\u0161enj v proizvodnji in upravljanju FMP zagotavlja visokokakovostne izdelke z naprednimi proizvodnimi tehnikami.<\/p>\n<p>Z razvojem podjetja je razvilo celovito proizvodno linijo za strojno obdelavo, monta\u017eno linijo in linijo za nana\u0161anje premazov. Na\u0161o ekipo sestavljajo usposobljeno vodstveno osebje, izku\u0161eni strojni oblikovalci in visoko usposobljeni tehniki, ki skupaj ohranjajo stabilno kakovost proizvodnje, hkrati pa u\u010dinkovito nadzorujejo neprekinjenost in u\u010dinkovitost procesov.<\/p>\n<p>FMP se dr\u017ei filozofije \u00bbTehnolo\u0161ke inovacije spodbujajo napredek, kakovost ustvarja blagovne znamke, obrtni\u0161ka spretnost zagotavlja kakovost in gradi dolgoro\u010dne odnose, v katere vsi pridobijo\u00ab. Na\u0161a zavezanost zagotavljanju visokokakovostnih izdelkov in vrhunski storitvi za stranke ostaja osrednji cilj, saj \u0161e naprej zadovoljujemo spreminjajo\u010de se potrebe trga.<\/p>\n<p><img loading=\"lazy\" decoding=\"async\" class=\"alignnone size-full wp-image-426\" src=\"https:\/\/fmp-components.com\/wp-content\/uploads\/2024\/12\/Sanitation-Machinery-Locking-Hydraulic-Cylinder-factory.webp\" sizes=\"(min-width: 0px) and (max-width: 480px) 480px, (min-width: 481px) and (max-width: 980px) 980px, (min-width: 981px) and (max-width: 1280px) 1280px, (min-width: 1281px) 1414px, 100vw\" srcset=\"https:\/\/fmp-components.com\/wp-content\/uploads\/2024\/12\/Sanitation-Machinery-Locking-Hydraulic-Cylinder-factory.webp 1414w, https:\/\/fmp-components.com\/wp-content\/uploads\/2024\/12\/Sanitation-Machinery-Locking-Hydraulic-Cylinder-factory-1280x529.webp 1280w, https:\/\/fmp-components.com\/wp-content\/uploads\/2024\/12\/Sanitation-Machinery-Locking-Hydraulic-Cylinder-factory-980x405.webp 980w, https:\/\/fmp-components.com\/wp-content\/uploads\/2024\/12\/Sanitation-Machinery-Locking-Hydraulic-Cylinder-factory-480x198.webp 480w\" alt=\"Tovarna sanitarnih strojev za zaklepanje hidravli\u010dnih valjev\" width=\"1414\" height=\"584\" title=\"\"><\/p>\n<p>Avtor: CX<\/p>","protected":false},"excerpt":{"rendered":"<p>Hidravli\u010dni cilinder za zlagalnik praznih kontejnerjev je klju\u010dna komponenta, zasnovana za u\u010dinkovito ravnanje in zlaganje praznih kontejnerjev v logisti\u010dnih in ladjarskih operacijah. Ta hidravli\u010dni cilinder zagotavlja potrebno silo za natan\u010dno dvigovanje, spu\u0161\u010danje in manevriranje kontejnerjev, kar zagotavlja varno in u\u010dinkovito zlaganje in prevzem. Izdelan je iz visoko trdnih materialov in je zasnovan tako, da prenese zahtevne pogoje v okoljih za ravnanje s kontejnerji, kar zagotavlja vzdr\u017eljivost in zanesljivost. Gladko hidravli\u010dno delovanje omogo\u010da hitro prilagajanje in izbolj\u0161uje splo\u0161no operativno u\u010dinkovitost. Ta hidravli\u010dni cilinder je bistvenega pomena za optimizacijo delovanja zlagalnikov praznih kontejnerjev, saj znatno prispeva k poenostavljenemu delovanju pristani\u0161\u010d in skladi\u0161\u010d.<\/p>","protected":false},"featured_media":736,"comment_status":"open","ping_status":"closed","template":"","meta":{"_et_pb_use_builder":"","_et_pb_old_content":"","_et_gb_content_width":""},"product_brand":[],"product_cat":[28],"product_tag":[],"class_list":{"0":"post-729","1":"product","2":"type-product","3":"status-publish","4":"has-post-thumbnail","6":"product_cat-offshore-hydraulic-cylinders","8":"first","9":"instock","10":"shipping-taxable","11":"product-type-simple"},"_links":{"self":[{"href":"https:\/\/fmp-components.com\/sl\/wp-json\/wp\/v2\/product\/729","targetHints":{"allow":["GET"]}}],"collection":[{"href":"https:\/\/fmp-components.com\/sl\/wp-json\/wp\/v2\/product"}],"about":[{"href":"https:\/\/fmp-components.com\/sl\/wp-json\/wp\/v2\/types\/product"}],"replies":[{"embeddable":true,"href":"https:\/\/fmp-components.com\/sl\/wp-json\/wp\/v2\/comments?post=729"}],"wp:featuredmedia":[{"embeddable":true,"href":"https:\/\/fmp-components.com\/sl\/wp-json\/wp\/v2\/media\/736"}],"wp:attachment":[{"href":"https:\/\/fmp-components.com\/sl\/wp-json\/wp\/v2\/media?parent=729"}],"wp:term":[{"taxonomy":"product_brand","embeddable":true,"href":"https:\/\/fmp-components.com\/sl\/wp-json\/wp\/v2\/product_brand?post=729"},{"taxonomy":"product_cat","embeddable":true,"href":"https:\/\/fmp-components.com\/sl\/wp-json\/wp\/v2\/product_cat?post=729"},{"taxonomy":"product_tag","embeddable":true,"href":"https:\/\/fmp-components.com\/sl\/wp-json\/wp\/v2\/product_tag?post=729"}],"curies":[{"name":"delovni list","href":"https:\/\/api.w.org\/{rel}","templated":true}]}}