{"id":7243,"date":"2025-03-21T01:45:53","date_gmt":"2025-03-21T01:45:53","guid":{"rendered":"https:\/\/fmp-components.com\/?post_type=product&#038;p=7243"},"modified":"2025-04-05T06:52:39","modified_gmt":"2025-04-05T06:52:39","slug":"plastic-worm-gears","status":"publish","type":"product","link":"https:\/\/fmp-components.com\/sl\/product\/plastic-worm-gears\/","title":{"rendered":"Plasti\u010dni pol\u017easti zobniki"},"content":{"rendered":"<h2>Plasti\u010dni pol\u017easti zobniki: Trpe\u017ene, prilagodljive re\u0161itve podjetja FMP<\/h2>\n<p class=\"break-words\">Plasti\u010dni pol\u017easti zobniki so klju\u010dni sestavni deli sodobnih strojev, saj ponujajo edinstveno kombinacijo vzdr\u017eljivosti, vsestranskosti in u\u010dinkovitosti. V podjetju FMP smo specializirani za proizvodnjo visokokakovostne plastike. <a href=\"https:\/\/fmp-components.com\/sl\/worm-gear-and-worm-shaft-2\/\">pol\u017easti zobniki<\/a> zasnovani za zadovoljevanje raznolikih potreb industrij po vsej Italiji in drugod. Ne glede na to, ali potrebujete standardne modele ali re\u0161itve po meri, vam na\u0161e strokovno znanje zagotavlja zanesljive in prilagojene izdelke.<\/p>\n<p><img loading=\"lazy\" decoding=\"async\" class=\"size-full wp-image-7245 aligncenter\" src=\"https:\/\/fmp-components.com\/wp-content\/uploads\/2025\/03\/plastic-worm-gear-2.webp\" alt=\"plasti\u010dni pol\u017easti zobnik\" width=\"975\" height=\"762\" title=\"\" srcset=\"https:\/\/fmp-components.com\/wp-content\/uploads\/2025\/03\/plastic-worm-gear-2.webp 975w, https:\/\/fmp-components.com\/wp-content\/uploads\/2025\/03\/plastic-worm-gear-2-480x375.webp 480w\" sizes=\"(min-width: 0px) and (max-width: 480px) 480px, (min-width: 481px) 975px, 100vw\" \/><\/p>\n<div>\n<h3>Zakaj izbrati plasti\u010dne pol\u017easte zobnike?<\/h3>\n<p class=\"break-words\">Plasti\u010dni pol\u017easti zobniki imajo izrazite prednosti pred kovinskimi, zaradi \u010desar so priljubljena izbira v razli\u010dnih aplikacijah:<\/p>\n<ul class=\"marker:text-secondary\">\n<li class=\"break-words\"><strong>Lahka zasnova<\/strong>Plasti\u010dni pol\u017easti zobniki so bistveno la\u017eji od kovinskih zobnikov, zato zmanj\u0161ajo te\u017eo strojev in pove\u010dajo energetsko u\u010dinkovitost.<\/li>\n<li class=\"break-words\"><strong>Vzdr\u017eljivost, odporna proti rji<\/strong>Odporne proti koroziji, odli\u010dno delujejo v vla\u017enih ali zahtevnih okoljih, kar zagotavlja dolgotrajno delovanje.<\/li>\n<li class=\"break-words\"><strong>Tiho delovanje<\/strong>Njihovo gladko delovanje zmanj\u0161uje hrup, kar je idealno za aplikacije, ki zahtevajo tiho delovanje, kot so medicinski pripomo\u010dki ali potro\u0161ni\u0161ka elektronika.<\/li>\n<li class=\"break-words\"><strong>Stro\u0161kovno u\u010dinkovita proizvodnja<\/strong>Brizganje omogo\u010da cenovno dostopno, obse\u017eno proizvodnjo brez kompromisov pri kakovosti.<\/li>\n<li class=\"break-words\"><strong>Samomazalne lastnosti<\/strong>Izdelani so iz materialov, kot sta poliacetal (POM) in MC najlon, zato pogosto delujejo brez dodatnega mazanja, kar zmanj\u0161uje potrebe po vzdr\u017eevanju.<\/li>\n<\/ul>\n<p class=\"break-words\">V Italiji panoge, kot so proizvodnja hrane, potro\u0161ni\u0161ka elektronika in proizvodnja medicinske opreme, vse bolj zahtevajo te lastnosti. Lahka in proti rjavenju odporna narava plasti\u010dnih pol\u017eastih zobnikov se popolnoma ujema s potrebami italijanskih podjetij, ki i\u0161\u010dejo u\u010dinkovite in zanesljive re\u0161itve.<\/p>\n<p><img loading=\"lazy\" decoding=\"async\" class=\"size-full wp-image-7247 aligncenter\" src=\"https:\/\/fmp-components.com\/wp-content\/uploads\/2025\/03\/plastic-worm-gear-3.webp\" alt=\"plasti\u010dni pol\u017easti zobnik\" width=\"813\" height=\"473\" title=\"\" srcset=\"https:\/\/fmp-components.com\/wp-content\/uploads\/2025\/03\/plastic-worm-gear-3.webp 813w, https:\/\/fmp-components.com\/wp-content\/uploads\/2025\/03\/plastic-worm-gear-3-480x279.webp 480w\" sizes=\"(min-width: 0px) and (max-width: 480px) 480px, (min-width: 481px) 813px, 100vw\" \/><\/p>\n<h2>Specifikacija<\/h2>\n<table style=\"width: 100%;\" border=\"1\" width=\"100%\" cellspacing=\"0\" cellpadding=\"0\">\n<tbody>\n<tr style=\"height: 15.15pt;\">\n<td style=\"height: 15.15pt; width: 48.00pt;\" align=\"right\" width=\"80\" height=\"25\">\u00a0\u00a0<img loading=\"lazy\" decoding=\"async\" class=\"wp-image-7796 aligncenter\" src=\"https:\/\/fmp-components.com\/wp-content\/uploads\/2025\/03\/plastic-worm-gear-manufacturer.jpg\" alt=\"proizvajalec plasti\u010dnih pol\u017eastih zobnikov\" width=\"448\" height=\"356\" title=\"\" srcset=\"https:\/\/fmp-components.com\/wp-content\/uploads\/2025\/03\/plastic-worm-gear-manufacturer.jpg 195w, https:\/\/fmp-components.com\/wp-content\/uploads\/2025\/03\/plastic-worm-gear-manufacturer-15x12.jpg 15w\" sizes=\"(max-width: 448px) 100vw, 448px\" \/><\/td>\n<td style=\"width: 48.00pt;\" align=\"right\" width=\"80\"><img loading=\"lazy\" decoding=\"async\" class=\"wp-image-7795 aligncenter\" src=\"https:\/\/fmp-components.com\/wp-content\/uploads\/2025\/03\/worm-gear-manufacturer.jpg\" alt=\"specifikacija-plasti\u010dnega-pol\u017eastega-prenosnika\" width=\"488\" height=\"334\" title=\"\" srcset=\"https:\/\/fmp-components.com\/wp-content\/uploads\/2025\/03\/worm-gear-manufacturer.jpg 190w, https:\/\/fmp-components.com\/wp-content\/uploads\/2025\/03\/worm-gear-manufacturer-18x12.jpg 18w\" sizes=\"(max-width: 488px) 100vw, 488px\" \/><\/td>\n<\/tr>\n<tr style=\"height: 15.15pt;\">\n<td class=\"et2\" style=\"height: 15.15pt; width: 48.00pt;\" width=\"80\" height=\"25\">Vrsta<\/td>\n<td class=\"et3\" style=\"width: 48.00pt;\" width=\"80\">\u010crv<\/td>\n<\/tr>\n<tr style=\"height: 29.55pt;\">\n<td class=\"et2\" style=\"height: 29.55pt; width: 48.00pt;\" width=\"80\" height=\"49\">Modul<\/td>\n<td class=\"et3\" style=\"width: 48.00pt;\" width=\"80\">M0,2 \u2013 M2,0<\/td>\n<\/tr>\n<tr style=\"height: 58.35pt;\">\n<td class=\"et2\" style=\"height: 58.35pt; width: 48.00pt;\" width=\"80\" height=\"97\">Material<\/td>\n<td class=\"et3\" style=\"width: 48.00pt;\" width=\"80\">Poliacetal (POM) \/ Najlon<\/td>\n<\/tr>\n<tr style=\"height: 58.35pt;\">\n<td class=\"et2\" style=\"height: 58.35pt; width: 48.00pt;\" width=\"80\" height=\"97\">Izvrtina<\/td>\n<td class=\"et3\" style=\"width: 48.00pt;\" width=\"80\">\u00d81,40 mm\/ \u00d81,90 mm<\/td>\n<\/tr>\n<tr style=\"height: 101.55pt;\">\n<td class=\"et2\" style=\"height: 101.55pt; width: 48.00pt;\" width=\"80\" height=\"169\">Zunanji premer<\/td>\n<td class=\"et3\" style=\"width: 48.00pt;\" width=\"80\">\u00d84,0 mm\/ \u00d85,0 mm\/ \u00d86,0 mm (fleksibilno)<\/td>\n<\/tr>\n<tr style=\"height: 72.75pt;\">\n<td class=\"et2\" style=\"height: 72.75pt; width: 48.00pt;\" width=\"80\" height=\"121\">Dol\u017eina<\/td>\n<td class=\"et3\" style=\"width: 48.00pt;\" width=\"80\">6,0 mm\/ 8,5 mm\/ 10,0 mm (fleksibilno)<\/td>\n<\/tr>\n<\/tbody>\n<\/table>\n<div><\/div>\n<div>\n<table style=\"width: 100%;\" border=\"1\" width=\"100%\" cellspacing=\"0\" cellpadding=\"0\">\n<tbody>\n<tr style=\"height: 15.15pt;\">\n<td class=\"et2\" style=\"height: 15.15pt; width: 96.00pt;\" colspan=\"2\" width=\"160\" height=\"25\"><img loading=\"lazy\" decoding=\"async\" class=\"alignnone wp-image-7797\" src=\"https:\/\/fmp-components.com\/wp-content\/uploads\/2025\/03\/plastic-worm-gear-manufacturer-1.jpg\" alt=\"plasti\u010dni pol\u017easti zobnik\" width=\"938\" height=\"376\" title=\"\" srcset=\"https:\/\/fmp-components.com\/wp-content\/uploads\/2025\/03\/plastic-worm-gear-manufacturer-1.jpg 938w, https:\/\/fmp-components.com\/wp-content\/uploads\/2025\/03\/plastic-worm-gear-manufacturer-1-480x192.jpg 480w\" sizes=\"(min-width: 0px) and (max-width: 480px) 480px, (min-width: 481px) 938px, 100vw\" \/><\/td>\n<\/tr>\n<tr style=\"height: 55.95pt;\">\n<td class=\"et3\" style=\"height: 55.95pt; width: 48.00pt;\" width=\"80\" height=\"93\">Predmet<\/td>\n<td class=\"et4\" style=\"width: 48.00pt;\" width=\"80\">M0.4*30T Zobnik + pol\u017e<\/td>\n<\/tr>\n<tr style=\"height: 28.35pt;\">\n<td class=\"et3\" style=\"height: 28.35pt; width: 48.00pt;\" width=\"80\" height=\"47\">Material<\/td>\n<td class=\"et4\" style=\"width: 48.00pt;\" width=\"80\">TEPCON_M90-10<\/td>\n<\/tr>\n<tr style=\"height: 14.55pt;\">\n<td class=\"et3\" style=\"height: 14.55pt; width: 48.00pt;\" width=\"80\" height=\"24\">Modul<\/td>\n<td class=\"et4\" style=\"width: 48.00pt;\" width=\"80\">M0.4<\/td>\n<\/tr>\n<tr style=\"height: 28.35pt;\">\n<td class=\"et3\" style=\"height: 28.35pt; width: 48.00pt;\" width=\"80\" height=\"47\">\u0160tevilo zob<\/td>\n<td class=\"et4\" style=\"width: 48.00pt;\" width=\"80\">30T \/ 1T<\/td>\n<\/tr>\n<tr style=\"height: 28.35pt;\">\n<td class=\"et3\" style=\"height: 28.35pt; width: 48.00pt;\" width=\"80\" height=\"47\">Te\u017ea<\/td>\n<td class=\"et4\" style=\"width: 48.00pt;\" width=\"80\">0,75 g \/ kos<\/td>\n<\/tr>\n<tr style=\"height: 55.95pt;\">\n<td class=\"et3\" style=\"height: 55.95pt; width: 48.00pt;\" width=\"80\" height=\"93\">Uporaba<\/td>\n<td class=\"et4\" style=\"width: 48.00pt;\" width=\"80\">IP kamera, monitor itd.<\/td>\n<\/tr>\n<\/tbody>\n<\/table>\n<\/div>\n<\/div>\n<table style=\"width: 100%;\" border=\"1\" width=\"100%\" cellspacing=\"0\" cellpadding=\"0\">\n<tbody>\n<tr style=\"height: 15.15pt;\">\n<td class=\"et2\" style=\"height: 15.15pt; width: 96.00pt;\" colspan=\"2\" width=\"160\" height=\"25\"><img loading=\"lazy\" decoding=\"async\" class=\"alignnone wp-image-7798\" src=\"https:\/\/fmp-components.com\/wp-content\/uploads\/2025\/03\/plastic-worm-gear-manufacturer-2.jpg\" alt=\"plasti\u010dni pol\u017easti zobnik\" width=\"930\" height=\"371\" title=\"\" srcset=\"https:\/\/fmp-components.com\/wp-content\/uploads\/2025\/03\/plastic-worm-gear-manufacturer-2.jpg 930w, https:\/\/fmp-components.com\/wp-content\/uploads\/2025\/03\/plastic-worm-gear-manufacturer-2-480x191.jpg 480w\" sizes=\"(min-width: 0px) and (max-width: 480px) 480px, (min-width: 481px) 930px, 100vw\" \/><\/td>\n<\/tr>\n<tr style=\"height: 28.35pt;\">\n<td class=\"et3\" style=\"height: 28.35pt; width: 48.00pt;\" width=\"80\" height=\"47\">Predmet<\/td>\n<td class=\"et4\" style=\"width: 48.00pt;\" width=\"80\">M0.4 RH \u010drv<\/td>\n<\/tr>\n<tr style=\"height: 28.35pt;\">\n<td class=\"et3\" style=\"height: 28.35pt; width: 48.00pt;\" width=\"80\" height=\"47\">Material<\/td>\n<td class=\"et4\" style=\"width: 48.00pt;\" width=\"80\">TEPCON_M90-10<\/td>\n<\/tr>\n<tr style=\"height: 14.55pt;\">\n<td class=\"et3\" style=\"height: 14.55pt; width: 48.00pt;\" width=\"80\" height=\"24\">Modul<\/td>\n<td class=\"et4\" style=\"width: 48.00pt;\" width=\"80\">M0.4<\/td>\n<\/tr>\n<tr style=\"height: 28.35pt;\">\n<td class=\"et3\" style=\"height: 28.35pt; width: 48.00pt;\" width=\"80\" height=\"47\">\u0160tevilo zob<\/td>\n<td class=\"et4\" style=\"width: 48.00pt;\" width=\"80\">1T (desno)<\/td>\n<\/tr>\n<tr style=\"height: 28.35pt;\">\n<td class=\"et3\" style=\"height: 28.35pt; width: 48.00pt;\" width=\"80\" height=\"47\">Te\u017ea<\/td>\n<td class=\"et4\" style=\"width: 48.00pt;\" width=\"80\">0,22 g \/ kos<\/td>\n<\/tr>\n<tr style=\"height: 124.95pt;\">\n<td class=\"et3\" style=\"height: 124.95pt; width: 48.00pt;\" width=\"80\" height=\"208\">Uporaba<\/td>\n<td class=\"et4\" style=\"width: 48.00pt;\" width=\"80\">Uporablja se v menjalniku nastavitve avtomobilskega vzvratnega ogledala.<\/td>\n<\/tr>\n<\/tbody>\n<\/table>\n<div><\/div>\n<div>\n<div>\n<table style=\"width: 100%;\" border=\"1\" width=\"100%\" cellspacing=\"0\" cellpadding=\"0\">\n<tbody>\n<tr style=\"height: 15.15pt;\">\n<td class=\"et2\" style=\"height: 15.15pt; width: 96.00pt;\" colspan=\"2\" width=\"160\" height=\"25\"><img loading=\"lazy\" decoding=\"async\" class=\"wp-image-7794 aligncenter\" src=\"https:\/\/fmp-components.com\/wp-content\/uploads\/2025\/03\/plastic-worm-gear-manufacturer-3.jpg\" alt=\"proizvajalec plasti\u010dnih pol\u017eastih zobnikov\" width=\"960\" height=\"378\" title=\"\" srcset=\"https:\/\/fmp-components.com\/wp-content\/uploads\/2025\/03\/plastic-worm-gear-manufacturer-3.jpg 960w, https:\/\/fmp-components.com\/wp-content\/uploads\/2025\/03\/plastic-worm-gear-manufacturer-3-480x189.jpg 480w\" sizes=\"(min-width: 0px) and (max-width: 480px) 480px, (min-width: 481px) 960px, 100vw\" \/><\/td>\n<\/tr>\n<tr style=\"height: 55.95pt;\">\n<td class=\"et3\" style=\"height: 55.95pt; width: 48.00pt;\" width=\"80\" height=\"93\">Predmet<\/td>\n<td class=\"et4\" style=\"width: 48.00pt;\" width=\"80\">Vijak in matica zobnika<\/td>\n<\/tr>\n<tr style=\"height: 14.55pt;\">\n<td class=\"et3\" style=\"height: 14.55pt; width: 48.00pt;\" width=\"80\" height=\"24\">Material<\/td>\n<td class=\"et4\" style=\"width: 48.00pt;\" width=\"80\">ODM<\/td>\n<\/tr>\n<tr style=\"height: 14.55pt;\">\n<td class=\"et3\" style=\"height: 14.55pt; width: 48.00pt;\" width=\"80\" height=\"24\">Modul<\/td>\n<td class=\"et4\" style=\"width: 48.00pt;\" width=\"80\">ODM<\/td>\n<\/tr>\n<tr style=\"height: 28.35pt;\">\n<td class=\"et3\" style=\"height: 28.35pt; width: 48.00pt;\" width=\"80\" height=\"47\">\u0160tevilo zob<\/td>\n<td class=\"et4\" style=\"width: 48.00pt;\" width=\"80\">ODM<\/td>\n<\/tr>\n<tr style=\"height: 14.55pt;\">\n<td class=\"et3\" style=\"height: 14.55pt; width: 48.00pt;\" width=\"80\" height=\"24\">Te\u017ea<\/td>\n<td class=\"et4\" style=\"width: 48.00pt;\" width=\"80\">ODM<\/td>\n<\/tr>\n<tr style=\"height: 97.35pt;\">\n<td class=\"et3\" style=\"height: 97.35pt; width: 48.00pt;\" width=\"80\" height=\"162\">Uporaba<\/td>\n<td class=\"et4\" style=\"width: 48.00pt;\" width=\"80\">Uporablja se v menjalniku nastavitvenega vodnega ventila.<\/td>\n<\/tr>\n<\/tbody>\n<\/table>\n<h2>Plasti\u010dni pol\u017easti zobniki podjetja FMP: Kakovost in prilagoditev<\/h2>\n<p class=\"break-words\">V podjetju FMP smo ponosni na to, da ponujamo \u0161iroko paleto plasti\u010dnih pol\u017eastih zobnikov, ki ustrezajo razli\u010dnim aplikacijam:<\/p>\n<ul class=\"marker:text-secondary\">\n<li class=\"break-words\"><strong>Raznolika ponudba izdelkov<\/strong>Na\u0161 katalog vklju\u010duje standardne plasti\u010dne pol\u017easte zobnike z moduli od 0,5 do 3 in hitrostnimi razmerji od 10 do 50, izdelane iz visokokakovostnega MC najlona ali POM-a.<\/li>\n<li class=\"break-words\"><strong>Storitve prilagajanja<\/strong>Razumemo, da ima vsak projekt edinstvene zahteve. Na\u0161a ekipa ponuja plasti\u010dne pol\u017easte zobnike po meri, prilagojene va\u0161im specifikacijam, kar zagotavlja optimalno delovanje za va\u0161o specifi\u010dno uporabo.<\/li>\n<li class=\"break-words\"><strong>Ne najdete svojega modela?<\/strong>\u010ce opreme, ki jo potrebujete, ni na seznamu, ne skrbite \u2013 morda \u0161e ni nalo\u017eena na na\u0161 seznam izdelkov. Preprosto nam pi\u0161ite na <a href=\"mailto:info@fmpcomponents.it\">info@fmpcomponents.it<\/a>\u00a0z va\u0161imi zahtevami, na\u0161i in\u017eenirji pa se bodo odzvali v 24 urah, da vam pomagajo.<\/li>\n<\/ul>\n<p class=\"break-words\">Na\u0161a zavezanost kakovosti in prilagodljivosti naredi podjetje FMP zaupanja vrednega partnerja za italijansko industrijo, ki i\u0161\u010de trpe\u017ene plasti\u010dne zobnike.<\/p>\n<p><img loading=\"lazy\" decoding=\"async\" class=\"size-full wp-image-7248 aligncenter\" src=\"https:\/\/fmp-components.com\/wp-content\/uploads\/2025\/03\/plastic-worm-gear-4.webp\" alt=\"plasti\u010dni pol\u017easti zobnik\" width=\"760\" height=\"518\" title=\"\" srcset=\"https:\/\/fmp-components.com\/wp-content\/uploads\/2025\/03\/plastic-worm-gear-4.webp 760w, https:\/\/fmp-components.com\/wp-content\/uploads\/2025\/03\/plastic-worm-gear-4-480x327.webp 480w\" sizes=\"(min-width: 0px) and (max-width: 480px) 480px, (min-width: 481px) 760px, 100vw\" \/><\/p>\n<div>\n<h3>Odli\u010dnost materialov in izdelave<\/h3>\n<p class=\"break-words\">Zmogljivost plasti\u010dnih pol\u017eastih zobnikov je odvisna od materialov in postopkov, uporabljenih pri njihovi izdelavi:<\/p>\n<ul class=\"marker:text-secondary\">\n<li class=\"break-words\"><strong>Premium materiali<\/strong>Uporabljamo in\u017eenirske plastike, kot sta POM (poliacetal) in MC najlon, znane po svoji trdnosti, odpornosti proti obrabi in sposobnosti delovanja brez mazanja. Za zahtevne aplikacije s temperaturnimi nihanji ali velikimi obremenitvami lahko za dodatno stabilnost vgradimo kovinska pesta (npr. S45C ali nerjave\u010de jeklo).<\/li>\n<li class=\"break-words\"><strong>Napredna proizvodnja<\/strong>Na\u0161a proizvodnja zdru\u017euje natan\u010dno brizganje s strokovno strojno obdelavo, kar zagotavlja, da vsak zobnik izpolnjuje stroge standarde kakovosti. Ta postopek zagotavlja vzdr\u017eljivost, dimenzijsko natan\u010dnost in stro\u0161kovno u\u010dinkovitost.<\/li>\n<\/ul>\n<p class=\"break-words\">Zaradi teh zmogljivosti lahko izdelujemo plasti\u010dne pol\u017easte zobnike, ki se odli\u010dno znajdejo v raznoliki italijanski industrijski krajini, od obalnih obratov za predelavo hrane do proizvajalcev visokotehnolo\u0161ke elektronike.<\/p>\n<table style=\"border-collapse: collapse; width: 104.125%; height: 59px;\" border=\"0\" width=\"160\" cellspacing=\"0\" cellpadding=\"0\">\n<tbody>\n<tr style=\"height: 14.40pt;\">\n<td style=\"height: 14.4pt; width: 56.4815%;\" align=\"right\" width=\"80\" height=\"24\"><img loading=\"lazy\" decoding=\"async\" class=\"size-full wp-image-7799 aligncenter\" src=\"https:\/\/fmp-components.com\/wp-content\/uploads\/2025\/03\/nylon-Electronic-Power-Steering-System-Worm-Gear.webp\" alt=\"najlon Elektronski servo volan Pol\u017easti zobnik\" width=\"1920\" height=\"1440\" title=\"\" srcset=\"https:\/\/fmp-components.com\/wp-content\/uploads\/2025\/03\/nylon-Electronic-Power-Steering-System-Worm-Gear.webp 1920w, https:\/\/fmp-components.com\/wp-content\/uploads\/2025\/03\/nylon-Electronic-Power-Steering-System-Worm-Gear-1280x960.webp 1280w, https:\/\/fmp-components.com\/wp-content\/uploads\/2025\/03\/nylon-Electronic-Power-Steering-System-Worm-Gear-980x735.webp 980w, https:\/\/fmp-components.com\/wp-content\/uploads\/2025\/03\/nylon-Electronic-Power-Steering-System-Worm-Gear-480x360.webp 480w\" sizes=\"(min-width: 0px) and (max-width: 480px) 480px, (min-width: 481px) and (max-width: 980px) 980px, (min-width: 981px) and (max-width: 1280px) 1280px, (min-width: 1281px) 1920px, 100vw\" \/><\/td>\n<td style=\"width: 43.5185%;\" align=\"right\" width=\"80\"><img loading=\"lazy\" decoding=\"async\" class=\"size-full wp-image-7800 aligncenter\" src=\"https:\/\/fmp-components.com\/wp-content\/uploads\/2025\/03\/plastic-worm-gear-manufacturer-5.webp\" alt=\"proizvajalec plasti\u010dnih pol\u017eastih zobnikov\" width=\"1920\" height=\"1792\" title=\"\" srcset=\"https:\/\/fmp-components.com\/wp-content\/uploads\/2025\/03\/plastic-worm-gear-manufacturer-5.webp 1920w, https:\/\/fmp-components.com\/wp-content\/uploads\/2025\/03\/plastic-worm-gear-manufacturer-5-1280x1195.webp 1280w, https:\/\/fmp-components.com\/wp-content\/uploads\/2025\/03\/plastic-worm-gear-manufacturer-5-980x915.webp 980w, https:\/\/fmp-components.com\/wp-content\/uploads\/2025\/03\/plastic-worm-gear-manufacturer-5-480x448.webp 480w\" sizes=\"(min-width: 0px) and (max-width: 480px) 480px, (min-width: 481px) and (max-width: 980px) 980px, (min-width: 981px) and (max-width: 1280px) 1280px, (min-width: 1281px) 1920px, 100vw\" \/><\/td>\n<\/tr>\n<\/tbody>\n<\/table>\n<h3>Vloge v Italiji<\/h3>\n<p class=\"break-words\">Plasti\u010dni pol\u017easti zobniki podjetja FMP so dokazali svojo vrednost na italijanskih trgih:<\/p>\n<ul class=\"marker:text-secondary\">\n<li class=\"break-words\"><strong>Proizvodnja hrane<\/strong>Pri strojih, ki zahtevajo higieno in odpornost proti vlagi, na\u0161i zobniki, odporni proti rji, zagotavljajo zanesljivo delovanje brez tveganja kontaminacije.<\/li>\n<li class=\"break-words\"><strong>Potro\u0161ni\u0161ka elektronika<\/strong>Njihova lahka in tiha zmogljivost izbolj\u0161uje naprave, kot so tiskalniki in fotoaparati, ter zadovoljuje povpra\u0161evanje Italije po inovativni tehnologiji.<\/li>\n<li class=\"break-words\"><strong>Medicinska oprema<\/strong>Nizka raven hrupa in vzdr\u017eljivost na\u0161ih zobnikov podpirata natan\u010dne instrumente, rasto\u010di sektor v italijanski zdravstveni industriji.<\/li>\n<\/ul>\n<\/div>\n<\/div>\n<\/div>","protected":false},"excerpt":{"rendered":"<p>Plastic Worm Gears: Durable, Customizable Solutions from FMP Company Plastic worm gears are vital components in modern machinery, offering a unique combination of durability, versatility, and efficiency. At FMP Company, we specialize in manufacturing high-quality plastic worm gears designed to meet the diverse needs of industries across Italy and beyond. Whether you require standard models [&hellip;]<\/p>","protected":false},"featured_media":7244,"comment_status":"open","ping_status":"closed","template":"","meta":{"_et_pb_use_builder":"","_et_pb_old_content":"","_et_gb_content_width":""},"product_brand":[],"product_cat":[107],"product_tag":[],"class_list":{"0":"post-7243","1":"product","2":"type-product","3":"status-publish","4":"has-post-thumbnail","6":"product_cat-worm-gear","8":"first","9":"instock","10":"shipping-taxable","11":"product-type-simple"},"_links":{"self":[{"href":"https:\/\/fmp-components.com\/sl\/wp-json\/wp\/v2\/product\/7243","targetHints":{"allow":["GET"]}}],"collection":[{"href":"https:\/\/fmp-components.com\/sl\/wp-json\/wp\/v2\/product"}],"about":[{"href":"https:\/\/fmp-components.com\/sl\/wp-json\/wp\/v2\/types\/product"}],"replies":[{"embeddable":true,"href":"https:\/\/fmp-components.com\/sl\/wp-json\/wp\/v2\/comments?post=7243"}],"wp:featuredmedia":[{"embeddable":true,"href":"https:\/\/fmp-components.com\/sl\/wp-json\/wp\/v2\/media\/7244"}],"wp:attachment":[{"href":"https:\/\/fmp-components.com\/sl\/wp-json\/wp\/v2\/media?parent=7243"}],"wp:term":[{"taxonomy":"product_brand","embeddable":true,"href":"https:\/\/fmp-components.com\/sl\/wp-json\/wp\/v2\/product_brand?post=7243"},{"taxonomy":"product_cat","embeddable":true,"href":"https:\/\/fmp-components.com\/sl\/wp-json\/wp\/v2\/product_cat?post=7243"},{"taxonomy":"product_tag","embeddable":true,"href":"https:\/\/fmp-components.com\/sl\/wp-json\/wp\/v2\/product_tag?post=7243"}],"curies":[{"name":"delovni list","href":"https:\/\/api.w.org\/{rel}","templated":true}]}}